{"id":921,"date":"2016-08-29T20:53:00","date_gmt":"2016-08-29T20:53:00","guid":{"rendered":"http:\/\/moverdb.com\/?page_id=921"},"modified":"2026-01-08T15:20:42","modified_gmt":"2026-01-08T15:20:42","slug":"simpsons-removals","status":"publish","type":"page","link":"https:\/\/moverdb.com\/pt\/simpsons-removals\/","title":{"rendered":"Remo\u00e7\u00e3o e armazenagem de Simpsons: Revis\u00f5es de Mudan\u00e7as Internacionais"},"content":{"rendered":"<p>Simpsons Removals and Storage Ltd est\u00e1 sediada em Kent e oferece a seus clientes uma gama de <a href=\"https:\/\/moverdb.com\/pt\/international-removals\/\" data-internallinksmanager029f6b8e52c=\"27\" title=\"36 melhores empresas de mudan\u00e7as internacionais no Reino Unido\">mudan\u00e7as internacionais<\/a> servi\u00e7os que est\u00e3o listados abaixo. Tamb\u00e9m segue um perfil e revis\u00f5es da empresa.<\/p>\n<p><strong>Mudan\u00e7as internacionais<\/strong><\/p>\n<ul>\n<li> Porta a porta ou aeroporto no destino<\/li>\n<li> Servi\u00e7o completo, artigos fr\u00e1geis ou embalagem do tipo \"fa\u00e7a voc\u00ea mesmo\".<\/li>\n<li> Os materiais de embalagem podem ser fornecidos<\/li>\n<li> Frete a\u00e9reo ou mar\u00edtimo - <a href=\"https:\/\/moverdb.com\/pt\/transporte-de-conteineres\/\">transporte internacional de cont\u00eaineres<\/a><\/li>\n<li> Excesso de bagagem para pequenas cargas<\/li>\n<li> Seguro organizado<\/li>\n<li> Manuseio de terminais\/<a href=\"https:\/\/moverdb.com\/pt\/top-49-container-ports\/\" data-internallinksmanager029f6b8e52c=\"80\" title=\"Os 49 maiores e mais movimentados portos de cont\u00eaineres em 2025\">porto<\/a> encargos<\/li>\n<li> Desembara\u00e7o aduaneiro<\/li>\n<li> Entrega e desempacotamento<\/li>\n<li> Remo\u00e7\u00e3o de detritos<\/li>\n<li> Servi\u00e7os aos comerciantes<\/li>\n<li> Servi\u00e7o de camareira<\/li>\n<\/ul>\n<p><strong>Materiais de embalagem<\/strong><\/p>\n<ul>\n<li> Embalagem de embalagens em uma variedade de tamanhos<\/li>\n<li> Pendurar caixas de guarda-roupa<\/li>\n<li> Fita de embalagem<\/li>\n<li> Papel de embalagem<\/li>\n<li> Cobertores de papel<\/li>\n<li> Cobertores de tr\u00e2nsito de tecido<\/li>\n<li> Sacos de colch\u00e3o<\/li>\n<li> Caixas de arquivo<\/li>\n<li> Caixas de madeira sob medida dispon\u00edveis mediante solicita\u00e7\u00e3o - \u00e9 necess\u00e1rio um aviso pr\u00e9vio de 7 dias.<\/li>\n<\/ul>\n<p><strong>Mudan\u00e7as europ\u00e9ias<\/strong><\/p>\n<ul>\n<li> A\u00e9reo, mar\u00edtimo ou rodovi\u00e1rio<\/li>\n<li> Servi\u00e7o dedicado de carga<\/li>\n<li> Cargas parciais dispon\u00edveis<\/li>\n<li> Servi\u00e7o porta a porta dispon\u00edvel<\/li>\n<li> Servi\u00e7o completo, artigos fr\u00e1geis ou embalagem do tipo \"fa\u00e7a voc\u00ea mesmo\".<\/li>\n<li> Os materiais de embalagem podem ser fornecidos<\/li>\n<li> Seguro organizado<\/li>\n<li> Servi\u00e7o de desembalagem dispon\u00edvel<\/li>\n<li> Remo\u00e7\u00e3o de detritos<\/li>\n<\/ul>\n<p><strong><a href=\"https:\/\/moverdb.com\/pt\/moving-to-the-uk\/\" data-internallinksmanager029f6b8e52c=\"93\" title=\"Mudando-se para o Reino Unido? 2026 Custos de Vida e Dicas de Reloca\u00e7\u00e3o\">REINO UNIDO<\/a> Mudan\u00e7as<\/strong><\/p>\n<ul>\n<li> Porta a porta<\/li>\n<li> Mudan\u00e7as pessoais<\/li>\n<li> Mudan\u00e7as Corporativas<\/li>\n<li> Servi\u00e7o completo, artigos fr\u00e1geis ou embalagem do tipo \"fa\u00e7a voc\u00ea mesmo\".<\/li>\n<li> Os materiais de embalagem podem ser fornecidos<\/li>\n<li> Seguro organizado<\/li>\n<li> Servi\u00e7o de desembalagem dispon\u00edvel<\/li>\n<li> Remo\u00e7\u00e3o de detritos<\/li>\n<\/ul>\n<p><strong>Mudan\u00e7as Corporativas<\/strong><\/p>\n<ul>\n<li> Mudan\u00e7a de escrit\u00f3rio<\/li>\n<li> Movimentos corporativos em todo o mundo<\/li>\n<li> Mudan\u00e7a exclusiva para o mundo inteiro<\/li>\n<li> Solu\u00e7\u00f5es de realoca\u00e7\u00e3o de TI<\/li>\n<li> Mudan\u00e7as de f\u00e1bricas e laborat\u00f3rios<\/li>\n<li> Venda a varejo de m\u00f3veis de escrit\u00f3rio<\/li>\n<\/ul>\n<p><strong>Armazenamento<\/strong><\/p>\n<ul>\n<li> Auto-armazenamento<\/li>\n<li> Armazenamento dom\u00e9stico<\/li>\n<li> Armazenamento de arquivos<\/li>\n<li> Armazenagem externa<\/li>\n<li> CCTV 24\/7<\/li>\n<\/ul>\n<h2>Remo\u00e7\u00e3o e armazenagem de Simpsons<\/h2>\n<p>A Simpsons Removals and Storage Ltd foi fundada em 1979 por Barry Simpson. Hoje, esta empresa de mudan\u00e7as baseada em Kent ainda \u00e9 de propriedade da fam\u00edlia e dirigida pelo filho e filha de Barry Simpson. <\/p>\n<p>O objetivo da empresa \u00e9 oferecer um servi\u00e7o profissional e eficiente aos clientes individuais, corporativos e comerciais que est\u00e3o se mudando local ou internacionalmente. <\/p>\n<p>Simpsons tem uma frota de 20 ve\u00edculos para atender \u00e0s necessidades de qualquer movimento. Eles tamb\u00e9m t\u00eam os 100.000 p\u00e9s quadrados de espa\u00e7o de armazenamento e outros 20.000 p\u00e9s quadrados de espa\u00e7o que podem ser usados para armazenamento de cont\u00eaineres. <\/p>\n<p>A empresa tem agora 36 anos de experi\u00eancia no ramo de mudan\u00e7as e se sente equipada para empreender qualquer mudan\u00e7a, n\u00e3o importa qu\u00e3o grande ou pequena, em qualquer lugar do mundo.<\/p>\n<p>A Simpsons Removals and Storage tem as seguintes credencia\u00e7\u00f5es e afilia\u00e7\u00f5es:<\/p>\n<ul>\n<li> <a href=\"https:\/\/moverdb.com\/pt\/british-association-of-removers\/\">Associa\u00e7\u00e3o Brit\u00e2nica de Removedores<\/a> (<a href=\"https:\/\/moverdb.com\/pt\/british-association-of-removers\/\" data-internallinksmanager029f6b8e52c=\"9\" title=\"Associa\u00e7\u00e3o Brit\u00e2nica de Removers (BAR) Explicada\">BAR<\/a>)<\/li>\n<li> <a href=\"https:\/\/moverdb.com\/pt\/bar-overseas\/\">British Association of Removers - Overseas Remover<\/a><\/li>\n<li> British Association of Removers - Grupo de Mudan\u00e7as Comerciais<\/li>\n<li> <a href=\"https:\/\/moverdb.com\/pt\/iam\/\">Associa\u00e7\u00e3o Internacional de Movers<\/a> \u2013 <a href=\"https:\/\/moverdb.com\/pt\/iam\/\" data-internallinksmanager029f6b8e52c=\"23\" title=\"Associa\u00e7\u00e3o Internacional de Remotores (IAM) Explicado\">IAM<\/a><\/li>\n<li> <a href=\"https:\/\/moverdb.com\/pt\/fedemac\/\">Federa\u00e7\u00e3o das Associa\u00e7\u00f5es Europ\u00e9ias de Governantes<\/a> \u2013 <a href=\"https:\/\/moverdb.com\/pt\/fedemac\/\" data-internallinksmanager029f6b8e52c=\"15\" title=\"Federa\u00e7\u00e3o das Associa\u00e7\u00f5es Europ\u00e9ias de Governantes (FEDEMAC) Explicou\">FEDEMAC<\/a><\/li>\n<li> Padr\u00e3o de Servi\u00e7o de Qualidade Assegurada BS8564<\/li>\n<li> Padr\u00e3o de Servi\u00e7o de Qualidade Assegurada BS8522 - Mudan\u00e7as comerciais<\/li>\n<li> Associa\u00e7\u00e3o de Revendedores de Arte e Antiguidades - LAPADA<\/li>\n<li> Movers Traders Club (<a href=\"https:\/\/moverdb.com\/pt\/mtc\/\" data-internallinksmanager029f6b8e52c=\"30\" title=\"Movers Trading Club (MTC) Explicado\">MTC<\/a>)<\/li>\n<\/ul>\n<h2>Remo\u00e7\u00e3o de Simpsons e Revis\u00f5es de Armazenamento<\/h2>\n<p><strong>Positivo:<\/strong><\/p>\n<ul>\n<li> <em>\"S\u00f3 queria dizer que fiquei t\u00e3o feliz com o servi\u00e7o que Simpsons prestou ao entregar meus tesouros ontem! Todo o movimento dos meus pertences de <a href=\"https:\/\/moverdb.com\/pt\/moving-to-canada\/\" data-internallinksmanager029f6b8e52c=\"265\" title=\"Mudan\u00e7a para o Canad\u00e1? 2026 Custos de Vida e Dicas de Reloca\u00e7\u00e3o\">Canad\u00e1<\/a> para o Reino Unido tem sido fant\u00e1stico\".<\/em> - Jane via<a href=\"http:\/\/www.simpsons-uk.com\/testimonials\" target=\"_blank\" rel=\"noopener\"> Depoimento dos Simpsons<\/a><\/li>\n<li> <em>\"Tendo perdido nosso espa\u00e7o com nossa empresa de mudan\u00e7as original, compramos para outra. Os Simpsons foram os mais atentos e enviaram o propriet\u00e1rio para ver <a href=\"https:\/\/moverdb.com\/pt\/moving-to-the-united-states\/\" data-internallinksmanager029f6b8e52c=\"94\" title=\"Mudando-se para os Estados Unidos? 2026 Custos de Vida e Dicas de Reloca\u00e7\u00e3o\">n\u00f3s<\/a> e aumentar o pre\u00e7o do trabalho\".<\/em> - Dan via <a href=\"http:\/\/www.removalreviews.co.uk\/movingreviews\/surprisingly-good-2361\" target=\"_blank\" rel=\"noopener\">Revis\u00f5es de remo\u00e7\u00e3o<\/a><\/li>\n<li> <em>\"Pessoal muito profissional e muito simp\u00e1tico, prestativo\".<\/em> - Eros via <a href=\"https:\/\/www.reallymoving.com\/international-removals\/directory\/216\/simpsons-removals-limited\" target=\"_blank\" rel=\"noopener\">ReallyMoving.com<\/a><\/li>\n<li> <em>\"Fiquei muito feliz com todo o processo. O pessoal foi amig\u00e1vel e prestativo e fui mantido bem informado sobre a situa\u00e7\u00e3o do meu embarque durante todo o processo\".<\/em> - K Pryce via <a href=\"http:\/\/www.reviewcentre.com\/Removal-Companies\/Simpsons-Removals-and-Storage-Ltd-www-simpsons-uk-com-review_2646331\" target=\"_blank\" rel=\"noopener\">Centro de Revis\u00e3o<\/a> <\/li>\n<\/ul>\n<p><strong>Negativo:<\/strong><\/p>\n<ul>\n<li> \u201c<em>Nunca, repito NUNCA, use as remo\u00e7\u00f5es Simpsons\".<\/em> - Ruth via <a href=\"http:\/\/www.removalreviews.co.uk\/movingreviews\/poor-delivery-men-and-customer-service-2658\" target=\"_blank\" rel=\"noopener\">Revis\u00f5es de remo\u00e7\u00e3o<\/a> <\/li>\n<li> \u201c<em>A empresa n\u00e3o conseguiu fazer a remo\u00e7\u00e3o e passou o contrato para outra empresa\".<\/em> - Mistral via <a href=\"https:\/\/www.reallymoving.com\/international-removals\/directory\/216\/simpsons-removals-limited\" target=\"_blank\" rel=\"noopener\">ReallyMoving.com<\/a> <\/li>\n<li> <em>\"Esta empresa \u00e9 uma vergonha\".<\/em> - via <a href=\"http:\/\/www.reviewcentre.com\/Removal-Companies\/Simpsons-Removals-and-Storage-Ltd-www-simpsons-uk-com-review_4006517\" target=\"_blank\" rel=\"noopener\">Centro de Revis\u00e3o<\/a> <\/li>\n<\/ul>\n<div itemprop=\"review\" itemscope itemtype=\"http:\/\/schema.org\/Review\">\n<span itemprop=\"author\" itemscope=\"\" itemtype=\"http:\/\/schema.org\/Organization\"><span itemprop=\"name\">MoverDB.com<\/span><\/span> Revis\u00e3o do site on-line para <span itemprop=\"itemreviewed\" itemscope=\"\" itemtype=\"http:\/\/schema.org\/Brand\"><span itemprop=\"name\">Remo\u00e7\u00e3o e armazenagem de Simpsons<\/span><\/span>:<\/p>\n<ol>\n<li> Detalhes claros de contato no website (incluindo n\u00famero de telefone): <strong>Sim<\/strong><\/li>\n<li> F\u00e1cil de obter <a href=\"https:\/\/moverdb.com\/pt\/citacoes\/\">cita\u00e7\u00f5es de mudan\u00e7as internacionais<\/a>? (Formul\u00e1rio de solicita\u00e7\u00e3o de or\u00e7amento on-line): <strong>Sim<\/strong><\/li>\n<li> Informa\u00e7\u00f5es claras no site: <strong>Sim<\/strong>, informa\u00e7\u00f5es de contato e guias b\u00e1sicos fornecidos on-line.<\/li>\n<li> Participa\u00e7\u00e3o em organiza\u00e7\u00f5es internacionais de mudan\u00e7as reconhecidas internacionalmente: <strong>Sim<\/strong>ver acima.<\/li>\n<li> Lista de clientes e\/ou depoimentos de clientes anteriores: <strong>Sim<\/strong>H\u00e1 testemunhos positivos de clientes no site.<\/li>\n<\/ol>\n<div itemprop=\"reviewRating\" itemscope itemtype=\"http:\/\/schema.org\/Rating\"><meta itemprop=\"worstRating\" content = \"0\" \/><meta itemprop=\"bestRating\" content=\"5\" \/><meta itemprop=\"ratingValue\" content=\"4.5\"><\/div>\n<p><strong>Nota geral: 4,5\/5<\/strong><br \/>\n<strong>Data de revis\u00e3o:<\/strong> <span itemprop=\"datePublished\" content=\"2016-08-29\">29\/08\/2016<\/span>\n<\/div>\n<p>Mais sobre <a href=\"https:\/\/moverdb.com\/pt\/remocoes-internacionais\/\">mudan\u00e7as internacionais<\/a> e nosso <a href=\"https:\/\/moverdb.com\/pt\/criticas\/\">processo de revis\u00e3o<\/a>.<\/p>\n<p><strong>Website:<\/strong> <a href=\"http:\/\/www.simpsons-uk.com\/\" target=\"_blank\" rel=\"noopener\">http:\/\/www.simpsons-uk.com<\/a><\/p>","protected":false},"excerpt":{"rendered":"<p>Simpsons Removals and Storage Ltd is based in Kent and offers its customers a range of international removals services which are listed below. There also follows a company profile and reviews. International Removals Door to door or airport at destination Full service, fragile items or do-it-yourself packing Packing materials can be provided Air freight or [&hellip;]<\/p>\n","protected":false},"author":1,"featured_media":0,"parent":0,"menu_order":0,"comment_status":"closed","ping_status":"closed","template":"","meta":{"_genesis_hide_title":false,"_genesis_hide_breadcrumbs":false,"_genesis_hide_singular_image":false,"_genesis_hide_footer_widgets":false,"_genesis_custom_body_class":"","_genesis_custom_post_class":"","_genesis_layout":"","footnotes":""},"class_list":{"0":"post-921","1":"page","2":"type-page","3":"status-publish","5":"entry"},"_links":{"self":[{"href":"https:\/\/moverdb.com\/pt\/wp-json\/wp\/v2\/pages\/921","targetHints":{"allow":["GET"]}}],"collection":[{"href":"https:\/\/moverdb.com\/pt\/wp-json\/wp\/v2\/pages"}],"about":[{"href":"https:\/\/moverdb.com\/pt\/wp-json\/wp\/v2\/types\/page"}],"author":[{"embeddable":true,"href":"https:\/\/moverdb.com\/pt\/wp-json\/wp\/v2\/users\/1"}],"replies":[{"embeddable":true,"href":"https:\/\/moverdb.com\/pt\/wp-json\/wp\/v2\/comments?post=921"}],"version-history":[{"count":5,"href":"https:\/\/moverdb.com\/pt\/wp-json\/wp\/v2\/pages\/921\/revisions"}],"predecessor-version":[{"id":6238,"href":"https:\/\/moverdb.com\/pt\/wp-json\/wp\/v2\/pages\/921\/revisions\/6238"}],"wp:attachment":[{"href":"https:\/\/moverdb.com\/pt\/wp-json\/wp\/v2\/media?parent=921"}],"curies":[{"name":"wp","href":"https:\/\/api.w.org\/{rel}","templated":true}]}}