{"id":920,"date":"2016-09-03T16:04:22","date_gmt":"2016-09-03T16:04:22","guid":{"rendered":"http:\/\/moverdb.com\/?page_id=920"},"modified":"2026-01-08T14:47:54","modified_gmt":"2026-01-08T14:47:54","slug":"burke-bros","status":"publish","type":"page","link":"https:\/\/moverdb.com\/pt\/burke-bros\/","title":{"rendered":"Grupo Burke Bros Moving: Revis\u00f5es de Mudan\u00e7as Internacionais"},"content":{"rendered":"<p>A Burke Bros \u00e9 uma empresa mundial de mudan\u00e7as, armazenistas, expedidores e especialistas em realoca\u00e7\u00e3o global. Abaixo est\u00e3o listados os servi\u00e7os que eles oferecem, seguidos por um perfil de empresa e v\u00e1rias revis\u00f5es.<\/p>\n<p><strong>Corporativo e Pessoal <a href=\"https:\/\/moverdb.com\/pt\/international-removals\/\" data-internallinksmanager029f6b8e52c=\"27\" title=\"36 melhores empresas de mudan\u00e7as internacionais no Reino Unido\">Mudan\u00e7as internacionais<\/a><\/strong><\/p>\n<ul>\n<li> Equipe corporativa dedicada<\/li>\n<li> Servi\u00e7o completo porta a porta<\/li>\n<li> Pesquisa de movimento livre<\/li>\n<li> Rede de reputados especialistas em relocaliza\u00e7\u00e3o em todo o mundo<\/li>\n<li> Equipe dedicada \u00e0 embalagem para exporta\u00e7\u00e3o<\/li>\n<li> Aconselhamento internacional de quarentena<\/li>\n<li> Informa\u00e7\u00f5es internacionais sobre alf\u00e2ndega e impostos<\/li>\n<li> <a href=\"https:\/\/moverdb.com\/pt\/moving-to-the-uk\/\" data-internallinksmanager029f6b8e52c=\"93\" title=\"Mudando-se para o Reino Unido? 2026 Custos de Vida e Dicas de Reloca\u00e7\u00e3o\">REINO UNIDO<\/a> armazenamento - pr\u00e9-embarque<\/li>\n<li> Seguro organizado<\/li>\n<li> Assist\u00eancia no desembara\u00e7o aduaneiro<\/li>\n<\/ul>\n<p><strong>Mudan\u00e7as europ\u00e9ias<\/strong><\/p>\n<ul>\n<li> Servi\u00e7o completo porta a porta<\/li>\n<li> Equipe dedicada \u00e0 embalagem<\/li>\n<li> Seguro organizado<\/li>\n<li> Sa\u00eddas semanais<\/li>\n<li> Assist\u00eancia alfandeg\u00e1ria e fiscal, se aplic\u00e1vel<\/li>\n<\/ul>\n<p><strong>Mudan\u00e7as Dom\u00e9sticas no Reino Unido - Corporativas e Pessoais<\/strong><\/p>\n<ul>\n<li> Visita pessoal do consultor<\/li>\n<li> Servi\u00e7o de gerenciamento de projetos para empresas<\/li>\n<li> Servi\u00e7o completo porta a porta<\/li>\n<li> Equipe dedicada \u00e0 embalagem<\/li>\n<li> Seguro organizado<\/li>\n<li> Embalagens especializadas<\/li>\n<li> Aluguel de caixotes de escrit\u00f3rio<\/li>\n<\/ul>\n<p><strong>Armazenamento<\/strong><\/p>\n<ul>\n<li> Auto-armazenamento - Wolverhampton <\/li>\n<li> Acesso ilimitado durante o hor\u00e1rio de abertura<\/li>\n<li> A gama de caixas pode ser comprada<\/li>\n<li> CCTV 24 horas<\/li>\n<li> Armazenamento de documentos e arquivos<\/li>\n<\/ul>\n<p><strong>Servi\u00e7os especiais durante as remo\u00e7\u00f5es<\/strong><\/p>\n<ul>\n<li> Fragmenta\u00e7\u00e3o de documentos<\/li>\n<li> Armazenamento de documentos<\/li>\n<li> Reciclagem de m\u00f3veis e equipamentos de TI antigos<\/li>\n<li> Tomada e instala\u00e7\u00e3o de sistemas de computador<\/li>\n<li> Material especializado em embalagem para equipamentos de TI<\/li>\n<\/ul>\n<h2>Perfil da empresa Burke Bros Moving Group<\/h2>\n<p>Burke Bros foi fundada em 1982 e j\u00e1 movimentou mais de 49.000 clientes durante esse per\u00edodo. Eles j\u00e1 registraram quase meio milh\u00e3o de horas de embalagem, mudan\u00e7a e desempacotamento. A empresa est\u00e1 localizada no centro da Inglaterra e tem sete escrit\u00f3rios e uma \u00e1rea de armazenagem segura de 52.000 p\u00e9s quadrados.<\/p>\n<p>Burke Bros \u00e9 uma fam\u00edlia dirigida pelos irm\u00e3os Burke, Gary e Chris. Muitos de seus funcion\u00e1rios est\u00e3o com eles h\u00e1 mais de 20 anos. A empresa diz que se orgulha de sua abordagem cuidadosa a cada movimento.<\/p>\n<p>As quest\u00f5es verdes s\u00e3o uma grande parte da empresa e a Burke Bros introduziu a reciclagem e o gerenciamento de res\u00edduos para os clientes, a fim de reduzir sua pegada de carbono.<\/p>\n<p>Burke Bros Filia\u00e7\u00f5es e Credenciamentos:<\/p>\n<ul>\n<li> <a href=\"https:\/\/moverdb.com\/pt\/british-association-of-removers\/\">Associa\u00e7\u00e3o Brit\u00e2nica de Removedores<\/a> (<a href=\"https:\/\/moverdb.com\/pt\/british-association-of-removers\/\" data-internallinksmanager029f6b8e52c=\"9\" title=\"Associa\u00e7\u00e3o Brit\u00e2nica de Removers (BAR) Explicada\">BAR<\/a>)<\/li>\n<li> <a href=\"https:\/\/moverdb.com\/pt\/fidi-faim\/\">F\u00e9d\u00e9ration Internationale des D\u00e9m\u00e9nageurs Internationaux<\/a> (<a href=\"https:\/\/moverdb.com\/pt\/fidi-faim\/\" data-internallinksmanager029f6b8e52c=\"16\" title=\"FIDI &amp; FAIM (FIDI Accredited International Mover) Explicado\">FIDI<\/a>)<\/li>\n<li> <a href=\"https:\/\/moverdb.com\/pt\/iam\/\">Associa\u00e7\u00e3o Internacional de Movers<\/a> (<a href=\"https:\/\/moverdb.com\/pt\/iam\/\" data-internallinksmanager029f6b8e52c=\"23\" title=\"Associa\u00e7\u00e3o Internacional de Remotores (IAM) Explicado\">IAM<\/a>)<\/li>\n<li> Associa\u00e7\u00e3o Pan-Americana Internacional de Movimentos (PAIMA)<\/li>\n<li> O <a href=\"https:\/\/moverdb.com\/pt\/bar-overseas\/\">Associa\u00e7\u00e3o Brit\u00e2nica de Mudan\u00e7as no Ultramar<\/a><\/li>\n<li> BS5750<\/li>\n<li> ETI<\/li>\n<\/ul>\n<p><strong>Burke Bros Reviews<\/strong><\/p>\n<p><strong>Positivo<\/strong><\/p>\n<ul>\n<li> <em>\"Quer\u00edamos enviar uma nota de agradecimento pelo maravilhoso servi\u00e7o que acabamos de experimentar durante nossa mudan\u00e7a da Inglaterra para <a href=\"https:\/\/moverdb.com\/pt\/moving-to-france\/\" data-internallinksmanager029f6b8e52c=\"315\" title=\"Est\u00e1 se mudando para a Fran\u00e7a? 2026 Custo de vida e dicas de realoca\u00e7\u00e3o\">Fran\u00e7a<\/a>. N\u00e3o poder\u00edamos ter desejado um conjunto melhor de caras para embalar e descarregar para <a href=\"https:\/\/moverdb.com\/pt\/moving-to-the-united-states\/\" data-internallinksmanager029f6b8e52c=\"94\" title=\"Mudando-se para os Estados Unidos? 2026 Custos de Vida e Dicas de Reloca\u00e7\u00e3o\">n\u00f3s<\/a>.\u201d<\/em> - Sue &amp; David via Burke Bros <a href=\"http:\/\/burkebros.co.uk\/about_us\/testimonials\/\" target=\"_blank\" rel=\"noopener\">p\u00e1gina de testemunhos<\/a><\/li>\n<li> <em>\"Usamos Burke Bros para nos mudar do Reino Unido para a Dordogne na Fran\u00e7a, n\u00e3o porque eles fossem razo\u00e1veis com seus encargos, eles eram, mas a forma profissional como lidavam com o trabalho do in\u00edcio ao fim\".<\/em> - Malcolm via <a href=\"https:\/\/www.yell.com\/biz\/burke-bros-worldwide-moving-group-wolverhampton-900810900\/\" target=\"_blank\" rel=\"noopener\">Grita<\/a><\/li>\n<\/ul>\n<p><strong>Negativo <\/strong><\/p>\n<ul>\n<li> <em>A pior experi\u00eancia de remo\u00e7\u00e3o em 35 anos (8 movimentos)<\/em> - Sr. D Neal via <a href=\"http:\/\/www.removalreviews.co.uk\/movingreviews\/appalling-12193\" target=\"_blank\" rel=\"noopener\">Revis\u00f5es de remo\u00e7\u00e3o<\/a><\/li>\n<li> \"N\u00e3o desperdice seu dinheiro\". - Thibit via <a href=\"https:\/\/www.yell.com\/biz\/burke-bros-worldwide-moving-group-wolverhampton-900810900\/\" target=\"_blank\" rel=\"noopener\">Grita<\/a><\/li>\n<\/li>\n<\/ul>\n<div itemprop=\"review\" itemscope itemtype=\"http:\/\/schema.org\/Review\">\n<span itemprop=\"author\" itemscope=\"\" itemtype=\"http:\/\/schema.org\/Organization\"><span itemprop=\"name\">MoverDB.com<\/span><\/span> Revis\u00e3o do site on-line para <span itemprop=\"itemreviewed\" itemscope=\"\" itemtype=\"http:\/\/schema.org\/Brand\"><span itemprop=\"name\">Grupo Burke Bros Moving<\/span><\/span>:<\/p>\n<ol>\n<li> Detalhes claros de contato no website (incluindo n\u00famero de telefone): <strong>Sim<\/strong><\/li>\n<li> F\u00e1cil de obter <a href=\"https:\/\/moverdb.com\/pt\/citacoes\/\">cita\u00e7\u00f5es de mudan\u00e7as internacionais<\/a>? (Formul\u00e1rio de solicita\u00e7\u00e3o de or\u00e7amento on-line): <strong>Sim<\/strong><\/li>\n<li> Informa\u00e7\u00f5es claras no site: <strong>Sim,<\/strong> incluindo guias para os v\u00e1rios pa\u00edses que servem.<\/li>\n<li> Participa\u00e7\u00e3o em organiza\u00e7\u00f5es internacionais de mudan\u00e7as reconhecidas internacionalmente: <strong>Sim<\/strong>ver acima.<\/li>\n<li> Lista de clientes e\/ou depoimentos de clientes anteriores: <strong>Alguns,<\/strong> eles t\u00eam um n\u00famero seleto de testemunhos em seu website, com revis\u00f5es gerais geralmente positivas em outros websites.<\/li>\n<\/ol>\n<div itemprop=\"reviewRating\" itemscope itemtype=\"http:\/\/schema.org\/Rating\"><meta itemprop=\"worstRating\" content = \"0\" \/><meta itemprop=\"bestRating\" content=\"5\" \/><meta itemprop=\"ratingValue\" content=\"4.5\"><\/div>\n<p><strong>Nota geral: 4,5\/5<\/strong><br \/>\n<strong>Data de revis\u00e3o:<\/strong> <span itemprop=\"datePublished\" content=\"2016-09-03\">03\/09\/2016<\/span>\n<\/div>\n<p>Leia mais sobre <a href=\"https:\/\/moverdb.com\/pt\/remocoes-internacionais\/\">mudan\u00e7as internacionais<\/a> e nosso <a href=\"https:\/\/moverdb.com\/pt\/criticas\/\">processo de revis\u00e3o.<\/a>.<\/p>\n<p><strong>Website:<\/strong> <a href=\"http:\/\/burkebros.co.uk\/\" target=\"_blank\" rel=\"noopener\">http:\/\/burkebros.co.uk<\/a><\/p>","protected":false},"excerpt":{"rendered":"<p>Burke Bros are worldwide movers, storers, shippers and global relocation experts. Listed below are the services they offer, followed by a company profile and various reviews. Corporate and Personal International Removals Dedicated corporate team Comprehensive door to door service Free moving survey Network of reputable relocation experts world wide Dedicated export packing team International quarantine [&hellip;]<\/p>\n","protected":false},"author":1,"featured_media":0,"parent":0,"menu_order":0,"comment_status":"closed","ping_status":"closed","template":"","meta":{"_genesis_hide_title":false,"_genesis_hide_breadcrumbs":false,"_genesis_hide_singular_image":false,"_genesis_hide_footer_widgets":false,"_genesis_custom_body_class":"","_genesis_custom_post_class":"","_genesis_layout":"","footnotes":""},"class_list":{"0":"post-920","1":"page","2":"type-page","3":"status-publish","5":"entry"},"_links":{"self":[{"href":"https:\/\/moverdb.com\/pt\/wp-json\/wp\/v2\/pages\/920","targetHints":{"allow":["GET"]}}],"collection":[{"href":"https:\/\/moverdb.com\/pt\/wp-json\/wp\/v2\/pages"}],"about":[{"href":"https:\/\/moverdb.com\/pt\/wp-json\/wp\/v2\/types\/page"}],"author":[{"embeddable":true,"href":"https:\/\/moverdb.com\/pt\/wp-json\/wp\/v2\/users\/1"}],"replies":[{"embeddable":true,"href":"https:\/\/moverdb.com\/pt\/wp-json\/wp\/v2\/comments?post=920"}],"version-history":[{"count":5,"href":"https:\/\/moverdb.com\/pt\/wp-json\/wp\/v2\/pages\/920\/revisions"}],"predecessor-version":[{"id":6189,"href":"https:\/\/moverdb.com\/pt\/wp-json\/wp\/v2\/pages\/920\/revisions\/6189"}],"wp:attachment":[{"href":"https:\/\/moverdb.com\/pt\/wp-json\/wp\/v2\/media?parent=920"}],"curies":[{"name":"wp","href":"https:\/\/api.w.org\/{rel}","templated":true}]}}