{"id":908,"date":"2016-10-12T05:28:52","date_gmt":"2016-10-12T05:28:52","guid":{"rendered":"http:\/\/moverdb.com\/?page_id=908"},"modified":"2026-01-08T14:47:34","modified_gmt":"2026-01-08T14:47:34","slug":"arpin-internacional","status":"publish","type":"page","link":"https:\/\/moverdb.com\/pt\/arpin-international\/","title":{"rendered":"Arpin International: Mudan\u00e7as e Remo\u00e7\u00f5es Revis\u00f5es"},"content":{"rendered":"<p>Arpin International \u00e9 uma empresa global <a href=\"https:\/\/moverdb.com\/pt\/international-removals\/\" data-internallinksmanager029f6b8e52c=\"27\" title=\"36 melhores empresas de mudan\u00e7as internacionais no Reino Unido\">empresa de mudan\u00e7as<\/a> e com muitos servi\u00e7os que est\u00e3o listados abaixo. Leia tamb\u00e9m o perfil e as an\u00e1lises de sua empresa. Observe que \u00e9 a filial internacional da American <a href=\"https:\/\/moverdb.com\/pt\/moving-companies\/\" data-internallinksmanager029f6b8e52c=\"79\" title=\"As 25 maiores empresas de mudan\u00e7as internacionais on-line\">empresa de mudan\u00e7as<\/a> <a href=\"https:\/\/moverdb.com\/pt\/arpin-van-lines\/\">Linhas Arpin Van Lines<\/a>.<\/p>\n<p><strong>Mudan\u00e7as Internacionais<\/strong><\/p>\n<ul>\n<li> Servi\u00e7o porta a porta<\/li>\n<li> Embalagem e desempacotamento<\/li>\n<li> Coordenador de Mudan\u00e7as Internacionais Dedicado (IMC)<\/li>\n<li> IMC dispon\u00edvel por telefone, fax ou e-mail o tempo todo<\/li>\n<li> Os IMC's s\u00e3o todos <a href=\"https:\/\/moverdb.com\/pt\/fidi-faim\/\" data-internallinksmanager029f6b8e52c=\"16\" title=\"FIDI &amp; FAIM (FIDI Accredited International Mover) Explicado\">FIDI<\/a> treinados<\/li>\n<li> ArpinTRAC permite aos clientes rastrear seu embarque 24 horas por dia, 7 dias por semana.<\/li>\n<li> Movimentos corporativos, privados, governamentais e militares<\/li>\n<li> Desembara\u00e7o aduaneiro<\/li>\n<li> Realoca\u00e7\u00e3o de animais<\/li>\n<li> Transporte de carros<\/li>\n<li> Assist\u00eancia na busca domiciliar<\/li>\n<li> Assist\u00eancia com as escolas<\/li>\n<li> Assist\u00eancia m\u00e9dica<\/li>\n<\/ul>\n<p><strong>Armazenamento<\/strong><\/p>\n<ul>\n<li> Armazenamento a longo ou curto prazo organizado em todo o mundo<\/li>\n<li> Monitoramento CCTV<\/li>\n<\/ul>\n<h2>Perfil da Arpin International Company<\/h2>\n<p>A Arpin International faz parte do Grupo Arpin International, que teve in\u00edcio em 1900. O atual vice-presidente executivo, Peter Arpin, \u00e9 a quarta gera\u00e7\u00e3o a dirigir essa empresa. A Arpin International foi fundada em 1989 e sua sede est\u00e1 localizada em <a href=\"https:\/\/moverdb.com\/pt\/moving-to-the-united-states\/moving-to-rhode-island\/\" data-internallinksmanager029f6b8e52c=\"450\" title=\"Est\u00e1 se mudando para Rhode Island? 2024 Custo de vida e dicas de realoca\u00e7\u00e3o\">Rhode Island<\/a>, <a href=\"https:\/\/moverdb.com\/pt\/moving-to-the-united-states\/\" data-internallinksmanager029f6b8e52c=\"94\" title=\"Mudando-se para os Estados Unidos? 2026 Custos de Vida e Dicas de Reloca\u00e7\u00e3o\">EUA<\/a>. <\/p>\n<p>A empresa tem 385 agentes nos EUA e escrit\u00f3rios na EMEA e APAC. A alta ger\u00eancia da empresa tem mais de 25 anos de experi\u00eancia na movimenta\u00e7\u00e3o de pessoas ao redor do mundo.<\/p>\n<p>A vis\u00e3o da Arpin International \u00e9 dar a melhor combina\u00e7\u00e3o de servi\u00e7o e pre\u00e7o a seus clientes. Muitos de seus funcion\u00e1rios foram expatriados em algum momento de suas vidas e assim entendem os desafios que as fam\u00edlias enfrentam quando se mudam para outro pa\u00eds. <\/p>\n<p>Os funcion\u00e1rios da Arpin International tentam tornar a mudan\u00e7a t\u00e3o indolor quanto poss\u00edvel, cuidando dos pequenos e grandes problemas que podem surgir.<\/p>\n<p>A empresa formou um Comit\u00ea de Sustentabilidade em uma tentativa de \"construir um futuro mais verde\" para as gera\u00e7\u00f5es futuras. Eles querem devolver \u00e0s suas comunidades locais, \u00e0 ind\u00fastria e ao mundo, muito mais do que tomaram.<\/p>\n<p>A Arpin International possui as seguintes credencia\u00e7\u00f5es e afilia\u00e7\u00f5es:<\/p>\n<ul>\n<li> <a href=\"https:\/\/moverdb.com\/pt\/fidi-faim\/\">FIDI<\/a><\/li>\n<li> <a href=\"https:\/\/moverdb.com\/pt\/fidi-faim\/\">FAIM<\/a><\/li>\n<li> <a href=\"https:\/\/moverdb.com\/pt\/british-association-of-removers\/\">A Associa\u00e7\u00e3o Brit\u00e2nica de Mudan\u00e7as<\/a> (<a href=\"https:\/\/moverdb.com\/pt\/british-association-of-removers\/\" data-internallinksmanager029f6b8e52c=\"9\" title=\"Associa\u00e7\u00e3o Brit\u00e2nica de Removers (BAR) Explicada\">BAR<\/a>)<\/li>\n<li> <a href=\"https:\/\/moverdb.com\/pt\/iam\/\">A Associa\u00e7\u00e3o Internacional de Movimentos<\/a> (IMA)<\/li>\n<li> Parceria Alf\u00e2ndega-Com\u00e9rcio Contra o Terrorismo<\/li>\n<li> <a href=\"https:\/\/moverdb.com\/pt\/lacma\/\">LACMA<\/a><\/li>\n<li> <a href=\"https:\/\/moverdb.com\/pt\/conselho-de-funcionarios-relocacao\/\">ERC mundial<\/a><\/li>\n<li> <a href=\"https:\/\/moverdb.com\/pt\/eura\/\">EuRA<\/a><\/li>\n<\/ul>\n<h2>Arpin International Reviews<\/h2>\n<p><em>Embora n\u00e3o haja revis\u00f5es para a Arpin International online, voc\u00ea pode ler <a href=\"https:\/\/moverdb.com\/pt\/arpin-van-lines\/\">revis\u00f5es das linhas Arpin Van Lines aqui<\/a>.<\/em><\/p>\n<div itemprop=\"review\" itemscope itemtype=\"http:\/\/schema.org\/Review\">\n<span itemprop=\"author\" itemscope=\"\" itemtype=\"http:\/\/schema.org\/Organization\"><span itemprop=\"name\">MoverDB.com<\/span><\/span> Revis\u00e3o do site on-line para <span itemprop=\"itemreviewed\" itemscope=\"\" itemtype=\"http:\/\/schema.org\/Brand\"><span itemprop=\"name\">Arpin Internacional<\/span><\/span>:<\/p>\n<ol>\n<li> Detalhes claros de contato no website (incluindo n\u00famero de telefone): <strong>Sim<\/strong><\/li>\n<li> F\u00e1cil de obter <a href=\"https:\/\/moverdb.com\/pt\/citacoes\/\">cita\u00e7\u00f5es de mudan\u00e7as internacionais<\/a>? (Formul\u00e1rio de solicita\u00e7\u00e3o de or\u00e7amento on-line): <strong>N\u00e3o<\/strong><\/li>\n<li> Informa\u00e7\u00f5es claras no site: <strong>Na verdade, n\u00e3o<\/strong>O site \u00e9 lento e cont\u00e9m poucas informa\u00e7\u00f5es.<\/li>\n<li> Participa\u00e7\u00e3o em organiza\u00e7\u00f5es internacionais de mudan\u00e7as reconhecidas internacionalmente: <strong>Sim<\/strong><\/li>\n<li> Lista de clientes e\/ou depoimentos de clientes anteriores: <strong>N\u00e3o,<\/strong> e n\u00e3o encontramos nenhuma revis\u00e3o online.<\/li>\n<\/ol>\n<div itemprop=\"reviewRating\" itemscope itemtype=\"http:\/\/schema.org\/Rating\"><meta itemprop=\"worstRating\" content = \"0\" \/><meta itemprop=\"bestRating\" content=\"5\" \/><meta itemprop=\"ratingValue\" content=\"4\"><\/div>\n<p><strong>Nota geral: 4\/5<\/strong> \u2013 <em>Por favor, note que esta pontua\u00e7\u00e3o reflete a Arpin Van Lines, pois h\u00e1 muito pouca informa\u00e7\u00e3o para se fazer um julgamento separado para a Arpin International. <\/em><br \/>\n<strong>Data de revis\u00e3o:<\/strong> <span itemprop=\"datePublished\" content=\"2016-10-12\">12\/10\/16<\/span>\n<\/div>\n<p>Leia mais sobre <a href=\"https:\/\/moverdb.com\/pt\/mudancas-empresas\/\" target=\"_blank\" rel=\"noopener\">empresas de mudan\u00e7as internacionais<\/a>, <a href=\"https:\/\/moverdb.com\/pt\/remocoes-internacionais\/\">empresas de mudan\u00e7as<\/a> e nosso <a href=\"https:\/\/moverdb.com\/pt\/criticas\/\">processo de revis\u00e3o<\/a>.<\/p>\n<p><strong>Website:<\/strong> <a href=\"http:\/\/www.arpinintl.com\/\" target=\"_blank\" rel=\"noopener\">http:\/\/www.arpinintl.com\/<\/a><\/p>","protected":false},"excerpt":{"rendered":"<p>Arpin International is a global removals company and with many services which are listed below. Also read their company profile and reviews. Please note that it&#8217;s the international branch of American moving company Arpin Van Lines. International Moves Door to door service Packing and unpacking Dedicated International Move Coordinator (IMC) IMC available by telephone, fax [&hellip;]<\/p>\n","protected":false},"author":1,"featured_media":0,"parent":0,"menu_order":0,"comment_status":"closed","ping_status":"closed","template":"","meta":{"_genesis_hide_title":false,"_genesis_hide_breadcrumbs":false,"_genesis_hide_singular_image":false,"_genesis_hide_footer_widgets":false,"_genesis_custom_body_class":"","_genesis_custom_post_class":"","_genesis_layout":"","footnotes":""},"class_list":{"0":"post-908","1":"page","2":"type-page","3":"status-publish","5":"entry"},"_links":{"self":[{"href":"https:\/\/moverdb.com\/pt\/wp-json\/wp\/v2\/pages\/908","targetHints":{"allow":["GET"]}}],"collection":[{"href":"https:\/\/moverdb.com\/pt\/wp-json\/wp\/v2\/pages"}],"about":[{"href":"https:\/\/moverdb.com\/pt\/wp-json\/wp\/v2\/types\/page"}],"author":[{"embeddable":true,"href":"https:\/\/moverdb.com\/pt\/wp-json\/wp\/v2\/users\/1"}],"replies":[{"embeddable":true,"href":"https:\/\/moverdb.com\/pt\/wp-json\/wp\/v2\/comments?post=908"}],"version-history":[{"count":4,"href":"https:\/\/moverdb.com\/pt\/wp-json\/wp\/v2\/pages\/908\/revisions"}],"predecessor-version":[{"id":6175,"href":"https:\/\/moverdb.com\/pt\/wp-json\/wp\/v2\/pages\/908\/revisions\/6175"}],"wp:attachment":[{"href":"https:\/\/moverdb.com\/pt\/wp-json\/wp\/v2\/media?parent=908"}],"curies":[{"name":"wp","href":"https:\/\/api.w.org\/{rel}","templated":true}]}}