{"id":893,"date":"2016-09-28T05:29:53","date_gmt":"2016-09-28T05:29:53","guid":{"rendered":"http:\/\/moverdb.com\/?page_id=893"},"modified":"2026-01-08T14:40:01","modified_gmt":"2026-01-08T14:40:01","slug":"john-mason","status":"publish","type":"page","link":"https:\/\/moverdb.com\/pt\/john-mason\/","title":{"rendered":"John Mason International Movers: Revis\u00f5es de remo\u00e7\u00f5es"},"content":{"rendered":"<p>A John Mason International Movers oferece aos clientes v\u00e1rios servi\u00e7os de remo\u00e7\u00e3o que est\u00e3o listados abaixo. Tamb\u00e9m segue um perfil e revis\u00f5es da empresa.<\/p>\n<p><strong><a href=\"https:\/\/moverdb.com\/pt\/container-shipping\/\" data-internallinksmanager029f6b8e52c=\"3\" title=\"Gr\u00e1fico de taxas de transporte internacional de cont\u00eaineres: Abril de 2026\">Transporte mar\u00edtimo internacional<\/a> Servi\u00e7os - De e para o <a href=\"https:\/\/moverdb.com\/pt\/moving-to-the-uk\/\" data-internallinksmanager029f6b8e52c=\"93\" title=\"Mudando-se para o Reino Unido? 2026 Custos de Vida e Dicas de Reloca\u00e7\u00e3o\">REINO UNIDO<\/a><\/strong><\/p>\n<ul>\n<li> Servi\u00e7o porta a porta<\/li>\n<li> Gerente de mudan\u00e7as dedicado<\/li>\n<li> Embalagem profissional para exporta\u00e7\u00e3o em casa<\/li>\n<li> Envio por via a\u00e9rea ou mar\u00edtima<\/li>\n<li> <a href=\"https:\/\/moverdb.com\/pt\/transporte-de-conteineres\/\">Carga completa do cont\u00eainer ou cont\u00eainer compartilhado<\/a><\/li>\n<li> Servi\u00e7o de bagagem para itens individuais<\/li>\n<li> Rede de agentes profissionais em todo o mundo<\/li>\n<li> Desembara\u00e7o aduaneiro<\/li>\n<li> Entrega e desempacotamento em nova casa<\/li>\n<li> Armazenagem na origem e no destino<\/li>\n<li> Todos os seguros mar\u00edtimos de risco<\/li>\n<li> Servi\u00e7os de camareira e faz-tudo<\/li>\n<\/ul>\n<p><strong>Servi\u00e7os de Reloca\u00e7\u00e3o Internacional<\/strong><\/p>\n<ul>\n<li> Assist\u00eancia na venda de casas<\/li>\n<li> Servi\u00e7o de partida - limpeza de quaisquer pontas soltas, por exemplo, pequenos reparos e limpeza<\/li>\n<li> Gerenciamento de mudan\u00e7as<\/li>\n<li> Visitas de orienta\u00e7\u00e3o - incluindo visualiza\u00e7\u00e3o de propriedades e escolas<\/li>\n<li> Treinamento cultural e lingu\u00edstico<\/li>\n<li> Estabelecer-se em - abrir contas banc\u00e1rias, registrar-se com um m\u00e9dico e dentista e uma infinidade de outras tarefas para facilitar a vida<\/li>\n<li> Realoca\u00e7\u00e3o de animais<\/li>\n<\/ul>\n<p><strong>Expedi\u00e7\u00e3o e Remo\u00e7\u00e3o Europ\u00e9ia<\/strong><\/p>\n<ul>\n<li> Frota europ\u00e9ia de ve\u00edculos constru\u00edda propositadamente<\/li>\n<li> Gerentes de mudan\u00e7a dedicados<\/li>\n<li> Servi\u00e7o porta a porta<\/li>\n<li> Servi\u00e7o dedicado - o ve\u00edculo conter\u00e1 a mercadoria de uma pessoa\/empresa<\/li>\n<li> Servi\u00e7o de carga parcial<\/li>\n<li> Op\u00e7\u00f5es de embalagem - propriet\u00e1rio embalado, itens escolhidos profissionalmente embalados, embalagem profissional completa<\/li>\n<li> Assist\u00eancia alfandeg\u00e1ria e fiscal, se aplic\u00e1vel<\/li>\n<li> Armazenamento <\/li>\n<li> Seguros<\/li>\n<li> O frete a\u00e9reo pode ser arranjado<\/li>\n<\/ul>\n<p><strong>Servi\u00e7os de Transporte Mar\u00edtimo Comercial<\/strong><\/p>\n<ul>\n<li> Carga a\u00e9rea<\/li>\n<li> FCL<\/li>\n<li> LCL<\/li>\n<li> Grupagem<\/li>\n<li> Servi\u00e7os rodovi\u00e1rios europeus<\/li>\n<\/ul>\n<p><strong>Servi\u00e7os de armazenagem<\/strong><\/p>\n<ul>\n<li> Armazenamento de arquivos<\/li>\n<li> Armazenamento de barcos<\/li>\n<li> Armazenagem de caravanas<\/li>\n<li> Armazenagem comercial<\/li>\n<li> Armazenamento dom\u00e9stico<\/li>\n<li> Armazenamento de motocicletas<\/li>\n<li> Auto-armazenamento<\/li>\n<li> Armazenamento para estudantes<\/li>\n<li> Armazenamento de ve\u00edculos<\/li>\n<\/ul>\n<h2>Perfil da empresa John Mason International Movers<\/h2>\n<p>A John Mason International Movers foi fundada por Mary Mason em 1884. A ela se juntou seu filho, John Mason, em 1887, quando seu principal neg\u00f3cio era a movimenta\u00e7\u00e3o de carv\u00e3o. John Mason assumiu o neg\u00f3cio de sua m\u00e3e em 1890 e iniciou uma empresa geral de transporte e <a href=\"https:\/\/moverdb.com\/pt\/moving-companies\/\" data-internallinksmanager029f6b8e52c=\"79\" title=\"As 25 maiores empresas de mudan\u00e7as internacionais on-line\">empresa de mudan\u00e7as<\/a>. A empresa continuou a se expandir e prosperar e, em 1955, iniciou um servi\u00e7o de remo\u00e7\u00e3o di\u00e1ria para <a href=\"https:\/\/moverdb.com\/pt\/moving-to-ireland\/\" data-internallinksmanager029f6b8e52c=\"320\" title=\"Est\u00e1 se mudando para a Irlanda? 2026 Custo de vida e dicas de realoca\u00e7\u00e3o\">Irlanda<\/a>. <\/p>\n<p>John Mason tem continuado a crescer e agora realiza uma m\u00e9dia de 8.000 remo\u00e7\u00f5es ao redor do mundo a cada ano. Mudan\u00e7as internacionais, mudan\u00e7as corporativas e comerciais e mudan\u00e7as dom\u00e9sticas e armazenamento s\u00e3o os alicerces deste neg\u00f3cio dirigido pela fam\u00edlia. Sua vis\u00e3o \u00e9 ter um servi\u00e7o de mudan\u00e7as totalmente flex\u00edvel com \u00eanfase nos valores e integridade da fam\u00edlia.<\/p>\n<p>As filia\u00e7\u00f5es e credenciamentos de John Mason:<\/p>\n<ul>\n<li> <a href=\"https:\/\/moverdb.com\/pt\/british-association-of-removers\/\">A Associa\u00e7\u00e3o Brit\u00e2nica de Removedores<\/a> (<a href=\"https:\/\/moverdb.com\/pt\/british-association-of-removers\/\" data-internallinksmanager029f6b8e52c=\"9\" title=\"Associa\u00e7\u00e3o Brit\u00e2nica de Removers (BAR) Explicada\">BAR<\/a>)<\/li>\n<li> <a href=\"https:\/\/moverdb.com\/pt\/bar-overseas\/\">A Associa\u00e7\u00e3o Brit\u00e2nica de Removers Overseas Remover<\/a><\/li>\n<li> Overseas Moving Network International (OMNI)<\/li>\n<li> <a href=\"https:\/\/moverdb.com\/pt\/fidi-faim\/\">A Federa\u00e7\u00e3o Internacional de Movimentos Internacionais<\/a> (<a href=\"https:\/\/moverdb.com\/pt\/fidi-faim\/\" data-internallinksmanager029f6b8e52c=\"16\" title=\"FIDI &amp; FAIM (FIDI Accredited International Mover) Explicado\">FIDI<\/a>)<\/li>\n<li> <a href=\"https:\/\/moverdb.com\/pt\/fidi-faim\/\">FAIM<\/a><\/li>\n<li> <a href=\"https:\/\/moverdb.com\/pt\/mtc\/\">O Clube Comercial Movers<\/a> (<a href=\"https:\/\/moverdb.com\/pt\/mtc\/\" data-internallinksmanager029f6b8e52c=\"30\" title=\"Movers Trading Club (MTC) Explicado\">MTC<\/a>)<\/li>\n<li> Instituto de Normas Comerciais<\/li>\n<li> <a href=\"https:\/\/moverdb.com\/pt\/lacma\/\">Associa\u00e7\u00e3o Latino-Americana e Caribenha de Movimentos Internacionais<\/a> (<a href=\"https:\/\/moverdb.com\/pt\/lacma\/\" data-internallinksmanager029f6b8e52c=\"28\" title=\"Associa\u00e7\u00e3o Latino-Americana e Caribenha de Movimentos Internacionais (LACMA)\">LACMA<\/a>)<\/li>\n<\/ul>\n<h2>John Mason International Movers Reviews<\/h2>\n<p><strong>Positivo<\/strong><\/p>\n<ul>\n<li> <em>\"Toda minha experi\u00eancia com o John Mason's tem sido muito boa, desde a inspe\u00e7\u00e3o do Tony at\u00e9 hoje com o container sendo embalado, eu definitivamente recomendarei o John Mason para fornecer servi\u00e7os de remo\u00e7\u00e3o\".<\/em> - M.H. South Shields de <a href=\"http:\/\/www.johnmason.com\/about-us\/\" target=\"_blank\" rel=\"noopener\">John Mason website<\/a>.<\/li>\n<li> <em>\"Eu achei a equipe da John Masons excepcional. Da visita \u00e0 casa, suas atualiza\u00e7\u00f5es frequentes, os homens de remo\u00e7\u00e3o, tudo foi fant\u00e1stico\".<\/em> - Jaclyn via <a href=\"https:\/\/www.facebook.com\/johnmasoninternational\/reviews\/\" target=\"_blank\" rel=\"noopener\">Revis\u00e3o do Facebook<\/a><\/li>\n<li><em>\"Fizemos o mesmo movimento h\u00e1 3 meses atr\u00e1s, utilizamos os promotores internacionais John Masons. Eles tamb\u00e9m fizeram a embalagem e desempacotamento. N\u00e3o posso recomend\u00e1-los o suficiente, nem uma \u00fanica coisa quebrada ou perdida\".<\/em> - via <a href=\"http:\/\/www.mumsnet.com\/Talk\/living_overseas\/1535416-Shipping-to-Australia\" target=\"_blank\" rel=\"noopener\">Mumsnet<\/a><\/li>\n<\/ul>\n<p><strong>Negativo<\/strong><\/p>\n<p>Somente <strong>6%<\/strong> de suas an\u00e1lises sobre o Trustpilot s\u00e3o de 1 ou 2 estrelas vs <strong>93%<\/strong> que s\u00e3o 4 ou 5 estrelas. Voc\u00ea pode ler todas essas resenhas <a href=\"https:\/\/uk.trustpilot.com\/review\/www.johnmason.com\" rel=\"noopener\" target=\"_blank\">aqui<\/a>.  <\/p>\n<div itemprop=\"review\" itemscope itemtype=\"http:\/\/schema.org\/Review\">\n<span itemprop=\"author\" itemscope=\"\" itemtype=\"http:\/\/schema.org\/Organization\"><span itemprop=\"name\">MoverDB.com<\/span><\/span> Revis\u00e3o do site on-line para <span itemprop=\"itemreviewed\" itemscope=\"\" itemtype=\"http:\/\/schema.org\/Brand\"><span itemprop=\"name\">John Mason International Movers<\/span><\/span>:<\/p>\n<ol>\n<li> Detalhes claros de contato no website (incluindo n\u00famero de telefone): <strong>Sim<\/strong><\/li>\n<li> F\u00e1cil de obter <a href=\"https:\/\/moverdb.com\/pt\/citacoes\/\">cita\u00e7\u00f5es de mudan\u00e7as internacionais<\/a>? (Formul\u00e1rio de solicita\u00e7\u00e3o de or\u00e7amento on-line): <strong>Sim<\/strong><\/li>\n<li> Informa\u00e7\u00f5es claras no site: <strong>Sim,<\/strong> O site \u00e9 bastante abrangente, entretanto, informa\u00e7\u00f5es mais detalhadas ser\u00e3o fornecidas mediante solicita\u00e7\u00e3o.<\/li>\n<li> Participa\u00e7\u00e3o em organiza\u00e7\u00f5es internacionais de mudan\u00e7as reconhecidas: <strong>Sim<\/strong>ver acima.<\/li>\n<li> Lista de clientes e\/ou depoimentos de clientes anteriores: <strong>Alguns,<\/strong> h\u00e1 coment\u00e1rios de clientes no final de cada p\u00e1gina, mas nenhuma p\u00e1gina dedicada a eles. Al\u00e9m disso, embora a maioria tenha cr\u00edticas positivas on-line, h\u00e1 algumas negativas.<\/li>\n<\/ol>\n<div itemprop=\"reviewRating\" itemscope itemtype=\"http:\/\/schema.org\/Rating\"><meta itemprop=\"worstRating\" content = \"0\" \/><meta itemprop=\"bestRating\" content=\"5\" \/><meta itemprop=\"ratingValue\" content=\"4\"><\/div>\n<p><strong>Nota geral: 4\/5<\/strong><br \/>\n<strong>Data de revis\u00e3o:<\/strong> <span itemprop=\"datePublished\" content=\"2019-01-18\">18\/01\/2019<\/span>\n<\/div>\n<p>Leia mais sobre <a href=\"https:\/\/moverdb.com\/pt\/remocoes-internacionais\/\">empresas de mudan\u00e7as internacionais<\/a> e nosso <a href=\"https:\/\/moverdb.com\/pt\/criticas\/\">processo de revis\u00e3o<\/a>.<\/p>\n<p><strong>Website:<\/strong> <a href=\"http:\/\/www.johnmason.com\/\" target=\"_blank\" rel=\"noopener\">http:\/\/www.johnmason.com\/<\/a><\/p>","protected":false},"excerpt":{"rendered":"<p>John Mason International Movers offers clients various removal services which are listed below. There also follows a company profile and reviews. International Shipping Services &#8211; To and From the UK Door to door service Dedicated move manager Professional export packing at home Shipping by air or sea Full container load or shared container Baggage service [&hellip;]<\/p>\n","protected":false},"author":1,"featured_media":0,"parent":0,"menu_order":0,"comment_status":"closed","ping_status":"closed","template":"","meta":{"_genesis_hide_title":false,"_genesis_hide_breadcrumbs":false,"_genesis_hide_singular_image":false,"_genesis_hide_footer_widgets":false,"_genesis_custom_body_class":"","_genesis_custom_post_class":"","_genesis_layout":"","footnotes":""},"class_list":{"0":"post-893","1":"page","2":"type-page","3":"status-publish","5":"entry"},"_links":{"self":[{"href":"https:\/\/moverdb.com\/pt\/wp-json\/wp\/v2\/pages\/893","targetHints":{"allow":["GET"]}}],"collection":[{"href":"https:\/\/moverdb.com\/pt\/wp-json\/wp\/v2\/pages"}],"about":[{"href":"https:\/\/moverdb.com\/pt\/wp-json\/wp\/v2\/types\/page"}],"author":[{"embeddable":true,"href":"https:\/\/moverdb.com\/pt\/wp-json\/wp\/v2\/users\/1"}],"replies":[{"embeddable":true,"href":"https:\/\/moverdb.com\/pt\/wp-json\/wp\/v2\/comments?post=893"}],"version-history":[{"count":8,"href":"https:\/\/moverdb.com\/pt\/wp-json\/wp\/v2\/pages\/893\/revisions"}],"predecessor-version":[{"id":13168,"href":"https:\/\/moverdb.com\/pt\/wp-json\/wp\/v2\/pages\/893\/revisions\/13168"}],"wp:attachment":[{"href":"https:\/\/moverdb.com\/pt\/wp-json\/wp\/v2\/media?parent=893"}],"curies":[{"name":"wp","href":"https:\/\/api.w.org\/{rel}","templated":true}]}}