{"id":892,"date":"2016-10-03T05:36:50","date_gmt":"2016-10-03T05:36:50","guid":{"rendered":"http:\/\/moverdb.com\/?page_id=892"},"modified":"2026-01-08T14:48:20","modified_gmt":"2026-01-08T14:48:20","slug":"fn-removals","status":"publish","type":"page","link":"https:\/\/moverdb.com\/pt\/fn-removals\/","title":{"rendered":"F&amp;N Remo\u00e7\u00f5es Mundiais: Revis\u00f5es de Mudan\u00e7as Internacionais"},"content":{"rendered":"<p>Os servi\u00e7os da F&amp;N Worldwide Removals est\u00e3o listados abaixo, juntamente com seu perfil de empresa e revis\u00f5es.<\/p>\n<p><strong>Mudan\u00e7as internacionais e europ\u00e9ias<\/strong><\/p>\n<ul>\n<li> Servi\u00e7o porta a porta<\/li>\n<li> Embalagem especializada<\/li>\n<li> Caixas feitas sob medida, se aplic\u00e1vel<\/li>\n<li> Armazenamento se necess\u00e1rio<\/li>\n<li> Organizar o transporte por terra, mar ou ar<\/li>\n<li> Providencie <a href=\"https:\/\/moverdb.com\/pt\/transporte-de-carro-transporte-embarque\/\">transporte de ve\u00edculos<\/a><\/li>\n<li> Desembalagem na chegada ao destino<\/li>\n<li> Peritos dispon\u00edveis no <a href=\"https:\/\/moverdb.com\/pt\/moving-to-the-uk\/\" data-internallinksmanager029f6b8e52c=\"93\" title=\"Mudando-se para o Reino Unido? 2026 Custos de Vida e Dicas de Reloca\u00e7\u00e3o\">REINO UNIDO<\/a> e pa\u00eds de destino<\/li>\n<li> Lidar com empresas alfandeg\u00e1rias e mar\u00edtimas<\/li>\n<li> Seguro organizado<\/li>\n<li> Organizar o transporte desde o destino <a href=\"https:\/\/moverdb.com\/pt\/top-49-container-ports\/\" data-internallinksmanager029f6b8e52c=\"80\" title=\"Os 49 maiores e mais movimentados portos de cont\u00eaineres em 2025\">porto<\/a><\/li>\n<\/ul>\n<p><strong>Deslocaliza\u00e7\u00e3o corporativa internacional<\/strong><\/p>\n<ul>\n<li> Visita de pesquisa para discutir log\u00edstica<\/li>\n<li> Servi\u00e7o porta a porta<\/li>\n<li> Embalagem e desempacotamento profissional<\/li>\n<li> <a href=\"https:\/\/moverdb.com\/pt\/car-transport-shipping\/\" data-internallinksmanager029f6b8e52c=\"2\" title=\"2026 Cota\u00e7\u00f5es de transporte internacional de carros e envio de ve\u00edculos\">Envio de ve\u00edculos<\/a><\/li>\n<li> Servi\u00e7os de TI para remo\u00e7\u00e3o e remontagem de redes de computadores<\/li>\n<li> Organizar buscas de escolas e casas para funcion\u00e1rios<\/li>\n<li> Aluguel de m\u00f3veis<\/li>\n<li> Eventos do Expat Club<\/li>\n<li> Reuni\u00f5es de aclimata\u00e7\u00e3o cultural<\/li>\n<li> Lidar com a alf\u00e2ndega e <a href=\"https:\/\/moverdb.com\/pt\/empresas-de-transporte-maritimo\/\">companhias mar\u00edtimas<\/a><\/li>\n<li> Seguro organizado<\/li>\n<li> Transporte do porto de destino<\/li>\n<\/ul>\n<p><strong>Mudan\u00e7as no Reino Unido<\/strong><\/p>\n<ul>\n<li> 25 ve\u00edculos modernos em movimento<\/li>\n<li> Servi\u00e7o porta a porta<\/li>\n<li> Embalagem e desempacotamento profissional, se necess\u00e1rio<\/li>\n<li> Caixas e materiais de embalagem dispon\u00edveis<\/li>\n<li> Armazenagem, se necess\u00e1rio<\/li>\n<li> Providenciar seguro<\/li>\n<\/ul>\n<p><strong>Armazenamento<\/strong><\/p>\n<ul>\n<li> Auto-armazenamento com acesso 24 horas e monitores CCTV<\/li>\n<li> Armazenamento de documentos e arquivos<\/li>\n<li> Armazenamento em cont\u00eaineres a longo prazo<\/li>\n<\/ul>\n<h2>Perfil da F&amp;N Worldwide Removals Company<\/h2>\n<p>A F&amp;N Worldwide Removals come\u00e7ou em 1980 em Berlim, mas mudou-se para a Inglaterra pouco depois. A F&amp;N originalmente movimentava mercadorias militares e gradualmente entrou no mercado de mudan\u00e7as do Reino Unido. A empresa se expandiu e incluiu mudan\u00e7as privadas e comerciais para a Europa. A empresa continuou a crescer introduzindo instala\u00e7\u00f5es de auto-armazenamento, mudan\u00e7a de escrit\u00f3rios e uma divis\u00e3o de importa\u00e7\u00e3o.<\/p>\n<p>A F&amp;N Worldwide Removals move agora pessoas, empresas e bens ao redor do mundo. A empresa tem um forte compromisso com o meio ambiente atrav\u00e9s da implementa\u00e7\u00e3o de muitas iniciativas verdes. Ela acredita fortemente no excelente atendimento ao cliente e na satisfa\u00e7\u00e3o do mesmo.<\/p>\n<p>F&amp;N Worldwide Remo\u00e7\u00f5es Afilia\u00e7\u00f5es e Credenciamentos:<\/p>\n<ul>\n<li> <a href=\"https:\/\/moverdb.com\/pt\/british-association-of-removers\/\">A Associa\u00e7\u00e3o Brit\u00e2nica de Removedores<\/a> (<a href=\"https:\/\/moverdb.com\/pt\/british-association-of-removers\/\" data-internallinksmanager029f6b8e52c=\"9\" title=\"Associa\u00e7\u00e3o Brit\u00e2nica de Removers (BAR) Explicada\">BAR<\/a>)<\/li>\n<li> <a href=\"https:\/\/moverdb.com\/pt\/fidi-faim\/\">FIDI<\/a><\/li>\n<li> <a href=\"https:\/\/moverdb.com\/pt\/fidi-faim\/\">FAIM<\/a><\/li>\n<li> <a href=\"https:\/\/moverdb.com\/pt\/iam\/\">Associa\u00e7\u00e3o Internacional de Movers<\/a> (<a href=\"https:\/\/moverdb.com\/pt\/iam\/\" data-internallinksmanager029f6b8e52c=\"23\" title=\"Associa\u00e7\u00e3o Internacional de Remotores (IAM) Explicado\">IAM<\/a>)<\/li>\n<li> <a href=\"https:\/\/moverdb.com\/pt\/fedemac\/\">A Federa\u00e7\u00e3o das Associa\u00e7\u00f5es Europ\u00e9ias de Governantes<\/a> (<a href=\"https:\/\/moverdb.com\/pt\/fedemac\/\" data-internallinksmanager029f6b8e52c=\"15\" title=\"Federa\u00e7\u00e3o das Associa\u00e7\u00f5es Europ\u00e9ias de Governantes (FEDEMAC) Explicou\">FEDEMAC<\/a>)<\/li>\n<li> Eurovan<\/li>\n<li> Instituto de Normas Comerciais<\/li>\n<li> <a href=\"https:\/\/moverdb.com\/pt\/hgfaa\/\">Associa\u00e7\u00e3o de Transit\u00e1rios de Bens Dom\u00e9sticos da Am\u00e9rica<\/a> (HHGFAA)<\/li>\n<li> Padr\u00e3o de Servi\u00e7o de Qualidade Assegurada - Mudan\u00e7as de M\u00f3veis Dom\u00e9sticos<\/li>\n<\/ul>\n<p><strong>F&amp;N Worldwide Removals Reviews<\/strong><\/p>\n<p><strong>Positivo<\/strong><\/p>\n<ul>\n<li> <em>\"S\u00f3 para dizer que trabalho de primeira classe voc\u00ea fez por <a href=\"https:\/\/moverdb.com\/pt\/moving-to-the-united-states\/\" data-internallinksmanager029f6b8e52c=\"94\" title=\"Mudando-se para os Estados Unidos? 2026 Custos de Vida e Dicas de Reloca\u00e7\u00e3o\">n\u00f3s<\/a> do in\u00edcio ao fim. Por favor, agrade\u00e7a a todos os interessados...\"<\/em> - Peter Hollingsworth via <a href=\"http:\/\/www.fnworldwide.com\/testimonials\/\" target=\"_blank\" rel=\"noopener\">p\u00e1gina de testemunhos de clientes<\/a><\/li>\n<li> <em>\"Eu tenho procurado por um <a href=\"https:\/\/moverdb.com\/pt\/international-removals\/\" data-internallinksmanager029f6b8e52c=\"27\" title=\"36 melhores empresas de mudan\u00e7as internacionais no Reino Unido\">empresa de mudan\u00e7as<\/a> que posso usar para um trabalho que tenho pela frente e encontrei a FN Worldwide Logistics Ltd. O site deles \u00e9 \u00f3timo e eu definitivamente vou consider\u00e1-los para minha pr\u00f3xima mudan\u00e7a. Tamb\u00e9m fiquei muito impressionado com a r\u00e1pida resposta deles ao meu e-mail\".<\/em> - via <a href=\"http:\/\/removal-company-reviews.com\/view-removal-company-review.php?c=F+N%20Worldwide%20Logistics%20Ltd&#038;id=532\" target=\"_blank\" rel=\"noopener\">Removal-Company-Reviews.com<\/a><\/li>\n<\/ul>\n<p><strong>Negativo<\/strong><\/p>\n<ul>\n<li> <em>\"A F&amp;N cobrou de mim o pagamento de uma mudan\u00e7a internacional do Reino Unido para <a href=\"https:\/\/moverdb.com\/pt\/moving-to-bermuda\/\" data-internallinksmanager029f6b8e52c=\"421\" title=\"Est\u00e1 se mudando para as Bermudas? 2026 Custo de vida e dicas de realoca\u00e7\u00e3o\">Bermudas<\/a>. A empresa para a qual trabalho tamb\u00e9m pagou inadvertidamente. A F&amp;N admitiu a falha v\u00e1rias vezes e prometeu devolver o dinheiro v\u00e1rias vezes. N\u00e3o o fizeram\".<\/em> - via <a href=\"http:\/\/removal-company-reviews.com\/view-removal-company-review.php?c=F+N%20Worldwide%20Logistics%20Ltd&#038;id=532\" target=\"_blank\" rel=\"noopener\">Removal-Company-Reviews.com<\/a>\n<\/ul>\n<div itemprop=\"review\" itemscope itemtype=\"http:\/\/schema.org\/Review\">\n<span itemprop=\"author\" itemscope=\"\" itemtype=\"http:\/\/schema.org\/Organization\"><span itemprop=\"name\">MoverDB.com<\/span><\/span> Revis\u00e3o do site on-line para <span itemprop=\"itemreviewed\" itemscope=\"\" itemtype=\"http:\/\/schema.org\/Brand\"><span itemprop=\"name\">F&amp;N Mudan\u00e7as Mundiais<\/span><\/span>:<\/p>\n<ol>\n<li> Detalhes claros de contato no website (incluindo n\u00famero de telefone): <strong>Sim<\/strong><\/li>\n<li> F\u00e1cil de obter <a href=\"https:\/\/moverdb.com\/pt\/citacoes\/\">cita\u00e7\u00f5es de mudan\u00e7as internacionais<\/a>? (Formul\u00e1rio de solicita\u00e7\u00e3o de or\u00e7amento on-line): <strong>Sim<\/strong><\/li>\n<li> Informa\u00e7\u00f5es claras no site: <strong>Alguns<\/strong>O site n\u00e3o cont\u00e9m muitas informa\u00e7\u00f5es detalhadas.<\/li>\n<li> Participa\u00e7\u00e3o em organiza\u00e7\u00f5es internacionais de mudan\u00e7as reconhecidas internacionalmente: <strong>Sim<\/strong>ver acima<\/li>\n<li> Lista de clientes e\/ou depoimentos de clientes anteriores: <strong>Alguns<\/strong> H\u00e1 depoimentos de clientes no site, mas poucas revis\u00f5es em outros lugares online.<\/li>\n<\/ol>\n<div itemprop=\"reviewRating\" itemscope itemtype=\"http:\/\/schema.org\/Rating\"><meta itemprop=\"worstRating\" content = \"0\" \/><meta itemprop=\"bestRating\" content=\"5\" \/><meta itemprop=\"ratingValue\" content=\"4\"><\/div>\n<p><strong>Nota geral: 4\/5<\/strong><br \/>\n<strong>Data de revis\u00e3o:<\/strong> <span itemprop=\"datePublished\" content=\"2016-10-03\">03\/10\/16<\/span>\n<\/div>\n<p>Leia mais sobre <a href=\"https:\/\/moverdb.com\/pt\/remocoes-internacionais\/\">mudan\u00e7as internacionais<\/a> e nosso <a href=\"https:\/\/moverdb.com\/pt\/criticas\/\">processo de revis\u00e3o m\u00f3vel<\/a>.<\/p>\n<p><strong>Website:<\/strong> <a href=\"http:\/\/www.fnworldwide.com\" target=\"_blank\" rel=\"noopener\">http:\/\/www.fnworldwide.com<\/a><\/p>","protected":false},"excerpt":{"rendered":"<p>F&#038;N Worldwide Removals services are listed below, together with their company profile and reviews. International and European Removals Door to door service Expert packing Custom made crates if applicable Storage if needed Organise transport by land, sea or air Arrange shipping of vehicles Unpacking on arrival at destination Experts available in the UK and country [&hellip;]<\/p>\n","protected":false},"author":1,"featured_media":0,"parent":0,"menu_order":0,"comment_status":"closed","ping_status":"closed","template":"","meta":{"_genesis_hide_title":false,"_genesis_hide_breadcrumbs":false,"_genesis_hide_singular_image":false,"_genesis_hide_footer_widgets":false,"_genesis_custom_body_class":"","_genesis_custom_post_class":"","_genesis_layout":"","footnotes":""},"class_list":{"0":"post-892","1":"page","2":"type-page","3":"status-publish","5":"entry"},"_links":{"self":[{"href":"https:\/\/moverdb.com\/pt\/wp-json\/wp\/v2\/pages\/892","targetHints":{"allow":["GET"]}}],"collection":[{"href":"https:\/\/moverdb.com\/pt\/wp-json\/wp\/v2\/pages"}],"about":[{"href":"https:\/\/moverdb.com\/pt\/wp-json\/wp\/v2\/types\/page"}],"author":[{"embeddable":true,"href":"https:\/\/moverdb.com\/pt\/wp-json\/wp\/v2\/users\/1"}],"replies":[{"embeddable":true,"href":"https:\/\/moverdb.com\/pt\/wp-json\/wp\/v2\/comments?post=892"}],"version-history":[{"count":5,"href":"https:\/\/moverdb.com\/pt\/wp-json\/wp\/v2\/pages\/892\/revisions"}],"predecessor-version":[{"id":6208,"href":"https:\/\/moverdb.com\/pt\/wp-json\/wp\/v2\/pages\/892\/revisions\/6208"}],"wp:attachment":[{"href":"https:\/\/moverdb.com\/pt\/wp-json\/wp\/v2\/media?parent=892"}],"curies":[{"name":"wp","href":"https:\/\/api.w.org\/{rel}","templated":true}]}}