{"id":8914,"date":"2023-04-27T14:27:27","date_gmt":"2023-04-27T14:27:27","guid":{"rendered":"https:\/\/moverdb.com\/?page_id=8914"},"modified":"2026-01-08T15:24:51","modified_gmt":"2026-01-08T15:24:51","slug":"moving-companies-poland","status":"publish","type":"page","link":"https:\/\/moverdb.com\/pt\/moving-companies\/moving-companies-poland\/","title":{"rendered":"4 melhores empresas de mudan\u00e7as internacionais na Pol\u00f4nia"},"content":{"rendered":"<p>Se voc\u00ea estiver mudando de casa ou de empresa, talvez queira contratar os servi\u00e7os de um <a href=\"https:\/\/moverdb.com\/pt\/moving-companies\/\" data-internallinksmanager029f6b8e52c=\"79\" title=\"As 25 maiores empresas de mudan\u00e7as internacionais on-line\">empresa de mudan\u00e7as<\/a> para reduzir o estresse e a carga de trabalho envolvidos. Se voc\u00ea estiver se mudando dentro, para ou de <a href=\"https:\/\/moverdb.com\/pt\/moving-to-poland\/\" data-internallinksmanager029f6b8e52c=\"378\" title=\"Mudan\u00e7a para a Pol\u00f4nia? 2026 Custo de vida e dicas de realoca\u00e7\u00e3o\">Pol\u00f4nia<\/a>, ent\u00e3o o polon\u00eas abaixo <a href=\"https:\/\/moverdb.com\/pt\/international-removals\/\" data-internallinksmanager029f6b8e52c=\"27\" title=\"36 melhores empresas de mudan\u00e7as internacionais no Reino Unido\">empresas de mudan\u00e7as<\/a> que s\u00e3o membros do <a href=\"https:\/\/moverdb.com\/pt\/iam\/\" data-internallinksmanager029f6b8e52c=\"23\" title=\"Associa\u00e7\u00e3o Internacional de Remotores (IAM) Explicado\">Associa\u00e7\u00e3o Internacional de Movers<\/a> (IAM) e\/ou <a href=\"https:\/\/moverdb.com\/pt\/fidi-faim\/\" data-internallinksmanager029f6b8e52c=\"16\" title=\"FIDI &amp; FAIM (FIDI Accredited International Mover) Explicado\">FIDI<\/a> A Accredited International Mover (FAIM) pode ajud\u00e1-lo com sua mudan\u00e7a.<\/p>\n<div id=\"ez-toc-container\" class=\"ez-toc-v2_0_82_2 ez-toc-wrap-left counter-hierarchy ez-toc-counter ez-toc-transparent ez-toc-container-direction\">\n<div class=\"ez-toc-title-container\">\n<p class=\"ez-toc-title\" style=\"cursor:inherit\">Se\u00e7\u00f5es<\/p>\n<span class=\"ez-toc-title-toggle\"><a href=\"#\" class=\"ez-toc-pull-right ez-toc-btn ez-toc-btn-xs ez-toc-btn-default ez-toc-toggle\" aria-label=\"Alternar tabela de conte\u00fado\"><span class=\"ez-toc-js-icon-con\"><span class=\"\"><span class=\"eztoc-hide\" style=\"display:none;\">Alternar<\/span><span class=\"ez-toc-icon-toggle-span\"><svg style=\"fill: #999;color:#999\" xmlns=\"http:\/\/www.w3.org\/2000\/svg\" class=\"list-377408\" width=\"20px\" height=\"20px\" viewbox=\"0 0 24 24\" fill=\"none\"><path d=\"M6 6H4v2h2V6zm14 0H8v2h12V6zM4 11h2v2H4v-2zm16 0H8v2h12v-2zM4 16h2v2H4v-2zm16 0H8v2h12v-2z\" fill=\"currentColor\"><\/path><\/svg><svg style=\"fill: #999;color:#999\" class=\"arrow-unsorted-368013\" xmlns=\"http:\/\/www.w3.org\/2000\/svg\" width=\"10px\" height=\"10px\" viewbox=\"0 0 24 24\" version=\"1.2\" baseprofile=\"tiny\"><path d=\"M18.2 9.3l-6.2-6.3-6.2 6.3c-.2.2-.3.4-.3.7s.1.5.3.7c.2.2.4.3.7.3h11c.3 0 .5-.1.7-.3.2-.2.3-.5.3-.7s-.1-.5-.3-.7zM5.8 14.7l6.2 6.3 6.2-6.3c.2-.2.3-.5.3-.7s-.1-.5-.3-.7c-.2-.2-.4-.3-.7-.3h-11c-.3 0-.5.1-.7.3-.2.2-.3.5-.3.7s.1.5.3.7z\"\/><\/svg><\/span><\/span><\/span><\/a><\/span><\/div>\n<nav><ul class='ez-toc-list ez-toc-list-level-1 eztoc-toggle-hide-by-default' ><li class='ez-toc-page-1 ez-toc-heading-level-2'><a class=\"ez-toc-link ez-toc-heading-1\" href=\"https:\/\/moverdb.com\/pt\/moving-companies\/moving-companies-poland\/#1_AGS_Group\" >1. Grupo AGS<\/a><\/li><li class='ez-toc-page-1 ez-toc-heading-level-2'><a class=\"ez-toc-link ez-toc-heading-2\" href=\"https:\/\/moverdb.com\/pt\/moving-companies\/moving-companies-poland\/#2_MK_Relocation\" >2. Realoca\u00e7\u00e3o de MK<\/a><\/li><li class='ez-toc-page-1 ez-toc-heading-level-2'><a class=\"ez-toc-link ez-toc-heading-3\" href=\"https:\/\/moverdb.com\/pt\/moving-companies\/moving-companies-poland\/#3_Santa_Fe_Relocation\" >3. Realoca\u00e7\u00e3o de Santa F\u00e9<\/a><\/li><li class='ez-toc-page-1 ez-toc-heading-level-2'><a class=\"ez-toc-link ez-toc-heading-4\" href=\"https:\/\/moverdb.com\/pt\/moving-companies\/moving-companies-poland\/#4_Universal_Express_Worldwide_Movers\" >4. Universal Express Worldwide Movers<\/a><\/li><li class='ez-toc-page-1 ez-toc-heading-level-2'><a class=\"ez-toc-link ez-toc-heading-5\" href=\"https:\/\/moverdb.com\/pt\/moving-companies\/moving-companies-poland\/#Other_Useful_Guides_to_Poland\" >Outros guias \u00fateis para a Pol\u00f4nia<\/a><\/li><\/ul><\/nav><\/div>\n<h2><span class=\"ez-toc-section\" id=\"1_AGS_Group\"><\/span><strong>1. Grupo AGS<\/strong><span class=\"ez-toc-section-end\"><\/span><\/h2>\n<p><img loading=\"lazy\" decoding=\"async\" class=\"alignnone size-full wp-image-8915\" src=\"https:\/\/moverdb.com\/wp-content\/uploads\/AGS-Global-Solutions-Poland-international-moving-company.png\" alt=\"AGS Global Solutions Empresa de mudan\u00e7as internacionais da Pol\u00f4nia\" width=\"1440\" height=\"710\" data-wp-pid=\"8915\" srcset=\"https:\/\/moverdb.com\/wp-content\/uploads\/AGS-Global-Solutions-Poland-international-moving-company.png 1440w, https:\/\/moverdb.com\/wp-content\/uploads\/AGS-Global-Solutions-Poland-international-moving-company-300x148.png 300w, https:\/\/moverdb.com\/wp-content\/uploads\/AGS-Global-Solutions-Poland-international-moving-company-1024x505.png 1024w, https:\/\/moverdb.com\/wp-content\/uploads\/AGS-Global-Solutions-Poland-international-moving-company-18x9.png 18w, https:\/\/moverdb.com\/wp-content\/uploads\/AGS-Global-Solutions-Poland-international-moving-company-600x296.png 600w\" sizes=\"auto, (max-width: 1440px) 100vw, 1440px\" \/><\/p>\n<ul>\n<li>Movimentos nacionais<\/li>\n<li>Movimentos internacionais<\/li>\n<li>Mudan\u00e7as residenciais<\/li>\n<li>Movimentos comerciais<\/li>\n<li>Servi\u00e7o de embalagem<\/li>\n<li>Transporte terrestre, mar\u00edtimo e a\u00e9reo<\/li>\n<li>Rastreamento on-line<\/li>\n<li>Manuseio de belas artes<\/li>\n<li>Transfer\u00eancia de ve\u00edculos<\/li>\n<li>Armazenamento seguro<\/li>\n<\/ul>\n<p>O AGS Group \u00e9 uma empresa internacional de mudan\u00e7as e reloca\u00e7\u00e3o que opera desde 1974, com 146 escrit\u00f3rios em 97 pa\u00edses em todo o mundo, incluindo Vars\u00f3via, na Pol\u00f4nia, que foi estabelecida em 1992. A empresa \u00e9 credenciada pela FIDI.<\/p>\n<p>O AGS Group oferece uma inspe\u00e7\u00e3o residencial e uma cota\u00e7\u00e3o personalizada com base em suas necessidades. Eles desenvolveram materiais e m\u00e9todos de embalagem inovadores para proteger seus pertences e tamb\u00e9m s\u00e3o ecologicamente corretos. Eles providenciam o transporte por terra, ar ou mar e voc\u00ea pode acompanhar o progresso on-line. Eles oferecem servi\u00e7os adicionais que incluem manuseio de obras de arte, transfer\u00eancia de ve\u00edculos e armazenamento seguro.<\/p>\n<p>Website: <a href=\"https:\/\/www.ags-globalsolutions.com\/\" target=\"_blank\" rel=\"noopener\">https:\/\/www.ags-globalsolutions.com\/<\/a><\/p>\n<h2><span class=\"ez-toc-section\" id=\"2_MK_Relocation\"><\/span><strong>2. Realoca\u00e7\u00e3o de MK<\/strong><span class=\"ez-toc-section-end\"><\/span><\/h2>\n<p><img loading=\"lazy\" decoding=\"async\" class=\"alignnone size-full wp-image-8825\" src=\"https:\/\/moverdb.com\/wp-content\/uploads\/MK-Relocations-international-moving-company.png\" alt=\"MK Relocations empresa de mudan\u00e7as internacionais\" width=\"1440\" height=\"679\" data-wp-pid=\"8825\" srcset=\"https:\/\/moverdb.com\/wp-content\/uploads\/MK-Relocations-international-moving-company.png 1440w, https:\/\/moverdb.com\/wp-content\/uploads\/MK-Relocations-international-moving-company-300x141.png 300w, https:\/\/moverdb.com\/wp-content\/uploads\/MK-Relocations-international-moving-company-1024x483.png 1024w, https:\/\/moverdb.com\/wp-content\/uploads\/MK-Relocations-international-moving-company-18x8.png 18w, https:\/\/moverdb.com\/wp-content\/uploads\/MK-Relocations-international-moving-company-600x283.png 600w\" sizes=\"auto, (max-width: 1440px) 100vw, 1440px\" \/><\/p>\n<ul>\n<li>Movimentos nacionais<\/li>\n<li>Movimentos internacionais<\/li>\n<li>Mudan\u00e7as dom\u00e9sticas<\/li>\n<li>Mudan\u00e7as de escrit\u00f3rios e dep\u00f3sitos<\/li>\n<li>Servi\u00e7o porta-a-porta<\/li>\n<li>Servi\u00e7o de embalagem<\/li>\n<li>Arranjo de transporte<\/li>\n<li>Desembara\u00e7o aduaneiro<\/li>\n<li>Seguros<\/li>\n<li>Instala\u00e7\u00f5es de armazenamento<\/li>\n<\/ul>\n<p>A MK Relocation \u00e9 uma empresa especializada em mudan\u00e7as e realoca\u00e7\u00e3o com sede em Vars\u00f3via. Eles oferecem servi\u00e7os de mudan\u00e7a dentro, para e da Pol\u00f4nia. Eles s\u00e3o credenciados pela FIDI, o que lhes d\u00e1 acesso a uma rede internacional de agentes de mudan\u00e7a para apoi\u00e1-los.<\/p>\n<p>A MK Relocation oferece uma reuni\u00e3o personalizada para discutir suas necessidades e oferece um servi\u00e7o porta a porta. Eles oferecem um servi\u00e7o de embalagem para proteger seus pertences, que inclui uma variedade de materiais de embalagem, como caixas espec\u00edficas, embalagens, coberturas, recipientes pl\u00e1sticos selados e absorvedores de umidade. Eles oferecem servi\u00e7os adicionais que incluem transporte de animais de estima\u00e7\u00e3o, manuseio de antiguidades e obras de arte e instala\u00e7\u00f5es de armazenamento.<\/p>\n<p>Website: <a href=\"https:\/\/www.mkrelocation.pl\/\" target=\"_blank\" rel=\"noopener\">https:\/\/www.mkrelocation.pl\/<\/a><\/p>\n<h2><span class=\"ez-toc-section\" id=\"3_Santa_Fe_Relocation\"><\/span><strong>3. Realoca\u00e7\u00e3o de Santa F\u00e9<\/strong><span class=\"ez-toc-section-end\"><\/span><\/h2>\n<p><img loading=\"lazy\" decoding=\"async\" class=\"alignnone size-full wp-image-8851\" src=\"https:\/\/moverdb.com\/wp-content\/uploads\/Santa-Fe-Relocation-Poland-international-moving-company.png\" alt=\"Santa Fe Relocation Poland empresa de mudan\u00e7as internacionais\" width=\"1440\" height=\"679\" data-wp-pid=\"8851\" srcset=\"https:\/\/moverdb.com\/wp-content\/uploads\/Santa-Fe-Relocation-Poland-international-moving-company.png 1440w, https:\/\/moverdb.com\/wp-content\/uploads\/Santa-Fe-Relocation-Poland-international-moving-company-300x141.png 300w, https:\/\/moverdb.com\/wp-content\/uploads\/Santa-Fe-Relocation-Poland-international-moving-company-1024x483.png 1024w, https:\/\/moverdb.com\/wp-content\/uploads\/Santa-Fe-Relocation-Poland-international-moving-company-18x8.png 18w, https:\/\/moverdb.com\/wp-content\/uploads\/Santa-Fe-Relocation-Poland-international-moving-company-600x283.png 600w\" sizes=\"auto, (max-width: 1440px) 100vw, 1440px\" \/><\/p>\n<ul>\n<li>Movimentos locais e nacionais<\/li>\n<li>Movimentos internacionais<\/li>\n<li>Mudan\u00e7as dom\u00e9sticas<\/li>\n<li>Mudan\u00e7as de escrit\u00f3rio<\/li>\n<li>Servi\u00e7os de reloca\u00e7\u00e3o<\/li>\n<li>Servi\u00e7o de embalagem<\/li>\n<li>Transporte a\u00e9reo, mar\u00edtimo e terrestre<\/li>\n<li>Desembara\u00e7o aduaneiro<\/li>\n<li>Transporte de animais de estima\u00e7\u00e3o e ve\u00edculos<\/li>\n<li>Instala\u00e7\u00f5es de armazenamento<\/li>\n<\/ul>\n<p>A Santa Fe Relocation \u00e9 uma empresa internacional de mudan\u00e7as e realoca\u00e7\u00e3o que possui 64 escrit\u00f3rios em 38 pa\u00edses, incluindo um em Vars\u00f3via, inaugurado em 1991. Ela \u00e9 membro da IAM, com 32 anos de servi\u00e7o, e \u00e9 credenciada pela FIDI.<\/p>\n<p>A Santa Fe Relocation oferece uma consulta antes da mudan\u00e7a e uma pesquisa em casa ou em v\u00eddeo para avaliar suas necessidades. Eles oferecem um servi\u00e7o completo de embalagem de seus pertences para transport\u00e1-los com seguran\u00e7a por via a\u00e9rea, mar\u00edtima e terrestre com libera\u00e7\u00e3o alfandeg\u00e1ria. Seus servi\u00e7os de realoca\u00e7\u00e3o incluem busca de casas e escolas, servi\u00e7os de instala\u00e7\u00e3o, suporte na partida, suporte para vistos e imigra\u00e7\u00e3o. Eles tamb\u00e9m oferecem <a href=\"https:\/\/moverdb.com\/pt\/car-transport-shipping\/\" data-internallinksmanager029f6b8e52c=\"2\" title=\"2026 Cota\u00e7\u00f5es de transporte internacional de carros e envio de ve\u00edculos\">transporte de ve\u00edculos<\/a> e realoca\u00e7\u00e3o de animais de estima\u00e7\u00e3o.<\/p>\n<p>Website: <a href=\"https:\/\/www.santaferelo.com\/en\/contact\/our-offices\/poland-warsaw\/\" target=\"_blank\" rel=\"noopener\">https:\/\/www.santaferelo.com\/en\/contact\/our-offices\/poland-warsaw\/<\/a><\/p>\n<h2><span class=\"ez-toc-section\" id=\"4_Universal_Express_Worldwide_Movers\"><\/span><strong>4. Universal Express Worldwide Movers<\/strong><span class=\"ez-toc-section-end\"><\/span><\/h2>\n<p><img loading=\"lazy\" decoding=\"async\" class=\"alignnone size-full wp-image-8868\" src=\"https:\/\/moverdb.com\/wp-content\/uploads\/Universal-Express-Worldwide-Movers-international-moving-company.png\" alt=\"Universal Express Worldwide Movers empresa de mudan\u00e7as internacionais\" width=\"1440\" height=\"679\" data-wp-pid=\"8868\" srcset=\"https:\/\/moverdb.com\/wp-content\/uploads\/Universal-Express-Worldwide-Movers-international-moving-company.png 1440w, https:\/\/moverdb.com\/wp-content\/uploads\/Universal-Express-Worldwide-Movers-international-moving-company-300x141.png 300w, https:\/\/moverdb.com\/wp-content\/uploads\/Universal-Express-Worldwide-Movers-international-moving-company-1024x483.png 1024w, https:\/\/moverdb.com\/wp-content\/uploads\/Universal-Express-Worldwide-Movers-international-moving-company-18x8.png 18w, https:\/\/moverdb.com\/wp-content\/uploads\/Universal-Express-Worldwide-Movers-international-moving-company-600x283.png 600w\" sizes=\"auto, (max-width: 1440px) 100vw, 1440px\" \/><\/p>\n<ul>\n<li>Mudan\u00e7as em n\u00edvel nacional<\/li>\n<li>Movimentos internacionais<\/li>\n<li>Mudan\u00e7as residenciais<\/li>\n<li>Mudan\u00e7as de escrit\u00f3rios e industriais<\/li>\n<li>Servi\u00e7o porta-a-porta<\/li>\n<li>Servi\u00e7o de embalagem<\/li>\n<li>Transporte terrestre, a\u00e9reo e mar\u00edtimo<\/li>\n<li>Desembara\u00e7o aduaneiro<\/li>\n<li>Seguros<\/li>\n<li>Instala\u00e7\u00f5es de armazenamento<\/li>\n<\/ul>\n<p>A Universal Express Worldwide Movers \u00e9 uma empresa de mudan\u00e7as e realoca\u00e7\u00e3o que tem filiais em Crac\u00f3via, Wroclaw, Poznan e Gdynia. Eles t\u00eam uma rede internacional de agentes de mudan\u00e7a que os auxiliam em mudan\u00e7as no mundo todo. Eles s\u00e3o membros da IAM com 33 anos de servi\u00e7o e s\u00e3o credenciados pela FIDI.<\/p>\n<p>A Universal Express Worldwide Movers oferece uma pesquisa antes da mudan\u00e7a para discutir sua mudan\u00e7a e personalizar seu plano de mudan\u00e7a. O gerente de mudan\u00e7as da empresa o ajudar\u00e1 com um servi\u00e7o porta a porta que inclui a embalagem segura de seus pertences para o tr\u00e2nsito. Eles providenciar\u00e3o o transporte de seus pertences por terra, ar ou mar, com desembara\u00e7o alfandeg\u00e1rio e orienta\u00e7\u00e3o sobre seguros.<\/p>\n<p>Website: <a href=\"http:\/\/www.uer.pl\/\" target=\"_blank\" rel=\"noopener\">http:\/\/www.uer.pl\/<\/a><\/p>\n<h2><span class=\"ez-toc-section\" id=\"Other_Useful_Guides_to_Poland\"><\/span>Outros guias \u00fateis para a Pol\u00f4nia<span class=\"ez-toc-section-end\"><\/span><\/h2>\n<ul>\n<li> <a href=\"https:\/\/moverdb.com\/pt\/transporte-de-conteineres\/polonia\/\">2024 Tarifas de remessa de cont\u00eaineres de frete mar\u00edtimo para e da Pol\u00f4nia<\/a><\/li>\n<li> <a href=\"https:\/\/moverdb.com\/pt\/best-international-money-traney-transfer-services\/money-transfer-companies-poland\/\">10 melhores empresas de transfer\u00eancia de dinheiro na Pol\u00f4nia<\/a><\/li>\n<li> <a href=\"https:\/\/moverdb.com\/pt\/moving-to-poland\/\">Mudan\u00e7a para a Pol\u00f4nia? 2026 Custo de vida e dicas de realoca\u00e7\u00e3o<\/a><\/li>\n<li> <a href=\"https:\/\/moverdb.com\/pt\/moving-to-poland\/best-places-to-live-poland\/\">12 melhores lugares para se viver na Pol\u00f4nia<\/a><\/li>\n<li> <a href=\"https:\/\/moverdb.com\/pt\/moving-to-poland\/living-in-poland\/\">21 segredos sobre morar na Pol\u00f4nia para saber antes de se mudar<\/a><\/li>\n<li> <a href=\"https:\/\/moverdb.com\/pt\/moving-to-poland\/moving-to-poland-from-the-uk\/\">Mudan\u00e7a do Reino Unido para a Pol\u00f4nia<\/a><\/li>\n<\/ul>","protected":false},"excerpt":{"rendered":"<p>If you are moving home or business, you may want to employ the services of a moving company to reduce the stress and workload involved. If you are moving within, to or from Poland, then the below Polish removal companies that are members of the International Association of Movers (IAM) and\/or FIDI Accredited International Mover [&hellip;]<\/p>\n","protected":false},"author":4,"featured_media":0,"parent":190,"menu_order":0,"comment_status":"closed","ping_status":"closed","template":"","meta":{"_genesis_hide_title":false,"_genesis_hide_breadcrumbs":false,"_genesis_hide_singular_image":false,"_genesis_hide_footer_widgets":false,"_genesis_custom_body_class":"","_genesis_custom_post_class":"","_genesis_layout":"","footnotes":""},"class_list":{"0":"post-8914","1":"page","2":"type-page","3":"status-publish","5":"entry","6":"has-post-thumbnail"},"_links":{"self":[{"href":"https:\/\/moverdb.com\/pt\/wp-json\/wp\/v2\/pages\/8914","targetHints":{"allow":["GET"]}}],"collection":[{"href":"https:\/\/moverdb.com\/pt\/wp-json\/wp\/v2\/pages"}],"about":[{"href":"https:\/\/moverdb.com\/pt\/wp-json\/wp\/v2\/types\/page"}],"author":[{"embeddable":true,"href":"https:\/\/moverdb.com\/pt\/wp-json\/wp\/v2\/users\/4"}],"replies":[{"embeddable":true,"href":"https:\/\/moverdb.com\/pt\/wp-json\/wp\/v2\/comments?post=8914"}],"version-history":[{"count":5,"href":"https:\/\/moverdb.com\/pt\/wp-json\/wp\/v2\/pages\/8914\/revisions"}],"predecessor-version":[{"id":17127,"href":"https:\/\/moverdb.com\/pt\/wp-json\/wp\/v2\/pages\/8914\/revisions\/17127"}],"up":[{"embeddable":true,"href":"https:\/\/moverdb.com\/pt\/wp-json\/wp\/v2\/pages\/190"}],"wp:attachment":[{"href":"https:\/\/moverdb.com\/pt\/wp-json\/wp\/v2\/media?parent=8914"}],"curies":[{"name":"wp","href":"https:\/\/api.w.org\/{rel}","templated":true}]}}