{"id":8912,"date":"2023-04-27T14:28:23","date_gmt":"2023-04-27T14:28:23","guid":{"rendered":"https:\/\/moverdb.com\/?page_id=8912"},"modified":"2026-01-08T15:29:31","modified_gmt":"2026-01-08T15:29:31","slug":"moving-companies-philippines","status":"publish","type":"page","link":"https:\/\/moverdb.com\/pt\/moving-companies\/moving-companies-philippines\/","title":{"rendered":"7 melhores empresas de mudan\u00e7a internacional nas Filipinas"},"content":{"rendered":"<p>Se voc\u00ea estiver mudando sua resid\u00eancia ou empresa dentro, para ou da <a href=\"https:\/\/moverdb.com\/pt\/moving-to-the-philippines\/\" data-internallinksmanager029f6b8e52c=\"376\" title=\"Est\u00e1 se mudando para as Filipinas? 2026 Custo de vida e dicas de realoca\u00e7\u00e3o\">Filipinas<\/a>Se voc\u00ea n\u00e3o tiver uma boa experi\u00eancia, talvez esteja procurando algum apoio para ajudar a aliviar a carga. <a href=\"https:\/\/moverdb.com\/pt\/moving-companies\/\" data-internallinksmanager029f6b8e52c=\"79\" title=\"As 25 maiores empresas de mudan\u00e7as internacionais on-line\">Empresas de mudan\u00e7as<\/a> pode ajudar a fazer as malas, organizar o transporte e dar suporte \u00e0 documenta\u00e7\u00e3o. Abaixo, compilamos uma lista de empresas sediadas nas Filipinas <a href=\"https:\/\/moverdb.com\/pt\/international-removals\/\" data-internallinksmanager029f6b8e52c=\"27\" title=\"36 melhores empresas de mudan\u00e7as internacionais no Reino Unido\">empresas de mudan\u00e7as<\/a> que s\u00e3o membros do <a href=\"https:\/\/moverdb.com\/pt\/iam\/\" data-internallinksmanager029f6b8e52c=\"23\" title=\"Associa\u00e7\u00e3o Internacional de Remotores (IAM) Explicado\">Associa\u00e7\u00e3o Internacional de Movers<\/a> (IAM) e\/ou <a href=\"https:\/\/moverdb.com\/pt\/fidi-faim\/\" data-internallinksmanager029f6b8e52c=\"16\" title=\"FIDI &amp; FAIM (FIDI Accredited International Mover) Explicado\">FIDI<\/a> Credenciado pela International Mover (FAIM), que poderia ajud\u00e1-lo com sua mudan\u00e7a.<\/p>\n<div id=\"ez-toc-container\" class=\"ez-toc-v2_0_82_2 ez-toc-wrap-left counter-hierarchy ez-toc-counter ez-toc-transparent ez-toc-container-direction\">\n<div class=\"ez-toc-title-container\">\n<p class=\"ez-toc-title\" style=\"cursor:inherit\">Se\u00e7\u00f5es<\/p>\n<span class=\"ez-toc-title-toggle\"><a href=\"#\" class=\"ez-toc-pull-right ez-toc-btn ez-toc-btn-xs ez-toc-btn-default ez-toc-toggle\" aria-label=\"Alternar tabela de conte\u00fado\"><span class=\"ez-toc-js-icon-con\"><span class=\"\"><span class=\"eztoc-hide\" style=\"display:none;\">Alternar<\/span><span class=\"ez-toc-icon-toggle-span\"><svg style=\"fill: #999;color:#999\" xmlns=\"http:\/\/www.w3.org\/2000\/svg\" class=\"list-377408\" width=\"20px\" height=\"20px\" viewbox=\"0 0 24 24\" fill=\"none\"><path d=\"M6 6H4v2h2V6zm14 0H8v2h12V6zM4 11h2v2H4v-2zm16 0H8v2h12v-2zM4 16h2v2H4v-2zm16 0H8v2h12v-2z\" fill=\"currentColor\"><\/path><\/svg><svg style=\"fill: #999;color:#999\" class=\"arrow-unsorted-368013\" xmlns=\"http:\/\/www.w3.org\/2000\/svg\" width=\"10px\" height=\"10px\" viewbox=\"0 0 24 24\" version=\"1.2\" baseprofile=\"tiny\"><path d=\"M18.2 9.3l-6.2-6.3-6.2 6.3c-.2.2-.3.4-.3.7s.1.5.3.7c.2.2.4.3.7.3h11c.3 0 .5-.1.7-.3.2-.2.3-.5.3-.7s-.1-.5-.3-.7zM5.8 14.7l6.2 6.3 6.2-6.3c.2-.2.3-.5.3-.7s-.1-.5-.3-.7c-.2-.2-.4-.3-.7-.3h-11c-.3 0-.5.1-.7.3-.2.2-.3.5-.3.7s.1.5.3.7z\"\/><\/svg><\/span><\/span><\/span><\/a><\/span><\/div>\n<nav><ul class='ez-toc-list ez-toc-list-level-1 eztoc-toggle-hide-by-default' ><li class='ez-toc-page-1 ez-toc-heading-level-2'><a class=\"ez-toc-link ez-toc-heading-1\" href=\"https:\/\/moverdb.com\/pt\/moving-companies\/moving-companies-philippines\/#1_Asia_Relocation\" >1. Realoca\u00e7\u00e3o na \u00c1sia<\/a><\/li><li class='ez-toc-page-1 ez-toc-heading-level-2'><a class=\"ez-toc-link ez-toc-heading-2\" href=\"https:\/\/moverdb.com\/pt\/moving-companies\/moving-companies-philippines\/#2_Consolidated_Strategies_Solutions\" >2. Estrat\u00e9gias e solu\u00e7\u00f5es consolidadas<\/a><\/li><li class='ez-toc-page-1 ez-toc-heading-level-2'><a class=\"ez-toc-link ez-toc-heading-3\" href=\"https:\/\/moverdb.com\/pt\/moving-companies\/moving-companies-philippines\/#3_Dads_Moving_Storage\" >3. Dad's Moving &amp; Storage<\/a><\/li><li class='ez-toc-page-1 ez-toc-heading-level-2'><a class=\"ez-toc-link ez-toc-heading-4\" href=\"https:\/\/moverdb.com\/pt\/moving-companies\/moving-companies-philippines\/#4_Global_Logistics_Services\" >4. Servi\u00e7os de log\u00edstica global<\/a><\/li><li class='ez-toc-page-1 ez-toc-heading-level-2'><a class=\"ez-toc-link ez-toc-heading-5\" href=\"https:\/\/moverdb.com\/pt\/moving-companies\/moving-companies-philippines\/#5_Goetz_Moving_Storage\" >5. Goetz Moving &amp; Storage<\/a><\/li><li class='ez-toc-page-1 ez-toc-heading-level-2'><a class=\"ez-toc-link ez-toc-heading-6\" href=\"https:\/\/moverdb.com\/pt\/moving-companies\/moving-companies-philippines\/#6_Melcon_Worldwide_Logistics\" >6. Melcon Log\u00edstica Mundial<\/a><\/li><li class='ez-toc-page-1 ez-toc-heading-level-2'><a class=\"ez-toc-link ez-toc-heading-7\" href=\"https:\/\/moverdb.com\/pt\/moving-companies\/moving-companies-philippines\/#7_Santa_Fe_Relocation\" >7. Realoca\u00e7\u00e3o de Santa F\u00e9<\/a><\/li><li class='ez-toc-page-1 ez-toc-heading-level-2'><a class=\"ez-toc-link ez-toc-heading-8\" href=\"https:\/\/moverdb.com\/pt\/moving-companies\/moving-companies-philippines\/#Other_Useful_Guides_to_the_Philippines\" >Outros guias \u00fateis sobre as Filipinas<\/a><\/li><\/ul><\/nav><\/div>\n<h2><span class=\"ez-toc-section\" id=\"1_Asia_Relocation\"><\/span><strong>1. Realoca\u00e7\u00e3o na \u00c1sia<\/strong><span class=\"ez-toc-section-end\"><\/span><\/h2>\n<p><img loading=\"lazy\" decoding=\"async\" class=\"alignnone size-full wp-image-8759\" src=\"https:\/\/moverdb.com\/wp-content\/uploads\/Asia-Relocation-international-moving-company.png\" alt=\"Asia Relocation empresa de mudan\u00e7as internacionais\" width=\"1440\" height=\"677\" data-wp-pid=\"8759\" srcset=\"https:\/\/moverdb.com\/wp-content\/uploads\/Asia-Relocation-international-moving-company.png 1440w, https:\/\/moverdb.com\/wp-content\/uploads\/Asia-Relocation-international-moving-company-300x141.png 300w, https:\/\/moverdb.com\/wp-content\/uploads\/Asia-Relocation-international-moving-company-1024x481.png 1024w, https:\/\/moverdb.com\/wp-content\/uploads\/Asia-Relocation-international-moving-company-18x8.png 18w, https:\/\/moverdb.com\/wp-content\/uploads\/Asia-Relocation-international-moving-company-600x282.png 600w\" sizes=\"auto, (max-width: 1440px) 100vw, 1440px\" \/><\/p>\n<ul>\n<li>Mudan\u00e7as locais<\/li>\n<li>Movimentos internacionais<\/li>\n<li>Mudan\u00e7as dom\u00e9sticas<\/li>\n<li>Mudan\u00e7as de escrit\u00f3rios<\/li>\n<li>Servi\u00e7o de embalagem<\/li>\n<li>Provid\u00eancias de transporte<\/li>\n<li>Vistos e imigra\u00e7\u00e3o<\/li>\n<li>Transporte de ve\u00edculos e animais de estima\u00e7\u00e3o<\/li>\n<li>Seguros<\/li>\n<li>Armazenamento de curto e longo prazo<\/li>\n<\/ul>\n<p>A Asia Relocation oferece solu\u00e7\u00f5es gerenciadas de mudan\u00e7a internacional e est\u00e1 sediada na cidade de Makati. Eles trabalham com fornecedores e agentes que atendem a seus padr\u00f5es de qualidade para ajud\u00e1-los a prestar servi\u00e7os internacionais. Eles s\u00e3o membros da IAM com 12 anos de servi\u00e7o.<\/p>\n<p>A Asia Relocation oferece uma variedade de servi\u00e7os de mudan\u00e7a e reloca\u00e7\u00e3o que incluem mudan\u00e7as nacionais e internacionais, servi\u00e7os de visto e imigra\u00e7\u00e3o, <a href=\"https:\/\/moverdb.com\/pt\/car-transport-shipping\/\" data-internallinksmanager029f6b8e52c=\"2\" title=\"2026 Cota\u00e7\u00f5es de transporte internacional de carros e envio de ve\u00edculos\">transporte de ve\u00edculos<\/a>A empresa oferece op\u00e7\u00f5es de mudan\u00e7a e armazenamento para animais de estima\u00e7\u00e3o. Eles fornecer\u00e3o um plano de mudan\u00e7a personalizado, servi\u00e7o completo de embalagem e organiza\u00e7\u00e3o do transporte. Eles oferecem servi\u00e7os de realoca\u00e7\u00e3o, incluindo busca de casas e escolas, acomoda\u00e7\u00e3o tempor\u00e1ria, orienta\u00e7\u00e3o e aluguel de ve\u00edculos.<\/p>\n<p>Website: <a href=\"https:\/\/asia-relocation.com\/\" target=\"_blank\" rel=\"noopener\">https:\/\/asia-relocation.com\/<\/a><\/p>\n<h2><span class=\"ez-toc-section\" id=\"2_Consolidated_Strategies_Solutions\"><\/span><strong>2. Estrat\u00e9gias e solu\u00e7\u00f5es consolidadas<\/strong><span class=\"ez-toc-section-end\"><\/span><\/h2>\n<p><img loading=\"lazy\" decoding=\"async\" class=\"alignnone size-full wp-image-8778\" src=\"https:\/\/moverdb.com\/wp-content\/uploads\/Consolidated-Strategies-Solutions-international-moving-company.png\" alt=\"Consolidated Strategies &amp; Solutions empresa de mudan\u00e7as internacionais\" width=\"1440\" height=\"679\" data-wp-pid=\"8778\" srcset=\"https:\/\/moverdb.com\/wp-content\/uploads\/Consolidated-Strategies-Solutions-international-moving-company.png 1440w, https:\/\/moverdb.com\/wp-content\/uploads\/Consolidated-Strategies-Solutions-international-moving-company-300x141.png 300w, https:\/\/moverdb.com\/wp-content\/uploads\/Consolidated-Strategies-Solutions-international-moving-company-1024x483.png 1024w, https:\/\/moverdb.com\/wp-content\/uploads\/Consolidated-Strategies-Solutions-international-moving-company-18x8.png 18w, https:\/\/moverdb.com\/wp-content\/uploads\/Consolidated-Strategies-Solutions-international-moving-company-600x283.png 600w\" sizes=\"auto, (max-width: 1440px) 100vw, 1440px\" \/><\/p>\n<ul>\n<li>Mudan\u00e7as locais<\/li>\n<li>Movimentos internacionais<\/li>\n<li>Mudan\u00e7as dom\u00e9sticas<\/li>\n<li>Servi\u00e7os de reloca\u00e7\u00e3o<\/li>\n<li>Consultas dispon\u00edveis<\/li>\n<li>Servi\u00e7o personalizado<\/li>\n<li>Servi\u00e7o de embalagem<\/li>\n<li>Caixas seladas de forma segura<\/li>\n<li>Arranjo de transporte<\/li>\n<li>Instala\u00e7\u00f5es de armazenamento seguras<\/li>\n<\/ul>\n<p>A Consolidated Strategies &amp; Solutions \u00e9 uma empresa de mudan\u00e7as internacionais com mais de 15 anos de experi\u00eancia e est\u00e1 sediada em Quezon City. Eles s\u00e3o membros da IAM, o que lhes d\u00e1 acesso a uma rede internacional de agentes de mudan\u00e7a para apoi\u00e1-los com servi\u00e7os em todo o mundo.<\/p>\n<p>A Consolidated Strategies &amp; Solutions oferece mudan\u00e7as locais e nacionais nas Filipinas e mudan\u00e7as internacionais de e para as Filipinas. Eles oferecem servi\u00e7os de embalagem para ajudar a proteger seus pertences durante o transporte e o armazenamento. Eles oferecem instala\u00e7\u00f5es de armazenamento seguro, onde suas caixas podem ser lacradas em sua casa e depois transportadas para as instala\u00e7\u00f5es de armazenamento.<\/p>\n<p>Website: <a href=\"http:\/\/www.csandsolutions.com\" target=\"_blank\" rel=\"noopener\">http:\/\/www.csandsolutions.com<\/a><\/p>\n<h2><span class=\"ez-toc-section\" id=\"3_Dads_Moving_Storage\"><\/span><strong>3. Dad's Moving &amp; Storage<\/strong><span class=\"ez-toc-section-end\"><\/span><\/h2>\n<p><img loading=\"lazy\" decoding=\"async\" class=\"alignnone size-full wp-image-8782\" src=\"https:\/\/moverdb.com\/wp-content\/uploads\/Dads-Moving-Storage-international-moving-company.png\" alt=\"\" width=\"1440\" height=\"683\" data-wp-pid=\"8782\" srcset=\"https:\/\/moverdb.com\/wp-content\/uploads\/Dads-Moving-Storage-international-moving-company.png 1440w, https:\/\/moverdb.com\/wp-content\/uploads\/Dads-Moving-Storage-international-moving-company-300x142.png 300w, https:\/\/moverdb.com\/wp-content\/uploads\/Dads-Moving-Storage-international-moving-company-1024x486.png 1024w, https:\/\/moverdb.com\/wp-content\/uploads\/Dads-Moving-Storage-international-moving-company-18x9.png 18w, https:\/\/moverdb.com\/wp-content\/uploads\/Dads-Moving-Storage-international-moving-company-600x285.png 600w\" sizes=\"auto, (max-width: 1440px) 100vw, 1440px\" \/><\/p>\n<ul>\n<li>Movimentos nacionais<\/li>\n<li>Movimentos internacionais<\/li>\n<li>Mudan\u00e7as dom\u00e9sticas<\/li>\n<li>Mudan\u00e7as na organiza\u00e7\u00e3o<\/li>\n<li>Pre\u00e7os com tudo inclu\u00eddo<\/li>\n<li>Servi\u00e7o de embalagem<\/li>\n<li>Materiais ecologicamente corretos<\/li>\n<li>Arranjo de transporte<\/li>\n<li>Aconselhamento e orienta\u00e7\u00e3o<\/li>\n<li>Instala\u00e7\u00f5es de armazenamento<\/li>\n<\/ul>\n<p>A Dad's Moving &amp; Storage \u00e9 uma empresa de mudan\u00e7as e armazenamento criada por alguns veteranos experientes em mudan\u00e7as e est\u00e1 sediada na cidade de Muntinlupa. Eles trabalham com agentes de mudan\u00e7a em 196 pa\u00edses para apoi\u00e1-los na presta\u00e7\u00e3o de seus servi\u00e7os fora das Filipinas. Eles s\u00e3o membros da IAM com seis anos de servi\u00e7o.<\/p>\n<p>A Dad's Moving &amp; Storage oferece servi\u00e7os de mudan\u00e7a dentro, para e das Filipinas para resid\u00eancias e funcion\u00e1rios de organiza\u00e7\u00f5es que estejam se mudando. Eles o apoiar\u00e3o e orientar\u00e3o durante a mudan\u00e7a e o ajudar\u00e3o a embalar seus pertences com seguran\u00e7a, usando os materiais e caixas de papel\u00e3o mais adequados para proteg\u00ea-los.<\/p>\n<p>Website: <a href=\"http:\/\/dadsmoving.com\" target=\"_blank\" rel=\"noopener\">http:\/\/dadsmoving.com<\/a><\/p>\n<h2><span class=\"ez-toc-section\" id=\"4_Global_Logistics_Services\"><\/span><strong>4. Servi\u00e7os de log\u00edstica global<\/strong><span class=\"ez-toc-section-end\"><\/span><\/h2>\n<p><img loading=\"lazy\" decoding=\"async\" class=\"alignnone size-full wp-image-8805\" src=\"https:\/\/moverdb.com\/wp-content\/uploads\/Global-Logistics-Services-international-moving-company.png\" alt=\"Global Logistics Services empresa de mudan\u00e7as internacionais\" width=\"1440\" height=\"680\" data-wp-pid=\"8805\" srcset=\"https:\/\/moverdb.com\/wp-content\/uploads\/Global-Logistics-Services-international-moving-company.png 1440w, https:\/\/moverdb.com\/wp-content\/uploads\/Global-Logistics-Services-international-moving-company-300x142.png 300w, https:\/\/moverdb.com\/wp-content\/uploads\/Global-Logistics-Services-international-moving-company-1024x484.png 1024w, https:\/\/moverdb.com\/wp-content\/uploads\/Global-Logistics-Services-international-moving-company-18x9.png 18w, https:\/\/moverdb.com\/wp-content\/uploads\/Global-Logistics-Services-international-moving-company-600x283.png 600w\" sizes=\"auto, (max-width: 1440px) 100vw, 1440px\" \/><\/p>\n<ul>\n<li>Movimentos nacionais<\/li>\n<li>Mudan\u00e7as internacionais<\/li>\n<li>Mudan\u00e7as residenciais<\/li>\n<li>Mudan\u00e7as de escrit\u00f3rio<\/li>\n<li>Servi\u00e7o de embalagem<\/li>\n<li>Arranjo de transporte<\/li>\n<li>Rastreamento de embarque<\/li>\n<li>Transporte de ve\u00edculos<\/li>\n<li>Realoca\u00e7\u00e3o de animais<\/li>\n<li>Servi\u00e7os de armazenagem<\/li>\n<\/ul>\n<p>A Global Logistics Services \u00e9 uma empresa de mudan\u00e7a e realoca\u00e7\u00e3o internacional fundada em 2013 e est\u00e1 sediada em Paranaque, com escrit\u00f3rios tamb\u00e9m em <a href=\"https:\/\/moverdb.com\/pt\/moving-to-the-united-states\/moving-to-new-york\/\" data-internallinksmanager029f6b8e52c=\"332\" title=\"Est\u00e1 se mudando para Nova York (Estado)? 2026 Custo de vida e dicas de realoca\u00e7\u00e3o\">Nova Iorque<\/a> e nas Ilhas Marshall. Eles t\u00eam uma ampla rede global de parceiros que os auxiliam na presta\u00e7\u00e3o de servi\u00e7os internacionais. Eles s\u00e3o membros da IAM com 16 anos de servi\u00e7o.<\/p>\n<p>A Global Logistics Services oferece uma solu\u00e7\u00e3o completa para mudan\u00e7as, seja de casa ou de escrit\u00f3rio. Eles fornecem um servi\u00e7o de embalagem usando caixas dur\u00e1veis para proteger seus pertences e providenciam o transporte seguro at\u00e9 o seu destino. Eles oferecem servi\u00e7os especializados para a mudan\u00e7a de pianos, carros e animais de estima\u00e7\u00e3o.<\/p>\n<p>Website: <a href=\"http:\/\/www.a1global-logistics.com\" target=\"_blank\" rel=\"noopener\">http:\/\/www.a1global-logistics.com<\/a><\/p>\n<h2><span class=\"ez-toc-section\" id=\"5_Goetz_Moving_Storage\"><\/span><strong>5. Goetz Moving &amp; Storage<\/strong><span class=\"ez-toc-section-end\"><\/span><\/h2>\n<p><img loading=\"lazy\" decoding=\"async\" class=\"alignnone size-full wp-image-8809\" src=\"https:\/\/moverdb.com\/wp-content\/uploads\/Goetz-Moving-Storage-international-moving-company.png\" alt=\"Goetz Moving &amp; Storage empresa de mudan\u00e7as internacionais\" width=\"1440\" height=\"680\" data-wp-pid=\"8809\" srcset=\"https:\/\/moverdb.com\/wp-content\/uploads\/Goetz-Moving-Storage-international-moving-company.png 1440w, https:\/\/moverdb.com\/wp-content\/uploads\/Goetz-Moving-Storage-international-moving-company-300x142.png 300w, https:\/\/moverdb.com\/wp-content\/uploads\/Goetz-Moving-Storage-international-moving-company-1024x484.png 1024w, https:\/\/moverdb.com\/wp-content\/uploads\/Goetz-Moving-Storage-international-moving-company-18x9.png 18w, https:\/\/moverdb.com\/wp-content\/uploads\/Goetz-Moving-Storage-international-moving-company-600x283.png 600w\" sizes=\"auto, (max-width: 1440px) 100vw, 1440px\" \/><\/p>\n<ul>\n<li>Mudan\u00e7as locais<\/li>\n<li>Movimentos internacionais<\/li>\n<li>Mudan\u00e7as residenciais<\/li>\n<li>Mudan\u00e7as de escrit\u00f3rio<\/li>\n<li>Servi\u00e7o porta-a-porta<\/li>\n<li>Carga a\u00e9rea e mar\u00edtima<\/li>\n<li>Desembara\u00e7o aduaneiro<\/li>\n<li>Servi\u00e7os de vistos e imigra\u00e7\u00e3o<\/li>\n<li>Seguros<\/li>\n<li>Instala\u00e7\u00f5es de armazenamento<\/li>\n<\/ul>\n<p>A Goetz Moving &amp; Storage oferece servi\u00e7os de mudan\u00e7a internacional porta a porta, foi fundada em 1984 e est\u00e1 sediada em Paranaque. Eles t\u00eam uma rede de agentes de mudan\u00e7as locais e internacionais em locais estrat\u00e9gicos em todo o mundo para apoi\u00e1-los. Eles s\u00e3o membros da IAM com 39 anos de servi\u00e7o.<\/p>\n<p>A Goetz Moving &amp; Storage oferece servi\u00e7os de mudan\u00e7a e realoca\u00e7\u00e3o porta a porta, que incluem a organiza\u00e7\u00e3o do transporte e o desembara\u00e7o alfandeg\u00e1rio, bem como cobertura de seguro. Eles oferecem servi\u00e7os de realoca\u00e7\u00e3o que incluem orienta\u00e7\u00e3o sobre a \u00e1rea, busca de casas e escolas, servi\u00e7os de instala\u00e7\u00e3o, servi\u00e7os de partida, treinamento cultural e suporte para vistos e imigra\u00e7\u00e3o.<\/p>\n<p>Website: <a href=\"http:\/\/www.goetzmoving.com\" target=\"_blank\" rel=\"noopener\">http:\/\/www.goetzmoving.com<\/a><\/p>\n<h2><span class=\"ez-toc-section\" id=\"6_Melcon_Worldwide_Logistics\"><\/span><strong>6. Melcon Log\u00edstica Mundial<\/strong><span class=\"ez-toc-section-end\"><\/span><\/h2>\n<p><img loading=\"lazy\" decoding=\"async\" class=\"alignnone size-full wp-image-8824\" src=\"https:\/\/moverdb.com\/wp-content\/uploads\/Melcon-Worldwide-Logistics-international-moving-company.png\" alt=\"Melcon Worldwide Logistics empresa de mudan\u00e7as internacionais\" width=\"1440\" height=\"678\" data-wp-pid=\"8824\" srcset=\"https:\/\/moverdb.com\/wp-content\/uploads\/Melcon-Worldwide-Logistics-international-moving-company.png 1440w, https:\/\/moverdb.com\/wp-content\/uploads\/Melcon-Worldwide-Logistics-international-moving-company-300x141.png 300w, https:\/\/moverdb.com\/wp-content\/uploads\/Melcon-Worldwide-Logistics-international-moving-company-1024x482.png 1024w, https:\/\/moverdb.com\/wp-content\/uploads\/Melcon-Worldwide-Logistics-international-moving-company-18x8.png 18w, https:\/\/moverdb.com\/wp-content\/uploads\/Melcon-Worldwide-Logistics-international-moving-company-600x283.png 600w\" sizes=\"auto, (max-width: 1440px) 100vw, 1440px\" \/><\/p>\n<ul>\n<li>Mudan\u00e7as locais<\/li>\n<li>Movimentos internacionais<\/li>\n<li>Mudan\u00e7as residenciais<\/li>\n<li>Mudan\u00e7as de escrit\u00f3rios e f\u00e1bricas<\/li>\n<li>Servi\u00e7o porta-a-porta<\/li>\n<li>Carga a\u00e9rea e mar\u00edtima<\/li>\n<li>Servi\u00e7os de corretagem<\/li>\n<li>Transporte de animais<\/li>\n<li>Seguro de tr\u00e2nsito<\/li>\n<li>Instala\u00e7\u00f5es de armazenamento<\/li>\n<\/ul>\n<p>A Melcon Worldwide Logistics \u00e9 uma empresa de log\u00edstica completa que oferece agenciamento, distribui\u00e7\u00e3o e armazenamento. A empresa tem escrit\u00f3rios na cidade de Taguig e na cidade de Davao. Eles s\u00e3o membros da IAM com 20 anos de servi\u00e7o, o que lhes d\u00e1 acesso a uma rede internacional de agentes de mudan\u00e7a para apoi\u00e1-los.<\/p>\n<p>A Melcon Worldwide Logistics oferece servi\u00e7os de log\u00edstica personalizados que incluem um servi\u00e7o de mudan\u00e7a porta a porta e traslados locais. Eles proteger\u00e3o seus objetos pessoais e providenciar\u00e3o o transporte por frete a\u00e9reo ou mar\u00edtimo com seguro de tr\u00e2nsito. Eles oferecem um servi\u00e7o de mudan\u00e7a de animais de estima\u00e7\u00e3o para ajud\u00e1-lo a levar seus animais de estima\u00e7\u00e3o com voc\u00ea. Eles tamb\u00e9m oferecem op\u00e7\u00f5es de armazenamento com controle de umidade e armazenamento a frio.<\/p>\n<p>Website: <a href=\"http:\/\/www.melconlogistics.com\" target=\"_blank\" rel=\"noopener\">http:\/\/www.melconlogistics.com<\/a><\/p>\n<h2><span class=\"ez-toc-section\" id=\"7_Santa_Fe_Relocation\"><\/span><strong>7. Realoca\u00e7\u00e3o de Santa F\u00e9<\/strong><span class=\"ez-toc-section-end\"><\/span><\/h2>\n<p><img loading=\"lazy\" decoding=\"async\" class=\"alignnone size-full wp-image-8850\" src=\"https:\/\/moverdb.com\/wp-content\/uploads\/Santa-Fe-Relocation-Philippines-international-moving-company.png\" alt=\"Santa Fe Relocation Philippines empresa de mudan\u00e7as internacionais\" width=\"1440\" height=\"676\" data-wp-pid=\"8850\" srcset=\"https:\/\/moverdb.com\/wp-content\/uploads\/Santa-Fe-Relocation-Philippines-international-moving-company.png 1440w, https:\/\/moverdb.com\/wp-content\/uploads\/Santa-Fe-Relocation-Philippines-international-moving-company-300x141.png 300w, https:\/\/moverdb.com\/wp-content\/uploads\/Santa-Fe-Relocation-Philippines-international-moving-company-1024x481.png 1024w, https:\/\/moverdb.com\/wp-content\/uploads\/Santa-Fe-Relocation-Philippines-international-moving-company-18x8.png 18w, https:\/\/moverdb.com\/wp-content\/uploads\/Santa-Fe-Relocation-Philippines-international-moving-company-600x282.png 600w\" sizes=\"auto, (max-width: 1440px) 100vw, 1440px\" \/><\/p>\n<ul>\n<li>Movimentos nacionais<\/li>\n<li>Movimentos internacionais<\/li>\n<li>Mudan\u00e7as residenciais<\/li>\n<li>Consulta pr\u00e9-movimento<\/li>\n<li>Servi\u00e7o de embalagem<\/li>\n<li>Transporte por terra, ar e mar<\/li>\n<li>Desembara\u00e7o aduaneiro<\/li>\n<li>Envio de ve\u00edculos<\/li>\n<li>Realoca\u00e7\u00e3o de animais<\/li>\n<li>Instala\u00e7\u00f5es de armazenamento de curto e longo prazo<\/li>\n<\/ul>\n<p>A Santa Fe Relocation \u00e9 uma empresa de mudan\u00e7as internacionais com 96 escrit\u00f3rios em 47 pa\u00edses e sua filial nas Filipinas est\u00e1 sediada na cidade de Calamba. Eles t\u00eam ajudado as pessoas a se mudarem h\u00e1 mais de 120 anos. Eles s\u00e3o membros da IAM e credenciados pela FIDI.<\/p>\n<p>A Santa Fe Relocation oferece um consultor de mudan\u00e7as para ajud\u00e1-lo em sua mudan\u00e7a. Eles providenciar\u00e3o a embalagem de seus pertences e o transporte por terra, ar ou mar com libera\u00e7\u00e3o alfandeg\u00e1ria. Eles oferecem uma variedade de servi\u00e7os adicionais e de realoca\u00e7\u00e3o, incluindo limpeza, aluguel de curto prazo, transporte de ve\u00edculos, realoca\u00e7\u00e3o de animais de estima\u00e7\u00e3o, vistos e imigra\u00e7\u00e3o, servi\u00e7os de partida, treinamento cultural, orienta\u00e7\u00e3o e busca de casas e escolas.<\/p>\n<p>Website: <a href=\"https:\/\/www.santaferelo.com\/en\/contact\/our-offices\/philippines-manila\/\" target=\"_blank\" rel=\"noopener\">https:\/\/www.santaferelo.com\/en\/contact\/our-offices\/philippines-manila\/<\/a><\/p>\n<h2><span class=\"ez-toc-section\" id=\"Other_Useful_Guides_to_the_Philippines\"><\/span>Outros guias \u00fateis sobre as Filipinas<span class=\"ez-toc-section-end\"><\/span><\/h2>\n<ul>\n<li> <a href=\"https:\/\/moverdb.com\/pt\/transporte-de-conteineres\/filipinas\/\">2024 Tarifas de remessa de cont\u00eaineres de frete mar\u00edtimo de e para as Filipinas<\/a><\/li>\n<li> <a href=\"https:\/\/moverdb.com\/pt\/moving-to-the-philippines\/\">Est\u00e1 se mudando para as Filipinas? 2026 Custo de vida e dicas de realoca\u00e7\u00e3o<\/a><\/li>\n<li> <a href=\"https:\/\/moverdb.com\/pt\/moving-to-the-philippines\/best-places-to-live-philippines\/\">12 melhores lugares para se viver nas Filipinas<\/a><\/li>\n<li> <a href=\"https:\/\/moverdb.com\/pt\/moving-to-the-philippines\/living-in-the-philippines\/\">21 segredos sobre morar nas Filipinas para saber antes de se mudar<\/a><\/li>\n<li> <a href=\"https:\/\/moverdb.com\/pt\/moving-to-the-philippines\/philippines-from-us\/\">Mudan\u00e7a dos Estados Unidos para as Filipinas<\/a><\/li>\n<\/ul>","protected":false},"excerpt":{"rendered":"<p>If you are moving home or business within, to or from the Philippines, you may be looking for some support to help lighten the load. Moving companies can assist with packing, organising transportation and documentation support. Below we have compiled a list of Philippines based removal companies that are members of the International Association of [&hellip;]<\/p>\n","protected":false},"author":4,"featured_media":0,"parent":190,"menu_order":0,"comment_status":"closed","ping_status":"closed","template":"","meta":{"_genesis_hide_title":false,"_genesis_hide_breadcrumbs":false,"_genesis_hide_singular_image":false,"_genesis_hide_footer_widgets":false,"_genesis_custom_body_class":"","_genesis_custom_post_class":"","_genesis_layout":"","footnotes":""},"class_list":{"0":"post-8912","1":"page","2":"type-page","3":"status-publish","5":"entry","6":"has-post-thumbnail"},"_links":{"self":[{"href":"https:\/\/moverdb.com\/pt\/wp-json\/wp\/v2\/pages\/8912","targetHints":{"allow":["GET"]}}],"collection":[{"href":"https:\/\/moverdb.com\/pt\/wp-json\/wp\/v2\/pages"}],"about":[{"href":"https:\/\/moverdb.com\/pt\/wp-json\/wp\/v2\/types\/page"}],"author":[{"embeddable":true,"href":"https:\/\/moverdb.com\/pt\/wp-json\/wp\/v2\/users\/4"}],"replies":[{"embeddable":true,"href":"https:\/\/moverdb.com\/pt\/wp-json\/wp\/v2\/comments?post=8912"}],"version-history":[{"count":4,"href":"https:\/\/moverdb.com\/pt\/wp-json\/wp\/v2\/pages\/8912\/revisions"}],"predecessor-version":[{"id":16985,"href":"https:\/\/moverdb.com\/pt\/wp-json\/wp\/v2\/pages\/8912\/revisions\/16985"}],"up":[{"embeddable":true,"href":"https:\/\/moverdb.com\/pt\/wp-json\/wp\/v2\/pages\/190"}],"wp:attachment":[{"href":"https:\/\/moverdb.com\/pt\/wp-json\/wp\/v2\/media?parent=8912"}],"curies":[{"name":"wp","href":"https:\/\/api.w.org\/{rel}","templated":true}]}}