{"id":8906,"date":"2023-04-27T14:30:32","date_gmt":"2023-04-27T14:30:32","guid":{"rendered":"https:\/\/moverdb.com\/?page_id=8906"},"modified":"2026-01-08T15:24:24","modified_gmt":"2026-01-08T15:24:24","slug":"moving-companies-paraguay","status":"publish","type":"page","link":"https:\/\/moverdb.com\/pt\/moving-companies\/moving-companies-paraguay\/","title":{"rendered":"3 melhores empresas de mudan\u00e7as internacionais no Paraguai"},"content":{"rendered":"<p>Est\u00e1 planejando uma mudan\u00e7a dentro, para ou do Paraguai? Se precisar de ajuda para embalar e organizar sua mudan\u00e7a, especialmente se estiver mudando de pa\u00eds e precisar preencher a documenta\u00e7\u00e3o de importa\u00e7\u00e3o\/exporta\u00e7\u00e3o. Abaixo, compilamos uma lista de empresas sediadas no Paraguai <a href=\"https:\/\/moverdb.com\/pt\/international-removals\/\" data-internallinksmanager029f6b8e52c=\"27\" title=\"36 melhores empresas de mudan\u00e7as internacionais no Reino Unido\">empresas de mudan\u00e7as<\/a> que s\u00e3o membros do <a href=\"https:\/\/moverdb.com\/pt\/iam\/\" data-internallinksmanager029f6b8e52c=\"23\" title=\"Associa\u00e7\u00e3o Internacional de Remotores (IAM) Explicado\">Associa\u00e7\u00e3o Internacional de Movers<\/a> (IAM) e\/ou <a href=\"https:\/\/moverdb.com\/pt\/fidi-faim\/\" data-internallinksmanager029f6b8e52c=\"16\" title=\"FIDI &amp; FAIM (FIDI Accredited International Mover) Explicado\">FIDI<\/a> Credenciado pela International Mover (FAIM), que poderia ajud\u00e1-lo com sua mudan\u00e7a.<\/p>\n<h2><strong>1. Servimex<\/strong><\/h2>\n<p><img loading=\"lazy\" decoding=\"async\" class=\"alignnone size-full wp-image-8856\" src=\"https:\/\/moverdb.com\/wp-content\/uploads\/Servimex-international-moving-company.png\" alt=\"Empresa de mudan\u00e7as internacionais Servimex\" width=\"1440\" height=\"674\" data-wp-pid=\"8856\" srcset=\"https:\/\/moverdb.com\/wp-content\/uploads\/Servimex-international-moving-company.png 1440w, https:\/\/moverdb.com\/wp-content\/uploads\/Servimex-international-moving-company-300x140.png 300w, https:\/\/moverdb.com\/wp-content\/uploads\/Servimex-international-moving-company-1024x479.png 1024w, https:\/\/moverdb.com\/wp-content\/uploads\/Servimex-international-moving-company-18x8.png 18w, https:\/\/moverdb.com\/wp-content\/uploads\/Servimex-international-moving-company-600x281.png 600w\" sizes=\"auto, (max-width: 1440px) 100vw, 1440px\" \/><\/p>\n<ul>\n<li>Remo\u00e7\u00f5es nacionais locais<\/li>\n<li>Mudan\u00e7as internacionais<\/li>\n<li>Mudan\u00e7as residenciais<\/li>\n<li>Mudan\u00e7as de escrit\u00f3rios<\/li>\n<li>Servi\u00e7os porta-a-porta<\/li>\n<li>Servi\u00e7o de embalagem<\/li>\n<li>Transporte rodovi\u00e1rio, mar\u00edtimo e a\u00e9reo<\/li>\n<li>Desembara\u00e7o aduaneiro<\/li>\n<li>Seguros<\/li>\n<li>Instala\u00e7\u00f5es de armazenamento<\/li>\n<\/ul>\n<p>A Servimex \u00e9 uma <a href=\"https:\/\/moverdb.com\/pt\/moving-companies\/\" data-internallinksmanager029f6b8e52c=\"79\" title=\"As 25 maiores empresas de mudan\u00e7as internacionais on-line\">empresa de mudan\u00e7as<\/a> que foi fundada em 1979 e est\u00e1 sediada em Assun\u00e7\u00e3o. Eles s\u00e3o membros da IAM com 44 anos de servi\u00e7o e s\u00e3o credenciados pela FIDI, o que lhes d\u00e1 acesso a uma rede internacional de agentes de mudan\u00e7as.<\/p>\n<p>A Servimex oferece um servi\u00e7o de embalagem para bens dom\u00e9sticos e obras de arte que ser\u00e3o embalados em embalagens industriais para proteg\u00ea-los durante o transporte. Oferece solu\u00e7\u00f5es de transporte multimodal, inclusive rodovi\u00e1rio, mar\u00edtimo e a\u00e9reo, utilizando cont\u00eaineres, e presta assist\u00eancia no desembara\u00e7o aduaneiro de exporta\u00e7\u00e3o e importa\u00e7\u00e3o. Oferecem servi\u00e7os de realoca\u00e7\u00e3o, incluindo imigra\u00e7\u00e3o, orienta\u00e7\u00e3o, assist\u00eancia para assentamento, busca de casas e escolas e assist\u00eancia na partida.<\/p>\n<p>Website: <a href=\"http:\/\/www.servimex.com.py\" target=\"_blank\" rel=\"noopener\">http:\/\/www.servimex.com.py<\/a><\/p>\n<h2><strong>2. Benkovics<\/strong><\/h2>\n<p><img loading=\"lazy\" decoding=\"async\" class=\"alignnone size-full wp-image-8766\" src=\"https:\/\/moverdb.com\/wp-content\/uploads\/Benkovics-international-moving-company.png\" alt=\"Empresa de mudan\u00e7as internacionais Benkovics\" width=\"1440\" height=\"679\" data-wp-pid=\"8766\" srcset=\"https:\/\/moverdb.com\/wp-content\/uploads\/Benkovics-international-moving-company.png 1440w, https:\/\/moverdb.com\/wp-content\/uploads\/Benkovics-international-moving-company-300x141.png 300w, https:\/\/moverdb.com\/wp-content\/uploads\/Benkovics-international-moving-company-1024x483.png 1024w, https:\/\/moverdb.com\/wp-content\/uploads\/Benkovics-international-moving-company-18x8.png 18w, https:\/\/moverdb.com\/wp-content\/uploads\/Benkovics-international-moving-company-600x283.png 600w\" sizes=\"auto, (max-width: 1440px) 100vw, 1440px\" \/><\/p>\n<ul>\n<li>Mudan\u00e7as nacionais<\/li>\n<li>Mudan\u00e7as internacionais<\/li>\n<li>Mudan\u00e7as dom\u00e9sticas<\/li>\n<li>Pesquisa pr\u00e9-movimento<\/li>\n<li>Orienta\u00e7\u00e3o para mudan\u00e7a<\/li>\n<li>Servi\u00e7o de embalagem<\/li>\n<li>Transporte terrestre, a\u00e9reo e mar\u00edtimo<\/li>\n<li>Desembara\u00e7o de exporta\u00e7\u00e3o<\/li>\n<li>Seguros<\/li>\n<li>Armazenamento de curto e longo prazo<\/li>\n<\/ul>\n<p>A Benkovics \u00e9 uma empresa de mudan\u00e7as sediada em Assun\u00e7\u00e3o. Eles trabalham com agentes de mudan\u00e7a credenciados internacionalmente em todo o mundo para prestar seus servi\u00e7os internacionalmente. Eles s\u00e3o membros da IAM com 64 anos de servi\u00e7o.<\/p>\n<p>A Benkovics oferece uma pesquisa antes da mudan\u00e7a para avaliar o volume de suas necessidades de mudan\u00e7a e fornecer uma estimativa. Eles oferecem um servi\u00e7o de embalagem que utiliza materiais de embalagem da melhor qualidade, incluindo esqueletos de madeira e caixas resistentes para proteger seus pertences. Seus especialistas em log\u00edstica providenciar\u00e3o o transporte por via rodovi\u00e1ria, a\u00e9rea ou mar\u00edtima e ajudar\u00e3o na libera\u00e7\u00e3o para exporta\u00e7\u00e3o. Na chegada, eles desembalar\u00e3o e remover\u00e3o todos os materiais residuais.<\/p>\n<p>Website: <a href=\"http:\/\/www.benkovics.com.py\" target=\"_blank\" rel=\"noopener\">http:\/\/www.benkovics.com.py<\/a><\/p>\n<h2><strong>3. Vanpack de Assun\u00e7\u00e3o<\/strong><\/h2>\n<p><img loading=\"lazy\" decoding=\"async\" class=\"alignnone size-full wp-image-8761\" src=\"https:\/\/moverdb.com\/wp-content\/uploads\/Asuncion-Vanpack-international-moving-company.png\" alt=\"Empresa de mudan\u00e7as internacionais Vanpack de Assun\u00e7\u00e3o\" width=\"1440\" height=\"677\" data-wp-pid=\"8761\" srcset=\"https:\/\/moverdb.com\/wp-content\/uploads\/Asuncion-Vanpack-international-moving-company.png 1440w, https:\/\/moverdb.com\/wp-content\/uploads\/Asuncion-Vanpack-international-moving-company-300x141.png 300w, https:\/\/moverdb.com\/wp-content\/uploads\/Asuncion-Vanpack-international-moving-company-1024x481.png 1024w, https:\/\/moverdb.com\/wp-content\/uploads\/Asuncion-Vanpack-international-moving-company-18x8.png 18w, https:\/\/moverdb.com\/wp-content\/uploads\/Asuncion-Vanpack-international-moving-company-600x282.png 600w\" sizes=\"auto, (max-width: 1440px) 100vw, 1440px\" \/><\/p>\n<ul>\n<li>Movimentos nacionais<\/li>\n<li>Movimentos internacionais<\/li>\n<li>Mudan\u00e7as dom\u00e9sticas<\/li>\n<li>Pesquisa em casa<\/li>\n<li>Servi\u00e7o de embalagem<\/li>\n<li>Embalagens especializadas<\/li>\n<li>Arranjo de transporte<\/li>\n<li>Seguros<\/li>\n<li>Gerenciamento de arquivos<\/li>\n<li>Instala\u00e7\u00f5es de armazenamento<\/li>\n<\/ul>\n<p>A Asuncion Vanpack \u00e9 uma empresa de transporte e log\u00edstica com mais de 30 anos de experi\u00eancia e est\u00e1 sediada em Assun\u00e7\u00e3o. Eles s\u00e3o membros da IAM com 35 anos de servi\u00e7o, o que lhes d\u00e1 acesso a uma rede internacional de agentes de mudan\u00e7a para apoi\u00e1-los fora do Paraguai.<\/p>\n<p>A Asuncion Vanpack realiza uma pesquisa para estabelecer o volume de sua mudan\u00e7a para recomendar as melhores op\u00e7\u00f5es para sua mudan\u00e7a e elaborar um or\u00e7amento. Eles oferecem um servi\u00e7o de empacotamento que fornece os melhores materiais de embalagem para proteger seus itens durante o transporte e usam um design de embalagem espec\u00edfico para cada item e t\u00eam carpintaria para requisitos especializados.<\/p>\n<p>Website: <a href=\"http:\/\/www.asuncionvanpack.com\" target=\"_blank\" rel=\"noopener\">http:\/\/www.asuncionvanpack.com<\/a><\/p>","protected":false},"excerpt":{"rendered":"<p>Are you planning a move within, to or from Paraguay? If you need help with packing and organising your move especially if you are moving countries and need to complete import\/export paperwork. Below we have compiled a list of Paraguay based removal companies that are members of the International Association of Movers (IAM) and\/or FIDI [&hellip;]<\/p>\n","protected":false},"author":4,"featured_media":0,"parent":190,"menu_order":0,"comment_status":"closed","ping_status":"closed","template":"","meta":{"_genesis_hide_title":false,"_genesis_hide_breadcrumbs":false,"_genesis_hide_singular_image":false,"_genesis_hide_footer_widgets":false,"_genesis_custom_body_class":"","_genesis_custom_post_class":"","_genesis_layout":"","footnotes":""},"class_list":{"0":"post-8906","1":"page","2":"type-page","3":"status-publish","5":"entry","6":"has-post-thumbnail"},"_links":{"self":[{"href":"https:\/\/moverdb.com\/pt\/wp-json\/wp\/v2\/pages\/8906","targetHints":{"allow":["GET"]}}],"collection":[{"href":"https:\/\/moverdb.com\/pt\/wp-json\/wp\/v2\/pages"}],"about":[{"href":"https:\/\/moverdb.com\/pt\/wp-json\/wp\/v2\/types\/page"}],"author":[{"embeddable":true,"href":"https:\/\/moverdb.com\/pt\/wp-json\/wp\/v2\/users\/4"}],"replies":[{"embeddable":true,"href":"https:\/\/moverdb.com\/pt\/wp-json\/wp\/v2\/comments?post=8906"}],"version-history":[{"count":1,"href":"https:\/\/moverdb.com\/pt\/wp-json\/wp\/v2\/pages\/8906\/revisions"}],"predecessor-version":[{"id":8907,"href":"https:\/\/moverdb.com\/pt\/wp-json\/wp\/v2\/pages\/8906\/revisions\/8907"}],"up":[{"embeddable":true,"href":"https:\/\/moverdb.com\/pt\/wp-json\/wp\/v2\/pages\/190"}],"wp:attachment":[{"href":"https:\/\/moverdb.com\/pt\/wp-json\/wp\/v2\/media?parent=8906"}],"curies":[{"name":"wp","href":"https:\/\/api.w.org\/{rel}","templated":true}]}}