{"id":890,"date":"2016-08-29T10:10:27","date_gmt":"2016-08-29T10:10:27","guid":{"rendered":"http:\/\/moverdb.com\/?page_id=890"},"modified":"2026-01-08T15:20:31","modified_gmt":"2026-01-08T15:20:31","slug":"pearson","status":"publish","type":"page","link":"https:\/\/moverdb.com\/pt\/pearson\/","title":{"rendered":"Pearson Home Moving: Revis\u00f5es de Mudan\u00e7as Internacionais"},"content":{"rendered":"<p>A Pearson Home Moving \u00e9 uma empresa de mudan\u00e7a e recoloca\u00e7\u00e3o que oferece os seguintes servi\u00e7os a seus clientes. A lista de servi\u00e7os \u00e9 seguida pelo perfil e revis\u00f5es de sua empresa.<\/p>\n<p><strong>Servi\u00e7os de Mudan\u00e7as Dom\u00e9sticas Internacionais<\/strong><\/p>\n<ul>\n<li> Gerente de mudan\u00e7as dedicado<\/li>\n<li> Servi\u00e7o porta a porta<\/li>\n<li> Frota de ve\u00edculos dedicada<\/li>\n<li> Empacotadores profissionais - desmontar e embalar<\/li>\n<li> Materiais de embalagem flex\u00edveis<\/li>\n<li> <a href=\"https:\/\/moverdb.com\/pt\/transporte-de-conteineres\/\">Frete a\u00e9reo ou mar\u00edtimo<\/a><\/li>\n<li> Assist\u00eancia alfandeg\u00e1ria<\/li>\n<li> Desembalar e remontar<\/li>\n<li> Realoca\u00e7\u00e3o de animais<\/li>\n<li> <a href=\"https:\/\/moverdb.com\/pt\/transporte-de-carro-transporte-embarque\/\">Reloca\u00e7\u00e3o de ve\u00edculos<\/a><\/li>\n<li> Servi\u00e7o de limpeza<\/li>\n<li> Seguro organizado<\/li>\n<li> Armazenagem dispon\u00edvel<\/li>\n<\/ul>\n<h2>Perfil da Pearson Home Moving Company<\/h2>\n<p>A Pearson Home Moving foi estabelecida em 1917 por Edward Pearson e at\u00e9 hoje j\u00e1 realizou mais de 250.000 movimentos bem sucedidos em todos os continentes, at\u00e9 mesmo na Ant\u00e1rtida. O objetivo de Edward Pearson era se tornar o melhor <a href=\"https:\/\/moverdb.com\/pt\/international-removals\/\" data-internallinksmanager029f6b8e52c=\"27\" title=\"36 melhores empresas de mudan\u00e7as internacionais no Reino Unido\">empresa de mudan\u00e7as<\/a> no neg\u00f3cio.<\/p>\n<p>A empresa diz ter usado os \u00faltimos 100 anos para construir uma das melhores redes globais de profissionais de mudan\u00e7as do mundo. A Pearson Home Moving coloca seus clientes em primeiro lugar, n\u00e3o importa qu\u00e3o pequena seja a mudan\u00e7a.<\/p>\n<p>As pol\u00edticas ambientais da Pearson Home Moving incluem o uso de produtos ecologicamente corretos e a reciclagem sempre que poss\u00edvel; e sempre tentando usar ve\u00edculos totalmente carregados para reduzir sua pegada de carbono.<\/p>\n<p>Eles t\u00eam as seguintes credencia\u00e7\u00f5es e afilia\u00e7\u00f5es:<\/p>\n<ul>\n<li> <a href=\"https:\/\/moverdb.com\/pt\/british-association-of-removers\/\">A Associa\u00e7\u00e3o Brit\u00e2nica de Removedores<\/a> (<a href=\"https:\/\/moverdb.com\/pt\/british-association-of-removers\/\" data-internallinksmanager029f6b8e52c=\"9\" title=\"Associa\u00e7\u00e3o Brit\u00e2nica de Removers (BAR) Explicada\">BAR<\/a>)<\/li>\n<li> <a href=\"https:\/\/moverdb.com\/pt\/harmony-relocation-network\/\">Rede Harmony Relocation<\/a><\/li>\n<li> DNV ISO9001<\/li>\n<li> <a href=\"https:\/\/moverdb.com\/pt\/fedemac\/\">Federa\u00e7\u00e3o das Associa\u00e7\u00f5es Europ\u00e9ias de Governantes<\/a> (<a href=\"https:\/\/moverdb.com\/pt\/fedemac\/\" data-internallinksmanager029f6b8e52c=\"15\" title=\"Federa\u00e7\u00e3o das Associa\u00e7\u00f5es Europ\u00e9ias de Governantes (FEDEMAC) Explicou\">FEDEMAC<\/a>)<\/li>\n<li> <a href=\"https:\/\/moverdb.com\/pt\/fidi-faim\/\">FIDI<\/a><\/li>\n<\/ul>\n<h2>Pearson Home Moving Reviews<\/h2>\n<p><strong>Positivo:<\/strong><\/p>\n<ul>\n<li> \"Este foi o nosso 19\u00ba movimento em 40 anos. Os melhores funcion\u00e1rios de sempre, muito profissionais de escrit\u00f3rio e os homens de mudan\u00e7a eram de primeira classe. Muito bem feito! N\u00f3s recomendar\u00edamos a Pearson de todo o cora\u00e7\u00e3o a todos\". - Peter via <a href=\"http:\/\/www.pearsonhomemoving.com\/\" target=\"_blank\" rel=\"noopener\">Pearson Home Moving Website<\/a><\/li>\n<li> <em>\"Esta empresa foi fant\u00e1stica do in\u00edcio ao fim. O pre\u00e7o deles era realmente competitivo e eles deram <a href=\"https:\/\/moverdb.com\/pt\/moving-to-the-united-states\/\" data-internallinksmanager029f6b8e52c=\"94\" title=\"Mudando-se para os Estados Unidos? 2026 Custos de Vida e Dicas de Reloca\u00e7\u00e3o\">n\u00f3s<\/a> um excelente servi\u00e7o\".<\/em> - Steve via <a href=\"http:\/\/www.mymovingreviews.com\/movers\/pearson-home-moving-2276#56936\" target=\"_blank\" rel=\"noopener\">MyMovingReviews.com<\/a><\/li>\n<li> <em>\"Recebemos um servi\u00e7o muito profissional para nossa mudan\u00e7a de <a href=\"https:\/\/moverdb.com\/pt\/moving-to-germany\/\" data-internallinksmanager029f6b8e52c=\"321\" title=\"Est\u00e1 se mudando para a Alemanha? 2026 Custo de vida e dicas de realoca\u00e7\u00e3o\">Alemanha<\/a> para a <a href=\"https:\/\/moverdb.com\/pt\/moving-to-the-uk\/\" data-internallinksmanager029f6b8e52c=\"93\" title=\"Mudando-se para o Reino Unido? 2026 Custos de Vida e Dicas de Reloca\u00e7\u00e3o\">REINO UNIDO<\/a>.\u201d<\/em> - Kerry via <a href=\"http:\/\/www.removalreviews.co.uk\/movingreviews\/home-move-to-uk-10941\" target=\"_blank\" rel=\"noopener\">Revis\u00f5es de remo\u00e7\u00e3o<\/a><\/li>\n<li> \u201c<em>Grande servi\u00e7o ao cliente \/ grande servi\u00e7o geral\".<\/em> - Bruce via <a href=\"http:\/\/www.ciao.co.uk\/Pearson_Home_Moving__Review_6008009\" target=\"_blank\" rel=\"noopener\">Ciao!<\/a> <\/li>\n<\/ul>\n<p><strong>Negativo:<\/strong><\/p>\n<ul>\n<li> <em>\"A entrega chegou com dois dias de atraso. Podemos entender que houve problemas e atrasos na fronteira al\u00e9m de seu controle, mas n\u00e3o que nunca fomos informados sobre o status da entrega\".<\/em> - Christoph via <a href=\"http:\/\/www.mymovingreviews.com\/movers\/pearson-home-moving-2276#57516\" target=\"_blank\" rel=\"noopener\">MyMovingReviews.com<\/a> <\/li>\n<li> <em>\"Na entrega, minhas caixas estavam tanto sujas quanto molhadas. Consequentemente, elas tamb\u00e9m foram danificadas\".<\/em> - Harald em Glos via <a href=\"http:\/\/www.removalreviews.co.uk\/movingreviews\/never-again-10123\" target=\"_blank\" rel=\"noopener\">Revis\u00f5es de remo\u00e7\u00e3o<\/a><\/li>\n<li> <em>\"Finalmente meus pertences s\u00e3o entregues em meados de setembro, 81 dias depois de terem sido recolhidos\".<\/em> - Imoena via <a href=\"http:\/\/www.ciao.co.uk\/Pearson_Home_Moving__Review_6113468\" target=\"_blank\" rel=\"noopener\">Ciao!<\/a> <\/li>\n<\/ul>\n<div itemprop=\"review\" itemscope itemtype=\"http:\/\/schema.org\/Review\">\n<span itemprop=\"author\" itemscope=\"\" itemtype=\"http:\/\/schema.org\/Organization\"><span itemprop=\"name\">MoverDB.com<\/span><\/span> Revis\u00e3o do site on-line para <span itemprop=\"itemreviewed\" itemscope=\"\" itemtype=\"http:\/\/schema.org\/Brand\"><span itemprop=\"name\">Pearson Home Moving<\/span><\/span>:<\/p>\n<ol>\n<li> Detalhes claros de contato no website (incluindo n\u00famero de telefone): <strong>Sim<\/strong><\/li>\n<li> F\u00e1cil de obter <a href=\"https:\/\/moverdb.com\/pt\/citacoes\/\">cita\u00e7\u00f5es de mudan\u00e7as internacionais<\/a>? (Formul\u00e1rio de solicita\u00e7\u00e3o de or\u00e7amento on-line): <strong>Sim<\/strong><\/li>\n<li> Informa\u00e7\u00f5es claras no site: <strong>Alguns<\/strong>Embora haja informa\u00e7\u00f5es claras de contato e uma vis\u00e3o geral dos servi\u00e7os, o site carece de informa\u00e7\u00f5es detalhadas sobre o planejamento de sua mudan\u00e7a.<\/li>\n<li> Participa\u00e7\u00e3o em organiza\u00e7\u00f5es internacionais de mudan\u00e7as reconhecidas: <strong>Sim<\/strong>ver acima.<\/li>\n<li> Lista de clientes e\/ou depoimentos de clientes anteriores: <strong>Sim,<\/strong> H\u00e1 v\u00e1rios depoimentos de clientes no site.<\/li>\n<\/ol>\n<div itemprop=\"reviewRating\" itemscope itemtype=\"http:\/\/schema.org\/Rating\"><meta itemprop=\"worstRating\" content = \"0\" \/><meta itemprop=\"bestRating\" content=\"5\" \/><meta itemprop=\"ratingValue\" content=\"4.5\"><\/div>\n<p><strong>Nota geral: 4,5\/5<\/strong><br \/>\n<strong>Data de revis\u00e3o:<\/strong> <span itemprop=\"datePublished\" content=\"2016-08-29\">29\/08\/2016<\/span>\n<\/div>\n<p>Mais sobre <a href=\"https:\/\/moverdb.com\/pt\/remocoes-internacionais\/\">mudan\u00e7as internacionais<\/a> e nosso <a href=\"https:\/\/moverdb.com\/pt\/criticas\/\">processo de revis\u00e3o<\/a>.<\/p>\n<p><strong>Website:<\/strong> <a href=\"http:\/\/www.pearsonhomemoving.com\" target=\"_blank\" rel=\"noopener\">http:\/\/www.pearsonhomemoving.com<\/a><\/p>","protected":false},"excerpt":{"rendered":"<p>Pearson Home Moving are a removal and relocation company which offer the following services to their clients. The service list is followed by their company profile and reviews. International Home Moving Services Dedicated move manager Door to door service Dedicated vehicle fleet Professional packers &#8211; disassemble and pack Packing materials suppled Air freight or sea [&hellip;]<\/p>\n","protected":false},"author":1,"featured_media":0,"parent":0,"menu_order":0,"comment_status":"closed","ping_status":"closed","template":"","meta":{"_genesis_hide_title":false,"_genesis_hide_breadcrumbs":false,"_genesis_hide_singular_image":false,"_genesis_hide_footer_widgets":false,"_genesis_custom_body_class":"","_genesis_custom_post_class":"","_genesis_layout":"","footnotes":""},"class_list":{"0":"post-890","1":"page","2":"type-page","3":"status-publish","5":"entry"},"_links":{"self":[{"href":"https:\/\/moverdb.com\/pt\/wp-json\/wp\/v2\/pages\/890","targetHints":{"allow":["GET"]}}],"collection":[{"href":"https:\/\/moverdb.com\/pt\/wp-json\/wp\/v2\/pages"}],"about":[{"href":"https:\/\/moverdb.com\/pt\/wp-json\/wp\/v2\/types\/page"}],"author":[{"embeddable":true,"href":"https:\/\/moverdb.com\/pt\/wp-json\/wp\/v2\/users\/1"}],"replies":[{"embeddable":true,"href":"https:\/\/moverdb.com\/pt\/wp-json\/wp\/v2\/comments?post=890"}],"version-history":[{"count":6,"href":"https:\/\/moverdb.com\/pt\/wp-json\/wp\/v2\/pages\/890\/revisions"}],"predecessor-version":[{"id":6229,"href":"https:\/\/moverdb.com\/pt\/wp-json\/wp\/v2\/pages\/890\/revisions\/6229"}],"wp:attachment":[{"href":"https:\/\/moverdb.com\/pt\/wp-json\/wp\/v2\/media?parent=890"}],"curies":[{"name":"wp","href":"https:\/\/api.w.org\/{rel}","templated":true}]}}