{"id":8897,"date":"2023-04-27T14:33:01","date_gmt":"2023-04-27T14:33:01","guid":{"rendered":"https:\/\/moverdb.com\/?page_id=8897"},"modified":"2026-01-08T15:29:01","modified_gmt":"2026-01-08T15:29:01","slug":"moving-companies-norway","status":"publish","type":"page","link":"https:\/\/moverdb.com\/pt\/moving-companies\/moving-companies-norway\/","title":{"rendered":"5 melhores empresas de mudan\u00e7a internacional na Noruega"},"content":{"rendered":"<p>Se voc\u00ea estiver mudando sua casa ou empresa dentro, para ou de <a href=\"https:\/\/moverdb.com\/pt\/moving-to-norway\/\" data-internallinksmanager029f6b8e52c=\"325\" title=\"Est\u00e1 se mudando para a Noruega? 2026 Custo de vida e dicas de realoca\u00e7\u00e3o\">Noruega<\/a> ent\u00e3o talvez voc\u00ea queira contratar os servi\u00e7os de um <a href=\"https:\/\/moverdb.com\/pt\/moving-companies\/\" data-internallinksmanager029f6b8e52c=\"79\" title=\"As 25 maiores empresas de mudan\u00e7as internacionais on-line\">empresa de mudan\u00e7as<\/a> para ajud\u00e1-lo. Eles podem ajud\u00e1-lo a fazer as malas, organizar o transporte e cuidar da papelada. Abaixo, compilamos uma lista de empresas sediadas na Noruega <a href=\"https:\/\/moverdb.com\/pt\/international-removals\/\" data-internallinksmanager029f6b8e52c=\"27\" title=\"36 melhores empresas de mudan\u00e7as internacionais no Reino Unido\">empresas de mudan\u00e7as<\/a> que s\u00e3o membros do <a href=\"https:\/\/moverdb.com\/pt\/iam\/\" data-internallinksmanager029f6b8e52c=\"23\" title=\"Associa\u00e7\u00e3o Internacional de Remotores (IAM) Explicado\">Associa\u00e7\u00e3o Internacional de Movers<\/a> (IAM) e\/ou <a href=\"https:\/\/moverdb.com\/pt\/fidi-faim\/\" data-internallinksmanager029f6b8e52c=\"16\" title=\"FIDI &amp; FAIM (FIDI Accredited International Mover) Explicado\">FIDI<\/a> Credenciado pela International Mover (FAIM) que poderia ajud\u00e1-lo em sua mudan\u00e7a.<\/p>\n<div id=\"ez-toc-container\" class=\"ez-toc-v2_0_82_2 ez-toc-wrap-left counter-hierarchy ez-toc-counter ez-toc-transparent ez-toc-container-direction\">\n<div class=\"ez-toc-title-container\">\n<p class=\"ez-toc-title\" style=\"cursor:inherit\">Se\u00e7\u00f5es<\/p>\n<span class=\"ez-toc-title-toggle\"><a href=\"#\" class=\"ez-toc-pull-right ez-toc-btn ez-toc-btn-xs ez-toc-btn-default ez-toc-toggle\" aria-label=\"Alternar tabela de conte\u00fado\"><span class=\"ez-toc-js-icon-con\"><span class=\"\"><span class=\"eztoc-hide\" style=\"display:none;\">Alternar<\/span><span class=\"ez-toc-icon-toggle-span\"><svg style=\"fill: #999;color:#999\" xmlns=\"http:\/\/www.w3.org\/2000\/svg\" class=\"list-377408\" width=\"20px\" height=\"20px\" viewbox=\"0 0 24 24\" fill=\"none\"><path d=\"M6 6H4v2h2V6zm14 0H8v2h12V6zM4 11h2v2H4v-2zm16 0H8v2h12v-2zM4 16h2v2H4v-2zm16 0H8v2h12v-2z\" fill=\"currentColor\"><\/path><\/svg><svg style=\"fill: #999;color:#999\" class=\"arrow-unsorted-368013\" xmlns=\"http:\/\/www.w3.org\/2000\/svg\" width=\"10px\" height=\"10px\" viewbox=\"0 0 24 24\" version=\"1.2\" baseprofile=\"tiny\"><path d=\"M18.2 9.3l-6.2-6.3-6.2 6.3c-.2.2-.3.4-.3.7s.1.5.3.7c.2.2.4.3.7.3h11c.3 0 .5-.1.7-.3.2-.2.3-.5.3-.7s-.1-.5-.3-.7zM5.8 14.7l6.2 6.3 6.2-6.3c.2-.2.3-.5.3-.7s-.1-.5-.3-.7c-.2-.2-.4-.3-.7-.3h-11c-.3 0-.5.1-.7.3-.2.2-.3.5-.3.7s.1.5.3.7z\"\/><\/svg><\/span><\/span><\/span><\/a><\/span><\/div>\n<nav><ul class='ez-toc-list ez-toc-list-level-1 eztoc-toggle-hide-by-default' ><li class='ez-toc-page-1 ez-toc-heading-level-2'><a class=\"ez-toc-link ez-toc-heading-1\" href=\"https:\/\/moverdb.com\/pt\/moving-companies\/moving-companies-norway\/#1_Adams_Express\" >1. Adams Express<\/a><\/li><li class='ez-toc-page-1 ez-toc-heading-level-2'><a class=\"ez-toc-link ez-toc-heading-2\" href=\"https:\/\/moverdb.com\/pt\/moving-companies\/moving-companies-norway\/#2_Hakull\" >2. Hakull<\/a><\/li><li class='ez-toc-page-1 ez-toc-heading-level-2'><a class=\"ez-toc-link ez-toc-heading-3\" href=\"https:\/\/moverdb.com\/pt\/moving-companies\/moving-companies-norway\/#3_NFB_International_Relocations\" >3. Mudan\u00e7as internacionais do NFB<\/a><\/li><li class='ez-toc-page-1 ez-toc-heading-level-2'><a class=\"ez-toc-link ez-toc-heading-4\" href=\"https:\/\/moverdb.com\/pt\/moving-companies\/moving-companies-norway\/#4_SIRVA\" >4. SIRVA<\/a><\/li><li class='ez-toc-page-1 ez-toc-heading-level-2'><a class=\"ez-toc-link ez-toc-heading-5\" href=\"https:\/\/moverdb.com\/pt\/moving-companies\/moving-companies-norway\/#5_Vinjes\" >5. Vinjes<\/a><\/li><li class='ez-toc-page-1 ez-toc-heading-level-2'><a class=\"ez-toc-link ez-toc-heading-6\" href=\"https:\/\/moverdb.com\/pt\/moving-companies\/moving-companies-norway\/#Other_Useful_Guides_to_Norway\" >Outros guias \u00fateis para a Noruega<\/a><\/li><\/ul><\/nav><\/div>\n<h2><span class=\"ez-toc-section\" id=\"1_Adams_Express\"><\/span><strong>1. Adams Express<\/strong><span class=\"ez-toc-section-end\"><\/span><\/h2>\n<p><img loading=\"lazy\" decoding=\"async\" class=\"alignnone size-full wp-image-8750\" src=\"https:\/\/moverdb.com\/wp-content\/uploads\/Adams-Express-international-moving-company.png\" alt=\"Empresa de mudan\u00e7as internacionais Adams Express\" width=\"1440\" height=\"674\" data-wp-pid=\"8750\" srcset=\"https:\/\/moverdb.com\/wp-content\/uploads\/Adams-Express-international-moving-company.png 1440w, https:\/\/moverdb.com\/wp-content\/uploads\/Adams-Express-international-moving-company-300x140.png 300w, https:\/\/moverdb.com\/wp-content\/uploads\/Adams-Express-international-moving-company-1024x479.png 1024w, https:\/\/moverdb.com\/wp-content\/uploads\/Adams-Express-international-moving-company-18x8.png 18w, https:\/\/moverdb.com\/wp-content\/uploads\/Adams-Express-international-moving-company-600x281.png 600w\" sizes=\"auto, (max-width: 1440px) 100vw, 1440px\" \/><\/p>\n<ul>\n<li>Movimentos nacionais<\/li>\n<li>Movimentos internacionais<\/li>\n<li>Mudan\u00e7as dom\u00e9sticas<\/li>\n<li>Mudan\u00e7as de escrit\u00f3rio<\/li>\n<li>Servi\u00e7o de embalagem<\/li>\n<li>Organiza\u00e7\u00e3o do transporte<\/li>\n<li>Desembara\u00e7o aduaneiro<\/li>\n<li>Manuseio de belas artes<\/li>\n<li>Seguros<\/li>\n<li>Armazenamento de curto e longo prazo<\/li>\n<\/ul>\n<p>A Adams Express \u00e9 uma empresa de mudan\u00e7as, armazenamento e log\u00edstica que tem unidades em Bergen, Oslo e Stavanger. Eles t\u00eam uma extensa rede de agentes em todo o mundo que podem ajud\u00e1-los com servi\u00e7os internacionais. Eles s\u00e3o membros da IAM, com 125 anos de servi\u00e7o, e s\u00e3o credenciados pela FIDI.<\/p>\n<p>A Adams Express oferece servi\u00e7os de mudan\u00e7a desde pequenas remessas at\u00e9 grandes contratos. Eles oferecem um servi\u00e7o porta a porta que inclui a inspe\u00e7\u00e3o dos seus itens e o planejamento da mudan\u00e7a. Eles oferecem um servi\u00e7o de embalagem para proteger seus pertences e desempacotam na chegada. Eles transportar\u00e3o seus pertences at\u00e9 o destino e ajudar\u00e3o no desembara\u00e7o alfandeg\u00e1rio e no seguro.<\/p>\n<p>Website: <a href=\"http:\/\/www.adamsexpress.no\" target=\"_blank\" rel=\"noopener\">http:\/\/www.adamsexpress.no<\/a><\/p>\n<h2><span class=\"ez-toc-section\" id=\"2_Hakull\"><\/span><strong>2. Hakull<\/strong><span class=\"ez-toc-section-end\"><\/span><\/h2>\n<p><img loading=\"lazy\" decoding=\"async\" class=\"alignnone size-full wp-image-8812\" src=\"https:\/\/moverdb.com\/wp-content\/uploads\/Hakull-international-moving-company.png\" alt=\"Empresa de mudan\u00e7as internacionais Hakull\" width=\"1440\" height=\"680\" data-wp-pid=\"8812\" srcset=\"https:\/\/moverdb.com\/wp-content\/uploads\/Hakull-international-moving-company.png 1440w, https:\/\/moverdb.com\/wp-content\/uploads\/Hakull-international-moving-company-300x142.png 300w, https:\/\/moverdb.com\/wp-content\/uploads\/Hakull-international-moving-company-1024x484.png 1024w, https:\/\/moverdb.com\/wp-content\/uploads\/Hakull-international-moving-company-18x9.png 18w, https:\/\/moverdb.com\/wp-content\/uploads\/Hakull-international-moving-company-600x283.png 600w\" sizes=\"auto, (max-width: 1440px) 100vw, 1440px\" \/><\/p>\n<ul>\n<li>Mudan\u00e7as locais e nacionais<\/li>\n<li>Mudan\u00e7as internacionais<\/li>\n<li>Mudan\u00e7as dom\u00e9sticas<\/li>\n<li>Mudan\u00e7as de escrit\u00f3rios<\/li>\n<li>Servi\u00e7os de reloca\u00e7\u00e3o<\/li>\n<li>Servi\u00e7o porta-a-porta<\/li>\n<li>Servi\u00e7o de embalagem<\/li>\n<li>Frete rodovi\u00e1rio, mar\u00edtimo e a\u00e9reo<\/li>\n<li>Desembara\u00e7o aduaneiro<\/li>\n<li>Instala\u00e7\u00f5es de armazenamento<\/li>\n<\/ul>\n<p>A Hakull \u00e9 uma empresa de servi\u00e7os de transporte e mudan\u00e7a internacional fundada em 1946, com unidades em Sandes, Kristiansand, Oslo e Norresundby. Ela \u00e9 membro da IAM, com 77 anos de servi\u00e7o, e \u00e9 credenciada pela FIDI.<\/p>\n<p>A Hakull oferece servi\u00e7os de mudan\u00e7a para uma variedade de bens, incluindo m\u00f3veis e tudo o mais em sua casa, com um servi\u00e7o de porta a porta. Eles oferecem um servi\u00e7o de embalagem para proteger seus pertences em tr\u00e2nsito. Oferece transporte por frete rodovi\u00e1rio, mar\u00edtimo ou a\u00e9reo, que inclui uma variedade de cont\u00eaineres, como cargas completas e menos que completas. Eles auxiliam no desembara\u00e7o aduaneiro e podem oferecer armazenamento com seguro, se necess\u00e1rio.<\/p>\n<p>Website: <a href=\"http:\/\/www.haakull.no\" target=\"_blank\" rel=\"noopener\">http:\/\/www.haakull.no<\/a><\/p>\n<h2><span class=\"ez-toc-section\" id=\"3_NFB_International_Relocations\"><\/span><strong>3. Mudan\u00e7as internacionais do NFB<\/strong><span class=\"ez-toc-section-end\"><\/span><\/h2>\n<p><img loading=\"lazy\" decoding=\"async\" class=\"alignnone size-full wp-image-8837\" src=\"https:\/\/moverdb.com\/wp-content\/uploads\/NFB-International-Relocations-company.png\" alt=\"Empresa NFB International Relocations\" width=\"1440\" height=\"677\" data-wp-pid=\"8837\" srcset=\"https:\/\/moverdb.com\/wp-content\/uploads\/NFB-International-Relocations-company.png 1440w, https:\/\/moverdb.com\/wp-content\/uploads\/NFB-International-Relocations-company-300x141.png 300w, https:\/\/moverdb.com\/wp-content\/uploads\/NFB-International-Relocations-company-1024x481.png 1024w, https:\/\/moverdb.com\/wp-content\/uploads\/NFB-International-Relocations-company-18x8.png 18w, https:\/\/moverdb.com\/wp-content\/uploads\/NFB-International-Relocations-company-600x282.png 600w\" sizes=\"auto, (max-width: 1440px) 100vw, 1440px\" \/><\/p>\n<ul>\n<li>Movimentos nacionais<\/li>\n<li>Movimentos internacionais<\/li>\n<li>Mudan\u00e7as dom\u00e9sticas<\/li>\n<li>A empresa se move<\/li>\n<li>Servi\u00e7o de embalagem<\/li>\n<li>Transporte rodovi\u00e1rio, mar\u00edtimo e a\u00e9reo<\/li>\n<li>Servi\u00e7os de faxina e de manuten\u00e7\u00e3o<\/li>\n<li>Pesquisas em resid\u00eancias e escolas<\/li>\n<li>Seguro de tr\u00e2nsito<\/li>\n<li>Armazenamento de curto e longo prazo<\/li>\n<\/ul>\n<p>A NFB International Relocations \u00e9 uma empresa de mudan\u00e7as internacionais sediada em Skui. A empresa trabalha com uma rede global de empresas de mudan\u00e7as profissionais em todo o mundo, em 150 pa\u00edses, para oferecer servi\u00e7os internacionais. A empresa \u00e9 membro da IAM, com 15 anos de servi\u00e7o, e \u00e9 credenciada pela FIDI.<\/p>\n<p>A NFB International Relocations oferece servi\u00e7os de mudan\u00e7a porta a porta que come\u00e7am com uma pesquisa antes da mudan\u00e7a. Eles oferecem uma ampla gama de servi\u00e7os de mudan\u00e7a, incluindo embalagem, transporte dentro da Noruega, Europa e internacionalmente, servi\u00e7os de gerenciamento de mudan\u00e7a, servi\u00e7os de faz-tudo e de empregada dom\u00e9stica, armazenamento e seguro. Eles oferecem servi\u00e7os de realoca\u00e7\u00e3o que incluem busca de casas e escolas, imigra\u00e7\u00e3o e vistos, orienta\u00e7\u00e3o e assist\u00eancia para registro em servi\u00e7os locais.<\/p>\n<p>Website: <a href=\"http:\/\/www.nfbir.com\" target=\"_blank\" rel=\"noopener\">http:\/\/www.nfbir.com<\/a><\/p>\n<h2><span class=\"ez-toc-section\" id=\"4_SIRVA\"><\/span><strong>4. SIRVA<\/strong><span class=\"ez-toc-section-end\"><\/span><\/h2>\n<p><img loading=\"lazy\" decoding=\"async\" class=\"alignnone size-full wp-image-8859\" src=\"https:\/\/moverdb.com\/wp-content\/uploads\/SIRVA-Norway-international-moving-company.png\" alt=\"Empresa de mudan\u00e7as internacionais SIRVA Norway\" width=\"1440\" height=\"681\" data-wp-pid=\"8859\" srcset=\"https:\/\/moverdb.com\/wp-content\/uploads\/SIRVA-Norway-international-moving-company.png 1440w, https:\/\/moverdb.com\/wp-content\/uploads\/SIRVA-Norway-international-moving-company-300x142.png 300w, https:\/\/moverdb.com\/wp-content\/uploads\/SIRVA-Norway-international-moving-company-1024x484.png 1024w, https:\/\/moverdb.com\/wp-content\/uploads\/SIRVA-Norway-international-moving-company-18x9.png 18w, https:\/\/moverdb.com\/wp-content\/uploads\/SIRVA-Norway-international-moving-company-600x284.png 600w\" sizes=\"auto, (max-width: 1440px) 100vw, 1440px\" \/><\/p>\n<ul>\n<li>Movimentos nacionais<\/li>\n<li>Movimentos internacionais<\/li>\n<li>Mudan\u00e7as dom\u00e9sticas<\/li>\n<li>Movimentos comerciais<\/li>\n<li>Gerenciamento de ponta a ponta<\/li>\n<li>Especialistas em mudan\u00e7as para orient\u00e1-lo<\/li>\n<li>Ponto \u00fanico de contato<\/li>\n<li>Escolha de op\u00e7\u00f5es de embalagem<\/li>\n<li>Arranjo de transporte<\/li>\n<li>Instala\u00e7\u00f5es de armazenamento<\/li>\n<\/ul>\n<p>A SIRVA \u00e9 uma provedora global de servi\u00e7os de mudan\u00e7a e reloca\u00e7\u00e3o que possui 77 locais que atendem a mais de 190 pa\u00edses, com escrit\u00f3rios em Oslo e Stavanger. Suas marcas de mudan\u00e7a incluem SIRVA, Allied, North American Van Lines, SMARTBOX e outras. Eles s\u00e3o membros da IAM com 46 anos de servi\u00e7o e s\u00e3o credenciados pela FIDI.<\/p>\n<p>A SIRVA usa ferramentas e solu\u00e7\u00f5es de ponta para prestar seus servi\u00e7os. Eles oferecem servi\u00e7os completos de mudan\u00e7a ou servi\u00e7os de mudan\u00e7a do tipo \"fa\u00e7a voc\u00ea mesmo\". Eles s\u00e3o especializados no fornecimento de servi\u00e7os para empresas que transferem funcion\u00e1rios individualmente ou em grupos. Eles oferecem especialistas em mudan\u00e7as para orient\u00e1-lo durante todo o processo e ser um \u00fanico ponto de contato.<\/p>\n<p>Website: <a href=\"http:\/\/www.teamrelocations.com\" target=\"_blank\" rel=\"noopener\">http:\/\/www.teamrelocations.com<\/a><\/p>\n<h2><span class=\"ez-toc-section\" id=\"5_Vinjes\"><\/span><strong>5. Vinjes<\/strong><span class=\"ez-toc-section-end\"><\/span><\/h2>\n<p><img loading=\"lazy\" decoding=\"async\" class=\"alignnone size-full wp-image-8874\" src=\"https:\/\/moverdb.com\/wp-content\/uploads\/Vinjes-international-moving-company.png\" alt=\"Empresa de mudan\u00e7as internacionais Vinjes\" width=\"1440\" height=\"681\" data-wp-pid=\"8874\" srcset=\"https:\/\/moverdb.com\/wp-content\/uploads\/Vinjes-international-moving-company.png 1440w, https:\/\/moverdb.com\/wp-content\/uploads\/Vinjes-international-moving-company-300x142.png 300w, https:\/\/moverdb.com\/wp-content\/uploads\/Vinjes-international-moving-company-1024x484.png 1024w, https:\/\/moverdb.com\/wp-content\/uploads\/Vinjes-international-moving-company-18x9.png 18w, https:\/\/moverdb.com\/wp-content\/uploads\/Vinjes-international-moving-company-600x284.png 600w\" sizes=\"auto, (max-width: 1440px) 100vw, 1440px\" \/><\/p>\n<ul>\n<li>Movimentos nacionais<\/li>\n<li>Movimentos internacionais<\/li>\n<li>Mudan\u00e7as dom\u00e9sticas<\/li>\n<li>Mudan\u00e7as de escrit\u00f3rios<\/li>\n<li>Escolha de op\u00e7\u00f5es de embalagem<\/li>\n<li>Servi\u00e7o de embalagem<\/li>\n<li>Arranjo de transporte<\/li>\n<li>Aluguel de reboques<\/li>\n<li>Seguros<\/li>\n<li>Instala\u00e7\u00f5es de armazenamento<\/li>\n<\/ul>\n<p>A Vinjes \u00e9 uma empresa de transportes fundada em 1889 que oferece servi\u00e7os de mudan\u00e7a e armazenamento e est\u00e1 sediada em Tiller. Eles trabalham em coopera\u00e7\u00e3o com outras empresas de mudan\u00e7as confi\u00e1veis para ajud\u00e1-los a fornecer servi\u00e7os internacionais. Eles s\u00e3o membros da IAM com 134 anos de servi\u00e7o.<\/p>\n<p>A Vinjes oferece uma variedade de op\u00e7\u00f5es de mudan\u00e7a que incluem embalagem \"fa\u00e7a voc\u00ea mesmo\" e aluguel de reboque, embalagem parcial e servi\u00e7o de embalagem completo. O servi\u00e7o de embalagem inclui o acondicionamento seguro de seus pertences em materiais de embalagem adequados e a desembalagem no novo endere\u00e7o. Eles tamb\u00e9m oferecem seguro para o conte\u00fado durante a mudan\u00e7a e instala\u00e7\u00f5es de armazenamento, se necess\u00e1rio.<\/p>\n<p>Website: <a href=\"http:\/\/www.vinjes.no\" target=\"_blank\" rel=\"noopener\">http:\/\/www.vinjes.no<\/a><\/p>\n<h2><span class=\"ez-toc-section\" id=\"Other_Useful_Guides_to_Norway\"><\/span>Outros guias \u00fateis para a Noruega<span class=\"ez-toc-section-end\"><\/span><\/h2>\n<ul>\n<li> <a href=\"https:\/\/moverdb.com\/pt\/transporte-de-conteineres\/noruega\/\">2024 Tarifas de remessa de cont\u00eaineres de frete mar\u00edtimo para e da Noruega<\/a><\/li>\n<li> <a href=\"https:\/\/moverdb.com\/pt\/moving-to-norway\/\">Est\u00e1 se mudando para a Noruega? 2026 Custo de vida e dicas de realoca\u00e7\u00e3o<\/a><\/li>\n<li> <a href=\"https:\/\/moverdb.com\/pt\/moving-to-norway\/best-places-to-live-norway\/\">13 melhores lugares para se viver na Noruega\/a&gt;<\/li>\n<li> <a href=\"https:\/\/moverdb.com\/pt\/moving-to-norway\/living-in-norway\/\">21 segredos sobre morar na Noruega que voc\u00ea deve saber antes de se mudar<\/a><\/li>\n<\/ul>","protected":false},"excerpt":{"rendered":"<p>If you are moving home or business within, to or from Norway then you may want to employ the services of a moving company to assist you. They can help you with packing, organising transportation and sorting out paperwork. Below we have compiled a list of Norway based removal companies that are members of the [&hellip;]<\/p>\n","protected":false},"author":4,"featured_media":0,"parent":190,"menu_order":0,"comment_status":"closed","ping_status":"closed","template":"","meta":{"_genesis_hide_title":false,"_genesis_hide_breadcrumbs":false,"_genesis_hide_singular_image":false,"_genesis_hide_footer_widgets":false,"_genesis_custom_body_class":"","_genesis_custom_post_class":"","_genesis_layout":"","footnotes":""},"class_list":{"0":"post-8897","1":"page","2":"type-page","3":"status-publish","5":"entry","6":"has-post-thumbnail"},"_links":{"self":[{"href":"https:\/\/moverdb.com\/pt\/wp-json\/wp\/v2\/pages\/8897","targetHints":{"allow":["GET"]}}],"collection":[{"href":"https:\/\/moverdb.com\/pt\/wp-json\/wp\/v2\/pages"}],"about":[{"href":"https:\/\/moverdb.com\/pt\/wp-json\/wp\/v2\/types\/page"}],"author":[{"embeddable":true,"href":"https:\/\/moverdb.com\/pt\/wp-json\/wp\/v2\/users\/4"}],"replies":[{"embeddable":true,"href":"https:\/\/moverdb.com\/pt\/wp-json\/wp\/v2\/comments?post=8897"}],"version-history":[{"count":2,"href":"https:\/\/moverdb.com\/pt\/wp-json\/wp\/v2\/pages\/8897\/revisions"}],"predecessor-version":[{"id":17049,"href":"https:\/\/moverdb.com\/pt\/wp-json\/wp\/v2\/pages\/8897\/revisions\/17049"}],"up":[{"embeddable":true,"href":"https:\/\/moverdb.com\/pt\/wp-json\/wp\/v2\/pages\/190"}],"wp:attachment":[{"href":"https:\/\/moverdb.com\/pt\/wp-json\/wp\/v2\/media?parent=8897"}],"curies":[{"name":"wp","href":"https:\/\/api.w.org\/{rel}","templated":true}]}}