{"id":889,"date":"2016-09-03T15:17:39","date_gmt":"2016-09-03T15:17:39","guid":{"rendered":"http:\/\/moverdb.com\/?page_id=889"},"modified":"2026-01-08T15:20:33","modified_gmt":"2026-01-08T15:20:33","slug":"pss-removals","status":"publish","type":"page","link":"https:\/\/moverdb.com\/pt\/pss-removals\/","title":{"rendered":"PSS Mudan\u00e7as Internacionais: Servi\u00e7os de Mudan\u00e7as e Revis\u00f5es"},"content":{"rendered":"<p>PSS <a href=\"https:\/\/moverdb.com\/pt\/international-removals\/\" data-internallinksmanager029f6b8e52c=\"27\" title=\"36 melhores empresas de mudan\u00e7as internacionais no Reino Unido\">Mudan\u00e7as internacionais<\/a> tem movido pessoas ao exterior por mais de 34 anos. Abaixo est\u00e3o listados os v\u00e1rios servi\u00e7os que eles oferecem.<\/p>\n<p><strong>Mudan\u00e7as internacionais<\/strong><\/p>\n<ul>\n<li> Servi\u00e7o sob medida para a maioria dos pa\u00edses<\/li>\n<li> Coordenador designado da mudan\u00e7a internacional<\/li>\n<li> Empacotadores profissionais ou op\u00e7\u00e3o self-pack<\/li>\n<li> Servi\u00e7o porta a porta<\/li>\n<li> Seguro organizado<\/li>\n<li> Aconselhamento sobre todos os aspectos do pa\u00eds de destino<\/li>\n<\/ul>\n<p><strong>Servi\u00e7os de Migra\u00e7\u00e3o<\/strong><br \/>\n<strong>Informa\u00e7\u00f5es\/Documenta\u00e7\u00e3o Aduaneira<\/strong><\/p>\n<p><strong><a href=\"https:\/\/moverdb.com\/pt\/transporte-de-conteineres\/\">Transporte mar\u00edtimo internacional<\/a><\/strong><\/p>\n<ul>\n<li> Frete mar\u00edtimo ou frete a\u00e9reo expresso<\/li>\n<li> Seguro organizado<\/li>\n<\/ul>\n<p><strong>Servi\u00e7o Expresso de Parcelas no Exterior<\/strong><\/p>\n<ul>\n<li> Entrega de encomendas expresso porta a porta para itens de necessidade urgente<\/li>\n<\/ul>\n<p><strong>Excesso de Bagagem<\/strong><\/p>\n<ul>\n<li> Frete rodovi\u00e1rio (dentro da Europa) Frete mar\u00edtimo ou frete a\u00e9reo expresso<\/li>\n<li> Self-pack<\/li>\n<li> Embalado para voc\u00ea<\/li>\n<li> Seguro organizado<\/li>\n<\/ul>\n<p><strong><a href=\"https:\/\/moverdb.com\/pt\/car-transport-shipping\/\" data-internallinksmanager029f6b8e52c=\"2\" title=\"2026 Cota\u00e7\u00f5es de transporte internacional de carros e envio de ve\u00edculos\">Envio de carros<\/a><\/strong><\/p>\n<ul>\n<li> Carro de navio separadamente<\/li>\n<li> Carro de navio no mesmo container que os pertences<\/li>\n<li> Seguro organizado<\/li>\n<\/ul>\n<h2>Perfil da PSS International Removals Company<\/h2>\n<p>A PSS International Removals est\u00e1 envolvida em mudan\u00e7as para o exterior h\u00e1 mais de 34 anos. A empresa se concentra em mudan\u00e7as para o exterior e n\u00e3o opera mudan\u00e7as dentro da <a href=\"https:\/\/moverdb.com\/pt\/moving-to-the-uk\/\" data-internallinksmanager029f6b8e52c=\"93\" title=\"Mudando-se para o Reino Unido? 2026 Custos de Vida e Dicas de Reloca\u00e7\u00e3o\">REINO UNIDO<\/a>. <\/p>\n<p>A PSS International Remover envia itens de uma \u00fanica caixa para uma grande casa ou mesmo grandes mudan\u00e7as corporativas. Nenhuma mudan\u00e7a \u00e9 muito complicada ou muito grande ou pequena.<\/p>\n<p>Cada membro do pessoal \u00e9 treinado em procedimentos de exporta\u00e7\u00e3o e se relaciona apenas com as melhores empresas de mudan\u00e7as profissionais no exterior, a fim de prestar os servi\u00e7os sob medida que prometem. Eles s\u00e3o uma das maiores empresas do Reino Unido. <a href=\"https:\/\/moverdb.com\/pt\/remocoes-internacionais\/\">empresas de mudan\u00e7as internacionais<\/a> e transferiu 4.536 clientes para o exterior durante 2015.<\/p>\n<p>A PSS International possui as seguintes credencia\u00e7\u00f5es e afilia\u00e7\u00f5es:<\/p>\n<ul>\n<li> <a href=\"https:\/\/moverdb.com\/pt\/british-association-of-removers\/\">A Associa\u00e7\u00e3o Brit\u00e2nica de Removedores<\/a> (<a href=\"https:\/\/moverdb.com\/pt\/british-association-of-removers\/\" data-internallinksmanager029f6b8e52c=\"9\" title=\"Associa\u00e7\u00e3o Brit\u00e2nica de Removers (BAR) Explicada\">BAR<\/a>)<\/li>\n<li> <a href=\"https:\/\/moverdb.com\/pt\/bar-overseas\/\">A Associa\u00e7\u00e3o Brit\u00e2nica de Removers Overseas<\/a><\/li>\n<li> <a href=\"https:\/\/moverdb.com\/pt\/fidi-faim\/\">FIDI<\/a><\/li>\n<li> <a href=\"https:\/\/moverdb.com\/pt\/fidi-faim\/\" data-internallinksmanager029f6b8e52c=\"16\" title=\"FIDI &amp; FAIM (FIDI Accredited International Mover) Explicado\">FAIM<\/a><\/li>\n<\/ul>\n<p><strong>PSS International Removals Reviews<\/strong><\/p>\n<p><strong>Positivo<\/strong><\/p>\n<ul>\n<li> <em>\"Todos foram t\u00e3o prestativos e realmente profissionais. Eu n\u00e3o podia imaginar que este dia pudesse correr melhor e mais suave\". Eu estava t\u00e3o estressado e eles conseguiram me alegrar. <a href=\"https:\/\/moverdb.com\/pt\/moving-to-the-united-states\/\" data-internallinksmanager029f6b8e52c=\"94\" title=\"Mudando-se para os Estados Unidos? 2026 Custos de Vida e Dicas de Reloca\u00e7\u00e3o\">n\u00f3s<\/a> para cima. Gente muito profissional e simp\u00e1tica, amig\u00e1vel. Estou realmente impressionado\".<\/em> - Ania via <a href=\"https:\/\/www.pssremovals.com\/reviews\" target=\"_blank\" rel=\"noopener\">Revis\u00f5es de clientes PSS Remo\u00e7\u00f5es<\/a><\/li>\n<li> <em>\"Usamos o PSS seguindo uma recomenda\u00e7\u00e3o de amigos. Tivemos um recipiente de uso exclusivo de 20 p\u00e9s para <a href=\"https:\/\/moverdb.com\/pt\/moving-to-australia\/living-in-australia\/\" data-internallinksmanager029f6b8e52c=\"240\" title=\"21 Segredos sobre viver na Austr\u00e1lia para saber antes de se mudar\">Austr\u00e1lia<\/a>. A equipe que chegou e arrumou nossa casa foi incr\u00edvel - eles trabalharam t\u00e3o rapidamente. Houve momentos em que nossos pertences estavam a caminho e eu entrei em p\u00e2nico sobre o que estaria quebrado ou danificado, mas nossas coisas chegaram na semana passada e tudo parece igual ao que acontecia quando embalado\".<\/em> - Zoe via <a href=\"http:\/\/www.mymovingreviews.com\/movers\/pss-international-removals-1788#57593\" target=\"_blank\" rel=\"noopener\">MyMovingReviews.com<\/a> <\/li>\n<li> <em>\"Do come\u00e7o ao fim, n\u00e3o poderia estar mais satisfeito com o servi\u00e7o, j\u00e1 que eles t\u00eam uma excelente configura\u00e7\u00e3o e foram \u00fateis e amig\u00e1veis durante todo o tempo, isto est\u00e1 dizendo algo considerando que \u00e9ramos provavelmente as pessoas mais desorganizadas e estressadas que j\u00e1 se mudaram\".<\/em> - Michelle via <a href=\"http:\/\/www.removalreviews.co.uk\/movingreviews\/good-company-8764\" target=\"_blank\" rel=\"noopener\">Revis\u00f5es de remo\u00e7\u00e3o<\/a> <\/li>\n<\/ul>\n<p><strong>Negativo<\/strong><\/p>\n<ul>\n<li> <em>\"Eu havia solicitado a mudan\u00e7a de artigos dom\u00e9sticos do Reino Unido para os EUA\". Embora eu tenha dado um aviso muito curto e n\u00e3o tenha realmente preenchido os formul\u00e1rios a tempo, n\u00e3o estou FELIZ em ser cobrado 400 d\u00f3lares adicionais no destino para a varredura aleat\u00f3ria de raios X na alf\u00e2ndega e a chegada atrasada ap\u00f3s 4 meses que inclui o per\u00edodo de armazenamento\".<\/em> - Sanjay via <a href=\"http:\/\/www.mymovingreviews.com\/movers\/pss-international-removals-1788#57002\" target=\"_blank\" rel=\"noopener\">MyMovingReviews.com<\/a><\/li>\n<li> \u201c<em>A empresa s\u00f3 est\u00e1 l\u00e1 para roubar o dinheiro das pessoas!!!!!!\".<\/em> - Amir via <a href=\"http:\/\/www.removalreviews.co.uk\/movingreviews\/straight-up-con-6619\" target=\"_blank\" rel=\"noopener\">Revis\u00f5es de remo\u00e7\u00e3o<\/a> <\/li>\n<\/ul>\n<div itemprop=\"review\" itemscope itemtype=\"http:\/\/schema.org\/Review\">\n<span itemprop=\"author\" itemscope=\"\" itemtype=\"http:\/\/schema.org\/Organization\"><span itemprop=\"name\">MoverDB.com<\/span><\/span> Revis\u00e3o do site on-line para <span itemprop=\"itemreviewed\" itemscope=\"\" itemtype=\"http:\/\/schema.org\/Brand\"><span itemprop=\"name\">PSS Mudan\u00e7as Internacionais<\/span><\/span>:<\/p>\n<ol>\n<li> Detalhes claros de contato no website (incluindo n\u00famero de telefone): <strong>Sim<\/strong><\/li>\n<li> F\u00e1cil de obter <a href=\"https:\/\/moverdb.com\/pt\/citacoes\/\">cita\u00e7\u00f5es de mudan\u00e7as internacionais<\/a>? (Formul\u00e1rio de solicita\u00e7\u00e3o de or\u00e7amento on-line): <strong>Sim<\/strong><\/li>\n<li> Informa\u00e7\u00f5es claras no site: <strong>Sim,<\/strong> muitas informa\u00e7\u00f5es detalhadas sobre cada destino.<\/li>\n<li> Participa\u00e7\u00e3o em organiza\u00e7\u00f5es internacionais de mudan\u00e7as reconhecidas internacionalmente: <strong>Sim<\/strong>ver acima.<\/li>\n<li> Lista de clientes e\/ou depoimentos de clientes anteriores: <strong>Sim,<\/strong> eles t\u00eam uma p\u00e1gina de revis\u00e3o do cliente e recebem revis\u00f5es geralmente positivas em outros websites.<\/li>\n<\/ol>\n<div itemprop=\"reviewRating\" itemscope itemtype=\"http:\/\/schema.org\/Rating\"><meta itemprop=\"worstRating\" content = \"0\" \/><meta itemprop=\"bestRating\" content=\"5\" \/><meta itemprop=\"ratingValue\" content=\"5\"><\/div>\n<p><strong>Nota geral: 5\/5<\/strong><br \/>\n<strong>Data de revis\u00e3o:<\/strong> <span itemprop=\"datePublished\" content=\"2016-09-03\">03\/09\/2016<\/span>\n<\/div>\n<p>Mais sobre <a href=\"https:\/\/moverdb.com\/pt\/mudancas-empresas\/\">empresas de mudan\u00e7as internacionais<\/a> e nosso <a href=\"https:\/\/moverdb.com\/pt\/criticas\/\">processo de revis\u00e3o<\/a>.<\/p>\n<p><strong>Website:<\/strong> <a href=\"https:\/\/www.pssremovals.com\" target=\"_blank\" rel=\"noopener\">https:\/\/www.pssremovals.com<\/a>.<\/p>","protected":false},"excerpt":{"rendered":"<p>PSS International Removals has been moving people abroad for over 34 years. Listed below are the various services they offer. International Removals Bespoke service to most countries Designated international move co-ordinator Professional packers or self-pack option Door to door service Insurance arranged Advice on every aspect of destination country Migration Services Customs Information\/Documentation International Shipping [&hellip;]<\/p>\n","protected":false},"author":1,"featured_media":0,"parent":0,"menu_order":0,"comment_status":"closed","ping_status":"closed","template":"","meta":{"_genesis_hide_title":false,"_genesis_hide_breadcrumbs":false,"_genesis_hide_singular_image":false,"_genesis_hide_footer_widgets":false,"_genesis_custom_body_class":"","_genesis_custom_post_class":"","_genesis_layout":"","footnotes":""},"class_list":{"0":"post-889","1":"page","2":"type-page","3":"status-publish","5":"entry"},"_links":{"self":[{"href":"https:\/\/moverdb.com\/pt\/wp-json\/wp\/v2\/pages\/889","targetHints":{"allow":["GET"]}}],"collection":[{"href":"https:\/\/moverdb.com\/pt\/wp-json\/wp\/v2\/pages"}],"about":[{"href":"https:\/\/moverdb.com\/pt\/wp-json\/wp\/v2\/types\/page"}],"author":[{"embeddable":true,"href":"https:\/\/moverdb.com\/pt\/wp-json\/wp\/v2\/users\/1"}],"replies":[{"embeddable":true,"href":"https:\/\/moverdb.com\/pt\/wp-json\/wp\/v2\/comments?post=889"}],"version-history":[{"count":4,"href":"https:\/\/moverdb.com\/pt\/wp-json\/wp\/v2\/pages\/889\/revisions"}],"predecessor-version":[{"id":6230,"href":"https:\/\/moverdb.com\/pt\/wp-json\/wp\/v2\/pages\/889\/revisions\/6230"}],"wp:attachment":[{"href":"https:\/\/moverdb.com\/pt\/wp-json\/wp\/v2\/media?parent=889"}],"curies":[{"name":"wp","href":"https:\/\/api.w.org\/{rel}","templated":true}]}}