{"id":8886,"date":"2023-04-27T14:39:29","date_gmt":"2023-04-27T14:39:29","guid":{"rendered":"https:\/\/moverdb.com\/?page_id=8886"},"modified":"2026-01-08T15:30:11","modified_gmt":"2026-01-08T15:30:11","slug":"moving-companies-nepal","status":"publish","type":"page","link":"https:\/\/moverdb.com\/pt\/moving-companies\/moving-companies-nepal\/","title":{"rendered":"Melhores empresas de mudan\u00e7a internacional no Nepal"},"content":{"rendered":"<p>&nbsp;<\/p>\n<p>Se voc\u00ea estiver planejando se mudar dentro, para ou do Nepal, poder\u00e1 se beneficiar dos servi\u00e7os de um <a href=\"https:\/\/moverdb.com\/pt\/moving-companies\/\" data-internallinksmanager029f6b8e52c=\"79\" title=\"As 25 maiores empresas de mudan\u00e7as internacionais on-line\">empresa de mudan\u00e7as<\/a> pois eles podem reduzir a carga de trabalho e o estresse da sua mudan\u00e7a. Abaixo, compilamos uma lista de empresas sediadas no Nepal <a href=\"https:\/\/moverdb.com\/pt\/international-removals\/\" data-internallinksmanager029f6b8e52c=\"27\" title=\"36 melhores empresas de mudan\u00e7as internacionais no Reino Unido\">empresas de mudan\u00e7as<\/a> que s\u00e3o membros do <a href=\"https:\/\/moverdb.com\/pt\/iam\/\" data-internallinksmanager029f6b8e52c=\"23\" title=\"Associa\u00e7\u00e3o Internacional de Remotores (IAM) Explicado\">Associa\u00e7\u00e3o Internacional de Movers<\/a> (IAM) e\/ou <a href=\"https:\/\/moverdb.com\/pt\/fidi-faim\/\" data-internallinksmanager029f6b8e52c=\"16\" title=\"FIDI &amp; FAIM (FIDI Accredited International Mover) Explicado\">FIDI<\/a> Credenciado pela International Mover (FAIM) que poderia ajud\u00e1-lo em sua mudan\u00e7a.<\/p>\n<h2><strong>Atlas International Relocations<\/strong><\/h2>\n<p><img loading=\"lazy\" decoding=\"async\" class=\"alignnone size-full wp-image-8764\" src=\"https:\/\/moverdb.com\/wp-content\/uploads\/Atlas-International-Relocation-international-moving-company.png\" alt=\"Atlas International Relocation empresa de mudan\u00e7as internacionais\" width=\"1440\" height=\"679\" data-wp-pid=\"8764\" srcset=\"https:\/\/moverdb.com\/wp-content\/uploads\/Atlas-International-Relocation-international-moving-company.png 1440w, https:\/\/moverdb.com\/wp-content\/uploads\/Atlas-International-Relocation-international-moving-company-300x141.png 300w, https:\/\/moverdb.com\/wp-content\/uploads\/Atlas-International-Relocation-international-moving-company-1024x483.png 1024w, https:\/\/moverdb.com\/wp-content\/uploads\/Atlas-International-Relocation-international-moving-company-18x8.png 18w, https:\/\/moverdb.com\/wp-content\/uploads\/Atlas-International-Relocation-international-moving-company-600x283.png 600w\" sizes=\"auto, (max-width: 1440px) 100vw, 1440px\" \/><\/p>\n<ul>\n<li>Movimentos nacionais<\/li>\n<li>Mudan\u00e7as internacionais<\/li>\n<li>Mudan\u00e7as dom\u00e9sticas<\/li>\n<li>Mudan\u00e7as de escrit\u00f3rio<\/li>\n<li>Log\u00edstica do projeto<\/li>\n<li>Servi\u00e7os de embalagem<\/li>\n<li>Arranjo de transporte<\/li>\n<li>Despachos aduaneiros<\/li>\n<li>Transporte de animais de estima\u00e7\u00e3o e ve\u00edculos<\/li>\n<li>Instala\u00e7\u00f5es de armazenamento<\/li>\n<\/ul>\n<p>A Atlas International Relocations \u00e9 uma empresa de mudan\u00e7as com sede em Katmandu que oferece mudan\u00e7as nacionais e internacionais para resid\u00eancias e escrit\u00f3rios. Eles s\u00e3o membros da IAM, com 40 anos de servi\u00e7o, o que lhes d\u00e1 acesso a uma rede internacional de agentes de mudan\u00e7a para apoi\u00e1-los.<\/p>\n<p>A Atlas International Relocations oferece uma visita gratuita ao local para avaliar suas necessidades e disponibiliza um consultor para ajud\u00e1-lo. Eles fornecem um servi\u00e7o de embalagem profissional usando materiais de embalagem de alta qualidade e sistemas avan\u00e7ados de embalagem para garantir um tr\u00e2nsito seguro. Eles providenciam o transporte de seus pertences em um de seus caminh\u00f5es ou em um cont\u00eainer e ajudam a desempacotar e colocar seus itens no seu destino.<\/p>\n<p>Website: <a href=\"http:\/\/www.atlaspackersnepal.com\" target=\"_blank\" rel=\"noopener\">http:\/\/www.atlaspackersnepal.com<\/a><\/p>","protected":false},"excerpt":{"rendered":"<p>&nbsp; If you are planning on moving within, to or from Nepal then you may benefit from the services of a moving company as they can reduce the workload and stress of your move. Below we have compiled a list of Nepal based removal companies that are members of the International Association of Movers (IAM) [&hellip;]<\/p>\n","protected":false},"author":4,"featured_media":0,"parent":190,"menu_order":0,"comment_status":"closed","ping_status":"closed","template":"","meta":{"_genesis_hide_title":false,"_genesis_hide_breadcrumbs":false,"_genesis_hide_singular_image":false,"_genesis_hide_footer_widgets":false,"_genesis_custom_body_class":"","_genesis_custom_post_class":"","_genesis_layout":"","footnotes":""},"class_list":{"0":"post-8886","1":"page","2":"type-page","3":"status-publish","5":"entry","6":"has-post-thumbnail"},"_links":{"self":[{"href":"https:\/\/moverdb.com\/pt\/wp-json\/wp\/v2\/pages\/8886","targetHints":{"allow":["GET"]}}],"collection":[{"href":"https:\/\/moverdb.com\/pt\/wp-json\/wp\/v2\/pages"}],"about":[{"href":"https:\/\/moverdb.com\/pt\/wp-json\/wp\/v2\/types\/page"}],"author":[{"embeddable":true,"href":"https:\/\/moverdb.com\/pt\/wp-json\/wp\/v2\/users\/4"}],"replies":[{"embeddable":true,"href":"https:\/\/moverdb.com\/pt\/wp-json\/wp\/v2\/comments?post=8886"}],"version-history":[{"count":1,"href":"https:\/\/moverdb.com\/pt\/wp-json\/wp\/v2\/pages\/8886\/revisions"}],"predecessor-version":[{"id":8887,"href":"https:\/\/moverdb.com\/pt\/wp-json\/wp\/v2\/pages\/8886\/revisions\/8887"}],"up":[{"embeddable":true,"href":"https:\/\/moverdb.com\/pt\/wp-json\/wp\/v2\/pages\/190"}],"wp:attachment":[{"href":"https:\/\/moverdb.com\/pt\/wp-json\/wp\/v2\/media?parent=8886"}],"curies":[{"name":"wp","href":"https:\/\/api.w.org\/{rel}","templated":true}]}}