{"id":888,"date":"2016-08-31T21:15:38","date_gmt":"2016-08-31T21:15:38","guid":{"rendered":"http:\/\/moverdb.com\/?page_id=888"},"modified":"2026-01-08T14:47:24","modified_gmt":"2026-01-08T14:47:24","slug":"abels-removals","status":"publish","type":"page","link":"https:\/\/moverdb.com\/pt\/abels-removals\/","title":{"rendered":"Abels Moving Services: Revis\u00f5es de Mudan\u00e7as Internacionais"},"content":{"rendered":"<p>A Abels Moving Services est\u00e1 sediada em Brandon, Suffolk, mas tem instala\u00e7\u00f5es em <a href=\"https:\/\/moverdb.com\/pt\/moving-to-london\/\">Londres<\/a>, <a href=\"\" data-internallinksmanager029f6b8e52c=\"37\" title=\"Cambridge\">Cambridge<\/a> e Lutterworth, mas serve a todo o <a href=\"https:\/\/moverdb.com\/pt\/moving-to-the-uk\/\" data-internallinksmanager029f6b8e52c=\"93\" title=\"Mudando-se para o Reino Unido? 2026 Custos de Vida e Dicas de Reloca\u00e7\u00e3o\">REINO UNIDO<\/a>. <\/p>\n<p>Ela oferece a seus clientes muitos servi\u00e7os de mudan\u00e7a intencional que est\u00e3o listados abaixo. Segue tamb\u00e9m um perfil da empresa e revis\u00f5es da empresa.<\/p>\n<p><strong>Mudan\u00e7as Internacionais<\/strong><\/p>\n<ul>\n<li> Frete a\u00e9reo para pequenos volumes<\/li>\n<li> Frete mar\u00edtimo para grandes volumes<\/li>\n<li> Gerenciamento completo da mudan\u00e7a dispon\u00edvel<\/li>\n<li> Remo\u00e7\u00e3o de animais<\/li>\n<li> Remo\u00e7\u00e3o de carro<\/li>\n<li> Servi\u00e7o porta a porta<\/li>\n<li> Empacotadores altamente treinados<\/li>\n<li> Materiais de embalagem de alta qualidade<\/li>\n<li> Assist\u00eancia alfandeg\u00e1ria<\/li>\n<li> Servi\u00e7o de entrega e desempacotamento<\/li>\n<li> Informa\u00e7\u00f5es sobre reloca\u00e7\u00e3o<\/li>\n<li> Seguro organizado<\/li>\n<li> Servi\u00e7o de camareira<\/li>\n<li> Servi\u00e7o de jardinagem<\/li>\n<\/ul>\n<p><strong>Servi\u00e7os de reloca\u00e7\u00e3o<\/strong><\/p>\n<ul>\n<li> Guias de realoca\u00e7\u00e3o de pa\u00edses dispon\u00edveis para 60 pa\u00edses<\/li>\n<li> Avalia\u00e7\u00e3o inicial das necessidades<\/li>\n<li> Orienta\u00e7\u00e3o - compras, entretenimento, bancos, instala\u00e7\u00f5es de lazer<\/li>\n<li> Vis\u00e3o geral da educa\u00e7\u00e3o<\/li>\n<li> Vis\u00e3o geral da propriedade<\/li>\n<li> Aluguel de m\u00f3veis<\/li>\n<li> Conex\u00e3o de utilidades<\/li>\n<li> Servi\u00e7o de camareira<\/li>\n<li> Servi\u00e7o de jardinagem<\/li>\n<\/ul>\n<p><strong>Mudan\u00e7as europ\u00e9ias<\/strong><\/p>\n<ul>\n<li> Servi\u00e7o porta a porta<\/li>\n<li> Toda a papelada conclu\u00edda pela Abels<\/li>\n<li> Embalagem e desempacotamento<\/li>\n<li> Materiais de embalagem especializados<\/li>\n<li> Armazenamento a curto e longo prazo<\/li>\n<li> Servi\u00e7o de assistente pessoal - tudo e qualquer coisa<\/li>\n<li> Guias de reloca\u00e7\u00e3o<\/li>\n<li> Servi\u00e7o de camareira<\/li>\n<li> Servi\u00e7o de jardinagem<\/li>\n<\/ul>\n<p><strong>Servi\u00e7os de embalagem<\/strong><\/p>\n<ul>\n<li> Itens fr\u00e1geis, incluindo o cristal, <a href=\"https:\/\/moverdb.com\/pt\/moving-to-china\/\" data-internallinksmanager029f6b8e52c=\"357\" title=\"Est\u00e1 se mudando para a China? 2026 Custo de vida e dicas de realoca\u00e7\u00e3o\">porcelana<\/a>vidro, etc.<\/li>\n<li> Pinturas, quadros<\/li>\n<li> Roupas<\/li>\n<li> M\u00f3veis antigos, artigos de alto valor<\/li>\n<li> Conte\u00fado dos arm\u00e1rios em geral<\/li>\n<\/ul>\n<p><strong>Armazenamento<\/strong><\/p>\n<ul>\n<li> Longo e curto prazo<\/li>\n<li> Armazenamento no Reino Unido, Europa e no exterior<\/li>\n<li> Finalidade constru\u00edda<\/li>\n<li> Ambiente ideal<\/li>\n<li> Controles de inc\u00eandio estringentes<\/li>\n<li> Cobertura CCTV<\/li>\n<li> Presen\u00e7a constante de seguran\u00e7a<\/li>\n<li> Recipientes selados na coleta<\/li>\n<li> Mobili\u00e1rio macio armazenado em condi\u00e7\u00f5es ideais de temperatura<\/li>\n<li> Arquivo e armazenamento de arquivos<\/li>\n<li> Armazenamento para estudantes<\/li>\n<\/ul>\n<p><strong>Servi\u00e7os especializados<\/strong><\/p>\n<ul>\n<li> Movimentos Comerciais e Comerciais<\/li>\n<li> Servi\u00e7os documentais<\/li>\n<li> Servi\u00e7os de acess\u00f3rios para m\u00f3veis e equipamentos<\/li>\n<li> Servi\u00e7os de varejo e entrega ao domic\u00edlio<\/li>\n<li> Servi\u00e7os de Instala\u00e7\u00e3o de M\u00f3veis<\/li>\n<li> Solu\u00e7\u00f5es de instala\u00e7\u00e3o para designers de interiores e promotores imobili\u00e1rios<\/li>\n<\/ul>\n<h2>Abels Moving Services Perfil da empresa<\/h2>\n<p>A Abels Moving Services come\u00e7ou como uma empresa familiar em 1958, entregando mercadorias \u00e0s lojas. A empresa cresceu desde ent\u00e3o e agora conta com 1.500 centros de servi\u00e7os em 56 pa\u00edses em todo o mundo. <\/p>\n<p>A empresa foi agraciada com um mandado real a Sua Majestade a Rainha em 1989 em agradecimento por seus servi\u00e7os \u00e0 coroa que inclu\u00eda a mudan\u00e7a de todos os presentes de casamento do Pr\u00edncipe Carlos e da Princesa Diana em 1981. <\/p>\n<p>A Abels Moving Services se orgulha de seus caminh\u00f5es constru\u00eddos com o objetivo de proteger o meio ambiente. Eles acreditam em retribuir \u00e0 comunidade e apoiar v\u00e1rias institui\u00e7\u00f5es de caridade em todo o mundo. <\/p>\n<p>Eles acreditam firmemente na abordagem \"sem problemas\" com os clientes e acreditam que um sorriso vai muito longe.<\/p>\n<p>A Abels Moving Services tem as seguintes afilia\u00e7\u00f5es e credenciamentos:<\/p>\n<ul>\n<li> Mandado Real a Sua Majestade a Rainha<\/li>\n<li> <a href=\"https:\/\/moverdb.com\/pt\/fidi-faim\/\">FIDI<\/a><\/li>\n<li> <a href=\"https:\/\/moverdb.com\/pt\/fidi-faim\/\" data-internallinksmanager029f6b8e52c=\"16\" title=\"FIDI &amp; FAIM (FIDI Accredited International Mover) Explicado\">FAIM<\/a><\/li>\n<li> Investidores em pessoas<\/li>\n<li> <a href=\"https:\/\/moverdb.com\/pt\/british-association-of-removers\/\">A Associa\u00e7\u00e3o Brit\u00e2nica de Remotores<\/a> (<a href=\"https:\/\/moverdb.com\/pt\/british-association-of-removers\/\" data-internallinksmanager029f6b8e52c=\"9\" title=\"Associa\u00e7\u00e3o Brit\u00e2nica de Removers (BAR) Explicada\">BAR<\/a>)<\/li>\n<li> <a href=\"https:\/\/moverdb.com\/pt\/bar-overseas\/\">Grupo BAR Overseas<\/a><\/li>\n<li> Autoridade de Servi\u00e7os Financeiros<\/li>\n<li> <a href=\"https:\/\/moverdb.com\/pt\/fedemac\/\">Federa\u00e7\u00e3o das Associa\u00e7\u00f5es Europ\u00e9ias de Governantes<\/a> (<a href=\"https:\/\/moverdb.com\/pt\/fedemac\/\" data-internallinksmanager029f6b8e52c=\"15\" title=\"Federa\u00e7\u00e3o das Associa\u00e7\u00f5es Europ\u00e9ias de Governantes (FEDEMAC) Explicou\">FEDEMAC<\/a>)<\/li>\n<li> Seguro M\u00fatuo Internacional Movers (IMMI)<\/li>\n<li> BS PT ISO 9001<\/li>\n<\/ul>\n<h2>Abels Moving Services<\/h2>\n<p><strong>Positivo:<\/strong><\/p>\n<ul>\n<li> <em>\"As equipes em movimento em ambas as extremidades eram grandes - competentes, trabalhavam de forma constante e apenas com tipos agrad\u00e1veis para lidar, realmente \u00fateis al\u00e9m do que era estritamente necess\u00e1rio\".<\/em> - Sra. Jenson via <a href=\"http:\/\/www.abels.co.uk\/reviews\/\" target=\"_blank\" rel=\"noopener\">Abel p\u00e1gina de opini\u00f5es de clientes<\/a>.<\/li>\n<li> <em>\"Todas as pessoas com quem lidei na Abels por telefone, e-mail ou pessoalmente foram muito \u00fateis, amig\u00e1veis e eficientes, eu definitivamente as utilizaria novamente e n\u00e3o hesitaria em recomend\u00e1-las a outros\".<\/em> Sra. Pledge via <a href=\"http:\/\/moveaide.com\/movers\/abels-moving-cambrige-uk-mover-reviews\" target=\"_blank\" rel=\"noopener\">MoveAide<\/a><\/li>\n<li> <em>\"S\u00f3 quer\u00edamos fazer com que voc\u00eas soubessem que nossa jogada est\u00e1 agora conclu\u00edda com sucesso\".<\/em> - via <a href=\"http:\/\/removal-company-reviews.com\/view-removal-company-review.php?c=Abels%20Moving%20Services%20Ltd&#038;id=384\" target=\"_blank\" rel=\"noopener\">Revis\u00f5es da empresa de mudan\u00e7as<\/a><\/li>\n<\/ul>\n<p><strong>Negativo:<\/strong><\/p>\n<ul>\n<li> <em>\"Comunica\u00e7\u00e3o horr\u00edvel sobre atrasos desnecess\u00e1rios\". Voc\u00ea temer\u00e1 que todos os pertences de sua vida tenham desaparecido\".<\/em> - Jeanie C. via <a href=\"https:\/\/www.yelp.co.uk\/biz\/abels-moving-services-ltd-brandon-2?hrid=qZqRG6iZsRo2GEP-XgQefQ&#038;utm_campaign=www_review_share_popup&#038;utm_medium=copy_link&#038;utm_source=(direct)\" target=\"_blank\" rel=\"noopener\">Yelp<\/a><\/li>\n<li> <em>\"se voc\u00ea n\u00e3o for a Rainha, eles n\u00e3o v\u00e3o tomar muito cuidado\".<\/em> - Simon via <a href=\"http:\/\/www.removalreviews.co.uk\/movingreviews\/far-from-their-advertising-image-7304\" target=\"_blank\" rel=\"noopener\">Revis\u00f5es de remo\u00e7\u00e3o<\/a><\/li>\n<li> <em>\"Servi\u00e7o deficiente em toda parte com comunica\u00e7\u00f5es deficientes entre os dois <a href=\"https:\/\/moverdb.com\/pt\/movendo-se-para-o-singapore\/\">Cingapura<\/a> equipe e equipe do reino unido\".<\/em> - Sr. Crapper via <a href=\"http:\/\/moveaide.com\/movers\/abels-moving-cambrige-uk-mover-reviews\" target=\"_blank\" rel=\"noopener\">MoveAide<\/a><\/li>\n<\/li>\n<\/ul>\n<div itemprop=\"review\" itemscope itemtype=\"http:\/\/schema.org\/Review\">\n<span itemprop=\"author\" itemscope=\"\" itemtype=\"http:\/\/schema.org\/Organization\"><span itemprop=\"name\">MoverDB.com<\/span><\/span> Revis\u00e3o do site on-line para <span itemprop=\"itemreviewed\" itemscope=\"\" itemtype=\"http:\/\/schema.org\/Brand\"><span itemprop=\"name\">Abels Moving Services<\/span><\/span>:<\/p>\n<ol>\n<li> Detalhes claros de contato no website (incluindo n\u00famero de telefone): <strong>Sim<\/strong><\/li>\n<li> F\u00e1cil de obter <a href=\"https:\/\/moverdb.com\/pt\/citacoes\/\">cita\u00e7\u00f5es de mudan\u00e7as internacionais<\/a>? (Formul\u00e1rio de solicita\u00e7\u00e3o de or\u00e7amento on-line): <strong>Sim<\/strong><\/li>\n<li> Informa\u00e7\u00f5es claras no site: <strong>Sim,<\/strong> uma quantidade decente de informa\u00e7\u00f5es no site sobre seus servi\u00e7os, embora algumas <\/li>\n<li> Participa\u00e7\u00e3o em organiza\u00e7\u00f5es internacionais de mudan\u00e7as reconhecidas internacionalmente: <strong>Sim<\/strong>ver acima.<\/li>\n<li> Lista de clientes e\/ou depoimentos de clientes anteriores: <strong>Sim<\/strong> H\u00e1 depoimentos positivos de clientes no site.<\/li>\n<\/ol>\n<div itemprop=\"reviewRating\" itemscope itemtype=\"http:\/\/schema.org\/Rating\"><meta itemprop=\"worstRating\" content = \"0\" \/><meta itemprop=\"bestRating\" content=\"5\" \/><meta itemprop=\"ratingValue\" content=\"4.5\"><\/div>\n<p><strong>Nota geral: 4,5\/5<\/strong><br \/>\n<strong>Data de revis\u00e3o:<\/strong> <span itemprop=\"datePublished\" content=\"2016-08-31\">31\/08\/2016<\/span>\n<\/div>\n<p>Mais sobre <a href=\"https:\/\/moverdb.com\/pt\/remocoes-internacionais\/\">mudan\u00e7as internacionais<\/a> e nosso <a href=\"https:\/\/moverdb.com\/pt\/criticas\/\">processo de revis\u00e3o<\/a>.<\/p>\n<p><strong>Website:<\/strong> <a href=\"http:\/\/www.abels.co.uk\" target=\"_blank\" rel=\"noopener\">http:\/\/www.abels.co.uk<\/a><\/p>","protected":false},"excerpt":{"rendered":"<p>Abels Moving Services is based in Brandon, Suffolk but has facilities in London, Cambridge and Lutterworth but serves the whole of the UK. It offers its clients many intentional moving services which are listed below. There also follows a company profile and company reviews. International Moves Airfreight for small volumes Sea freight for large volumes [&hellip;]<\/p>\n","protected":false},"author":1,"featured_media":0,"parent":0,"menu_order":0,"comment_status":"closed","ping_status":"closed","template":"","meta":{"_genesis_hide_title":false,"_genesis_hide_breadcrumbs":false,"_genesis_hide_singular_image":false,"_genesis_hide_footer_widgets":false,"_genesis_custom_body_class":"","_genesis_custom_post_class":"","_genesis_layout":"","footnotes":""},"class_list":{"0":"post-888","1":"page","2":"type-page","3":"status-publish","5":"entry"},"_links":{"self":[{"href":"https:\/\/moverdb.com\/pt\/wp-json\/wp\/v2\/pages\/888","targetHints":{"allow":["GET"]}}],"collection":[{"href":"https:\/\/moverdb.com\/pt\/wp-json\/wp\/v2\/pages"}],"about":[{"href":"https:\/\/moverdb.com\/pt\/wp-json\/wp\/v2\/types\/page"}],"author":[{"embeddable":true,"href":"https:\/\/moverdb.com\/pt\/wp-json\/wp\/v2\/users\/1"}],"replies":[{"embeddable":true,"href":"https:\/\/moverdb.com\/pt\/wp-json\/wp\/v2\/comments?post=888"}],"version-history":[{"count":8,"href":"https:\/\/moverdb.com\/pt\/wp-json\/wp\/v2\/pages\/888\/revisions"}],"predecessor-version":[{"id":6166,"href":"https:\/\/moverdb.com\/pt\/wp-json\/wp\/v2\/pages\/888\/revisions\/6166"}],"wp:attachment":[{"href":"https:\/\/moverdb.com\/pt\/wp-json\/wp\/v2\/media?parent=888"}],"curies":[{"name":"wp","href":"https:\/\/api.w.org\/{rel}","templated":true}]}}