{"id":8441,"date":"2023-04-27T14:41:20","date_gmt":"2023-04-27T14:41:20","guid":{"rendered":"https:\/\/moverdb.com\/?page_id=8441"},"modified":"2026-01-08T15:24:49","modified_gmt":"2026-01-08T15:24:49","slug":"moving-companies-mozambique","status":"publish","type":"page","link":"https:\/\/moverdb.com\/pt\/moving-companies\/moving-companies-mozambique\/","title":{"rendered":"4 melhores empresas de mudan\u00e7a internacional em Mo\u00e7ambique"},"content":{"rendered":"<p>Se voc\u00ea estiver planejando mudar de casa ou de empresa, talvez queira contratar os servi\u00e7os de um <a href=\"https:\/\/moverdb.com\/pt\/moving-companies\/\" data-internallinksmanager029f6b8e52c=\"79\" title=\"As 25 maiores empresas de mudan\u00e7as internacionais on-line\">empresa de mudan\u00e7as<\/a> para tornar a experi\u00eancia menos estressante. Se estiver se mudando dentro, para ou de Mo\u00e7ambique, compilamos uma lista de empresas sediadas em Mo\u00e7ambique <a href=\"https:\/\/moverdb.com\/pt\/international-removals\/\" data-internallinksmanager029f6b8e52c=\"27\" title=\"36 melhores empresas de mudan\u00e7as internacionais no Reino Unido\">empresas de mudan\u00e7as<\/a> abaixo que s\u00e3o membros do <a href=\"https:\/\/moverdb.com\/pt\/iam\/\" data-internallinksmanager029f6b8e52c=\"23\" title=\"Associa\u00e7\u00e3o Internacional de Remotores (IAM) Explicado\">Associa\u00e7\u00e3o Internacional de Movers<\/a> (IAM) e\/ou <a href=\"https:\/\/moverdb.com\/pt\/fidi-faim\/\" data-internallinksmanager029f6b8e52c=\"16\" title=\"FIDI &amp; FAIM (FIDI Accredited International Mover) Explicado\">FIDI<\/a> Credenciado pela International Mover (FAIM) que poderia ajud\u00e1-lo em sua mudan\u00e7a.<\/p>\n<div id=\"ez-toc-container\" class=\"ez-toc-v2_0_82_2 ez-toc-wrap-left counter-hierarchy ez-toc-counter ez-toc-transparent ez-toc-container-direction\">\n<div class=\"ez-toc-title-container\">\n<p class=\"ez-toc-title\" style=\"cursor:inherit\">Se\u00e7\u00f5es<\/p>\n<span class=\"ez-toc-title-toggle\"><a href=\"#\" class=\"ez-toc-pull-right ez-toc-btn ez-toc-btn-xs ez-toc-btn-default ez-toc-toggle\" aria-label=\"Alternar tabela de conte\u00fado\"><span class=\"ez-toc-js-icon-con\"><span class=\"\"><span class=\"eztoc-hide\" style=\"display:none;\">Alternar<\/span><span class=\"ez-toc-icon-toggle-span\"><svg style=\"fill: #999;color:#999\" xmlns=\"http:\/\/www.w3.org\/2000\/svg\" class=\"list-377408\" width=\"20px\" height=\"20px\" viewbox=\"0 0 24 24\" fill=\"none\"><path d=\"M6 6H4v2h2V6zm14 0H8v2h12V6zM4 11h2v2H4v-2zm16 0H8v2h12v-2zM4 16h2v2H4v-2zm16 0H8v2h12v-2z\" fill=\"currentColor\"><\/path><\/svg><svg style=\"fill: #999;color:#999\" class=\"arrow-unsorted-368013\" xmlns=\"http:\/\/www.w3.org\/2000\/svg\" width=\"10px\" height=\"10px\" viewbox=\"0 0 24 24\" version=\"1.2\" baseprofile=\"tiny\"><path d=\"M18.2 9.3l-6.2-6.3-6.2 6.3c-.2.2-.3.4-.3.7s.1.5.3.7c.2.2.4.3.7.3h11c.3 0 .5-.1.7-.3.2-.2.3-.5.3-.7s-.1-.5-.3-.7zM5.8 14.7l6.2 6.3 6.2-6.3c.2-.2.3-.5.3-.7s-.1-.5-.3-.7c-.2-.2-.4-.3-.7-.3h-11c-.3 0-.5.1-.7.3-.2.2-.3.5-.3.7s.1.5.3.7z\"\/><\/svg><\/span><\/span><\/span><\/a><\/span><\/div>\n<nav><ul class='ez-toc-list ez-toc-list-level-1 eztoc-toggle-hide-by-default' ><li class='ez-toc-page-1 ez-toc-heading-level-2'><a class=\"ez-toc-link ez-toc-heading-1\" href=\"https:\/\/moverdb.com\/pt\/moving-companies\/moving-companies-mozambique\/#1_CityMover\" >1. CityMover<\/a><\/li><li class='ez-toc-page-1 ez-toc-heading-level-2'><a class=\"ez-toc-link ez-toc-heading-2\" href=\"https:\/\/moverdb.com\/pt\/moving-companies\/moving-companies-mozambique\/#2_CTZ_Logistics\" >2. CTZ Log\u00edstica<\/a><\/li><li class='ez-toc-page-1 ez-toc-heading-level-2'><a class=\"ez-toc-link ez-toc-heading-3\" href=\"https:\/\/moverdb.com\/pt\/moving-companies\/moving-companies-mozambique\/#3_Ingar\" >3. Ingar<\/a><\/li><li class='ez-toc-page-1 ez-toc-heading-level-2'><a class=\"ez-toc-link ez-toc-heading-4\" href=\"https:\/\/moverdb.com\/pt\/moving-companies\/moving-companies-mozambique\/#4_TL\" >4. TL<\/a><\/li><\/ul><\/nav><\/div>\n<h2><span class=\"ez-toc-section\" id=\"1_CityMover\"><\/span><strong>1. CityMover<\/strong><span class=\"ez-toc-section-end\"><\/span><\/h2>\n<p><img loading=\"lazy\" decoding=\"async\" class=\"alignnone size-full wp-image-8298\" src=\"https:\/\/moverdb.com\/wp-content\/uploads\/CityMover-international-moving-company.png\" alt=\"Empresa de mudan\u00e7as internacionais CityMover\" width=\"1440\" height=\"681\" data-wp-pid=\"8298\" srcset=\"https:\/\/moverdb.com\/wp-content\/uploads\/CityMover-international-moving-company.png 1440w, https:\/\/moverdb.com\/wp-content\/uploads\/CityMover-international-moving-company-300x142.png 300w, https:\/\/moverdb.com\/wp-content\/uploads\/CityMover-international-moving-company-1024x484.png 1024w, https:\/\/moverdb.com\/wp-content\/uploads\/CityMover-international-moving-company-18x9.png 18w, https:\/\/moverdb.com\/wp-content\/uploads\/CityMover-international-moving-company-600x284.png 600w\" sizes=\"auto, (max-width: 1440px) 100vw, 1440px\" \/><\/p>\n<ul>\n<li>Movimentos nacionais<\/li>\n<li>Movimentos internacionais<\/li>\n<li>Mudan\u00e7as dom\u00e9sticas<\/li>\n<li>Mudan\u00e7as de escrit\u00f3rio<\/li>\n<li>Manuseio de equipamentos de TI<\/li>\n<li>Servi\u00e7o de embalagem<\/li>\n<li>Transporte rodovi\u00e1rio, mar\u00edtimo e a\u00e9reo<\/li>\n<li>Formalidades alfandeg\u00e1rias<\/li>\n<li>Seguros<\/li>\n<li>Instala\u00e7\u00f5es de armazenamento<\/li>\n<\/ul>\n<p>A CityMover \u00e9 uma empresa de mudan\u00e7as e log\u00edstica que foi fundada em 2011 e est\u00e1 sediada em Maputo. Eles t\u00eam parceiros com os quais trabalham em todos os continentes para ajud\u00e1-lo a se mudar para qualquer lugar do mundo. Eles s\u00e3o membros da IAM com 13 anos de servi\u00e7o.<\/p>\n<p>A CityMover dar\u00e1 suporte \u00e0 sua mudan\u00e7a em cada etapa do processo e oferece servi\u00e7os com seguro. Eles oferecem um servi\u00e7o de embalagem que proteger\u00e1 seus itens em tr\u00e2nsito e os materiais usados variam de acordo com o modo de transporte e os itens que est\u00e3o sendo embalados. Eles tamb\u00e9m ajudar\u00e3o na desmontagem e montagem de m\u00f3veis.<\/p>\n<p>Website: <a href=\"http:\/\/www.citymover.co.mz\" target=\"_blank\" rel=\"noopener\">http:\/\/www.citymover.co.mz<\/a><\/p>\n<h2><span class=\"ez-toc-section\" id=\"2_CTZ_Logistics\"><\/span><strong>2. CTZ Log\u00edstica<\/strong><span class=\"ez-toc-section-end\"><\/span><\/h2>\n<p><img loading=\"lazy\" decoding=\"async\" class=\"alignnone size-full wp-image-8444\" src=\"https:\/\/moverdb.com\/wp-content\/uploads\/CTZ-Logistics-international-moving-company.png\" alt=\"Empresa de mudan\u00e7as internacionais CTZ Logistics\" width=\"1440\" height=\"681\" data-wp-pid=\"8444\" srcset=\"https:\/\/moverdb.com\/wp-content\/uploads\/CTZ-Logistics-international-moving-company.png 1440w, https:\/\/moverdb.com\/wp-content\/uploads\/CTZ-Logistics-international-moving-company-300x142.png 300w, https:\/\/moverdb.com\/wp-content\/uploads\/CTZ-Logistics-international-moving-company-1024x484.png 1024w, https:\/\/moverdb.com\/wp-content\/uploads\/CTZ-Logistics-international-moving-company-18x9.png 18w, https:\/\/moverdb.com\/wp-content\/uploads\/CTZ-Logistics-international-moving-company-600x284.png 600w\" sizes=\"auto, (max-width: 1440px) 100vw, 1440px\" \/><\/p>\n<ul>\n<li>Movimentos nacionais<\/li>\n<li>Movimentos internacionais<\/li>\n<li>Mudan\u00e7as residenciais<\/li>\n<li>Mudan\u00e7as de escrit\u00f3rio<\/li>\n<li>Servi\u00e7o de embalagem<\/li>\n<li>Op\u00e7\u00f5es de engradados<\/li>\n<li>Frete rodovi\u00e1rio, mar\u00edtimo e a\u00e9reo<\/li>\n<li>Desembara\u00e7o aduaneiro<\/li>\n<li>Seguros<\/li>\n<li>Armazenamento seguro<\/li>\n<\/ul>\n<p>A CTZ Logistics \u00e9 uma empresa de realoca\u00e7\u00e3o e log\u00edstica de servi\u00e7o completo, criada em 2007, com escrit\u00f3rios em toda a \u00c1frica, incluindo sua sede em Maputo, Mo\u00e7ambique. A empresa trabalha com embarcadores, transportadoras e agentes de mudan\u00e7as internacionais para prestar seus servi\u00e7os em todo o mundo. A empresa \u00e9 membro da IAM, com 12 anos de servi\u00e7o.<\/p>\n<p>A CTZ Logistics oferece uma pesquisa antes da mudan\u00e7a para avaliar o volume e as necessidades de embalagem para a mudan\u00e7a. Eles fornecem empacotadores qualificados e experientes que proteger\u00e3o seus itens embalando-os, empacotando-os e encaixotando-os. Eles oferecem transporte rodovi\u00e1rio, mar\u00edtimo e a\u00e9reo para destinos em todo o mundo com libera\u00e7\u00e3o alfandeg\u00e1ria.<\/p>\n<p>Website: <a href=\"http:\/\/www.ctzlogistics.com\" target=\"_blank\" rel=\"noopener\">http:\/\/www.ctzlogistics.com<\/a><\/p>\n<h2><span class=\"ez-toc-section\" id=\"3_Ingar\"><\/span><strong>3. Ingar<\/strong><span class=\"ez-toc-section-end\"><\/span><\/h2>\n<p><img loading=\"lazy\" decoding=\"async\" class=\"alignnone size-full wp-image-8443\" src=\"https:\/\/moverdb.com\/wp-content\/uploads\/Ingar-international-moving-company.png\" alt=\"Empresa de mudan\u00e7as internacionais Ingar\" width=\"1440\" height=\"678\" data-wp-pid=\"8443\" srcset=\"https:\/\/moverdb.com\/wp-content\/uploads\/Ingar-international-moving-company.png 1440w, https:\/\/moverdb.com\/wp-content\/uploads\/Ingar-international-moving-company-300x141.png 300w, https:\/\/moverdb.com\/wp-content\/uploads\/Ingar-international-moving-company-1024x482.png 1024w, https:\/\/moverdb.com\/wp-content\/uploads\/Ingar-international-moving-company-18x8.png 18w, https:\/\/moverdb.com\/wp-content\/uploads\/Ingar-international-moving-company-600x283.png 600w\" sizes=\"auto, (max-width: 1440px) 100vw, 1440px\" \/><\/p>\n<ul>\n<li>Movimentos nacionais<\/li>\n<li>Movimentos internacionais<\/li>\n<li>Mudan\u00e7as dom\u00e9sticas<\/li>\n<li>Servi\u00e7o porta-a-porta<\/li>\n<li>Embalagem profissional<\/li>\n<li>Servi\u00e7os de classifica\u00e7\u00e3o<\/li>\n<li>Frete rodovi\u00e1rio, ferrovi\u00e1rio, a\u00e9reo e mar\u00edtimo<\/li>\n<li>Desembara\u00e7o aduaneiro<\/li>\n<li>Rastreamento de ve\u00edculos<\/li>\n<li>Armazenamento seguro<\/li>\n<\/ul>\n<p>A Ingar \u00e9 uma empresa especializada em embalagem e mudan\u00e7a fundada em 1984 em Maputo. A empresa \u00e9 membro da IAM, com 39 anos de servi\u00e7o, o que lhe d\u00e1 acesso a uma rede internacional de agentes de mudan\u00e7as para dar suporte a servi\u00e7os em todo o mundo.<\/p>\n<p>A Ingar oferece um servi\u00e7o de mudan\u00e7a porta a porta, come\u00e7ando com uma pesquisa antes da mudan\u00e7a para avaliar suas necessidades e fornecer um or\u00e7amento. Eles providenciar\u00e3o o transporte de seus bens por via rodovi\u00e1ria, ferrovi\u00e1ria, mar\u00edtima ou a\u00e9rea, dependendo de suas necessidades, e o ajudar\u00e3o com o desembara\u00e7o aduaneiro. Enquanto seus bens estiverem em tr\u00e2nsito, eles ser\u00e3o rastreados e voc\u00ea ser\u00e1 mantido atualizado sobre o hor\u00e1rio estimado de chegada.<\/p>\n<p>Website: <a href=\"https:\/\/www.ingarmozambique.com\" target=\"_blank\" rel=\"noopener\">https:\/\/www.ingarmozambique.com<\/a><\/p>\n<h2><span class=\"ez-toc-section\" id=\"4_TL\"><\/span><strong>4. TL<\/strong><span class=\"ez-toc-section-end\"><\/span><\/h2>\n<p><img loading=\"lazy\" decoding=\"async\" class=\"alignnone size-full wp-image-8442\" src=\"https:\/\/moverdb.com\/wp-content\/uploads\/TL-international-moving-company.png\" alt=\"\" width=\"1440\" height=\"682\" data-wp-pid=\"8442\" srcset=\"https:\/\/moverdb.com\/wp-content\/uploads\/TL-international-moving-company.png 1440w, https:\/\/moverdb.com\/wp-content\/uploads\/TL-international-moving-company-300x142.png 300w, https:\/\/moverdb.com\/wp-content\/uploads\/TL-international-moving-company-1024x485.png 1024w, https:\/\/moverdb.com\/wp-content\/uploads\/TL-international-moving-company-18x9.png 18w, https:\/\/moverdb.com\/wp-content\/uploads\/TL-international-moving-company-600x284.png 600w\" sizes=\"auto, (max-width: 1440px) 100vw, 1440px\" \/><\/p>\n<ul>\n<li>Movimentos nacionais<\/li>\n<li>Movimentos internacionais<\/li>\n<li>Mudan\u00e7as dom\u00e9sticas<\/li>\n<li>Movimentos corporativos<\/li>\n<li>Servi\u00e7o porta-a-porta<\/li>\n<li>Servi\u00e7o de embalagem<\/li>\n<li>Transporte rodovi\u00e1rio, mar\u00edtimo e a\u00e9reo<\/li>\n<li>Manuseio de obras de arte<\/li>\n<li>Seguros<\/li>\n<li>Instala\u00e7\u00f5es de armazenamento<\/li>\n<\/ul>\n<p>A TL \u00e9 uma empresa de remo\u00e7\u00e3o e log\u00edstica que opera desde 1998 e est\u00e1 sediada em Maputo.<\/p>\n<p>Eles trabalham com agentes de mudan\u00e7as internacionais para prestar seus servi\u00e7os fora de Mo\u00e7ambique. Eles s\u00e3o membros da IAM com 25 anos de servi\u00e7o.<\/p>\n<p>A TL oferece um servi\u00e7o de mudan\u00e7a porta a porta para resid\u00eancias e empresas dentro, para e de Mo\u00e7ambique. Eles oferecem um servi\u00e7o de embalagem que utiliza equipamentos e materiais de embalagem especializados, al\u00e9m de oferecerem a desmontagem e montagem de m\u00f3veis. Eles providenciar\u00e3o o transporte por via rodovi\u00e1ria, a\u00e9rea ou mar\u00edtima usando cont\u00eaineres e isso inclui servi\u00e7os de remessa expressa.<\/p>\n<p>Website: <a href=\"http:\/\/www.tl.co.mz\" target=\"_blank\" rel=\"noopener\">http:\/\/www.tl.co.mz<\/a><\/p>","protected":false},"excerpt":{"rendered":"<p>If you are planning on moving home or business you might want to employ the services of a moving company to make the experience less stressful. If you are moving within, to or from Mozambique, we have compiled a list of Mozambique based removal companies below that are members of the International Association of Movers [&hellip;]<\/p>\n","protected":false},"author":4,"featured_media":0,"parent":190,"menu_order":0,"comment_status":"closed","ping_status":"closed","template":"","meta":{"_genesis_hide_title":false,"_genesis_hide_breadcrumbs":false,"_genesis_hide_singular_image":false,"_genesis_hide_footer_widgets":false,"_genesis_custom_body_class":"","_genesis_custom_post_class":"","_genesis_layout":"","footnotes":""},"class_list":{"0":"post-8441","1":"page","2":"type-page","3":"status-publish","5":"entry","6":"has-post-thumbnail"},"_links":{"self":[{"href":"https:\/\/moverdb.com\/pt\/wp-json\/wp\/v2\/pages\/8441","targetHints":{"allow":["GET"]}}],"collection":[{"href":"https:\/\/moverdb.com\/pt\/wp-json\/wp\/v2\/pages"}],"about":[{"href":"https:\/\/moverdb.com\/pt\/wp-json\/wp\/v2\/types\/page"}],"author":[{"embeddable":true,"href":"https:\/\/moverdb.com\/pt\/wp-json\/wp\/v2\/users\/4"}],"replies":[{"embeddable":true,"href":"https:\/\/moverdb.com\/pt\/wp-json\/wp\/v2\/comments?post=8441"}],"version-history":[{"count":1,"href":"https:\/\/moverdb.com\/pt\/wp-json\/wp\/v2\/pages\/8441\/revisions"}],"predecessor-version":[{"id":8445,"href":"https:\/\/moverdb.com\/pt\/wp-json\/wp\/v2\/pages\/8441\/revisions\/8445"}],"up":[{"embeddable":true,"href":"https:\/\/moverdb.com\/pt\/wp-json\/wp\/v2\/pages\/190"}],"wp:attachment":[{"href":"https:\/\/moverdb.com\/pt\/wp-json\/wp\/v2\/media?parent=8441"}],"curies":[{"name":"wp","href":"https:\/\/api.w.org\/{rel}","templated":true}]}}