{"id":8434,"date":"2023-04-27T14:43:29","date_gmt":"2023-04-27T14:43:29","guid":{"rendered":"https:\/\/moverdb.com\/?page_id=8434"},"modified":"2026-01-08T15:23:49","modified_gmt":"2026-01-08T15:23:49","slug":"moving-companies-mongolia","status":"publish","type":"page","link":"https:\/\/moverdb.com\/pt\/moving-companies\/moving-companies-mongolia\/","title":{"rendered":"2 Melhores empresas de mudan\u00e7a internacional na Mong\u00f3lia"},"content":{"rendered":"<p>A mudan\u00e7a pode ser um momento estressante, especialmente se voc\u00ea estiver mudando de pa\u00eds. Se voc\u00ea estiver se mudando dentro, para ou da Mong\u00f3lia, talvez queira contratar os servi\u00e7os de um <a href=\"https:\/\/moverdb.com\/pt\/moving-companies\/\" data-internallinksmanager029f6b8e52c=\"79\" title=\"As 25 maiores empresas de mudan\u00e7as internacionais on-line\">empresa de mudan\u00e7as<\/a> para facilitar sua vida. Abaixo, compilamos uma lista de <a href=\"https:\/\/moverdb.com\/pt\/international-removals\/\" data-internallinksmanager029f6b8e52c=\"27\" title=\"36 melhores empresas de mudan\u00e7as internacionais no Reino Unido\">empresas de mudan\u00e7as<\/a> que s\u00e3o membros do <a href=\"https:\/\/moverdb.com\/pt\/iam\/\" data-internallinksmanager029f6b8e52c=\"23\" title=\"Associa\u00e7\u00e3o Internacional de Remotores (IAM) Explicado\">Associa\u00e7\u00e3o Internacional de Movers<\/a> (IAM) e\/ou <a href=\"https:\/\/moverdb.com\/pt\/fidi-faim\/\" data-internallinksmanager029f6b8e52c=\"16\" title=\"FIDI &amp; FAIM (FIDI Accredited International Mover) Explicado\">FIDI<\/a> Credenciado pela International Mover (FAIM) que poderia ajud\u00e1-lo em sua mudan\u00e7a.<\/p>\n<h2><strong>1. Log\u00edstica da Nice Move<\/strong><\/h2>\n<p><img loading=\"lazy\" decoding=\"async\" class=\"alignnone size-full wp-image-8349\" src=\"https:\/\/moverdb.com\/wp-content\/uploads\/Nice-Move-Logistics-international-moving-company.png\" alt=\"Empresa de mudan\u00e7as internacionais Nice Move Logistics\" width=\"1440\" height=\"670\" data-wp-pid=\"8349\" srcset=\"https:\/\/moverdb.com\/wp-content\/uploads\/Nice-Move-Logistics-international-moving-company.png 1440w, https:\/\/moverdb.com\/wp-content\/uploads\/Nice-Move-Logistics-international-moving-company-300x140.png 300w, https:\/\/moverdb.com\/wp-content\/uploads\/Nice-Move-Logistics-international-moving-company-1024x476.png 1024w, https:\/\/moverdb.com\/wp-content\/uploads\/Nice-Move-Logistics-international-moving-company-18x8.png 18w, https:\/\/moverdb.com\/wp-content\/uploads\/Nice-Move-Logistics-international-moving-company-600x279.png 600w\" sizes=\"auto, (max-width: 1440px) 100vw, 1440px\" \/><\/p>\n<ul>\n<li>Movimentos locais e nacionais<\/li>\n<li>Movimentos internacionais<\/li>\n<li>Mudan\u00e7as dom\u00e9sticas<\/li>\n<li>Mudan\u00e7as de escrit\u00f3rio<\/li>\n<li>Servi\u00e7o de embalagem profissional<\/li>\n<li>Remessas mar\u00edtimas e a\u00e9reas<\/li>\n<li>Desembara\u00e7o aduaneiro<\/li>\n<li>Mudan\u00e7as de animais de estima\u00e7\u00e3o<\/li>\n<li>Transporte de carros<\/li>\n<li>Instala\u00e7\u00f5es de armazenamento<\/li>\n<\/ul>\n<p>A Nice Move Logistics \u00e9 uma empresa de mudan\u00e7as e realoca\u00e7\u00e3o fundada em 2021 e sediada em Ulaanbaatar. Eles s\u00e3o membros da IAM com 2 anos de servi\u00e7o, o que lhes d\u00e1 acesso a uma rede internacional de agentes de mudan\u00e7a que os ajuda a prestar servi\u00e7os em todo o mundo.<\/p>\n<p>A Nice Move Logistics oferece servi\u00e7os de mudan\u00e7a dentro, para e da Mong\u00f3lia para resid\u00eancias e escrit\u00f3rios. Eles oferecem um servi\u00e7o de embalagem profissional para ajudar a proteger seus pertences em tr\u00e2nsito e providenciam o envio por via mar\u00edtima ou a\u00e9rea com libera\u00e7\u00e3o alfandeg\u00e1ria. Eles tamb\u00e9m oferecem servi\u00e7os adicionais, incluindo mudan\u00e7a de animais de estima\u00e7\u00e3o, manuseio de carros e instala\u00e7\u00f5es de armazenamento.<\/p>\n<p>Website: <a href=\"http:\/\/www.nicelogistics.mn\" target=\"_blank\" rel=\"noopener\">http:\/\/www.nicelogistics.mn<\/a><\/p>\n<h2><strong>2. Monex Mongolian Express<\/strong><\/h2>\n<p><img loading=\"lazy\" decoding=\"async\" class=\"alignnone size-full wp-image-8342\" src=\"https:\/\/moverdb.com\/wp-content\/uploads\/Monex-Mongolian-Express-international-moving-company.png\" alt=\"Empresa de mudan\u00e7as internacionais Monex Mongolian Express\" width=\"1440\" height=\"637\" data-wp-pid=\"8342\" srcset=\"https:\/\/moverdb.com\/wp-content\/uploads\/Monex-Mongolian-Express-international-moving-company.png 1440w, https:\/\/moverdb.com\/wp-content\/uploads\/Monex-Mongolian-Express-international-moving-company-300x133.png 300w, https:\/\/moverdb.com\/wp-content\/uploads\/Monex-Mongolian-Express-international-moving-company-1024x453.png 1024w, https:\/\/moverdb.com\/wp-content\/uploads\/Monex-Mongolian-Express-international-moving-company-18x8.png 18w, https:\/\/moverdb.com\/wp-content\/uploads\/Monex-Mongolian-Express-international-moving-company-600x265.png 600w\" sizes=\"auto, (max-width: 1440px) 100vw, 1440px\" \/><\/p>\n<ul>\n<li>Movimentos nacionais<\/li>\n<li>Movimentos internacionais<\/li>\n<li>Mudan\u00e7as dom\u00e9sticas<\/li>\n<li>Remessas comerciais<\/li>\n<li>Organiza\u00e7\u00e3o de remessas<\/li>\n<li><a href=\"https:\/\/moverdb.com\/pt\/container-shipping\/\" data-internallinksmanager029f6b8e52c=\"3\" title=\"Gr\u00e1fico de taxas de transporte internacional de cont\u00eaineres: Abril de 2026\">Transporte de cont\u00eaineres<\/a><\/li>\n<li>Servi\u00e7os de embalagem<\/li>\n<li>Transporte rodovi\u00e1rio, ferrovi\u00e1rio, mar\u00edtimo e a\u00e9reo<\/li>\n<li>Desembara\u00e7o aduaneiro<\/li>\n<li>Instala\u00e7\u00f5es de armazenamento<\/li>\n<\/ul>\n<p>A Monex Mongolian Express \u00e9 uma empresa de transporte e log\u00edstica fundada em 1999 e sediada em Ulaanbaatar. Eles s\u00e3o membros da IAM com 24 anos de servi\u00e7o, o que lhes proporciona uma rede internacional de agentes de mudan\u00e7a que podem ajud\u00e1-los a prestar servi\u00e7os em todo o mundo.<\/p>\n<p>A Monex Mongolian Express oferece servi\u00e7os de remessa que incluem mudan\u00e7as e entregas internacionais. Eles providenciar\u00e3o o envio de seus pertences por via rodovi\u00e1ria, ferrovi\u00e1ria, mar\u00edtima ou a\u00e9rea e ajudar\u00e3o no desembara\u00e7o aduaneiro. Eles oferecem cont\u00eaineres de 20 e 40 p\u00e9s para o envio de seus bens, bem como uma variedade de ve\u00edculos de diversos tamanhos.<\/p>\n<p>Website: <a href=\"http:\/\/www.monex.mn\" target=\"_blank\" rel=\"noopener\">http:\/\/www.monex.mn<\/a><\/p>","protected":false},"excerpt":{"rendered":"<p>Moving can be a stressful time especially if you are moving countries. If you are moving within, to or from Mongolia you may want to engage the services of a moving company to make your life easier. Below we have compiled a list of Mongolian removal companies that are members of the International Association of [&hellip;]<\/p>\n","protected":false},"author":4,"featured_media":0,"parent":190,"menu_order":0,"comment_status":"closed","ping_status":"closed","template":"","meta":{"_genesis_hide_title":false,"_genesis_hide_breadcrumbs":false,"_genesis_hide_singular_image":false,"_genesis_hide_footer_widgets":false,"_genesis_custom_body_class":"","_genesis_custom_post_class":"","_genesis_layout":"","footnotes":""},"class_list":{"0":"post-8434","1":"page","2":"type-page","3":"status-publish","5":"entry","6":"has-post-thumbnail"},"_links":{"self":[{"href":"https:\/\/moverdb.com\/pt\/wp-json\/wp\/v2\/pages\/8434","targetHints":{"allow":["GET"]}}],"collection":[{"href":"https:\/\/moverdb.com\/pt\/wp-json\/wp\/v2\/pages"}],"about":[{"href":"https:\/\/moverdb.com\/pt\/wp-json\/wp\/v2\/types\/page"}],"author":[{"embeddable":true,"href":"https:\/\/moverdb.com\/pt\/wp-json\/wp\/v2\/users\/4"}],"replies":[{"embeddable":true,"href":"https:\/\/moverdb.com\/pt\/wp-json\/wp\/v2\/comments?post=8434"}],"version-history":[{"count":1,"href":"https:\/\/moverdb.com\/pt\/wp-json\/wp\/v2\/pages\/8434\/revisions"}],"predecessor-version":[{"id":8435,"href":"https:\/\/moverdb.com\/pt\/wp-json\/wp\/v2\/pages\/8434\/revisions\/8435"}],"up":[{"embeddable":true,"href":"https:\/\/moverdb.com\/pt\/wp-json\/wp\/v2\/pages\/190"}],"wp:attachment":[{"href":"https:\/\/moverdb.com\/pt\/wp-json\/wp\/v2\/media?parent=8434"}],"curies":[{"name":"wp","href":"https:\/\/api.w.org\/{rel}","templated":true}]}}