{"id":8429,"date":"2023-04-27T14:44:53","date_gmt":"2023-04-27T14:44:53","guid":{"rendered":"https:\/\/moverdb.com\/?page_id=8429"},"modified":"2026-01-08T15:29:22","modified_gmt":"2026-01-08T15:29:22","slug":"moving-companies-mauritius","status":"publish","type":"page","link":"https:\/\/moverdb.com\/pt\/moving-companies\/moving-companies-mauritius\/","title":{"rendered":"6 melhores empresas de mudan\u00e7a internacional em Maur\u00edcio"},"content":{"rendered":"<p>Mudar de casa ou de empresa dentro, para ou de Maur\u00edcio pode ser um momento estressante, pois h\u00e1 muito a ser organizado e a papelada a ser preenchida se voc\u00ea estiver se mudando para o exterior. \u00c9 por isso que muitas pessoas contratam os servi\u00e7os de um <a href=\"https:\/\/moverdb.com\/pt\/moving-companies\/\" data-internallinksmanager029f6b8e52c=\"79\" title=\"As 25 maiores empresas de mudan\u00e7as internacionais on-line\">empresa de mudan\u00e7as<\/a> para facilitar sua vida. Abaixo, compilamos uma lista de empresas sediadas em Maur\u00edcio <a href=\"https:\/\/moverdb.com\/pt\/international-removals\/\" data-internallinksmanager029f6b8e52c=\"27\" title=\"36 melhores empresas de mudan\u00e7as internacionais no Reino Unido\">empresas de mudan\u00e7as<\/a> que s\u00e3o membros do <a href=\"https:\/\/moverdb.com\/pt\/iam\/\" data-internallinksmanager029f6b8e52c=\"23\" title=\"Associa\u00e7\u00e3o Internacional de Remotores (IAM) Explicado\">Associa\u00e7\u00e3o Internacional de Movers<\/a> (IAM) e\/ou <a href=\"https:\/\/moverdb.com\/pt\/fidi-faim\/\" data-internallinksmanager029f6b8e52c=\"16\" title=\"FIDI &amp; FAIM (FIDI Accredited International Mover) Explicado\">FIDI<\/a> Credenciado pela International Mover (FAIM) que poderia ajud\u00e1-lo em sua mudan\u00e7a.<\/p>\n<div id=\"ez-toc-container\" class=\"ez-toc-v2_0_82_2 ez-toc-wrap-left counter-hierarchy ez-toc-counter ez-toc-transparent ez-toc-container-direction\">\n<div class=\"ez-toc-title-container\">\n<p class=\"ez-toc-title\" style=\"cursor:inherit\">Se\u00e7\u00f5es<\/p>\n<span class=\"ez-toc-title-toggle\"><a href=\"#\" class=\"ez-toc-pull-right ez-toc-btn ez-toc-btn-xs ez-toc-btn-default ez-toc-toggle\" aria-label=\"Alternar tabela de conte\u00fado\"><span class=\"ez-toc-js-icon-con\"><span class=\"\"><span class=\"eztoc-hide\" style=\"display:none;\">Alternar<\/span><span class=\"ez-toc-icon-toggle-span\"><svg style=\"fill: #999;color:#999\" xmlns=\"http:\/\/www.w3.org\/2000\/svg\" class=\"list-377408\" width=\"20px\" height=\"20px\" viewbox=\"0 0 24 24\" fill=\"none\"><path d=\"M6 6H4v2h2V6zm14 0H8v2h12V6zM4 11h2v2H4v-2zm16 0H8v2h12v-2zM4 16h2v2H4v-2zm16 0H8v2h12v-2z\" fill=\"currentColor\"><\/path><\/svg><svg style=\"fill: #999;color:#999\" class=\"arrow-unsorted-368013\" xmlns=\"http:\/\/www.w3.org\/2000\/svg\" width=\"10px\" height=\"10px\" viewbox=\"0 0 24 24\" version=\"1.2\" baseprofile=\"tiny\"><path d=\"M18.2 9.3l-6.2-6.3-6.2 6.3c-.2.2-.3.4-.3.7s.1.5.3.7c.2.2.4.3.7.3h11c.3 0 .5-.1.7-.3.2-.2.3-.5.3-.7s-.1-.5-.3-.7zM5.8 14.7l6.2 6.3 6.2-6.3c.2-.2.3-.5.3-.7s-.1-.5-.3-.7c-.2-.2-.4-.3-.7-.3h-11c-.3 0-.5.1-.7.3-.2.2-.3.5-.3.7s.1.5.3.7z\"\/><\/svg><\/span><\/span><\/span><\/a><\/span><\/div>\n<nav><ul class='ez-toc-list ez-toc-list-level-1 eztoc-toggle-hide-by-default' ><li class='ez-toc-page-1 ez-toc-heading-level-2'><a class=\"ez-toc-link ez-toc-heading-1\" href=\"https:\/\/moverdb.com\/pt\/moving-companies\/moving-companies-mauritius\/#1_Celero\" >1. Celero<\/a><\/li><li class='ez-toc-page-1 ez-toc-heading-level-2'><a class=\"ez-toc-link ez-toc-heading-2\" href=\"https:\/\/moverdb.com\/pt\/moving-companies\/moving-companies-mauritius\/#2_Freight_and_Transit_Co_Ltd\" >2. Freight and Transit Co Ltd<\/a><\/li><li class='ez-toc-page-1 ez-toc-heading-level-2'><a class=\"ez-toc-link ez-toc-heading-3\" href=\"https:\/\/moverdb.com\/pt\/moving-companies\/moving-companies-mauritius\/#3_Relocation_and_Moving_Solutions_Ltd\" >3. Relocation and Moving Solutions Ltd<\/a><\/li><li class='ez-toc-page-1 ez-toc-heading-level-2'><a class=\"ez-toc-link ez-toc-heading-4\" href=\"https:\/\/moverdb.com\/pt\/moving-companies\/moving-companies-mauritius\/#4_Somatrans\" >4. Somatrans<\/a><\/li><li class='ez-toc-page-1 ez-toc-heading-level-2'><a class=\"ez-toc-link ez-toc-heading-5\" href=\"https:\/\/moverdb.com\/pt\/moving-companies\/moving-companies-mauritius\/#5_Velogic\" >5. Velogic<\/a><\/li><li class='ez-toc-page-1 ez-toc-heading-level-2'><a class=\"ez-toc-link ez-toc-heading-6\" href=\"https:\/\/moverdb.com\/pt\/moving-companies\/moving-companies-mauritius\/#6_Worldwide_Relocation_Services\" >6. Servi\u00e7os de realoca\u00e7\u00e3o mundial<\/a><\/li><\/ul><\/nav><\/div>\n<h2><span class=\"ez-toc-section\" id=\"1_Celero\"><\/span><strong>1. Celero<\/strong><span class=\"ez-toc-section-end\"><\/span><\/h2>\n<p><img loading=\"lazy\" decoding=\"async\" class=\"alignnone size-full wp-image-8296\" src=\"https:\/\/moverdb.com\/wp-content\/uploads\/Celero-international-moving-company.png\" alt=\"Empresa de mudan\u00e7as internacionais Celero\" width=\"1440\" height=\"671\" data-wp-pid=\"8296\" srcset=\"https:\/\/moverdb.com\/wp-content\/uploads\/Celero-international-moving-company.png 1440w, https:\/\/moverdb.com\/wp-content\/uploads\/Celero-international-moving-company-300x140.png 300w, https:\/\/moverdb.com\/wp-content\/uploads\/Celero-international-moving-company-1024x477.png 1024w, https:\/\/moverdb.com\/wp-content\/uploads\/Celero-international-moving-company-18x8.png 18w, https:\/\/moverdb.com\/wp-content\/uploads\/Celero-international-moving-company-600x280.png 600w\" sizes=\"auto, (max-width: 1440px) 100vw, 1440px\" \/><\/p>\n<ul>\n<li>Movimentos internacionais<\/li>\n<li>Mudan\u00e7as residenciais<\/li>\n<li>Mudan\u00e7as de escrit\u00f3rio<\/li>\n<li>Servi\u00e7o de embalagem profissional<\/li>\n<li>Carga mar\u00edtima e a\u00e9rea<\/li>\n<li>Servi\u00e7o de consolida\u00e7\u00e3o<\/li>\n<li>Desembara\u00e7o aduaneiro<\/li>\n<li>Transporte de animais<\/li>\n<li>Seguros<\/li>\n<li>Armazenamento seguro<\/li>\n<\/ul>\n<p>A Celero \u00e9 uma empresa de log\u00edstica independente fundada em 2009, com sede em Maur\u00edcio e um escrit\u00f3rio em <a href=\"https:\/\/moverdb.com\/pt\/moving-companies\/moving-companies-madagascar\/\" data-internallinksmanager029f6b8e52c=\"297\" title=\"Melhores empresas de mudan\u00e7as internacionais em Madagascar\">Madagascar<\/a> tamb\u00e9m. Eles s\u00e3o membros da IAM com 14 anos de servi\u00e7o, o que lhes d\u00e1 acesso a uma rede internacional de agentes de mudan\u00e7a para ajud\u00e1-los com mudan\u00e7as internacionais.<\/p>\n<p>A Celero oferece servi\u00e7os de mudan\u00e7a que atendem a mudan\u00e7as residenciais e comerciais. Eles oferecem um servi\u00e7o profissional de embalagem e acondicionamento para proteger seus pertences durante o transporte, al\u00e9m de desembalar e remover os detritos. Eles providenciar\u00e3o o transporte seguro de seus pertences por frete mar\u00edtimo ou a\u00e9reo e auxiliar\u00e3o no desembara\u00e7o aduaneiro. Eles tamb\u00e9m oferecem transporte de animais de estima\u00e7\u00e3o, seguro e instala\u00e7\u00f5es de armazenamento seguro.<\/p>\n<p>Website: <a href=\"http:\/\/www.celerogroup.com\" target=\"_blank\" rel=\"noopener\">http:\/\/www.celerogroup.com<\/a><\/p>\n<h2><span class=\"ez-toc-section\" id=\"2_Freight_and_Transit_Co_Ltd\"><\/span><strong>2. Freight and Transit Co Ltd<\/strong><span class=\"ez-toc-section-end\"><\/span><\/h2>\n<p><img loading=\"lazy\" decoding=\"async\" class=\"alignnone size-full wp-image-8315\" src=\"https:\/\/moverdb.com\/wp-content\/uploads\/Freight-and-Transit-Co-Ltd-international-moving-company.png\" alt=\"Freight and Transit Co Ltd empresa de mudan\u00e7as internacionais\" width=\"1440\" height=\"655\" data-wp-pid=\"8315\" srcset=\"https:\/\/moverdb.com\/wp-content\/uploads\/Freight-and-Transit-Co-Ltd-international-moving-company.png 1440w, https:\/\/moverdb.com\/wp-content\/uploads\/Freight-and-Transit-Co-Ltd-international-moving-company-300x136.png 300w, https:\/\/moverdb.com\/wp-content\/uploads\/Freight-and-Transit-Co-Ltd-international-moving-company-1024x466.png 1024w, https:\/\/moverdb.com\/wp-content\/uploads\/Freight-and-Transit-Co-Ltd-international-moving-company-18x8.png 18w, https:\/\/moverdb.com\/wp-content\/uploads\/Freight-and-Transit-Co-Ltd-international-moving-company-600x273.png 600w\" sizes=\"auto, (max-width: 1440px) 100vw, 1440px\" \/><\/p>\n<ul>\n<li>Mudan\u00e7as locais<\/li>\n<li>Mudan\u00e7as internacionais<\/li>\n<li>Mudan\u00e7as dom\u00e9sticas<\/li>\n<li>Solu\u00e7\u00f5es porta-a-porta<\/li>\n<li>Embalagem profissional<\/li>\n<li>Carga mar\u00edtima e a\u00e9rea<\/li>\n<li>Desembara\u00e7o aduaneiro<\/li>\n<li>Transporte de animais<\/li>\n<li>Seguros<\/li>\n<li>Armazenamento seguro<\/li>\n<\/ul>\n<p>A Freight and Transit Co Ltd \u00e9 uma empresa de transporte e agenciamento de cargas fundada em 1994. Ela \u00e9 membro da IAM, com 29 anos de servi\u00e7o, o que lhe d\u00e1 acesso a uma rede internacional de agentes de mudan\u00e7a.<\/p>\n<p>A Freight and Transit Co Ltd oferece um servi\u00e7o de mudan\u00e7a porta a porta em n\u00edvel nacional e internacional. Eles oferecem um servi\u00e7o de embalagem profissional que inclui embalar e empacotar seus pertences, desmontar e montar m\u00f3veis, desempacotar e remover quaisquer detritos. Eles o ajudar\u00e3o a escolher a melhor op\u00e7\u00e3o de mudan\u00e7a, incluindo frete a\u00e9reo e mar\u00edtimo. Eles ajudar\u00e3o com o desembara\u00e7o alfandeg\u00e1rio e a documenta\u00e7\u00e3o, al\u00e9m de oferecer seguro e armazenamento seguro, se necess\u00e1rio.<\/p>\n<p>Website: <a href=\"http:\/\/www.ftl.mu\" target=\"_blank\" rel=\"noopener\">http:\/\/www.ftl.mu<\/a><\/p>\n<h2><span class=\"ez-toc-section\" id=\"3_Relocation_and_Moving_Solutions_Ltd\"><\/span><strong>3. Relocation and Moving Solutions Ltd<\/strong><span class=\"ez-toc-section-end\"><\/span><\/h2>\n<p><img loading=\"lazy\" decoding=\"async\" class=\"alignnone size-full wp-image-8359\" src=\"https:\/\/moverdb.com\/wp-content\/uploads\/Relocation-and-Moving-Solutions-Ltd-international-moving-company.png\" alt=\"Relocation and Moving Solutions Ltd empresa de mudan\u00e7as internacionais\" width=\"1440\" height=\"679\" data-wp-pid=\"8359\" srcset=\"https:\/\/moverdb.com\/wp-content\/uploads\/Relocation-and-Moving-Solutions-Ltd-international-moving-company.png 1440w, https:\/\/moverdb.com\/wp-content\/uploads\/Relocation-and-Moving-Solutions-Ltd-international-moving-company-300x141.png 300w, https:\/\/moverdb.com\/wp-content\/uploads\/Relocation-and-Moving-Solutions-Ltd-international-moving-company-1024x483.png 1024w, https:\/\/moverdb.com\/wp-content\/uploads\/Relocation-and-Moving-Solutions-Ltd-international-moving-company-18x8.png 18w, https:\/\/moverdb.com\/wp-content\/uploads\/Relocation-and-Moving-Solutions-Ltd-international-moving-company-600x283.png 600w\" sizes=\"auto, (max-width: 1440px) 100vw, 1440px\" \/><\/p>\n<ul>\n<li>Movimentos nacionais<\/li>\n<li>Movimentos internacionais<\/li>\n<li>Mudan\u00e7as dom\u00e9sticas<\/li>\n<li>Remo\u00e7\u00e3o de escrit\u00f3rio<\/li>\n<li>Solu\u00e7\u00f5es personalizadas<\/li>\n<li>Servi\u00e7os porta-a-porta<\/li>\n<li>Servi\u00e7o de embalagem<\/li>\n<li>Transporte rodovi\u00e1rio, mar\u00edtimo ou a\u00e9reo<\/li>\n<li>Desembara\u00e7o aduaneiro<\/li>\n<li>Armazenamento de curto e longo prazo<\/li>\n<\/ul>\n<p>A Relocation and Moving Solutions Ltd \u00e9 uma prestadora de servi\u00e7os de mudan\u00e7a porta a porta que oferece servi\u00e7os de mudan\u00e7a dentro, para e de Maur\u00edcio. Eles trabalham com parceiros credenciados para prestar seus servi\u00e7os internacionalmente e s\u00e3o membros da IAM.<\/p>\n<p>A Relocation and Moving Solutions Ltd oferece servi\u00e7os de mudan\u00e7a personalizados que incluem um servi\u00e7o porta a porta para mudan\u00e7as nacionais e internacionais. Eles oferecem um servi\u00e7o de embalagem que utiliza materiais da mais alta qualidade para garantir que os itens sejam protegidos, incluindo o uso de engradados e amarra\u00e7\u00e3o. Eles providenciar\u00e3o o transporte de seus pertences por via rodovi\u00e1ria, a\u00e9rea e mar\u00edtima e ajudar\u00e3o no desembara\u00e7o alfandeg\u00e1rio.<\/p>\n<p>Website: <a href=\"http:\/\/mauritius-relocation.com\/\" target=\"_blank\" rel=\"noopener\">http:\/\/mauritius-relocation.com\/<\/a><\/p>\n<h2><span class=\"ez-toc-section\" id=\"4_Somatrans\"><\/span><strong>4. Somatrans<\/strong><span class=\"ez-toc-section-end\"><\/span><\/h2>\n<p><img loading=\"lazy\" decoding=\"async\" class=\"alignnone size-full wp-image-8366\" src=\"https:\/\/moverdb.com\/wp-content\/uploads\/Somatrans-international-moving-company.png\" alt=\"Empresa de mudan\u00e7as internacionais Somatrans\" width=\"1440\" height=\"632\" data-wp-pid=\"8366\" srcset=\"https:\/\/moverdb.com\/wp-content\/uploads\/Somatrans-international-moving-company.png 1440w, https:\/\/moverdb.com\/wp-content\/uploads\/Somatrans-international-moving-company-300x132.png 300w, https:\/\/moverdb.com\/wp-content\/uploads\/Somatrans-international-moving-company-1024x449.png 1024w, https:\/\/moverdb.com\/wp-content\/uploads\/Somatrans-international-moving-company-18x8.png 18w, https:\/\/moverdb.com\/wp-content\/uploads\/Somatrans-international-moving-company-600x263.png 600w\" sizes=\"auto, (max-width: 1440px) 100vw, 1440px\" \/><\/p>\n<ul>\n<li>Movimentos nacionais<\/li>\n<li>Movimentos internacionais<\/li>\n<li>Mudan\u00e7as dom\u00e9sticas<\/li>\n<li>Servi\u00e7o porta-a-porta<\/li>\n<li>Servi\u00e7o de embalagem<\/li>\n<li>Carga mar\u00edtima e a\u00e9rea<\/li>\n<li>Escolha de <a href=\"https:\/\/moverdb.com\/pt\/shipping-container-sizes-and-dimensions\/\" data-internallinksmanager029f6b8e52c=\"247\" title=\"O guia final para tamanhos e dimens\u00f5es de cont\u00eaineres de embarque\">tamanhos de recipientes<\/a><\/li>\n<li>Despachos aduaneiros<\/li>\n<li>Seguros<\/li>\n<li>Instala\u00e7\u00f5es de armazenamento<\/li>\n<\/ul>\n<p>A Somatrans \u00e9 uma empresa internacional <a href=\"https:\/\/moverdb.com\/pt\/freight-forwarder\/\" data-internallinksmanager029f6b8e52c=\"17\" title=\"Freight Forwarder &amp; NVOCC International Cost &amp; Companies Guide\">agente de cargas<\/a> com sede em Ruche Terre e escrit\u00f3rios no Aeroporto Internacional SSR. Eles t\u00eam afilia\u00e7\u00f5es com empresas de mudan\u00e7as internacionais respeit\u00e1veis e qualificadas para ajud\u00e1-los a prestar servi\u00e7os em todo o mundo. Eles tamb\u00e9m s\u00e3o membros da IAM, com 50 anos de servi\u00e7o.<\/p>\n<p>A Somatrans oferece servi\u00e7os de mudan\u00e7a porta a porta com transportadores profissionais com experi\u00eancia em mudan\u00e7as internacionais. Eles lhe d\u00e3o a op\u00e7\u00e3o de embalar seus pr\u00f3prios pertences ou deixar que eles embalem para voc\u00ea, al\u00e9m de oferecer op\u00e7\u00f5es de paletes e engradados. Eles oferecem frete a\u00e9reo e mar\u00edtimo, o que inclui cargas de cont\u00eaineres completos e cargas inferiores a cont\u00eaineres, bem como op\u00e7\u00f5es de consolida\u00e7\u00e3o.<\/p>\n<p>Website: <a href=\"http:\/\/www.somatrans.mu\" target=\"_blank\" rel=\"noopener\">http:\/\/www.somatrans.mu<\/a><\/p>\n<h2><span class=\"ez-toc-section\" id=\"5_Velogic\"><\/span><strong>5. Velogic<\/strong><span class=\"ez-toc-section-end\"><\/span><\/h2>\n<p><img loading=\"lazy\" decoding=\"async\" class=\"alignnone size-full wp-image-8380\" src=\"https:\/\/moverdb.com\/wp-content\/uploads\/Velogic-international-moving-company.png\" alt=\"Empresa de mudan\u00e7as internacionais Velogic\" width=\"1440\" height=\"678\" data-wp-pid=\"8380\" srcset=\"https:\/\/moverdb.com\/wp-content\/uploads\/Velogic-international-moving-company.png 1440w, https:\/\/moverdb.com\/wp-content\/uploads\/Velogic-international-moving-company-300x141.png 300w, https:\/\/moverdb.com\/wp-content\/uploads\/Velogic-international-moving-company-1024x482.png 1024w, https:\/\/moverdb.com\/wp-content\/uploads\/Velogic-international-moving-company-18x8.png 18w, https:\/\/moverdb.com\/wp-content\/uploads\/Velogic-international-moving-company-600x283.png 600w\" sizes=\"auto, (max-width: 1440px) 100vw, 1440px\" \/><\/p>\n<ul>\n<li>Movimentos nacionais<\/li>\n<li>Movimentos internacionais<\/li>\n<li>Mudan\u00e7as dom\u00e9sticas<\/li>\n<li>Servi\u00e7os corporativos<\/li>\n<li>Solu\u00e7\u00f5es sob medida<\/li>\n<li>Transporte terrestre, mar\u00edtimo e a\u00e9reo<\/li>\n<li>Gama de op\u00e7\u00f5es de carga<\/li>\n<li>Desembara\u00e7o aduaneiro<\/li>\n<li>Plataforma de rastreamento<\/li>\n<li>Instala\u00e7\u00f5es de armazenamento<\/li>\n<\/ul>\n<p>A Velogic \u00e9 uma empresa de log\u00edstica que tem opera\u00e7\u00f5es em 38 localidades em todo o mundo, incluindo Maur\u00edcio, <a href=\"https:\/\/moverdb.com\/pt\/moving-to-france\/\" data-internallinksmanager029f6b8e52c=\"315\" title=\"Est\u00e1 se mudando para a Fran\u00e7a? 2026 Custo de vida e dicas de realoca\u00e7\u00e3o\">Fran\u00e7a<\/a>, <a href=\"https:\/\/moverdb.com\/pt\/moving-to-india\/\" data-internallinksmanager029f6b8e52c=\"356\" title=\"Est\u00e1 se mudando para a \u00cdndia? 2026 Custo de vida e dicas de realoca\u00e7\u00e3o\">\u00cdndia<\/a>Madagascar, <a href=\"https:\/\/moverdb.com\/pt\/moving-companies\/moving-companies-kenya\/\" data-internallinksmanager029f6b8e52c=\"305\" title=\"4 melhores empresas de mudan\u00e7a internacional no Qu\u00eania\">Qu\u00eania<\/a> e na Ilha da Reuni\u00e3o. Eles trabalham com uma rede de agentes de mudan\u00e7as internacionais para ampliar seus recursos e capacidades de presta\u00e7\u00e3o de servi\u00e7os internacionais. Eles s\u00e3o membros da IAM com 30 anos de servi\u00e7o.<\/p>\n<p>A Velogic oferece solu\u00e7\u00f5es sob medida para importa\u00e7\u00f5es e exporta\u00e7\u00f5es, incluindo servi\u00e7os de remo\u00e7\u00e3o. Eles oferecem uma gama de op\u00e7\u00f5es de transporte que inclui frete a\u00e9reo, mar\u00edtimo e rodovi\u00e1rio com desembara\u00e7o alfandeg\u00e1rio. O frete mar\u00edtimo inclui cargas de menos de um cont\u00eainer e cargas de cont\u00eaineres completos.<\/p>\n<p>Website: <a href=\"http:\/\/www.velogic.net\" target=\"_blank\" rel=\"noopener\">http:\/\/www.velogic.net<\/a><\/p>\n<h2><span class=\"ez-toc-section\" id=\"6_Worldwide_Relocation_Services\"><\/span><strong>6. Servi\u00e7os de realoca\u00e7\u00e3o mundial<\/strong><span class=\"ez-toc-section-end\"><\/span><\/h2>\n<p>&nbsp;<img loading=\"lazy\" decoding=\"async\" class=\"alignnone size-full wp-image-8430\" src=\"https:\/\/moverdb.com\/wp-content\/uploads\/Worldwide-Relocation-Services-international-moving-company.png\" alt=\"Worldwide Relocation Services empresa de mudan\u00e7as internacionais\" width=\"1440\" height=\"683\" data-wp-pid=\"8430\" srcset=\"https:\/\/moverdb.com\/wp-content\/uploads\/Worldwide-Relocation-Services-international-moving-company.png 1440w, https:\/\/moverdb.com\/wp-content\/uploads\/Worldwide-Relocation-Services-international-moving-company-300x142.png 300w, https:\/\/moverdb.com\/wp-content\/uploads\/Worldwide-Relocation-Services-international-moving-company-1024x486.png 1024w, https:\/\/moverdb.com\/wp-content\/uploads\/Worldwide-Relocation-Services-international-moving-company-18x9.png 18w, https:\/\/moverdb.com\/wp-content\/uploads\/Worldwide-Relocation-Services-international-moving-company-600x285.png 600w\" sizes=\"auto, (max-width: 1440px) 100vw, 1440px\" \/><\/p>\n<ul>\n<li>Movimentos nacionais<\/li>\n<li>Movimentos internacionais<\/li>\n<li>Mudan\u00e7as dom\u00e9sticas e realoca\u00e7\u00f5es<\/li>\n<li>Mudan\u00e7as de escrit\u00f3rio<\/li>\n<li>Gerente de mudan\u00e7as pessoais<\/li>\n<li>Servi\u00e7o porta-a-porta<\/li>\n<li>Servi\u00e7o de embalagem<\/li>\n<li>Transporte com consultoria alfandeg\u00e1ria<\/li>\n<li>Servi\u00e7o de viagem para animais de estima\u00e7\u00e3o<\/li>\n<li>Instala\u00e7\u00f5es de armazenamento<\/li>\n<\/ul>\n<p>A Worldwide Relocation Services \u00e9 uma empresa de mudan\u00e7as e realoca\u00e7\u00e3o que oferece cobertura global para mudan\u00e7as dom\u00e9sticas. Eles trabalham com uma s\u00e9rie de agentes de mudan\u00e7a em todo o mundo para realizar realoca\u00e7\u00f5es internacionais e tamb\u00e9m s\u00e3o membros da IAM.<\/p>\n<p>A Worldwide Relocation Services oferece uma abordagem \u00e1gil para o transporte e designa um gerente de mudan\u00e7a pessoal e um consultor de mudan\u00e7a internacional experiente para ajud\u00e1-lo. Eles oferecem um servi\u00e7o porta a porta, incluindo servi\u00e7o de embalagem profissional, encaixotamento de m\u00f3veis e antiguidades, mudan\u00e7a de obras de arte e servi\u00e7os de transporte de animais de estima\u00e7\u00e3o. Eles providenciar\u00e3o o transporte de seus itens, o que inclui consultoria alfandeg\u00e1ria e seguro.<\/p>\n<p>Website: <a href=\"http:\/\/www.relocation.mu\" target=\"_blank\" rel=\"noopener\">http:\/\/www.relocation.mu<\/a><\/p>","protected":false},"excerpt":{"rendered":"<p>Moving home or business within, to or from Mauritius can be a stressful time as there is so much to organise and paperwork to complete if you are moving abroad. This is why many people engage the services of a moving company to make their life easier. Below we have compiled a list of Mauritius [&hellip;]<\/p>\n","protected":false},"author":4,"featured_media":0,"parent":190,"menu_order":0,"comment_status":"closed","ping_status":"closed","template":"","meta":{"_genesis_hide_title":false,"_genesis_hide_breadcrumbs":false,"_genesis_hide_singular_image":false,"_genesis_hide_footer_widgets":false,"_genesis_custom_body_class":"","_genesis_custom_post_class":"","_genesis_layout":"","footnotes":""},"class_list":{"0":"post-8429","1":"page","2":"type-page","3":"status-publish","5":"entry","6":"has-post-thumbnail"},"_links":{"self":[{"href":"https:\/\/moverdb.com\/pt\/wp-json\/wp\/v2\/pages\/8429","targetHints":{"allow":["GET"]}}],"collection":[{"href":"https:\/\/moverdb.com\/pt\/wp-json\/wp\/v2\/pages"}],"about":[{"href":"https:\/\/moverdb.com\/pt\/wp-json\/wp\/v2\/types\/page"}],"author":[{"embeddable":true,"href":"https:\/\/moverdb.com\/pt\/wp-json\/wp\/v2\/users\/4"}],"replies":[{"embeddable":true,"href":"https:\/\/moverdb.com\/pt\/wp-json\/wp\/v2\/comments?post=8429"}],"version-history":[{"count":1,"href":"https:\/\/moverdb.com\/pt\/wp-json\/wp\/v2\/pages\/8429\/revisions"}],"predecessor-version":[{"id":8431,"href":"https:\/\/moverdb.com\/pt\/wp-json\/wp\/v2\/pages\/8429\/revisions\/8431"}],"up":[{"embeddable":true,"href":"https:\/\/moverdb.com\/pt\/wp-json\/wp\/v2\/pages\/190"}],"wp:attachment":[{"href":"https:\/\/moverdb.com\/pt\/wp-json\/wp\/v2\/media?parent=8429"}],"curies":[{"name":"wp","href":"https:\/\/api.w.org\/{rel}","templated":true}]}}