{"id":8426,"date":"2023-04-27T14:45:30","date_gmt":"2023-04-27T14:45:30","guid":{"rendered":"https:\/\/moverdb.com\/?page_id=8426"},"modified":"2026-01-08T15:30:07","modified_gmt":"2026-01-08T15:30:07","slug":"moving-companies-mauritania","status":"publish","type":"page","link":"https:\/\/moverdb.com\/pt\/moving-companies\/moving-companies-mauritania\/","title":{"rendered":"Melhores empresas de mudan\u00e7a internacional na Maurit\u00e2nia"},"content":{"rendered":"<p>Est\u00e1 planejando mudar sua casa ou sua empresa dentro, para ou da Maurit\u00e2nia? Ent\u00e3o, talvez voc\u00ea queira contratar os servi\u00e7os de um <a href=\"https:\/\/moverdb.com\/pt\/moving-companies\/\" data-internallinksmanager029f6b8e52c=\"79\" title=\"As 25 maiores empresas de mudan\u00e7as internacionais on-line\">empresa de mudan\u00e7as<\/a> para ajudar voc\u00ea. Abaixo, compilamos uma lista de empresas sediadas na Maurit\u00e2nia <a href=\"https:\/\/moverdb.com\/pt\/international-removals\/\" data-internallinksmanager029f6b8e52c=\"27\" title=\"36 melhores empresas de mudan\u00e7as internacionais no Reino Unido\">empresas de mudan\u00e7as<\/a> que s\u00e3o membros do <a href=\"https:\/\/moverdb.com\/pt\/iam\/\" data-internallinksmanager029f6b8e52c=\"23\" title=\"Associa\u00e7\u00e3o Internacional de Remotores (IAM) Explicado\">Associa\u00e7\u00e3o Internacional de Movers<\/a> (IAM) e\/ou <a href=\"https:\/\/moverdb.com\/pt\/fidi-faim\/\" data-internallinksmanager029f6b8e52c=\"16\" title=\"FIDI &amp; FAIM (FIDI Accredited International Mover) Explicado\">FIDI<\/a> Credenciado pela International Mover (FAIM), que poderia ajud\u00e1-lo com sua mudan\u00e7a.<\/p>\n<h2><strong>Tam Maurit\u00e2nia<\/strong>&nbsp;<img loading=\"lazy\" decoding=\"async\" class=\"alignnone size-full wp-image-8427\" src=\"https:\/\/moverdb.com\/wp-content\/uploads\/Tam-Mauritania-international-moving-company.png\" alt=\"Empresa de mudan\u00e7as internacionais Tam Maurit\u00e2nia\" width=\"1440\" height=\"700\" data-wp-pid=\"8427\" srcset=\"https:\/\/moverdb.com\/wp-content\/uploads\/Tam-Mauritania-international-moving-company.png 1440w, https:\/\/moverdb.com\/wp-content\/uploads\/Tam-Mauritania-international-moving-company-300x146.png 300w, https:\/\/moverdb.com\/wp-content\/uploads\/Tam-Mauritania-international-moving-company-1024x498.png 1024w, https:\/\/moverdb.com\/wp-content\/uploads\/Tam-Mauritania-international-moving-company-18x9.png 18w, https:\/\/moverdb.com\/wp-content\/uploads\/Tam-Mauritania-international-moving-company-600x292.png 600w\" sizes=\"auto, (max-width: 1440px) 100vw, 1440px\" \/><\/h2>\n<ul>\n<li>Movimentos nacionais<\/li>\n<li>Movimentos internacionais<\/li>\n<li>Mudan\u00e7as residenciais<\/li>\n<li>Transfer\u00eancias de escrit\u00f3rio<\/li>\n<li>Servi\u00e7os de reloca\u00e7\u00e3o<\/li>\n<li>Servi\u00e7o de embalagem<\/li>\n<li>Desmontagem de m\u00f3veis<\/li>\n<li>Transporte terrestre, mar\u00edtimo e a\u00e9reo<\/li>\n<li>Formalidades de importa\u00e7\u00e3o e exporta\u00e7\u00e3o<\/li>\n<li>Instala\u00e7\u00f5es de armazenamento<\/li>\n<\/ul>\n<p>A Tam Mauritania \u00e9 uma empresa de mudan\u00e7as nacionais e internacionais especializada em mudan\u00e7as na \u00c1frica Ocidental e tem 15 anos de experi\u00eancia. A empresa \u00e9 membro da IAM, o que lhe d\u00e1 flexibilidade para oferecer servi\u00e7os de qualidade fora de sua \u00e1rea operacional. Eles tamb\u00e9m s\u00e3o parceiros da Africa Move para fortalecer suas capacidades na \u00c1frica.<\/p>\n<p>A Tam Mauritania oferece uma cota\u00e7\u00e3o personalizada que atender\u00e1 a todas as suas necessidades. Eles oferecem um servi\u00e7o de embalagem que inclui a desmontagem de m\u00f3veis, a produ\u00e7\u00e3o de um valor de invent\u00e1rio e o rastreamento do n\u00famero de pacotes. Eles transportar\u00e3o seus bens usando a frota deles em suas \u00e1reas operacionais e providenciar\u00e3o o transporte para outras \u00e1reas por meio de parceiros de remessa.<\/p>\n<p>Website: <a href=\"https:\/\/www.tamm-di.com\/\" target=\"_blank\" rel=\"noopener\">https:\/\/www.tamm-di.com\/<\/a><\/p>","protected":false},"excerpt":{"rendered":"<p>Are you planning on moving home or your business within, to or from Mauritania? Then you may want to enlist the services of a moving company to help you. Below we have compiled a list of Mauritania based removal companies that are members of the International Association of Movers (IAM) and\/or FIDI Accredited International Mover [&hellip;]<\/p>\n","protected":false},"author":4,"featured_media":0,"parent":190,"menu_order":0,"comment_status":"closed","ping_status":"closed","template":"","meta":{"_genesis_hide_title":false,"_genesis_hide_breadcrumbs":false,"_genesis_hide_singular_image":false,"_genesis_hide_footer_widgets":false,"_genesis_custom_body_class":"","_genesis_custom_post_class":"","_genesis_layout":"","footnotes":""},"class_list":{"0":"post-8426","1":"page","2":"type-page","3":"status-publish","5":"entry","6":"has-post-thumbnail"},"_links":{"self":[{"href":"https:\/\/moverdb.com\/pt\/wp-json\/wp\/v2\/pages\/8426","targetHints":{"allow":["GET"]}}],"collection":[{"href":"https:\/\/moverdb.com\/pt\/wp-json\/wp\/v2\/pages"}],"about":[{"href":"https:\/\/moverdb.com\/pt\/wp-json\/wp\/v2\/types\/page"}],"author":[{"embeddable":true,"href":"https:\/\/moverdb.com\/pt\/wp-json\/wp\/v2\/users\/4"}],"replies":[{"embeddable":true,"href":"https:\/\/moverdb.com\/pt\/wp-json\/wp\/v2\/comments?post=8426"}],"version-history":[{"count":1,"href":"https:\/\/moverdb.com\/pt\/wp-json\/wp\/v2\/pages\/8426\/revisions"}],"predecessor-version":[{"id":8428,"href":"https:\/\/moverdb.com\/pt\/wp-json\/wp\/v2\/pages\/8426\/revisions\/8428"}],"up":[{"embeddable":true,"href":"https:\/\/moverdb.com\/pt\/wp-json\/wp\/v2\/pages\/190"}],"wp:attachment":[{"href":"https:\/\/moverdb.com\/pt\/wp-json\/wp\/v2\/media?parent=8426"}],"curies":[{"name":"wp","href":"https:\/\/api.w.org\/{rel}","templated":true}]}}