{"id":8412,"date":"2023-04-27T14:49:22","date_gmt":"2023-04-27T14:49:22","guid":{"rendered":"https:\/\/moverdb.com\/?page_id=8412"},"modified":"2026-01-08T15:23:48","modified_gmt":"2026-01-08T15:23:48","slug":"moving-companies-macedonia","status":"publish","type":"page","link":"https:\/\/moverdb.com\/pt\/moving-companies\/moving-companies-macedonia\/","title":{"rendered":"2 Melhores empresas de mudan\u00e7a internacional na Maced\u00f4nia"},"content":{"rendered":"<p>A mudan\u00e7a pode ser um per\u00edodo agitado, com muitas tarefas a fazer e papelada a preencher, especialmente se voc\u00ea estiver se mudando para o exterior. \u00c9 nesse ponto que um <a href=\"https:\/\/moverdb.com\/pt\/moving-companies\/\" data-internallinksmanager029f6b8e52c=\"79\" title=\"As 25 maiores empresas de mudan\u00e7as internacionais on-line\">empresa de mudan\u00e7as<\/a> podem ajudar a aliviar sua carga e gerenciar a mudan\u00e7a para voc\u00ea. Abaixo, compilamos uma lista de empresas sediadas na Maced\u00f4nia <a href=\"https:\/\/moverdb.com\/pt\/international-removals\/\" data-internallinksmanager029f6b8e52c=\"27\" title=\"36 melhores empresas de mudan\u00e7as internacionais no Reino Unido\">empresas de mudan\u00e7as<\/a> que s\u00e3o membros do <a href=\"https:\/\/moverdb.com\/pt\/iam\/\" data-internallinksmanager029f6b8e52c=\"23\" title=\"Associa\u00e7\u00e3o Internacional de Remotores (IAM) Explicado\">Associa\u00e7\u00e3o Internacional de Movers<\/a> (IAM) e\/ou <a href=\"https:\/\/moverdb.com\/pt\/fidi-faim\/\" data-internallinksmanager029f6b8e52c=\"16\" title=\"FIDI &amp; FAIM (FIDI Accredited International Mover) Explicado\">FIDI<\/a> Credenciado pela International Mover (FAIM), que poderia ajud\u00e1-lo com sua mudan\u00e7a.<\/p>\n<h2><strong>1. Orbit Ltd Internacional<\/strong><\/h2>\n<p><img loading=\"lazy\" decoding=\"async\" class=\"alignnone size-full wp-image-8352\" src=\"https:\/\/moverdb.com\/wp-content\/uploads\/Orbit-Macedonia-international-moving-company.png\" alt=\"Empresa de mudan\u00e7as internacionais Orbit Maced\u00f4nia\" width=\"1440\" height=\"681\" data-wp-pid=\"8352\" srcset=\"https:\/\/moverdb.com\/wp-content\/uploads\/Orbit-Macedonia-international-moving-company.png 1440w, https:\/\/moverdb.com\/wp-content\/uploads\/Orbit-Macedonia-international-moving-company-300x142.png 300w, https:\/\/moverdb.com\/wp-content\/uploads\/Orbit-Macedonia-international-moving-company-1024x484.png 1024w, https:\/\/moverdb.com\/wp-content\/uploads\/Orbit-Macedonia-international-moving-company-18x9.png 18w, https:\/\/moverdb.com\/wp-content\/uploads\/Orbit-Macedonia-international-moving-company-600x284.png 600w\" sizes=\"auto, (max-width: 1440px) 100vw, 1440px\" \/><\/p>\n<ul>\n<li>Movimentos nacionais<\/li>\n<li>Movimentos internacionais<\/li>\n<li>Mudan\u00e7as dom\u00e9sticas<\/li>\n<li>Feiras e exposi\u00e7\u00f5es<\/li>\n<li>Servi\u00e7o porta-a-porta<\/li>\n<li>Frete rodovi\u00e1rio, mar\u00edtimo e a\u00e9reo<\/li>\n<li>Escolha de <a href=\"https:\/\/moverdb.com\/pt\/shipping-container-sizes-and-dimensions\/\" data-internallinksmanager029f6b8e52c=\"247\" title=\"O guia final para tamanhos e dimens\u00f5es de cont\u00eaineres de embarque\">tamanhos de recipientes<\/a><\/li>\n<li>Desembara\u00e7o aduaneiro<\/li>\n<li>Seguros<\/li>\n<li>Instala\u00e7\u00f5es de armazenamento<\/li>\n<\/ul>\n<p>A Orbit Ltd International \u00e9 uma empresa de agenciamento de frete e mudan\u00e7as fundada em 2000 em Skopje, Maced\u00f4nia, e faz parte do Orphee Beinoglou Group. A Orbit \u00e9 especializada na Maced\u00f4nia do Norte e em Kosovo e a Orphee Beinoglou em <a href=\"https:\/\/moverdb.com\/pt\/moving-to-greece\/\" data-internallinksmanager029f6b8e52c=\"353\" title=\"Est\u00e1 se mudando para a Gr\u00e9cia? 2026 Custo de vida e dicas de realoca\u00e7\u00e3o\">Gr\u00e9cia<\/a> e no Leste Europeu. Eles s\u00e3o membros da IAM com 23 anos de servi\u00e7o.<\/p>\n<p>A Orbit Ltd International oferece servi\u00e7os de frete mar\u00edtimo que incluem uma variedade de op\u00e7\u00f5es, como grupagem, cont\u00eaineres completos e carga a granel. Eles oferecem frete a\u00e9reo com op\u00e7\u00f5es de servi\u00e7os premium, diferidos, consolidados e fretados. O servi\u00e7o de frete de caminh\u00e3o oferece cargas completas ou parciais. Seus servi\u00e7os incluem rastreamento de remessas, formalidades alfandeg\u00e1rias e seguro.<\/p>\n<p>Website: <a href=\"http:\/\/www.orbit.mk\" target=\"_blank\" rel=\"noopener\">http:\/\/www.orbit.mk<\/a><\/p>\n<h2><strong>2. DoraMoving<\/strong><\/h2>\n<p><img loading=\"lazy\" decoding=\"async\" class=\"alignnone size-full wp-image-8307\" src=\"https:\/\/moverdb.com\/wp-content\/uploads\/DoraMoving-international-moving-company.png\" alt=\"DoraMoving empresa de mudan\u00e7as internacionais\" width=\"1440\" height=\"682\" data-wp-pid=\"8307\" srcset=\"https:\/\/moverdb.com\/wp-content\/uploads\/DoraMoving-international-moving-company.png 1440w, https:\/\/moverdb.com\/wp-content\/uploads\/DoraMoving-international-moving-company-300x142.png 300w, https:\/\/moverdb.com\/wp-content\/uploads\/DoraMoving-international-moving-company-1024x485.png 1024w, https:\/\/moverdb.com\/wp-content\/uploads\/DoraMoving-international-moving-company-18x9.png 18w, https:\/\/moverdb.com\/wp-content\/uploads\/DoraMoving-international-moving-company-600x284.png 600w\" sizes=\"auto, (max-width: 1440px) 100vw, 1440px\" \/><\/p>\n<ul>\n<li>Mudan\u00e7as locais<\/li>\n<li>Movimentos internacionais<\/li>\n<li>Mudan\u00e7as residenciais<\/li>\n<li>A empresa se move<\/li>\n<li>Servi\u00e7os sob medida<\/li>\n<li>Cota\u00e7\u00e3o individual<\/li>\n<li>Servi\u00e7o completo ou parcial<\/li>\n<li>Servi\u00e7o de embalagem<\/li>\n<li>Arranjo de transporte<\/li>\n<li>Armazenamento seguro<\/li>\n<\/ul>\n<p>A DoraMoving \u00e9 uma empresa de mudan\u00e7as fundada em 2019 em Skopje, Maced\u00f4nia, que oferece servi\u00e7os de mudan\u00e7as locais e internacionais para clientes residenciais e empresariais. Eles s\u00e3o membros da IAM com quatro anos de servi\u00e7o, o que lhes d\u00e1 acesso a uma rede internacional de agentes de mudan\u00e7a para apoi\u00e1-los.<\/p>\n<p>A DoraMoving oferece servi\u00e7os de mudan\u00e7a sob medida e fornecer\u00e1 uma cota\u00e7\u00e3o para sua mudan\u00e7a com base em suas necessidades e volume. Eles oferecem a op\u00e7\u00e3o de um servi\u00e7o de embalagem ou de embalagem pr\u00f3pria com materiais fornecidos. Seu servi\u00e7o de embalagem inclui embalar e desembalar, bem como desmontar e montar seus m\u00f3veis.<\/p>\n<p>Website: <a href=\"https:\/\/doramoving.com\/en\/international-moving\/\" target=\"_blank\" rel=\"noopener\">https:\/\/doramoving.com\/en\/international-moving\/<\/a><\/p>","protected":false},"excerpt":{"rendered":"<p>Moving can be a hectic time with a lot of tasks to do and paperwork to complete, especially if you are moving abroad. This is where a moving company can assist in lightening your load and managing the move for you. Below we have compiled a list of Macedonia based removal companies that are members [&hellip;]<\/p>\n","protected":false},"author":4,"featured_media":0,"parent":190,"menu_order":0,"comment_status":"closed","ping_status":"closed","template":"","meta":{"_genesis_hide_title":false,"_genesis_hide_breadcrumbs":false,"_genesis_hide_singular_image":false,"_genesis_hide_footer_widgets":false,"_genesis_custom_body_class":"","_genesis_custom_post_class":"","_genesis_layout":"","footnotes":""},"class_list":{"0":"post-8412","1":"page","2":"type-page","3":"status-publish","5":"entry","6":"has-post-thumbnail"},"_links":{"self":[{"href":"https:\/\/moverdb.com\/pt\/wp-json\/wp\/v2\/pages\/8412","targetHints":{"allow":["GET"]}}],"collection":[{"href":"https:\/\/moverdb.com\/pt\/wp-json\/wp\/v2\/pages"}],"about":[{"href":"https:\/\/moverdb.com\/pt\/wp-json\/wp\/v2\/types\/page"}],"author":[{"embeddable":true,"href":"https:\/\/moverdb.com\/pt\/wp-json\/wp\/v2\/users\/4"}],"replies":[{"embeddable":true,"href":"https:\/\/moverdb.com\/pt\/wp-json\/wp\/v2\/comments?post=8412"}],"version-history":[{"count":1,"href":"https:\/\/moverdb.com\/pt\/wp-json\/wp\/v2\/pages\/8412\/revisions"}],"predecessor-version":[{"id":8413,"href":"https:\/\/moverdb.com\/pt\/wp-json\/wp\/v2\/pages\/8412\/revisions\/8413"}],"up":[{"embeddable":true,"href":"https:\/\/moverdb.com\/pt\/wp-json\/wp\/v2\/pages\/190"}],"wp:attachment":[{"href":"https:\/\/moverdb.com\/pt\/wp-json\/wp\/v2\/media?parent=8412"}],"curies":[{"name":"wp","href":"https:\/\/api.w.org\/{rel}","templated":true}]}}