{"id":8408,"date":"2023-04-27T14:50:26","date_gmt":"2023-04-27T14:50:26","guid":{"rendered":"https:\/\/moverdb.com\/?page_id=8408"},"modified":"2026-01-08T15:30:04","modified_gmt":"2026-01-08T15:30:04","slug":"moving-companies-lithuania","status":"publish","type":"page","link":"https:\/\/moverdb.com\/pt\/moving-companies\/moving-companies-lithuania\/","title":{"rendered":"Melhores empresas de mudan\u00e7a internacional na Litu\u00e2nia"},"content":{"rendered":"<p>Est\u00e1 planejando mudar de casa? Seja dentro, para ou da Litu\u00e2nia, talvez voc\u00ea queira contratar os servi\u00e7os de um <a href=\"https:\/\/moverdb.com\/pt\/moving-companies\/\" data-internallinksmanager029f6b8e52c=\"79\" title=\"As 25 maiores empresas de mudan\u00e7as internacionais on-line\">empresa de mudan\u00e7as<\/a> para ajud\u00e1-lo. Abaixo, compilamos uma lista de empresas sediadas na Litu\u00e2nia <a href=\"https:\/\/moverdb.com\/pt\/international-removals\/\" data-internallinksmanager029f6b8e52c=\"27\" title=\"36 melhores empresas de mudan\u00e7as internacionais no Reino Unido\">empresas de mudan\u00e7as<\/a> que s\u00e3o membros do <a href=\"https:\/\/moverdb.com\/pt\/iam\/\" data-internallinksmanager029f6b8e52c=\"23\" title=\"Associa\u00e7\u00e3o Internacional de Remotores (IAM) Explicado\">Associa\u00e7\u00e3o Internacional de Movers<\/a> (IAM) e\/ou <a href=\"https:\/\/moverdb.com\/pt\/fidi-faim\/\" data-internallinksmanager029f6b8e52c=\"16\" title=\"FIDI &amp; FAIM (FIDI Accredited International Mover) Explicado\">FIDI<\/a> Credenciado pela International Mover (FAIM) que poderia ajud\u00e1-lo em sua mudan\u00e7a.<\/p>\n<h2><strong>Mudan\u00e7as UAB<\/strong><\/h2>\n<p><img loading=\"lazy\" decoding=\"async\" class=\"alignnone size-full wp-image-8378\" src=\"https:\/\/moverdb.com\/wp-content\/uploads\/UAB-Moving-international-moving-company.png\" alt=\"UAB Moving empresa de mudan\u00e7as internacionais\" width=\"1440\" height=\"683\" data-wp-pid=\"8378\" srcset=\"https:\/\/moverdb.com\/wp-content\/uploads\/UAB-Moving-international-moving-company.png 1440w, https:\/\/moverdb.com\/wp-content\/uploads\/UAB-Moving-international-moving-company-300x142.png 300w, https:\/\/moverdb.com\/wp-content\/uploads\/UAB-Moving-international-moving-company-1024x486.png 1024w, https:\/\/moverdb.com\/wp-content\/uploads\/UAB-Moving-international-moving-company-18x9.png 18w, https:\/\/moverdb.com\/wp-content\/uploads\/UAB-Moving-international-moving-company-600x285.png 600w\" sizes=\"auto, (max-width: 1440px) 100vw, 1440px\" \/><\/p>\n<ul>\n<li>Mudan\u00e7as locais<\/li>\n<li>Mudan\u00e7as internacionais<\/li>\n<li>Mudan\u00e7as dom\u00e9sticas<\/li>\n<li>Mudan\u00e7as de escrit\u00f3rio<\/li>\n<li>Servi\u00e7o porta-a-porta<\/li>\n<li>Servi\u00e7o de embalagem<\/li>\n<li>Transporte rodovi\u00e1rio, a\u00e9reo ou mar\u00edtimo<\/li>\n<li>Procedimentos de exporta\u00e7\u00e3o e importa\u00e7\u00e3o<\/li>\n<li>Apoio alfandeg\u00e1rio<\/li>\n<li>Instala\u00e7\u00f5es de armazenamento<\/li>\n<\/ul>\n<p>A UAB Movers \u00e9 uma empresa de mudan\u00e7as com sede em Vilnius e oferece mudan\u00e7as locais, nacionais e internacionais. Ela \u00e9 membro da IAM com sete anos de servi\u00e7o. Sua participa\u00e7\u00e3o em associa\u00e7\u00f5es internacionais lhes permite oferecer servi\u00e7os de alta qualidade em qualquer lugar do mundo.<\/p>\n<p>A UAB Movers oferece um servi\u00e7o de remo\u00e7\u00e3o porta a porta para projetos de mudan\u00e7a de pequeno a grande porte e oferecer\u00e1 as melhores solu\u00e7\u00f5es de transporte, seja por via rodovi\u00e1ria, a\u00e9rea ou mar\u00edtima. Eles oferecem a op\u00e7\u00e3o de cargas de cont\u00eaineres cheias ou n\u00e3o cheias para frete mar\u00edtimo e diferentes tamanhos de van para transporte rodovi\u00e1rio. Eles orientam sobre as formalidades dos procedimentos de exporta\u00e7\u00e3o e importa\u00e7\u00e3o.<\/p>\n<p>Website: <a href=\"http:\/\/www.movers.lt\" target=\"_blank\" rel=\"noopener\">http:\/\/www.movers.lt<\/a><\/p>\n<h2>Outros guias \u00fateis para a Litu\u00e2nia<\/h2>\n<ul>\n<li> <a href=\"https:\/\/moverdb.com\/pt\/transporte-de-conteineres\/lituania\/\">2024 Tarifas de remessa de cont\u00eaineres de frete mar\u00edtimo para e da Litu\u00e2nia<\/a><\/li>\n<li> <a href=\"https:\/\/moverdb.com\/pt\/moving-to-lithuania\/\">Est\u00e1 se mudando para a Litu\u00e2nia? 2024 Custo de vida e dicas de realoca\u00e7\u00e3o<\/a><\/li>\n<\/ul>","protected":false},"excerpt":{"rendered":"<p>Are you planning on moving home? Whether that is within, or to or from Lithuania then you might want to engage the services of a moving company to help you. Below we have compiled a list of Lithuania based removal companies that are members of the International Association of Movers (IAM) and\/or FIDI Accredited International [&hellip;]<\/p>\n","protected":false},"author":4,"featured_media":0,"parent":190,"menu_order":0,"comment_status":"closed","ping_status":"closed","template":"","meta":{"_genesis_hide_title":false,"_genesis_hide_breadcrumbs":false,"_genesis_hide_singular_image":false,"_genesis_hide_footer_widgets":false,"_genesis_custom_body_class":"","_genesis_custom_post_class":"","_genesis_layout":"","footnotes":""},"class_list":{"0":"post-8408","1":"page","2":"type-page","3":"status-publish","5":"entry","6":"has-post-thumbnail"},"_links":{"self":[{"href":"https:\/\/moverdb.com\/pt\/wp-json\/wp\/v2\/pages\/8408","targetHints":{"allow":["GET"]}}],"collection":[{"href":"https:\/\/moverdb.com\/pt\/wp-json\/wp\/v2\/pages"}],"about":[{"href":"https:\/\/moverdb.com\/pt\/wp-json\/wp\/v2\/types\/page"}],"author":[{"embeddable":true,"href":"https:\/\/moverdb.com\/pt\/wp-json\/wp\/v2\/users\/4"}],"replies":[{"embeddable":true,"href":"https:\/\/moverdb.com\/pt\/wp-json\/wp\/v2\/comments?post=8408"}],"version-history":[{"count":3,"href":"https:\/\/moverdb.com\/pt\/wp-json\/wp\/v2\/pages\/8408\/revisions"}],"predecessor-version":[{"id":18259,"href":"https:\/\/moverdb.com\/pt\/wp-json\/wp\/v2\/pages\/8408\/revisions\/18259"}],"up":[{"embeddable":true,"href":"https:\/\/moverdb.com\/pt\/wp-json\/wp\/v2\/pages\/190"}],"wp:attachment":[{"href":"https:\/\/moverdb.com\/pt\/wp-json\/wp\/v2\/media?parent=8408"}],"curies":[{"name":"wp","href":"https:\/\/api.w.org\/{rel}","templated":true}]}}