{"id":8406,"date":"2023-04-27T14:50:58","date_gmt":"2023-04-27T14:50:58","guid":{"rendered":"https:\/\/moverdb.com\/?page_id=8406"},"modified":"2026-01-08T15:30:03","modified_gmt":"2026-01-08T15:30:03","slug":"moving-companies-libya","status":"publish","type":"page","link":"https:\/\/moverdb.com\/pt\/moving-companies\/moving-companies-libya\/","title":{"rendered":"Melhores empresas de mudan\u00e7a internacional na L\u00edbia"},"content":{"rendered":"<p>Quando voc\u00ea est\u00e1 mudando de casa e\/ou escrit\u00f3rio, pode ser um per\u00edodo agitado, com muitas coisas para gerenciar, especialmente se estiver se mudando para o exterior. \u00c9 nesse momento que um <a href=\"https:\/\/moverdb.com\/pt\/moving-companies\/\" data-internallinksmanager029f6b8e52c=\"79\" title=\"As 25 maiores empresas de mudan\u00e7as internacionais on-line\">empresa de mudan\u00e7as<\/a> pode ajudar a assumir grande parte do gerenciamento e das tarefas. Abaixo, compilamos uma lista de empresas baseadas na L\u00edbia <a href=\"https:\/\/moverdb.com\/pt\/international-removals\/\" data-internallinksmanager029f6b8e52c=\"27\" title=\"36 melhores empresas de mudan\u00e7as internacionais no Reino Unido\">empresas de mudan\u00e7as<\/a> que s\u00e3o membros do <a href=\"https:\/\/moverdb.com\/pt\/iam\/\" data-internallinksmanager029f6b8e52c=\"23\" title=\"Associa\u00e7\u00e3o Internacional de Remotores (IAM) Explicado\">Associa\u00e7\u00e3o Internacional de Movers<\/a> (IAM) e\/ou <a href=\"https:\/\/moverdb.com\/pt\/fidi-faim\/\" data-internallinksmanager029f6b8e52c=\"16\" title=\"FIDI &amp; FAIM (FIDI Accredited International Mover) Explicado\">FIDI<\/a> Credenciado pela International Mover (FAIM), que poderia ajud\u00e1-lo com sua mudan\u00e7a.<\/p>\n<h2><strong>Hudhud Worldwide Logistics<\/strong><\/h2>\n<p><img loading=\"lazy\" decoding=\"async\" class=\"alignnone size-full wp-image-8326\" src=\"https:\/\/moverdb.com\/wp-content\/uploads\/Hudhud-Worldwide-Logistics-international-moving-company.png\" alt=\"Hudhud Worldwide Logistics empresa de mudan\u00e7as internacionais\" width=\"1440\" height=\"681\" data-wp-pid=\"8326\" srcset=\"https:\/\/moverdb.com\/wp-content\/uploads\/Hudhud-Worldwide-Logistics-international-moving-company.png 1440w, https:\/\/moverdb.com\/wp-content\/uploads\/Hudhud-Worldwide-Logistics-international-moving-company-300x142.png 300w, https:\/\/moverdb.com\/wp-content\/uploads\/Hudhud-Worldwide-Logistics-international-moving-company-1024x484.png 1024w, https:\/\/moverdb.com\/wp-content\/uploads\/Hudhud-Worldwide-Logistics-international-moving-company-18x9.png 18w, https:\/\/moverdb.com\/wp-content\/uploads\/Hudhud-Worldwide-Logistics-international-moving-company-600x284.png 600w\" sizes=\"auto, (max-width: 1440px) 100vw, 1440px\" \/><\/p>\n<ul>\n<li><a href=\"https:\/\/moverdb.com\/pt\/container-shipping\/\" data-internallinksmanager029f6b8e52c=\"3\" title=\"Gr\u00e1fico de taxas de transporte internacional de cont\u00eaineres: Maio de 2026\">Transporte internacional<\/a><\/li>\n<li>Transporte da empresa<\/li>\n<li>Servi\u00e7os sob medida<\/li>\n<li>Frete rodovi\u00e1rio, a\u00e9reo e mar\u00edtimo<\/li>\n<li>Rastreamento de remessas<\/li>\n<li>Escolha de cont\u00eaineres de transporte<\/li>\n<li>Desembara\u00e7o aduaneiro<\/li>\n<li>Suporte \u00e0 documenta\u00e7\u00e3o e \u00e0 conformidade<\/li>\n<li>Seguros<\/li>\n<li>Instala\u00e7\u00f5es de armazenamento<\/li>\n<\/ul>\n<p>A Hudhud Worldwide Logistics \u00e9 uma empresa de servi\u00e7os de remessa e transporte que opera h\u00e1 mais de dez anos e est\u00e1 sediada em Tr\u00edpoli, Benghazi, Misurata e outras grandes cidades. A empresa tem uma rede de agentes e empresas de transporte que a apoiam na presta\u00e7\u00e3o de seus servi\u00e7os em todo o mundo. Eles s\u00e3o membros da IAM com 15 anos de servi\u00e7o.<\/p>\n<p>A Hudhud Worldwide Logistics oferece solu\u00e7\u00f5es porta a porta adaptadas \u00e0s suas necessidades. Eles oferecem frete mar\u00edtimo com op\u00e7\u00f5es de 20', 40', open top, flat rack e break bulk com libera\u00e7\u00e3o alfandeg\u00e1ria. Oferece frete a\u00e9reo com servi\u00e7o completo de rastreamento, manuseio de documentos e libera\u00e7\u00e3o alfandeg\u00e1ria.<\/p>\n<p>Website: <a href=\"http:\/\/www.hudhudlogistics.com\" target=\"_blank\" rel=\"noopener\">http:\/\/www.hudhudlogistics.com<\/a><\/p>","protected":false},"excerpt":{"rendered":"<p>When you are moving home and\/or offices it can be a busy time with lots to manage particularly if you are moving abroad. This is where a moving company can assist in helping take on a lot of the management and tasks. Below we have compiled a list of Libya based removal companies that are [&hellip;]<\/p>\n","protected":false},"author":4,"featured_media":0,"parent":190,"menu_order":0,"comment_status":"closed","ping_status":"closed","template":"","meta":{"_genesis_hide_title":false,"_genesis_hide_breadcrumbs":false,"_genesis_hide_singular_image":false,"_genesis_hide_footer_widgets":false,"_genesis_custom_body_class":"","_genesis_custom_post_class":"","_genesis_layout":"","footnotes":""},"class_list":{"0":"post-8406","1":"page","2":"type-page","3":"status-publish","5":"entry","6":"has-post-thumbnail"},"_links":{"self":[{"href":"https:\/\/moverdb.com\/pt\/wp-json\/wp\/v2\/pages\/8406","targetHints":{"allow":["GET"]}}],"collection":[{"href":"https:\/\/moverdb.com\/pt\/wp-json\/wp\/v2\/pages"}],"about":[{"href":"https:\/\/moverdb.com\/pt\/wp-json\/wp\/v2\/types\/page"}],"author":[{"embeddable":true,"href":"https:\/\/moverdb.com\/pt\/wp-json\/wp\/v2\/users\/4"}],"replies":[{"embeddable":true,"href":"https:\/\/moverdb.com\/pt\/wp-json\/wp\/v2\/comments?post=8406"}],"version-history":[{"count":1,"href":"https:\/\/moverdb.com\/pt\/wp-json\/wp\/v2\/pages\/8406\/revisions"}],"predecessor-version":[{"id":8407,"href":"https:\/\/moverdb.com\/pt\/wp-json\/wp\/v2\/pages\/8406\/revisions\/8407"}],"up":[{"embeddable":true,"href":"https:\/\/moverdb.com\/pt\/wp-json\/wp\/v2\/pages\/190"}],"wp:attachment":[{"href":"https:\/\/moverdb.com\/pt\/wp-json\/wp\/v2\/media?parent=8406"}],"curies":[{"name":"wp","href":"https:\/\/api.w.org\/{rel}","templated":true}]}}