{"id":8404,"date":"2023-04-27T14:48:01","date_gmt":"2023-04-27T14:48:01","guid":{"rendered":"https:\/\/moverdb.com\/?page_id=8404"},"modified":"2026-01-08T15:23:47","modified_gmt":"2026-01-08T15:23:47","slug":"moving-companies-lesotho","status":"publish","type":"page","link":"https:\/\/moverdb.com\/pt\/moving-companies\/moving-companies-lesotho\/","title":{"rendered":"2 melhores empresas de mudan\u00e7a internacional no Lesoto"},"content":{"rendered":"<p>A mudan\u00e7a pode ser um momento estressante, seja de casa ou da empresa, e o n\u00edvel de estresse aumenta quando se muda de pa\u00eds. \u00c9 por isso que muitas pessoas contratam os servi\u00e7os de um <a href=\"https:\/\/moverdb.com\/pt\/moving-companies\/\" data-internallinksmanager029f6b8e52c=\"79\" title=\"As 25 maiores empresas de mudan\u00e7as internacionais on-line\">empresa de mudan\u00e7as<\/a>. Abaixo, compilamos uma lista de empresas sediadas no Lesoto <a href=\"https:\/\/moverdb.com\/pt\/international-removals\/\" data-internallinksmanager029f6b8e52c=\"27\" title=\"36 melhores empresas de mudan\u00e7as internacionais no Reino Unido\">empresas de mudan\u00e7as<\/a> que s\u00e3o membros do <a href=\"https:\/\/moverdb.com\/pt\/iam\/\" data-internallinksmanager029f6b8e52c=\"23\" title=\"Associa\u00e7\u00e3o Internacional de Remotores (IAM) Explicado\">Associa\u00e7\u00e3o Internacional de Movers<\/a> (IAM) e\/ou <a href=\"https:\/\/moverdb.com\/pt\/fidi-faim\/\" data-internallinksmanager029f6b8e52c=\"16\" title=\"FIDI &amp; FAIM (FIDI Accredited International Mover) Explicado\">FIDI<\/a> Credenciado pela International Mover (FAIM), que poderia ajud\u00e1-lo com sua mudan\u00e7a.<\/p>\n<h2><strong>1. Stuttaford Van Lines<\/strong><\/h2>\n<p><img loading=\"lazy\" decoding=\"async\" class=\"alignnone size-full wp-image-8368\" src=\"https:\/\/moverdb.com\/wp-content\/uploads\/Stuttaford-Van-Lines-international-moving-company.png\" alt=\"Empresa de mudan\u00e7as internacionais Stuttaford Van Lines\" width=\"1440\" height=\"680\" data-wp-pid=\"8368\" srcset=\"https:\/\/moverdb.com\/wp-content\/uploads\/Stuttaford-Van-Lines-international-moving-company.png 1440w, https:\/\/moverdb.com\/wp-content\/uploads\/Stuttaford-Van-Lines-international-moving-company-300x142.png 300w, https:\/\/moverdb.com\/wp-content\/uploads\/Stuttaford-Van-Lines-international-moving-company-1024x484.png 1024w, https:\/\/moverdb.com\/wp-content\/uploads\/Stuttaford-Van-Lines-international-moving-company-18x9.png 18w, https:\/\/moverdb.com\/wp-content\/uploads\/Stuttaford-Van-Lines-international-moving-company-600x283.png 600w\" sizes=\"auto, (max-width: 1440px) 100vw, 1440px\" \/><\/p>\n<ul>\n<li>Movimentos nacionais<\/li>\n<li>Movimentos internacionais<\/li>\n<li>Mudan\u00e7as residenciais<\/li>\n<li>Movimentos comerciais<\/li>\n<li>Servi\u00e7os sob medida<\/li>\n<li>Servi\u00e7o de embalagem<\/li>\n<li>Realoca\u00e7\u00e3o de ve\u00edculos e animais de estima\u00e7\u00e3o<\/li>\n<li>Manuseio de belas artes<\/li>\n<li>Seguros<\/li>\n<li>Armazenamento de curto e longo prazo<\/li>\n<\/ul>\n<p>A Stuttaford Van Lines \u00e9 uma empresa de mudan\u00e7as que atende fam\u00edlias e empresas desde meados de 1800, com filiais em todo o mundo. <a href=\"https:\/\/moverdb.com\/pt\/moving-to-south-africa\/\" data-internallinksmanager029f6b8e52c=\"347\" title=\"Est\u00e1 se mudando para a \u00c1frica do Sul? 2026 Custo de vida e dicas de realoca\u00e7\u00e3o\">\u00c1frica do Sul<\/a> incluindo Masero, Lesoto. Eles s\u00e3o membros da IAM, com 47 anos de servi\u00e7o, o que lhes d\u00e1 acesso a uma rede internacional de agentes de mudan\u00e7a para apoi\u00e1-los,<\/p>\n<p>A Stuffaford Van Lines o ajudar\u00e1 a planejar e preparar cuidadosamente a sua mudan\u00e7a. Eles designar\u00e3o um \u00fanico ponto de contato para apoi\u00e1-lo em cada etapa. Eles fornecem um servi\u00e7o de embalagem que inclui o uso de embalagens de alta qualidade e coberturas protetoras, rotulam todas as caixas e produzem um invent\u00e1rio.<\/p>\n<p>Website: <a href=\"http:\/\/www.stuttafordvanlines.co.za\" target=\"_blank\" rel=\"noopener\">http:\/\/www.stuttafordvanlines.co.za<\/a><\/p>\n<h2><strong>2. Log\u00edstica segura<\/strong><\/h2>\n<p><img loading=\"lazy\" decoding=\"async\" class=\"alignnone size-full wp-image-8371\" src=\"https:\/\/moverdb.com\/wp-content\/uploads\/Sure-Logistics-international-moving-company.png\" alt=\"Empresa de mudan\u00e7as internacionais Sure Logistics\" width=\"1440\" height=\"678\" data-wp-pid=\"8371\" srcset=\"https:\/\/moverdb.com\/wp-content\/uploads\/Sure-Logistics-international-moving-company.png 1440w, https:\/\/moverdb.com\/wp-content\/uploads\/Sure-Logistics-international-moving-company-300x141.png 300w, https:\/\/moverdb.com\/wp-content\/uploads\/Sure-Logistics-international-moving-company-1024x482.png 1024w, https:\/\/moverdb.com\/wp-content\/uploads\/Sure-Logistics-international-moving-company-18x8.png 18w, https:\/\/moverdb.com\/wp-content\/uploads\/Sure-Logistics-international-moving-company-600x283.png 600w\" sizes=\"auto, (max-width: 1440px) 100vw, 1440px\" \/><\/p>\n<ul>\n<li>Mudan\u00e7as locais<\/li>\n<li>Movimentos ultramarinos<\/li>\n<li>Mudan\u00e7as em casa<\/li>\n<li>Mudan\u00e7as de escrit\u00f3rio<\/li>\n<li>Servi\u00e7os de reloca\u00e7\u00e3o<\/li>\n<li>Servi\u00e7o de mudan\u00e7as sob medida<\/li>\n<li>Arranjo de transporte<\/li>\n<li>Op\u00e7\u00f5es de cont\u00eaineres<\/li>\n<li><a href=\"https:\/\/moverdb.com\/pt\/car-transport-shipping\/\" data-internallinksmanager029f6b8e52c=\"2\" title=\"2026 Cota\u00e7\u00f5es de transporte internacional de carros e envio de ve\u00edculos\">Envio de ve\u00edculos<\/a><\/li>\n<li>Armazenamento seguro de curto e longo prazo<\/li>\n<\/ul>\n<p>A Sure Logistics \u00e9 uma empresa especializada em gerenciamento de log\u00edstica que oferece uma variedade de servi\u00e7os de transporte e solu\u00e7\u00f5es de cadeia de suprimentos e est\u00e1 sediada em Masero. A empresa trabalha com parceiros de mudan\u00e7as internacionais para fornecer seus servi\u00e7os a outros pa\u00edses. Eles s\u00e3o membros da IAM com nove anos de servi\u00e7o.<\/p>\n<p>A Sure Logistics oferece servi\u00e7os de mudan\u00e7a dentro, para e do Lesoto para resid\u00eancias e empresas, personalizados para atender \u00e0s suas necessidades. Eles tamb\u00e9m oferecem servi\u00e7os de realoca\u00e7\u00e3o que fornecem suporte de RH para funcion\u00e1rios e pacotes de mobilidade global especializados em mais de 150 pa\u00edses. Eles transportar\u00e3o seus pertences com seguran\u00e7a e podem oferecer cargas completas e menos que um cont\u00eainer.<\/p>\n<p>Website: <a href=\"http:\/\/www.surelogistics.co.ls\" target=\"_blank\" rel=\"noopener\">http:\/\/www.surelogistics.co.ls<\/a><\/p>","protected":false},"excerpt":{"rendered":"<p>Moving can be a stressful time whether you are moving your home or your business, and the stress level increases when you are moving countries. This is why so many people employ the services of a moving company. Below we have compiled a list of Lesotho based removal companies that are members of the International [&hellip;]<\/p>\n","protected":false},"author":4,"featured_media":0,"parent":190,"menu_order":0,"comment_status":"closed","ping_status":"closed","template":"","meta":{"_genesis_hide_title":false,"_genesis_hide_breadcrumbs":false,"_genesis_hide_singular_image":false,"_genesis_hide_footer_widgets":false,"_genesis_custom_body_class":"","_genesis_custom_post_class":"","_genesis_layout":"","footnotes":""},"class_list":{"0":"post-8404","1":"page","2":"type-page","3":"status-publish","5":"entry","6":"has-post-thumbnail"},"_links":{"self":[{"href":"https:\/\/moverdb.com\/pt\/wp-json\/wp\/v2\/pages\/8404","targetHints":{"allow":["GET"]}}],"collection":[{"href":"https:\/\/moverdb.com\/pt\/wp-json\/wp\/v2\/pages"}],"about":[{"href":"https:\/\/moverdb.com\/pt\/wp-json\/wp\/v2\/types\/page"}],"author":[{"embeddable":true,"href":"https:\/\/moverdb.com\/pt\/wp-json\/wp\/v2\/users\/4"}],"replies":[{"embeddable":true,"href":"https:\/\/moverdb.com\/pt\/wp-json\/wp\/v2\/comments?post=8404"}],"version-history":[{"count":2,"href":"https:\/\/moverdb.com\/pt\/wp-json\/wp\/v2\/pages\/8404\/revisions"}],"predecessor-version":[{"id":8418,"href":"https:\/\/moverdb.com\/pt\/wp-json\/wp\/v2\/pages\/8404\/revisions\/8418"}],"up":[{"embeddable":true,"href":"https:\/\/moverdb.com\/pt\/wp-json\/wp\/v2\/pages\/190"}],"wp:attachment":[{"href":"https:\/\/moverdb.com\/pt\/wp-json\/wp\/v2\/media?parent=8404"}],"curies":[{"name":"wp","href":"https:\/\/api.w.org\/{rel}","templated":true}]}}