{"id":8402,"date":"2023-04-27T14:51:30","date_gmt":"2023-04-27T14:51:30","guid":{"rendered":"https:\/\/moverdb.com\/?page_id=8402"},"modified":"2026-01-08T15:29:28","modified_gmt":"2026-01-08T15:29:28","slug":"moving-companies-lebanon","status":"publish","type":"page","link":"https:\/\/moverdb.com\/pt\/moving-companies\/moving-companies-lebanon\/","title":{"rendered":"7 melhores empresas de mudan\u00e7as internacionais no L\u00edbano"},"content":{"rendered":"<p>S\u00f3 de pensar em mudar sua casa ou empresa pode ser estressante e parecer complicado se voc\u00ea estiver planejando se mudar para o exterior, e \u00e9 a\u00ed que um <a href=\"https:\/\/moverdb.com\/pt\/moving-companies\/\" data-internallinksmanager029f6b8e52c=\"79\" title=\"As 25 maiores empresas de mudan\u00e7as internacionais on-line\">empresa de mudan\u00e7as<\/a> pode ajudar a aliviar a carga. Abaixo, compilamos uma lista de empresas sediadas no L\u00edbano <a href=\"https:\/\/moverdb.com\/pt\/international-removals\/\" data-internallinksmanager029f6b8e52c=\"27\" title=\"36 melhores empresas de mudan\u00e7as internacionais no Reino Unido\">empresas de mudan\u00e7as<\/a> que s\u00e3o membros do <a href=\"https:\/\/moverdb.com\/pt\/iam\/\" data-internallinksmanager029f6b8e52c=\"23\" title=\"Associa\u00e7\u00e3o Internacional de Remotores (IAM) Explicado\">Associa\u00e7\u00e3o Internacional de Movers<\/a> (IAM) e\/ou <a href=\"https:\/\/moverdb.com\/pt\/fidi-faim\/\" data-internallinksmanager029f6b8e52c=\"16\" title=\"FIDI &amp; FAIM (FIDI Accredited International Mover) Explicado\">FIDI<\/a> Credenciado pela International Mover (FAIM), que poderia ajud\u00e1-lo com sua mudan\u00e7a.<\/p>\n<div id=\"ez-toc-container\" class=\"ez-toc-v2_0_82_2 ez-toc-wrap-left counter-hierarchy ez-toc-counter ez-toc-transparent ez-toc-container-direction\">\n<div class=\"ez-toc-title-container\">\n<p class=\"ez-toc-title\" style=\"cursor:inherit\">Se\u00e7\u00f5es<\/p>\n<span class=\"ez-toc-title-toggle\"><a href=\"#\" class=\"ez-toc-pull-right ez-toc-btn ez-toc-btn-xs ez-toc-btn-default ez-toc-toggle\" aria-label=\"Alternar tabela de conte\u00fado\"><span class=\"ez-toc-js-icon-con\"><span class=\"\"><span class=\"eztoc-hide\" style=\"display:none;\">Alternar<\/span><span class=\"ez-toc-icon-toggle-span\"><svg style=\"fill: #999;color:#999\" xmlns=\"http:\/\/www.w3.org\/2000\/svg\" class=\"list-377408\" width=\"20px\" height=\"20px\" viewbox=\"0 0 24 24\" fill=\"none\"><path d=\"M6 6H4v2h2V6zm14 0H8v2h12V6zM4 11h2v2H4v-2zm16 0H8v2h12v-2zM4 16h2v2H4v-2zm16 0H8v2h12v-2z\" fill=\"currentColor\"><\/path><\/svg><svg style=\"fill: #999;color:#999\" class=\"arrow-unsorted-368013\" xmlns=\"http:\/\/www.w3.org\/2000\/svg\" width=\"10px\" height=\"10px\" viewbox=\"0 0 24 24\" version=\"1.2\" baseprofile=\"tiny\"><path d=\"M18.2 9.3l-6.2-6.3-6.2 6.3c-.2.2-.3.4-.3.7s.1.5.3.7c.2.2.4.3.7.3h11c.3 0 .5-.1.7-.3.2-.2.3-.5.3-.7s-.1-.5-.3-.7zM5.8 14.7l6.2 6.3 6.2-6.3c.2-.2.3-.5.3-.7s-.1-.5-.3-.7c-.2-.2-.4-.3-.7-.3h-11c-.3 0-.5.1-.7.3-.2.2-.3.5-.3.7s.1.5.3.7z\"\/><\/svg><\/span><\/span><\/span><\/a><\/span><\/div>\n<nav><ul class='ez-toc-list ez-toc-list-level-1 eztoc-toggle-hide-by-default' ><li class='ez-toc-page-1 ez-toc-heading-level-2'><a class=\"ez-toc-link ez-toc-heading-1\" href=\"https:\/\/moverdb.com\/pt\/moving-companies\/moving-companies-lebanon\/#1_I-Movers\" >1. I-Movers<\/a><\/li><li class='ez-toc-page-1 ez-toc-heading-level-2'><a class=\"ez-toc-link ez-toc-heading-2\" href=\"https:\/\/moverdb.com\/pt\/moving-companies\/moving-companies-lebanon\/#2_Adam_International_Movers\" >2. Adam International Movers<\/a><\/li><li class='ez-toc-page-1 ez-toc-heading-level-2'><a class=\"ez-toc-link ez-toc-heading-3\" href=\"https:\/\/moverdb.com\/pt\/moving-companies\/moving-companies-lebanon\/#3_Orbit_International_Forwarders\" >3. Orbit International Forwarders<\/a><\/li><li class='ez-toc-page-1 ez-toc-heading-level-2'><a class=\"ez-toc-link ez-toc-heading-4\" href=\"https:\/\/moverdb.com\/pt\/moving-companies\/moving-companies-lebanon\/#4_All_Transportation_Agency\" >4. Todas as ag\u00eancias de transporte<\/a><\/li><li class='ez-toc-page-1 ez-toc-heading-level-2'><a class=\"ez-toc-link ez-toc-heading-5\" href=\"https:\/\/moverdb.com\/pt\/moving-companies\/moving-companies-lebanon\/#5_Beirut_Express\" >5. Expresso de Beirute<\/a><\/li><li class='ez-toc-page-1 ez-toc-heading-level-2'><a class=\"ez-toc-link ez-toc-heading-6\" href=\"https:\/\/moverdb.com\/pt\/moving-companies\/moving-companies-lebanon\/#6_Domex\" >6. Domex<\/a><\/li><li class='ez-toc-page-1 ez-toc-heading-level-2'><a class=\"ez-toc-link ez-toc-heading-7\" href=\"https:\/\/moverdb.com\/pt\/moving-companies\/moving-companies-lebanon\/#7_BCC_Logistics\" >7. Log\u00edstica da BCC<\/a><\/li><\/ul><\/nav><\/div>\n<h2><span class=\"ez-toc-section\" id=\"1_I-Movers\"><\/span><strong>1. I-Movers<\/strong><span class=\"ez-toc-section-end\"><\/span><\/h2>\n<p><img loading=\"lazy\" decoding=\"async\" class=\"alignnone size-full wp-image-8327\" src=\"https:\/\/moverdb.com\/wp-content\/uploads\/I-Movers-international-moving-company.png\" alt=\"I-Movers empresa de mudan\u00e7as internacionais\" width=\"1440\" height=\"680\" data-wp-pid=\"8327\" srcset=\"https:\/\/moverdb.com\/wp-content\/uploads\/I-Movers-international-moving-company.png 1440w, https:\/\/moverdb.com\/wp-content\/uploads\/I-Movers-international-moving-company-300x142.png 300w, https:\/\/moverdb.com\/wp-content\/uploads\/I-Movers-international-moving-company-1024x484.png 1024w, https:\/\/moverdb.com\/wp-content\/uploads\/I-Movers-international-moving-company-18x9.png 18w, https:\/\/moverdb.com\/wp-content\/uploads\/I-Movers-international-moving-company-600x283.png 600w\" sizes=\"auto, (max-width: 1440px) 100vw, 1440px\" \/><\/p>\n<ul>\n<li>Mudan\u00e7as locais<\/li>\n<li>Movimentos internacionais<\/li>\n<li>Mudan\u00e7as dom\u00e9sticas<\/li>\n<li>Movimentos corporativos<\/li>\n<li>Servi\u00e7o sob medida<\/li>\n<li>Servi\u00e7o de embalagem profissional<\/li>\n<li>Transporte a\u00e9reo e mar\u00edtimo<\/li>\n<li>Documenta\u00e7\u00e3o alfandeg\u00e1ria<\/li>\n<li><a href=\"https:\/\/moverdb.com\/pt\/car-transport-shipping\/\" data-internallinksmanager029f6b8e52c=\"2\" title=\"2026 Cota\u00e7\u00f5es de transporte internacional de carros e envio de ve\u00edculos\">Envio de ve\u00edculos<\/a><\/li>\n<li>Op\u00e7\u00f5es de armazenamento<\/li>\n<\/ul>\n<p>A I-Movers \u00e9 uma empresa de mudan\u00e7as internacionais que atende a resid\u00eancias e empresas e est\u00e1 sediada em Beirute. Eles s\u00e3o membros da IAM, com oito anos de servi\u00e7o, e essa associa\u00e7\u00e3o lhes d\u00e1 acesso a uma rede internacional de agentes de mudan\u00e7a.<\/p>\n<p>A I-Movers oferece uma pesquisa virtual para maior rapidez e efici\u00eancia. Eles oferecem um servi\u00e7o de mudan\u00e7a sob medida com um gerente de mudan\u00e7a dedicado para gerenciar sua mudan\u00e7a. Eles oferecem um servi\u00e7o de embalagem que utiliza material de embalagem premium e equipes bem treinadas de embaladores que tamb\u00e9m s\u00e3o segurados contra todos os riscos. Eles oferecem um sistema de rastreamento e acompanhamento para remessas a\u00e9reas e mar\u00edtimas e suporte com a documenta\u00e7\u00e3o, incluindo libera\u00e7\u00e3o alfandeg\u00e1ria.<\/p>\n<p>Website: <a href=\"http:\/\/www.i-movers.com\" target=\"_blank\" rel=\"noopener\">http:\/\/www.i-movers.com<\/a><\/p>\n<h2><span class=\"ez-toc-section\" id=\"2_Adam_International_Movers\"><\/span><strong>2. Adam International Movers<\/strong><span class=\"ez-toc-section-end\"><\/span><\/h2>\n<p><img loading=\"lazy\" decoding=\"async\" class=\"alignnone size-full wp-image-8279\" src=\"https:\/\/moverdb.com\/wp-content\/uploads\/Adam-International-Movers-company.png\" alt=\"Empresa Adam International Movers\" width=\"1440\" height=\"679\" data-wp-pid=\"8279\" srcset=\"https:\/\/moverdb.com\/wp-content\/uploads\/Adam-International-Movers-company.png 1440w, https:\/\/moverdb.com\/wp-content\/uploads\/Adam-International-Movers-company-300x141.png 300w, https:\/\/moverdb.com\/wp-content\/uploads\/Adam-International-Movers-company-1024x483.png 1024w, https:\/\/moverdb.com\/wp-content\/uploads\/Adam-International-Movers-company-18x8.png 18w, https:\/\/moverdb.com\/wp-content\/uploads\/Adam-International-Movers-company-600x283.png 600w\" sizes=\"auto, (max-width: 1440px) 100vw, 1440px\" \/><\/p>\n<ul>\n<li>Movimentos nacionais<\/li>\n<li>Movimentos internacionais<\/li>\n<li>Mudan\u00e7as dom\u00e9sticas<\/li>\n<li>Mudan\u00e7as de escrit\u00f3rio<\/li>\n<li>Cota\u00e7\u00f5es personaliz\u00e1veis e econ\u00f4micas<\/li>\n<li>Servi\u00e7o de embalagem profissional<\/li>\n<li>Transporte rodovi\u00e1rio, a\u00e9reo ou mar\u00edtimo<\/li>\n<li>Desembara\u00e7o aduaneiro<\/li>\n<li>Seguros<\/li>\n<li>Instala\u00e7\u00f5es de armazenamento<\/li>\n<\/ul>\n<p>A Adam International Movers \u00e9 uma empresa de servi\u00e7os de embalagem e mudan\u00e7a para pessoas f\u00edsicas, resid\u00eancias e escrit\u00f3rios, com escrit\u00f3rios em Beirute, no L\u00edbano e na Arm\u00eania. Eles t\u00eam uma rede de agentes e transportadores em todo o mundo para apoi\u00e1-los na presta\u00e7\u00e3o de servi\u00e7os internacionais. Eles s\u00e3o membros da IAM com seis anos de servi\u00e7o.<\/p>\n<p>A Adam International Movers oferece uma pesquisa antes da mudan\u00e7a para entender suas necessidades de mudan\u00e7a e fazer um or\u00e7amento. A empresa oferece um servi\u00e7o de embalagem profissional prestado por uma equipe treinada que utiliza as t\u00e9cnicas mais recentes e materiais de embalagem de alta qualidade. Eles gerenciar\u00e3o o transporte de seus pertences por via rodovi\u00e1ria, a\u00e9rea ou mar\u00edtima, juntamente com o desembara\u00e7o alfandeg\u00e1rio, se necess\u00e1rio.<\/p>\n<p>Website: <a href=\"http:\/\/www.adam-movers.com\" target=\"_blank\" rel=\"noopener\">http:\/\/www.adam-movers.com<\/a><\/p>\n<h2><span class=\"ez-toc-section\" id=\"3_Orbit_International_Forwarders\"><\/span><strong>3. Orbit International Forwarders<\/strong><span class=\"ez-toc-section-end\"><\/span><\/h2>\n<p><img loading=\"lazy\" decoding=\"async\" class=\"alignnone size-full wp-image-8351\" src=\"https:\/\/moverdb.com\/wp-content\/uploads\/Orbit-International-Forwarders-Lebanon-moving-company.png\" alt=\"Empresa de mudan\u00e7as Orbit International Forwarders Lebanon\" width=\"1440\" height=\"679\" data-wp-pid=\"8351\" srcset=\"https:\/\/moverdb.com\/wp-content\/uploads\/Orbit-International-Forwarders-Lebanon-moving-company.png 1440w, https:\/\/moverdb.com\/wp-content\/uploads\/Orbit-International-Forwarders-Lebanon-moving-company-300x141.png 300w, https:\/\/moverdb.com\/wp-content\/uploads\/Orbit-International-Forwarders-Lebanon-moving-company-1024x483.png 1024w, https:\/\/moverdb.com\/wp-content\/uploads\/Orbit-International-Forwarders-Lebanon-moving-company-18x8.png 18w, https:\/\/moverdb.com\/wp-content\/uploads\/Orbit-International-Forwarders-Lebanon-moving-company-600x283.png 600w\" sizes=\"auto, (max-width: 1440px) 100vw, 1440px\" \/><\/p>\n<ul>\n<li>Movimentos locais e nacionais<\/li>\n<li>Mudan\u00e7as em todo o mundo<\/li>\n<li>Mudan\u00e7as dom\u00e9sticas<\/li>\n<li>Mudan\u00e7as corporativas<\/li>\n<li>Servi\u00e7o porta-a-porta<\/li>\n<li>Servi\u00e7o de embalagem<\/li>\n<li>Frete terrestre, mar\u00edtimo ou a\u00e9reo<\/li>\n<li>Manuseio de artes pl\u00e1sticas<\/li>\n<li>Transporte de ve\u00edculos motorizados<\/li>\n<li>Instala\u00e7\u00f5es de armazenamento<\/li>\n<\/ul>\n<p>A Orbit International Forwarders \u00e9 uma empresa de embalagem e remo\u00e7\u00e3o fundada em 1983. A empresa tem nove unidades na Europa e na \u00c1sia, incluindo Beirute, no L\u00edbano. Eles trabalham com mais de mil agentes selecionados em quase todos os pa\u00edses do mundo para prestar seus servi\u00e7os internacionalmente. A empresa \u00e9 membro da IAM, com 26 anos de servi\u00e7o.<\/p>\n<p>A Orbit International Forwarders oferece um servi\u00e7o de mudan\u00e7a porta a porta personalizado, come\u00e7ando com uma pesquisa inicial. Eles oferecem um servi\u00e7o de embalagem de alta qualidade para proteger seus pertences e fornecem caixas para itens fr\u00e1geis. Eles oferecem servi\u00e7os adicionais que incluem transporte de ve\u00edculos motorizados, manuseio de belas artes, log\u00edstica de exposi\u00e7\u00f5es, log\u00edstica de m\u00eddia e entretenimento e instala\u00e7\u00f5es de armazenamento.<\/p>\n<p>Website: <a href=\"http:\/\/www.orbitlb.com\" target=\"_blank\" rel=\"noopener\">http:\/\/www.orbitlb.com<\/a><\/p>\n<h2><span class=\"ez-toc-section\" id=\"4_All_Transportation_Agency\"><\/span><strong>4. Todas as ag\u00eancias de transporte<\/strong><span class=\"ez-toc-section-end\"><\/span><\/h2>\n<p><img loading=\"lazy\" decoding=\"async\" class=\"alignnone size-full wp-image-8285\" src=\"https:\/\/moverdb.com\/wp-content\/uploads\/All-Transportation-Agency-international-moving-company.png\" alt=\"Empresa de mudan\u00e7as internacionais All Transportation Agency\" width=\"1440\" height=\"680\" data-wp-pid=\"8285\" srcset=\"https:\/\/moverdb.com\/wp-content\/uploads\/All-Transportation-Agency-international-moving-company.png 1440w, https:\/\/moverdb.com\/wp-content\/uploads\/All-Transportation-Agency-international-moving-company-300x142.png 300w, https:\/\/moverdb.com\/wp-content\/uploads\/All-Transportation-Agency-international-moving-company-1024x484.png 1024w, https:\/\/moverdb.com\/wp-content\/uploads\/All-Transportation-Agency-international-moving-company-18x9.png 18w, https:\/\/moverdb.com\/wp-content\/uploads\/All-Transportation-Agency-international-moving-company-600x283.png 600w\" sizes=\"auto, (max-width: 1440px) 100vw, 1440px\" \/><\/p>\n<ul>\n<li>Movimentos nacionais<\/li>\n<li>Movimentos internacionais<\/li>\n<li>Mudan\u00e7as dom\u00e9sticas<\/li>\n<li>Projetos comerciais<\/li>\n<li>Servi\u00e7o porta-a-porta<\/li>\n<li>Servi\u00e7o de embalagem profissional<\/li>\n<li>Transporte terrestre, mar\u00edtimo e a\u00e9reo<\/li>\n<li>Desembara\u00e7o aduaneiro<\/li>\n<li>Manuseio de artes pl\u00e1sticas<\/li>\n<li>Armazenamento seguro<\/li>\n<\/ul>\n<p>A All Transportation Agency \u00e9 uma ag\u00eancia de compensa\u00e7\u00e3o e encaminhamento fundada em 1985 e est\u00e1 sediada em Beirute. A empresa tamb\u00e9m tem escrit\u00f3rios em Tr\u00edpoli, Saida e Tyr. Eles s\u00e3o membros da IAM, o que lhes d\u00e1 acesso a uma rede internacional de agentes de mudan\u00e7as que podem ajud\u00e1-los a prestar servi\u00e7os internacionais.<\/p>\n<p>A All Transportation Agency oferece um servi\u00e7o porta a porta para resid\u00eancias que se mudam dentro, para ou do L\u00edbano. Eles oferecem um servi\u00e7o de embalagem profissional para proteger seus pertences, incluindo um servi\u00e7o especializado para artes pl\u00e1sticas. O servi\u00e7o de embalagem tamb\u00e9m inclui a desmontagem e a montagem de m\u00f3veis e a etiquetagem das caixas.<\/p>\n<p>Website: <a href=\"http:\/\/www.ata-lebanon.com\" target=\"_blank\" rel=\"noopener\">http:\/\/www.ata-lebanon.com<\/a><\/p>\n<h2><span class=\"ez-toc-section\" id=\"5_Beirut_Express\"><\/span><strong>5. Expresso de Beirute<\/strong><span class=\"ez-toc-section-end\"><\/span><\/h2>\n<p><img loading=\"lazy\" decoding=\"async\" class=\"alignnone size-full wp-image-8293\" src=\"https:\/\/moverdb.com\/wp-content\/uploads\/Beirut-Express-international-moving-company.png\" alt=\"Empresa de mudan\u00e7as internacionais Beirut Express\" width=\"1440\" height=\"681\" data-wp-pid=\"8293\" srcset=\"https:\/\/moverdb.com\/wp-content\/uploads\/Beirut-Express-international-moving-company.png 1440w, https:\/\/moverdb.com\/wp-content\/uploads\/Beirut-Express-international-moving-company-300x142.png 300w, https:\/\/moverdb.com\/wp-content\/uploads\/Beirut-Express-international-moving-company-1024x484.png 1024w, https:\/\/moverdb.com\/wp-content\/uploads\/Beirut-Express-international-moving-company-18x9.png 18w, https:\/\/moverdb.com\/wp-content\/uploads\/Beirut-Express-international-moving-company-600x284.png 600w\" sizes=\"auto, (max-width: 1440px) 100vw, 1440px\" \/><\/p>\n<ul>\n<li>Mudan\u00e7as locais<\/li>\n<li>Mudan\u00e7as internacionais<\/li>\n<li>Mudan\u00e7as dom\u00e9sticas<\/li>\n<li>Mudan\u00e7as de escrit\u00f3rio<\/li>\n<li>Servi\u00e7o de embalagem profissional<\/li>\n<li>Materiais de embalagem de qualidade<\/li>\n<li>Carga a\u00e9rea e mar\u00edtima<\/li>\n<li>Desembara\u00e7o aduaneiro<\/li>\n<li>Transporte de ve\u00edculos<\/li>\n<li>Viagens e emiss\u00e3o de bilhetes<\/li>\n<\/ul>\n<p>A Beirut Express \u00e9 um servi\u00e7o de mudan\u00e7a e reloca\u00e7\u00e3o local e internacional que opera h\u00e1 56 anos e est\u00e1 sediada em Beirute. A empresa tem uma rede mundial de empresas associadas e agentes credenciados, al\u00e9m de ser membro da IAM.<\/p>\n<p>A Beirut Express oferece servi\u00e7os de mudan\u00e7a para resid\u00eancias, empresas e corpora\u00e7\u00f5es, tornando a mudan\u00e7a o mais tranquila poss\u00edvel. Eles oferecem um servi\u00e7o de embalagem profissional com uma equipe treinada que usa t\u00e9cnicas de alta prote\u00e7\u00e3o para proteger seus pertences em tr\u00e2nsito. Eles providenciar\u00e3o o transporte de seus pertences por frete a\u00e9reo e mar\u00edtimo e ajudar\u00e3o no desembara\u00e7o aduaneiro.<\/p>\n<p>Website: <a href=\"http:\/\/www.beirutexpress.com\" target=\"_blank\" rel=\"noopener\">http:\/\/www.beirutexpress.com<\/a><\/p>\n<h2><span class=\"ez-toc-section\" id=\"6_Domex\"><\/span><strong>6. Domex<\/strong><span class=\"ez-toc-section-end\"><\/span><\/h2>\n<p><img loading=\"lazy\" decoding=\"async\" class=\"alignnone size-full wp-image-8306\" src=\"https:\/\/moverdb.com\/wp-content\/uploads\/Domex-international-moving-company.png\" alt=\"Empresa de mudan\u00e7as internacionais Domex\" width=\"1440\" height=\"681\" data-wp-pid=\"8306\" srcset=\"https:\/\/moverdb.com\/wp-content\/uploads\/Domex-international-moving-company.png 1440w, https:\/\/moverdb.com\/wp-content\/uploads\/Domex-international-moving-company-300x142.png 300w, https:\/\/moverdb.com\/wp-content\/uploads\/Domex-international-moving-company-1024x484.png 1024w, https:\/\/moverdb.com\/wp-content\/uploads\/Domex-international-moving-company-18x9.png 18w, https:\/\/moverdb.com\/wp-content\/uploads\/Domex-international-moving-company-600x284.png 600w\" sizes=\"auto, (max-width: 1440px) 100vw, 1440px\" \/><\/p>\n<ul>\n<li>Movimentos internacionais<\/li>\n<li>Mudan\u00e7as dom\u00e9sticas<\/li>\n<li>Mudan\u00e7as de escrit\u00f3rio<\/li>\n<li>Servi\u00e7o porta-a-porta<\/li>\n<li>Servi\u00e7o de embalagem<\/li>\n<li>Materiais de embalagem de alta qualidade<\/li>\n<li>Desembara\u00e7o aduaneiro<\/li>\n<li>Manuseio de belas artes<\/li>\n<li>Seguros<\/li>\n<li>Instala\u00e7\u00f5es de armazenamento<\/li>\n<\/ul>\n<p>A Domex \u00e9 uma empresa de mudan\u00e7as e armazenamento que presta servi\u00e7os internacionais de e para o L\u00edbano e est\u00e1 sediada em Beirute. Eles trabalham com empresas de mudan\u00e7a selecionadas em todo o mundo para prestar servi\u00e7os fora do L\u00edbano e s\u00e3o membros da IAM.<\/p>\n<p>A Domex oferece um servi\u00e7o porta a porta para resid\u00eancias e escrit\u00f3rios. Eles oferecem um servi\u00e7o de embalagem que utiliza materiais de embalagem de alta qualidade para proteger seus itens e uma equipe treinada. Eles tamb\u00e9m oferecem um servi\u00e7o especial para itens fr\u00e1geis e obras de arte. Eles organizar\u00e3o a rota e o transporte mais adequados usando frete mar\u00edtimo e a\u00e9reo e o ajudar\u00e3o com o desembara\u00e7o aduaneiro.<\/p>\n<p>Website: <a href=\"http:\/\/www.domexco.net\" target=\"_blank\" rel=\"noopener\">http:\/\/www.domexco.net<\/a><\/p>\n<h2><span class=\"ez-toc-section\" id=\"7_BCC_Logistics\"><\/span><strong>7. Log\u00edstica da BCC<\/strong><span class=\"ez-toc-section-end\"><\/span><\/h2>\n<p><img loading=\"lazy\" decoding=\"async\" class=\"alignnone size-full wp-image-7673\" src=\"https:\/\/moverdb.com\/wp-content\/uploads\/BCC-Logistics-international-moving-company.png\" alt=\"Empresa de mudan\u00e7as internacionais BCC Logistics\" width=\"1440\" height=\"634\" data-wp-pid=\"7673\" srcset=\"https:\/\/moverdb.com\/wp-content\/uploads\/BCC-Logistics-international-moving-company.png 1440w, https:\/\/moverdb.com\/wp-content\/uploads\/BCC-Logistics-international-moving-company-300x132.png 300w, https:\/\/moverdb.com\/wp-content\/uploads\/BCC-Logistics-international-moving-company-1024x451.png 1024w, https:\/\/moverdb.com\/wp-content\/uploads\/BCC-Logistics-international-moving-company-18x8.png 18w, https:\/\/moverdb.com\/wp-content\/uploads\/BCC-Logistics-international-moving-company-600x264.png 600w\" sizes=\"auto, (max-width: 1440px) 100vw, 1440px\" \/><\/p>\n<ul>\n<li>Movimentos nacionais<\/li>\n<li>Movimentos internacionais<\/li>\n<li>Mudan\u00e7as residenciais<\/li>\n<li>Movimentos corporativos<\/li>\n<li>Servi\u00e7o porta-a-porta<\/li>\n<li>Servi\u00e7o de embalagem<\/li>\n<li>Carga terrestre, mar\u00edtima e a\u00e9rea<\/li>\n<li>Desembara\u00e7o aduaneiro<\/li>\n<li>Manuseio de artes pl\u00e1sticas<\/li>\n<li>Instala\u00e7\u00f5es de armazenamento<\/li>\n<\/ul>\n<p>A BCC Logistics \u00e9 uma empresa global de agenciamento de cargas com sede em Beirute, fundada em 1993, com escrit\u00f3rios em <a href=\"https:\/\/moverdb.com\/pt\/moving-to-qatar\/\" data-internallinksmanager029f6b8e52c=\"334\" title=\"Est\u00e1 se mudando para o Catar? 2026 Custo de vida e dicas de realoca\u00e7\u00e3o\">Qatar<\/a>, <a href=\"https:\/\/moverdb.com\/pt\/moving-companies\/moving-companies-iraq\/\" data-internallinksmanager029f6b8e52c=\"314\" title=\"2 Melhores empresas de mudan\u00e7a internacional no Iraque\">Iraque<\/a> e <a href=\"https:\/\/moverdb.com\/pt\/moving-to-saudi-arabia\/\" data-internallinksmanager029f6b8e52c=\"319\" title=\"Est\u00e1 se mudando para a Ar\u00e1bia Saudita? 2026 Custo de vida e dicas de realoca\u00e7\u00e3o\">Ar\u00e1bia Saudita<\/a>. Eles est\u00e3o bem conectados com agentes de mudan\u00e7as internacionais, o que lhes permite prestar servi\u00e7os em todo o mundo. Eles s\u00e3o membros da IAM e s\u00e3o credenciados pela FIDI.<\/p>\n<p>A BCC Logistics oferece um servi\u00e7o de mudan\u00e7a porta a porta com um \u00fanico ponto de contato. Eles fornecem um servi\u00e7o de embalagem usando materiais de embalagem de qualidade e oferecem embarques mar\u00edtimos em cont\u00eaineres e embalagem tri-wall para embarque a\u00e9reo com formalidades alfandeg\u00e1rias. Eles ajudar\u00e3o a embalar, desembalar e montar os m\u00f3veis. Tamb\u00e9m oferecem manuseio de itens pesados, transporte de ve\u00edculos e seguro.<\/p>\n<p>Website: <a href=\"http:\/\/www.bcclogistics.com\/\" target=\"_blank\" rel=\"noopener\">http:\/\/www.bcclogistics.com\/<\/a><\/p>","protected":false},"excerpt":{"rendered":"<p>Just thinking about moving your home or business can be stressful and seem complicated if you are planning on moving abroad, which is where a moving company can assist by lightening the load. Below we have compiled a list of Lebanon based removal companies that are members of the International Association of Movers (IAM) and\/or [&hellip;]<\/p>\n","protected":false},"author":4,"featured_media":0,"parent":190,"menu_order":0,"comment_status":"closed","ping_status":"closed","template":"","meta":{"_genesis_hide_title":false,"_genesis_hide_breadcrumbs":false,"_genesis_hide_singular_image":false,"_genesis_hide_footer_widgets":false,"_genesis_custom_body_class":"","_genesis_custom_post_class":"","_genesis_layout":"","footnotes":""},"class_list":{"0":"post-8402","1":"page","2":"type-page","3":"status-publish","5":"entry","6":"has-post-thumbnail"},"_links":{"self":[{"href":"https:\/\/moverdb.com\/pt\/wp-json\/wp\/v2\/pages\/8402","targetHints":{"allow":["GET"]}}],"collection":[{"href":"https:\/\/moverdb.com\/pt\/wp-json\/wp\/v2\/pages"}],"about":[{"href":"https:\/\/moverdb.com\/pt\/wp-json\/wp\/v2\/types\/page"}],"author":[{"embeddable":true,"href":"https:\/\/moverdb.com\/pt\/wp-json\/wp\/v2\/users\/4"}],"replies":[{"embeddable":true,"href":"https:\/\/moverdb.com\/pt\/wp-json\/wp\/v2\/comments?post=8402"}],"version-history":[{"count":1,"href":"https:\/\/moverdb.com\/pt\/wp-json\/wp\/v2\/pages\/8402\/revisions"}],"predecessor-version":[{"id":8403,"href":"https:\/\/moverdb.com\/pt\/wp-json\/wp\/v2\/pages\/8402\/revisions\/8403"}],"up":[{"embeddable":true,"href":"https:\/\/moverdb.com\/pt\/wp-json\/wp\/v2\/pages\/190"}],"wp:attachment":[{"href":"https:\/\/moverdb.com\/pt\/wp-json\/wp\/v2\/media?parent=8402"}],"curies":[{"name":"wp","href":"https:\/\/api.w.org\/{rel}","templated":true}]}}