{"id":8394,"date":"2023-04-27T14:54:05","date_gmt":"2023-04-27T14:54:05","guid":{"rendered":"https:\/\/moverdb.com\/?page_id=8394"},"modified":"2026-01-08T15:24:20","modified_gmt":"2026-01-08T15:24:20","slug":"moving-companies-kazakhstan","status":"publish","type":"page","link":"https:\/\/moverdb.com\/pt\/moving-companies\/moving-companies-kazakhstan\/","title":{"rendered":"3 melhores empresas de mudan\u00e7a internacional no Cazaquist\u00e3o"},"content":{"rendered":"<p>A mudan\u00e7a pode ser um momento estressante, mas se voc\u00ea quiser reduzi-lo, pode contratar os servi\u00e7os de um <a href=\"https:\/\/moverdb.com\/pt\/moving-companies\/\" data-internallinksmanager029f6b8e52c=\"79\" title=\"As 25 maiores empresas de mudan\u00e7as internacionais on-line\">empresa de mudan\u00e7as<\/a>. Eles podem assumir a organiza\u00e7\u00e3o, a embalagem e a administra\u00e7\u00e3o de sua mudan\u00e7a. Abaixo, compilamos uma lista de empresas sediadas no Cazaquist\u00e3o <a href=\"https:\/\/moverdb.com\/pt\/international-removals\/\" data-internallinksmanager029f6b8e52c=\"27\" title=\"36 melhores empresas de mudan\u00e7as internacionais no Reino Unido\">empresas de mudan\u00e7as<\/a> que s\u00e3o membros do <a href=\"https:\/\/moverdb.com\/pt\/iam\/\" data-internallinksmanager029f6b8e52c=\"23\" title=\"Associa\u00e7\u00e3o Internacional de Remotores (IAM) Explicado\">Associa\u00e7\u00e3o Internacional de Movers<\/a> (IAM) e\/ou <a href=\"https:\/\/moverdb.com\/pt\/fidi-faim\/\" data-internallinksmanager029f6b8e52c=\"16\" title=\"FIDI &amp; FAIM (FIDI Accredited International Mover) Explicado\">FIDI<\/a> Credenciado pela International Mover (FAIM), que poderia ajud\u00e1-lo com sua mudan\u00e7a.<\/p>\n<h2><strong>1. Intermovex<\/strong><\/h2>\n<p><img loading=\"lazy\" decoding=\"async\" class=\"alignnone size-full wp-image-8330\" src=\"https:\/\/moverdb.com\/wp-content\/uploads\/Intermovex-international-moving-company.png\" alt=\"Empresa de mudan\u00e7as internacionais Intermovex\" width=\"1440\" height=\"680\" data-wp-pid=\"8330\" srcset=\"https:\/\/moverdb.com\/wp-content\/uploads\/Intermovex-international-moving-company.png 1440w, https:\/\/moverdb.com\/wp-content\/uploads\/Intermovex-international-moving-company-300x142.png 300w, https:\/\/moverdb.com\/wp-content\/uploads\/Intermovex-international-moving-company-1024x484.png 1024w, https:\/\/moverdb.com\/wp-content\/uploads\/Intermovex-international-moving-company-18x9.png 18w, https:\/\/moverdb.com\/wp-content\/uploads\/Intermovex-international-moving-company-600x283.png 600w\" sizes=\"auto, (max-width: 1440px) 100vw, 1440px\" \/><\/p>\n<ul>\n<li>Movimentos nacionais<\/li>\n<li>Movimentos internacionais<\/li>\n<li>Mudan\u00e7as dom\u00e9sticas<\/li>\n<li>Mudan\u00e7as de escrit\u00f3rios<\/li>\n<li>Servi\u00e7o porta-a-porta<\/li>\n<li>Servi\u00e7o de embalagem<\/li>\n<li>Desembara\u00e7o aduaneiro<\/li>\n<li>Manuseio de belas artes<\/li>\n<li>Transporte de animais e autom\u00f3veis<\/li>\n<li>Armazenamento de curto a longo prazo<\/li>\n<\/ul>\n<p>A Intermovex \u00e9 uma empresa de mudan\u00e7as internacionais fundada em 2009, com escrit\u00f3rios em Almaty e Astana. A empresa trabalha com parceiros estrangeiros para ajud\u00e1-los a prestar seus servi\u00e7os internacionalmente. A empresa \u00e9 membro da IAM, com 14 anos de servi\u00e7o.<\/p>\n<p>A Intermovex oferece um servi\u00e7o porta a porta com um gerente pessoal para apoi\u00e1-lo em todas as etapas da sua mudan\u00e7a. O servi\u00e7o de embalagem utiliza materiais de embalagem de alta qualidade, ajuda a escolher o transporte mais adequado e auxilia no desembara\u00e7o aduaneiro. Eles oferecem uma gama de servi\u00e7os adicionais que incluem o transporte de carros, exposi\u00e7\u00f5es, animais, propriedades culturais e obras de arte, bem como seguro de carga e instala\u00e7\u00f5es de armazenamento.<\/p>\n<p>Website: <a href=\"http:\/\/www.intermovex.kz\" target=\"_blank\" rel=\"noopener\">http:\/\/www.intermovex.kz<\/a><\/p>\n<h2><strong>2. Gosselin<\/strong><\/h2>\n<p><img loading=\"lazy\" decoding=\"async\" class=\"alignnone size-full wp-image-8321\" src=\"https:\/\/moverdb.com\/wp-content\/uploads\/Gosselin-Kazakhstan-international-moving-company.png\" alt=\"Empresa de mudan\u00e7as internacionais Gosselin Kazakhstan\" width=\"1440\" height=\"680\" data-wp-pid=\"8321\" srcset=\"https:\/\/moverdb.com\/wp-content\/uploads\/Gosselin-Kazakhstan-international-moving-company.png 1440w, https:\/\/moverdb.com\/wp-content\/uploads\/Gosselin-Kazakhstan-international-moving-company-300x142.png 300w, https:\/\/moverdb.com\/wp-content\/uploads\/Gosselin-Kazakhstan-international-moving-company-1024x484.png 1024w, https:\/\/moverdb.com\/wp-content\/uploads\/Gosselin-Kazakhstan-international-moving-company-18x9.png 18w, https:\/\/moverdb.com\/wp-content\/uploads\/Gosselin-Kazakhstan-international-moving-company-600x283.png 600w\" sizes=\"auto, (max-width: 1440px) 100vw, 1440px\" \/><\/p>\n<ul>\n<li>Movimentos nacionais<\/li>\n<li>Movimentos internacionais<\/li>\n<li>Mudan\u00e7as residenciais<\/li>\n<li>Mudan\u00e7as de escrit\u00f3rio<\/li>\n<li>Servi\u00e7o porta-a-porta sob medida<\/li>\n<li>Servi\u00e7o de embalagem<\/li>\n<li>Arranjo de transporte<\/li>\n<li>Transporte de animais de estima\u00e7\u00e3o e ve\u00edculos<\/li>\n<li>Seguros<\/li>\n<li>Armazenamento flex\u00edvel de curto a longo prazo<\/li>\n<\/ul>\n<p>A Gosselin \u00e9 uma empresa internacional de mudan\u00e7as e realoca\u00e7\u00e3o com 34 escrit\u00f3rios na Europa e na R\u00fassia, incluindo o Cazaquist\u00e3o. Eles t\u00eam sua pr\u00f3pria rede de filiais e parceiros para ajud\u00e1-los com mudan\u00e7as internacionais e s\u00e3o membros da IAM.<\/p>\n<p>A Gosselin oferece um servi\u00e7o de mudan\u00e7a porta a porta com uma ferramenta de pesquisa on-line para fornecer uma estimativa r\u00e1pida seguida de uma estimativa confi\u00e1vel. Eles oferecem um servi\u00e7o de embalagem com transportadores profissionais que usam materiais de embalagem ecologicamente corretos para proteger seus pertences e tamb\u00e9m oferecem desmontagem e remontagem de m\u00f3veis e servi\u00e7o de desembalagem. Eles tamb\u00e9m oferecem servi\u00e7os adicionais, incluindo mudan\u00e7a de animais de estima\u00e7\u00e3o, manuseio de artes pl\u00e1sticas, transporte de carros e solu\u00e7\u00f5es de armazenamento.<\/p>\n<p>Website: <a href=\"http:\/\/www.moving.gosselingroup.eu\" target=\"_blank\" rel=\"noopener\">http:\/\/www.moving.gosselingroup.eu<\/a><\/p>\n<h2><strong>3. Globalink Logistics<\/strong><\/h2>\n<p><img loading=\"lazy\" decoding=\"async\" class=\"alignnone size-full wp-image-8320\" src=\"https:\/\/moverdb.com\/wp-content\/uploads\/Globalink-Logistics-international-moving-company.png\" alt=\"Globalink Logistics empresa de mudan\u00e7as internacionais\" width=\"1440\" height=\"680\" data-wp-pid=\"8320\" srcset=\"https:\/\/moverdb.com\/wp-content\/uploads\/Globalink-Logistics-international-moving-company.png 1440w, https:\/\/moverdb.com\/wp-content\/uploads\/Globalink-Logistics-international-moving-company-300x142.png 300w, https:\/\/moverdb.com\/wp-content\/uploads\/Globalink-Logistics-international-moving-company-1024x484.png 1024w, https:\/\/moverdb.com\/wp-content\/uploads\/Globalink-Logistics-international-moving-company-18x9.png 18w, https:\/\/moverdb.com\/wp-content\/uploads\/Globalink-Logistics-international-moving-company-600x283.png 600w\" sizes=\"auto, (max-width: 1440px) 100vw, 1440px\" \/><\/p>\n<ul>\n<li>Movimentos nacionais<\/li>\n<li>Movimentos internacionais<\/li>\n<li>Mudan\u00e7as residenciais<\/li>\n<li>Mudan\u00e7as corporativas<\/li>\n<li>Servi\u00e7o porta-a-porta<\/li>\n<li>Servi\u00e7o de embalagem<\/li>\n<li>Frete rodovi\u00e1rio, ferrovi\u00e1rio, mar\u00edtimo e a\u00e9reo<\/li>\n<li>Despachos aduaneiros<\/li>\n<li>Animais de estima\u00e7\u00e3o em movimento<\/li>\n<li>Instala\u00e7\u00f5es de armazenamento<\/li>\n<\/ul>\n<p>A Globalink Logistics \u00e9 uma empresa de log\u00edstica especializada na Europa e na \u00c1sia que oferece servi\u00e7os de mudan\u00e7a. A empresa tem escrit\u00f3rios em Almaty, Astana, Atyrau, Aktobe, Oskemen, Uralsk e Shymkent. Eles t\u00eam uma rede global em 55 pa\u00edses para prestar servi\u00e7os internacionais. A empresa \u00e9 membro da IAM, com 24 anos de servi\u00e7o, e \u00e9 credenciada pela FIDI.<\/p>\n<p>A Globalink Logistics oferece uma pesquisa pr\u00e9-mudan\u00e7a e um processo de planejamento de mudan\u00e7a com uma estimativa de pre\u00e7o. Oferece um servi\u00e7o de mudan\u00e7a porta a porta, incluindo transporte de animais de estima\u00e7\u00e3o e ve\u00edculos, seguro e rastreamento da mudan\u00e7a. Oferece um servi\u00e7o de embalagem com materiais de alta qualidade, com tr\u00e2nsito rodovi\u00e1rio, ferrovi\u00e1rio, mar\u00edtimo ou a\u00e9reo, al\u00e9m de oferecer suporte com o despacho aduaneiro.<\/p>\n<p>Website: <a href=\"https:\/\/globalinklogistics.com\/\" target=\"_blank\" rel=\"noopener\">https:\/\/globalinklogistics.com\/<\/a><\/p>","protected":false},"excerpt":{"rendered":"<p>Moving can be a stressful time but if you want to reduce it, you can employ the services of a moving company. They can take over the organisation, packing and administration of your move. Below we have compiled a list of Kazakhstan based removal companies that are members of the International Association of Movers (IAM) [&hellip;]<\/p>\n","protected":false},"author":4,"featured_media":0,"parent":190,"menu_order":0,"comment_status":"closed","ping_status":"closed","template":"","meta":{"_genesis_hide_title":false,"_genesis_hide_breadcrumbs":false,"_genesis_hide_singular_image":false,"_genesis_hide_footer_widgets":false,"_genesis_custom_body_class":"","_genesis_custom_post_class":"","_genesis_layout":"","footnotes":""},"class_list":{"0":"post-8394","1":"page","2":"type-page","3":"status-publish","5":"entry","6":"has-post-thumbnail"},"_links":{"self":[{"href":"https:\/\/moverdb.com\/pt\/wp-json\/wp\/v2\/pages\/8394","targetHints":{"allow":["GET"]}}],"collection":[{"href":"https:\/\/moverdb.com\/pt\/wp-json\/wp\/v2\/pages"}],"about":[{"href":"https:\/\/moverdb.com\/pt\/wp-json\/wp\/v2\/types\/page"}],"author":[{"embeddable":true,"href":"https:\/\/moverdb.com\/pt\/wp-json\/wp\/v2\/users\/4"}],"replies":[{"embeddable":true,"href":"https:\/\/moverdb.com\/pt\/wp-json\/wp\/v2\/comments?post=8394"}],"version-history":[{"count":1,"href":"https:\/\/moverdb.com\/pt\/wp-json\/wp\/v2\/pages\/8394\/revisions"}],"predecessor-version":[{"id":8395,"href":"https:\/\/moverdb.com\/pt\/wp-json\/wp\/v2\/pages\/8394\/revisions\/8395"}],"up":[{"embeddable":true,"href":"https:\/\/moverdb.com\/pt\/wp-json\/wp\/v2\/pages\/190"}],"wp:attachment":[{"href":"https:\/\/moverdb.com\/pt\/wp-json\/wp\/v2\/media?parent=8394"}],"curies":[{"name":"wp","href":"https:\/\/api.w.org\/{rel}","templated":true}]}}