{"id":8390,"date":"2023-04-27T14:54:37","date_gmt":"2023-04-27T14:54:37","guid":{"rendered":"https:\/\/moverdb.com\/?page_id=8390"},"modified":"2026-01-08T15:29:21","modified_gmt":"2026-01-08T15:29:21","slug":"moving-companies-jordan","status":"publish","type":"page","link":"https:\/\/moverdb.com\/pt\/moving-companies\/moving-companies-jordan\/","title":{"rendered":"6 melhores empresas de mudan\u00e7a internacional na Jord\u00e2nia"},"content":{"rendered":"<p>Est\u00e1 mudando de casa ou de empresa? Ent\u00e3o, a organiza\u00e7\u00e3o e a papelada podem estar come\u00e7ando a assust\u00e1-lo, portanto, talvez voc\u00ea queira a assist\u00eancia de um <a href=\"https:\/\/moverdb.com\/pt\/moving-companies\/\" data-internallinksmanager029f6b8e52c=\"79\" title=\"As 25 maiores empresas de mudan\u00e7as internacionais on-line\">empresa de mudan\u00e7as<\/a>. Se voc\u00ea estiver procurando se mudar dentro, para ou da Jord\u00e2nia, compilamos a lista abaixo de <a href=\"https:\/\/moverdb.com\/pt\/international-removals\/\" data-internallinksmanager029f6b8e52c=\"27\" title=\"36 melhores empresas de mudan\u00e7as internacionais no Reino Unido\">empresas de mudan\u00e7as<\/a> que s\u00e3o membros do <a href=\"https:\/\/moverdb.com\/pt\/iam\/\" data-internallinksmanager029f6b8e52c=\"23\" title=\"Associa\u00e7\u00e3o Internacional de Remotores (IAM) Explicado\">Associa\u00e7\u00e3o Internacional de Movers<\/a> (IAM) e\/ou <a href=\"https:\/\/moverdb.com\/pt\/fidi-faim\/\" data-internallinksmanager029f6b8e52c=\"16\" title=\"FIDI &amp; FAIM (FIDI Accredited International Mover) Explicado\">FIDI<\/a> Credenciado pela International Mover (FAIM) que poderia ajud\u00e1-lo em sua mudan\u00e7a.<\/p>\n<div id=\"ez-toc-container\" class=\"ez-toc-v2_0_82_2 ez-toc-wrap-left counter-hierarchy ez-toc-counter ez-toc-transparent ez-toc-container-direction\">\n<div class=\"ez-toc-title-container\">\n<p class=\"ez-toc-title\" style=\"cursor:inherit\">Se\u00e7\u00f5es<\/p>\n<span class=\"ez-toc-title-toggle\"><a href=\"#\" class=\"ez-toc-pull-right ez-toc-btn ez-toc-btn-xs ez-toc-btn-default ez-toc-toggle\" aria-label=\"Alternar tabela de conte\u00fado\"><span class=\"ez-toc-js-icon-con\"><span class=\"\"><span class=\"eztoc-hide\" style=\"display:none;\">Alternar<\/span><span class=\"ez-toc-icon-toggle-span\"><svg style=\"fill: #999;color:#999\" xmlns=\"http:\/\/www.w3.org\/2000\/svg\" class=\"list-377408\" width=\"20px\" height=\"20px\" viewbox=\"0 0 24 24\" fill=\"none\"><path d=\"M6 6H4v2h2V6zm14 0H8v2h12V6zM4 11h2v2H4v-2zm16 0H8v2h12v-2zM4 16h2v2H4v-2zm16 0H8v2h12v-2z\" fill=\"currentColor\"><\/path><\/svg><svg style=\"fill: #999;color:#999\" class=\"arrow-unsorted-368013\" xmlns=\"http:\/\/www.w3.org\/2000\/svg\" width=\"10px\" height=\"10px\" viewbox=\"0 0 24 24\" version=\"1.2\" baseprofile=\"tiny\"><path d=\"M18.2 9.3l-6.2-6.3-6.2 6.3c-.2.2-.3.4-.3.7s.1.5.3.7c.2.2.4.3.7.3h11c.3 0 .5-.1.7-.3.2-.2.3-.5.3-.7s-.1-.5-.3-.7zM5.8 14.7l6.2 6.3 6.2-6.3c.2-.2.3-.5.3-.7s-.1-.5-.3-.7c-.2-.2-.4-.3-.7-.3h-11c-.3 0-.5.1-.7.3-.2.2-.3.5-.3.7s.1.5.3.7z\"\/><\/svg><\/span><\/span><\/span><\/a><\/span><\/div>\n<nav><ul class='ez-toc-list ez-toc-list-level-1 eztoc-toggle-hide-by-default' ><li class='ez-toc-page-1 ez-toc-heading-level-2'><a class=\"ez-toc-link ez-toc-heading-1\" href=\"https:\/\/moverdb.com\/pt\/moving-companies\/moving-companies-jordan\/#1_CML_Safe_Pak\" >1. CML Safe Pak<\/a><\/li><li class='ez-toc-page-1 ez-toc-heading-level-2'><a class=\"ez-toc-link ez-toc-heading-2\" href=\"https:\/\/moverdb.com\/pt\/moving-companies\/moving-companies-jordan\/#2_Jirpac\" >2. Jirpac<\/a><\/li><li class='ez-toc-page-1 ez-toc-heading-level-2'><a class=\"ez-toc-link ez-toc-heading-3\" href=\"https:\/\/moverdb.com\/pt\/moving-companies\/moving-companies-jordan\/#3_Jordanian_Coast_Cargo_Service\" >3. Servi\u00e7o de carga da Costa da Jord\u00e2nia<\/a><\/li><li class='ez-toc-page-1 ez-toc-heading-level-2'><a class=\"ez-toc-link ez-toc-heading-4\" href=\"https:\/\/moverdb.com\/pt\/moving-companies\/moving-companies-jordan\/#4_Levant_Express\" >4. Levant Express<\/a><\/li><li class='ez-toc-page-1 ez-toc-heading-level-2'><a class=\"ez-toc-link ez-toc-heading-5\" href=\"https:\/\/moverdb.com\/pt\/moving-companies\/moving-companies-jordan\/#5_Logistimania\" >5. Logistimania<\/a><\/li><li class='ez-toc-page-1 ez-toc-heading-level-2'><a class=\"ez-toc-link ez-toc-heading-6\" href=\"https:\/\/moverdb.com\/pt\/moving-companies\/moving-companies-jordan\/#6_Naouri_Group\" >6. Grupo Naouri<\/a><\/li><\/ul><\/nav><\/div>\n<h2><span class=\"ez-toc-section\" id=\"1_CML_Safe_Pak\"><\/span><strong>1. CML Safe Pak<\/strong><span class=\"ez-toc-section-end\"><\/span><\/h2>\n<p><img loading=\"lazy\" decoding=\"async\" class=\"alignnone size-full wp-image-8391\" src=\"https:\/\/moverdb.com\/wp-content\/uploads\/CML-Safe-Pak-international-moving-company.png\" alt=\"Empresa de mudan\u00e7as internacionais CML Safe Pak\" width=\"1440\" height=\"667\" data-wp-pid=\"8391\" srcset=\"https:\/\/moverdb.com\/wp-content\/uploads\/CML-Safe-Pak-international-moving-company.png 1440w, https:\/\/moverdb.com\/wp-content\/uploads\/CML-Safe-Pak-international-moving-company-300x139.png 300w, https:\/\/moverdb.com\/wp-content\/uploads\/CML-Safe-Pak-international-moving-company-1024x474.png 1024w, https:\/\/moverdb.com\/wp-content\/uploads\/CML-Safe-Pak-international-moving-company-18x8.png 18w, https:\/\/moverdb.com\/wp-content\/uploads\/CML-Safe-Pak-international-moving-company-600x278.png 600w\" sizes=\"auto, (max-width: 1440px) 100vw, 1440px\" \/><\/p>\n<ul>\n<li>Mudan\u00e7as locais e nacionais<\/li>\n<li>Mudan\u00e7as internacionais<\/li>\n<li>Mudan\u00e7as residenciais<\/li>\n<li>Coordenador de mudan\u00e7as<\/li>\n<li>Servi\u00e7o de embalagem<\/li>\n<li>Transporte terrestre, mar\u00edtimo e a\u00e9reo<\/li>\n<li>Desembara\u00e7o aduaneiro<\/li>\n<li>Transporte de animais<\/li>\n<li>Servi\u00e7os de limpeza<\/li>\n<li>Armazenamento seguro<\/li>\n<\/ul>\n<p>A CML Safe Pak \u00e9 uma empresa de servi\u00e7os de mudan\u00e7a, log\u00edstica e frete que tem ajudado as pessoas a se mudarem desde 1992 e est\u00e1 sediada em Am\u00e3. A empresa \u00e9 membro da <a href=\"https:\/\/moverdb.com\/pt\/harmony-relocation-network\/\" data-internallinksmanager029f6b8e52c=\"20\" title=\"Harmony Relocation Network (HRN) Explicado\">Rede Harmony Relocation<\/a> e IAM com 31 anos de servi\u00e7o e s\u00e3o credenciados pela FIDI. Essas associa\u00e7\u00f5es lhes d\u00e3o acesso a uma rede internacional de agentes de mudan\u00e7as.<\/p>\n<p>O CML Safe Pak oferece uma consulta antes da mudan\u00e7a com um consultor de mudan\u00e7as para avaliar suas necessidades. O coordenador de mudan\u00e7as cuidar\u00e1 de toda a log\u00edstica da sua mudan\u00e7a, incluindo a documenta\u00e7\u00e3o e o desembara\u00e7o alfandeg\u00e1rio. Eles oferecem servi\u00e7os adicionais que incluem servi\u00e7os de limpeza na mudan\u00e7a, mudan\u00e7a de obras de arte e antiguidades e transporte de animais de estima\u00e7\u00e3o.<\/p>\n<p>Website: <a href=\"http:\/\/www.cml-jo.com\" target=\"_blank\" rel=\"noopener\">http:\/\/www.cml-jo.com<\/a><\/p>\n<h2><span class=\"ez-toc-section\" id=\"2_Jirpac\"><\/span><strong>2. Jirpac<\/strong><span class=\"ez-toc-section-end\"><\/span><\/h2>\n<p><img loading=\"lazy\" decoding=\"async\" class=\"alignnone size-full wp-image-8333\" src=\"https:\/\/moverdb.com\/wp-content\/uploads\/Jirpac-international-moving-company.png\" alt=\"Empresa de mudan\u00e7as internacionais Jirpac\" width=\"1440\" height=\"679\" data-wp-pid=\"8333\" srcset=\"https:\/\/moverdb.com\/wp-content\/uploads\/Jirpac-international-moving-company.png 1440w, https:\/\/moverdb.com\/wp-content\/uploads\/Jirpac-international-moving-company-300x141.png 300w, https:\/\/moverdb.com\/wp-content\/uploads\/Jirpac-international-moving-company-1024x483.png 1024w, https:\/\/moverdb.com\/wp-content\/uploads\/Jirpac-international-moving-company-18x8.png 18w, https:\/\/moverdb.com\/wp-content\/uploads\/Jirpac-international-moving-company-600x283.png 600w\" sizes=\"auto, (max-width: 1440px) 100vw, 1440px\" \/><\/p>\n<ul>\n<li>Movimentos nacionais<\/li>\n<li>Movimentos internacionais<\/li>\n<li>Mudan\u00e7as dom\u00e9sticas<\/li>\n<li>Mudan\u00e7as de funcion\u00e1rios<\/li>\n<li>Mudan\u00e7as comerciais e de escrit\u00f3rio<\/li>\n<li>Servi\u00e7o de embalagem<\/li>\n<li>Transporte terrestre, mar\u00edtimo e a\u00e9reo<\/li>\n<li>Despachos aduaneiros<\/li>\n<li>Seguros<\/li>\n<li>Instala\u00e7\u00f5es de armazenamento seguras<\/li>\n<\/ul>\n<p>A Jirpac \u00e9 uma empresa internacional de mudan\u00e7as e embalagens, criada em 1978 e sediada em Am\u00e3. A empresa tem uma rede de correspondentes em todo o mundo, em 170 pa\u00edses, para ajud\u00e1-la a prestar servi\u00e7os internacionais. A empresa \u00e9 membro da IAM, com 45 anos de servi\u00e7o.<\/p>\n<p>A Jirpac oferece servi\u00e7os de mudan\u00e7a nacional e internacional para resid\u00eancias e organiza\u00e7\u00f5es. Eles oferecem um servi\u00e7o de embalagem que fornece uma variedade de materiais de embalagem e caixas de papel\u00e3o para proteger seus pertences em tr\u00e2nsito que atendem aos padr\u00f5es internacionais. Eles oferecem transporte terrestre, a\u00e9reo e mar\u00edtimo com servi\u00e7os de libera\u00e7\u00e3o alfandeg\u00e1ria.<\/p>\n<p>Website: <a href=\"http:\/\/www.jirpac.com\" target=\"_blank\" rel=\"noopener\">http:\/\/www.jirpac.com<\/a><\/p>\n<h2><span class=\"ez-toc-section\" id=\"3_Jordanian_Coast_Cargo_Service\"><\/span><strong>3. Servi\u00e7o de carga da Costa da Jord\u00e2nia<\/strong><span class=\"ez-toc-section-end\"><\/span><\/h2>\n<p><img loading=\"lazy\" decoding=\"async\" class=\"alignnone size-full wp-image-8334\" src=\"https:\/\/moverdb.com\/wp-content\/uploads\/Jordanian-Coast-Cargo-Services-international-moving-company.png\" alt=\"Empresa de mudan\u00e7as internacionais Jordanian Coast Cargo Services\" width=\"1440\" height=\"677\" data-wp-pid=\"8334\" srcset=\"https:\/\/moverdb.com\/wp-content\/uploads\/Jordanian-Coast-Cargo-Services-international-moving-company.png 1440w, https:\/\/moverdb.com\/wp-content\/uploads\/Jordanian-Coast-Cargo-Services-international-moving-company-300x141.png 300w, https:\/\/moverdb.com\/wp-content\/uploads\/Jordanian-Coast-Cargo-Services-international-moving-company-1024x481.png 1024w, https:\/\/moverdb.com\/wp-content\/uploads\/Jordanian-Coast-Cargo-Services-international-moving-company-18x8.png 18w, https:\/\/moverdb.com\/wp-content\/uploads\/Jordanian-Coast-Cargo-Services-international-moving-company-600x282.png 600w\" sizes=\"auto, (max-width: 1440px) 100vw, 1440px\" \/><\/p>\n<ul>\n<li>Mudan\u00e7as nacionais<\/li>\n<li>Mudan\u00e7as internacionais<\/li>\n<li>Mudan\u00e7as dom\u00e9sticas<\/li>\n<li>Servi\u00e7os comerciais<\/li>\n<li>Servi\u00e7o porta-a-porta<\/li>\n<li>Servi\u00e7o de embalagem profissional<\/li>\n<li>Transporte terrestre, a\u00e9reo e mar\u00edtimo<\/li>\n<li>Desembara\u00e7o aduaneiro<\/li>\n<li>Transporte de ve\u00edculos e animais de estima\u00e7\u00e3o<\/li>\n<li>Armazenamento seguro de curto e longo prazo<\/li>\n<\/ul>\n<p>A Jordanian Coast Cargo Services \u00e9 uma empresa de transporte mar\u00edtimo, <a href=\"https:\/\/moverdb.com\/pt\/freight-forwarder\/\" data-internallinksmanager029f6b8e52c=\"17\" title=\"Freight Forwarder &amp; NVOCC International Cost &amp; Companies Guide\">agente de cargas<\/a> A empresa \u00e9 uma empresa de transporte e armazenamento que oferece servi\u00e7os de mudan\u00e7a e mudan\u00e7as diplom\u00e1ticas. A empresa foi fundada em 2000 e est\u00e1 sediada em Am\u00e3. Trabalha com organiza\u00e7\u00f5es internacionais para prestar seus servi\u00e7os em todo o mundo. A empresa \u00e9 membro da IAM, com 23 anos de servi\u00e7o.<\/p>\n<p>A Jordanian Coast Cargo Services oferece um servi\u00e7o porta a porta com empacotadores altamente qualificados que utilizam materiais de embalagem e caixas de alta qualidade para transportar seus pertences com seguran\u00e7a. Eles providenciar\u00e3o o transporte com libera\u00e7\u00e3o alfandeg\u00e1ria, que pode ser por terra, ar ou mar em menos de um cont\u00eainer e em cont\u00eaineres completos.<\/p>\n<p>Website: <a href=\"http:\/\/www.jordaniancoastco.com\" target=\"_blank\" rel=\"noopener\">http:\/\/www.jordaniancoastco.com<\/a><\/p>\n<h2><span class=\"ez-toc-section\" id=\"4_Levant_Express\"><\/span><strong>4. Levant Express<\/strong><span class=\"ez-toc-section-end\"><\/span><\/h2>\n<p><img loading=\"lazy\" decoding=\"async\" class=\"alignnone size-full wp-image-8392\" src=\"https:\/\/moverdb.com\/wp-content\/uploads\/Levant-Express-international-moving-company.png\" alt=\"Empresa de mudan\u00e7as internacionais Levant Express\" width=\"1440\" height=\"683\" data-wp-pid=\"8392\" srcset=\"https:\/\/moverdb.com\/wp-content\/uploads\/Levant-Express-international-moving-company.png 1440w, https:\/\/moverdb.com\/wp-content\/uploads\/Levant-Express-international-moving-company-300x142.png 300w, https:\/\/moverdb.com\/wp-content\/uploads\/Levant-Express-international-moving-company-1024x486.png 1024w, https:\/\/moverdb.com\/wp-content\/uploads\/Levant-Express-international-moving-company-18x9.png 18w, https:\/\/moverdb.com\/wp-content\/uploads\/Levant-Express-international-moving-company-600x285.png 600w\" sizes=\"auto, (max-width: 1440px) 100vw, 1440px\" \/><\/p>\n<ul>\n<li>Mudan\u00e7as nacionais<\/li>\n<li>Mudan\u00e7as internacionais<\/li>\n<li>Mudan\u00e7as dom\u00e9sticas<\/li>\n<li>Pesquisa inicial<\/li>\n<li>Servi\u00e7o de embalagem<\/li>\n<li>Invent\u00e1rio<\/li>\n<li>Transporte por terra, mar e ar<\/li>\n<li>Desembara\u00e7o aduaneiro<\/li>\n<li>Seguros<\/li>\n<li>Instala\u00e7\u00f5es de armazenamento<\/li>\n<\/ul>\n<p>A Levant Express \u00e9 uma fornecedora de solu\u00e7\u00f5es de cadeia de suprimentos de ponta a ponta que oferece servi\u00e7os de remo\u00e7\u00e3o. A empresa foi criada em 1930 e tem unidades na Jord\u00e2nia e em <a href=\"https:\/\/moverdb.com\/pt\/moving-companies\/moving-companies-lebanon\/\" data-internallinksmanager029f6b8e52c=\"302\" title=\"7 melhores empresas de mudan\u00e7as internacionais no L\u00edbano\">L\u00edbano<\/a>. Eles s\u00e3o membros da IAM com 93 anos de servi\u00e7o, o que lhes d\u00e1 acesso a uma rede internacional de agentes de mudan\u00e7a para apoi\u00e1-los.<\/p>\n<p>A Levant Express oferece uma pesquisa antes da mudan\u00e7a para estimar o volume da sua mudan\u00e7a e criar um or\u00e7amento. Eles oferecem um servi\u00e7o de embalagem que protege seus pertences durante o transporte usando os materiais de embalagem mais adequados, incluindo caixas de papel\u00e3o e engradados. Todas as embalagens s\u00e3o etiquetadas e um invent\u00e1rio \u00e9 preparado.<\/p>\n<p>Website: <a href=\"http:\/\/www.levantexpress.net\" target=\"_blank\" rel=\"noopener\">http:\/\/www.levantexpress.net<\/a><\/p>\n<h2><span class=\"ez-toc-section\" id=\"5_Logistimania\"><\/span><strong>5. <\/strong><strong>Logistimania<\/strong><span class=\"ez-toc-section-end\"><\/span><\/h2>\n<p><img loading=\"lazy\" decoding=\"async\" class=\"alignnone size-full wp-image-8337\" src=\"https:\/\/moverdb.com\/wp-content\/uploads\/Logistimania-international-moving-company.png\" alt=\"Empresa de mudan\u00e7as internacionais Logistimania\" width=\"1440\" height=\"676\" data-wp-pid=\"8337\" srcset=\"https:\/\/moverdb.com\/wp-content\/uploads\/Logistimania-international-moving-company.png 1440w, https:\/\/moverdb.com\/wp-content\/uploads\/Logistimania-international-moving-company-300x141.png 300w, https:\/\/moverdb.com\/wp-content\/uploads\/Logistimania-international-moving-company-1024x481.png 1024w, https:\/\/moverdb.com\/wp-content\/uploads\/Logistimania-international-moving-company-18x8.png 18w, https:\/\/moverdb.com\/wp-content\/uploads\/Logistimania-international-moving-company-600x282.png 600w\" sizes=\"auto, (max-width: 1440px) 100vw, 1440px\" \/><\/p>\n<ul>\n<li>Movimentos nacionais<\/li>\n<li>Movimentos internacionais<\/li>\n<li>Mudan\u00e7as dom\u00e9sticas<\/li>\n<li>Carga comercial<\/li>\n<li>Servi\u00e7o porta-a-porta<\/li>\n<li>Servi\u00e7o de embalagem profissional<\/li>\n<li>Materiais de embalagem de alta qualidade<\/li>\n<li>Transporte a\u00e9reo, mar\u00edtimo e rodovi\u00e1rio<\/li>\n<li>Desembara\u00e7o aduaneiro<\/li>\n<li>Instala\u00e7\u00f5es de armazenamento<\/li>\n<\/ul>\n<p>A Logistimania \u00e9 uma empresa internacional de mudan\u00e7as e agenciamento de cargas formada em Estocolmo, mas tamb\u00e9m tem uma filial em Am\u00e3, na Jord\u00e2nia. Eles t\u00eam relacionamentos de longo prazo com companhias mar\u00edtimas, agentes de frete e fornecedores de caminh\u00f5es para prestar seus servi\u00e7os em todo o mundo, e tamb\u00e9m s\u00e3o membros da IAM.<\/p>\n<p>A Logistimania oferece servi\u00e7os de mudan\u00e7a e realoca\u00e7\u00e3o porta a porta. Eles oferecem um servi\u00e7o de embalagem profissional que utiliza materiais de embalagem de alta qualidade para proteger seus itens durante o transporte. Eles providenciar\u00e3o o transporte por via a\u00e9rea, mar\u00edtima e rodovi\u00e1ria com libera\u00e7\u00e3o alfandeg\u00e1ria, se necess\u00e1rio. Eles ajudar\u00e3o a desempacotar seus itens na chegada.<\/p>\n<p>Website: <a href=\"http:\/\/www.logistimania.com\" target=\"_blank\" rel=\"noopener\">http:\/\/www.logistimania.com<\/a><\/p>\n<h2><span class=\"ez-toc-section\" id=\"6_Naouri_Group\"><\/span><strong>6. Grupo Naouri<\/strong><span class=\"ez-toc-section-end\"><\/span><\/h2>\n<p><img loading=\"lazy\" decoding=\"async\" class=\"alignnone size-full wp-image-8347\" src=\"https:\/\/moverdb.com\/wp-content\/uploads\/Naouri-Group-international-moving-company.png\" alt=\"Empresa de mudan\u00e7as internacionais do Grupo Naouri\" width=\"1440\" height=\"680\" data-wp-pid=\"8347\" srcset=\"https:\/\/moverdb.com\/wp-content\/uploads\/Naouri-Group-international-moving-company.png 1440w, https:\/\/moverdb.com\/wp-content\/uploads\/Naouri-Group-international-moving-company-300x142.png 300w, https:\/\/moverdb.com\/wp-content\/uploads\/Naouri-Group-international-moving-company-1024x484.png 1024w, https:\/\/moverdb.com\/wp-content\/uploads\/Naouri-Group-international-moving-company-18x9.png 18w, https:\/\/moverdb.com\/wp-content\/uploads\/Naouri-Group-international-moving-company-600x283.png 600w\" sizes=\"auto, (max-width: 1440px) 100vw, 1440px\" \/><\/p>\n<ul>\n<li>Movimentos nacionais<\/li>\n<li>Movimentos internacionais<\/li>\n<li>Remessas da empresa<\/li>\n<li>Remessas individuais<\/li>\n<li>Encaminhamento de projetos<\/li>\n<li>Servi\u00e7o sob medida<\/li>\n<li>Transporte rodovi\u00e1rio, mar\u00edtimo e a\u00e9reo<\/li>\n<li>Op\u00e7\u00f5es de grupagem<\/li>\n<li>Desembara\u00e7o aduaneiro<\/li>\n<li>Terminal de cont\u00eaineres<\/li>\n<\/ul>\n<p>O Naouri Group \u00e9 um agente de carga e uma empresa de log\u00edstica fundada em 1994 e sediada em Am\u00e3, com opera\u00e7\u00f5es tamb\u00e9m em <a href=\"https:\/\/moverdb.com\/pt\/moving-companies\/moving-companies-iraq\/\" data-internallinksmanager029f6b8e52c=\"314\" title=\"2 Melhores empresas de mudan\u00e7a internacional no Iraque\">Iraque<\/a> e na Palestina. Eles s\u00e3o membros da IAM com 13 anos de servi\u00e7o e s\u00e3o credenciados pela FIDI. Essas associa\u00e7\u00f5es lhes d\u00e3o acesso a uma rede internacional de agentes para ajud\u00e1-los a prestar servi\u00e7os no exterior.<\/p>\n<p>O Naouri Group oferece um servi\u00e7o sob medida para atender \u00e0s suas necessidades e afirma ser um dos principais grupos de log\u00edstica da Jord\u00e2nia. Eles oferecem uma gama de servi\u00e7os de transporte e agenciamento de carga que inclui transporte rodovi\u00e1rio, a\u00e9reo e mar\u00edtimo, bem como op\u00e7\u00f5es de grupagem para cargas menores que um cont\u00eainer.<\/p>\n<p>Website: <a href=\"http:\/\/www.naouri.com\" target=\"_blank\" rel=\"noopener\">http:\/\/www.naouri.com<\/a><\/p>","protected":false},"excerpt":{"rendered":"<p>Are you moving home or your business? Then the organisation and paperwork may be starting to daunt you, so you may want the assistance of a moving company. If you are looking to move within, to or from Jordan we have compiled the below list of removal companies that are members of the International Association [&hellip;]<\/p>\n","protected":false},"author":4,"featured_media":0,"parent":190,"menu_order":0,"comment_status":"closed","ping_status":"closed","template":"","meta":{"_genesis_hide_title":false,"_genesis_hide_breadcrumbs":false,"_genesis_hide_singular_image":false,"_genesis_hide_footer_widgets":false,"_genesis_custom_body_class":"","_genesis_custom_post_class":"","_genesis_layout":"","footnotes":""},"class_list":{"0":"post-8390","1":"page","2":"type-page","3":"status-publish","5":"entry","6":"has-post-thumbnail"},"_links":{"self":[{"href":"https:\/\/moverdb.com\/pt\/wp-json\/wp\/v2\/pages\/8390","targetHints":{"allow":["GET"]}}],"collection":[{"href":"https:\/\/moverdb.com\/pt\/wp-json\/wp\/v2\/pages"}],"about":[{"href":"https:\/\/moverdb.com\/pt\/wp-json\/wp\/v2\/types\/page"}],"author":[{"embeddable":true,"href":"https:\/\/moverdb.com\/pt\/wp-json\/wp\/v2\/users\/4"}],"replies":[{"embeddable":true,"href":"https:\/\/moverdb.com\/pt\/wp-json\/wp\/v2\/comments?post=8390"}],"version-history":[{"count":1,"href":"https:\/\/moverdb.com\/pt\/wp-json\/wp\/v2\/pages\/8390\/revisions"}],"predecessor-version":[{"id":8393,"href":"https:\/\/moverdb.com\/pt\/wp-json\/wp\/v2\/pages\/8390\/revisions\/8393"}],"up":[{"embeddable":true,"href":"https:\/\/moverdb.com\/pt\/wp-json\/wp\/v2\/pages\/190"}],"wp:attachment":[{"href":"https:\/\/moverdb.com\/pt\/wp-json\/wp\/v2\/media?parent=8390"}],"curies":[{"name":"wp","href":"https:\/\/api.w.org\/{rel}","templated":true}]}}