{"id":7781,"date":"2023-04-27T14:57:02","date_gmt":"2023-04-27T14:57:02","guid":{"rendered":"https:\/\/moverdb.com\/?page_id=7781"},"modified":"2026-01-08T15:23:46","modified_gmt":"2026-01-08T15:23:46","slug":"moving-companies-jamaica","status":"publish","type":"page","link":"https:\/\/moverdb.com\/pt\/moving-companies\/moving-companies-jamaica\/","title":{"rendered":"2 Melhores empresas de mudan\u00e7as internacionais na Jamaica"},"content":{"rendered":"<p>Mudar sua casa ou empresa pode ser dif\u00edcil e causar muita press\u00e3o, especialmente se voc\u00ea estiver planejando uma mudan\u00e7a para o exterior, portanto, contratar um <a href=\"https:\/\/moverdb.com\/pt\/moving-companies\/\" data-internallinksmanager029f6b8e52c=\"79\" title=\"As 25 maiores empresas de mudan\u00e7as internacionais on-line\">empresa de mudan\u00e7as<\/a> pode realmente ajud\u00e1-lo. Abaixo, compilamos uma lista de empresas jamaicanas <a href=\"https:\/\/moverdb.com\/pt\/international-removals\/\" data-internallinksmanager029f6b8e52c=\"27\" title=\"36 melhores empresas de mudan\u00e7as internacionais no Reino Unido\">empresas de mudan\u00e7as<\/a> que s\u00e3o membros do <a href=\"https:\/\/moverdb.com\/pt\/iam\/\" data-internallinksmanager029f6b8e52c=\"23\" title=\"Associa\u00e7\u00e3o Internacional de Remotores (IAM) Explicado\">Associa\u00e7\u00e3o Internacional de Movers<\/a> (IAM) e\/ou <a href=\"https:\/\/moverdb.com\/pt\/fidi-faim\/\" data-internallinksmanager029f6b8e52c=\"16\" title=\"FIDI &amp; FAIM (FIDI Accredited International Mover) Explicado\">FIDI<\/a> Credenciado pela International Mover (FAIM), que poderia ajud\u00e1-lo com sua mudan\u00e7a.<\/p>\n<h2><strong>1. Aero International Shipping<\/strong><\/h2>\n<p><img loading=\"lazy\" decoding=\"async\" class=\"alignnone size-full wp-image-7656\" src=\"https:\/\/moverdb.com\/wp-content\/uploads\/Aero-International-Shipping-moving-company.png\" alt=\"Empresa de mudan\u00e7as Aero International Shipping\" width=\"1440\" height=\"686\" data-wp-pid=\"7656\" srcset=\"https:\/\/moverdb.com\/wp-content\/uploads\/Aero-International-Shipping-moving-company.png 1440w, https:\/\/moverdb.com\/wp-content\/uploads\/Aero-International-Shipping-moving-company-300x143.png 300w, https:\/\/moverdb.com\/wp-content\/uploads\/Aero-International-Shipping-moving-company-1024x488.png 1024w, https:\/\/moverdb.com\/wp-content\/uploads\/Aero-International-Shipping-moving-company-18x9.png 18w, https:\/\/moverdb.com\/wp-content\/uploads\/Aero-International-Shipping-moving-company-600x286.png 600w\" sizes=\"auto, (max-width: 1440px) 100vw, 1440px\" \/><\/p>\n<ul>\n<li><a href=\"https:\/\/moverdb.com\/pt\/container-shipping\/\" data-internallinksmanager029f6b8e52c=\"3\" title=\"Gr\u00e1fico de taxas de transporte internacional de cont\u00eaineres: Mar\u00e7o de 2026\">Transporte internacional<\/a><\/li>\n<li>Remessa dom\u00e9stica<\/li>\n<li>Transporte comercial<\/li>\n<li>Projetos especiais<\/li>\n<li>Embalagem para exporta\u00e7\u00e3o<\/li>\n<li>Carga terrestre, a\u00e9rea e mar\u00edtima<\/li>\n<li>Op\u00e7\u00f5es de consolida\u00e7\u00e3o<\/li>\n<li>Desembara\u00e7o aduaneiro<\/li>\n<li>Cobertura de seguro<\/li>\n<li>Instala\u00e7\u00f5es de armazenamento<\/li>\n<\/ul>\n<p>A Aero International Shipping \u00e9 uma empresa de transporte internacional e log\u00edstica que inclui o transporte de bens dom\u00e9sticos. A empresa foi fundada em 1974 e est\u00e1 sediada em Kingston. Trabalha com uma rede internacional de ag\u00eancias para prestar servi\u00e7os em todo o mundo. \u00c9 membro da IAM, com 49 anos de servi\u00e7o.<\/p>\n<p>A Aero International Shipping oferece servi\u00e7os de transporte de pequeno a grande porte. Eles fornecem suporte com embalagens de exporta\u00e7\u00e3o para garantir que seus pertences sejam embalados de forma segura para o transporte. Eles providenciar\u00e3o o transporte por terra, ar e mar com itiner\u00e1rios cuidadosamente escolhidos, desembara\u00e7o alfandeg\u00e1rio e cobertura de seguro. Eles oferecem op\u00e7\u00f5es de consolida\u00e7\u00e3o para transporte a\u00e9reo e mar\u00edtimo para reduzir os custos.<\/p>\n<p>Website: <a href=\"http:\/\/www.aerointel.com\/\" target=\"_blank\" rel=\"noopener\">http:\/\/www.aerointel.com\/<\/a><\/p>\n<h2><strong>2. B.L. Williams<\/strong><\/h2>\n<p><img loading=\"lazy\" decoding=\"async\" class=\"alignnone size-full wp-image-7675\" src=\"https:\/\/moverdb.com\/wp-content\/uploads\/Bliss-Moving-international-moving-company.png\" alt=\"Empresa de mudan\u00e7as internacionais BL Williams\" width=\"1440\" height=\"684\" data-wp-pid=\"7675\" srcset=\"https:\/\/moverdb.com\/wp-content\/uploads\/Bliss-Moving-international-moving-company.png 1440w, https:\/\/moverdb.com\/wp-content\/uploads\/Bliss-Moving-international-moving-company-300x143.png 300w, https:\/\/moverdb.com\/wp-content\/uploads\/Bliss-Moving-international-moving-company-1024x486.png 1024w, https:\/\/moverdb.com\/wp-content\/uploads\/Bliss-Moving-international-moving-company-18x9.png 18w, https:\/\/moverdb.com\/wp-content\/uploads\/Bliss-Moving-international-moving-company-600x285.png 600w\" sizes=\"auto, (max-width: 1440px) 100vw, 1440px\" \/><\/p>\n<ul>\n<li>Movimentos nacionais<\/li>\n<li>Movimentos internacionais<\/li>\n<li>Mudan\u00e7a de resid\u00eancia<\/li>\n<li>Servi\u00e7o porta-a-porta<\/li>\n<li>Servi\u00e7o de embalagem<\/li>\n<li>Carga mar\u00edtima e a\u00e9rea<\/li>\n<li>Servi\u00e7os de exporta\u00e7\u00e3o e importa\u00e7\u00e3o<\/li>\n<li>Servi\u00e7os de origem e destino<\/li>\n<li>Seguro de tr\u00e2nsito<\/li>\n<li>Instala\u00e7\u00f5es de armazenamento<\/li>\n<\/ul>\n<p>B.L. Williams \u00e9 um <a href=\"https:\/\/moverdb.com\/pt\/freight-forwarder\/\" data-internallinksmanager029f6b8e52c=\"17\" title=\"Freight Forwarder &amp; NVOCC International Cost &amp; Companies Guide\">agente de cargas<\/a> A empresa \u00e9 uma transportadora internacional fundada em 1924 e sediada em Kingston. Eles s\u00e3o apoiados por uma rede de agentes locais posicionados em todo o mundo. Eles s\u00e3o membros da IAM com 34 anos de servi\u00e7o.<\/p>\n<p>A B.L. Williams oferece uma pesquisa inicial para determinar suas necessidades e fazer um or\u00e7amento. Eles oferecem uma equipe dedicada para apoi\u00e1-lo durante toda a mudan\u00e7a com um servi\u00e7o de porta a porta. Eles oferecem um servi\u00e7o de embalagem que utiliza uma variedade de materiais para proteger seus pertences e encaixot\u00e1-los. Eles providenciar\u00e3o o transporte por frete mar\u00edtimo e a\u00e9reo, que inclui todos os servi\u00e7os de exporta\u00e7\u00e3o e importa\u00e7\u00e3o.<\/p>\n<p>Website: <a href=\"http:\/\/www.blwilliams.com\/\" target=\"_blank\" rel=\"noopener\">http:\/\/www.blwilliams.com\/<\/a><\/p>","protected":false},"excerpt":{"rendered":"<p>Moving your home or business can be difficult and add a lot of pressure especially if you are planning a move abroad, so employing a moving company can really assist you. Below we have compiled a list of Jamaican removal companies that are members of the International Association of Movers (IAM) and\/or FIDI Accredited International [&hellip;]<\/p>\n","protected":false},"author":4,"featured_media":0,"parent":190,"menu_order":0,"comment_status":"closed","ping_status":"closed","template":"","meta":{"_genesis_hide_title":false,"_genesis_hide_breadcrumbs":false,"_genesis_hide_singular_image":false,"_genesis_hide_footer_widgets":false,"_genesis_custom_body_class":"","_genesis_custom_post_class":"","_genesis_layout":"","footnotes":""},"class_list":{"0":"post-7781","1":"page","2":"type-page","3":"status-publish","5":"entry","6":"has-post-thumbnail"},"_links":{"self":[{"href":"https:\/\/moverdb.com\/pt\/wp-json\/wp\/v2\/pages\/7781","targetHints":{"allow":["GET"]}}],"collection":[{"href":"https:\/\/moverdb.com\/pt\/wp-json\/wp\/v2\/pages"}],"about":[{"href":"https:\/\/moverdb.com\/pt\/wp-json\/wp\/v2\/types\/page"}],"author":[{"embeddable":true,"href":"https:\/\/moverdb.com\/pt\/wp-json\/wp\/v2\/users\/4"}],"replies":[{"embeddable":true,"href":"https:\/\/moverdb.com\/pt\/wp-json\/wp\/v2\/comments?post=7781"}],"version-history":[{"count":1,"href":"https:\/\/moverdb.com\/pt\/wp-json\/wp\/v2\/pages\/7781\/revisions"}],"predecessor-version":[{"id":7782,"href":"https:\/\/moverdb.com\/pt\/wp-json\/wp\/v2\/pages\/7781\/revisions\/7782"}],"up":[{"embeddable":true,"href":"https:\/\/moverdb.com\/pt\/wp-json\/wp\/v2\/pages\/190"}],"wp:attachment":[{"href":"https:\/\/moverdb.com\/pt\/wp-json\/wp\/v2\/media?parent=7781"}],"curies":[{"name":"wp","href":"https:\/\/api.w.org\/{rel}","templated":true}]}}