{"id":7779,"date":"2023-04-27T14:57:32","date_gmt":"2023-04-27T14:57:32","guid":{"rendered":"https:\/\/moverdb.com\/?page_id=7779"},"modified":"2026-01-08T15:29:20","modified_gmt":"2026-01-08T15:29:20","slug":"moving-companies-israel","status":"publish","type":"page","link":"https:\/\/moverdb.com\/pt\/moving-companies\/moving-companies-israel\/","title":{"rendered":"6 melhores empresas de mudan\u00e7as internacionais em Israel"},"content":{"rendered":"<p>Mudar sua casa ou empresa pode ser estressante, portanto, contratar os servi\u00e7os de um <a href=\"https:\/\/moverdb.com\/pt\/moving-companies\/\" data-internallinksmanager029f6b8e52c=\"79\" title=\"As 25 maiores empresas de mudan\u00e7as internacionais on-line\">empresa de mudan\u00e7as<\/a> poderia reduzir a carga de trabalho e facilitar a mudan\u00e7a. Portanto, abaixo compilamos uma lista de <a href=\"https:\/\/moverdb.com\/pt\/moving-to-israel\/\" data-internallinksmanager029f6b8e52c=\"333\" title=\"Est\u00e1 se mudando para Israel? 2026 Custo de vida e dicas de realoca\u00e7\u00e3o\">Israel<\/a> sediada em <a href=\"https:\/\/moverdb.com\/pt\/international-removals\/\" data-internallinksmanager029f6b8e52c=\"27\" title=\"36 melhores empresas de mudan\u00e7as internacionais no Reino Unido\">empresas de mudan\u00e7as<\/a> que s\u00e3o membros do <a href=\"https:\/\/moverdb.com\/pt\/iam\/\" data-internallinksmanager029f6b8e52c=\"23\" title=\"Associa\u00e7\u00e3o Internacional de Remotores (IAM) Explicado\">Associa\u00e7\u00e3o Internacional de Movers<\/a> (IAM) e\/ou <a href=\"https:\/\/moverdb.com\/pt\/fidi-faim\/\" data-internallinksmanager029f6b8e52c=\"16\" title=\"FIDI &amp; FAIM (FIDI Accredited International Mover) Explicado\">FIDI<\/a> Accredited International Mover (FAIM) que pode ajud\u00e1-lo com sua mudan\u00e7a para, de ou dentro de Israel.<\/p>\n<div id=\"ez-toc-container\" class=\"ez-toc-v2_0_83 ez-toc-wrap-left counter-hierarchy ez-toc-counter ez-toc-transparent ez-toc-container-direction\">\n<div class=\"ez-toc-title-container\">\n<p class=\"ez-toc-title\" style=\"cursor:inherit\">Se\u00e7\u00f5es<\/p>\n<span class=\"ez-toc-title-toggle\"><a href=\"#\" class=\"ez-toc-pull-right ez-toc-btn ez-toc-btn-xs ez-toc-btn-default ez-toc-toggle\" aria-label=\"Alternar tabela de conte\u00fado\"><span class=\"ez-toc-js-icon-con\"><span class=\"\"><span class=\"eztoc-hide\" style=\"display:none;\">Alternar<\/span><span class=\"ez-toc-icon-toggle-span\"><svg style=\"fill: #999;color:#999\" xmlns=\"http:\/\/www.w3.org\/2000\/svg\" class=\"list-377408\" width=\"20px\" height=\"20px\" viewbox=\"0 0 24 24\" fill=\"none\"><path d=\"M6 6H4v2h2V6zm14 0H8v2h12V6zM4 11h2v2H4v-2zm16 0H8v2h12v-2zM4 16h2v2H4v-2zm16 0H8v2h12v-2z\" fill=\"currentColor\"><\/path><\/svg><svg style=\"fill: #999;color:#999\" class=\"arrow-unsorted-368013\" xmlns=\"http:\/\/www.w3.org\/2000\/svg\" width=\"10px\" height=\"10px\" viewbox=\"0 0 24 24\" version=\"1.2\" baseprofile=\"tiny\"><path d=\"M18.2 9.3l-6.2-6.3-6.2 6.3c-.2.2-.3.4-.3.7s.1.5.3.7c.2.2.4.3.7.3h11c.3 0 .5-.1.7-.3.2-.2.3-.5.3-.7s-.1-.5-.3-.7zM5.8 14.7l6.2 6.3 6.2-6.3c.2-.2.3-.5.3-.7s-.1-.5-.3-.7c-.2-.2-.4-.3-.7-.3h-11c-.3 0-.5.1-.7.3-.2.2-.3.5-.3.7s.1.5.3.7z\"\/><\/svg><\/span><\/span><\/span><\/a><\/span><\/div>\n<nav><ul class='ez-toc-list ez-toc-list-level-1 eztoc-toggle-hide-by-default' ><li class='ez-toc-page-1 ez-toc-heading-level-2'><a class=\"ez-toc-link ez-toc-heading-1\" href=\"https:\/\/moverdb.com\/pt\/moving-companies\/moving-companies-israel\/#1_Globus_Relocation\" >1. Realoca\u00e7\u00e3o do Globus<\/a><\/li><li class='ez-toc-page-1 ez-toc-heading-level-2'><a class=\"ez-toc-link ez-toc-heading-2\" href=\"https:\/\/moverdb.com\/pt\/moving-companies\/moving-companies-israel\/#2_Infinity_Pack_Ship\" >2. Infinity Pack &amp; Ship<\/a><\/li><li class='ez-toc-page-1 ez-toc-heading-level-2'><a class=\"ez-toc-link ez-toc-heading-3\" href=\"https:\/\/moverdb.com\/pt\/moving-companies\/moving-companies-israel\/#3_Ocean\" >3. Oceano<\/a><\/li><li class='ez-toc-page-1 ez-toc-heading-level-2'><a class=\"ez-toc-link ez-toc-heading-4\" href=\"https:\/\/moverdb.com\/pt\/moving-companies\/moving-companies-israel\/#4_Sonigo\" >4. Sonigo<\/a><\/li><li class='ez-toc-page-1 ez-toc-heading-level-2'><a class=\"ez-toc-link ez-toc-heading-5\" href=\"https:\/\/moverdb.com\/pt\/moving-companies\/moving-companies-israel\/#5_A_Univers_Transit\" >5. A. Tr\u00e2nsito universit\u00e1rio<\/a><\/li><li class='ez-toc-page-1 ez-toc-heading-level-2'><a class=\"ez-toc-link ez-toc-heading-6\" href=\"https:\/\/moverdb.com\/pt\/moving-companies\/moving-companies-israel\/#6_Teamnet\" >6. Teamnet<\/a><\/li><li class='ez-toc-page-1 ez-toc-heading-level-2'><a class=\"ez-toc-link ez-toc-heading-7\" href=\"https:\/\/moverdb.com\/pt\/moving-companies\/moving-companies-israel\/#Other_Useful_Guides_to_Israel\" >Outros guias \u00fateis para Israel<\/a><\/li><\/ul><\/nav><\/div>\n<h2><span class=\"ez-toc-section\" id=\"1_Globus_Relocation\"><\/span><strong>1. Realoca\u00e7\u00e3o do Globus<\/strong><span class=\"ez-toc-section-end\"><\/span><\/h2>\n<p><img loading=\"lazy\" decoding=\"async\" class=\"alignnone size-full wp-image-7699\" src=\"https:\/\/moverdb.com\/wp-content\/uploads\/Globus-Relocation-international-moving-company.png\" alt=\"Globus Relocation empresa de mudan\u00e7as internacionais\" width=\"1440\" height=\"681\" data-wp-pid=\"7699\" srcset=\"https:\/\/moverdb.com\/wp-content\/uploads\/Globus-Relocation-international-moving-company.png 1440w, https:\/\/moverdb.com\/wp-content\/uploads\/Globus-Relocation-international-moving-company-300x142.png 300w, https:\/\/moverdb.com\/wp-content\/uploads\/Globus-Relocation-international-moving-company-1024x484.png 1024w, https:\/\/moverdb.com\/wp-content\/uploads\/Globus-Relocation-international-moving-company-18x9.png 18w, https:\/\/moverdb.com\/wp-content\/uploads\/Globus-Relocation-international-moving-company-600x284.png 600w\" sizes=\"auto, (max-width: 1440px) 100vw, 1440px\" \/><\/p>\n<ul>\n<li>Movimentos internacionais<\/li>\n<li>Movimentos pessoais<\/li>\n<li>Movimentos comerciais<\/li>\n<li>Servi\u00e7os de reloca\u00e7\u00e3o<\/li>\n<li>Servi\u00e7o porta-a-porta<\/li>\n<li>Assist\u00eancia na embalagem<\/li>\n<li>Materiais de embalagem avan\u00e7ados e personalizados<\/li>\n<li>Transporte terrestre, mar\u00edtimo e a\u00e9reo<\/li>\n<li>Seguros<\/li>\n<li>Armazenamento seguro<\/li>\n<\/ul>\n<p>A Globus Relocation \u00e9 uma empresa internacional de embalagem e <a href=\"https:\/\/moverdb.com\/pt\/shipping-companies\/\" data-internallinksmanager029f6b8e52c=\"4\" title=\"As 10 maiores empresas de transporte mar\u00edtimo internacional de cont\u00eaineres\">empresa de navega\u00e7\u00e3o<\/a> fundada em 2014 e sediada em Ashdod. Eles s\u00e3o membros da IAM e credenciados pela FIDI. Essas associa\u00e7\u00f5es ou credenciamentos lhes d\u00e3o acesso a uma rede internacional de agentes.<\/p>\n<p>A Globus Relocation aloca um de seus especialistas para apoi\u00e1-lo durante toda a sua mudan\u00e7a. Eles fornecem um servi\u00e7o porta a porta que oferece materiais de embalagem avan\u00e7ados e solu\u00e7\u00f5es de embalagem personalizadas para atender a todos os itens. Eles organizam o transporte de seus pertences por terra, mar ou ar. Eles oferecem servi\u00e7os adicionais de realoca\u00e7\u00e3o que incluem vistos de trabalho, busca de casas e escolas, aluguel de m\u00f3veis, servi\u00e7os de chegada e servi\u00e7o de limpeza.<\/p>\n<p>Website: <a href=\"http:\/\/www.globus-relocation.com\" target=\"_blank\" rel=\"noopener\">http:\/\/www.globus-relocation.com<\/a><\/p>\n<h2><span class=\"ez-toc-section\" id=\"2_Infinity_Pack_Ship\"><\/span><strong>2. Infinity Pack &amp; Ship<\/strong><span class=\"ez-toc-section-end\"><\/span><\/h2>\n<p><img loading=\"lazy\" decoding=\"async\" class=\"alignnone size-full wp-image-7707\" src=\"https:\/\/moverdb.com\/wp-content\/uploads\/Infinity-Pack-Ship-international-moving-company.png\" alt=\"Empresa de mudan\u00e7as internacionais Infinity Pack &amp; Ship\" width=\"1440\" height=\"680\" data-wp-pid=\"7707\" srcset=\"https:\/\/moverdb.com\/wp-content\/uploads\/Infinity-Pack-Ship-international-moving-company.png 1440w, https:\/\/moverdb.com\/wp-content\/uploads\/Infinity-Pack-Ship-international-moving-company-300x142.png 300w, https:\/\/moverdb.com\/wp-content\/uploads\/Infinity-Pack-Ship-international-moving-company-1024x484.png 1024w, https:\/\/moverdb.com\/wp-content\/uploads\/Infinity-Pack-Ship-international-moving-company-18x9.png 18w, https:\/\/moverdb.com\/wp-content\/uploads\/Infinity-Pack-Ship-international-moving-company-600x283.png 600w\" sizes=\"auto, (max-width: 1440px) 100vw, 1440px\" \/><\/p>\n<ul>\n<li>Movimentos nacionais<\/li>\n<li>Movimentos internacionais<\/li>\n<li>Mudan\u00e7as residenciais<\/li>\n<li>Remessas comerciais<\/li>\n<li>De porta em porta ou de porta em porta<a href=\"https:\/\/moverdb.com\/pt\/top-49-container-ports\/\" data-internallinksmanager029f6b8e52c=\"80\" title=\"Os 49 maiores e mais movimentados portos de cont\u00eaineres em 2025\">porto<\/a> servi\u00e7o<\/li>\n<li>Assist\u00eancia na embalagem<\/li>\n<li>Servi\u00e7os rodovi\u00e1rios, mar\u00edtimos e a\u00e9reos<\/li>\n<li>Desembara\u00e7o aduaneiro<\/li>\n<li>Seguros<\/li>\n<li>Armazenamento de curto a longo prazo<\/li>\n<\/ul>\n<p>A Infinity Pack &amp; Ship \u00e9 uma empresa de realoca\u00e7\u00e3o e log\u00edstica fundada em 2005 em Jerusal\u00e9m. Eles trabalham com uma rede internacional de empresas de mudan\u00e7a e log\u00edstica para prestar seus servi\u00e7os. Eles s\u00e3o membros da IAM com 16 anos de servi\u00e7o.<\/p>\n<p>A Infinity Pack &amp; Ship oferece uma pesquisa gratuita em casa e cuida de toda a documenta\u00e7\u00e3o da sua mudan\u00e7a, incluindo o desembara\u00e7o aduaneiro. Eles fornecem uma equipe de embalagem profissional para embalar seus pertences com seguran\u00e7a. Eles oferecem uma variedade de op\u00e7\u00f5es de transporte, incluindo transporte rodovi\u00e1rio, como malas de ar fechadas, reboques e refrigera\u00e7\u00e3o, frete a\u00e9reo e frete mar\u00edtimo, como cargas completas ou menos que um cont\u00eainer.<\/p>\n<p>Website: <a href=\"http:\/\/infinitypack.co.il\" target=\"_blank\" rel=\"noopener\">http:\/\/infinitypack.co.il<\/a><\/p>\n<h2><span class=\"ez-toc-section\" id=\"3_Ocean\"><\/span><strong>3. <\/strong><strong>Oceano<\/strong><span class=\"ez-toc-section-end\"><\/span><\/h2>\n<p><img loading=\"lazy\" decoding=\"async\" class=\"alignnone size-full wp-image-7731\" src=\"https:\/\/moverdb.com\/wp-content\/uploads\/Ocean-international-moving-company.png\" alt=\"Empresa de mudan\u00e7as internacionais Ocean\" width=\"1440\" height=\"682\" data-wp-pid=\"7731\" srcset=\"https:\/\/moverdb.com\/wp-content\/uploads\/Ocean-international-moving-company.png 1440w, https:\/\/moverdb.com\/wp-content\/uploads\/Ocean-international-moving-company-300x142.png 300w, https:\/\/moverdb.com\/wp-content\/uploads\/Ocean-international-moving-company-1024x485.png 1024w, https:\/\/moverdb.com\/wp-content\/uploads\/Ocean-international-moving-company-18x9.png 18w, https:\/\/moverdb.com\/wp-content\/uploads\/Ocean-international-moving-company-600x284.png 600w\" sizes=\"auto, (max-width: 1440px) 100vw, 1440px\" \/><\/p>\n<ul>\n<li>Movimentos internacionais<\/li>\n<li>Mudan\u00e7as dom\u00e9sticas<\/li>\n<li>Servi\u00e7os de reloca\u00e7\u00e3o<\/li>\n<li>Gerente de clientes para dar suporte a voc\u00ea<\/li>\n<li>Servi\u00e7o de embalagem<\/li>\n<li>Transporte rodovi\u00e1rio, mar\u00edtimo e a\u00e9reo<\/li>\n<li>Desembara\u00e7o aduaneiro<\/li>\n<li>Rastreamento da remessa<\/li>\n<li>Credenciado pelo FIDI<\/li>\n<li>Servi\u00e7os de armazenamento global<\/li>\n<\/ul>\n<p>A Ocean \u00e9 uma empresa de mudan\u00e7as e realoca\u00e7\u00e3o sediada em Kibbutz Yakum. Eles trabalham com parceiros internacionais para fornecer servi\u00e7os de mudan\u00e7a e reloca\u00e7\u00e3o internacionalmente. Eles s\u00e3o membros da IAM, com 79 anos de servi\u00e7o, e s\u00e3o credenciados pela FIDI.<\/p>\n<p>A Ocean fornece um gerente de realoca\u00e7\u00e3o para apoi\u00e1-lo durante toda a mudan\u00e7a e para criar um plano de transporte. Eles fornecem um avaliador para avaliar suas necessidades e criar um plano do que deve ser transportado por via a\u00e9rea, mar\u00edtima ou na bagagem. Seus servi\u00e7os de realoca\u00e7\u00e3o incluem encontrar uma casa e escolas, servi\u00e7os de aclimata\u00e7\u00e3o, moradia tempor\u00e1ria, aluguel de m\u00f3veis, vistos de trabalho, aprendizado de idiomas e solu\u00e7\u00f5es de armazenamento.<\/p>\n<p>Website: <a href=\"http:\/\/www.ocean-il.co.il\" target=\"_blank\" rel=\"noopener\">http:\/\/www.ocean-il.co.il<\/a><\/p>\n<h2><span class=\"ez-toc-section\" id=\"4_Sonigo\"><\/span><strong>4. Sonigo<\/strong><span class=\"ez-toc-section-end\"><\/span><\/h2>\n<p><img loading=\"lazy\" decoding=\"async\" class=\"alignnone size-full wp-image-7750\" src=\"https:\/\/moverdb.com\/wp-content\/uploads\/Sonigo-international-moving-company.png\" alt=\"Empresa de mudan\u00e7as internacionais Sonigo\" width=\"1440\" height=\"679\" data-wp-pid=\"7750\" srcset=\"https:\/\/moverdb.com\/wp-content\/uploads\/Sonigo-international-moving-company.png 1440w, https:\/\/moverdb.com\/wp-content\/uploads\/Sonigo-international-moving-company-300x141.png 300w, https:\/\/moverdb.com\/wp-content\/uploads\/Sonigo-international-moving-company-1024x483.png 1024w, https:\/\/moverdb.com\/wp-content\/uploads\/Sonigo-international-moving-company-18x8.png 18w, https:\/\/moverdb.com\/wp-content\/uploads\/Sonigo-international-moving-company-600x283.png 600w\" sizes=\"auto, (max-width: 1440px) 100vw, 1440px\" \/><\/p>\n<ul>\n<li>Movimentos locais e nacionais<\/li>\n<li>Mudan\u00e7as e realoca\u00e7\u00f5es internacionais<\/li>\n<li>Mudan\u00e7as dom\u00e9sticas<\/li>\n<li>Movimentos comerciais<\/li>\n<li>Servi\u00e7o porta-a-porta<\/li>\n<li>Servi\u00e7o de embalagem<\/li>\n<li>Desembara\u00e7o aduaneiro<\/li>\n<li>Manuseio de belas artes<\/li>\n<li>Seguros<\/li>\n<li>Armazenamento de curto e longo prazo<\/li>\n<\/ul>\n<p>A Sonigo \u00e9 uma <a href=\"https:\/\/moverdb.com\/pt\/container-shipping\/\" data-internallinksmanager029f6b8e52c=\"3\" title=\"Gr\u00e1fico de taxas de transporte internacional de cont\u00eaineres: Maio de 2026\">transporte internacional<\/a> empresa sediada em Gan Yavne, em opera\u00e7\u00e3o desde 1986, que oferece servi\u00e7os de embalagem e remessa para uso dom\u00e9stico e comercial. A empresa conta com uma rede global de agentes de transporte internacional escolhidos a dedo para dar suporte. Eles s\u00e3o membros da IAM com 36 anos de servi\u00e7o e s\u00e3o credenciados pela FIDI.<\/p>\n<p>A Sonigo oferece servi\u00e7os de mudan\u00e7a e realoca\u00e7\u00e3o porta a porta que come\u00e7am com uma pesquisa em casa para avaliar os requisitos e fornecer uma cota\u00e7\u00e3o. Eles oferecem um servi\u00e7o profissional de embalagem, preenchimento da documenta\u00e7\u00e3o e organiza\u00e7\u00e3o do transporte. Seus servi\u00e7os de realoca\u00e7\u00e3o incluem vistos, consultoria tribut\u00e1ria, pesquisa de resid\u00eancias e escolas, aluguel de m\u00f3veis, servi\u00e7os de chegada, servi\u00e7os de orienta\u00e7\u00e3o e assist\u00eancia com servi\u00e7os p\u00fablicos.<\/p>\n<p>Website: <a href=\"http:\/\/www.sonigo.com\" target=\"_blank\" rel=\"noopener\">http:\/\/www.sonigo.com<\/a><\/p>\n<h2><span class=\"ez-toc-section\" id=\"5_A_Univers_Transit\"><\/span><strong>5. A. Tr\u00e2nsito universit\u00e1rio<\/strong><span class=\"ez-toc-section-end\"><\/span><\/h2>\n<p><img loading=\"lazy\" decoding=\"async\" class=\"alignnone size-full wp-image-7654\" src=\"https:\/\/moverdb.com\/wp-content\/uploads\/A-Univers-Transit-international-moving-company.png\" alt=\"Uma empresa de mudan\u00e7as internacionais Univers Transit\" width=\"1440\" height=\"691\" data-wp-pid=\"7654\" srcset=\"https:\/\/moverdb.com\/wp-content\/uploads\/A-Univers-Transit-international-moving-company.png 1440w, https:\/\/moverdb.com\/wp-content\/uploads\/A-Univers-Transit-international-moving-company-300x144.png 300w, https:\/\/moverdb.com\/wp-content\/uploads\/A-Univers-Transit-international-moving-company-1024x491.png 1024w, https:\/\/moverdb.com\/wp-content\/uploads\/A-Univers-Transit-international-moving-company-18x9.png 18w, https:\/\/moverdb.com\/wp-content\/uploads\/A-Univers-Transit-international-moving-company-600x288.png 600w\" sizes=\"auto, (max-width: 1440px) 100vw, 1440px\" \/><\/p>\n<ul>\n<li>Movimentos internacionais<\/li>\n<li>Mudan\u00e7as dom\u00e9sticas<\/li>\n<li>Movimentos comerciais<\/li>\n<li>Servi\u00e7os de reloca\u00e7\u00e3o<\/li>\n<li>Servi\u00e7o porta-a-porta<\/li>\n<li>Embalagem profissional<\/li>\n<li>Transporte a\u00e9reo e mar\u00edtimo<\/li>\n<li>Preenchimento da papelada<\/li>\n<li>Pesquisas em resid\u00eancias e escolas<\/li>\n<li>Armazenamento seguro<\/li>\n<\/ul>\n<p>A Univers Transit \u00e9 uma empresa de remessa, transporte e realoca\u00e7\u00e3o que tamb\u00e9m oferece solu\u00e7\u00f5es de embalagem e armazenamento, fundada no final da d\u00e9cada de 1980. A empresa tem escrit\u00f3rios em Tel Aviv, Ashdod e Haifa. Eles s\u00e3o membros da IAM com 28 anos de servi\u00e7o e s\u00e3o credenciados pela FIDI.<\/p>\n<p>A Univers Transit oferece servi\u00e7os de mudan\u00e7a e realoca\u00e7\u00e3o porta a porta que come\u00e7am com uma reuni\u00e3o de consulta para avaliar suas necessidades e criar um plano de mudan\u00e7a. Eles fornecem servi\u00e7os profissionais de embalagem e caixas apropriadas para seus pertences. Eles carregar\u00e3o cont\u00eaineres e caixas para transporte e os levar\u00e3o ao aeroporto ou porto para entrega.<\/p>\n<p>Website: <a href=\"http:\/\/www.univers-transit.co.il\" target=\"_blank\" rel=\"noopener\">http:\/\/www.univers-transit.co.il<\/a><\/p>\n<h2><span class=\"ez-toc-section\" id=\"6_Teamnet\"><\/span><strong>6. Teamnet<\/strong><span class=\"ez-toc-section-end\"><\/span><\/h2>\n<p><img loading=\"lazy\" decoding=\"async\" class=\"alignnone size-full wp-image-7752\" src=\"https:\/\/moverdb.com\/wp-content\/uploads\/Teamnet-international-moving-company.png\" alt=\"Empresa de mudan\u00e7as internacionais Teamnet\" width=\"1440\" height=\"685\" data-wp-pid=\"7752\" srcset=\"https:\/\/moverdb.com\/wp-content\/uploads\/Teamnet-international-moving-company.png 1440w, https:\/\/moverdb.com\/wp-content\/uploads\/Teamnet-international-moving-company-300x143.png 300w, https:\/\/moverdb.com\/wp-content\/uploads\/Teamnet-international-moving-company-1024x487.png 1024w, https:\/\/moverdb.com\/wp-content\/uploads\/Teamnet-international-moving-company-18x9.png 18w, https:\/\/moverdb.com\/wp-content\/uploads\/Teamnet-international-moving-company-600x285.png 600w\" sizes=\"auto, (max-width: 1440px) 100vw, 1440px\" \/><\/p>\n<ul>\n<li>Movimentos internacionais<\/li>\n<li>Movimentos pessoais<\/li>\n<li>Remessas comerciais<\/li>\n<li>Servi\u00e7os de reloca\u00e7\u00e3o<\/li>\n<li>Servi\u00e7o porta-a-porta<\/li>\n<li>Servi\u00e7os de embalagem<\/li>\n<li>Organiza\u00e7\u00e3o de remessa ou frete a\u00e9reo<\/li>\n<li>Formalidades alfandeg\u00e1rias<\/li>\n<li>Seguros<\/li>\n<li>Instala\u00e7\u00f5es de armazenamento<\/li>\n<\/ul>\n<p>A Teamnet \u00e9 uma empresa de mudan\u00e7as e realoca\u00e7\u00e3o sediada em Haifa. Oferece uma variedade de servi\u00e7os a pessoas f\u00edsicas e jur\u00eddicas que transportam mercadorias de ou para Israel. Eles trabalham com uma rede de agentes internacionais para prestar servi\u00e7os fora de Israel e s\u00e3o membros da IAM.<\/p>\n<p>A Teamnet oferece um servi\u00e7o de mudan\u00e7a e realoca\u00e7\u00e3o porta a porta para clientes que saem e chegam a Israel. Eles oferecem uma consultoria em casa para avaliar suas necessidades de mudan\u00e7a. Eles criar\u00e3o um plano detalhado e fornecer\u00e3o um servi\u00e7o de embalagem usando materiais de embalagem avan\u00e7ados adequados para transporte mar\u00edtimo ou a\u00e9reo. Eles cuidar\u00e3o das autoridades e das formalidades alfandeg\u00e1rias.<\/p>\n<p>Website: <a href=\"http:\/\/www.en.team-net.co.il\" target=\"_blank\" rel=\"noopener\">http:\/\/www.en.team-net.co.il<\/a><\/p>\n<h2><span class=\"ez-toc-section\" id=\"Other_Useful_Guides_to_Israel\"><\/span>Outros guias \u00fateis para Israel<span class=\"ez-toc-section-end\"><\/span><\/h2>\n<ul>\n<li> <a href=\"https:\/\/moverdb.com\/pt\/transporte-de-conteineres\/israel\/\">2024 Tarifas de remessa de cont\u00eaineres de frete mar\u00edtimo para e de Israel<\/a><\/li>\n<li> <a href=\"https:\/\/moverdb.com\/pt\/moving-to-israel\/\">Est\u00e1 se mudando para Israel? 2026 Custo de vida e dicas de realoca\u00e7\u00e3o<\/a><\/li>\n<li> <a href=\"https:\/\/moverdb.com\/pt\/moving-to-israel\/best-places-to-live-israel\/\">13 melhores lugares para se viver em Israel<\/a><\/li>\n<li> <a href=\"https:\/\/moverdb.com\/pt\/moving-to-israel\/living-in-israel\/\">21 segredos sobre morar em Israel que voc\u00ea deve saber antes de se mudar<\/a><\/li>\n<\/ul>","protected":false},"excerpt":{"rendered":"<p>Moving your home or business can be stressful so employing the services of a moving company could reduce the workload and ease the move. So below we have compiled a list of Israel based removal companies that are members of the International Association of Movers (IAM) and\/or FIDI Accredited International Mover (FAIM) who could assist [&hellip;]<\/p>\n","protected":false},"author":4,"featured_media":0,"parent":190,"menu_order":0,"comment_status":"closed","ping_status":"closed","template":"","meta":{"_genesis_hide_title":false,"_genesis_hide_breadcrumbs":false,"_genesis_hide_singular_image":false,"_genesis_hide_footer_widgets":false,"_genesis_custom_body_class":"","_genesis_custom_post_class":"","_genesis_layout":"","footnotes":""},"class_list":{"0":"post-7779","1":"page","2":"type-page","3":"status-publish","5":"entry","6":"has-post-thumbnail"},"_links":{"self":[{"href":"https:\/\/moverdb.com\/pt\/wp-json\/wp\/v2\/pages\/7779","targetHints":{"allow":["GET"]}}],"collection":[{"href":"https:\/\/moverdb.com\/pt\/wp-json\/wp\/v2\/pages"}],"about":[{"href":"https:\/\/moverdb.com\/pt\/wp-json\/wp\/v2\/types\/page"}],"author":[{"embeddable":true,"href":"https:\/\/moverdb.com\/pt\/wp-json\/wp\/v2\/users\/4"}],"replies":[{"embeddable":true,"href":"https:\/\/moverdb.com\/pt\/wp-json\/wp\/v2\/comments?post=7779"}],"version-history":[{"count":4,"href":"https:\/\/moverdb.com\/pt\/wp-json\/wp\/v2\/pages\/7779\/revisions"}],"predecessor-version":[{"id":17076,"href":"https:\/\/moverdb.com\/pt\/wp-json\/wp\/v2\/pages\/7779\/revisions\/17076"}],"up":[{"embeddable":true,"href":"https:\/\/moverdb.com\/pt\/wp-json\/wp\/v2\/pages\/190"}],"wp:attachment":[{"href":"https:\/\/moverdb.com\/pt\/wp-json\/wp\/v2\/media?parent=7779"}],"curies":[{"name":"wp","href":"https:\/\/api.w.org\/{rel}","templated":true}]}}