{"id":7764,"date":"2023-04-27T14:59:23","date_gmt":"2023-04-27T14:59:23","guid":{"rendered":"https:\/\/moverdb.com\/?page_id=7764"},"modified":"2026-01-08T15:23:45","modified_gmt":"2026-01-08T15:23:45","slug":"moving-companies-iraq","status":"publish","type":"page","link":"https:\/\/moverdb.com\/pt\/moving-companies\/moving-companies-iraq\/","title":{"rendered":"2 Melhores empresas de mudan\u00e7a internacional no Iraque"},"content":{"rendered":"<p>Mudar de casa ou de empresa nunca \u00e9 simples, portanto, obter assist\u00eancia pode ajudar muito, especialmente se estiver se mudando entre pa\u00edses. Se voc\u00ea estiver se mudando dentro, para ou do Iraque, compilamos uma lista de <a href=\"https:\/\/moverdb.com\/pt\/international-removals\/\" data-internallinksmanager029f6b8e52c=\"27\" title=\"36 melhores empresas de mudan\u00e7as internacionais no Reino Unido\">empresas de mudan\u00e7as<\/a> que s\u00e3o membros do <a href=\"https:\/\/moverdb.com\/pt\/iam\/\" data-internallinksmanager029f6b8e52c=\"23\" title=\"Associa\u00e7\u00e3o Internacional de Remotores (IAM) Explicado\">Associa\u00e7\u00e3o Internacional de Movers<\/a> (IAM) e\/ou <a href=\"https:\/\/moverdb.com\/pt\/fidi-faim\/\" data-internallinksmanager029f6b8e52c=\"16\" title=\"FIDI &amp; FAIM (FIDI Accredited International Mover) Explicado\">FIDI<\/a> Credenciado pela International Mover (FAIM), que poderia ajud\u00e1-lo com sua mudan\u00e7a.<\/p>\n<h2><strong>1. BCC Logistics<\/strong><\/h2>\n<p><img loading=\"lazy\" decoding=\"async\" class=\"alignnone size-full wp-image-7673\" src=\"https:\/\/moverdb.com\/wp-content\/uploads\/BCC-Logistics-international-moving-company.png\" alt=\"Empresa de mudan\u00e7as internacionais BCC Logistics\" width=\"1440\" height=\"634\" data-wp-pid=\"7673\" srcset=\"https:\/\/moverdb.com\/wp-content\/uploads\/BCC-Logistics-international-moving-company.png 1440w, https:\/\/moverdb.com\/wp-content\/uploads\/BCC-Logistics-international-moving-company-300x132.png 300w, https:\/\/moverdb.com\/wp-content\/uploads\/BCC-Logistics-international-moving-company-1024x451.png 1024w, https:\/\/moverdb.com\/wp-content\/uploads\/BCC-Logistics-international-moving-company-18x8.png 18w, https:\/\/moverdb.com\/wp-content\/uploads\/BCC-Logistics-international-moving-company-600x264.png 600w\" sizes=\"auto, (max-width: 1440px) 100vw, 1440px\" \/><\/p>\n<ul>\n<li>Movimentos nacionais<\/li>\n<li>Movimentos internacionais<\/li>\n<li>Mudan\u00e7as dom\u00e9sticas<\/li>\n<li>Mudan\u00e7as corporativas, diplom\u00e1ticas e militares<\/li>\n<li>Servi\u00e7o de mudan\u00e7a porta-a-porta<\/li>\n<li>Servi\u00e7o de embalagem<\/li>\n<li>Frete rodovi\u00e1rio, mar\u00edtimo e a\u00e9reo<\/li>\n<li>Desembara\u00e7o aduaneiro<\/li>\n<li>Manuseio de artes pl\u00e1sticas<\/li>\n<li>Instala\u00e7\u00f5es de armazenamento<\/li>\n<\/ul>\n<p>A BCC Logistics \u00e9 uma empresa global de agenciamento de cargas fundada em 1993 em <a href=\"https:\/\/moverdb.com\/pt\/moving-companies\/moving-companies-lebanon\/\" data-internallinksmanager029f6b8e52c=\"302\" title=\"7 melhores empresas de mudan\u00e7as internacionais no L\u00edbano\">L\u00edbano<\/a> com escrit\u00f3rios em <a href=\"https:\/\/moverdb.com\/pt\/moving-to-qatar\/\" data-internallinksmanager029f6b8e52c=\"334\" title=\"Est\u00e1 se mudando para o Catar? 2026 Custo de vida e dicas de realoca\u00e7\u00e3o\">Qatar<\/a>, Iraque e <a href=\"https:\/\/moverdb.com\/pt\/moving-to-saudi-arabia\/\" data-internallinksmanager029f6b8e52c=\"319\" title=\"Est\u00e1 se mudando para a Ar\u00e1bia Saudita? 2026 Custo de vida e dicas de realoca\u00e7\u00e3o\">Ar\u00e1bia Saudita<\/a>. O escrit\u00f3rio do Iraque em Erbil foi inaugurado em 2008. Eles t\u00eam uma rede internacional de agentes para apoiar seus esfor\u00e7os globais. Eles s\u00e3o membros da IAM com 15 anos de servi\u00e7o.<\/p>\n<p>A BCC Logistics oferece um servi\u00e7o de mudan\u00e7a porta a porta para mudan\u00e7as nacionais e internacionais. Eles oferecem um servi\u00e7o de embalagem que inclui remessas mar\u00edtimas em cont\u00eaineres, tri-wall para remessas a\u00e9reas e vans com elevador de madeira. Eles desembalam e montam os m\u00f3veis e removem todos os res\u00edduos da embalagem. Eles organizam o envio por terra, ar ou mar com formalidades alfandeg\u00e1rias.<\/p>\n<p>Website: <a href=\"http:\/\/www.bcclogistics.com\" target=\"_blank\" rel=\"noopener\">http:\/\/www.bcclogistics.com<\/a><\/p>\n<h2><strong>2. Paxton<\/strong><\/h2>\n<p><img loading=\"lazy\" decoding=\"async\" class=\"alignnone size-full wp-image-7736\" src=\"https:\/\/moverdb.com\/wp-content\/uploads\/Paxton-international-moving-company.png\" alt=\"Empresa de mudan\u00e7as internacionais de Paxton\" width=\"1440\" height=\"682\" data-wp-pid=\"7736\" srcset=\"https:\/\/moverdb.com\/wp-content\/uploads\/Paxton-international-moving-company.png 1440w, https:\/\/moverdb.com\/wp-content\/uploads\/Paxton-international-moving-company-300x142.png 300w, https:\/\/moverdb.com\/wp-content\/uploads\/Paxton-international-moving-company-1024x485.png 1024w, https:\/\/moverdb.com\/wp-content\/uploads\/Paxton-international-moving-company-18x9.png 18w, https:\/\/moverdb.com\/wp-content\/uploads\/Paxton-international-moving-company-600x284.png 600w\" sizes=\"auto, (max-width: 1440px) 100vw, 1440px\" \/><\/p>\n<ul>\n<li>Movimentos nacionais<\/li>\n<li>Movimentos internacionais<\/li>\n<li>Mudan\u00e7as dom\u00e9sticas<\/li>\n<li>Mudan\u00e7as de escrit\u00f3rios e industriais<\/li>\n<li>Servi\u00e7o porta-a-porta<\/li>\n<li>Servi\u00e7o de embalagem<\/li>\n<li>Arranjo de transporte<\/li>\n<li>Desembara\u00e7o aduaneiro<\/li>\n<li>Transporte de ve\u00edculos<\/li>\n<li>Instala\u00e7\u00f5es de armazenamento seguras<\/li>\n<\/ul>\n<p>A Paxton \u00e9 uma empresa de servi\u00e7os de gerenciamento de realoca\u00e7\u00e3o, informa\u00e7\u00f5es e log\u00edstica que atua local e globalmente. A empresa opera h\u00e1 mais de 60 anos e tem escrit\u00f3rios nos Estados Unidos, Paquist\u00e3o e Sud\u00e3o do Sul, <a href=\"https:\/\/moverdb.com\/pt\/moving-to-singapore\/\" data-internallinksmanager029f6b8e52c=\"68\" title=\"Mudando-se para Cingapura? 2026 Custos de Vida e Dicas de Reloca\u00e7\u00e3o\">Cingapura<\/a>A empresa tem escrit\u00f3rios em Bagd\u00e1 e Erbil, no Afeganist\u00e3o e no Iraque. Eles t\u00eam uma rede de parceiros selecionados para prestar servi\u00e7os internacionalmente e s\u00e3o membros da IAM.<\/p>\n<p>A Paxton oferece um servi\u00e7o de mudan\u00e7a porta a porta em n\u00edvel local, nacional e internacional. Eles oferecem um servi\u00e7o de embalagem para proteger seus pertences em tr\u00e2nsito ou uma op\u00e7\u00e3o do tipo \"fa\u00e7a voc\u00ea mesmo\". Eles oferecer\u00e3o op\u00e7\u00f5es de transporte que melhor atendam \u00e0s suas necessidades e ao seu or\u00e7amento, al\u00e9m de oferecerem suporte para libera\u00e7\u00e3o alfandeg\u00e1ria.<\/p>\n<p>Website: <a href=\"http:\/\/www.paxton.com\" target=\"_blank\" rel=\"noopener\">http:\/\/www.paxton.com<\/a><\/p>","protected":false},"excerpt":{"rendered":"<p>Moving home or your business is never straightforward so getting assistance can really help especially if you are moving between countries. If you moving within, to or from Iraq, we have compiled a list of removal companies that are members of the International Association of Movers (IAM) and\/or FIDI Accredited International Mover (FAIM) who could [&hellip;]<\/p>\n","protected":false},"author":4,"featured_media":0,"parent":190,"menu_order":0,"comment_status":"closed","ping_status":"closed","template":"","meta":{"_genesis_hide_title":false,"_genesis_hide_breadcrumbs":false,"_genesis_hide_singular_image":false,"_genesis_hide_footer_widgets":false,"_genesis_custom_body_class":"","_genesis_custom_post_class":"","_genesis_layout":"","footnotes":""},"class_list":{"0":"post-7764","1":"page","2":"type-page","3":"status-publish","5":"entry","6":"has-post-thumbnail"},"_links":{"self":[{"href":"https:\/\/moverdb.com\/pt\/wp-json\/wp\/v2\/pages\/7764","targetHints":{"allow":["GET"]}}],"collection":[{"href":"https:\/\/moverdb.com\/pt\/wp-json\/wp\/v2\/pages"}],"about":[{"href":"https:\/\/moverdb.com\/pt\/wp-json\/wp\/v2\/types\/page"}],"author":[{"embeddable":true,"href":"https:\/\/moverdb.com\/pt\/wp-json\/wp\/v2\/users\/4"}],"replies":[{"embeddable":true,"href":"https:\/\/moverdb.com\/pt\/wp-json\/wp\/v2\/comments?post=7764"}],"version-history":[{"count":1,"href":"https:\/\/moverdb.com\/pt\/wp-json\/wp\/v2\/pages\/7764\/revisions"}],"predecessor-version":[{"id":7765,"href":"https:\/\/moverdb.com\/pt\/wp-json\/wp\/v2\/pages\/7764\/revisions\/7765"}],"up":[{"embeddable":true,"href":"https:\/\/moverdb.com\/pt\/wp-json\/wp\/v2\/pages\/190"}],"wp:attachment":[{"href":"https:\/\/moverdb.com\/pt\/wp-json\/wp\/v2\/media?parent=7764"}],"curies":[{"name":"wp","href":"https:\/\/api.w.org\/{rel}","templated":true}]}}