{"id":7525,"date":"2023-02-01T14:03:46","date_gmt":"2023-02-01T14:03:46","guid":{"rendered":"https:\/\/moverdb.com\/?page_id=7525"},"modified":"2026-01-08T15:25:10","modified_gmt":"2026-01-08T15:25:10","slug":"move-companies-iran","status":"publish","type":"page","link":"https:\/\/moverdb.com\/pt\/moving-companies\/moving-companies-iran\/","title":{"rendered":"5 Melhores Empresas de Mudan\u00e7as Internacionais no Ir\u00e3"},"content":{"rendered":"<p>Voc\u00ea est\u00e1 planejando se mudar? Se voc\u00ea est\u00e1 se mudando para casa e\/ou neg\u00f3cios, voc\u00ea pode querer alguma ajuda para reduzir a press\u00e3o que \u00e9 onde um <a href=\"https:\/\/moverdb.com\/pt\/moving-companies\/\" data-internallinksmanager029f6b8e52c=\"79\" title=\"As 25 maiores empresas de mudan\u00e7as internacionais on-line\">empresa de mudan\u00e7as<\/a> pode ajudar. A seguir, compilamos uma lista de iranianos baseados em <a href=\"https:\/\/moverdb.com\/pt\/international-removals\/\" data-internallinksmanager029f6b8e52c=\"27\" title=\"36 melhores empresas de mudan\u00e7as internacionais no Reino Unido\">empresas de mudan\u00e7as<\/a> que s\u00e3o membros do <a href=\"https:\/\/moverdb.com\/pt\/iam\/\" data-internallinksmanager029f6b8e52c=\"23\" title=\"Associa\u00e7\u00e3o Internacional de Remotores (IAM) Explicado\">Associa\u00e7\u00e3o Internacional de Movers<\/a> (IAM) e\/ou <a href=\"https:\/\/moverdb.com\/pt\/fidi-faim\/\" data-internallinksmanager029f6b8e52c=\"16\" title=\"FIDI &amp; FAIM (FIDI Accredited International Mover) Explicado\">FIDI<\/a> Credenciado pela International Mover (FAIM) que poderia ajud\u00e1-lo em sua mudan\u00e7a.<\/p>\n<div id=\"ez-toc-container\" class=\"ez-toc-v2_0_82_2 ez-toc-wrap-left counter-hierarchy ez-toc-counter ez-toc-transparent ez-toc-container-direction\">\n<div class=\"ez-toc-title-container\">\n<p class=\"ez-toc-title\" style=\"cursor:inherit\">Se\u00e7\u00f5es<\/p>\n<span class=\"ez-toc-title-toggle\"><a href=\"#\" class=\"ez-toc-pull-right ez-toc-btn ez-toc-btn-xs ez-toc-btn-default ez-toc-toggle\" aria-label=\"Alternar tabela de conte\u00fado\"><span class=\"ez-toc-js-icon-con\"><span class=\"\"><span class=\"eztoc-hide\" style=\"display:none;\">Alternar<\/span><span class=\"ez-toc-icon-toggle-span\"><svg style=\"fill: #999;color:#999\" xmlns=\"http:\/\/www.w3.org\/2000\/svg\" class=\"list-377408\" width=\"20px\" height=\"20px\" viewbox=\"0 0 24 24\" fill=\"none\"><path d=\"M6 6H4v2h2V6zm14 0H8v2h12V6zM4 11h2v2H4v-2zm16 0H8v2h12v-2zM4 16h2v2H4v-2zm16 0H8v2h12v-2z\" fill=\"currentColor\"><\/path><\/svg><svg style=\"fill: #999;color:#999\" class=\"arrow-unsorted-368013\" xmlns=\"http:\/\/www.w3.org\/2000\/svg\" width=\"10px\" height=\"10px\" viewbox=\"0 0 24 24\" version=\"1.2\" baseprofile=\"tiny\"><path d=\"M18.2 9.3l-6.2-6.3-6.2 6.3c-.2.2-.3.4-.3.7s.1.5.3.7c.2.2.4.3.7.3h11c.3 0 .5-.1.7-.3.2-.2.3-.5.3-.7s-.1-.5-.3-.7zM5.8 14.7l6.2 6.3 6.2-6.3c.2-.2.3-.5.3-.7s-.1-.5-.3-.7c-.2-.2-.4-.3-.7-.3h-11c-.3 0-.5.1-.7.3-.2.2-.3.5-.3.7s.1.5.3.7z\"\/><\/svg><\/span><\/span><\/span><\/a><\/span><\/div>\n<nav><ul class='ez-toc-list ez-toc-list-level-1 eztoc-toggle-hide-by-default' ><li class='ez-toc-page-1 ez-toc-heading-level-2'><a class=\"ez-toc-link ez-toc-heading-1\" href=\"https:\/\/moverdb.com\/pt\/moving-companies\/moving-companies-iran\/#1_Barad_Air_Sea_Co\" >1. Barad Air &amp; Sea Co<\/a><\/li><li class='ez-toc-page-1 ez-toc-heading-level-2'><a class=\"ez-toc-link ez-toc-heading-2\" href=\"https:\/\/moverdb.com\/pt\/moving-companies\/moving-companies-iran\/#2_Kar_Kia_Co_Ltd\" >2. Kar Kia Co Ltd.<\/a><\/li><li class='ez-toc-page-1 ez-toc-heading-level-2'><a class=\"ez-toc-link ez-toc-heading-3\" href=\"https:\/\/moverdb.com\/pt\/moving-companies\/moving-companies-iran\/#3_Simorgh_Pack_Express\" >3. Simorgh Pack Express<\/a><\/li><li class='ez-toc-page-1 ez-toc-heading-level-2'><a class=\"ez-toc-link ez-toc-heading-4\" href=\"https:\/\/moverdb.com\/pt\/moving-companies\/moving-companies-iran\/#4_Simorgh_Pack\" >4. Pacote Simorgh<\/a><\/li><li class='ez-toc-page-1 ez-toc-heading-level-2'><a class=\"ez-toc-link ez-toc-heading-5\" href=\"https:\/\/moverdb.com\/pt\/moving-companies\/moving-companies-iran\/#5_Unipack\" >5. Unipack<\/a><\/li><\/ul><\/nav><\/div>\n<h2><span class=\"ez-toc-section\" id=\"1_Barad_Air_Sea_Co\"><\/span><strong>1. Barad Air &amp; Sea Co<\/strong><span class=\"ez-toc-section-end\"><\/span><\/h2>\n<p><img loading=\"lazy\" decoding=\"async\" class=\"alignnone size-full wp-image-7418\" src=\"https:\/\/moverdb.com\/wp-content\/uploads\/Barad-international-moving-company.png\" alt=\"Barad international moving company\" width=\"1440\" height=\"687\" data-wp-pid=\"7418\" srcset=\"https:\/\/moverdb.com\/wp-content\/uploads\/Barad-international-moving-company.png 1440w, https:\/\/moverdb.com\/wp-content\/uploads\/Barad-international-moving-company-300x143.png 300w, https:\/\/moverdb.com\/wp-content\/uploads\/Barad-international-moving-company-1024x489.png 1024w, https:\/\/moverdb.com\/wp-content\/uploads\/Barad-international-moving-company-18x9.png 18w, https:\/\/moverdb.com\/wp-content\/uploads\/Barad-international-moving-company-600x286.png 600w\" sizes=\"auto, (max-width: 1440px) 100vw, 1440px\" \/><\/p>\n<ul>\n<li>Movimentos nacionais<\/li>\n<li>Movimentos internacionais<\/li>\n<li>Mudan\u00e7as dom\u00e9sticas<\/li>\n<li>Mudan\u00e7as de escrit\u00f3rio<\/li>\n<li>Gerentes de conta dedicados<\/li>\n<li>Servi\u00e7o de embalagem profissional<\/li>\n<li>Transporte rodovi\u00e1rio, mar\u00edtimo e a\u00e9reo<\/li>\n<li>Desembara\u00e7o aduaneiro<\/li>\n<li>Transporte de obras de arte<\/li>\n<li>Armazenamento de curto a longo prazo<\/li>\n<\/ul>\n<p>A Barad \u00e9 uma empresa de caminh\u00f5es e log\u00edstica que oferece solu\u00e7\u00f5es de mudan\u00e7as no Ir\u00e3 e em mais de 150 pa\u00edses do mundo atrav\u00e9s de uma rede de parceiros de mudan\u00e7as. Eles tamb\u00e9m oferecem servi\u00e7os de agenciamento de cargas, servi\u00e7os de armazenagem e servi\u00e7os de desembara\u00e7o aduaneiro. Eles tamb\u00e9m s\u00e3o membros do IAM.<\/p>\n<p>A Barad fornece gerentes de conta dedicados a seus servi\u00e7os para auxiliar em suas necessidades de transporte. Eles oferecem um servi\u00e7o de movimenta\u00e7\u00e3o porta-a-porta que pode ser realizado por via rodovi\u00e1ria, mar\u00edtima ou a\u00e9rea e inclui o desembara\u00e7o aduaneiro. Eles oferecem um servi\u00e7o profissional de embalagem que inclui acondicionamento, desempacotamento e remo\u00e7\u00e3o de detritos. Eles atendem a objetos pessoais, excesso de bagagem, obras de arte, equipamentos de escrit\u00f3rio e embaixadas.<\/p>\n<p>Website: <a href=\"http:\/\/baradairsea.com\" target=\"_blank\" rel=\"noopener\">http:\/\/baradairsea.com<\/a><\/p>\n<h2><span class=\"ez-toc-section\" id=\"2_Kar_Kia_Co_Ltd\"><\/span><strong>2. Kar Kia Co Ltd.<\/strong><span class=\"ez-toc-section-end\"><\/span><\/h2>\n<p><img loading=\"lazy\" decoding=\"async\" class=\"alignnone size-full wp-image-7526\" src=\"https:\/\/moverdb.com\/wp-content\/uploads\/Kat-Kia-international-moving-company.png\" alt=\"Kat Kia empresa de mudan\u00e7as internacionais\" width=\"1440\" height=\"680\" data-wp-pid=\"7526\" srcset=\"https:\/\/moverdb.com\/wp-content\/uploads\/Kat-Kia-international-moving-company.png 1440w, https:\/\/moverdb.com\/wp-content\/uploads\/Kat-Kia-international-moving-company-300x142.png 300w, https:\/\/moverdb.com\/wp-content\/uploads\/Kat-Kia-international-moving-company-1024x484.png 1024w, https:\/\/moverdb.com\/wp-content\/uploads\/Kat-Kia-international-moving-company-18x9.png 18w, https:\/\/moverdb.com\/wp-content\/uploads\/Kat-Kia-international-moving-company-600x283.png 600w\" sizes=\"auto, (max-width: 1440px) 100vw, 1440px\" \/><\/p>\n<ul>\n<li>Movimentos nacionais<\/li>\n<li>Movimentos internacionais<\/li>\n<li>Mudan\u00e7as dom\u00e9sticas<\/li>\n<li>Servi\u00e7o porta-a-porta<\/li>\n<li>Servi\u00e7o de embalagem<\/li>\n<li>Transporte por terra, mar ou ar<\/li>\n<li>Desembara\u00e7o aduaneiro<\/li>\n<li>Transporte de belas artes<\/li>\n<li>Seguros<\/li>\n<li>Armazenamento<\/li>\n<\/ul>\n<p>Kar Kia \u00e9 uma empresa de mudan\u00e7as e armazenagem sediada em Teer\u00e3 que oferece solu\u00e7\u00f5es de mudan\u00e7as locais dentro de Teer\u00e3, em todo o Ir\u00e3 e mudan\u00e7as internacionais de e para o Ir\u00e3. Eles s\u00e3o apoiados por uma rede de agentes de mudan\u00e7as ao redor do mundo e s\u00e3o membros do IAM com 39 anos de servi\u00e7o.<\/p>\n<p>A Kar Kia oferece um servi\u00e7o porta-a-porta para mudan\u00e7as dom\u00e9sticas que inclui a embalagem segura de todos os seus pertences para o tr\u00e2nsito. Eles providenciar\u00e3o o transporte de seus pertences at\u00e9 seu destino por estrada, mar ou ar e ajudar\u00e3o no desembara\u00e7o aduaneiro de importa\u00e7\u00e3o e exporta\u00e7\u00e3o. Eles tamb\u00e9m oferecem servi\u00e7os adicionais que incluem a movimenta\u00e7\u00e3o de belas artes, seguro e armazenamento.<\/p>\n<p>Website: <a href=\"http:\/\/www.karkiamovers.com\" target=\"_blank\" rel=\"noopener\">http:\/\/www.karkiamovers.com<\/a><\/p>\n<h2><span class=\"ez-toc-section\" id=\"3_Simorgh_Pack_Express\"><\/span><strong>3. <\/strong><strong>Simorgh Pack Express<\/strong><span class=\"ez-toc-section-end\"><\/span><\/h2>\n<p><img loading=\"lazy\" decoding=\"async\" class=\"alignnone size-full wp-image-7486\" src=\"https:\/\/moverdb.com\/wp-content\/uploads\/Simorgh-Pack-Express-international-moving-company.png\" alt=\"Simorgh Pack Express empresa de mudan\u00e7as internacionais\" width=\"1440\" height=\"678\" data-wp-pid=\"7486\" srcset=\"https:\/\/moverdb.com\/wp-content\/uploads\/Simorgh-Pack-Express-international-moving-company.png 1440w, https:\/\/moverdb.com\/wp-content\/uploads\/Simorgh-Pack-Express-international-moving-company-300x141.png 300w, https:\/\/moverdb.com\/wp-content\/uploads\/Simorgh-Pack-Express-international-moving-company-1024x482.png 1024w, https:\/\/moverdb.com\/wp-content\/uploads\/Simorgh-Pack-Express-international-moving-company-18x8.png 18w, https:\/\/moverdb.com\/wp-content\/uploads\/Simorgh-Pack-Express-international-moving-company-600x283.png 600w\" sizes=\"auto, (max-width: 1440px) 100vw, 1440px\" \/><\/p>\n<ul>\n<li>Movimentos nacionais<\/li>\n<li>Movimentos internacionais<\/li>\n<li>Mudan\u00e7as dom\u00e9sticas<\/li>\n<li>Pesquisa em casa<\/li>\n<li>Servi\u00e7o de embalagem<\/li>\n<li>Transporte por mar, ar e terra<\/li>\n<li>Assist\u00eancia alfandeg\u00e1ria<\/li>\n<li>Transporte de ve\u00edculos<\/li>\n<li>Seguros<\/li>\n<li>Instala\u00e7\u00f5es de armazenamento<\/li>\n<\/ul>\n<p>A Simorgh Pack Express \u00e9 uma empresa de mudan\u00e7as sediada em Teer\u00e3. Eles t\u00eam uma rede mundial de associados para ajudar nas mudan\u00e7as internacionais em qualquer parte do mundo. Eles s\u00e3o membros do IAM com 31 anos de servi\u00e7o.<\/p>\n<p>O Simorgh Pack Express coordenar\u00e1 toda a sua mudan\u00e7a e assegurar\u00e1 que ela funcione sem problemas para voc\u00ea, quer voc\u00ea esteja se movendo localmente ou atrav\u00e9s do mundo. Eles fornecem pessoal treinado para embalar seus pertences com seguran\u00e7a para proteg\u00ea-los em tr\u00e2nsito, utilizando materiais de alta qualidade. Eles cuidar\u00e3o de sua remessa por terra, ar ou mar e garantir\u00e3o que eles encontrem a melhor solu\u00e7\u00e3o para suas necessidades e os menores custos.<\/p>\n<p>Website: <a href=\"http:\/\/www.simorghpackexpress.com\" target=\"_blank\" rel=\"noopener\">http:\/\/www.simorghpackexpress.com<\/a><\/p>\n<h2><span class=\"ez-toc-section\" id=\"4_Simorgh_Pack\"><\/span><strong>4. Pacote Simorgh<\/strong><span class=\"ez-toc-section-end\"><\/span><\/h2>\n<p><img loading=\"lazy\" decoding=\"async\" class=\"alignnone size-full wp-image-7487\" src=\"https:\/\/moverdb.com\/wp-content\/uploads\/Simorgh-Pack-international-moving-company.png\" alt=\"Simorgh Pack empresa de mudan\u00e7as internacionais\" width=\"1440\" height=\"680\" data-wp-pid=\"7487\" srcset=\"https:\/\/moverdb.com\/wp-content\/uploads\/Simorgh-Pack-international-moving-company.png 1440w, https:\/\/moverdb.com\/wp-content\/uploads\/Simorgh-Pack-international-moving-company-300x142.png 300w, https:\/\/moverdb.com\/wp-content\/uploads\/Simorgh-Pack-international-moving-company-1024x484.png 1024w, https:\/\/moverdb.com\/wp-content\/uploads\/Simorgh-Pack-international-moving-company-18x9.png 18w, https:\/\/moverdb.com\/wp-content\/uploads\/Simorgh-Pack-international-moving-company-600x283.png 600w\" sizes=\"auto, (max-width: 1440px) 100vw, 1440px\" \/><\/p>\n<ul>\n<li>Movimentos locais e nacionais<\/li>\n<li>Movimentos internacionais<\/li>\n<li>Mudan\u00e7as dom\u00e9sticas<\/li>\n<li>Movimentos comerciais<\/li>\n<li>Servi\u00e7o porta-a-porta<\/li>\n<li>Embalagem profissional<\/li>\n<li>Transporte por terra, ar ou mar<\/li>\n<li>Transporte de ve\u00edculos<\/li>\n<li>Seguros<\/li>\n<li>Instala\u00e7\u00f5es de armazenamento seguras<\/li>\n<\/ul>\n<p>Simorgh Pack \u00e9 uma empresa global de realoca\u00e7\u00e3o que tem ajudado as pessoas a se mudarem desde 1992 e est\u00e1 sediada em Teer\u00e3. Eles t\u00eam uma rede mundial de agentes de transporte e mudan\u00e7a e especialistas que os ap\u00f3iam. Eles s\u00e3o membros do IAM com 31 anos de servi\u00e7o.<\/p>\n<p>Simorgh Pack oferece um Coordenador de Mudan\u00e7as dedicado que o apoiar\u00e1 em todas as etapas do caminho. Ele come\u00e7a com uma pesquisa inicial para avaliar suas necessidades, ent\u00e3o eles encontrar\u00e3o as melhores rotas aos pre\u00e7os certos. Seus empacotadores profissionais embalar\u00e3o seus pertences para o transporte por terra, ar ou mar com um invent\u00e1rio detalhado.<\/p>\n<p>Website: <a href=\"http:\/\/www.simorghpack.com\" target=\"_blank\" rel=\"noopener\">http:\/\/www.simorghpack.com<\/a><\/p>\n<h2><span class=\"ez-toc-section\" id=\"5_Unipack\"><\/span><strong>5. Unipack<\/strong><span class=\"ez-toc-section-end\"><\/span><\/h2>\n<p><img loading=\"lazy\" decoding=\"async\" class=\"alignnone size-full wp-image-7494\" src=\"https:\/\/moverdb.com\/wp-content\/uploads\/Unipack-international-moving-company-1.png\" alt=\"Unipack empresa de mudan\u00e7as internacionais\" width=\"1440\" height=\"681\" data-wp-pid=\"7494\" srcset=\"https:\/\/moverdb.com\/wp-content\/uploads\/Unipack-international-moving-company-1.png 1440w, https:\/\/moverdb.com\/wp-content\/uploads\/Unipack-international-moving-company-1-300x142.png 300w, https:\/\/moverdb.com\/wp-content\/uploads\/Unipack-international-moving-company-1-1024x484.png 1024w, https:\/\/moverdb.com\/wp-content\/uploads\/Unipack-international-moving-company-1-18x9.png 18w, https:\/\/moverdb.com\/wp-content\/uploads\/Unipack-international-moving-company-1-600x284.png 600w\" sizes=\"auto, (max-width: 1440px) 100vw, 1440px\" \/><\/p>\n<ul>\n<li>Movimentos internacionais<\/li>\n<li>Mudan\u00e7as dom\u00e9sticas<\/li>\n<li>Mudan\u00e7as comerciais e de escrit\u00f3rio<\/li>\n<li>Servi\u00e7o porta-a-porta<\/li>\n<li>Servi\u00e7os de embalagem<\/li>\n<li>Formalidades alfandeg\u00e1rias<\/li>\n<li>Transporte terrestre, mar\u00edtimo e a\u00e9reo<\/li>\n<li>Transporte de animais<\/li>\n<li>Transporte de ve\u00edculos<\/li>\n<li>Instala\u00e7\u00f5es de armazenamento<\/li>\n<\/ul>\n<p>A Unipack \u00e9 uma empresa internacional de embalagem e expedi\u00e7\u00e3o sediada no Ir\u00e3, fundada em 1975. Eles trabalham com uma rede de parceiros internacionais selecionados de mudan\u00e7a e realoca\u00e7\u00e3o em todo o mundo para entregar mudan\u00e7as em qualquer lugar. Eles s\u00e3o membros do IAM com 49 anos de servi\u00e7o.<\/p>\n<p>A Unipack oferece uma ampla gama de servi\u00e7os de transporte, incluindo artigos dom\u00e9sticos, artigos de exposi\u00e7\u00e3o, artes pl\u00e1sticas, ve\u00edculos, animais de estima\u00e7\u00e3o, cad\u00e1veres e mudan\u00e7as de escrit\u00f3rio. Eles oferecem um servi\u00e7o porta a porta para movimentos que incluem embalagem segura de seus pertences e uso de caixas de madeira para artigos fr\u00e1geis. Eles providenciam o embarque por terra, ar e mar e tratam das formalidades alfandeg\u00e1rias.<\/p>\n<p>Website: <a href=\"http:\/\/www.unipack.ir\" target=\"_blank\" rel=\"noopener\">http:\/\/www.unipack.ir<\/a><\/p>","protected":false},"excerpt":{"rendered":"<p>Are you planning on moving? Whether you are moving home and\/or business, you might want some help to reduce the pressure which is where a moving company can help. Below we have compiled a list of Iran based removal companies that are members of the International Association of Movers (IAM) and\/or FIDI Accredited International Mover [&hellip;]<\/p>\n","protected":false},"author":4,"featured_media":0,"parent":190,"menu_order":0,"comment_status":"closed","ping_status":"closed","template":"","meta":{"_genesis_hide_title":false,"_genesis_hide_breadcrumbs":false,"_genesis_hide_singular_image":false,"_genesis_hide_footer_widgets":false,"_genesis_custom_body_class":"","_genesis_custom_post_class":"","_genesis_layout":"","footnotes":""},"class_list":{"0":"post-7525","1":"page","2":"type-page","3":"status-publish","5":"entry","6":"has-post-thumbnail"},"_links":{"self":[{"href":"https:\/\/moverdb.com\/pt\/wp-json\/wp\/v2\/pages\/7525","targetHints":{"allow":["GET"]}}],"collection":[{"href":"https:\/\/moverdb.com\/pt\/wp-json\/wp\/v2\/pages"}],"about":[{"href":"https:\/\/moverdb.com\/pt\/wp-json\/wp\/v2\/types\/page"}],"author":[{"embeddable":true,"href":"https:\/\/moverdb.com\/pt\/wp-json\/wp\/v2\/users\/4"}],"replies":[{"embeddable":true,"href":"https:\/\/moverdb.com\/pt\/wp-json\/wp\/v2\/comments?post=7525"}],"version-history":[{"count":1,"href":"https:\/\/moverdb.com\/pt\/wp-json\/wp\/v2\/pages\/7525\/revisions"}],"predecessor-version":[{"id":7527,"href":"https:\/\/moverdb.com\/pt\/wp-json\/wp\/v2\/pages\/7525\/revisions\/7527"}],"up":[{"embeddable":true,"href":"https:\/\/moverdb.com\/pt\/wp-json\/wp\/v2\/pages\/190"}],"wp:attachment":[{"href":"https:\/\/moverdb.com\/pt\/wp-json\/wp\/v2\/media?parent=7525"}],"curies":[{"name":"wp","href":"https:\/\/api.w.org\/{rel}","templated":true}]}}