{"id":7514,"date":"2023-02-01T14:00:27","date_gmt":"2023-02-01T14:00:27","guid":{"rendered":"https:\/\/moverdb.com\/?page_id=7514"},"modified":"2026-01-08T15:23:43","modified_gmt":"2026-01-08T15:23:43","slug":"move-companies-guinea","status":"publish","type":"page","link":"https:\/\/moverdb.com\/pt\/moving-companies\/moving-companies-guinea\/","title":{"rendered":"2 Melhores Empresas de Mudan\u00e7as Internacionais na Guin\u00e9"},"content":{"rendered":"<p>Quando voc\u00ea est\u00e1 planejando uma mudan\u00e7a, seja em sua casa ou escrit\u00f3rio, pode ser um momento estressante com muita log\u00edstica para gerenciar e papelada. \u00c9 aqui que se emprega um <a href=\"https:\/\/moverdb.com\/pt\/moving-companies\/\" data-internallinksmanager029f6b8e52c=\"79\" title=\"As 25 maiores empresas de mudan\u00e7as internacionais on-line\">empresa de mudan\u00e7as<\/a> pode ajudar a aliviar a carga. A seguir, compilamos uma lista de pa\u00edses baseados na Guin\u00e9 <a href=\"https:\/\/moverdb.com\/pt\/international-removals\/\" data-internallinksmanager029f6b8e52c=\"27\" title=\"36 melhores empresas de mudan\u00e7as internacionais no Reino Unido\">empresas de mudan\u00e7as<\/a> que s\u00e3o membros do <a href=\"https:\/\/moverdb.com\/pt\/iam\/\" data-internallinksmanager029f6b8e52c=\"23\" title=\"Associa\u00e7\u00e3o Internacional de Remotores (IAM) Explicado\">Associa\u00e7\u00e3o Internacional de Movers<\/a> (IAM) e\/ou <a href=\"https:\/\/moverdb.com\/pt\/fidi-faim\/\" data-internallinksmanager029f6b8e52c=\"16\" title=\"FIDI &amp; FAIM (FIDI Accredited International Mover) Explicado\">FIDI<\/a> Credenciado pela FAIM (International Mover) que poderia ajudar em sua mudan\u00e7a.<\/p>\n<h2><strong>1. Soguifret<\/strong><\/h2>\n<p><img loading=\"lazy\" decoding=\"async\" class=\"alignnone size-full wp-image-7489\" src=\"https:\/\/moverdb.com\/wp-content\/uploads\/Soguifret-international-moving-company.png\" alt=\"Soguifret empresa de mudan\u00e7as internacionais\" width=\"1440\" height=\"679\" data-wp-pid=\"7489\" srcset=\"https:\/\/moverdb.com\/wp-content\/uploads\/Soguifret-international-moving-company.png 1440w, https:\/\/moverdb.com\/wp-content\/uploads\/Soguifret-international-moving-company-300x141.png 300w, https:\/\/moverdb.com\/wp-content\/uploads\/Soguifret-international-moving-company-1024x483.png 1024w, https:\/\/moverdb.com\/wp-content\/uploads\/Soguifret-international-moving-company-18x8.png 18w, https:\/\/moverdb.com\/wp-content\/uploads\/Soguifret-international-moving-company-600x283.png 600w\" sizes=\"auto, (max-width: 1440px) 100vw, 1440px\" \/><\/p>\n<ul>\n<li>Movimentos nacionais<\/li>\n<li>Movimentos internacionais<\/li>\n<li>Mudan\u00e7as dom\u00e9sticas<\/li>\n<li>Mudan\u00e7as de escrit\u00f3rio<\/li>\n<li>Servi\u00e7o porta-a-porta<\/li>\n<li>Servi\u00e7o de embalagem<\/li>\n<li>Escolha de op\u00e7\u00f5es de recipientes<\/li>\n<li>Arranjo de transporte<\/li>\n<li>Desembara\u00e7o aduaneiro<\/li>\n<li>Redes internacionais<\/li>\n<\/ul>\n<p>A Soguifret \u00e9 uma empresa de mudan\u00e7as e de expedi\u00e7\u00e3o fundada em 1989 na Guin\u00e9. Faz parte da Organiza\u00e7\u00e3o Universal de Transporte de Mercadorias que cobre 120 pa\u00edses e \u00e9 membro do IAM com 34 anos de servi\u00e7o com cobertura em 170 pa\u00edses. Atrav\u00e9s de suas redes, eles trabalham com clientes de mudan\u00e7as internacionais.<\/p>\n<p>A Soguifret fornece servi\u00e7os de mudan\u00e7a porta-a-porta, nacional e internacional, para resid\u00eancias e escrit\u00f3rios. Eles atendem a uma variedade de pessoas, incluindo embaixadas e o Corpo da Paz. Eles oferecem uma escolha de op\u00e7\u00f5es de cont\u00eaineres que incluem menos do que cargas de cont\u00eaineres e cargas completas de cont\u00eaineres. Eles organizam o transporte de seus pertences e realizam o desembara\u00e7o aduaneiro.<\/p>\n<p>Website: <a href=\"http:\/\/www.soguifret.com\" target=\"_blank\" rel=\"noopener\">http:\/\/www.soguifret.com<\/a><\/p>\n<h2><strong>2. JVK<\/strong><\/h2>\n<p><img loading=\"lazy\" decoding=\"async\" class=\"alignnone size-full wp-image-7459\" src=\"https:\/\/moverdb.com\/wp-content\/uploads\/JVK-Guinea-international-moving-company.png\" alt=\"JVK Guin\u00e9 empresa de mudan\u00e7as internacionais\" width=\"1440\" height=\"680\" data-wp-pid=\"7459\" srcset=\"https:\/\/moverdb.com\/wp-content\/uploads\/JVK-Guinea-international-moving-company.png 1440w, https:\/\/moverdb.com\/wp-content\/uploads\/JVK-Guinea-international-moving-company-300x142.png 300w, https:\/\/moverdb.com\/wp-content\/uploads\/JVK-Guinea-international-moving-company-1024x484.png 1024w, https:\/\/moverdb.com\/wp-content\/uploads\/JVK-Guinea-international-moving-company-18x9.png 18w, https:\/\/moverdb.com\/wp-content\/uploads\/JVK-Guinea-international-moving-company-600x283.png 600w\" sizes=\"auto, (max-width: 1440px) 100vw, 1440px\" \/><\/p>\n<ul>\n<li>Movimentos nacionais<\/li>\n<li>Movimentos internacionais<\/li>\n<li>Servi\u00e7o de reloca\u00e7\u00e3o<\/li>\n<li>Mudan\u00e7as dom\u00e9sticas<\/li>\n<li>Mudan\u00e7as de escrit\u00f3rio<\/li>\n<li>Servi\u00e7o de embalagem<\/li>\n<li>Materiais de embalagem de alta qualidade<\/li>\n<li>Transporte rodovi\u00e1rio, mar\u00edtimo e a\u00e9reo<\/li>\n<li>Formalidades alfandeg\u00e1rias<\/li>\n<li>Instala\u00e7\u00f5es de armazenamento de curto a longo prazo<\/li>\n<\/ul>\n<p>A JVK \u00e9 uma empresa internacional de mudan\u00e7as e realoca\u00e7\u00e3o que possui uma rede de escrit\u00f3rios na \u00c1frica, \u00c1sia e Pac\u00edfico. Eles t\u00eam um escrit\u00f3rio em Conacri, Guin\u00e9, mas foram fundados em <a href=\"https:\/\/moverdb.com\/pt\/moving-to-thailand\/\" data-internallinksmanager029f6b8e52c=\"318\" title=\"Est\u00e1 se mudando para a Tail\u00e2ndia? 2026 Custo de vida e dicas de realoca\u00e7\u00e3o\">Tail\u00e2ndia<\/a> em 1979. Eles s\u00e3o membros da IAM e contam com uma rede de agentes de mudan\u00e7as internacionais para ajudar onde n\u00e3o t\u00eam cobertura.<\/p>\n<p>JVK oferece uma pesquisa pr\u00e9-movimento para avaliar suas necessidades de mudan\u00e7a, preparar uma proposta de mudan\u00e7a e planejar sua mudan\u00e7a. Eles oferecem um servi\u00e7o porta-a-porta que inclui a embalagem segura de seus pertences usando materiais de alta qualidade e caixas especiais para itens fr\u00e1geis. Eles providenciar\u00e3o o transporte por via rodovi\u00e1ria, mar\u00edtima ou a\u00e9rea e coordenar\u00e3o as formalidades alfandeg\u00e1rias.<\/p>\n<p>Website: <a href=\"http:\/\/www.jvkpacific.com\" target=\"_blank\" rel=\"noopener\">http:\/\/www.jvkpacific.com<\/a><\/p>","protected":false},"excerpt":{"rendered":"<p>When you are planning a move whether that is your home or office, it can be stressful time with a lot of logistics to manage and paperwork. This is where employing a moving company can help to ease the burden. Below we have compiled a list of Guinea based removal companies that are members of [&hellip;]<\/p>\n","protected":false},"author":4,"featured_media":0,"parent":190,"menu_order":0,"comment_status":"closed","ping_status":"closed","template":"","meta":{"_genesis_hide_title":false,"_genesis_hide_breadcrumbs":false,"_genesis_hide_singular_image":false,"_genesis_hide_footer_widgets":false,"_genesis_custom_body_class":"","_genesis_custom_post_class":"","_genesis_layout":"","footnotes":""},"class_list":{"0":"post-7514","1":"page","2":"type-page","3":"status-publish","5":"entry","6":"has-post-thumbnail"},"_links":{"self":[{"href":"https:\/\/moverdb.com\/pt\/wp-json\/wp\/v2\/pages\/7514","targetHints":{"allow":["GET"]}}],"collection":[{"href":"https:\/\/moverdb.com\/pt\/wp-json\/wp\/v2\/pages"}],"about":[{"href":"https:\/\/moverdb.com\/pt\/wp-json\/wp\/v2\/types\/page"}],"author":[{"embeddable":true,"href":"https:\/\/moverdb.com\/pt\/wp-json\/wp\/v2\/users\/4"}],"replies":[{"embeddable":true,"href":"https:\/\/moverdb.com\/pt\/wp-json\/wp\/v2\/comments?post=7514"}],"version-history":[{"count":1,"href":"https:\/\/moverdb.com\/pt\/wp-json\/wp\/v2\/pages\/7514\/revisions"}],"predecessor-version":[{"id":7515,"href":"https:\/\/moverdb.com\/pt\/wp-json\/wp\/v2\/pages\/7514\/revisions\/7515"}],"up":[{"embeddable":true,"href":"https:\/\/moverdb.com\/pt\/wp-json\/wp\/v2\/pages\/190"}],"wp:attachment":[{"href":"https:\/\/moverdb.com\/pt\/wp-json\/wp\/v2\/media?parent=7514"}],"curies":[{"name":"wp","href":"https:\/\/api.w.org\/{rel}","templated":true}]}}