{"id":7512,"date":"2023-02-01T13:59:57","date_gmt":"2023-02-01T13:59:57","guid":{"rendered":"https:\/\/moverdb.com\/?page_id=7512"},"modified":"2026-01-08T15:24:16","modified_gmt":"2026-01-08T15:24:16","slug":"mudancas-empresas-guatemala","status":"publish","type":"page","link":"https:\/\/moverdb.com\/pt\/moving-companies\/moving-companies-guatemala\/","title":{"rendered":"3 Melhores Empresas de Mudan\u00e7as Internacionais na Guatemala"},"content":{"rendered":"<p>Voc\u00ea est\u00e1 se mudando para ou da Guatemala, ou dentro da Guatemala? Ent\u00e3o voc\u00ea pode estar interessado nos servi\u00e7os de um <a href=\"https:\/\/moverdb.com\/pt\/moving-companies\/\" data-internallinksmanager029f6b8e52c=\"79\" title=\"As 25 maiores empresas de mudan\u00e7as internacionais on-line\">empresa de mudan\u00e7as<\/a> que podem auxiliar nas formalidades de embalagem, transporte e alf\u00e2ndega. A seguir, compilamos uma lista de empresas sediadas na Guatemala <a href=\"https:\/\/moverdb.com\/pt\/international-removals\/\" data-internallinksmanager029f6b8e52c=\"27\" title=\"36 melhores empresas de mudan\u00e7as internacionais no Reino Unido\">empresas de mudan\u00e7as<\/a> que s\u00e3o membros do <a href=\"https:\/\/moverdb.com\/pt\/iam\/\" data-internallinksmanager029f6b8e52c=\"23\" title=\"Associa\u00e7\u00e3o Internacional de Remotores (IAM) Explicado\">Associa\u00e7\u00e3o Internacional de Movers<\/a> (IAM) e\/ou <a href=\"https:\/\/moverdb.com\/pt\/fidi-faim\/\" data-internallinksmanager029f6b8e52c=\"16\" title=\"FIDI &amp; FAIM (FIDI Accredited International Mover) Explicado\">FIDI<\/a> Credenciado pela International Mover (FAIM) que poderia ajud\u00e1-lo em sua mudan\u00e7a.<\/p>\n<h2><strong>1. Brizmud<\/strong><\/h2>\n<p><img loading=\"lazy\" decoding=\"async\" class=\"alignnone size-full wp-image-7422\" src=\"https:\/\/moverdb.com\/wp-content\/uploads\/Brizmud-international-moving-company.png\" alt=\"Brizmud empresa de mudan\u00e7as internacionais\" width=\"1440\" height=\"686\" data-wp-pid=\"7422\" srcset=\"https:\/\/moverdb.com\/wp-content\/uploads\/Brizmud-international-moving-company.png 1440w, https:\/\/moverdb.com\/wp-content\/uploads\/Brizmud-international-moving-company-300x143.png 300w, https:\/\/moverdb.com\/wp-content\/uploads\/Brizmud-international-moving-company-1024x488.png 1024w, https:\/\/moverdb.com\/wp-content\/uploads\/Brizmud-international-moving-company-18x9.png 18w, https:\/\/moverdb.com\/wp-content\/uploads\/Brizmud-international-moving-company-600x286.png 600w\" sizes=\"auto, (max-width: 1440px) 100vw, 1440px\" \/><\/p>\n<ul>\n<li>Mudan\u00e7as nacionais<\/li>\n<li>Mudan\u00e7as internacionais<\/li>\n<li>Servi\u00e7os de reloca\u00e7\u00e3o<\/li>\n<li>Mudan\u00e7as dom\u00e9sticas<\/li>\n<li>Servi\u00e7os de embalagem<\/li>\n<li>Transporte rodovi\u00e1rio, mar\u00edtimo e a\u00e9reo<\/li>\n<li>Documentos alfandeg\u00e1rios<\/li>\n<li>Transporte de obras de arte<\/li>\n<li>Rede de agentes internacionais<\/li>\n<li>Instala\u00e7\u00f5es de armazenamento<\/li>\n<\/ul>\n<p>A Brizmud \u00e9 uma empresa de mudan\u00e7as local e internacional sediada na Guatemala. Eles fornecem servi\u00e7os de mudan\u00e7a e realoca\u00e7\u00e3o para resid\u00eancias. Eles possuem uma rede de fornecedores e agentes qualificados que lhes permite operar em outros pa\u00edses. Eles s\u00e3o membros do IAM com cinco anos de servi\u00e7o.<\/p>\n<p>A Brizmud oferece atendimento personalizado a seus clientes, o que inclui a personaliza\u00e7\u00e3o de sua oferta de mudan\u00e7a para atender \u00e0s necessidades dos clientes. Eles fornecem uma gama de servi\u00e7os de mudan\u00e7a que incluem embalagem segura de seus pertences, organiza\u00e7\u00e3o do tr\u00e2nsito rodovi\u00e1rio, mar\u00edtimo ou a\u00e9reo e fornecimento de apoio alfandeg\u00e1rio para completar a documenta\u00e7\u00e3o. Eles tamb\u00e9m oferecem instala\u00e7\u00f5es de armazenamento se voc\u00ea precisar deles.<\/p>\n<p>Website: <a href=\"https:\/\/brizmud.com\/\" target=\"_blank\" rel=\"noopener\">https:\/\/brizmud.com\/<\/a><\/p>\n<h2><strong>2. Intermud<\/strong><\/h2>\n<p><img loading=\"lazy\" decoding=\"async\" class=\"alignnone size-full wp-image-7457\" src=\"https:\/\/moverdb.com\/wp-content\/uploads\/Intermud-international-moving-company.png\" alt=\"Intermud empresa de mudan\u00e7as internacionais\" width=\"1440\" height=\"683\" data-wp-pid=\"7457\" srcset=\"https:\/\/moverdb.com\/wp-content\/uploads\/Intermud-international-moving-company.png 1440w, https:\/\/moverdb.com\/wp-content\/uploads\/Intermud-international-moving-company-300x142.png 300w, https:\/\/moverdb.com\/wp-content\/uploads\/Intermud-international-moving-company-1024x486.png 1024w, https:\/\/moverdb.com\/wp-content\/uploads\/Intermud-international-moving-company-18x9.png 18w, https:\/\/moverdb.com\/wp-content\/uploads\/Intermud-international-moving-company-600x285.png 600w\" sizes=\"auto, (max-width: 1440px) 100vw, 1440px\" \/><\/p>\n<ul>\n<li>Movimentos nacionais<\/li>\n<li>Movimentos internacionais<\/li>\n<li>Mudan\u00e7as residenciais<\/li>\n<li>Mudan\u00e7as de escrit\u00f3rio<\/li>\n<li>Conselhos sobre mudan\u00e7as<\/li>\n<li>Servi\u00e7os de embalagem<\/li>\n<li>Desmontagem e montagem de m\u00f3veis<\/li>\n<li>Transporte por terra, mar e ar<\/li>\n<li>Apoio alfandeg\u00e1rio<\/li>\n<li>Instala\u00e7\u00f5es de armazenamento<\/li>\n<\/ul>\n<p>A Intermud \u00e9 uma empresa de mudan\u00e7as e log\u00edstica que tem mais de 35 anos de experi\u00eancia em mudan\u00e7as de pessoas e est\u00e1 sediada na Guatemala. Eles s\u00e3o membros do IAM com 40 anos de servi\u00e7o e s\u00e3o credenciados pelo FIDI. Atrav\u00e9s de seus membros, eles podem acessar uma rede internacional de agentes de mudan\u00e7a para apoi\u00e1-los com mudan\u00e7as para o exterior.<\/p>\n<p>A Intermud oferece mudan\u00e7as tanto residenciais quanto de escrit\u00f3rios, tanto locais como internacionais. Para clientes residenciais, eles fornecem servi\u00e7os de embalagem e desempacotamento, aluguel tempor\u00e1rio de m\u00f3veis e instala\u00e7\u00f5es de armazenamento. Para mudan\u00e7as de escrit\u00f3rios, eles atendem desde pequenos escrit\u00f3rios at\u00e9 grandes edif\u00edcios que incluem servi\u00e7os de embalagem e desempacotamento, desmontagem e montagem de m\u00f3veis, e embalagem segura de equipamentos eletr\u00f4nicos.<\/p>\n<p>Website: <a href=\"http:\/\/www.intermud.com\" target=\"_blank\" rel=\"noopener\">http:\/\/www.intermud.com<\/a><\/p>\n<h2><strong>3. Swiss Global Movers<\/strong><\/h2>\n<p><img loading=\"lazy\" decoding=\"async\" class=\"alignnone size-full wp-image-7493\" src=\"https:\/\/moverdb.com\/wp-content\/uploads\/Swiss-Global-Movers-international-moving-company.png\" alt=\"Empresa su\u00ed\u00e7a de mudan\u00e7as internacionais Global Movers\" width=\"1440\" height=\"683\" data-wp-pid=\"7493\" srcset=\"https:\/\/moverdb.com\/wp-content\/uploads\/Swiss-Global-Movers-international-moving-company.png 1440w, https:\/\/moverdb.com\/wp-content\/uploads\/Swiss-Global-Movers-international-moving-company-300x142.png 300w, https:\/\/moverdb.com\/wp-content\/uploads\/Swiss-Global-Movers-international-moving-company-1024x486.png 1024w, https:\/\/moverdb.com\/wp-content\/uploads\/Swiss-Global-Movers-international-moving-company-18x9.png 18w, https:\/\/moverdb.com\/wp-content\/uploads\/Swiss-Global-Movers-international-moving-company-600x285.png 600w\" sizes=\"auto, (max-width: 1440px) 100vw, 1440px\" \/><\/p>\n<ul>\n<li>Mudan\u00e7as locais<\/li>\n<li>Movimentos internacionais<\/li>\n<li>Mudan\u00e7as dom\u00e9sticas<\/li>\n<li>Movimentos corporativos<\/li>\n<li>Solu\u00e7\u00f5es porta-a-porta<\/li>\n<li>Pessoal qualificado<\/li>\n<li>Servi\u00e7o de embalagem<\/li>\n<li>Arranjo de transporte<\/li>\n<li>Servi\u00e7os alfandeg\u00e1rios<\/li>\n<li>Instala\u00e7\u00f5es de armazenamento<\/li>\n<\/ul>\n<p>A Swiss Global Movers \u00e9 uma empresa de mudan\u00e7as e log\u00edstica sediada na Cidade da Guatemala, e tem mais de 20 anos de experi\u00eancia. Eles trabalham em parceria com outros para oferecer um servi\u00e7o abrangente com cobertura mundial. Eles s\u00e3o membros do IAM com 42 anos de servi\u00e7o.<\/p>\n<p>A Swiss Global Movers fornece pessoal qualificado para aconselh\u00e1-lo e ajud\u00e1-lo no planejamento de sua mudan\u00e7a. Eles fornecem um servi\u00e7o porta a porta que inclui servi\u00e7o de embalagem e desempacotamento e podem oferecer armazenagem provis\u00f3ria se necess\u00e1rio. Eles providenciar\u00e3o o transporte de seus pertences, incluindo o gerenciamento dos processos de importa\u00e7\u00e3o e exporta\u00e7\u00e3o com os servi\u00e7os alfandeg\u00e1rios.<\/p>\n<p>Website: <a href=\"https:\/\/swissglobalmovers.com.gt\/\" target=\"_blank\" rel=\"noopener\">https:\/\/swissglobalmovers.com.gt\/<\/a><\/p>","protected":false},"excerpt":{"rendered":"<p>Are you moving to or from, or within Guatemala? Then you might be interested in the services of a moving company that can assist with packing, transportation and customs formalities. Below we have compiled a list of Guatemala based removal companies that are members of the International Association of Movers (IAM) and\/or FIDI Accredited International [&hellip;]<\/p>\n","protected":false},"author":4,"featured_media":0,"parent":190,"menu_order":0,"comment_status":"closed","ping_status":"closed","template":"","meta":{"_genesis_hide_title":false,"_genesis_hide_breadcrumbs":false,"_genesis_hide_singular_image":false,"_genesis_hide_footer_widgets":false,"_genesis_custom_body_class":"","_genesis_custom_post_class":"","_genesis_layout":"","footnotes":""},"class_list":{"0":"post-7512","1":"page","2":"type-page","3":"status-publish","5":"entry","6":"has-post-thumbnail"},"_links":{"self":[{"href":"https:\/\/moverdb.com\/pt\/wp-json\/wp\/v2\/pages\/7512","targetHints":{"allow":["GET"]}}],"collection":[{"href":"https:\/\/moverdb.com\/pt\/wp-json\/wp\/v2\/pages"}],"about":[{"href":"https:\/\/moverdb.com\/pt\/wp-json\/wp\/v2\/types\/page"}],"author":[{"embeddable":true,"href":"https:\/\/moverdb.com\/pt\/wp-json\/wp\/v2\/users\/4"}],"replies":[{"embeddable":true,"href":"https:\/\/moverdb.com\/pt\/wp-json\/wp\/v2\/comments?post=7512"}],"version-history":[{"count":1,"href":"https:\/\/moverdb.com\/pt\/wp-json\/wp\/v2\/pages\/7512\/revisions"}],"predecessor-version":[{"id":7513,"href":"https:\/\/moverdb.com\/pt\/wp-json\/wp\/v2\/pages\/7512\/revisions\/7513"}],"up":[{"embeddable":true,"href":"https:\/\/moverdb.com\/pt\/wp-json\/wp\/v2\/pages\/190"}],"wp:attachment":[{"href":"https:\/\/moverdb.com\/pt\/wp-json\/wp\/v2\/media?parent=7512"}],"curies":[{"name":"wp","href":"https:\/\/api.w.org\/{rel}","templated":true}]}}