{"id":7508,"date":"2023-02-01T13:58:25","date_gmt":"2023-02-01T13:58:25","guid":{"rendered":"https:\/\/moverdb.com\/?page_id=7508"},"modified":"2026-01-08T15:23:42","modified_gmt":"2026-01-08T15:23:42","slug":"move-companies-ghana","status":"publish","type":"page","link":"https:\/\/moverdb.com\/pt\/moving-companies\/moving-companies-ghana\/","title":{"rendered":"2 Melhores Empresas de Mudan\u00e7as Internacionais em Gana"},"content":{"rendered":"<p>Voc\u00ea est\u00e1 planejando uma mudan\u00e7a, de ou para Gana? Ent\u00e3o voc\u00ea pode estar interessado em empregar os servi\u00e7os de um profissional <a href=\"https:\/\/moverdb.com\/pt\/moving-companies\/\" data-internallinksmanager029f6b8e52c=\"79\" title=\"As 25 maiores empresas de mudan\u00e7as internacionais on-line\">empresa de mudan\u00e7as<\/a> que podem ajudar na movimenta\u00e7\u00e3o de seus pertences e no manuseio da papelada. A seguir, compilamos uma lista de <a href=\"https:\/\/moverdb.com\/pt\/international-removals\/\" data-internallinksmanager029f6b8e52c=\"27\" title=\"36 melhores empresas de mudan\u00e7as internacionais no Reino Unido\">empresas de mudan\u00e7as<\/a> que s\u00e3o membros do <a href=\"https:\/\/moverdb.com\/pt\/iam\/\" data-internallinksmanager029f6b8e52c=\"23\" title=\"Associa\u00e7\u00e3o Internacional de Remotores (IAM) Explicado\">Associa\u00e7\u00e3o Internacional de Movers<\/a> (IAM) e\/ou <a href=\"https:\/\/moverdb.com\/pt\/fidi-faim\/\" data-internallinksmanager029f6b8e52c=\"16\" title=\"FIDI &amp; FAIM (FIDI Accredited International Mover) Explicado\">FIDI<\/a> Credenciado pela FAIM (International Mover) que poderia ajudar em sua mudan\u00e7a.<\/p>\n<h2><strong>1. Governantes mundiais<\/strong><\/h2>\n<p><img loading=\"lazy\" decoding=\"async\" class=\"alignnone size-full wp-image-7498\" src=\"https:\/\/moverdb.com\/wp-content\/uploads\/Worldwide-Movers-Ghana-international-moving-company.png\" alt=\"Empresa mundial de mudan\u00e7as internacionais de Gana\" width=\"1440\" height=\"675\" data-wp-pid=\"7498\" srcset=\"https:\/\/moverdb.com\/wp-content\/uploads\/Worldwide-Movers-Ghana-international-moving-company.png 1440w, https:\/\/moverdb.com\/wp-content\/uploads\/Worldwide-Movers-Ghana-international-moving-company-300x141.png 300w, https:\/\/moverdb.com\/wp-content\/uploads\/Worldwide-Movers-Ghana-international-moving-company-1024x480.png 1024w, https:\/\/moverdb.com\/wp-content\/uploads\/Worldwide-Movers-Ghana-international-moving-company-18x8.png 18w, https:\/\/moverdb.com\/wp-content\/uploads\/Worldwide-Movers-Ghana-international-moving-company-600x281.png 600w\" sizes=\"auto, (max-width: 1440px) 100vw, 1440px\" \/><\/p>\n<ul>\n<li>Movimentos nacionais<\/li>\n<li>Movimentos internacionais<\/li>\n<li>Mudan\u00e7as dom\u00e9sticas<\/li>\n<li>Mudan\u00e7as de escrit\u00f3rio<\/li>\n<li>Servi\u00e7o porta-a-porta<\/li>\n<li>Transporte rodovi\u00e1rio, mar\u00edtimo e a\u00e9reo<\/li>\n<li>Apoio \u00e0s formalidades alfandeg\u00e1rias<\/li>\n<li>Transporte de animais<\/li>\n<li>Servi\u00e7os de orienta\u00e7\u00e3o<\/li>\n<li>Instala\u00e7\u00f5es de armazenamento<\/li>\n<\/ul>\n<p>A Worldwide Movers \u00e9 uma empresa de mudan\u00e7as internacionais com escrit\u00f3rios em todo o mundo, incluindo um em Gana, estabelecido em 2013 em Accra. Eles t\u00eam o Padr\u00e3o Ouro da \u00c1frica para realoca\u00e7\u00e3o, al\u00e9m de ser um membro do IAM com 10 anos de servi\u00e7o.<\/p>\n<p>A Movers Worldwide oferece um servi\u00e7o porta a porta para mudan\u00e7as que come\u00e7a com uma pesquisa para estabelecer uma cota\u00e7\u00e3o. Eles podem organizar o transporte rodovi\u00e1rio, mar\u00edtimo ou a\u00e9reo e orient\u00e1-lo sobre os regulamentos e seguros aduaneiros. Eles tamb\u00e9m oferecem servi\u00e7os adicionais para ajud\u00e1-lo a se estabelecer, incluindo um servi\u00e7o de orienta\u00e7\u00e3o para se familiarizar com a \u00e1rea e apoiar na busca de acomoda\u00e7\u00f5es e escolas.<\/p>\n<p>Website: <a href=\"https:\/\/www.worldwidemoversafrica.com\/countries\/ghana\/\" target=\"_blank\" rel=\"noopener\">https:\/\/www.worldwidemoversafrica.com\/countries\/ghana\/<\/a><\/p>\n<h2><strong>2. Doxa no Mundo<\/strong><\/h2>\n<p><img loading=\"lazy\" decoding=\"async\" class=\"alignnone size-full wp-image-7436\" src=\"https:\/\/moverdb.com\/wp-content\/uploads\/Doxa-Worldwide-Movers-international-moving-company.png\" alt=\"Doxa Worldwide Movers empresa de mudan\u00e7as internacionais\" width=\"1440\" height=\"686\" data-wp-pid=\"7436\" srcset=\"https:\/\/moverdb.com\/wp-content\/uploads\/Doxa-Worldwide-Movers-international-moving-company.png 1440w, https:\/\/moverdb.com\/wp-content\/uploads\/Doxa-Worldwide-Movers-international-moving-company-300x143.png 300w, https:\/\/moverdb.com\/wp-content\/uploads\/Doxa-Worldwide-Movers-international-moving-company-1024x488.png 1024w, https:\/\/moverdb.com\/wp-content\/uploads\/Doxa-Worldwide-Movers-international-moving-company-18x9.png 18w, https:\/\/moverdb.com\/wp-content\/uploads\/Doxa-Worldwide-Movers-international-moving-company-600x286.png 600w\" sizes=\"auto, (max-width: 1440px) 100vw, 1440px\" \/><\/p>\n<ul>\n<li>Movimentos nacionais<\/li>\n<li>Movimentos internacionais<\/li>\n<li>Mudan\u00e7as residenciais<\/li>\n<li>Mudan\u00e7as corporativas<\/li>\n<li>Porta a porta ou <a href=\"https:\/\/moverdb.com\/pt\/top-49-container-ports\/\" data-internallinksmanager029f6b8e52c=\"80\" title=\"Os 49 maiores e mais movimentados portos de cont\u00eaineres em 2025\">porto<\/a>-servi\u00e7os portu\u00e1rios<\/li>\n<li>Servi\u00e7o de embalagem<\/li>\n<li>L\u00e2minas especiais ou caixas de madeira<\/li>\n<li>Transporte por terra, ar ou mar<\/li>\n<li>Desembara\u00e7o aduaneiro<\/li>\n<li>Instala\u00e7\u00f5es de armazenamento seguras<\/li>\n<\/ul>\n<p>Doxa Worldwide Movers \u00e9 uma empresa de agenciamento de cargas com sede em Gana que vem operando h\u00e1 20 anos. Eles s\u00e3o membros do IAM com 28 anos de servi\u00e7o e esta associa\u00e7\u00e3o lhes d\u00e1 acesso a uma ampla rede de agentes de mudan\u00e7as ao redor do mundo para ajud\u00e1-los.<\/p>\n<p>Doxa Worldwide Movers oferece a op\u00e7\u00e3o de um servi\u00e7o porta-a-porta ou um servi\u00e7o porta-a-porta. Eles fornecem um servi\u00e7o de embalagem de acordo com padr\u00f5es internacionais, utilizando uma gama de materiais de embalagem e folheados especiais ou caixas de madeira quando necess\u00e1rio para proteger seus pertences em tr\u00e2nsito. Eles oferecem uma op\u00e7\u00e3o de transporte por terra, mar ou ar e auxiliam no desembara\u00e7o aduaneiro.<\/p>\n<p>Website: <a href=\"https:\/\/doxaworldwidemovers.com\" target=\"_blank\" rel=\"noopener\">https:\/\/doxaworldwidemovers.com<\/a><\/p>","protected":false},"excerpt":{"rendered":"<p>Are you planning a move in, from or to Ghana? Then you might be interested in employing the services of a professional moving company that can assist with moving your belongings and handle the paperwork. Below we have compiled a list of Ghana based removal companies that are members of the International Association of Movers [&hellip;]<\/p>\n","protected":false},"author":4,"featured_media":0,"parent":190,"menu_order":0,"comment_status":"closed","ping_status":"closed","template":"","meta":{"_genesis_hide_title":false,"_genesis_hide_breadcrumbs":false,"_genesis_hide_singular_image":false,"_genesis_hide_footer_widgets":false,"_genesis_custom_body_class":"","_genesis_custom_post_class":"","_genesis_layout":"","footnotes":""},"class_list":{"0":"post-7508","1":"page","2":"type-page","3":"status-publish","5":"entry","6":"has-post-thumbnail"},"_links":{"self":[{"href":"https:\/\/moverdb.com\/pt\/wp-json\/wp\/v2\/pages\/7508","targetHints":{"allow":["GET"]}}],"collection":[{"href":"https:\/\/moverdb.com\/pt\/wp-json\/wp\/v2\/pages"}],"about":[{"href":"https:\/\/moverdb.com\/pt\/wp-json\/wp\/v2\/types\/page"}],"author":[{"embeddable":true,"href":"https:\/\/moverdb.com\/pt\/wp-json\/wp\/v2\/users\/4"}],"replies":[{"embeddable":true,"href":"https:\/\/moverdb.com\/pt\/wp-json\/wp\/v2\/comments?post=7508"}],"version-history":[{"count":1,"href":"https:\/\/moverdb.com\/pt\/wp-json\/wp\/v2\/pages\/7508\/revisions"}],"predecessor-version":[{"id":7509,"href":"https:\/\/moverdb.com\/pt\/wp-json\/wp\/v2\/pages\/7508\/revisions\/7509"}],"up":[{"embeddable":true,"href":"https:\/\/moverdb.com\/pt\/wp-json\/wp\/v2\/pages\/190"}],"wp:attachment":[{"href":"https:\/\/moverdb.com\/pt\/wp-json\/wp\/v2\/media?parent=7508"}],"curies":[{"name":"wp","href":"https:\/\/api.w.org\/{rel}","templated":true}]}}