{"id":6061,"date":"2023-02-01T13:50:00","date_gmt":"2023-02-01T13:50:00","guid":{"rendered":"https:\/\/moverdb.com\/?page_id=6061"},"modified":"2026-01-08T15:29:55","modified_gmt":"2026-01-08T15:29:55","slug":"move-companies-georgia","status":"publish","type":"page","link":"https:\/\/moverdb.com\/pt\/moving-companies\/moving-companies-georgia\/","title":{"rendered":"Melhores Empresas de Mudan\u00e7as Internacionais na Ge\u00f3rgia"},"content":{"rendered":"<p>Se estiver mudando sua casa ou empresa em <a href=\"https:\/\/moverdb.com\/pt\/moving-to-the-united-states\/moving-to-georgia\/\" data-internallinksmanager029f6b8e52c=\"402\" title=\"Mudan\u00e7a para o estado da Ge\u00f3rgia? 2026 Custo de vida e dicas de realoca\u00e7\u00e3o\">Ge\u00f3rgia<\/a>ou de ou para o estado da Ge\u00f3rgia, talvez voc\u00ea queira contratar os servi\u00e7os de uma empresa de mudan\u00e7as para ajud\u00e1-lo. Abaixo, compilamos uma lista de empresas do estado da Ge\u00f3rgia <a href=\"https:\/\/moverdb.com\/pt\/international-removals\/\" data-internallinksmanager029f6b8e52c=\"27\" title=\"36 melhores empresas de mudan\u00e7as internacionais no Reino Unido\">empresas de mudan\u00e7as<\/a> que s\u00e3o membros do <a href=\"https:\/\/moverdb.com\/pt\/iam\/\" data-internallinksmanager029f6b8e52c=\"23\" title=\"Associa\u00e7\u00e3o Internacional de Remotores (IAM) Explicado\">Associa\u00e7\u00e3o Internacional de Movers<\/a> (IAM) e\/ou <a href=\"https:\/\/moverdb.com\/pt\/fidi-faim\/\" data-internallinksmanager029f6b8e52c=\"16\" title=\"FIDI &amp; FAIM (FIDI Accredited International Mover) Explicado\">FIDI<\/a> Credenciado pela International Mover (FAIM) que poderia ajud\u00e1-lo em sua mudan\u00e7a.<\/p>\n<h2><strong>Gosselin<\/strong><\/h2>\n<p><img loading=\"lazy\" decoding=\"async\" class=\"alignnone size-full wp-image-6062\" src=\"https:\/\/moverdb.com\/wp-content\/uploads\/Gosselin-Georgia-international-moving-company.png\" alt=\"Gosselin Georgia empresa de mudan\u00e7as internacionais\" width=\"1440\" height=\"716\" data-wp-pid=\"6062\" srcset=\"https:\/\/moverdb.com\/wp-content\/uploads\/Gosselin-Georgia-international-moving-company.png 1440w, https:\/\/moverdb.com\/wp-content\/uploads\/Gosselin-Georgia-international-moving-company-300x149.png 300w, https:\/\/moverdb.com\/wp-content\/uploads\/Gosselin-Georgia-international-moving-company-1024x509.png 1024w, https:\/\/moverdb.com\/wp-content\/uploads\/Gosselin-Georgia-international-moving-company-18x9.png 18w, https:\/\/moverdb.com\/wp-content\/uploads\/Gosselin-Georgia-international-moving-company-600x298.png 600w\" sizes=\"auto, (max-width: 1440px) 100vw, 1440px\" \/><\/p>\n<ul>\n<li>Movimentos nacionais<\/li>\n<li>Movimentos internacionais<\/li>\n<li>Mudan\u00e7as dom\u00e9sticas<\/li>\n<li>Mudan\u00e7as de escrit\u00f3rio<\/li>\n<li>Servi\u00e7o de embalagem<\/li>\n<li>Transporte rodovi\u00e1rio, mar\u00edtimo e a\u00e9reo<\/li>\n<li>Belas artes em movimento<\/li>\n<li>Transporte de animais<\/li>\n<li>Transporte de ve\u00edculos<\/li>\n<li>Armazenamento de curto a longo prazo<\/li>\n<\/ul>\n<p>Gosselin \u00e9 um <a href=\"https:\/\/moverdb.com\/pt\/moving-companies\/\" data-internallinksmanager029f6b8e52c=\"79\" title=\"As 25 maiores empresas de mudan\u00e7as internacionais on-line\">empresa de mudan\u00e7as internacionais<\/a> que tem escrit\u00f3rios em toda a Europa e t\u00eam um escrit\u00f3rio na Ge\u00f3rgia h\u00e1 mais de 25 anos em Tbilisi. Eles t\u00eam uma rede internacional de agentes de mudan\u00e7a para apoi\u00e1-los com mudan\u00e7as em todo o mundo. Eles s\u00e3o membros do IAM com 27 anos de servi\u00e7o.<\/p>\n<p>Gosselin \u00e9 um agente de mudan\u00e7as internacional experiente que oferece mudan\u00e7as de e para a Ge\u00f3rgia e dentro da Ge\u00f3rgia. Eles oferecem um servi\u00e7o completo que inclui a embalagem segura de seus pertences para o tr\u00e2nsito por estrada, mar e ar. Eles tamb\u00e9m oferecem servi\u00e7os especializados para o transporte de artes pl\u00e1sticas, animais de estima\u00e7\u00e3o e ve\u00edculos.<\/p>\n<p>Website: <a href=\"https:\/\/gosselin-moving.com\/en\/moving-to-georgia\" target=\"_blank\" rel=\"noopener\">https:\/\/gosselin-moving.com\/en\/moving-to-georgia<\/a><\/p>","protected":false},"excerpt":{"rendered":"<p>If you are moving home or business in Georgia, or to or from Georgia you might want to engage the services of a removal company to assist you. Below we have compiled a list of Georgia based removal companies that are members of the International Association of Movers (IAM) and\/or FIDI Accredited International Mover (FAIM) [&hellip;]<\/p>\n","protected":false},"author":4,"featured_media":0,"parent":190,"menu_order":0,"comment_status":"closed","ping_status":"closed","template":"","meta":{"_genesis_hide_title":false,"_genesis_hide_breadcrumbs":false,"_genesis_hide_singular_image":false,"_genesis_hide_footer_widgets":false,"_genesis_custom_body_class":"","_genesis_custom_post_class":"","_genesis_layout":"","footnotes":""},"class_list":{"0":"post-6061","1":"page","2":"type-page","3":"status-publish","5":"entry","6":"has-post-thumbnail"},"_links":{"self":[{"href":"https:\/\/moverdb.com\/pt\/wp-json\/wp\/v2\/pages\/6061","targetHints":{"allow":["GET"]}}],"collection":[{"href":"https:\/\/moverdb.com\/pt\/wp-json\/wp\/v2\/pages"}],"about":[{"href":"https:\/\/moverdb.com\/pt\/wp-json\/wp\/v2\/types\/page"}],"author":[{"embeddable":true,"href":"https:\/\/moverdb.com\/pt\/wp-json\/wp\/v2\/users\/4"}],"replies":[{"embeddable":true,"href":"https:\/\/moverdb.com\/pt\/wp-json\/wp\/v2\/comments?post=6061"}],"version-history":[{"count":1,"href":"https:\/\/moverdb.com\/pt\/wp-json\/wp\/v2\/pages\/6061\/revisions"}],"predecessor-version":[{"id":6063,"href":"https:\/\/moverdb.com\/pt\/wp-json\/wp\/v2\/pages\/6061\/revisions\/6063"}],"up":[{"embeddable":true,"href":"https:\/\/moverdb.com\/pt\/wp-json\/wp\/v2\/pages\/190"}],"wp:attachment":[{"href":"https:\/\/moverdb.com\/pt\/wp-json\/wp\/v2\/media?parent=6061"}],"curies":[{"name":"wp","href":"https:\/\/api.w.org\/{rel}","templated":true}]}}