{"id":6051,"date":"2023-02-01T12:39:56","date_gmt":"2023-02-01T12:39:56","guid":{"rendered":"https:\/\/moverdb.com\/?page_id=6051"},"modified":"2026-01-08T15:24:43","modified_gmt":"2026-01-08T15:24:43","slug":"move-companies-finland","status":"publish","type":"page","link":"https:\/\/moverdb.com\/pt\/moving-companies\/moving-companies-finland\/","title":{"rendered":"4 Melhores Empresas de Mudan\u00e7as Internacionais na Finl\u00e2ndia"},"content":{"rendered":"<p>Mudar-se para casa ou para um estabelecimento comercial pode ser um momento estressante, pois h\u00e1 muito o que organizar, especialmente se voc\u00ea estiver se mudando para outro pa\u00eds. Portanto, contratar os servi\u00e7os de um <a href=\"https:\/\/moverdb.com\/pt\/moving-companies\/\" data-internallinksmanager029f6b8e52c=\"79\" title=\"As 25 maiores empresas de mudan\u00e7as internacionais on-line\">empresa de mudan\u00e7as<\/a> pode ajudar a aliviar a carga, pois eles podem fazer todos os arranjos para voc\u00ea e ajud\u00e1-lo a navegar atrav\u00e9s da papelada. A seguir, compilamos uma lista de <a href=\"https:\/\/moverdb.com\/pt\/international-removals\/\" data-internallinksmanager029f6b8e52c=\"27\" title=\"36 melhores empresas de mudan\u00e7as internacionais no Reino Unido\">empresas de mudan\u00e7as<\/a> baseado em <a href=\"https:\/\/moverdb.com\/pt\/moving-to-finland\/\" data-internallinksmanager029f6b8e52c=\"345\" title=\"Est\u00e1 se mudando para a Finl\u00e2ndia? 2026 Custo de vida e dicas de realoca\u00e7\u00e3o\">Finl\u00e2ndia<\/a> que s\u00e3o membros do <a href=\"https:\/\/moverdb.com\/pt\/iam\/\" data-internallinksmanager029f6b8e52c=\"23\" title=\"Associa\u00e7\u00e3o Internacional de Remotores (IAM) Explicado\">Associa\u00e7\u00e3o Internacional de Movers<\/a> (IAM) e\/ou <a href=\"https:\/\/moverdb.com\/pt\/fidi-faim\/\" data-internallinksmanager029f6b8e52c=\"16\" title=\"FIDI &amp; FAIM (FIDI Accredited International Mover) Explicado\">FIDI<\/a> Credenciado pela International Mover (FAIM), que poderia ajud\u00e1-lo com sua mudan\u00e7a.<\/p>\n<div id=\"ez-toc-container\" class=\"ez-toc-v2_0_83 ez-toc-wrap-left counter-hierarchy ez-toc-counter ez-toc-transparent ez-toc-container-direction\">\n<div class=\"ez-toc-title-container\">\n<p class=\"ez-toc-title\" style=\"cursor:inherit\">Se\u00e7\u00f5es<\/p>\n<span class=\"ez-toc-title-toggle\"><a href=\"#\" class=\"ez-toc-pull-right ez-toc-btn ez-toc-btn-xs ez-toc-btn-default ez-toc-toggle\" aria-label=\"Alternar tabela de conte\u00fado\"><span class=\"ez-toc-js-icon-con\"><span class=\"\"><span class=\"eztoc-hide\" style=\"display:none;\">Alternar<\/span><span class=\"ez-toc-icon-toggle-span\"><svg style=\"fill: #999;color:#999\" xmlns=\"http:\/\/www.w3.org\/2000\/svg\" class=\"list-377408\" width=\"20px\" height=\"20px\" viewbox=\"0 0 24 24\" fill=\"none\"><path d=\"M6 6H4v2h2V6zm14 0H8v2h12V6zM4 11h2v2H4v-2zm16 0H8v2h12v-2zM4 16h2v2H4v-2zm16 0H8v2h12v-2z\" fill=\"currentColor\"><\/path><\/svg><svg style=\"fill: #999;color:#999\" class=\"arrow-unsorted-368013\" xmlns=\"http:\/\/www.w3.org\/2000\/svg\" width=\"10px\" height=\"10px\" viewbox=\"0 0 24 24\" version=\"1.2\" baseprofile=\"tiny\"><path d=\"M18.2 9.3l-6.2-6.3-6.2 6.3c-.2.2-.3.4-.3.7s.1.5.3.7c.2.2.4.3.7.3h11c.3 0 .5-.1.7-.3.2-.2.3-.5.3-.7s-.1-.5-.3-.7zM5.8 14.7l6.2 6.3 6.2-6.3c.2-.2.3-.5.3-.7s-.1-.5-.3-.7c-.2-.2-.4-.3-.7-.3h-11c-.3 0-.5.1-.7.3-.2.2-.3.5-.3.7s.1.5.3.7z\"\/><\/svg><\/span><\/span><\/span><\/a><\/span><\/div>\n<nav><ul class='ez-toc-list ez-toc-list-level-1 eztoc-toggle-hide-by-default' ><li class='ez-toc-page-1 ez-toc-heading-level-2'><a class=\"ez-toc-link ez-toc-heading-1\" href=\"https:\/\/moverdb.com\/pt\/moving-companies\/moving-companies-finland\/#1_Travelcargo_International_Removals\" >1. Mudan\u00e7as Travelcargo Internacional<\/a><\/li><li class='ez-toc-page-1 ez-toc-heading-level-2'><a class=\"ez-toc-link ez-toc-heading-2\" href=\"https:\/\/moverdb.com\/pt\/moving-companies\/moving-companies-finland\/#2_Niemi_Services\" >2. Servi\u00e7os Niemi<\/a><\/li><li class='ez-toc-page-1 ez-toc-heading-level-2'><a class=\"ez-toc-link ez-toc-heading-3\" href=\"https:\/\/moverdb.com\/pt\/moving-companies\/moving-companies-finland\/#3_Pegasus_Moving\" >3. Pegasus Moving<\/a><\/li><li class='ez-toc-page-1 ez-toc-heading-level-2'><a class=\"ez-toc-link ez-toc-heading-4\" href=\"https:\/\/moverdb.com\/pt\/moving-companies\/moving-companies-finland\/#4_Victor_EK\" >4. Victor EK<\/a><\/li><li class='ez-toc-page-1 ez-toc-heading-level-2'><a class=\"ez-toc-link ez-toc-heading-5\" href=\"https:\/\/moverdb.com\/pt\/moving-companies\/moving-companies-finland\/#Other_Useful_Guides_to_Finland\" >Outros guias \u00fateis para a Finl\u00e2ndia<\/a><\/li><\/ul><\/nav><\/div>\n<h2><span class=\"ez-toc-section\" id=\"1_Travelcargo_International_Removals\"><\/span><strong>1. Mudan\u00e7as Travelcargo Internacional<\/strong><span class=\"ez-toc-section-end\"><\/span><\/h2>\n<p><img loading=\"lazy\" decoding=\"async\" class=\"alignnone size-full wp-image-6052\" src=\"https:\/\/moverdb.com\/wp-content\/uploads\/Travel-Cargo-international-moving-company.png\" alt=\"Empresa de mudan\u00e7as Travel Cargo International\" width=\"1440\" height=\"672\" data-wp-pid=\"6052\" srcset=\"https:\/\/moverdb.com\/wp-content\/uploads\/Travel-Cargo-international-moving-company.png 1440w, https:\/\/moverdb.com\/wp-content\/uploads\/Travel-Cargo-international-moving-company-300x140.png 300w, https:\/\/moverdb.com\/wp-content\/uploads\/Travel-Cargo-international-moving-company-1024x478.png 1024w, https:\/\/moverdb.com\/wp-content\/uploads\/Travel-Cargo-international-moving-company-18x8.png 18w, https:\/\/moverdb.com\/wp-content\/uploads\/Travel-Cargo-international-moving-company-600x280.png 600w\" sizes=\"auto, (max-width: 1440px) 100vw, 1440px\" \/><\/p>\n<ul>\n<li>Mudan\u00e7as internacionais<\/li>\n<li>Mudan\u00e7as dom\u00e9sticas<\/li>\n<li>Movimentos corporativos<\/li>\n<li>Servi\u00e7o porta-a-porta<\/li>\n<li>Servi\u00e7o de embalagem profissional<\/li>\n<li>Transporte rodovi\u00e1rio, a\u00e9reo e mar\u00edtimo<\/li>\n<li>Desembara\u00e7o aduaneiro<\/li>\n<li>Transporte de animais<\/li>\n<li>Servi\u00e7o de excesso de bagagem<\/li>\n<li>Feiras e eventos<\/li>\n<\/ul>\n<p>Travelcargo International Removals \u00e9 uma empresa de mudan\u00e7as e log\u00edstica sediada em Helsinki fundada em 2005. Eles s\u00e3o uma divis\u00e3o da ATC Global Solutions. Eles oferecem servi\u00e7os de mudan\u00e7as para mais de 180 pa\u00edses em todo o mundo atrav\u00e9s de parcerias com outros agentes de mudan\u00e7as internacionais. Eles s\u00e3o membros do IAM com 17 anos de servi\u00e7o e s\u00e3o credenciados pelo FIDI.<\/p>\n<p>Travelcargo oferece uma pesquisa pr\u00e9-movimento para avaliar suas necessidades e tomar provid\u00eancias para sua mudan\u00e7a com servi\u00e7o porta-a-porta. Eles fornecem empacotadores profissionais para embalar seus pertences com seguran\u00e7a usando materiais de embalagem de alta qualidade. Eles providenciam o transporte rodovi\u00e1rio, a\u00e9reo e mar\u00edtimo com libera\u00e7\u00e3o alfandeg\u00e1ria.<\/p>\n<p>Website: <a href=\"http:\/\/www.travelcargo.fi\" target=\"_blank\" rel=\"noopener\">http:\/\/www.travelcargo.fi<\/a><\/p>\n<h2><span class=\"ez-toc-section\" id=\"2_Niemi_Services\"><\/span><strong>2. Servi\u00e7os Niemi<\/strong><span class=\"ez-toc-section-end\"><\/span><\/h2>\n<p><img loading=\"lazy\" decoding=\"async\" class=\"alignnone size-full wp-image-5986\" src=\"https:\/\/moverdb.com\/wp-content\/uploads\/Niemi-Services-international-moving-company.png\" alt=\"Niemi Services empresa de mudan\u00e7as internacionais\" width=\"1440\" height=\"683\" data-wp-pid=\"5986\" srcset=\"https:\/\/moverdb.com\/wp-content\/uploads\/Niemi-Services-international-moving-company.png 1440w, https:\/\/moverdb.com\/wp-content\/uploads\/Niemi-Services-international-moving-company-300x142.png 300w, https:\/\/moverdb.com\/wp-content\/uploads\/Niemi-Services-international-moving-company-1024x486.png 1024w, https:\/\/moverdb.com\/wp-content\/uploads\/Niemi-Services-international-moving-company-18x9.png 18w, https:\/\/moverdb.com\/wp-content\/uploads\/Niemi-Services-international-moving-company-600x285.png 600w\" sizes=\"auto, (max-width: 1440px) 100vw, 1440px\" \/><\/p>\n<ul>\n<li>Movimentos nacionais<\/li>\n<li>Movimentos internacionais<\/li>\n<li>Mudan\u00e7as residenciais<\/li>\n<li>Movimentos corporativos<\/li>\n<li>Escolha do n\u00edvel de pacote m\u00f3vel<\/li>\n<li>Servi\u00e7os de embalagem<\/li>\n<li>Frete rodovi\u00e1rio, mar\u00edtimo e a\u00e9reo<\/li>\n<li>Desembara\u00e7o aduaneiro<\/li>\n<li>Seguros<\/li>\n<li>Instala\u00e7\u00f5es de armazenamento de curto a longo prazo<\/li>\n<\/ul>\n<p>Niemi Services \u00e9 uma empresa de remo\u00e7\u00e3o e log\u00edstica que tem centros operacionais em Helsinki, Jyvaskyla, Kuopio, <a href=\"https:\/\/www.niemi.fi\/en\/about_us\/offices\/niemi_lahti\" target=\"_blank\" rel=\"noopener\">Lahti<\/a>,&nbsp;<a href=\"https:\/\/www.niemi.fi\/en\/about_us\/offices\/niemi_oulu\" target=\"_blank\" rel=\"noopener\">Oulu<\/a>,&nbsp;<a href=\"https:\/\/www.niemi.fi\/en\/about_us\/offices\/niemi_tampere\" target=\"_blank\" rel=\"noopener\">Tampere<\/a>,&nbsp;<a href=\"https:\/\/www.niemi.fi\/en\/about_us\/offices\/niemi_turku\" target=\"_blank\" rel=\"noopener\">Turku<\/a>e&nbsp;<a href=\"https:\/\/www.niemi.fi\/en\/about_us\/offices\/niemi_vaasa\" target=\"_blank\" rel=\"noopener\">Vaasa<\/a>. Eles oferecem mudan\u00e7as em todo o mundo em parceria com agentes de mudan\u00e7as internacionais. Eles s\u00e3o membros do IAM com 41 anos de servi\u00e7o e s\u00e3o credenciados pelo FIDI.<\/p>\n<p>A Niemi Services oferece uma escolha de servi\u00e7os de mudan\u00e7a desde o aluguel de caixas m\u00f3veis at\u00e9 um servi\u00e7o completo de mudan\u00e7a. Eles oferecem uma avalia\u00e7\u00e3o gratuita e uma visita de planejamento para fazer os preparativos para sua mudan\u00e7a. Eles utilizam sua pr\u00f3pria frota de ve\u00edculos e tamb\u00e9m oferecem frete a\u00e9reo e mar\u00edtimo para um \u00fanico item a cont\u00eaineres completos.<\/p>\n<p>Website: <a href=\"http:\/\/www.niemi.fi\/en\" target=\"_blank\" rel=\"noopener\">http:\/\/www.niemi.fi\/en<\/a><\/p>\n<h2><span class=\"ez-toc-section\" id=\"3_Pegasus_Moving\"><\/span><strong>3. Pegasus Moving<\/strong><span class=\"ez-toc-section-end\"><\/span><\/h2>\n<p><img loading=\"lazy\" decoding=\"async\" class=\"alignnone size-full wp-image-5991\" src=\"https:\/\/moverdb.com\/wp-content\/uploads\/Pegasus-Moving-international-moving-company.png\" alt=\"Pegasus Moving International Moving Company\" width=\"1440\" height=\"682\" data-wp-pid=\"5991\" srcset=\"https:\/\/moverdb.com\/wp-content\/uploads\/Pegasus-Moving-international-moving-company.png 1440w, https:\/\/moverdb.com\/wp-content\/uploads\/Pegasus-Moving-international-moving-company-300x142.png 300w, https:\/\/moverdb.com\/wp-content\/uploads\/Pegasus-Moving-international-moving-company-1024x485.png 1024w, https:\/\/moverdb.com\/wp-content\/uploads\/Pegasus-Moving-international-moving-company-18x9.png 18w, https:\/\/moverdb.com\/wp-content\/uploads\/Pegasus-Moving-international-moving-company-600x284.png 600w\" sizes=\"auto, (max-width: 1440px) 100vw, 1440px\" \/><\/p>\n<ul>\n<li>Movimentos nacionais<\/li>\n<li>Movimentos internacionais<\/li>\n<li>Mudan\u00e7as dom\u00e9sticas<\/li>\n<li>Servi\u00e7os de reloca\u00e7\u00e3o<\/li>\n<li>Servi\u00e7os sob medida<\/li>\n<li>Servi\u00e7os de embalagem<\/li>\n<li>Caixas de embarque feitas sob medida<\/li>\n<li>Apoio alfandeg\u00e1rio<\/li>\n<li>Transporte de carros<\/li>\n<li>Armazenamento de curto a longo prazo<\/li>\n<\/ul>\n<p>A Pegasus Moving \u00e9 uma empresa de mudan\u00e7as e log\u00edstica que tem mais de 20 anos de experi\u00eancia e est\u00e1 sediada em Helsinque. Eles trabalham com outros agentes de mudan\u00e7as para realizar mudan\u00e7as internacionais. Eles s\u00e3o membros do IAM com 11 anos de servi\u00e7o.<\/p>\n<p>A Pegasus Moving oferece inspe\u00e7\u00f5es de movimenta\u00e7\u00e3o para estabelecer quais s\u00e3o suas exig\u00eancias e eles podem fornecer servi\u00e7os de embalagem para proteger seus pertences. Eles organizar\u00e3o todos os aspectos de sua mudan\u00e7a de acordo com suas necessidades e o ajudar\u00e3o com as exig\u00eancias da alf\u00e2ndega. Eles tamb\u00e9m oferecem servi\u00e7os adicionais, tais como limpeza final, remo\u00e7\u00e3o de res\u00edduos, reciclagem de m\u00f3veis velhos, instala\u00e7\u00e3o de aparelhos el\u00e9tricos e instala\u00e7\u00f5es de armazenamento.<\/p>\n<p>Website: <a href=\"http:\/\/www.pegasusmoving.fi\" target=\"_blank\" rel=\"noopener\">http:\/\/www.pegasusmoving.fi<\/a><\/p>\n<h2><span class=\"ez-toc-section\" id=\"4_Victor_EK\"><\/span><strong>4. Victor EK<\/strong><span class=\"ez-toc-section-end\"><\/span><\/h2>\n<p><img loading=\"lazy\" decoding=\"async\" class=\"alignnone size-full wp-image-6010\" src=\"https:\/\/moverdb.com\/wp-content\/uploads\/Victor-EK-international-moving-company.png\" alt=\"Victor EK empresa de mudan\u00e7as internacionais\" width=\"1440\" height=\"682\" data-wp-pid=\"6010\" srcset=\"https:\/\/moverdb.com\/wp-content\/uploads\/Victor-EK-international-moving-company.png 1440w, https:\/\/moverdb.com\/wp-content\/uploads\/Victor-EK-international-moving-company-300x142.png 300w, https:\/\/moverdb.com\/wp-content\/uploads\/Victor-EK-international-moving-company-1024x485.png 1024w, https:\/\/moverdb.com\/wp-content\/uploads\/Victor-EK-international-moving-company-18x9.png 18w, https:\/\/moverdb.com\/wp-content\/uploads\/Victor-EK-international-moving-company-600x284.png 600w\" sizes=\"auto, (max-width: 1440px) 100vw, 1440px\" \/><\/p>\n<ul>\n<li>Movimentos nacionais<\/li>\n<li>Movimentos internacionais<\/li>\n<li>Mudan\u00e7as dom\u00e9sticas<\/li>\n<li>Mudan\u00e7as da empresa<\/li>\n<li>Servi\u00e7o de embalagem<\/li>\n<li>Transporte terrestre, mar\u00edtimo e a\u00e9reo<\/li>\n<li>Desembara\u00e7o aduaneiro<\/li>\n<li>Seguros<\/li>\n<li>Transporte de carros<\/li>\n<li>Instala\u00e7\u00f5es de armazenamento<\/li>\n<\/ul>\n<p>Victor EK \u00e9 uma empresa familiar de navega\u00e7\u00e3o e log\u00edstica fundada em 1885 com escrit\u00f3rios em Helsinki, Tampere e Hanko. Eles t\u00eam relacionamentos de longo prazo com empresas de navega\u00e7\u00e3o e organiza\u00e7\u00f5es internacionais para prestar seus servi\u00e7os em todo o mundo. Eles s\u00e3o um membro da <a href=\"https:\/\/moverdb.com\/pt\/harmony-relocation-network\/\" data-internallinksmanager029f6b8e52c=\"20\" title=\"Harmony Relocation Network (HRN) Explicado\">Rede Harmony Relocation<\/a> ad IAM com 129 anos de servi\u00e7o e s\u00e3o credenciados pelo FIDI.<\/p>\n<p>Victor EK oferece uma inspe\u00e7\u00e3o de movimento livre para descobrir suas exig\u00eancias. Eles oferecem servi\u00e7os de embalagem se voc\u00ea precisar deles. Eles providenciar\u00e3o o transporte de seus pertences por terra, ar ou mar e ajudar\u00e3o no desembara\u00e7o aduaneiro e no seguro. Eles tamb\u00e9m oferecem servi\u00e7os de limpeza quando voc\u00ea sai de sua casa.<\/p>\n<p>Website: <a href=\"http:\/\/www.victorek.fi\" target=\"_blank\" rel=\"noopener\">http:\/\/www.victorek.fi<\/a><\/p>\n<h2><span class=\"ez-toc-section\" id=\"Other_Useful_Guides_to_Finland\"><\/span>Outros guias \u00fateis para a Finl\u00e2ndia<span class=\"ez-toc-section-end\"><\/span><\/h2>\n<ul>\n<li> <a href=\"https:\/\/moverdb.com\/pt\/moving-to-finland\/\">Est\u00e1 se mudando para a Finl\u00e2ndia? 2026 Custo de vida e dicas de realoca\u00e7\u00e3o<\/a><\/li>\n<li> <a href=\"https:\/\/moverdb.com\/pt\/moving-to-finland\/best-places-to-live-finland\/\">12 melhores lugares para se viver na Finl\u00e2ndia<\/a><\/li>\n<li> <a href=\"https:\/\/moverdb.com\/pt\/moving-to-finland\/living-in-finland\/\">21 segredos sobre morar na Finl\u00e2ndia que voc\u00ea deve saber antes de se mudar<\/a><\/li>\n<li> <a href=\"https:\/\/moverdb.com\/pt\/transporte-de-conteineres\/finlandia\/\">2024 Tarifas de remessa de cont\u00eaineres de frete mar\u00edtimo para e da Finl\u00e2ndia<\/a><\/li>\n<\/ul>","protected":false},"excerpt":{"rendered":"<p>Moving home or business premises can be a stressful time as there is so much to arrange, especially if you are moving to another country. So, engaging the services of a moving company can help lighten the load as they can make all the arrangements for you and assist you in navigating through the paperwork. [&hellip;]<\/p>\n","protected":false},"author":4,"featured_media":0,"parent":190,"menu_order":0,"comment_status":"closed","ping_status":"closed","template":"","meta":{"_genesis_hide_title":false,"_genesis_hide_breadcrumbs":false,"_genesis_hide_singular_image":false,"_genesis_hide_footer_widgets":false,"_genesis_custom_body_class":"","_genesis_custom_post_class":"","_genesis_layout":"","footnotes":""},"class_list":{"0":"post-6051","1":"page","2":"type-page","3":"status-publish","5":"entry","6":"has-post-thumbnail"},"_links":{"self":[{"href":"https:\/\/moverdb.com\/pt\/wp-json\/wp\/v2\/pages\/6051","targetHints":{"allow":["GET"]}}],"collection":[{"href":"https:\/\/moverdb.com\/pt\/wp-json\/wp\/v2\/pages"}],"about":[{"href":"https:\/\/moverdb.com\/pt\/wp-json\/wp\/v2\/types\/page"}],"author":[{"embeddable":true,"href":"https:\/\/moverdb.com\/pt\/wp-json\/wp\/v2\/users\/4"}],"replies":[{"embeddable":true,"href":"https:\/\/moverdb.com\/pt\/wp-json\/wp\/v2\/comments?post=6051"}],"version-history":[{"count":3,"href":"https:\/\/moverdb.com\/pt\/wp-json\/wp\/v2\/pages\/6051\/revisions"}],"predecessor-version":[{"id":16285,"href":"https:\/\/moverdb.com\/pt\/wp-json\/wp\/v2\/pages\/6051\/revisions\/16285"}],"up":[{"embeddable":true,"href":"https:\/\/moverdb.com\/pt\/wp-json\/wp\/v2\/pages\/190"}],"wp:attachment":[{"href":"https:\/\/moverdb.com\/pt\/wp-json\/wp\/v2\/media?parent=6051"}],"curies":[{"name":"wp","href":"https:\/\/api.w.org\/{rel}","templated":true}]}}