{"id":6046,"date":"2023-02-01T13:44:41","date_gmt":"2023-02-01T13:44:41","guid":{"rendered":"https:\/\/moverdb.com\/?page_id=6046"},"modified":"2026-01-08T15:25:06","modified_gmt":"2026-01-08T15:25:06","slug":"move-companies-ethiopia","status":"publish","type":"page","link":"https:\/\/moverdb.com\/pt\/moving-companies\/moving-companies-ethiopia\/","title":{"rendered":"5 Melhores Empresas de Mudan\u00e7as Internacionais na Eti\u00f3pia"},"content":{"rendered":"<p>A mudan\u00e7a \u00e9 um momento ocupado e estressante, especialmente se voc\u00ea estiver se mudando entre pa\u00edses, ent\u00e3o obter algum apoio de uma empresa de mudan\u00e7as pode ajudar. <a href=\"https:\/\/moverdb.com\/pt\/moving-companies\/\" data-internallinksmanager029f6b8e52c=\"79\" title=\"As 25 maiores empresas de mudan\u00e7as internacionais on-line\">Empresas de mudan\u00e7as<\/a> pode ajudar na navega\u00e7\u00e3o da papelada e na organiza\u00e7\u00e3o do transporte. A seguir, compilamos uma lista de <a href=\"https:\/\/moverdb.com\/pt\/international-removals\/\" data-internallinksmanager029f6b8e52c=\"27\" title=\"36 melhores empresas de mudan\u00e7as internacionais no Reino Unido\">empresas de mudan\u00e7as<\/a> que s\u00e3o membros do <a href=\"https:\/\/moverdb.com\/pt\/iam\/\" data-internallinksmanager029f6b8e52c=\"23\" title=\"Associa\u00e7\u00e3o Internacional de Remotores (IAM) Explicado\">Associa\u00e7\u00e3o Internacional de Movers<\/a> (IAM) e\/ou <a href=\"https:\/\/moverdb.com\/pt\/fidi-faim\/\" data-internallinksmanager029f6b8e52c=\"16\" title=\"FIDI &amp; FAIM (FIDI Accredited International Mover) Explicado\">FIDI<\/a> Credenciado pela International Mover (FAIM) que poderia ajud\u00e1-lo em sua mudan\u00e7a.<\/p>\n<div id=\"ez-toc-container\" class=\"ez-toc-v2_0_82_2 ez-toc-wrap-left counter-hierarchy ez-toc-counter ez-toc-transparent ez-toc-container-direction\">\n<div class=\"ez-toc-title-container\">\n<p class=\"ez-toc-title\" style=\"cursor:inherit\">Se\u00e7\u00f5es<\/p>\n<span class=\"ez-toc-title-toggle\"><a href=\"#\" class=\"ez-toc-pull-right ez-toc-btn ez-toc-btn-xs ez-toc-btn-default ez-toc-toggle\" aria-label=\"Alternar tabela de conte\u00fado\"><span class=\"ez-toc-js-icon-con\"><span class=\"\"><span class=\"eztoc-hide\" style=\"display:none;\">Alternar<\/span><span class=\"ez-toc-icon-toggle-span\"><svg style=\"fill: #999;color:#999\" xmlns=\"http:\/\/www.w3.org\/2000\/svg\" class=\"list-377408\" width=\"20px\" height=\"20px\" viewbox=\"0 0 24 24\" fill=\"none\"><path d=\"M6 6H4v2h2V6zm14 0H8v2h12V6zM4 11h2v2H4v-2zm16 0H8v2h12v-2zM4 16h2v2H4v-2zm16 0H8v2h12v-2z\" fill=\"currentColor\"><\/path><\/svg><svg style=\"fill: #999;color:#999\" class=\"arrow-unsorted-368013\" xmlns=\"http:\/\/www.w3.org\/2000\/svg\" width=\"10px\" height=\"10px\" viewbox=\"0 0 24 24\" version=\"1.2\" baseprofile=\"tiny\"><path d=\"M18.2 9.3l-6.2-6.3-6.2 6.3c-.2.2-.3.4-.3.7s.1.5.3.7c.2.2.4.3.7.3h11c.3 0 .5-.1.7-.3.2-.2.3-.5.3-.7s-.1-.5-.3-.7zM5.8 14.7l6.2 6.3 6.2-6.3c.2-.2.3-.5.3-.7s-.1-.5-.3-.7c-.2-.2-.4-.3-.7-.3h-11c-.3 0-.5.1-.7.3-.2.2-.3.5-.3.7s.1.5.3.7z\"\/><\/svg><\/span><\/span><\/span><\/a><\/span><\/div>\n<nav><ul class='ez-toc-list ez-toc-list-level-1 eztoc-toggle-hide-by-default' ><li class='ez-toc-page-1 ez-toc-heading-level-2'><a class=\"ez-toc-link ez-toc-heading-1\" href=\"https:\/\/moverdb.com\/pt\/moving-companies\/moving-companies-ethiopia\/#1_Melehk_Logistics\" >1. Melehk Log\u00edstica<\/a><\/li><li class='ez-toc-page-1 ez-toc-heading-level-2'><a class=\"ez-toc-link ez-toc-heading-2\" href=\"https:\/\/moverdb.com\/pt\/moving-companies\/moving-companies-ethiopia\/#2_Move_One\" >2. Move One<\/a><\/li><li class='ez-toc-page-1 ez-toc-heading-level-2'><a class=\"ez-toc-link ez-toc-heading-3\" href=\"https:\/\/moverdb.com\/pt\/moving-companies\/moving-companies-ethiopia\/#3_Panafric_Global\" >3. Panafric Global<\/a><\/li><li class='ez-toc-page-1 ez-toc-heading-level-2'><a class=\"ez-toc-link ez-toc-heading-4\" href=\"https:\/\/moverdb.com\/pt\/moving-companies\/moving-companies-ethiopia\/#4_Segon_Marill_Movers\" >4. Segon Marill Movers<\/a><\/li><li class='ez-toc-page-1 ez-toc-heading-level-2'><a class=\"ez-toc-link ez-toc-heading-5\" href=\"https:\/\/moverdb.com\/pt\/moving-companies\/moving-companies-ethiopia\/#5_Solomon_Zewdu_Shipping_and_Freight_Forwarding\" >5. Solomon Zewdu Shipping e Freight Forwarding<\/a><\/li><\/ul><\/nav><\/div>\n<h2><span class=\"ez-toc-section\" id=\"1_Melehk_Logistics\"><\/span><strong>1. Melehk Log\u00edstica<\/strong><span class=\"ez-toc-section-end\"><\/span><\/h2>\n<p><img loading=\"lazy\" decoding=\"async\" class=\"alignnone size-full wp-image-5971\" src=\"https:\/\/moverdb.com\/wp-content\/uploads\/Melehk-Logistics-international-moving-company.png\" alt=\"Melehk Logistics empresa de mudan\u00e7as internacionais\" width=\"1440\" height=\"674\" data-wp-pid=\"5971\" srcset=\"https:\/\/moverdb.com\/wp-content\/uploads\/Melehk-Logistics-international-moving-company.png 1440w, https:\/\/moverdb.com\/wp-content\/uploads\/Melehk-Logistics-international-moving-company-300x140.png 300w, https:\/\/moverdb.com\/wp-content\/uploads\/Melehk-Logistics-international-moving-company-1024x479.png 1024w, https:\/\/moverdb.com\/wp-content\/uploads\/Melehk-Logistics-international-moving-company-18x8.png 18w, https:\/\/moverdb.com\/wp-content\/uploads\/Melehk-Logistics-international-moving-company-600x281.png 600w\" sizes=\"auto, (max-width: 1440px) 100vw, 1440px\" \/><\/p>\n<ul>\n<li>Movimentos locais e nacionais<\/li>\n<li>Movimentos internacionais<\/li>\n<li>Mudan\u00e7as dom\u00e9sticas<\/li>\n<li>Servi\u00e7o personalizado e sob medida<\/li>\n<li>Coordenador dedicado de mudan\u00e7as<\/li>\n<li>Organize e administre todos os aspectos de sua mudan\u00e7a<\/li>\n<li>Frete rodovi\u00e1rio, mar\u00edtimo e a\u00e9reo<\/li>\n<li>Despachos aduaneiros<\/li>\n<li>Parcerias internacionais<\/li>\n<li>Instala\u00e7\u00f5es de armazenamento<\/li>\n<\/ul>\n<p>A Melehk Logistics \u00e9 uma empresa de agenciamento e log\u00edstica fundada em 2011 como Ginchi Trading que oferece servi\u00e7os de mudan\u00e7a dentro, para e da Eti\u00f3pia. Eles trabalham com uma rede internacional de mudan\u00e7as para fornecer servi\u00e7os de mudan\u00e7as em todo o mundo. Eles s\u00e3o membros do IAM com 9 anos de servi\u00e7o.<\/p>\n<p>A Melehk Logistics oferece relocaliza\u00e7\u00f5es dom\u00e9sticas internacionais em todo o mundo e fornece um coordenador de mudan\u00e7a dedicado. Eles oferecem servi\u00e7os personalizados e sob medida que organizam cada aspecto de sua mudan\u00e7a, gerenciando sua mudan\u00e7a de forma eficiente. Eles oferecem op\u00e7\u00f5es de frete que incluem transporte rodovi\u00e1rio, a\u00e9reo e mar\u00edtimo com suporte de despachos aduaneiros.<\/p>\n<p>Website: <a href=\"http:\/\/www.melehk.com\" target=\"_blank\" rel=\"noopener\">http:\/\/www.melehk.com<\/a><\/p>\n<h2><span class=\"ez-toc-section\" id=\"2_Move_One\"><\/span><strong>2. Move One<\/strong><span class=\"ez-toc-section-end\"><\/span><\/h2>\n<p><img loading=\"lazy\" decoding=\"async\" class=\"alignnone size-full wp-image-5974\" src=\"https:\/\/moverdb.com\/wp-content\/uploads\/Move-One-Ethiopia-international-moving-company.png\" alt=\"Move One Ethiopia international moving company\" width=\"1440\" height=\"667\" data-wp-pid=\"5974\" srcset=\"https:\/\/moverdb.com\/wp-content\/uploads\/Move-One-Ethiopia-international-moving-company.png 1440w, https:\/\/moverdb.com\/wp-content\/uploads\/Move-One-Ethiopia-international-moving-company-300x139.png 300w, https:\/\/moverdb.com\/wp-content\/uploads\/Move-One-Ethiopia-international-moving-company-1024x474.png 1024w, https:\/\/moverdb.com\/wp-content\/uploads\/Move-One-Ethiopia-international-moving-company-18x8.png 18w, https:\/\/moverdb.com\/wp-content\/uploads\/Move-One-Ethiopia-international-moving-company-600x278.png 600w\" sizes=\"auto, (max-width: 1440px) 100vw, 1440px\" \/><\/p>\n<ul>\n<li>Movimentos nacionais<\/li>\n<li>Movimentos internacionais<\/li>\n<li>Mudan\u00e7as dom\u00e9sticas<\/li>\n<li>Movimentos comerciais<\/li>\n<li>Servi\u00e7o de embalagem<\/li>\n<li>Carga terrestre, mar\u00edtima e a\u00e9rea<\/li>\n<li>Despachos aduaneiros<\/li>\n<li>Servi\u00e7os de vistos e imigra\u00e7\u00e3o<\/li>\n<li>Transporte de animais de estima\u00e7\u00e3o<\/li>\n<li>Armazenamento seguro<\/li>\n<\/ul>\n<p>A Move One \u00e9 uma empresa de mudan\u00e7as internacionais fundada em 1992 com escrit\u00f3rios na Europa, \u00c1frica e \u00c1sia, incluindo um escrit\u00f3rio na Eti\u00f3pia em Addis Abeba. Eles trabalham com parceiros internacionais para realizar mudan\u00e7as fora de suas \u00e1reas operacionais. Eles s\u00e3o membros do IAM com 8 anos de servi\u00e7o na Eti\u00f3pia.<\/p>\n<p>Move One atende a uma s\u00e9rie de setores, incluindo o setor de varejo comercial, a comunidade diplom\u00e1tica, institui\u00e7\u00f5es governamentais locais e contratantes estrangeiros. Eles fornecem embalagens de exporta\u00e7\u00e3o para proteger seus pertences e organizam o envio por terra, ar e mar com despacho aduaneiro. Eles tamb\u00e9m oferecem servi\u00e7os adicionais, incluindo assist\u00eancia com vistos e imigra\u00e7\u00e3o e transporte de animais de estima\u00e7\u00e3o.<\/p>\n<p>Website: <a href=\"http:\/\/www.moveoneinc.com\/ethiopia\" target=\"_blank\" rel=\"noopener\">http:\/\/www.moveoneinc.com\/ethiopia<\/a><\/p>\n<h2><span class=\"ez-toc-section\" id=\"3_Panafric_Global\"><\/span><strong>3. Panafric Global<\/strong><span class=\"ez-toc-section-end\"><\/span><\/h2>\n<p><img loading=\"lazy\" decoding=\"async\" class=\"alignnone size-full wp-image-5990\" src=\"https:\/\/moverdb.com\/wp-content\/uploads\/Panafric-Global-international-moving-company.png\" alt=\"Panafric Global empresa de mudan\u00e7as internacionais\" width=\"1440\" height=\"674\" data-wp-pid=\"5990\" srcset=\"https:\/\/moverdb.com\/wp-content\/uploads\/Panafric-Global-international-moving-company.png 1440w, https:\/\/moverdb.com\/wp-content\/uploads\/Panafric-Global-international-moving-company-300x140.png 300w, https:\/\/moverdb.com\/wp-content\/uploads\/Panafric-Global-international-moving-company-1024x479.png 1024w, https:\/\/moverdb.com\/wp-content\/uploads\/Panafric-Global-international-moving-company-18x8.png 18w, https:\/\/moverdb.com\/wp-content\/uploads\/Panafric-Global-international-moving-company-600x281.png 600w\" sizes=\"auto, (max-width: 1440px) 100vw, 1440px\" \/><\/p>\n<ul>\n<li>Movimentos internacionais<\/li>\n<li>Mudan\u00e7as dom\u00e9sticas<\/li>\n<li>Projetos comerciais<\/li>\n<li>Servi\u00e7o de reloca\u00e7\u00e3o<\/li>\n<li>Solu\u00e7\u00e3o de ponta a ponta<\/li>\n<li>Carga terrestre, mar\u00edtima e a\u00e9rea<\/li>\n<li>Apoio alfandeg\u00e1rio e documenta\u00e7\u00e3o<\/li>\n<li>Assist\u00eancia de assentamento<\/li>\n<li>Seguro de carga<\/li>\n<li>Solu\u00e7\u00f5es de armazenamento<\/li>\n<\/ul>\n<p>A Panafric Global \u00e9 uma empresa multimodal de transporte e log\u00edstica fundada em 1993 em Addis e tem cinco filiais no aeroporto, Kality, Adama, Hawassa e <a href=\"https:\/\/moverdb.com\/pt\/moving-companies\/moving-companies-djibouti\/\" data-internallinksmanager029f6b8e52c=\"220\" title=\"Melhores Empresas de Mudan\u00e7as Internacionais em Djibouti\">Djibouti<\/a>. Eles prestam servi\u00e7os de mudan\u00e7a e realoca\u00e7\u00e3o dentro, para e da Eti\u00f3pia. Eles s\u00e3o membros do IAM com 29 anos de servi\u00e7o.<\/p>\n<p>A Panafric Global oferece um servi\u00e7o porta-a-porta para e de qualquer lugar do mundo. Eles fornecem transporte por terra, ar e mar com servi\u00e7os de apoio para auxiliar na alf\u00e2ndega e na documenta\u00e7\u00e3o. Eles oferecem servi\u00e7os de realoca\u00e7\u00e3o que auxiliam na instala\u00e7\u00e3o de escolas, aquisi\u00e7\u00e3o de ve\u00edculos e instala\u00e7\u00e3o de servi\u00e7os p\u00fablicos e seguros.<\/p>\n<p>Website: <a href=\"http:\/\/www.panafricglobal.com\" target=\"_blank\" rel=\"noopener\">http:\/\/www.panafricglobal.com<\/a><\/p>\n<h2><span class=\"ez-toc-section\" id=\"4_Segon_Marill_Movers\"><\/span><strong>4. Segon Marill Movers<\/strong><span class=\"ez-toc-section-end\"><\/span><\/h2>\n<p><img loading=\"lazy\" decoding=\"async\" class=\"alignnone size-full wp-image-6002\" src=\"https:\/\/moverdb.com\/wp-content\/uploads\/Segon-Marill-Movers-international-moving-company.png\" alt=\"Segon Marill Movers empresa de mudan\u00e7as internacionais\" width=\"1440\" height=\"681\" data-wp-pid=\"6002\" srcset=\"https:\/\/moverdb.com\/wp-content\/uploads\/Segon-Marill-Movers-international-moving-company.png 1440w, https:\/\/moverdb.com\/wp-content\/uploads\/Segon-Marill-Movers-international-moving-company-300x142.png 300w, https:\/\/moverdb.com\/wp-content\/uploads\/Segon-Marill-Movers-international-moving-company-1024x484.png 1024w, https:\/\/moverdb.com\/wp-content\/uploads\/Segon-Marill-Movers-international-moving-company-18x9.png 18w, https:\/\/moverdb.com\/wp-content\/uploads\/Segon-Marill-Movers-international-moving-company-600x284.png 600w\" sizes=\"auto, (max-width: 1440px) 100vw, 1440px\" \/><\/p>\n<ul>\n<li>Movimentos nacionais<\/li>\n<li>Movimentos internacionais<\/li>\n<li>Mudan\u00e7as dom\u00e9sticas<\/li>\n<li>Movimentos corporativos<\/li>\n<li>Servi\u00e7o de reloca\u00e7\u00e3o<\/li>\n<li>Servi\u00e7o de embalagem<\/li>\n<li>Transporte terrestre, mar\u00edtimo e a\u00e9reo<\/li>\n<li>Servi\u00e7os de assentamento<\/li>\n<li>Buscas na casa e na escola<\/li>\n<li>Armazenamento seguro<\/li>\n<\/ul>\n<p>A Segon Marill Movers \u00e9 uma empresa internacional de mudan\u00e7as e armazenagem fundada h\u00e1 21 anos. Eles trabalham com 50 agentes parceiros para oferecer seus servi\u00e7os em todo o mundo. Eles s\u00e3o membros do IAM com 31 anos de servi\u00e7o.<\/p>\n<p>Segon Marill Movers oferece um servi\u00e7o de mudan\u00e7a personalizado com um servi\u00e7o de embalagem que utiliza t\u00e9cnicas e materiais de alta qualidade para proteger seus pertences. Eles providenciam o transporte por terra, mar ou ar e contam com o apoio de agentes parceiros quando necess\u00e1rio. Seus servi\u00e7os de reloca\u00e7\u00e3o ajudam voc\u00ea a se estabelecer em seu novo pa\u00eds, o que inclui uma visita de orienta\u00e7\u00e3o, assist\u00eancia na busca de uma casa e escola, bem como apoio com servi\u00e7os de partida.<\/p>\n<p>Website: <a href=\"http:\/\/www.segon-marill.com\" target=\"_blank\" rel=\"noopener\">http:\/\/www.segon-marill.com<\/a><\/p>\n<h2><span class=\"ez-toc-section\" id=\"5_Solomon_Zewdu_Shipping_and_Freight_Forwarding\"><\/span><strong>5. Solomon Zewdu Shipping e Freight Forwarding<\/strong><span class=\"ez-toc-section-end\"><\/span><\/h2>\n<p><img loading=\"lazy\" decoding=\"async\" class=\"alignnone size-full wp-image-6047\" src=\"https:\/\/moverdb.com\/wp-content\/uploads\/Solomon-Zewdu-international-moving-company.png\" alt=\"Empresa de mudan\u00e7as internacionais Solomon Zewdu\" width=\"1440\" height=\"682\" data-wp-pid=\"6047\" srcset=\"https:\/\/moverdb.com\/wp-content\/uploads\/Solomon-Zewdu-international-moving-company.png 1440w, https:\/\/moverdb.com\/wp-content\/uploads\/Solomon-Zewdu-international-moving-company-300x142.png 300w, https:\/\/moverdb.com\/wp-content\/uploads\/Solomon-Zewdu-international-moving-company-1024x485.png 1024w, https:\/\/moverdb.com\/wp-content\/uploads\/Solomon-Zewdu-international-moving-company-18x9.png 18w, https:\/\/moverdb.com\/wp-content\/uploads\/Solomon-Zewdu-international-moving-company-600x284.png 600w\" sizes=\"auto, (max-width: 1440px) 100vw, 1440px\" \/><\/p>\n<ul>\n<li>Movimentos locais e nacionais<\/li>\n<li>Movimentos internacionais<\/li>\n<li>Mudan\u00e7as dom\u00e9sticas<\/li>\n<li>Mudan\u00e7as de escrit\u00f3rios<\/li>\n<li>Servi\u00e7o porta-a-porta<\/li>\n<li>Servi\u00e7o de embalagem<\/li>\n<li>Transporte terrestre, mar\u00edtimo e a\u00e9reo<\/li>\n<li>Desembara\u00e7o aduaneiro<\/li>\n<li>Transporte de ve\u00edculos<\/li>\n<li>Instala\u00e7\u00f5es de armazenamento<\/li>\n<\/ul>\n<p>A Solomon Zewdu Shipping and Freight Forwarding \u00e9 uma empresa de mudan\u00e7as, cargas e fretes com mais de 20 anos de experi\u00eancia na presta\u00e7\u00e3o de servi\u00e7os de mudan\u00e7as. Eles trabalham com parceiros no exterior para entregar mudan\u00e7as a n\u00edvel internacional. Eles s\u00e3o membros do IAM com 22 anos de servi\u00e7o.<\/p>\n<p>A Solomon Zewdu Shipping and Freight Forwarding oferece um servi\u00e7o de mudan\u00e7a de porta em porta e relocaliza\u00e7\u00e3o para resid\u00eancias e escrit\u00f3rios. Eles oferecem um servi\u00e7o de embalagem e desembalagem para proteger seus pertences e organizar servi\u00e7os de transporte por terra utilizando sua frota, mar\u00edtima ou a\u00e9rea com libera\u00e7\u00e3o alfandeg\u00e1ria. Eles tamb\u00e9m podem auxiliar no transporte e armazenamento de ve\u00edculos.<\/p>\n<p>Website: <a href=\"http:\/\/www.solomontransit.com\" target=\"_blank\" rel=\"noopener\">http:\/\/www.solomontransit.com<\/a><\/p>","protected":false},"excerpt":{"rendered":"<p>Moving is a busy and stressful time especially if you are moving between countries so getting some support from a moving company can help. Moving companies can assist with navigating the paperwork and arranging transportation. Below we have compiled a list of Ethiopian removal companies that are members of the International Association of Movers (IAM) [&hellip;]<\/p>\n","protected":false},"author":4,"featured_media":0,"parent":190,"menu_order":0,"comment_status":"closed","ping_status":"closed","template":"","meta":{"_genesis_hide_title":false,"_genesis_hide_breadcrumbs":false,"_genesis_hide_singular_image":false,"_genesis_hide_footer_widgets":false,"_genesis_custom_body_class":"","_genesis_custom_post_class":"","_genesis_layout":"","footnotes":""},"class_list":{"0":"post-6046","1":"page","2":"type-page","3":"status-publish","5":"entry","6":"has-post-thumbnail"},"_links":{"self":[{"href":"https:\/\/moverdb.com\/pt\/wp-json\/wp\/v2\/pages\/6046","targetHints":{"allow":["GET"]}}],"collection":[{"href":"https:\/\/moverdb.com\/pt\/wp-json\/wp\/v2\/pages"}],"about":[{"href":"https:\/\/moverdb.com\/pt\/wp-json\/wp\/v2\/types\/page"}],"author":[{"embeddable":true,"href":"https:\/\/moverdb.com\/pt\/wp-json\/wp\/v2\/users\/4"}],"replies":[{"embeddable":true,"href":"https:\/\/moverdb.com\/pt\/wp-json\/wp\/v2\/comments?post=6046"}],"version-history":[{"count":1,"href":"https:\/\/moverdb.com\/pt\/wp-json\/wp\/v2\/pages\/6046\/revisions"}],"predecessor-version":[{"id":6048,"href":"https:\/\/moverdb.com\/pt\/wp-json\/wp\/v2\/pages\/6046\/revisions\/6048"}],"up":[{"embeddable":true,"href":"https:\/\/moverdb.com\/pt\/wp-json\/wp\/v2\/pages\/190"}],"wp:attachment":[{"href":"https:\/\/moverdb.com\/pt\/wp-json\/wp\/v2\/media?parent=6046"}],"curies":[{"name":"wp","href":"https:\/\/api.w.org\/{rel}","templated":true}]}}