{"id":6043,"date":"2023-02-01T13:40:56","date_gmt":"2023-02-01T13:40:56","guid":{"rendered":"https:\/\/moverdb.com\/?page_id=6043"},"modified":"2026-01-08T15:24:40","modified_gmt":"2026-01-08T15:24:40","slug":"move-companies-estonia","status":"publish","type":"page","link":"https:\/\/moverdb.com\/pt\/moving-companies\/moving-companies-estonia\/","title":{"rendered":"4 Melhores Empresas de Mudan\u00e7as Internacionais na Est\u00f4nia"},"content":{"rendered":"<p>A mudan\u00e7a pode ser um momento estressante, seja ela uma mudan\u00e7a para casa ou para sua empresa. Muitas pessoas empregam os servi\u00e7os de um <a href=\"https:\/\/moverdb.com\/pt\/moving-companies\/\" data-internallinksmanager029f6b8e52c=\"79\" title=\"As 25 maiores empresas de mudan\u00e7as internacionais on-line\">empresa de mudan\u00e7as<\/a> pois eles podem mover seus pertences com seguran\u00e7a e reduzir o estresse de sua mudan\u00e7a. A seguir, compilamos uma lista de estonianos <a href=\"https:\/\/moverdb.com\/pt\/international-removals\/\" data-internallinksmanager029f6b8e52c=\"27\" title=\"36 melhores empresas de mudan\u00e7as internacionais no Reino Unido\">empresas de mudan\u00e7as<\/a> que s\u00e3o membros do <a href=\"https:\/\/moverdb.com\/pt\/iam\/\" data-internallinksmanager029f6b8e52c=\"23\" title=\"Associa\u00e7\u00e3o Internacional de Remotores (IAM) Explicado\">Associa\u00e7\u00e3o Internacional de Movers<\/a> (IAM) e\/ou <a href=\"https:\/\/moverdb.com\/pt\/fidi-faim\/\" data-internallinksmanager029f6b8e52c=\"16\" title=\"FIDI &amp; FAIM (FIDI Accredited International Mover) Explicado\">FIDI<\/a> Credenciado pela FAIM (International Mover) que poderia ajudar em sua mudan\u00e7a.<\/p>\n<div id=\"ez-toc-container\" class=\"ez-toc-v2_0_82_2 ez-toc-wrap-left counter-hierarchy ez-toc-counter ez-toc-transparent ez-toc-container-direction\">\n<div class=\"ez-toc-title-container\">\n<p class=\"ez-toc-title\" style=\"cursor:inherit\">Se\u00e7\u00f5es<\/p>\n<span class=\"ez-toc-title-toggle\"><a href=\"#\" class=\"ez-toc-pull-right ez-toc-btn ez-toc-btn-xs ez-toc-btn-default ez-toc-toggle\" aria-label=\"Alternar tabela de conte\u00fado\"><span class=\"ez-toc-js-icon-con\"><span class=\"\"><span class=\"eztoc-hide\" style=\"display:none;\">Alternar<\/span><span class=\"ez-toc-icon-toggle-span\"><svg style=\"fill: #999;color:#999\" xmlns=\"http:\/\/www.w3.org\/2000\/svg\" class=\"list-377408\" width=\"20px\" height=\"20px\" viewbox=\"0 0 24 24\" fill=\"none\"><path d=\"M6 6H4v2h2V6zm14 0H8v2h12V6zM4 11h2v2H4v-2zm16 0H8v2h12v-2zM4 16h2v2H4v-2zm16 0H8v2h12v-2z\" fill=\"currentColor\"><\/path><\/svg><svg style=\"fill: #999;color:#999\" class=\"arrow-unsorted-368013\" xmlns=\"http:\/\/www.w3.org\/2000\/svg\" width=\"10px\" height=\"10px\" viewbox=\"0 0 24 24\" version=\"1.2\" baseprofile=\"tiny\"><path d=\"M18.2 9.3l-6.2-6.3-6.2 6.3c-.2.2-.3.4-.3.7s.1.5.3.7c.2.2.4.3.7.3h11c.3 0 .5-.1.7-.3.2-.2.3-.5.3-.7s-.1-.5-.3-.7zM5.8 14.7l6.2 6.3 6.2-6.3c.2-.2.3-.5.3-.7s-.1-.5-.3-.7c-.2-.2-.4-.3-.7-.3h-11c-.3 0-.5.1-.7.3-.2.2-.3.5-.3.7s.1.5.3.7z\"\/><\/svg><\/span><\/span><\/span><\/a><\/span><\/div>\n<nav><ul class='ez-toc-list ez-toc-list-level-1 eztoc-toggle-hide-by-default' ><li class='ez-toc-page-1 ez-toc-heading-level-2'><a class=\"ez-toc-link ez-toc-heading-1\" href=\"https:\/\/moverdb.com\/pt\/moving-companies\/moving-companies-estonia\/#1_Adduco\" >1. Adduco<\/a><\/li><li class='ez-toc-page-1 ez-toc-heading-level-2'><a class=\"ez-toc-link ez-toc-heading-2\" href=\"https:\/\/moverdb.com\/pt\/moving-companies\/moving-companies-estonia\/#2_AVA_Express\" >2. AVA Express<\/a><\/li><li class='ez-toc-page-1 ez-toc-heading-level-2'><a class=\"ez-toc-link ez-toc-heading-3\" href=\"https:\/\/moverdb.com\/pt\/moving-companies\/moving-companies-estonia\/#3_MoveMaster\" >3. MoveMaster<\/a><\/li><li class='ez-toc-page-1 ez-toc-heading-level-2'><a class=\"ez-toc-link ez-toc-heading-4\" href=\"https:\/\/moverdb.com\/pt\/moving-companies\/moving-companies-estonia\/#4_KLG_Estonia\" >4. KLG Est\u00f4nia<\/a><\/li><li class='ez-toc-page-1 ez-toc-heading-level-2'><a class=\"ez-toc-link ez-toc-heading-5\" href=\"https:\/\/moverdb.com\/pt\/moving-companies\/moving-companies-estonia\/#Other_Useful_Guides_to_Estonia\" >Outros guias \u00fateis para a Est\u00f4nia<\/a><\/li><\/ul><\/nav><\/div>\n<h2><span class=\"ez-toc-section\" id=\"1_Adduco\"><\/span><strong>1. Adduco<\/strong><span class=\"ez-toc-section-end\"><\/span><\/h2>\n<p><img loading=\"lazy\" decoding=\"async\" class=\"alignnone size-full wp-image-6044\" src=\"https:\/\/moverdb.com\/wp-content\/uploads\/Adduco-international-moving-company.png\" alt=\"Adduco empresa de mudan\u00e7as internacionais\" width=\"1440\" height=\"629\" data-wp-pid=\"6044\" srcset=\"https:\/\/moverdb.com\/wp-content\/uploads\/Adduco-international-moving-company.png 1440w, https:\/\/moverdb.com\/wp-content\/uploads\/Adduco-international-moving-company-300x131.png 300w, https:\/\/moverdb.com\/wp-content\/uploads\/Adduco-international-moving-company-1024x447.png 1024w, https:\/\/moverdb.com\/wp-content\/uploads\/Adduco-international-moving-company-18x8.png 18w, https:\/\/moverdb.com\/wp-content\/uploads\/Adduco-international-moving-company-600x262.png 600w\" sizes=\"auto, (max-width: 1440px) 100vw, 1440px\" \/><\/p>\n<ul>\n<li>Objetos pesados em movimento<\/li>\n<li>Movimentos internacionais<\/li>\n<li>Mudan\u00e7as dom\u00e9sticas<\/li>\n<li>Movimentos comerciais<\/li>\n<li>Servi\u00e7o de embalagem<\/li>\n<li>Planeje seu itiner\u00e1rio e transporte<\/li>\n<li>Apoio com documenta\u00e7\u00e3o<\/li>\n<li>Transporte de belas artes<\/li>\n<li>Seguros<\/li>\n<li>Solu\u00e7\u00f5es de armazenamento<\/li>\n<\/ul>\n<p>Adduco \u00e9 um fornecedor de mudan\u00e7as que tem ajudado as pessoas a se mudarem desde 2006 e eles t\u00eam escrit\u00f3rios em Tallinn e Tartu. Eles s\u00e3o membros do IAM com 16 anos de servi\u00e7o que lhes d\u00e1 acesso a uma rede internacional de agentes de mudan\u00e7a para ajudar nas mudan\u00e7as em todo o mundo.<\/p>\n<p>A Adduco oferece um servi\u00e7o de mudan\u00e7as que inclui um servi\u00e7o de remo\u00e7\u00e3o de lixo para ajud\u00e1-lo a reduzir o volume de pertences que voc\u00ea leva com voc\u00ea em sua mudan\u00e7a. Eles ir\u00e3o administrar cuidadosamente sua mudan\u00e7a, planejar seu itiner\u00e1rio e preparar os documentos necess\u00e1rios e o seguro. Eles tamb\u00e9m embalar\u00e3o seus pertences com seguran\u00e7a e os transportar\u00e3o antes de desempacot\u00e1-los em seu destino.<\/p>\n<p>Website: <a href=\"https:\/\/adduco.ee\/en\/\" target=\"_blank\" rel=\"noopener\">https:\/\/adduco.ee\/en\/<\/a><\/p>\n<h2><span class=\"ez-toc-section\" id=\"2_AVA_Express\"><\/span><strong>2. AVA Express<\/strong><span class=\"ez-toc-section-end\"><\/span><\/h2>\n<p><img loading=\"lazy\" decoding=\"async\" class=\"alignnone size-full wp-image-5928\" src=\"https:\/\/moverdb.com\/wp-content\/uploads\/AVA-Express-international-moving-company.png\" alt=\"AVA Express empresa de mudan\u00e7as internacionais\" width=\"1440\" height=\"712\" data-wp-pid=\"5928\" srcset=\"https:\/\/moverdb.com\/wp-content\/uploads\/AVA-Express-international-moving-company.png 1440w, https:\/\/moverdb.com\/wp-content\/uploads\/AVA-Express-international-moving-company-300x148.png 300w, https:\/\/moverdb.com\/wp-content\/uploads\/AVA-Express-international-moving-company-1024x506.png 1024w, https:\/\/moverdb.com\/wp-content\/uploads\/AVA-Express-international-moving-company-18x9.png 18w, https:\/\/moverdb.com\/wp-content\/uploads\/AVA-Express-international-moving-company-600x297.png 600w\" sizes=\"auto, (max-width: 1440px) 100vw, 1440px\" \/><\/p>\n<ul>\n<li>Movimentos nacionais<\/li>\n<li>Movimentos internacionais<\/li>\n<li>Mudan\u00e7as dom\u00e9sticas<\/li>\n<li>Mudan\u00e7as de escrit\u00f3rio<\/li>\n<li>Transporte e equipamentos especializados<\/li>\n<li>Servi\u00e7os de embalagem<\/li>\n<li>Provid\u00eancias de transporte<\/li>\n<li>Movimenta\u00e7\u00e3o de objetos pesados<\/li>\n<li>Transporte de arte<\/li>\n<li>Solu\u00e7\u00f5es de armazenamento tempor\u00e1rio<\/li>\n<\/ul>\n<p>A AVA Express \u00e9 uma empresa de mudan\u00e7as da Est\u00f4nia que tem mais de 20 anos de experi\u00eancia em mudan\u00e7as dom\u00e9sticas e de escrit\u00f3rios. Eles trabalham com agentes de mudan\u00e7as internacionais para realizar mudan\u00e7as em todo o mundo e s\u00e3o membros da IAM. Eles t\u00eam sua pr\u00f3pria frota rodovi\u00e1ria para realizar mudan\u00e7as em <a href=\"https:\/\/moverdb.com\/pt\/moving-to-estonia\/\" data-internallinksmanager029f6b8e52c=\"430\" title=\"Mudan\u00e7a para a Est\u00f4nia? 2026 Custo de vida e dicas de realoca\u00e7\u00e3o\">Est\u00f4nia<\/a>.<\/p>\n<p>A AVA Express oferece um or\u00e7amento personalizado para seus servi\u00e7os de mudan\u00e7a para resid\u00eancias e empresas. Eles fornecem todos os materiais de embalagem para sua mudan\u00e7a e, se necess\u00e1rio, embalar\u00e3o seus pertences para voc\u00ea. Eles providenciar\u00e3o o transporte de seus pertences, incluindo quaisquer obras de arte ou objetos pesados com seguran\u00e7a at\u00e9 seu destino dentro da Est\u00f4nia ou internacionalmente.<\/p>\n<p>Website: <a href=\"http:\/\/www.ava.ee\" target=\"_blank\" rel=\"noopener\">http:\/\/www.ava.ee<\/a><\/p>\n<h2><span class=\"ez-toc-section\" id=\"3_MoveMaster\"><\/span><strong>3. MoveMaster<\/strong><span class=\"ez-toc-section-end\"><\/span><\/h2>\n<p><img loading=\"lazy\" decoding=\"async\" class=\"alignnone size-full wp-image-5976\" src=\"https:\/\/moverdb.com\/wp-content\/uploads\/MoveMaster-international-moving-company.png\" alt=\"MoveMaster international moving company\" width=\"1440\" height=\"713\" data-wp-pid=\"5976\" srcset=\"https:\/\/moverdb.com\/wp-content\/uploads\/MoveMaster-international-moving-company.png 1440w, https:\/\/moverdb.com\/wp-content\/uploads\/MoveMaster-international-moving-company-300x149.png 300w, https:\/\/moverdb.com\/wp-content\/uploads\/MoveMaster-international-moving-company-1024x507.png 1024w, https:\/\/moverdb.com\/wp-content\/uploads\/MoveMaster-international-moving-company-18x9.png 18w, https:\/\/moverdb.com\/wp-content\/uploads\/MoveMaster-international-moving-company-600x297.png 600w\" sizes=\"auto, (max-width: 1440px) 100vw, 1440px\" \/><\/p>\n<ul>\n<li>Movimentos locais e nacionais<\/li>\n<li>Movimentos internacionais<\/li>\n<li>Mudan\u00e7as residenciais<\/li>\n<li>A empresa se move<\/li>\n<li>Abordagem individual<\/li>\n<li>Servi\u00e7o de embalagem<\/li>\n<li>Transporte terrestre, mar\u00edtimo e a\u00e9reo<\/li>\n<li>Transporte de objetos de arte<\/li>\n<li>Seguros<\/li>\n<li>Instala\u00e7\u00f5es de armazenamento<\/li>\n<\/ul>\n<p>MoveMaster \u00e9 uma empresa estoniana de mudan\u00e7as sediada em Tallinn com 39 anos de experi\u00eancia completando milhares de mudan\u00e7as em 147 pa\u00edses. Eles trabalham com parceiros de coopera\u00e7\u00e3o nas principais cidades para ajudar nas mudan\u00e7as para fora de sua \u00e1rea e s\u00e3o membros do IAM.<\/p>\n<p>MoveMaster oferece uma abordagem individual para seus servi\u00e7os de mudan\u00e7a que inclui uma inspe\u00e7\u00e3o antes da mudan\u00e7a em Tallinn para criar o plano de mudan\u00e7a mais adequado. Eles fornecem um servi\u00e7o de embalagem utilizando materiais de embalagem de alta qualidade para proteger seus pertences, desmontar os m\u00f3veis e remontar os m\u00f3veis na chegada. Eles providenciam o transporte por terra, mar e ar, bem como apoio com declara\u00e7\u00f5es alfandeg\u00e1rias e seguro.<\/p>\n<p>Website: <a href=\"http:\/\/www.movemaster.ee\" target=\"_blank\" rel=\"noopener\">http:\/\/www.movemaster.ee<\/a><\/p>\n<h2><span class=\"ez-toc-section\" id=\"4_KLG_Estonia\"><\/span><strong>4. KLG Est\u00f4nia<\/strong><span class=\"ez-toc-section-end\"><\/span><\/h2>\n<p><img loading=\"lazy\" decoding=\"async\" class=\"alignnone size-full wp-image-5964\" src=\"https:\/\/moverdb.com\/wp-content\/uploads\/KLG-Estonia-international-moving-company.png\" alt=\"KLG Est\u00f4nia empresa de mudan\u00e7as internacionais\" width=\"1440\" height=\"711\" data-wp-pid=\"5964\" srcset=\"https:\/\/moverdb.com\/wp-content\/uploads\/KLG-Estonia-international-moving-company.png 1440w, https:\/\/moverdb.com\/wp-content\/uploads\/KLG-Estonia-international-moving-company-300x148.png 300w, https:\/\/moverdb.com\/wp-content\/uploads\/KLG-Estonia-international-moving-company-1024x506.png 1024w, https:\/\/moverdb.com\/wp-content\/uploads\/KLG-Estonia-international-moving-company-18x9.png 18w, https:\/\/moverdb.com\/wp-content\/uploads\/KLG-Estonia-international-moving-company-600x296.png 600w\" sizes=\"auto, (max-width: 1440px) 100vw, 1440px\" \/><\/p>\n<ul>\n<li>Movimentos nacionais<\/li>\n<li>Movimentos internacionais<\/li>\n<li>Mudan\u00e7as dom\u00e9sticas<\/li>\n<li>Servi\u00e7o de embalagem<\/li>\n<li>Construir caixotes de madeira personalizados<\/li>\n<li>Transporte terrestre, a\u00e9reo, mar\u00edtimo e ferrovi\u00e1rio<\/li>\n<li>Apoio alfandeg\u00e1rio<\/li>\n<li>Transporte de arte<\/li>\n<li>Seguros<\/li>\n<li>Instala\u00e7\u00f5es de armazenamento de curto e longo prazo<\/li>\n<\/ul>\n<p>A KLG Est\u00f4nia \u00e9 um fornecedor de solu\u00e7\u00f5es log\u00edsticas especiais que est\u00e1 sediada em Tallinn e vem prestando servi\u00e7os de mudan\u00e7a desde 1994. Eles t\u00eam uma rede global de parceiros que os ajudam a realizar mudan\u00e7as internacionais. Eles s\u00e3o credenciados pela FIDI.<\/p>\n<p>A KLG Est\u00f4nia oferece uma inspe\u00e7\u00e3o e consulta para avaliar suas necessidades. Eles oferecem um servi\u00e7o profissional de embalagem para proteger seus pertences, incluindo caixas de madeira personalizadas para atender a qualquer conte\u00fado, incluindo obras de arte e equipamentos de TI. Eles tamb\u00e9m movimentam itens maiores, incluindo motocicletas e pianos. Eles providenciam o transporte por terra, ar, mar e trem e auxiliam nas exig\u00eancias alfandeg\u00e1rias.<\/p>\n<p>Website: <a href=\"http:\/\/www.klg.ee\/\" target=\"_blank\" rel=\"noopener\">http:\/\/www.klg.ee\/<\/a><\/p>\n<h2><span class=\"ez-toc-section\" id=\"Other_Useful_Guides_to_Estonia\"><\/span>Outros guias \u00fateis para a Est\u00f4nia<span class=\"ez-toc-section-end\"><\/span><\/h2>\n<ul>\n<li> <a href=\"https:\/\/moverdb.com\/pt\/moving-to-estonia\/\">Mudan\u00e7a para a Est\u00f4nia? 2026 Custo de vida e dicas de realoca\u00e7\u00e3o<\/a><\/li>\n<li> <a href=\"https:\/\/moverdb.com\/pt\/moving-to-estonia\/best-places-to-live-estonia\/\">12 melhores lugares para se viver na Est\u00f4nia<\/a><\/li>\n<li> <a href=\"https:\/\/moverdb.com\/pt\/transporte-de-conteineres\/estonia\/\">2026 Tarifas de frete mar\u00edtimo de cont\u00eaineres para e da Est\u00f4nia<\/a><\/li>\n<\/ul>","protected":false},"excerpt":{"rendered":"<p>Moving can be a stressful time, whether that is moving home or your business. Many people employ the services of a moving company as they can safely move your belongings and reduce the stress of your move. Below we have compiled a list of Estonian removal companies that are members of the International Association of [&hellip;]<\/p>\n","protected":false},"author":4,"featured_media":0,"parent":190,"menu_order":0,"comment_status":"closed","ping_status":"closed","template":"","meta":{"_genesis_hide_title":false,"_genesis_hide_breadcrumbs":false,"_genesis_hide_singular_image":false,"_genesis_hide_footer_widgets":false,"_genesis_custom_body_class":"","_genesis_custom_post_class":"","_genesis_layout":"","footnotes":""},"class_list":{"0":"post-6043","1":"page","2":"type-page","3":"status-publish","5":"entry","6":"has-post-thumbnail"},"_links":{"self":[{"href":"https:\/\/moverdb.com\/pt\/wp-json\/wp\/v2\/pages\/6043","targetHints":{"allow":["GET"]}}],"collection":[{"href":"https:\/\/moverdb.com\/pt\/wp-json\/wp\/v2\/pages"}],"about":[{"href":"https:\/\/moverdb.com\/pt\/wp-json\/wp\/v2\/types\/page"}],"author":[{"embeddable":true,"href":"https:\/\/moverdb.com\/pt\/wp-json\/wp\/v2\/users\/4"}],"replies":[{"embeddable":true,"href":"https:\/\/moverdb.com\/pt\/wp-json\/wp\/v2\/comments?post=6043"}],"version-history":[{"count":3,"href":"https:\/\/moverdb.com\/pt\/wp-json\/wp\/v2\/pages\/6043\/revisions"}],"predecessor-version":[{"id":16257,"href":"https:\/\/moverdb.com\/pt\/wp-json\/wp\/v2\/pages\/6043\/revisions\/16257"}],"up":[{"embeddable":true,"href":"https:\/\/moverdb.com\/pt\/wp-json\/wp\/v2\/pages\/190"}],"wp:attachment":[{"href":"https:\/\/moverdb.com\/pt\/wp-json\/wp\/v2\/media?parent=6043"}],"curies":[{"name":"wp","href":"https:\/\/api.w.org\/{rel}","templated":true}]}}