{"id":6040,"date":"2023-02-01T12:37:34","date_gmt":"2023-02-01T12:37:34","guid":{"rendered":"https:\/\/moverdb.com\/?page_id=6040"},"modified":"2026-01-08T15:24:14","modified_gmt":"2026-01-08T15:24:14","slug":"move-companies-el-salvador","status":"publish","type":"page","link":"https:\/\/moverdb.com\/pt\/moving-companies\/moving-companies-el-salvador\/","title":{"rendered":"3 Melhores Empresas de Mudan\u00e7as Internacionais em El Salvador"},"content":{"rendered":"<p>Voc\u00ea est\u00e1 planejando mudar-se para El Salvador ou de ou para El Salvador? Ent\u00e3o voc\u00ea pode querer empregar os servi\u00e7os de um <a href=\"https:\/\/moverdb.com\/pt\/moving-companies\/\" data-internallinksmanager029f6b8e52c=\"79\" title=\"As 25 maiores empresas de mudan\u00e7as internacionais on-line\">empresa de mudan\u00e7as<\/a> para ajud\u00e1-lo e aliviar um pouco a press\u00e3o. A seguir, compilamos uma lista de El Salvador <a href=\"https:\/\/moverdb.com\/pt\/international-removals\/\" data-internallinksmanager029f6b8e52c=\"27\" title=\"36 melhores empresas de mudan\u00e7as internacionais no Reino Unido\">empresas de mudan\u00e7as<\/a> que s\u00e3o membros do <a href=\"https:\/\/moverdb.com\/pt\/iam\/\" data-internallinksmanager029f6b8e52c=\"23\" title=\"Associa\u00e7\u00e3o Internacional de Remotores (IAM) Explicado\">Associa\u00e7\u00e3o Internacional de Movers<\/a> (IAM) e\/ou <a href=\"https:\/\/moverdb.com\/pt\/fidi-faim\/\" data-internallinksmanager029f6b8e52c=\"16\" title=\"FIDI &amp; FAIM (FIDI Accredited International Mover) Explicado\">FIDI<\/a> Credenciado pela FAIM (International Mover), que poder\u00e1 ajud\u00e1-lo em sua mudan\u00e7a.<\/p>\n<h2><strong>1. Comca Internacional<\/strong><\/h2>\n<ul>\n<li>Movimentos nacionais<\/li>\n<li>Movimentos internacionais<\/li>\n<li>Mudan\u00e7as dom\u00e9sticas<\/li>\n<li>Inspe\u00e7\u00e3o dentro de casa<\/li>\n<li>Servi\u00e7o de embalagem profissional<\/li>\n<li>Transporte rodovi\u00e1rio, mar\u00edtimo e a\u00e9reo<\/li>\n<li>Apoio alfandeg\u00e1rio<\/li>\n<li>Embalagem de obras de arte<\/li>\n<li>Seguros<\/li>\n<li>Armazenamento seguro<\/li>\n<\/ul>\n<p>A Comca International \u00e9 uma empresa de solu\u00e7\u00f5es log\u00edsticas de transporte e distribui\u00e7\u00e3o fundada em 1967, oferecendo servi\u00e7os de mudan\u00e7as nacionais e internacionais. Eles t\u00eam alian\u00e7as estrat\u00e9gicas com ag\u00eancias internacionais para permitir-lhes completar as mudan\u00e7as internacionais. Eles s\u00e3o membros do IAM com 55 anos de servi\u00e7o.<\/p>\n<p>A Comca International fornece uma inspe\u00e7\u00e3o e uma estimativa para sua mudan\u00e7a, al\u00e9m de aconselhar sobre o melhor m\u00e9todo de transporte. Eles oferecem servi\u00e7os profissionais de embalagem utilizando os melhores materiais e caixas ou caixas de madeira com pl\u00e1stico adesivo e cintas para maior prote\u00e7\u00e3o em tr\u00e2nsito. Eles providenciam o transporte por via rodovi\u00e1ria, mar\u00edtima ou a\u00e9rea e auxiliam na alf\u00e2ndega.<\/p>\n<p>Website: <a href=\"http:\/\/www.comca.com.sv\" target=\"_blank\" rel=\"noopener\">http:\/\/www.comca.com.sv<\/a><\/p>\n<h2><strong>2. Mudanzas Suarez<\/strong><\/h2>\n<p><img loading=\"lazy\" decoding=\"async\" class=\"alignnone size-full wp-image-5982\" src=\"https:\/\/moverdb.com\/wp-content\/uploads\/Mudanzas-Suarez-international-moving-company.png\" alt=\"Mudanzas Suarez empresa de mudan\u00e7as internacionais\" width=\"1440\" height=\"712\" data-wp-pid=\"5982\" srcset=\"https:\/\/moverdb.com\/wp-content\/uploads\/Mudanzas-Suarez-international-moving-company.png 1440w, https:\/\/moverdb.com\/wp-content\/uploads\/Mudanzas-Suarez-international-moving-company-300x148.png 300w, https:\/\/moverdb.com\/wp-content\/uploads\/Mudanzas-Suarez-international-moving-company-1024x506.png 1024w, https:\/\/moverdb.com\/wp-content\/uploads\/Mudanzas-Suarez-international-moving-company-18x9.png 18w, https:\/\/moverdb.com\/wp-content\/uploads\/Mudanzas-Suarez-international-moving-company-600x297.png 600w\" sizes=\"auto, (max-width: 1440px) 100vw, 1440px\" \/><\/p>\n<ul>\n<li>Mudan\u00e7as nacionais<\/li>\n<li>Mudan\u00e7as internacionais<\/li>\n<li>Mudan\u00e7as residenciais<\/li>\n<li>Movimentos comerciais<\/li>\n<li>Servi\u00e7o personalizado<\/li>\n<li>Servi\u00e7o porta-a-porta<\/li>\n<li>Servi\u00e7o de embalagem<\/li>\n<li>Caixas de madeira personalizadas<\/li>\n<li>Escolha de op\u00e7\u00f5es de transporte<\/li>\n<li>Espa\u00e7o de armazenamento acondicionado<\/li>\n<\/ul>\n<p>Mudanzas Suarez \u00e9 uma empresa de log\u00edstica e mudan\u00e7as fundada em 1958, com sede em Antiguo Cuscatlan. Eles t\u00eam uma ampla rede de agentes internacionais para ajud\u00e1-los na entrega de mudan\u00e7as em todo o mundo. Eles s\u00e3o membros do IAM com 54 anos de servi\u00e7o.<\/p>\n<p>Mudanzas Suarez oferece um servi\u00e7o personalizado e fornece solu\u00e7\u00f5es de embalagem personalizadas atrav\u00e9s de sua equipe interna de carpintaria que constr\u00f3i caixas de madeira personalizadas. Eles oferecem um servi\u00e7o de embalagem que proteger\u00e1 seus pertences em tr\u00e2nsito. Eles oferecem uma escolha de op\u00e7\u00f5es de carga, incluindo carga a\u00e9rea e mar\u00edtima, como carga consolidada.<\/p>\n<p>Website: <a href=\"http:\/\/suarez.com.sv\" target=\"_blank\" rel=\"noopener\">http:\/\/suarez.com.sv<\/a><\/p>\n<h2><strong>3. Mudisa El Salvador<\/strong><\/h2>\n<p><img loading=\"lazy\" decoding=\"async\" class=\"alignnone size-full wp-image-5983\" src=\"https:\/\/moverdb.com\/wp-content\/uploads\/Mudisa-international-moving-company.png\" alt=\"Mudisa international moving company\" width=\"1440\" height=\"712\" data-wp-pid=\"5983\" srcset=\"https:\/\/moverdb.com\/wp-content\/uploads\/Mudisa-international-moving-company.png 1440w, https:\/\/moverdb.com\/wp-content\/uploads\/Mudisa-international-moving-company-300x148.png 300w, https:\/\/moverdb.com\/wp-content\/uploads\/Mudisa-international-moving-company-1024x506.png 1024w, https:\/\/moverdb.com\/wp-content\/uploads\/Mudisa-international-moving-company-18x9.png 18w, https:\/\/moverdb.com\/wp-content\/uploads\/Mudisa-international-moving-company-600x297.png 600w\" sizes=\"auto, (max-width: 1440px) 100vw, 1440px\" \/><\/p>\n<ul>\n<li>Mudan\u00e7as nacionais<\/li>\n<li>Mudan\u00e7as internacionais<\/li>\n<li>Mudan\u00e7as dom\u00e9sticas<\/li>\n<li>Movimentos corporativos<\/li>\n<li>Servi\u00e7os de reloca\u00e7\u00e3o<\/li>\n<li>Servi\u00e7os porta-a-porta<\/li>\n<li>Embalagem incluindo caixas e caixotes personalizados<\/li>\n<li>Transporte de obras de arte<\/li>\n<li>Transporte de ve\u00edculos<\/li>\n<li>Instala\u00e7\u00f5es de armazenamento seguras<\/li>\n<\/ul>\n<p>Mudisa \u00e9 uma empresa de remo\u00e7\u00e3o, log\u00edstica e carga geral fundada em 1963 em San Salvador. Eles fornecem um servi\u00e7o internacional porta a porta em parceria com outros agentes de mudan\u00e7as internacionais, e t\u00eam sua pr\u00f3pria frota de ve\u00edculos para fazer mudan\u00e7as nacionais. Eles s\u00e3o membros do IAM com 45 anos de servi\u00e7o.<\/p>\n<p>A Mudisa oferece servi\u00e7os de mudan\u00e7a e realoca\u00e7\u00e3o para resid\u00eancias e empresas. Eles prestam servi\u00e7os em suas instala\u00e7\u00f5es existentes e novas, como embalagem e desempacotamento, o que inclui caixas e caixotes personalizados. Seus servi\u00e7os de realoca\u00e7\u00e3o incluem apoio \u00e0 imigra\u00e7\u00e3o, servi\u00e7os de chegada, orienta\u00e7\u00e3o sobre escolas, buscas em resid\u00eancias e servi\u00e7os de instala\u00e7\u00e3o.<\/p>\n<p>Website: <a href=\"http:\/\/www.mudisa.com.sv\" target=\"_blank\" rel=\"noopener\">http:\/\/www.mudisa.com.sv<\/a><\/p>","protected":false},"excerpt":{"rendered":"<p>Are you planning on moving in El Salvador or to or from El Salvador? Then you may want to employ the services of a moving company to assist you and take some of the pressure off. Below we have compiled a list of El Salvador removal companies that are members of the International Association of [&hellip;]<\/p>\n","protected":false},"author":4,"featured_media":0,"parent":190,"menu_order":0,"comment_status":"closed","ping_status":"closed","template":"","meta":{"_genesis_hide_title":false,"_genesis_hide_breadcrumbs":false,"_genesis_hide_singular_image":false,"_genesis_hide_footer_widgets":false,"_genesis_custom_body_class":"","_genesis_custom_post_class":"","_genesis_layout":"","footnotes":""},"class_list":{"0":"post-6040","1":"page","2":"type-page","3":"status-publish","5":"entry","6":"has-post-thumbnail"},"_links":{"self":[{"href":"https:\/\/moverdb.com\/pt\/wp-json\/wp\/v2\/pages\/6040","targetHints":{"allow":["GET"]}}],"collection":[{"href":"https:\/\/moverdb.com\/pt\/wp-json\/wp\/v2\/pages"}],"about":[{"href":"https:\/\/moverdb.com\/pt\/wp-json\/wp\/v2\/types\/page"}],"author":[{"embeddable":true,"href":"https:\/\/moverdb.com\/pt\/wp-json\/wp\/v2\/users\/4"}],"replies":[{"embeddable":true,"href":"https:\/\/moverdb.com\/pt\/wp-json\/wp\/v2\/comments?post=6040"}],"version-history":[{"count":3,"href":"https:\/\/moverdb.com\/pt\/wp-json\/wp\/v2\/pages\/6040\/revisions"}],"predecessor-version":[{"id":6056,"href":"https:\/\/moverdb.com\/pt\/wp-json\/wp\/v2\/pages\/6040\/revisions\/6056"}],"up":[{"embeddable":true,"href":"https:\/\/moverdb.com\/pt\/wp-json\/wp\/v2\/pages\/190"}],"wp:attachment":[{"href":"https:\/\/moverdb.com\/pt\/wp-json\/wp\/v2\/media?parent=6040"}],"curies":[{"name":"wp","href":"https:\/\/api.w.org\/{rel}","templated":true}]}}