{"id":6034,"date":"2023-02-01T13:52:21","date_gmt":"2023-02-01T13:52:21","guid":{"rendered":"https:\/\/moverdb.com\/?page_id=6034"},"modified":"2026-01-08T15:29:54","modified_gmt":"2026-01-08T15:29:54","slug":"move-companies-djibouti","status":"publish","type":"page","link":"https:\/\/moverdb.com\/pt\/moving-companies\/moving-companies-djibouti\/","title":{"rendered":"Melhores Empresas de Mudan\u00e7as Internacionais em Djibouti"},"content":{"rendered":"<p>Voc\u00ea est\u00e1 planejando uma mudan\u00e7a em Djibouti? Ou est\u00e1 se mudando de ou para Djibuti? Ent\u00e3o voc\u00ea pode querer alguma ajuda com essa mudan\u00e7a, especialmente se voc\u00ea estiver se deslocando entre pa\u00edses, pois a burocracia e o transporte podem ser complexos para navegar. A seguir, compilamos uma lista de Djibuti <a href=\"https:\/\/moverdb.com\/pt\/international-removals\/\" data-internallinksmanager029f6b8e52c=\"27\" title=\"36 melhores empresas de mudan\u00e7as internacionais no Reino Unido\">empresas de mudan\u00e7as<\/a> que s\u00e3o membros do <a href=\"https:\/\/moverdb.com\/pt\/iam\/\" data-internallinksmanager029f6b8e52c=\"23\" title=\"Associa\u00e7\u00e3o Internacional de Remotores (IAM) Explicado\">Associa\u00e7\u00e3o Internacional de Movers<\/a> (IAM) e\/ou <a href=\"https:\/\/moverdb.com\/pt\/fidi-faim\/\" data-internallinksmanager029f6b8e52c=\"16\" title=\"FIDI &amp; FAIM (FIDI Accredited International Mover) Explicado\">FIDI<\/a> Credenciado pela FAIM, que poderia ajud\u00e1-lo.<\/p>\n<h2><strong>MTI Log\u00edstica<\/strong><\/h2>\n<p><img loading=\"lazy\" decoding=\"async\" class=\"alignnone size-full wp-image-5979\" src=\"https:\/\/moverdb.com\/wp-content\/uploads\/MTI-Logistics-international-moving-company.png\" alt=\"MTI Logistics empresa de mudan\u00e7as internacionais\" width=\"1440\" height=\"682\" data-wp-pid=\"5979\" srcset=\"https:\/\/moverdb.com\/wp-content\/uploads\/MTI-Logistics-international-moving-company.png 1440w, https:\/\/moverdb.com\/wp-content\/uploads\/MTI-Logistics-international-moving-company-300x142.png 300w, https:\/\/moverdb.com\/wp-content\/uploads\/MTI-Logistics-international-moving-company-1024x485.png 1024w, https:\/\/moverdb.com\/wp-content\/uploads\/MTI-Logistics-international-moving-company-18x9.png 18w, https:\/\/moverdb.com\/wp-content\/uploads\/MTI-Logistics-international-moving-company-600x284.png 600w\" sizes=\"auto, (max-width: 1440px) 100vw, 1440px\" \/><\/p>\n<ul>\n<li>Movimentos nacionais<\/li>\n<li>Movimentos internacionais<\/li>\n<li>Departamento de reloca\u00e7\u00e3o<\/li>\n<li>Movimentos comerciais<\/li>\n<li>Servi\u00e7os de embalagem<\/li>\n<li>Transporte terrestre, mar\u00edtimo e a\u00e9reo<\/li>\n<li>Consolida\u00e7\u00e3o de embarques<\/li>\n<li>Desembara\u00e7o aduaneiro<\/li>\n<li>Gama de ve\u00edculos da frota<\/li>\n<li>Instala\u00e7\u00f5es de armazenamento<\/li>\n<\/ul>\n<p>MTI Logistics \u00e9 uma empresa de transporte de carga e log\u00edstica que oferece servi\u00e7os de movimenta\u00e7\u00e3o sob sua marca MTI Movers. Eles possuem uma grande frota de caminh\u00f5es e equipamentos de eleva\u00e7\u00e3o para apoiar seu transporte e transporte. Eles s\u00e3o membros do IAM com 15 anos de servi\u00e7o.<\/p>\n<p>MTI Logistics oferece servi\u00e7os de mudan\u00e7a e realoca\u00e7\u00e3o dentro de Djibouti e de e para Djibouti. Eles fornecem transporte rodovi\u00e1rio, mar\u00edtimo e a\u00e9reo com a consolida\u00e7\u00e3o de embarques e apoio com desembara\u00e7o aduaneiro. Eles s\u00e3o especializados em mudan\u00e7as comerciais e podem fornecer suporte com embalagem e transporte e podem fornecer instala\u00e7\u00f5es de armazenamento.<\/p>\n<p>Website: <a href=\"http:\/\/www.mti-logistics.com\" target=\"_blank\" rel=\"noopener\">http:\/\/www.mti-logistics.com<\/a><\/p>","protected":false},"excerpt":{"rendered":"<p>Are you planning a move in Djibouti? Or moving to or from Djibouti? Then you may want some help with that move especially if you are moving between countries as the paperwork and transportation can be complex to navigate. Below we have compiled a list of Djibouti removal companies that are members of the International [&hellip;]<\/p>\n","protected":false},"author":4,"featured_media":0,"parent":190,"menu_order":0,"comment_status":"closed","ping_status":"closed","template":"","meta":{"_genesis_hide_title":false,"_genesis_hide_breadcrumbs":false,"_genesis_hide_singular_image":false,"_genesis_hide_footer_widgets":false,"_genesis_custom_body_class":"","_genesis_custom_post_class":"","_genesis_layout":"","footnotes":""},"class_list":{"0":"post-6034","1":"page","2":"type-page","3":"status-publish","5":"entry","6":"has-post-thumbnail"},"_links":{"self":[{"href":"https:\/\/moverdb.com\/pt\/wp-json\/wp\/v2\/pages\/6034","targetHints":{"allow":["GET"]}}],"collection":[{"href":"https:\/\/moverdb.com\/pt\/wp-json\/wp\/v2\/pages"}],"about":[{"href":"https:\/\/moverdb.com\/pt\/wp-json\/wp\/v2\/types\/page"}],"author":[{"embeddable":true,"href":"https:\/\/moverdb.com\/pt\/wp-json\/wp\/v2\/users\/4"}],"replies":[{"embeddable":true,"href":"https:\/\/moverdb.com\/pt\/wp-json\/wp\/v2\/comments?post=6034"}],"version-history":[{"count":1,"href":"https:\/\/moverdb.com\/pt\/wp-json\/wp\/v2\/pages\/6034\/revisions"}],"predecessor-version":[{"id":6035,"href":"https:\/\/moverdb.com\/pt\/wp-json\/wp\/v2\/pages\/6034\/revisions\/6035"}],"up":[{"embeddable":true,"href":"https:\/\/moverdb.com\/pt\/wp-json\/wp\/v2\/pages\/190"}],"wp:attachment":[{"href":"https:\/\/moverdb.com\/pt\/wp-json\/wp\/v2\/media?parent=6034"}],"curies":[{"name":"wp","href":"https:\/\/api.w.org\/{rel}","templated":true}]}}