{"id":6026,"date":"2023-02-01T13:47:16","date_gmt":"2023-02-01T13:47:16","guid":{"rendered":"https:\/\/moverdb.com\/?page_id=6026"},"modified":"2026-01-08T15:29:04","modified_gmt":"2026-01-08T15:29:04","slug":"move-companies-czech-republic","status":"publish","type":"page","link":"https:\/\/moverdb.com\/pt\/moving-companies\/moving-companies-czech-republic\/","title":{"rendered":"5 Melhores Empresas de Mudan\u00e7as Internacionais na Rep\u00fablica Tcheca"},"content":{"rendered":"<p>A mudan\u00e7a pode ser um momento estressante e \u00e9 por isso que muitas pessoas buscam a assist\u00eancia de um <a href=\"https:\/\/moverdb.com\/pt\/moving-companies\/\" data-internallinksmanager029f6b8e52c=\"79\" title=\"As 25 maiores empresas de mudan\u00e7as internacionais on-line\">empresa de mudan\u00e7as<\/a> para ajudar a aliviar o fardo. Se voc\u00ea estiver se mudando ou mudando sua empresa local ou internacionalmente, h\u00e1 uma empresa que pode ajudar. Abaixo, compilamos uma lista de <a href=\"https:\/\/moverdb.com\/pt\/moving-to-the-czech-republic\/\" data-internallinksmanager029f6b8e52c=\"391\" title=\"Est\u00e1 se mudando para a Rep\u00fablica Tcheca? 2024 Custo de vida e dicas de realoca\u00e7\u00e3o\">Rep\u00fablica Tcheca<\/a> <a href=\"https:\/\/moverdb.com\/pt\/international-removals\/\" data-internallinksmanager029f6b8e52c=\"27\" title=\"36 melhores empresas de mudan\u00e7as internacionais no Reino Unido\">empresas de mudan\u00e7as<\/a> que s\u00e3o membros do <a href=\"https:\/\/moverdb.com\/pt\/iam\/\" data-internallinksmanager029f6b8e52c=\"23\" title=\"Associa\u00e7\u00e3o Internacional de Remotores (IAM) Explicado\">Associa\u00e7\u00e3o Internacional de Movers<\/a> (IAM) e\/ou <a href=\"https:\/\/moverdb.com\/pt\/fidi-faim\/\" data-internallinksmanager029f6b8e52c=\"16\" title=\"FIDI &amp; FAIM (FIDI Accredited International Mover) Explicado\">FIDI<\/a> Credenciado pela FAIM, que poderia lhe ajudar.<\/p>\n<div id=\"ez-toc-container\" class=\"ez-toc-v2_0_82_2 ez-toc-wrap-left counter-hierarchy ez-toc-counter ez-toc-transparent ez-toc-container-direction\">\n<div class=\"ez-toc-title-container\">\n<p class=\"ez-toc-title\" style=\"cursor:inherit\">Se\u00e7\u00f5es<\/p>\n<span class=\"ez-toc-title-toggle\"><a href=\"#\" class=\"ez-toc-pull-right ez-toc-btn ez-toc-btn-xs ez-toc-btn-default ez-toc-toggle\" aria-label=\"Alternar tabela de conte\u00fado\"><span class=\"ez-toc-js-icon-con\"><span class=\"\"><span class=\"eztoc-hide\" style=\"display:none;\">Alternar<\/span><span class=\"ez-toc-icon-toggle-span\"><svg style=\"fill: #999;color:#999\" xmlns=\"http:\/\/www.w3.org\/2000\/svg\" class=\"list-377408\" width=\"20px\" height=\"20px\" viewbox=\"0 0 24 24\" fill=\"none\"><path d=\"M6 6H4v2h2V6zm14 0H8v2h12V6zM4 11h2v2H4v-2zm16 0H8v2h12v-2zM4 16h2v2H4v-2zm16 0H8v2h12v-2z\" fill=\"currentColor\"><\/path><\/svg><svg style=\"fill: #999;color:#999\" class=\"arrow-unsorted-368013\" xmlns=\"http:\/\/www.w3.org\/2000\/svg\" width=\"10px\" height=\"10px\" viewbox=\"0 0 24 24\" version=\"1.2\" baseprofile=\"tiny\"><path d=\"M18.2 9.3l-6.2-6.3-6.2 6.3c-.2.2-.3.4-.3.7s.1.5.3.7c.2.2.4.3.7.3h11c.3 0 .5-.1.7-.3.2-.2.3-.5.3-.7s-.1-.5-.3-.7zM5.8 14.7l6.2 6.3 6.2-6.3c.2-.2.3-.5.3-.7s-.1-.5-.3-.7c-.2-.2-.4-.3-.7-.3h-11c-.3 0-.5.1-.7.3-.2.2-.3.5-.3.7s.1.5.3.7z\"\/><\/svg><\/span><\/span><\/span><\/a><\/span><\/div>\n<nav><ul class='ez-toc-list ez-toc-list-level-1 eztoc-toggle-hide-by-default' ><li class='ez-toc-page-1 ez-toc-heading-level-2'><a class=\"ez-toc-link ez-toc-heading-1\" href=\"https:\/\/moverdb.com\/pt\/moving-companies\/moving-companies-czech-republic\/#1_Santa_Fe_Relocation\" >1. Deslocaliza\u00e7\u00e3o de Santa Fe<\/a><\/li><li class='ez-toc-page-1 ez-toc-heading-level-2'><a class=\"ez-toc-link ez-toc-heading-2\" href=\"https:\/\/moverdb.com\/pt\/moving-companies\/moving-companies-czech-republic\/#2_Voerman_International\" >2. Voerman Internacional<\/a><\/li><li class='ez-toc-page-1 ez-toc-heading-level-2'><a class=\"ez-toc-link ez-toc-heading-3\" href=\"https:\/\/moverdb.com\/pt\/moving-companies\/moving-companies-czech-republic\/#3_Gosselin\" >3. Gosselin<\/a><\/li><li class='ez-toc-page-1 ez-toc-heading-level-2'><a class=\"ez-toc-link ez-toc-heading-4\" href=\"https:\/\/moverdb.com\/pt\/moving-companies\/moving-companies-czech-republic\/#4_KAE_International_Movers\" >4. KAE International Movers<\/a><\/li><li class='ez-toc-page-1 ez-toc-heading-level-2'><a class=\"ez-toc-link ez-toc-heading-5\" href=\"https:\/\/moverdb.com\/pt\/moving-companies\/moving-companies-czech-republic\/#5_Fenix_Shipping\" >5. Expedi\u00e7\u00e3o do F\u00eanix<\/a><\/li><li class='ez-toc-page-1 ez-toc-heading-level-2'><a class=\"ez-toc-link ez-toc-heading-6\" href=\"https:\/\/moverdb.com\/pt\/moving-companies\/moving-companies-czech-republic\/#Other_Useful_Guides_to_the_Czech_Republic\" >Outros guias \u00fateis para a Rep\u00fablica Tcheca<\/a><\/li><\/ul><\/nav><\/div>\n<h2><span class=\"ez-toc-section\" id=\"1_Santa_Fe_Relocation\"><\/span><strong>1. Deslocaliza\u00e7\u00e3o de Santa Fe<\/strong><span class=\"ez-toc-section-end\"><\/span><\/h2>\n<p><img loading=\"lazy\" decoding=\"async\" class=\"alignnone size-full wp-image-6030\" src=\"https:\/\/moverdb.com\/wp-content\/uploads\/Santa-Fe-Relocation-Prague-international-moving-company.png\" alt=\"Santa Fe Relocaliza\u00e7\u00e3o Praga empresa de mudan\u00e7as internacionais\" width=\"1440\" height=\"683\" data-wp-pid=\"6030\" srcset=\"https:\/\/moverdb.com\/wp-content\/uploads\/Santa-Fe-Relocation-Prague-international-moving-company.png 1440w, https:\/\/moverdb.com\/wp-content\/uploads\/Santa-Fe-Relocation-Prague-international-moving-company-300x142.png 300w, https:\/\/moverdb.com\/wp-content\/uploads\/Santa-Fe-Relocation-Prague-international-moving-company-1024x486.png 1024w, https:\/\/moverdb.com\/wp-content\/uploads\/Santa-Fe-Relocation-Prague-international-moving-company-18x9.png 18w, https:\/\/moverdb.com\/wp-content\/uploads\/Santa-Fe-Relocation-Prague-international-moving-company-600x285.png 600w\" sizes=\"auto, (max-width: 1440px) 100vw, 1440px\" \/><\/p>\n<ul>\n<li>Mudan\u00e7as locais<\/li>\n<li>Movimentos internacionais<\/li>\n<li>Mudan\u00e7as dom\u00e9sticas<\/li>\n<li>Mudan\u00e7as corporativas<\/li>\n<li>Servi\u00e7o de embalagem utilizando materiais de alta qualidade<\/li>\n<li>Transporte por terra, ar ou mar<\/li>\n<li>Desembara\u00e7o aduaneiro<\/li>\n<li>Visto e apoio \u00e0 imigra\u00e7\u00e3o<\/li>\n<li>Transporte de animais de estima\u00e7\u00e3o e ve\u00edculos<\/li>\n<li>Instala\u00e7\u00f5es de armazenamento de curto a longo prazo<\/li>\n<\/ul>\n<p>Santa Fe Relocation \u00e9 uma empresa internacional de mudan\u00e7a e realoca\u00e7\u00e3o com escrit\u00f3rios em pa\u00edses-chave. Eles abriram seu escrit\u00f3rio em Praga em 1992, oferecendo tanto mudan\u00e7as residenciais quanto corporativas. Eles s\u00e3o membros do IAM com 30 anos de servi\u00e7o e s\u00e3o credenciados pelo FIDI.<\/p>\n<p>Santa Fe Relocation oferece uma consulta pr\u00e9-movimento no local para avaliar suas necessidades. Eles oferecem um servi\u00e7o profissional de embalagem incluindo a cataloga\u00e7\u00e3o de tudo e utilizando os melhores materiais e t\u00e9cnicas de embalagem. Eles providenciar\u00e3o o transporte por terra, ar ou mar com libera\u00e7\u00e3o alfandeg\u00e1ria. Eles oferecem servi\u00e7os adicionais, incluindo seguro, armazenamento, busca em casa e na escola, servi\u00e7os de acomoda\u00e7\u00e3o, transporte de animais de estima\u00e7\u00e3o e ve\u00edculos.<\/p>\n<p>Website: <a href=\"https:\/\/www.santaferelo.com\/en\/contact\/our-offices\/czech-republic-prague\/\" target=\"_blank\" rel=\"noopener\">https:\/\/www.santaferelo.com\/en\/contact\/our-offices\/czech-republic-prague\/<\/a><\/p>\n<h2><span class=\"ez-toc-section\" id=\"2_Voerman_International\"><\/span><strong>2. Voerman Internacional<\/strong><span class=\"ez-toc-section-end\"><\/span><\/h2>\n<p><img loading=\"lazy\" decoding=\"async\" class=\"alignnone size-full wp-image-6011\" src=\"https:\/\/moverdb.com\/wp-content\/uploads\/Voerman-international-moving-company.png\" alt=\"Empresa de mudan\u00e7as internacionais Voerman\" width=\"1440\" height=\"683\" data-wp-pid=\"6011\" srcset=\"https:\/\/moverdb.com\/wp-content\/uploads\/Voerman-international-moving-company.png 1440w, https:\/\/moverdb.com\/wp-content\/uploads\/Voerman-international-moving-company-300x142.png 300w, https:\/\/moverdb.com\/wp-content\/uploads\/Voerman-international-moving-company-1024x486.png 1024w, https:\/\/moverdb.com\/wp-content\/uploads\/Voerman-international-moving-company-18x9.png 18w, https:\/\/moverdb.com\/wp-content\/uploads\/Voerman-international-moving-company-600x285.png 600w\" sizes=\"auto, (max-width: 1440px) 100vw, 1440px\" \/><\/p>\n<ul>\n<li>Movimentos nacionais<\/li>\n<li>Movimentos internacionais<\/li>\n<li>Servi\u00e7os de reloca\u00e7\u00e3o<\/li>\n<li>Imigra\u00e7\u00e3o e assist\u00eancia para vistos<\/li>\n<li>Assist\u00eancia para encontrar uma casa e escola<\/li>\n<li>Transporte de ve\u00edculos<\/li>\n<li>Realoca\u00e7\u00e3o de animais<\/li>\n<li>Seguros<\/li>\n<li>Armazenamento de curto a longo prazo<\/li>\n<li>Movimentos sustent\u00e1veis a partir de fevereiro de 2023<\/li>\n<\/ul>\n<p>A Voerman International \u00e9 uma empresa de mudan\u00e7as e realoca\u00e7\u00e3o que opera desde 1986, com escrit\u00f3rios nos Estados Unidos e na Europa. <a href=\"https:\/\/moverdb.com\/pt\/moving-to-the-netherlands\/\" data-internallinksmanager029f6b8e52c=\"328\" title=\"Est\u00e1 se mudando para a Holanda? 2026 Custo de vida e dicas de realoca\u00e7\u00e3o\">Pa\u00edses Baixos<\/a>R\u00fassia, Rep\u00fablica Tcheca e <a href=\"https:\/\/moverdb.com\/pt\/moving-to-poland\/\" data-internallinksmanager029f6b8e52c=\"378\" title=\"Mudan\u00e7a para a Pol\u00f4nia? 2026 Custo de vida e dicas de realoca\u00e7\u00e3o\">Pol\u00f4nia<\/a>. Eles trabalham em colabora\u00e7\u00e3o com outras ag\u00eancias internacionais de mudan\u00e7as para prestar servi\u00e7os em todo o mundo. Eles s\u00e3o membros da IAM com 26 anos de servi\u00e7o, membros da <a href=\"https:\/\/moverdb.com\/pt\/harmony-relocation-network\/\" data-internallinksmanager029f6b8e52c=\"20\" title=\"Harmony Relocation Network (HRN) Explicado\">Rede Harmony Relocation<\/a> e s\u00e3o credenciados pelo FIDI.<\/p>\n<p>A Voerman International oferece um servi\u00e7o abrangente que inclui servi\u00e7os pr\u00e9 e p\u00f3s-servi\u00e7os, tais como servi\u00e7os de partida completando a papelada, imigra\u00e7\u00e3o e assist\u00eancia para vistos. Eles tamb\u00e9m oferecem servi\u00e7os de instala\u00e7\u00e3o, assist\u00eancia para encontrar uma casa e escola, servi\u00e7os de artes\u00e3os, treinamento cultural e de idiomas.<\/p>\n<p>Website: <a href=\"https:\/\/www.voerman.com\/\" target=\"_blank\" rel=\"noopener\">https:\/\/www.voerman.com\/<\/a><\/p>\n<h2><span class=\"ez-toc-section\" id=\"3_Gosselin\"><\/span><strong>3. Gosselin<\/strong><span class=\"ez-toc-section-end\"><\/span><\/h2>\n<p><img loading=\"lazy\" decoding=\"async\" class=\"alignnone size-full wp-image-5954\" src=\"https:\/\/moverdb.com\/wp-content\/uploads\/Gosselin-Czech-Republic-international-moving-company.png\" alt=\"Gosselin Empresa de mudan\u00e7as internacionais da Rep\u00fablica Tcheca\" width=\"1440\" height=\"682\" data-wp-pid=\"5954\" srcset=\"https:\/\/moverdb.com\/wp-content\/uploads\/Gosselin-Czech-Republic-international-moving-company.png 1440w, https:\/\/moverdb.com\/wp-content\/uploads\/Gosselin-Czech-Republic-international-moving-company-300x142.png 300w, https:\/\/moverdb.com\/wp-content\/uploads\/Gosselin-Czech-Republic-international-moving-company-1024x485.png 1024w, https:\/\/moverdb.com\/wp-content\/uploads\/Gosselin-Czech-Republic-international-moving-company-18x9.png 18w, https:\/\/moverdb.com\/wp-content\/uploads\/Gosselin-Czech-Republic-international-moving-company-600x284.png 600w\" sizes=\"auto, (max-width: 1440px) 100vw, 1440px\" \/><\/p>\n<ul>\n<li>Movimentos internacionais<\/li>\n<li>Servi\u00e7os de reloca\u00e7\u00e3o<\/li>\n<li>Mudan\u00e7as dom\u00e9sticas<\/li>\n<li>Mudan\u00e7as de escrit\u00f3rio<\/li>\n<li>Servi\u00e7o de embalagem utilizando materiais premium<\/li>\n<li>Transporte terrestre ou mar\u00edtimo<\/li>\n<li>Transporte de belas artes<\/li>\n<li>Realoca\u00e7\u00e3o de animais<\/li>\n<li>Transporte de ve\u00edculos<\/li>\n<li>Instala\u00e7\u00f5es de armazenamento<\/li>\n<\/ul>\n<p>Gosselin \u00e9 um prestador de servi\u00e7os de mudan\u00e7as internacionais com escrit\u00f3rios em toda a Europa, incluindo Praga, que foi criada em 1992. Eles tamb\u00e9m t\u00eam uma rede de parcerias em todo o mundo para realizar mudan\u00e7as internacionais. Eles s\u00e3o membros do IAM com 30 anos de servi\u00e7o.<\/p>\n<p>Gosselin oferece um servi\u00e7o de mudan\u00e7a experiente que pode mover artigos dom\u00e9sticos, escrit\u00f3rios, ve\u00edculos motorizados, animais de estima\u00e7\u00e3o e artes pl\u00e1sticas dentro e fora da Rep\u00fablica Tcheca. Eles ir\u00e3o embalar seus pertences a um alto padr\u00e3o usando materiais de embalagem premium. Eles providenciar\u00e3o o transporte por terra ou mar at\u00e9 o seu destino. Eles prestam servi\u00e7os a indiv\u00edduos, empresas, diplomatas e embaixadas.<\/p>\n<p>Website: <a href=\"https:\/\/gosselin-moving.com\/en\/czech-republic\" target=\"_blank\" rel=\"noopener\">https:\/\/gosselin-moving.com\/en\/czech-republic<\/a><\/p>\n<h2><span class=\"ez-toc-section\" id=\"4_KAE_International_Movers\"><\/span><strong>4. KAE International Movers<\/strong><span class=\"ez-toc-section-end\"><\/span><\/h2>\n<p><img loading=\"lazy\" decoding=\"async\" class=\"alignnone size-full wp-image-6028\" src=\"https:\/\/moverdb.com\/wp-content\/uploads\/KAE-International-Movers-international-moving-company.png\" alt=\"KAE International Movers International Movers international moving company\" width=\"1440\" height=\"681\" data-wp-pid=\"6028\" srcset=\"https:\/\/moverdb.com\/wp-content\/uploads\/KAE-International-Movers-international-moving-company.png 1440w, https:\/\/moverdb.com\/wp-content\/uploads\/KAE-International-Movers-international-moving-company-300x142.png 300w, https:\/\/moverdb.com\/wp-content\/uploads\/KAE-International-Movers-international-moving-company-1024x484.png 1024w, https:\/\/moverdb.com\/wp-content\/uploads\/KAE-International-Movers-international-moving-company-18x9.png 18w, https:\/\/moverdb.com\/wp-content\/uploads\/KAE-International-Movers-international-moving-company-600x284.png 600w\" sizes=\"auto, (max-width: 1440px) 100vw, 1440px\" \/><\/p>\n<ul>\n<li>Movimentos nacionais<\/li>\n<li>Movimentos internacionais<\/li>\n<li>Mudan\u00e7as dom\u00e9sticas<\/li>\n<li>Mudan\u00e7as de escrit\u00f3rio<\/li>\n<li>Servi\u00e7os de embalagem<\/li>\n<li>Apoio alfandeg\u00e1rio<\/li>\n<li>Seguros<\/li>\n<li>Transporte de belas artes<\/li>\n<li>Transporte de ve\u00edculos<\/li>\n<li>Solu\u00e7\u00f5es de armazenamento<\/li>\n<\/ul>\n<p>A KAE International Movers \u00e9 um prestador de servi\u00e7os de mudan\u00e7a e realoca\u00e7\u00e3o que tem escrit\u00f3rios na Rep\u00fablica Tcheca e <a href=\"https:\/\/moverdb.com\/pt\/moving-to-greece\/\" data-internallinksmanager029f6b8e52c=\"353\" title=\"Est\u00e1 se mudando para a Gr\u00e9cia? 2026 Custo de vida e dicas de realoca\u00e7\u00e3o\">Gr\u00e9cia<\/a>. Eles trabalham com agentes de mudan\u00e7as internacionais para oferecer seus servi\u00e7os em todo o mundo. Eles s\u00e3o membros do IAM com 8 anos de servi\u00e7o.<\/p>\n<p>A KAE International Movers oferece uma pesquisa inicial para avaliar suas necessidades de mudan\u00e7a e criar uma cota\u00e7\u00e3o. Eles fornecem um servi\u00e7o profissional de embalagem para casas e escrit\u00f3rios que os proteger\u00e1 e os rotular\u00e1 para o transporte por terra, ar ou mar. Eles o ajudar\u00e3o com o desembara\u00e7o aduaneiro e documentos. Eles tamb\u00e9m fornecem servi\u00e7os especializados de transporte para artes pl\u00e1sticas e ve\u00edculos.<\/p>\n<p>Website: <a href=\"http:\/\/www.kaeintlmovers.com\" target=\"_blank\" rel=\"noopener\">http:\/\/www.kaeintlmovers.com<\/a><\/p>\n<h2><span class=\"ez-toc-section\" id=\"5_Fenix_Shipping\"><\/span><strong>5. Expedi\u00e7\u00e3o do F\u00eanix<\/strong><span class=\"ez-toc-section-end\"><\/span><\/h2>\n<p><img loading=\"lazy\" decoding=\"async\" class=\"alignnone size-full wp-image-6027\" src=\"https:\/\/moverdb.com\/wp-content\/uploads\/Fenix-Shipping-international-moving-company.png\" alt=\"Empresa de mudan\u00e7as internacionais da Fenix Shipping\" width=\"1440\" height=\"683\" data-wp-pid=\"6027\" srcset=\"https:\/\/moverdb.com\/wp-content\/uploads\/Fenix-Shipping-international-moving-company.png 1440w, https:\/\/moverdb.com\/wp-content\/uploads\/Fenix-Shipping-international-moving-company-300x142.png 300w, https:\/\/moverdb.com\/wp-content\/uploads\/Fenix-Shipping-international-moving-company-1024x486.png 1024w, https:\/\/moverdb.com\/wp-content\/uploads\/Fenix-Shipping-international-moving-company-18x9.png 18w, https:\/\/moverdb.com\/wp-content\/uploads\/Fenix-Shipping-international-moving-company-600x285.png 600w\" sizes=\"auto, (max-width: 1440px) 100vw, 1440px\" \/><\/p>\n<ul>\n<li>Movimentos nacionais<\/li>\n<li>Movimentos internacionais<\/li>\n<li>Servi\u00e7os de reloca\u00e7\u00e3o<\/li>\n<li>Mudan\u00e7as dom\u00e9sticas<\/li>\n<li>Servi\u00e7o de embalagem<\/li>\n<li>Estrada, mar e ar<\/li>\n<li>Apoio alfandeg\u00e1rio<\/li>\n<li>Servi\u00e7os de limpeza<\/li>\n<li>Transporte de animais<\/li>\n<li>Instala\u00e7\u00f5es de armazenamento de curto a longo prazo<\/li>\n<\/ul>\n<p>A Fenix Shipping \u00e9 um fornecedor de mudan\u00e7as internacionais com sede em Praga que oferece servi\u00e7os de mudan\u00e7as dentro da Rep\u00fablica Tcheca e para e da Rep\u00fablica Tcheca. Eles trabalham com parceiros de todo o mundo para oferecer seus servi\u00e7os internacionais. Eles s\u00e3o membros do IAM com 7 anos de servi\u00e7o.<\/p>\n<p>A Fenix Shipping oferece um servi\u00e7o completo de mudan\u00e7a que inclui servi\u00e7os de embalagem para proteger seus pertences e ir\u00e1 carregar seus pertences e organizar o transporte por terra, mar ou ar. Eles tamb\u00e9m providenciam servi\u00e7os e documentos alfandeg\u00e1rios para apoiar sua mudan\u00e7a. Seus servi\u00e7os de realoca\u00e7\u00e3o tamb\u00e9m ajudam na limpeza e no aluguel de carros.<\/p>\n<p>Website: <a href=\"http:\/\/www.fenixshipping.cz\" target=\"_blank\" rel=\"noopener\">http:\/\/www.fenixshipping.cz<\/a><\/p>\n<h2><span class=\"ez-toc-section\" id=\"Other_Useful_Guides_to_the_Czech_Republic\"><\/span>Outros guias \u00fateis para a Rep\u00fablica Tcheca<span class=\"ez-toc-section-end\"><\/span><\/h2>\n<ul>\n<li> <a href=\"https:\/\/moverdb.com\/pt\/moving-to-the-czech-republic\/\">Est\u00e1 se mudando para a Rep\u00fablica Tcheca? 2024 Custo de vida e dicas de realoca\u00e7\u00e3o<\/a><\/li>\n<li> <a href=\"https:\/\/moverdb.com\/pt\/moving-to-the-czech-republic\/best-places-to-live-in-czech-republic\/\">12 melhores lugares para se viver na Rep\u00fablica Tcheca<\/a><\/li>\n<li> <a href=\"https:\/\/moverdb.com\/pt\/?page_id=9648&#038;preview=true\">21 segredos sobre como viver na Rep\u00fablica Tcheca para saber antes de se mudar<\/a><\/li>\n<li> <a href=\"https:\/\/moverdb.com\/pt\/transporte-de-conteineres\/czech-republic\/\">2024 Tarifas de remessa de cont\u00eaineres de frete mar\u00edtimo de e para a Rep\u00fablica Tcheca<\/a><\/li>\n<\/ul>","protected":false},"excerpt":{"rendered":"<p>Moving can be a stressful time which is why many people seek the assistance of a moving company to help ease the burden. Whether you are moving yourself or your business locally or internationally, there is a company that can help. Below we have compiled a list of Czech Republic removal companies that are members [&hellip;]<\/p>\n","protected":false},"author":4,"featured_media":0,"parent":190,"menu_order":0,"comment_status":"closed","ping_status":"closed","template":"","meta":{"_genesis_hide_title":false,"_genesis_hide_breadcrumbs":false,"_genesis_hide_singular_image":false,"_genesis_hide_footer_widgets":false,"_genesis_custom_body_class":"","_genesis_custom_post_class":"","_genesis_layout":"","footnotes":""},"class_list":{"0":"post-6026","1":"page","2":"type-page","3":"status-publish","5":"entry","6":"has-post-thumbnail"},"_links":{"self":[{"href":"https:\/\/moverdb.com\/pt\/wp-json\/wp\/v2\/pages\/6026","targetHints":{"allow":["GET"]}}],"collection":[{"href":"https:\/\/moverdb.com\/pt\/wp-json\/wp\/v2\/pages"}],"about":[{"href":"https:\/\/moverdb.com\/pt\/wp-json\/wp\/v2\/types\/page"}],"author":[{"embeddable":true,"href":"https:\/\/moverdb.com\/pt\/wp-json\/wp\/v2\/users\/4"}],"replies":[{"embeddable":true,"href":"https:\/\/moverdb.com\/pt\/wp-json\/wp\/v2\/comments?post=6026"}],"version-history":[{"count":4,"href":"https:\/\/moverdb.com\/pt\/wp-json\/wp\/v2\/pages\/6026\/revisions"}],"predecessor-version":[{"id":16359,"href":"https:\/\/moverdb.com\/pt\/wp-json\/wp\/v2\/pages\/6026\/revisions\/16359"}],"up":[{"embeddable":true,"href":"https:\/\/moverdb.com\/pt\/wp-json\/wp\/v2\/pages\/190"}],"wp:attachment":[{"href":"https:\/\/moverdb.com\/pt\/wp-json\/wp\/v2\/media?parent=6026"}],"curies":[{"name":"wp","href":"https:\/\/api.w.org\/{rel}","templated":true}]}}