{"id":6024,"date":"2023-02-01T12:30:48","date_gmt":"2023-02-01T12:30:48","guid":{"rendered":"https:\/\/moverdb.com\/?page_id=6024"},"modified":"2026-01-08T15:23:41","modified_gmt":"2026-01-08T15:23:41","slug":"move-companies-in-cyprus","status":"publish","type":"page","link":"https:\/\/moverdb.com\/pt\/moving-companies\/moving-companies-in-cyprus\/","title":{"rendered":"2 Melhores Empresas de Mudan\u00e7as Internacionais no Chipre"},"content":{"rendered":"<p>Se voc\u00ea estiver mudando de casa em <a href=\"https:\/\/moverdb.com\/pt\/moving-to-cyprus\/\" data-internallinksmanager029f6b8e52c=\"377\" title=\"Mudan\u00e7a para o Chipre? 2026 Custo de vida e dicas de realoca\u00e7\u00e3o\">Chipre<\/a>Se voc\u00ea est\u00e1 se mudando para ou do Chipre, talvez queira a ajuda de uma empresa de mudan\u00e7as ou de um escrit\u00f3rio de advocacia. <a href=\"https:\/\/moverdb.com\/pt\/relocation-agents\/\" data-internallinksmanager029f6b8e52c=\"1\" title=\"7 Raz\u00f5es Porque voc\u00ea deve usar um agente de realoca\u00e7\u00e3o?\">agente de recoloca\u00e7\u00e3o<\/a> que pode tirar parte do estresse. A seguir, compilamos uma lista de Chipre <a href=\"https:\/\/moverdb.com\/pt\/international-removals\/\" data-internallinksmanager029f6b8e52c=\"27\" title=\"36 melhores empresas de mudan\u00e7as internacionais no Reino Unido\">empresas de mudan\u00e7as<\/a> que s\u00e3o membros do <a href=\"https:\/\/moverdb.com\/pt\/iam\/\" data-internallinksmanager029f6b8e52c=\"23\" title=\"Associa\u00e7\u00e3o Internacional de Remotores (IAM) Explicado\">Associa\u00e7\u00e3o Internacional de Movers<\/a> (IAM) e\/ou <a href=\"https:\/\/moverdb.com\/pt\/fidi-faim\/\" data-internallinksmanager029f6b8e52c=\"16\" title=\"FIDI &amp; FAIM (FIDI Accredited International Mover) Explicado\">FIDI<\/a> Credenciado pela FAIM, que poderia ajud\u00e1-lo.<\/p>\n<h2><strong>1. Columbia Worldwide Movers<\/strong><\/h2>\n<p><img loading=\"lazy\" decoding=\"async\" class=\"alignnone size-full wp-image-5936\" src=\"https:\/\/moverdb.com\/wp-content\/uploads\/Columbia-Worldwide-Movers-international-moving-company.png\" alt=\"Columbia Worldwide Movers empresa de mudan\u00e7as internacionais\" width=\"1440\" height=\"682\" data-wp-pid=\"5936\" srcset=\"https:\/\/moverdb.com\/wp-content\/uploads\/Columbia-Worldwide-Movers-international-moving-company.png 1440w, https:\/\/moverdb.com\/wp-content\/uploads\/Columbia-Worldwide-Movers-international-moving-company-300x142.png 300w, https:\/\/moverdb.com\/wp-content\/uploads\/Columbia-Worldwide-Movers-international-moving-company-1024x485.png 1024w, https:\/\/moverdb.com\/wp-content\/uploads\/Columbia-Worldwide-Movers-international-moving-company-18x9.png 18w, https:\/\/moverdb.com\/wp-content\/uploads\/Columbia-Worldwide-Movers-international-moving-company-600x284.png 600w\" sizes=\"auto, (max-width: 1440px) 100vw, 1440px\" \/><\/p>\n<ul>\n<li>Movimentos nacionais<\/li>\n<li>Movimentos internacionais<\/li>\n<li>Servi\u00e7os de reloca\u00e7\u00e3o<\/li>\n<li>Mudan\u00e7as dom\u00e9sticas<\/li>\n<li>Movimentos comerciais<\/li>\n<li>Servi\u00e7os de embalagem<\/li>\n<li>Terra, mar e ar<\/li>\n<li>Transporte de animais<\/li>\n<li><a href=\"https:\/\/moverdb.com\/pt\/car-transport-shipping\/\" data-internallinksmanager029f6b8e52c=\"2\" title=\"2026 Cota\u00e7\u00f5es de transporte internacional de carros e envio de ve\u00edculos\">Envio de ve\u00edculos<\/a><\/li>\n<li>Instala\u00e7\u00f5es de armazenamento<\/li>\n<\/ul>\n<p>A Columbia Worldwide Movers foi fundada em 1994 como um fornecedor de servi\u00e7os de mudan\u00e7a e armazenamento. Eles oferecem servi\u00e7os de mudan\u00e7a e realoca\u00e7\u00e3o nacional e internacional para resid\u00eancias e empresas. Eles oferecem suas mudan\u00e7as internacionais em parceria com agentes de mudan\u00e7a de confian\u00e7a em outros pa\u00edses. Eles s\u00e3o membros do IAM com 28 anos de servi\u00e7o e s\u00e3o credenciados pelo FIDI.<\/p>\n<p>A Columbia Worldwide Movers fornece solu\u00e7\u00f5es de movimenta\u00e7\u00e3o personalizadas que oferecem um servi\u00e7o porta-a-porta que inclui a organiza\u00e7\u00e3o da embalagem de seus pertences e a organiza\u00e7\u00e3o do embarque por terra, mar ou ar com libera\u00e7\u00e3o alfandeg\u00e1ria. Eles tamb\u00e9m oferecem servi\u00e7os especializados de transporte para animais de estima\u00e7\u00e3o e ve\u00edculos.<\/p>\n<p>Website: <a href=\"http:\/\/www.columbiamovers.com\" target=\"_blank\" rel=\"noopener\">http:\/\/www.columbiamovers.com<\/a><\/p>\n<h2><strong>2. Movimenta\u00e7\u00e3o e armazenamento em \u00f3rbita<\/strong><\/h2>\n<p><img loading=\"lazy\" decoding=\"async\" class=\"alignnone size-full wp-image-5988\" src=\"https:\/\/moverdb.com\/wp-content\/uploads\/Orbit-Moving-and-Storage-international-moving-company.png\" alt=\"Orbit Moving and Storage International Moving Company\" width=\"1440\" height=\"679\" data-wp-pid=\"5988\" srcset=\"https:\/\/moverdb.com\/wp-content\/uploads\/Orbit-Moving-and-Storage-international-moving-company.png 1440w, https:\/\/moverdb.com\/wp-content\/uploads\/Orbit-Moving-and-Storage-international-moving-company-300x141.png 300w, https:\/\/moverdb.com\/wp-content\/uploads\/Orbit-Moving-and-Storage-international-moving-company-1024x483.png 1024w, https:\/\/moverdb.com\/wp-content\/uploads\/Orbit-Moving-and-Storage-international-moving-company-18x8.png 18w, https:\/\/moverdb.com\/wp-content\/uploads\/Orbit-Moving-and-Storage-international-moving-company-600x283.png 600w\" sizes=\"auto, (max-width: 1440px) 100vw, 1440px\" \/><\/p>\n<ul>\n<li>Mudan\u00e7as locais<\/li>\n<li>Movimentos internacionais<\/li>\n<li>Servi\u00e7os de reloca\u00e7\u00e3o<\/li>\n<li>Mudan\u00e7as residenciais<\/li>\n<li>Mudan\u00e7as de escrit\u00f3rios<\/li>\n<li>Servi\u00e7os de embalagem<\/li>\n<li>Transporte de belas artes<\/li>\n<li>Transporte de animais de estima\u00e7\u00e3o<\/li>\n<li>Envio de ve\u00edculos<\/li>\n<li>Servi\u00e7os de armazenagem<\/li>\n<\/ul>\n<p>A Orbit Moving and Storage \u00e9 uma empresa internacional de mudan\u00e7as e armazenagem que atua no mercado desde 1982. Eles fazem parte do Grupo Orphee Beingoglou de empresas que s\u00e3o fornecedores de transporte e log\u00edstica. Eles t\u00eam uma rede mundial de agentes de mudan\u00e7as para auxiliar nas mudan\u00e7as internacionais. Eles s\u00e3o membros do IAM com 40 anos de servi\u00e7o e s\u00e3o credenciados pelo FIDI.<\/p>\n<p>A Orbit Moving and Storage oferece servi\u00e7os de mudan\u00e7a pessoal e comercial que s\u00e3o entregues utilizando a mais recente tecnologia e materiais de embalagem. Eles oferecem um servi\u00e7o profissional de embalagem e organizar\u00e3o o transporte de seus pertences, incluindo um servi\u00e7o especializado para artes pl\u00e1sticas, animais de estima\u00e7\u00e3o e ve\u00edculos.<\/p>\n<p>Website: <a href=\"http:\/\/www.orbitcy.com\/\" target=\"_blank\" rel=\"noopener\">http:\/\/www.orbitcy.com\/<\/a><\/p>\n<p>Veja tamb\u00e9m:<\/p>\n<ul>\n<li> <a href=\"https:\/\/moverdb.com\/pt\/moving-to-cyprus\/living-in-cyprus\/\">20 segredos sobre morar no Chipre que voc\u00ea deve saber antes de se mudar<\/a><\/li>\n<li> <a href=\"https:\/\/moverdb.com\/pt\/moving-to-cyprus\/\">Est\u00e1 se mudando para o Chipre? Custo de vida e dicas de realoca\u00e7\u00e3o<\/a><\/li>\n<li> <a href=\"https:\/\/moverdb.com\/pt\/transporte-de-conteineres\/cyprus\/\">Tarifas de envio de cont\u00eaineres de e para o Chipre<\/a><\/li>\n<\/ul>","protected":false},"excerpt":{"rendered":"<p>If you are moving home in Cyprus, or moving to or from Cyprus you might want some help with your move from a moving or relocation agent that can take away some of the stress. Below we have compiled a list of Cyprus removal companies that are members of the International Association of Movers (IAM) [&hellip;]<\/p>\n","protected":false},"author":4,"featured_media":0,"parent":190,"menu_order":0,"comment_status":"closed","ping_status":"closed","template":"","meta":{"_genesis_hide_title":false,"_genesis_hide_breadcrumbs":false,"_genesis_hide_singular_image":false,"_genesis_hide_footer_widgets":false,"_genesis_custom_body_class":"","_genesis_custom_post_class":"","_genesis_layout":"","footnotes":""},"class_list":{"0":"post-6024","1":"page","2":"type-page","3":"status-publish","5":"entry","6":"has-post-thumbnail"},"_links":{"self":[{"href":"https:\/\/moverdb.com\/pt\/wp-json\/wp\/v2\/pages\/6024","targetHints":{"allow":["GET"]}}],"collection":[{"href":"https:\/\/moverdb.com\/pt\/wp-json\/wp\/v2\/pages"}],"about":[{"href":"https:\/\/moverdb.com\/pt\/wp-json\/wp\/v2\/types\/page"}],"author":[{"embeddable":true,"href":"https:\/\/moverdb.com\/pt\/wp-json\/wp\/v2\/users\/4"}],"replies":[{"embeddable":true,"href":"https:\/\/moverdb.com\/pt\/wp-json\/wp\/v2\/comments?post=6024"}],"version-history":[{"count":4,"href":"https:\/\/moverdb.com\/pt\/wp-json\/wp\/v2\/pages\/6024\/revisions"}],"predecessor-version":[{"id":15035,"href":"https:\/\/moverdb.com\/pt\/wp-json\/wp\/v2\/pages\/6024\/revisions\/15035"}],"up":[{"embeddable":true,"href":"https:\/\/moverdb.com\/pt\/wp-json\/wp\/v2\/pages\/190"}],"wp:attachment":[{"href":"https:\/\/moverdb.com\/pt\/wp-json\/wp\/v2\/media?parent=6024"}],"curies":[{"name":"wp","href":"https:\/\/api.w.org\/{rel}","templated":true}]}}