{"id":6022,"date":"2023-02-01T12:31:45","date_gmt":"2023-02-01T12:31:45","guid":{"rendered":"https:\/\/moverdb.com\/?page_id=6022"},"modified":"2026-01-08T15:23:40","modified_gmt":"2026-01-08T15:23:40","slug":"move-companies-curacao","status":"publish","type":"page","link":"https:\/\/moverdb.com\/pt\/moving-companies\/moving-companies-curacao\/","title":{"rendered":"2 Melhores Empresas de Mudan\u00e7as Internacionais em Cura\u00e7ao"},"content":{"rendered":"<p>Mudar de casa ou de escrit\u00f3rio pode ser estressante e demorado, portanto, obter o apoio de uma empresa de mudan\u00e7a pode ajudar a aliviar sua carga e voc\u00ea pode se beneficiar da experi\u00eancia dela. Abaixo, listamos <a href=\"https:\/\/moverdb.com\/pt\/moving-to-curacao\/\" data-internallinksmanager029f6b8e52c=\"429\" title=\"Est\u00e1 se mudando para Cura\u00e7ao? 2026 Custo de vida e dicas de realoca\u00e7\u00e3o\">Cura\u00e7ao<\/a> <a href=\"https:\/\/moverdb.com\/pt\/international-removals\/\" data-internallinksmanager029f6b8e52c=\"27\" title=\"36 melhores empresas de mudan\u00e7as internacionais no Reino Unido\">empresas de mudan\u00e7as<\/a> que s\u00e3o membros do <a href=\"https:\/\/moverdb.com\/pt\/iam\/\" data-internallinksmanager029f6b8e52c=\"23\" title=\"Associa\u00e7\u00e3o Internacional de Remotores (IAM) Explicado\">Associa\u00e7\u00e3o Internacional de Movers<\/a> (IAM) e\/ou <a href=\"https:\/\/moverdb.com\/pt\/fidi-faim\/\" data-internallinksmanager029f6b8e52c=\"16\" title=\"FIDI &amp; FAIM (FIDI Accredited International Mover) Explicado\">FIDI<\/a> Credenciado pela FAIM, que pode ser capaz de ajud\u00e1-lo.<\/p>\n<h2><strong>1. AGS Meyer<\/strong><\/h2>\n<p><img loading=\"lazy\" decoding=\"async\" class=\"alignnone size-full wp-image-5918\" src=\"https:\/\/moverdb.com\/wp-content\/uploads\/AGS-Meyer-international-moving-company.png\" alt=\"AGS Meyer empresa de mudan\u00e7as internacionais\" width=\"1440\" height=\"684\" data-wp-pid=\"5918\" srcset=\"https:\/\/moverdb.com\/wp-content\/uploads\/AGS-Meyer-international-moving-company.png 1440w, https:\/\/moverdb.com\/wp-content\/uploads\/AGS-Meyer-international-moving-company-300x143.png 300w, https:\/\/moverdb.com\/wp-content\/uploads\/AGS-Meyer-international-moving-company-1024x486.png 1024w, https:\/\/moverdb.com\/wp-content\/uploads\/AGS-Meyer-international-moving-company-18x9.png 18w, https:\/\/moverdb.com\/wp-content\/uploads\/AGS-Meyer-international-moving-company-600x285.png 600w\" sizes=\"auto, (max-width: 1440px) 100vw, 1440px\" \/><\/p>\n<ul>\n<li>Mudan\u00e7as locais<\/li>\n<li>Movimentos internacionais<\/li>\n<li>Mudan\u00e7as dom\u00e9sticas<\/li>\n<li>Mudan\u00e7as da empresa<\/li>\n<li>Servi\u00e7o porta-a-porta<\/li>\n<li>Servi\u00e7os de embalagem<\/li>\n<li>Transporte terrestre, a\u00e9reo e mar\u00edtimo<\/li>\n<li>Formalidades alfandeg\u00e1rias<\/li>\n<li>Credenciado pelo FIDI<\/li>\n<li>Servi\u00e7os de armazenagem<\/li>\n<\/ul>\n<p>AGS Meyer \u00e9 um <a href=\"https:\/\/moverdb.com\/pt\/moving-companies\/\" data-internallinksmanager029f6b8e52c=\"79\" title=\"As 25 maiores empresas de mudan\u00e7as internacionais on-line\">empresa de mudan\u00e7as<\/a> estabelecida em 1959 em Cura\u00e7ao para fornecer mudan\u00e7as locais e internacionais para resid\u00eancias e relocaliza\u00e7\u00f5es de empresas, e eles t\u00eam 7 filiais no Caribe. Possuem uma rede global de agentes de mudan\u00e7a afiliados para realizar mudan\u00e7as internacionais. Eles s\u00e3o membros do IAM com 63 anos de servi\u00e7o e s\u00e3o credenciados pelo FIDI.<\/p>\n<p>AGS Meyer oferece um servi\u00e7o de mudan\u00e7a de porta em porta, incluindo realoca\u00e7\u00e3o, mudan\u00e7a e armazenagem para clientes particulares, empresas e ag\u00eancias diplom\u00e1ticas. Eles o assessorar\u00e3o em sua mudan\u00e7a e o ajudar\u00e3o em todas as etapas do caminho. Eles embalar\u00e3o seus pertences com seguran\u00e7a, providenciar\u00e3o o transporte e as formalidades alfandeg\u00e1rias e desembalar\u00e3o no seu destino.<\/p>\n<p>Website: <a href=\"https:\/\/www.meyermoving.com\/\" target=\"_blank\" rel=\"noopener\">https:\/\/www.meyermoving.com\/<\/a><\/p>\n<h2><strong>2. Servi\u00e7os de Mudan\u00e7as no Caribe<\/strong><\/h2>\n<p><img loading=\"lazy\" decoding=\"async\" class=\"alignnone size-full wp-image-5933\" src=\"https:\/\/moverdb.com\/wp-content\/uploads\/Caribbean-Moving-Services-international-moving-company.png\" alt=\"Caribbean Moving Services empresa de mudan\u00e7as internacionais\" width=\"1440\" height=\"680\" data-wp-pid=\"5933\" srcset=\"https:\/\/moverdb.com\/wp-content\/uploads\/Caribbean-Moving-Services-international-moving-company.png 1440w, https:\/\/moverdb.com\/wp-content\/uploads\/Caribbean-Moving-Services-international-moving-company-300x142.png 300w, https:\/\/moverdb.com\/wp-content\/uploads\/Caribbean-Moving-Services-international-moving-company-1024x484.png 1024w, https:\/\/moverdb.com\/wp-content\/uploads\/Caribbean-Moving-Services-international-moving-company-18x9.png 18w, https:\/\/moverdb.com\/wp-content\/uploads\/Caribbean-Moving-Services-international-moving-company-600x283.png 600w\" sizes=\"auto, (max-width: 1440px) 100vw, 1440px\" \/><\/p>\n<ul>\n<li>Mudan\u00e7as locais<\/li>\n<li>Movimentos internacionais<\/li>\n<li>Mudan\u00e7as residenciais<\/li>\n<li>Mudan\u00e7as de escrit\u00f3rio<\/li>\n<li>Plano de realoca\u00e7\u00e3o sob medida<\/li>\n<li>Servi\u00e7o de embalagem<\/li>\n<li>Desmontar e montar m\u00f3veis<\/li>\n<li>Terra, mar e ar<\/li>\n<li>Desembara\u00e7o aduaneiro<\/li>\n<li>Instala\u00e7\u00f5es de armazenamento<\/li>\n<\/ul>\n<p>Caribbean Moving Services \u00e9 uma empresa de mudan\u00e7as da Willemstad que faz parte de um grupo de empresas que inclui Caribbean Cargo Services e G&amp;V Free Zone. Elas foram fundadas em 1981 como uma empresa de cargas e se expandiram para servi\u00e7os de mudan\u00e7as em 1994, tornando-se a maior empresa de mudan\u00e7as da ilha. Eles s\u00e3o membros do IAM com 28 anos de servi\u00e7o e s\u00e3o credenciados pelo FIDI.<\/p>\n<p>A Caribbean Moving Services oferece um servi\u00e7o de mudan\u00e7a com balc\u00e3o \u00fanico, come\u00e7ando com uma pesquisa e um \u00fanico ponto de contato. Eles oferecem um servi\u00e7o profissional de embalagem, incluindo a desmontagem de m\u00f3veis e embalagem segura de pertences. Eles providenciam o transporte por terra, mar ou ar com libera\u00e7\u00e3o alfandeg\u00e1ria e depois embalam e montam os m\u00f3veis.<\/p>\n<p>Website: <a href=\"https:\/\/www.cmscur.com\/\" target=\"_blank\" rel=\"noopener\">https:\/\/www.cmscur.com\/<\/a><\/p>","protected":false},"excerpt":{"rendered":"<p>Moving home or office can be stressful and time-consuming so getting some support from a moving or relocation company can help lighten your load and you can benefit from their experience. Below we have listed Curacao removal companies that are members of the International Association of Movers (IAM) and\/or FIDI Accredited International Mover (FAIM) who [&hellip;]<\/p>\n","protected":false},"author":4,"featured_media":0,"parent":190,"menu_order":0,"comment_status":"closed","ping_status":"closed","template":"","meta":{"_genesis_hide_title":false,"_genesis_hide_breadcrumbs":false,"_genesis_hide_singular_image":false,"_genesis_hide_footer_widgets":false,"_genesis_custom_body_class":"","_genesis_custom_post_class":"","_genesis_layout":"","footnotes":""},"class_list":{"0":"post-6022","1":"page","2":"type-page","3":"status-publish","5":"entry","6":"has-post-thumbnail"},"_links":{"self":[{"href":"https:\/\/moverdb.com\/pt\/wp-json\/wp\/v2\/pages\/6022","targetHints":{"allow":["GET"]}}],"collection":[{"href":"https:\/\/moverdb.com\/pt\/wp-json\/wp\/v2\/pages"}],"about":[{"href":"https:\/\/moverdb.com\/pt\/wp-json\/wp\/v2\/types\/page"}],"author":[{"embeddable":true,"href":"https:\/\/moverdb.com\/pt\/wp-json\/wp\/v2\/users\/4"}],"replies":[{"embeddable":true,"href":"https:\/\/moverdb.com\/pt\/wp-json\/wp\/v2\/comments?post=6022"}],"version-history":[{"count":1,"href":"https:\/\/moverdb.com\/pt\/wp-json\/wp\/v2\/pages\/6022\/revisions"}],"predecessor-version":[{"id":6023,"href":"https:\/\/moverdb.com\/pt\/wp-json\/wp\/v2\/pages\/6022\/revisions\/6023"}],"up":[{"embeddable":true,"href":"https:\/\/moverdb.com\/pt\/wp-json\/wp\/v2\/pages\/190"}],"wp:attachment":[{"href":"https:\/\/moverdb.com\/pt\/wp-json\/wp\/v2\/media?parent=6022"}],"curies":[{"name":"wp","href":"https:\/\/api.w.org\/{rel}","templated":true}]}}