{"id":6020,"date":"2023-02-01T13:55:01","date_gmt":"2023-02-01T13:55:01","guid":{"rendered":"https:\/\/moverdb.com\/?page_id=6020"},"modified":"2026-01-08T15:29:53","modified_gmt":"2026-01-08T15:29:53","slug":"mudancas-empresas-croacia","status":"publish","type":"page","link":"https:\/\/moverdb.com\/pt\/moving-companies\/moving-companies-croatia\/","title":{"rendered":"As melhores empresas de mudan\u00e7as internacionais da Cro\u00e1cia"},"content":{"rendered":"<p>Se estiver mudando sua casa ou empresa em <a href=\"https:\/\/moverdb.com\/pt\/moving-to-croatia\/\" data-internallinksmanager029f6b8e52c=\"428\" title=\"Est\u00e1 se mudando para a Cro\u00e1cia? 2026 Custo de vida e dicas de realoca\u00e7\u00e3o\">Cro\u00e1cia<\/a>Se voc\u00ea est\u00e1 se mudando para a Cro\u00e1cia, ou para ou da Cro\u00e1cia, talvez queira ajuda com sua mudan\u00e7a. Para ajudar as pessoas que est\u00e3o se mudando, compilamos uma lista de empresas croatas <a href=\"https:\/\/moverdb.com\/pt\/international-removals\/\" data-internallinksmanager029f6b8e52c=\"27\" title=\"36 melhores empresas de mudan\u00e7as internacionais no Reino Unido\">empresas de mudan\u00e7as<\/a> abaixo que s\u00e3o membros do <a href=\"https:\/\/moverdb.com\/pt\/iam\/\" data-internallinksmanager029f6b8e52c=\"23\" title=\"Associa\u00e7\u00e3o Internacional de Remotores (IAM) Explicado\">Associa\u00e7\u00e3o Internacional de Movers<\/a> (IAM) e\/ou <a href=\"https:\/\/moverdb.com\/pt\/fidi-faim\/\" data-internallinksmanager029f6b8e52c=\"16\" title=\"FIDI &amp; FAIM (FIDI Accredited International Mover) Explicado\">FIDI<\/a> Credenciada Internacional Mover (FAIM).<\/p>\n<h2><strong>Gosselin<\/strong><\/h2>\n<p><img loading=\"lazy\" decoding=\"async\" class=\"alignnone size-full wp-image-5953\" src=\"https:\/\/moverdb.com\/wp-content\/uploads\/Gosselin-Croatia-international-moving-company.png\" alt=\"Gosselin Cro\u00e1cia empresa de mudan\u00e7as internacionais\" width=\"1440\" height=\"680\" data-wp-pid=\"5953\" srcset=\"https:\/\/moverdb.com\/wp-content\/uploads\/Gosselin-Croatia-international-moving-company.png 1440w, https:\/\/moverdb.com\/wp-content\/uploads\/Gosselin-Croatia-international-moving-company-300x142.png 300w, https:\/\/moverdb.com\/wp-content\/uploads\/Gosselin-Croatia-international-moving-company-1024x484.png 1024w, https:\/\/moverdb.com\/wp-content\/uploads\/Gosselin-Croatia-international-moving-company-18x9.png 18w, https:\/\/moverdb.com\/wp-content\/uploads\/Gosselin-Croatia-international-moving-company-600x283.png 600w\" sizes=\"auto, (max-width: 1440px) 100vw, 1440px\" \/><\/p>\n<ul>\n<li>Movimentos nacionais<\/li>\n<li>Movimentos internacionais<\/li>\n<li>Mudan\u00e7as dom\u00e9sticas<\/li>\n<li>Mudan\u00e7as no escrit\u00f3rio e na embaixada<\/li>\n<li>As empresas de mudan\u00e7as treinadas oferecem padr\u00f5es de alta qualidade<\/li>\n<li>Servi\u00e7o de embalagem e desempacotamento<\/li>\n<li>Belas artes em movimento<\/li>\n<li>Transporte de animais<\/li>\n<li>Envio de ve\u00edculos<\/li>\n<li>Armazenamento de curto a longo prazo<\/li>\n<\/ul>\n<p>Gosselin \u00e9 um <a href=\"https:\/\/moverdb.com\/pt\/moving-companies\/\" data-internallinksmanager029f6b8e52c=\"79\" title=\"As 25 maiores empresas de mudan\u00e7as internacionais on-line\">empresa de mudan\u00e7as internacionais<\/a> que tem escrit\u00f3rios em todo o mundo e est\u00e1 operando desde 1930. Eles prestam servi\u00e7os de mudan\u00e7a na Cro\u00e1cia h\u00e1 mais de 20 anos, a partir de sua base em Zagreb. Eles s\u00e3o membros do IAM com 9 anos de servi\u00e7o.<\/p>\n<p>Gosselin oferece um servi\u00e7o profissional de mudan\u00e7as que atende a movimentos excepcionalmente grandes ou pequenos que tamb\u00e9m podem incluir artes pl\u00e1sticas que requerem um manuseio mais cuidadoso, e mais servi\u00e7os especializados como transporte de animais de estima\u00e7\u00e3o e ve\u00edculos. Eles fornecem pessoal treinado que trabalha com padr\u00f5es de alta qualidade na prote\u00e7\u00e3o de seus pertences em tr\u00e2nsito e eles desembalar\u00e3o seus pertences na chegada.<\/p>\n<p>Website: <a href=\"https:\/\/gosselin-moving.com\/en\/southeast-europe\" target=\"_blank\" rel=\"noopener\">https:\/\/gosselin-moving.com\/en\/southeast-europe<\/a><\/p>\n<h2>Outros guias \u00fateis para a Cro\u00e1cia<\/h2>\n<ul>\n<li> <a href=\"https:\/\/moverdb.com\/pt\/transporte-de-conteineres\/croacia\/\">2024 Tarifas de remessa de cont\u00eaineres de frete mar\u00edtimo para e da Cro\u00e1cia<\/a><\/li>\n<li> <a href=\"https:\/\/moverdb.com\/pt\/moving-to-croatia\/\">Est\u00e1 se mudando para a Cro\u00e1cia? 2026 Custo de vida e dicas de realoca\u00e7\u00e3o<\/a><\/li>\n<li> <a href=\"https:\/\/moverdb.com\/pt\/moving-to-croatia\/living-in-croatia\/\">21 segredos sobre morar na Cro\u00e1cia que voc\u00ea deve saber antes de se mudar<\/a><\/li>\n<\/ul>","protected":false},"excerpt":{"rendered":"<p>If you are moving home or business in Croatia, or to or from Croatia, you might want some help with your move. To assist those that are moving we have compiled a list of Croatian removal companies below that are members of the International Association of Movers (IAM) and\/or FIDI Accredited International Mover (FAIM). Gosselin [&hellip;]<\/p>\n","protected":false},"author":4,"featured_media":0,"parent":190,"menu_order":0,"comment_status":"closed","ping_status":"closed","template":"","meta":{"_genesis_hide_title":false,"_genesis_hide_breadcrumbs":false,"_genesis_hide_singular_image":false,"_genesis_hide_footer_widgets":false,"_genesis_custom_body_class":"","_genesis_custom_post_class":"","_genesis_layout":"","footnotes":""},"class_list":{"0":"post-6020","1":"page","2":"type-page","3":"status-publish","5":"entry","6":"has-post-thumbnail"},"_links":{"self":[{"href":"https:\/\/moverdb.com\/pt\/wp-json\/wp\/v2\/pages\/6020","targetHints":{"allow":["GET"]}}],"collection":[{"href":"https:\/\/moverdb.com\/pt\/wp-json\/wp\/v2\/pages"}],"about":[{"href":"https:\/\/moverdb.com\/pt\/wp-json\/wp\/v2\/types\/page"}],"author":[{"embeddable":true,"href":"https:\/\/moverdb.com\/pt\/wp-json\/wp\/v2\/users\/4"}],"replies":[{"embeddable":true,"href":"https:\/\/moverdb.com\/pt\/wp-json\/wp\/v2\/comments?post=6020"}],"version-history":[{"count":2,"href":"https:\/\/moverdb.com\/pt\/wp-json\/wp\/v2\/pages\/6020\/revisions"}],"predecessor-version":[{"id":18351,"href":"https:\/\/moverdb.com\/pt\/wp-json\/wp\/v2\/pages\/6020\/revisions\/18351"}],"up":[{"embeddable":true,"href":"https:\/\/moverdb.com\/pt\/wp-json\/wp\/v2\/pages\/190"}],"wp:attachment":[{"href":"https:\/\/moverdb.com\/pt\/wp-json\/wp\/v2\/media?parent=6020"}],"curies":[{"name":"wp","href":"https:\/\/api.w.org\/{rel}","templated":true}]}}