{"id":5631,"date":"2022-11-28T15:27:20","date_gmt":"2022-11-28T15:27:20","guid":{"rendered":"https:\/\/moverdb.com\/?page_id=5631"},"modified":"2026-01-08T13:18:59","modified_gmt":"2026-01-08T13:18:59","slug":"stress-free-move","status":"publish","type":"page","link":"https:\/\/moverdb.com\/pt\/stress-free-move\/","title":{"rendered":"Como fazer sua mudan\u00e7a internacional livre de stress"},"content":{"rendered":"<p><span style=\"font-weight: 400;\">Mudar-se para o exterior \u00e9 certamente um momento emocionante, repleto de muitas emo\u00e7\u00f5es mistas, mas se voc\u00ea tivesse que se mudar para casa antes, voc\u00ea saberia que \u00e9 tudo menos uma experi\u00eancia relaxante e agrad\u00e1vel. <\/span><\/p>\n<p><span style=\"font-weight: 400;\">Enquanto uma mudan\u00e7a de casa em seu pr\u00f3prio pa\u00eds pode ser esmagadora \u00e0s vezes, voc\u00ea s\u00f3 pode imaginar como ser\u00e1 dif\u00edcil quando se mudar internacionalmente.<\/span><\/p>\n<p><img loading=\"lazy\" decoding=\"async\" class=\"aligncenter size-full wp-image-5632\" src=\"https:\/\/moverdb.com\/wp-content\/uploads\/stress-free-move.jpg\" alt=\"Movimento sem estresse\" width=\"1000\" height=\"667\" data-wp-pid=\"5632\" srcset=\"https:\/\/moverdb.com\/wp-content\/uploads\/stress-free-move.jpg 1000w, https:\/\/moverdb.com\/wp-content\/uploads\/stress-free-move-300x200.jpg 300w, https:\/\/moverdb.com\/wp-content\/uploads\/stress-free-move-18x12.jpg 18w, https:\/\/moverdb.com\/wp-content\/uploads\/stress-free-move-600x400.jpg 600w\" sizes=\"auto, (max-width: 1000px) 100vw, 1000px\" \/><\/p>\n<p><span style=\"font-weight: 400;\">Voc\u00ea n\u00e3o s\u00f3 tem que lidar com os procedimentos habituais de movimenta\u00e7\u00e3o, mas h\u00e1 v\u00e1rios outros que podem tornar toda esta experi\u00eancia um tanto irritante e geradora de ansiedade.&nbsp;<\/span><\/p>\n<p><span style=\"font-weight: 400;\">\u00c9 completamente compreens\u00edvel sentir-se estressado e sobrecarregado \u00e0s vezes, mas desde que voc\u00ea esteja bem preparado e organizado e tenha tempo suficiente e comece cedo, voc\u00ea pode se ajudar a superar a frustra\u00e7\u00e3o e tornar a experi\u00eancia comovente o mais suave poss\u00edvel.&nbsp;<\/span><\/p>\n<p><span style=\"font-weight: 400;\">Especialistas em propriedade de<\/span><span style=\"font-weight: 400;\"><a href=\"http:\/\/www.housesalesdirect.com\/\" target=\"_blank\" rel=\"noopener\"> Vendas Diretas de Casas <\/a>procurou formas de garantir que sua mudan\u00e7a internacional seja conclu\u00edda de forma eficiente e sem estresse, ao mesmo tempo em que cuidava de fatores adicionais como imigra\u00e7\u00e3o, transporte mar\u00edtimo entre pa\u00edses e alf\u00e2ndega. <\/span><\/p>\n<p><span style=\"font-weight: 400;\">Ter uma lista de verifica\u00e7\u00e3o clara e s\u00f3lida ajudar\u00e1 voc\u00ea a transformar o processo de movimenta\u00e7\u00e3o um tanto ca\u00f3tico em um processo sem dor.&nbsp;<\/span><\/p>\n<div id=\"ez-toc-container\" class=\"ez-toc-v2_0_82_2 ez-toc-wrap-left counter-hierarchy ez-toc-counter ez-toc-transparent ez-toc-container-direction\">\n<div class=\"ez-toc-title-container\">\n<p class=\"ez-toc-title\" style=\"cursor:inherit\">Se\u00e7\u00f5es<\/p>\n<span class=\"ez-toc-title-toggle\"><a href=\"#\" class=\"ez-toc-pull-right ez-toc-btn ez-toc-btn-xs ez-toc-btn-default ez-toc-toggle\" aria-label=\"Alternar tabela de conte\u00fado\"><span class=\"ez-toc-js-icon-con\"><span class=\"\"><span class=\"eztoc-hide\" style=\"display:none;\">Alternar<\/span><span class=\"ez-toc-icon-toggle-span\"><svg style=\"fill: #999;color:#999\" xmlns=\"http:\/\/www.w3.org\/2000\/svg\" class=\"list-377408\" width=\"20px\" height=\"20px\" viewbox=\"0 0 24 24\" fill=\"none\"><path d=\"M6 6H4v2h2V6zm14 0H8v2h12V6zM4 11h2v2H4v-2zm16 0H8v2h12v-2zM4 16h2v2H4v-2zm16 0H8v2h12v-2z\" fill=\"currentColor\"><\/path><\/svg><svg style=\"fill: #999;color:#999\" class=\"arrow-unsorted-368013\" xmlns=\"http:\/\/www.w3.org\/2000\/svg\" width=\"10px\" height=\"10px\" viewbox=\"0 0 24 24\" version=\"1.2\" baseprofile=\"tiny\"><path d=\"M18.2 9.3l-6.2-6.3-6.2 6.3c-.2.2-.3.4-.3.7s.1.5.3.7c.2.2.4.3.7.3h11c.3 0 .5-.1.7-.3.2-.2.3-.5.3-.7s-.1-.5-.3-.7zM5.8 14.7l6.2 6.3 6.2-6.3c.2-.2.3-.5.3-.7s-.1-.5-.3-.7c-.2-.2-.4-.3-.7-.3h-11c-.3 0-.5.1-.7.3-.2.2-.3.5-.3.7s.1.5.3.7z\"\/><\/svg><\/span><\/span><\/span><\/a><\/span><\/div>\n<nav><ul class='ez-toc-list ez-toc-list-level-1 eztoc-toggle-hide-by-default' ><li class='ez-toc-page-1 ez-toc-heading-level-2'><a class=\"ez-toc-link ez-toc-heading-1\" href=\"https:\/\/moverdb.com\/pt\/stress-free-move\/#Plan_In_Advance\" >Plano Antecipado<\/a><\/li><li class='ez-toc-page-1 ez-toc-heading-level-2'><a class=\"ez-toc-link ez-toc-heading-2\" href=\"https:\/\/moverdb.com\/pt\/stress-free-move\/#Sort_Out_Immigration\" >Ordenar a Imigra\u00e7\u00e3o<\/a><\/li><li class='ez-toc-page-1 ez-toc-heading-level-2'><a class=\"ez-toc-link ez-toc-heading-3\" href=\"https:\/\/moverdb.com\/pt\/stress-free-move\/#Get_Your_Documents_Ready\" >Prepare seus documentos<\/a><\/li><li class='ez-toc-page-1 ez-toc-heading-level-2'><a class=\"ez-toc-link ez-toc-heading-4\" href=\"https:\/\/moverdb.com\/pt\/stress-free-move\/#Sort_Out_Your_Finances\" >Ordene suas finan\u00e7as<\/a><\/li><li class='ez-toc-page-1 ez-toc-heading-level-2'><a class=\"ez-toc-link ez-toc-heading-5\" href=\"https:\/\/moverdb.com\/pt\/stress-free-move\/#Research_International_Moving_Companies\" >Pesquisa Empresas de Mudan\u00e7as Internacionais<\/a><\/li><li class='ez-toc-page-1 ez-toc-heading-level-2'><a class=\"ez-toc-link ez-toc-heading-6\" href=\"https:\/\/moverdb.com\/pt\/stress-free-move\/#Make_a_Packing_Checklist\" >Fa\u00e7a uma lista de verifica\u00e7\u00e3o de embalagem<\/a><\/li><li class='ez-toc-page-1 ez-toc-heading-level-2'><a class=\"ez-toc-link ez-toc-heading-7\" href=\"https:\/\/moverdb.com\/pt\/stress-free-move\/#Reach_Out_To_Providers\" >Estender a m\u00e3o aos fornecedores<\/a><\/li><li class='ez-toc-page-1 ez-toc-heading-level-2'><a class=\"ez-toc-link ez-toc-heading-8\" href=\"https:\/\/moverdb.com\/pt\/stress-free-move\/#Familiarise_Yourself_With_The_Culture\" >Familiarize-se com a cultura<\/a><\/li><li class='ez-toc-page-1 ez-toc-heading-level-2'><a class=\"ez-toc-link ez-toc-heading-9\" href=\"https:\/\/moverdb.com\/pt\/stress-free-move\/#In_Conclusion\" >Em conclus\u00e3o<\/a><\/li><\/ul><\/nav><\/div>\n<h2><span class=\"ez-toc-section\" id=\"Plan_In_Advance\"><\/span><b>Plano Antecipado<\/b><span class=\"ez-toc-section-end\"><\/span><\/h2>\n<p><span style=\"font-weight: 400;\">A mudan\u00e7a internacional \u00e9 um processo bastante longo e se n\u00e3o lhe for dado tempo suficiente para planejamento e prepara\u00e7\u00e3o, os limites de tempo ser\u00e3o uma das coisas que lhe causar\u00e3o estresse e ansiedade. <\/span><\/p>\n<p><span style=\"font-weight: 400;\">Quanto mais cedo voc\u00ea come\u00e7ar, mais f\u00e1cil ser\u00e1 certificar-se de que tudo esteja sendo tratado em tempo h\u00e1bil, quaisquer desafios ou quest\u00f5es inesperadas ser\u00e3o tratados com calma e efici\u00eancia e, por \u00faltimo, assegurando que voc\u00ea nunca tenha que apressar nada.&nbsp;<\/span><\/p>\n<p><span style=\"font-weight: 400;\">A organiza\u00e7\u00e3o \u00e9 fundamental e \u00e9 por isso que esta lista de coisas a serem consideradas e preparadas ser\u00e1 um guia \u00fatil para voc\u00ea voltar sempre que estiver se sentindo perdido ou sobrecarregado com tarefas. <\/span><\/p>\n<p><span style=\"font-weight: 400;\">Administrar seu tempo com efici\u00eancia eliminar\u00e1 qualquer estresse desnecess\u00e1rio e lhe dar\u00e1 a confian\u00e7a e o conforto de saber que voc\u00ea tem tempo suficiente para descobrir tudo. Sugerimos fazer uma lista detalhada de tarefas para ajud\u00e1-lo a acompanhar seu progresso e lembr\u00e1-lo do que precisa ser feito em seguida.&nbsp;<\/span><\/p>\n<h2><span class=\"ez-toc-section\" id=\"Sort_Out_Immigration\"><\/span><b>Ordenar a Imigra\u00e7\u00e3o<\/b><span class=\"ez-toc-section-end\"><\/span><\/h2>\n<p><span style=\"font-weight: 400;\">H\u00e1 muito envolvido no processo de imigra\u00e7\u00e3o a partir de documenta\u00e7\u00e3o legal, requisitos de imuniza\u00e7\u00e3o e leis espec\u00edficas do pa\u00eds que voc\u00ea precisar\u00e1 aderir. \u00c9 um processo complexo e demorado que voc\u00ea pode pesquisar por conta pr\u00f3pria ou poupar-se ao trabalho e contratar um profissional de imigra\u00e7\u00e3o que o ajudar\u00e1 a gui\u00e1-lo durante todo o tempo.<\/span><\/p>\n<p><img loading=\"lazy\" decoding=\"async\" class=\"aligncenter size-full wp-image-5633\" src=\"https:\/\/moverdb.com\/wp-content\/uploads\/immigration-residence.jpg\" alt=\"\" width=\"1000\" height=\"667\" data-wp-pid=\"5633\" srcset=\"https:\/\/moverdb.com\/wp-content\/uploads\/immigration-residence.jpg 1000w, https:\/\/moverdb.com\/wp-content\/uploads\/immigration-residence-300x200.jpg 300w, https:\/\/moverdb.com\/wp-content\/uploads\/immigration-residence-18x12.jpg 18w, https:\/\/moverdb.com\/wp-content\/uploads\/immigration-residence-600x400.jpg 600w\" sizes=\"auto, (max-width: 1000px) 100vw, 1000px\" \/><\/p>\n<p><span style=\"font-weight: 400;\">Tenha em mente que cada pa\u00eds tem exig\u00eancias e leis espec\u00edficas, tornando dif\u00edcil encontrar tudo o que voc\u00ea precisa em apenas um post de blog. Voc\u00ea precisar\u00e1 fazer uma extensa pesquisa, contatar autoridades legais e talvez consultar um profissional, mas n\u00e3o h\u00e1 necessidade de se preocupar porque, desde que voc\u00ea comece cedo, ter\u00e1 tempo suficiente para lidar com tudo o que vier em seu caminho.&nbsp;<\/span><\/p>\n<h2><span class=\"ez-toc-section\" id=\"Get_Your_Documents_Ready\"><\/span><b>Prepare seus documentos<\/b><span class=\"ez-toc-section-end\"><\/span><\/h2>\n<p><span style=\"font-weight: 400;\">A burocracia \u00e9 inevit\u00e1vel quando se trata de mudar de casa e especialmente quando a mudan\u00e7a \u00e9 internacional. Voc\u00ea gostaria de ter toda a documenta\u00e7\u00e3o necess\u00e1ria pronta e dispon\u00edvel para voc\u00ea quando precisar, bem como ter v\u00e1rias c\u00f3pias por via postal. <\/span><\/p>\n<p><span style=\"font-weight: 400;\">Isto ajudar\u00e1 a acelerar quaisquer processos como o pedido de visto ou a obten\u00e7\u00e3o de um passaporte. Aqui est\u00e1 uma lista de alguns dos documentos mais importantes que voc\u00ea deve ter em m\u00e3os:&nbsp;<\/span><\/p>\n<ul>\n<li style=\"font-weight: 400;\" aria-level=\"1\"><span style=\"font-weight: 400;\">Passaporte\/Carteira de Identidade\/Foto\/Carteira de motorista&nbsp;<\/span><\/li>\n<li style=\"font-weight: 400;\" aria-level=\"1\"><span style=\"font-weight: 400;\">Certid\u00e3o de nascimento&nbsp;<\/span><\/li>\n<li style=\"font-weight: 400;\" aria-level=\"1\"><span style=\"font-weight: 400;\">Cart\u00e3o da previd\u00eancia social<\/span><\/li>\n<li style=\"font-weight: 400;\" aria-level=\"1\"><span style=\"font-weight: 400;\">Registros m\u00e9dicos e odontol\u00f3gicos<\/span><\/li>\n<\/ul>\n<h2><span class=\"ez-toc-section\" id=\"Sort_Out_Your_Finances\"><\/span><b>Ordene suas finan\u00e7as<\/b><span class=\"ez-toc-section-end\"><\/span><\/h2>\n<p><span style=\"font-weight: 400;\">Mudar-se para o exterior n\u00e3o \u00e9 apenas uma experi\u00eancia estressante, mas tamb\u00e9m ter\u00e1 um impacto em suas finan\u00e7as. \u00c9 vital que voc\u00ea se certifique de ter fundos suficientes para a mudan\u00e7a, assim como acesso a ela. Se voc\u00ea ainda n\u00e3o o fez, verifique <a href=\"https:\/\/moverdb.com\/pt\/international-money-transfer-services\/\" data-internallinksmanager029f6b8e52c=\"239\" title=\"11 melhores servi\u00e7os de transfer\u00eancia internacional de dinheiro em 2026\">transfer\u00eancia de dinheiro<\/a> servi\u00e7os.&nbsp;<\/span><\/p>\n<p><span style=\"font-weight: 400;\">Falar com seus bancos existentes e transferir seus fundos para outro \u00e9 um processo que levar\u00e1 tempo e, muito possivelmente, tamb\u00e9m algum trabalho burocr\u00e1tico. Se voc\u00ea seguir as dicas descritas acima, voc\u00ea ter\u00e1 o tempo e a documenta\u00e7\u00e3o necess\u00e1rios para garantir que isto seja tratado de forma r\u00e1pida e sem problemas.&nbsp;<\/span><\/p>\n<p><span style=\"font-weight: 400;\">Alternativamente, a cria\u00e7\u00e3o de uma conta banc\u00e1ria local em seu novo pa\u00eds de resid\u00eancia tamb\u00e9m pode levar v\u00e1rias semanas e diferentes documentos, dependendo do pa\u00eds espec\u00edfico. \u00c9 por isso que vale a pena investigar se seus cart\u00f5es banc\u00e1rios existentes n\u00e3o t\u00eam nenhuma taxa internacional ou se inscrevem em um cart\u00e3o de cr\u00e9dito sem eles.&nbsp;<\/span><\/p>\n<p><span style=\"font-weight: 400;\">\u00c9 recomend\u00e1vel que para uma mudan\u00e7a internacional voc\u00ea tenha tamb\u00e9m um fundo de emerg\u00eancia. Voc\u00ea nunca sabe o que pode acontecer e quando algumas despesas adicionais podem ocorrer, portanto, uma economia antecipada lhe dar\u00e1 o conforto necess\u00e1rio para uma mudan\u00e7a sem estresse.&nbsp;<\/span><\/p>\n<h2><span class=\"ez-toc-section\" id=\"Research_International_Moving_Companies\"><\/span><b>Pesquisa Empresas de Mudan\u00e7as Internacionais<\/b><span class=\"ez-toc-section-end\"><\/span><\/h2>\n<p><span style=\"font-weight: 400;\">Transferir seus bens dom\u00e9sticos com seguran\u00e7a e prote\u00e7\u00e3o atrav\u00e9s das fronteiras tamb\u00e9m \u00e9 de suma import\u00e2ncia. \u00c0s vezes as transfer\u00eancias atravessam at\u00e9 os oceanos para chegar ao destino final, por isso \u00e9 vital que voc\u00ea escolha a melhor op\u00e7\u00e3o poss\u00edvel para voc\u00ea e seu or\u00e7amento. <\/span><\/p>\n<p><span style=\"font-weight: 400;\">Voc\u00ea pode solicitar cota\u00e7\u00f5es e comparar pre\u00e7os com muita anteced\u00eancia, bem como reservar os dias que quiser que chegue, o que garantir\u00e1 que voc\u00ea n\u00e3o espere dias ou mesmo semanas sem seus pertences em sua nova casa. <\/span><\/p>\n<p><span style=\"font-weight: 400;\">Tudo depende da quantidade de pertences que voc\u00ea tem, do pa\u00eds de onde voc\u00ea os est\u00e1 enviando e para onde eles est\u00e3o indo, mas aqui est\u00e1 uma lista de alguns dos <\/span><a href=\"https:\/\/moverdb.com\/pt\/mudancas-empresas\/\"><span style=\"font-weight: 400;\">melhores empresas de mudan\u00e7as internacionais<\/span><\/a><span style=\"font-weight: 400;\">. Tenha em mente que cada movimento \u00e9 diferente e pessoal quando voc\u00ea estiver tomando a decis\u00e3o, ent\u00e3o certifique-se de que ele funciona para voc\u00ea!<\/span><\/p>\n<h2><span class=\"ez-toc-section\" id=\"Make_a_Packing_Checklist\"><\/span><b>Fa\u00e7a uma lista de verifica\u00e7\u00e3o de embalagem<\/b><span class=\"ez-toc-section-end\"><\/span><\/h2>\n<p><span style=\"font-weight: 400;\">Como em tudo o resto, come\u00e7ar com anteced\u00eancia manter\u00e1 voc\u00ea organizado e n\u00e3o sob press\u00e3o de tempo. <\/span><\/p>\n<p><span style=\"font-weight: 400;\">Quando voc\u00ea come\u00e7a a embalar para sua mudan\u00e7a, \u00e9 essencial que voc\u00ea fa\u00e7a uma lista de verifica\u00e7\u00e3o de embalagem sobre todas as coisas envolvidas, leia dicas \u00fateis e truques de embalagem, assim como se livrar de itens desnecess\u00e1rios. Rotular tudo e cumprir um cronograma ajudar\u00e1 voc\u00ea a estar em cima das coisas para que a embalagem se torne a \u00fanica coisa que ser\u00e1 mais agrad\u00e1vel ao inv\u00e9s de estressante durante todo este longo e complicado processo.<\/span><\/p>\n<h2><span class=\"ez-toc-section\" id=\"Reach_Out_To_Providers\"><\/span><b>Estender a m\u00e3o aos fornecedores<\/b><span class=\"ez-toc-section-end\"><\/span><\/h2>\n<p><span style=\"font-weight: 400;\">Agora que a mudan\u00e7a est\u00e1 se aproximando, \u00e9 hora de contatar os prestadores de servi\u00e7os necess\u00e1rios para fechar contas e cancelar as assinaturas. Certifique-se de enviar as leituras finais do contador, cobrar qualquer cr\u00e9dito pendente, encaminhar seu correio e avisar a todos que precisam estar cientes de que voc\u00ea est\u00e1 se mudando. <\/span><\/p>\n<p><span style=\"font-weight: 400;\">Mesmo que algumas delas n\u00e3o possam ser feitas com muita anteced\u00eancia, certifique-se de n\u00e3o esquec\u00ea-las completamente e deixe isso para o \u00faltimo minuto.&nbsp;<\/span><\/p>\n<h2><span class=\"ez-toc-section\" id=\"Familiarise_Yourself_With_The_Culture\"><\/span><b>Familiarize-se com a cultura<\/b><span class=\"ez-toc-section-end\"><\/span><\/h2>\n<p><span style=\"font-weight: 400;\">Finalmente, voc\u00ea gostaria de estar preparado quando chegar ao seu destino final e a sua nova casa. Familiarizar-se com os costumes, etiqueta e tradi\u00e7\u00f5es do pa\u00eds \u00e9 um bom ponto de partida para que voc\u00ea n\u00e3o ofenda os habitantes locais inconscientemente nos primeiros meses de sua mudan\u00e7a.&nbsp;<\/span><\/p>\n<h2><span class=\"ez-toc-section\" id=\"In_Conclusion\"><\/span><b>Em conclus\u00e3o<\/b><span class=\"ez-toc-section-end\"><\/span><\/h2>\n<p><span style=\"font-weight: 400;\">Embora n\u00e3o possamos prometer que n\u00e3o haver\u00e1 obst\u00e1culos e desafios pelo caminho, esperamos que, se voc\u00ea seguir estas dicas \u00fateis, ser\u00e1 capaz de se manter preparado para a maioria das coisas que mais provavelmente ocorrer\u00e3o durante o processo de mudan\u00e7a internacional. <\/span><\/p>\n<p><span style=\"font-weight: 400;\">Tamb\u00e9m \u00e9 importante lembrar e lembrar consistentemente que no final, h\u00e1 momentos emocionantes esperando por voc\u00ea!&nbsp;<\/span><\/p>","protected":false},"excerpt":{"rendered":"<p>Moving abroad is certainly an exciting time, packed with a lot of mixed emotions, but if you ever had to move home before, you would know that it is anything but a relaxing and pleasant experience. While a house move in your own country can be overwhelming at times, you can only imagine how difficult [&hellip;]<\/p>\n","protected":false},"author":1,"featured_media":5632,"parent":0,"menu_order":0,"comment_status":"closed","ping_status":"closed","template":"","meta":{"_genesis_hide_title":false,"_genesis_hide_breadcrumbs":false,"_genesis_hide_singular_image":false,"_genesis_hide_footer_widgets":false,"_genesis_custom_body_class":"","_genesis_custom_post_class":"","_genesis_layout":"","footnotes":""},"class_list":{"0":"post-5631","1":"page","2":"type-page","3":"status-publish","4":"has-post-thumbnail","6":"entry"},"_links":{"self":[{"href":"https:\/\/moverdb.com\/pt\/wp-json\/wp\/v2\/pages\/5631","targetHints":{"allow":["GET"]}}],"collection":[{"href":"https:\/\/moverdb.com\/pt\/wp-json\/wp\/v2\/pages"}],"about":[{"href":"https:\/\/moverdb.com\/pt\/wp-json\/wp\/v2\/types\/page"}],"author":[{"embeddable":true,"href":"https:\/\/moverdb.com\/pt\/wp-json\/wp\/v2\/users\/1"}],"replies":[{"embeddable":true,"href":"https:\/\/moverdb.com\/pt\/wp-json\/wp\/v2\/comments?post=5631"}],"version-history":[{"count":1,"href":"https:\/\/moverdb.com\/pt\/wp-json\/wp\/v2\/pages\/5631\/revisions"}],"predecessor-version":[{"id":5634,"href":"https:\/\/moverdb.com\/pt\/wp-json\/wp\/v2\/pages\/5631\/revisions\/5634"}],"wp:featuredmedia":[{"embeddable":true,"href":"https:\/\/moverdb.com\/pt\/wp-json\/wp\/v2\/media\/5632"}],"wp:attachment":[{"href":"https:\/\/moverdb.com\/pt\/wp-json\/wp\/v2\/media?parent=5631"}],"curies":[{"name":"wp","href":"https:\/\/api.w.org\/{rel}","templated":true}]}}