{"id":5527,"date":"2023-02-01T13:45:10","date_gmt":"2023-02-01T13:45:10","guid":{"rendered":"https:\/\/moverdb.com\/?page_id=5527"},"modified":"2026-01-08T15:29:15","modified_gmt":"2026-01-08T15:29:15","slug":"chile-moving-companies","status":"publish","type":"page","link":"https:\/\/moverdb.com\/pt\/moving-companies\/chile-moving-companies\/","title":{"rendered":"6 Melhores Empresas de Mudan\u00e7as Internacionais no Chile"},"content":{"rendered":"<p>A mudan\u00e7a pode ser um tempo ocupado e estressante, especialmente se voc\u00ea estiver se deslocando para longas dist\u00e2ncias ou para outro pa\u00eds. Aqui \u00e9 onde um <a href=\"https:\/\/moverdb.com\/pt\/moving-companies\/\" data-internallinksmanager029f6b8e52c=\"79\" title=\"As 25 maiores empresas de mudan\u00e7as internacionais on-line\">empresa de mudan\u00e7as<\/a> pode ajudar a reduzir seu estresse, retirando parte da carga de trabalho. A seguir, compilamos uma lista de <a href=\"https:\/\/moverdb.com\/pt\/international-removals\/\" data-internallinksmanager029f6b8e52c=\"27\" title=\"36 melhores empresas de mudan\u00e7as internacionais no Reino Unido\">empresas de mudan\u00e7as<\/a> que s\u00e3o membros do <a href=\"https:\/\/moverdb.com\/pt\/iam\/\" data-internallinksmanager029f6b8e52c=\"23\" title=\"Associa\u00e7\u00e3o Internacional de Remotores (IAM) Explicado\">Associa\u00e7\u00e3o Internacional de Movers<\/a> (IAM) e\/ou <a href=\"https:\/\/moverdb.com\/pt\/fidi-faim\/\" data-internallinksmanager029f6b8e52c=\"16\" title=\"FIDI &amp; FAIM (FIDI Accredited International Mover) Explicado\">FIDI<\/a> Credenciado pela International Mover (FAIM) que poderia ajud\u00e1-lo em sua mudan\u00e7a.<\/p>\n<div id=\"ez-toc-container\" class=\"ez-toc-v2_0_82_2 ez-toc-wrap-left counter-hierarchy ez-toc-counter ez-toc-transparent ez-toc-container-direction\">\n<div class=\"ez-toc-title-container\">\n<p class=\"ez-toc-title\" style=\"cursor:inherit\">Se\u00e7\u00f5es<\/p>\n<span class=\"ez-toc-title-toggle\"><a href=\"#\" class=\"ez-toc-pull-right ez-toc-btn ez-toc-btn-xs ez-toc-btn-default ez-toc-toggle\" aria-label=\"Alternar tabela de conte\u00fado\"><span class=\"ez-toc-js-icon-con\"><span class=\"\"><span class=\"eztoc-hide\" style=\"display:none;\">Alternar<\/span><span class=\"ez-toc-icon-toggle-span\"><svg style=\"fill: #999;color:#999\" xmlns=\"http:\/\/www.w3.org\/2000\/svg\" class=\"list-377408\" width=\"20px\" height=\"20px\" viewbox=\"0 0 24 24\" fill=\"none\"><path d=\"M6 6H4v2h2V6zm14 0H8v2h12V6zM4 11h2v2H4v-2zm16 0H8v2h12v-2zM4 16h2v2H4v-2zm16 0H8v2h12v-2z\" fill=\"currentColor\"><\/path><\/svg><svg style=\"fill: #999;color:#999\" class=\"arrow-unsorted-368013\" xmlns=\"http:\/\/www.w3.org\/2000\/svg\" width=\"10px\" height=\"10px\" viewbox=\"0 0 24 24\" version=\"1.2\" baseprofile=\"tiny\"><path d=\"M18.2 9.3l-6.2-6.3-6.2 6.3c-.2.2-.3.4-.3.7s.1.5.3.7c.2.2.4.3.7.3h11c.3 0 .5-.1.7-.3.2-.2.3-.5.3-.7s-.1-.5-.3-.7zM5.8 14.7l6.2 6.3 6.2-6.3c.2-.2.3-.5.3-.7s-.1-.5-.3-.7c-.2-.2-.4-.3-.7-.3h-11c-.3 0-.5.1-.7.3-.2.2-.3.5-.3.7s.1.5.3.7z\"\/><\/svg><\/span><\/span><\/span><\/a><\/span><\/div>\n<nav><ul class='ez-toc-list ez-toc-list-level-1 eztoc-toggle-hide-by-default' ><li class='ez-toc-page-1 ez-toc-heading-level-2'><a class=\"ez-toc-link ez-toc-heading-1\" href=\"https:\/\/moverdb.com\/pt\/moving-companies\/chile-moving-companies\/#1_Unipack\" >1. Unipack<\/a><\/li><li class='ez-toc-page-1 ez-toc-heading-level-2'><a class=\"ez-toc-link ez-toc-heading-2\" href=\"https:\/\/moverdb.com\/pt\/moving-companies\/chile-moving-companies\/#2_Atlas_International_Movers\" >2. Atlas International Movers<\/a><\/li><li class='ez-toc-page-1 ez-toc-heading-level-2'><a class=\"ez-toc-link ez-toc-heading-3\" href=\"https:\/\/moverdb.com\/pt\/moving-companies\/chile-moving-companies\/#3_Decapack\" >3. Descafeinado<\/a><\/li><li class='ez-toc-page-1 ez-toc-heading-level-2'><a class=\"ez-toc-link ez-toc-heading-4\" href=\"https:\/\/moverdb.com\/pt\/moving-companies\/chile-moving-companies\/#4_Global_Alliance_International\" >4. Alian\u00e7a Global Internacional<\/a><\/li><li class='ez-toc-page-1 ez-toc-heading-level-2'><a class=\"ez-toc-link ez-toc-heading-5\" href=\"https:\/\/moverdb.com\/pt\/moving-companies\/chile-moving-companies\/#5_REMSSA\" >5. REMSSA<\/a><\/li><li class='ez-toc-page-1 ez-toc-heading-level-2'><a class=\"ez-toc-link ez-toc-heading-6\" href=\"https:\/\/moverdb.com\/pt\/moving-companies\/chile-moving-companies\/#6_Ward_Van_Lines\" >6. Linhas de Van Ward<\/a><\/li><li class='ez-toc-page-1 ez-toc-heading-level-2'><a class=\"ez-toc-link ez-toc-heading-7\" href=\"https:\/\/moverdb.com\/pt\/moving-companies\/chile-moving-companies\/#Other_Useful_Guides_to_Chile\" >Outros guias \u00fateis para o Chile<\/a><\/li><\/ul><\/nav><\/div>\n<h2><span class=\"ez-toc-section\" id=\"1_Unipack\"><\/span><strong>1. Unipack<\/strong><span class=\"ez-toc-section-end\"><\/span><\/h2>\n<p><img loading=\"lazy\" decoding=\"async\" class=\"alignnone size-full wp-image-5496\" src=\"https:\/\/moverdb.com\/wp-content\/uploads\/Unipack-international-moving-company.png\" alt=\"Unipack empresa de mudan\u00e7as internacionais\" width=\"1440\" height=\"683\" data-wp-pid=\"5496\" srcset=\"https:\/\/moverdb.com\/wp-content\/uploads\/Unipack-international-moving-company.png 1440w, https:\/\/moverdb.com\/wp-content\/uploads\/Unipack-international-moving-company-300x142.png 300w, https:\/\/moverdb.com\/wp-content\/uploads\/Unipack-international-moving-company-1024x486.png 1024w, https:\/\/moverdb.com\/wp-content\/uploads\/Unipack-international-moving-company-18x9.png 18w, https:\/\/moverdb.com\/wp-content\/uploads\/Unipack-international-moving-company-600x285.png 600w\" sizes=\"auto, (max-width: 1440px) 100vw, 1440px\" \/><\/p>\n<ul>\n<li>Movimentos nacionais<\/li>\n<li>Movimentos internacionais<\/li>\n<li>Mudan\u00e7as dom\u00e9sticas<\/li>\n<li>Inspe\u00e7\u00e3o dentro de casa<\/li>\n<li>Servi\u00e7o de embalagem e desempacotamento<\/li>\n<li>Desmontar e montar m\u00f3veis<\/li>\n<li>Transporte terrestre, mar\u00edtimo e a\u00e9reo<\/li>\n<li>Suporte de documenta\u00e7\u00e3o<\/li>\n<li>Transporte de animais<\/li>\n<li>Armazenamento de curto a longo prazo<\/li>\n<\/ul>\n<p>Unipack \u00e9 um servi\u00e7o de mudan\u00e7as nacional e internacional que foi fundado em 1993 em Santiago. Eles t\u00eam uma rede de agentes em todo o mundo que os auxilia nas mudan\u00e7as internacionais atrav\u00e9s dos 5 continentes. Eles s\u00e3o membros do IAM com 29 anos de servi\u00e7o e s\u00e3o credenciados pelo FIDI.<\/p>\n<p>A Unipack utiliza as mais recentes t\u00e9cnicas de embalagem e transporte, bem como materiais para oferecer movimentos seguros para seus clientes. Seu processo come\u00e7a com uma inspe\u00e7\u00e3o dentro de casa e s\u00e3o discutidos documentos. Eles embalam, desmontam seus m\u00f3veis e organizam o transporte por estrada, ar e mar, depois desembalam e montam seus m\u00f3veis no local de destino. Eles o apoiar\u00e3o com documenta\u00e7\u00e3o, incluindo o desembara\u00e7o aduaneiro.<\/p>\n<p>Website: <a href=\"http:\/\/www.unipack.cl\" target=\"_blank\" rel=\"noopener\">http:\/\/www.unipack.cl<\/a><\/p>\n<h2><span class=\"ez-toc-section\" id=\"2_Atlas_International_Movers\"><\/span><strong>2. Atlas International Movers<\/strong><span class=\"ez-toc-section-end\"><\/span><\/h2>\n<p><img loading=\"lazy\" decoding=\"async\" class=\"alignnone size-full wp-image-5415\" src=\"https:\/\/moverdb.com\/wp-content\/uploads\/Atlas-International-Movers-moving-company.png\" alt=\"Atlas International Movers empresa de mudan\u00e7as\" width=\"1440\" height=\"682\" data-wp-pid=\"5415\" srcset=\"https:\/\/moverdb.com\/wp-content\/uploads\/Atlas-International-Movers-moving-company.png 1440w, https:\/\/moverdb.com\/wp-content\/uploads\/Atlas-International-Movers-moving-company-300x142.png 300w, https:\/\/moverdb.com\/wp-content\/uploads\/Atlas-International-Movers-moving-company-1024x485.png 1024w, https:\/\/moverdb.com\/wp-content\/uploads\/Atlas-International-Movers-moving-company-18x9.png 18w, https:\/\/moverdb.com\/wp-content\/uploads\/Atlas-International-Movers-moving-company-600x284.png 600w\" sizes=\"auto, (max-width: 1440px) 100vw, 1440px\" \/><\/p>\n<ul>\n<li>Movimentos nacionais<\/li>\n<li>Movimentos internacionais<\/li>\n<li>Mudan\u00e7as dom\u00e9sticas<\/li>\n<li>Mudan\u00e7as de escrit\u00f3rio<\/li>\n<li>Servi\u00e7o porta-a-porta<\/li>\n<li>Servi\u00e7o de embalagem de alta qualidade<\/li>\n<li>Carga terrestre, mar\u00edtima e a\u00e9rea<\/li>\n<li>Transporte de obras de arte<\/li>\n<li>Transporte de carros<\/li>\n<li>Instala\u00e7\u00f5es de armazenamento de curto a longo prazo<\/li>\n<\/ul>\n<p>A Atlas International Movers tem mais de 25 anos de experi\u00eancia em mudan\u00e7as de resid\u00eancias e escrit\u00f3rios em <a href=\"https:\/\/moverdb.com\/pt\/moving-to-chile\/\" data-internallinksmanager029f6b8e52c=\"426\" title=\"Est\u00e1 se mudando para o Chile? 2026 Custo de vida e dicas de realoca\u00e7\u00e3o\">Chile<\/a> e de ou para o Chile. Eles trabalham com uma rede de agentes de mudan\u00e7a confi\u00e1veis em todo o mundo para realizar mudan\u00e7as internacionais. Eles s\u00e3o membros da IAM com 16 anos de servi\u00e7o.<\/p>\n<p>A Atlas International Movers oferece uma visita domiciliar para avaliar suas exig\u00eancias e o orientar\u00e1 atrav\u00e9s do processo e da documenta\u00e7\u00e3o. Eles fornecer\u00e3o pessoal treinado para embalar seus pertences a um alto padr\u00e3o para proteg\u00ea-los durante o tr\u00e2nsito por terra, mar ou ar. Eles o ajudar\u00e3o com a documenta\u00e7\u00e3o alfandeg\u00e1ria sobre importa\u00e7\u00e3o e exporta\u00e7\u00e3o.<\/p>\n<p>Website: <a href=\"http:\/\/www.atlasinternationalchile.cl\" target=\"_blank\" rel=\"noopener\">http:\/\/www.atlasinternationalchile.cl<\/a><\/p>\n<h2><span class=\"ez-toc-section\" id=\"3_Decapack\"><\/span><strong>3. Descafeinado<\/strong><span class=\"ez-toc-section-end\"><\/span><\/h2>\n<p><img loading=\"lazy\" decoding=\"async\" class=\"alignnone size-full wp-image-5430\" src=\"https:\/\/moverdb.com\/wp-content\/uploads\/Decapack-international-moving-company.png\" alt=\"Empresa de mudan\u00e7as Decapack internacional\" width=\"1440\" height=\"680\" data-wp-pid=\"5430\" srcset=\"https:\/\/moverdb.com\/wp-content\/uploads\/Decapack-international-moving-company.png 1440w, https:\/\/moverdb.com\/wp-content\/uploads\/Decapack-international-moving-company-300x142.png 300w, https:\/\/moverdb.com\/wp-content\/uploads\/Decapack-international-moving-company-1024x484.png 1024w, https:\/\/moverdb.com\/wp-content\/uploads\/Decapack-international-moving-company-18x9.png 18w, https:\/\/moverdb.com\/wp-content\/uploads\/Decapack-international-moving-company-600x283.png 600w\" sizes=\"auto, (max-width: 1440px) 100vw, 1440px\" \/><\/p>\n<ul>\n<li>Movimentos nacionais<\/li>\n<li>Movimentos internacionais<\/li>\n<li>Mudan\u00e7as residenciais<\/li>\n<li>Mudan\u00e7as de escrit\u00f3rio<\/li>\n<li>Servi\u00e7o de reloca\u00e7\u00e3o<\/li>\n<li>Servi\u00e7o porta-a-porta<\/li>\n<li>Servi\u00e7o de embalagem<\/li>\n<li>Seguros<\/li>\n<li>Servi\u00e7o especializado para obras de arte<\/li>\n<li>Armazenamento de curto a longo prazo<\/li>\n<\/ul>\n<p>A Decapack \u00e9 uma empresa expatriada e de mudan\u00e7as internacionais com sede em Santiago que foi fundada em 1942. Eles t\u00eam presen\u00e7a em San Antonio e Valparaiso. <a href=\"https:\/\/moverdb.com\/pt\/top-49-container-ports\/\" data-internallinksmanager029f6b8e52c=\"80\" title=\"Os 49 maiores e mais movimentados portos de cont\u00eaineres em 2025\">portos<\/a> e o Aeroporto Internacional de Santiago. Eles s\u00e3o membros do IAM com 52 anos de servi\u00e7o e s\u00e3o credenciados pelo FIDI.<\/p>\n<p>A Decapack oferece um servi\u00e7o porta-a-porta que come\u00e7a com a organiza\u00e7\u00e3o de uma visita de estimativa pessoalmente ou virtualmente para avaliar suas necessidades. Eles fornecer\u00e3o conselhos personalizados de um coordenador designado que o ajudar\u00e1 com a papelada e a documenta\u00e7\u00e3o. Eles fornecem um servi\u00e7o de embalagem para proteger seus pertences e um seguro para proteg\u00ea-los contra o inesperado.<\/p>\n<p>Website: <a href=\"http:\/\/www.decapack.com\" target=\"_blank\" rel=\"noopener\">http:\/\/www.decapack.com<\/a><\/p>\n<h2><span class=\"ez-toc-section\" id=\"4_Global_Alliance_International\"><\/span><strong>4. Alian\u00e7a Global Internacional<\/strong><span class=\"ez-toc-section-end\"><\/span><\/h2>\n<p><img loading=\"lazy\" decoding=\"async\" class=\"alignnone size-full wp-image-5441\" src=\"https:\/\/moverdb.com\/wp-content\/uploads\/Global-Alliance-International-moving-company.png\" alt=\"Empresa de mudan\u00e7as da Global Alliance International\" width=\"1440\" height=\"677\" data-wp-pid=\"5441\" srcset=\"https:\/\/moverdb.com\/wp-content\/uploads\/Global-Alliance-International-moving-company.png 1440w, https:\/\/moverdb.com\/wp-content\/uploads\/Global-Alliance-International-moving-company-300x141.png 300w, https:\/\/moverdb.com\/wp-content\/uploads\/Global-Alliance-International-moving-company-1024x481.png 1024w, https:\/\/moverdb.com\/wp-content\/uploads\/Global-Alliance-International-moving-company-18x8.png 18w, https:\/\/moverdb.com\/wp-content\/uploads\/Global-Alliance-International-moving-company-600x282.png 600w\" sizes=\"auto, (max-width: 1440px) 100vw, 1440px\" \/><\/p>\n<ul>\n<li>Movimentos nacionais<\/li>\n<li>Movimentos internacionais<\/li>\n<li>Mudan\u00e7as residenciais<\/li>\n<li>Movimentos corporativos<\/li>\n<li>Pessoal altamente treinado<\/li>\n<li>Servi\u00e7o completo de embalagem<\/li>\n<li>Transporte terrestre, mar\u00edtimo e a\u00e9reo<\/li>\n<li>Apoio alfandeg\u00e1rio<\/li>\n<li>Transporte de animais<\/li>\n<li>Solu\u00e7\u00f5es de armazenamento tempor\u00e1rio e permanente<\/li>\n<\/ul>\n<p>A Global Alliance International \u00e9 uma empresa chilena de mudan\u00e7as fundada em 1995 e \u00e9 uma subsidi\u00e1ria da Express Movers Transportes. Eles trabalham com agentes de mudan\u00e7as no destino para completar as mudan\u00e7as internacionais. Eles s\u00e3o membros do IAM com 16 anos de servi\u00e7o.<\/p>\n<p>A Global Alliance International fornecer\u00e1 uma equipe de empacotadores para desmontar e embalar todos os seus pertences usando os materiais de embalagem mais apropriados para proteg\u00ea-los e caixas especializadas. Eles tamb\u00e9m fornecer\u00e3o um invent\u00e1rio, caixas e cont\u00eaineres etiquetados para embarque por terra, ar ou mar, e apoio com documenta\u00e7\u00e3o alfandeg\u00e1ria. Eles tamb\u00e9m oferecem solu\u00e7\u00f5es de armazenamento tempor\u00e1rio e permanente.<\/p>\n<p>Website: <a href=\"http:\/\/www.globalalliancechile.com\" target=\"_blank\" rel=\"noopener\">http:\/\/www.globalalliancechile.com<\/a><\/p>\n<h2><span class=\"ez-toc-section\" id=\"5_REMSSA\"><\/span><strong>5. REMSSA<\/strong><span class=\"ez-toc-section-end\"><\/span><\/h2>\n<p><img loading=\"lazy\" decoding=\"async\" class=\"alignnone size-full wp-image-5482\" src=\"https:\/\/moverdb.com\/wp-content\/uploads\/REMSSA-international-moving-company.png\" alt=\"REMSSA empresa de mudan\u00e7as internacionais\" width=\"1440\" height=\"683\" data-wp-pid=\"5482\" srcset=\"https:\/\/moverdb.com\/wp-content\/uploads\/REMSSA-international-moving-company.png 1440w, https:\/\/moverdb.com\/wp-content\/uploads\/REMSSA-international-moving-company-300x142.png 300w, https:\/\/moverdb.com\/wp-content\/uploads\/REMSSA-international-moving-company-1024x486.png 1024w, https:\/\/moverdb.com\/wp-content\/uploads\/REMSSA-international-moving-company-18x9.png 18w, https:\/\/moverdb.com\/wp-content\/uploads\/REMSSA-international-moving-company-600x285.png 600w\" sizes=\"auto, (max-width: 1440px) 100vw, 1440px\" \/><\/p>\n<ul>\n<li>Movimentos nacionais<\/li>\n<li>Movimentos internacionais<\/li>\n<li>Mudan\u00e7as residenciais<\/li>\n<li>Mudan\u00e7as de escrit\u00f3rio<\/li>\n<li>Deslocaliza\u00e7\u00e3o<\/li>\n<li>Servi\u00e7o porta-a-porta<\/li>\n<li>Servi\u00e7o de embalagem<\/li>\n<li>Transporte de obras de arte<\/li>\n<li>Transporte de animais<\/li>\n<li>Instala\u00e7\u00f5es de armazenamento seguras<\/li>\n<\/ul>\n<p>A REMSSA \u00e9 uma empresa de mudan\u00e7as sediada em Santiago que foi fundada em 2000, com filiais em todo o Chile em aeroportos e portos. Eles oferecem servi\u00e7os de mudan\u00e7as nacionais e internacionais para clientes dom\u00e9sticos e corporativos. Eles s\u00e3o membros da IAM com 22 anos de servi\u00e7o.<\/p>\n<p>A REMSSA oferece um servi\u00e7o de mudan\u00e7a personalizado, que fornecer\u00e1 a entrega porta-a-porta de sua mudan\u00e7a ou recoloca\u00e7\u00e3o. Eles fornecem um servi\u00e7o de embalagem, carregamento e desempacotamento com embalagens de carga industrial para proteg\u00ea-la em tr\u00e2nsito. Eles tamb\u00e9m oferecem servi\u00e7os especializados de apoio \u00e0 imigra\u00e7\u00e3o, transporte de obras de arte, transporte de animais de estima\u00e7\u00e3o e instala\u00e7\u00f5es de armazenamento seguro, se necess\u00e1rio.<\/p>\n<p>Website: <a href=\"http:\/\/www.remssa.cl\" target=\"_blank\" rel=\"noopener\">http:\/\/www.remssa.cl<\/a><\/p>\n<h2><span class=\"ez-toc-section\" id=\"6_Ward_Van_Lines\"><\/span><strong>6. Linhas de Van Ward<\/strong><span class=\"ez-toc-section-end\"><\/span><\/h2>\n<p><img loading=\"lazy\" decoding=\"async\" class=\"alignnone size-full wp-image-5499\" src=\"https:\/\/moverdb.com\/wp-content\/uploads\/Ward-Van-Lines-international-moving-company.png\" alt=\"Ward Van Lines empresa de mudan\u00e7as internacionais\" width=\"1440\" height=\"680\" data-wp-pid=\"5499\" srcset=\"https:\/\/moverdb.com\/wp-content\/uploads\/Ward-Van-Lines-international-moving-company.png 1440w, https:\/\/moverdb.com\/wp-content\/uploads\/Ward-Van-Lines-international-moving-company-300x142.png 300w, https:\/\/moverdb.com\/wp-content\/uploads\/Ward-Van-Lines-international-moving-company-1024x484.png 1024w, https:\/\/moverdb.com\/wp-content\/uploads\/Ward-Van-Lines-international-moving-company-18x9.png 18w, https:\/\/moverdb.com\/wp-content\/uploads\/Ward-Van-Lines-international-moving-company-600x283.png 600w\" sizes=\"auto, (max-width: 1440px) 100vw, 1440px\" \/><\/p>\n<ul>\n<li>Movimentos nacionais<\/li>\n<li>Movimentos internacionais<\/li>\n<li>Servi\u00e7o personalizado<\/li>\n<li>Servi\u00e7o de embalagem utilizando materiais de primeira classe<\/li>\n<li>Desmontar e montar m\u00f3veis<\/li>\n<li>Rotulagem de itens para rastreamento constante<\/li>\n<li>Rastreie seu movimento atrav\u00e9s de rastreamento por GPS<\/li>\n<li>Documenta\u00e7\u00e3o de exporta\u00e7\u00e3o, incluindo desembara\u00e7o aduaneiro<\/li>\n<li>Seguros<\/li>\n<li>Instala\u00e7\u00f5es de armazenamento seguras<\/li>\n<\/ul>\n<p>A Ward Van Lines \u00e9 uma empresa internacional e nacional de mudan\u00e7as que foi fundada em 1969. Sua sede est\u00e1 localizada em Santiago e tem escrit\u00f3rios nos portos mais importantes, incluindo Valparaiso e San Antonio. Eles s\u00e3o membros do IAM com 53 anos de servi\u00e7o e s\u00e3o credenciados pelo FIDI.<\/p>\n<p>A Ward Van Lines oferece um servi\u00e7o personalizado de porta a porta que utiliza materiais de primeira classe para embalar seus pertences com seguran\u00e7a e utiliza caixas de madeira para artigos fr\u00e1geis. Eles produzir\u00e3o um invent\u00e1rio e etiquetar\u00e3o todos os seus itens com c\u00f3digos de barras exclusivos para identificar seus pertences. Seus caminh\u00f5es possuem rastreamento GPS que lhe permite rastrear seus pertences 24 horas por dia, 7 dias por semana.<\/p>\n<p>Website: <a href=\"http:\/\/www.wardvanlines.com\" target=\"_blank\" rel=\"noopener\">http:\/\/www.wardvanlines.com<\/a><\/p>\n<h2><span class=\"ez-toc-section\" id=\"Other_Useful_Guides_to_Chile\"><\/span>Outros guias \u00fateis para o Chile<span class=\"ez-toc-section-end\"><\/span><\/h2>\n<ul>\n<li> <a href=\"https:\/\/moverdb.com\/pt\/transporte-de-conteineres\/chile\/\">2024 Tarifas de remessa de cont\u00eaineres de frete mar\u00edtimo para e do Chile<\/a><\/li>\n<li> <a href=\"https:\/\/moverdb.com\/pt\/moving-to-chile\/\">Est\u00e1 se mudando para o Chile? 2026 Custo de vida e dicas de realoca\u00e7\u00e3o<\/a><\/li>\n<li> <a href=\"https:\/\/moverdb.com\/pt\/moving-to-chile\/best-places-to-live-chile\/\">12 melhores lugares para se viver no Chile<\/a><\/li>\n<\/ul>","protected":false},"excerpt":{"rendered":"<p>Moving can be a busy and stressful time especially in you are moving long distance or to another country. This is where a moving company can help reduce your stress by taking away some of the workload. Below we have compiled a list of Chilean removal companies that are members of the International Association of [&hellip;]<\/p>\n","protected":false},"author":4,"featured_media":0,"parent":190,"menu_order":0,"comment_status":"closed","ping_status":"closed","template":"","meta":{"_genesis_hide_title":false,"_genesis_hide_breadcrumbs":false,"_genesis_hide_singular_image":false,"_genesis_hide_footer_widgets":false,"_genesis_custom_body_class":"","_genesis_custom_post_class":"","_genesis_layout":"","footnotes":""},"class_list":{"0":"post-5527","1":"page","2":"type-page","3":"status-publish","5":"entry","6":"has-post-thumbnail"},"_links":{"self":[{"href":"https:\/\/moverdb.com\/pt\/wp-json\/wp\/v2\/pages\/5527","targetHints":{"allow":["GET"]}}],"collection":[{"href":"https:\/\/moverdb.com\/pt\/wp-json\/wp\/v2\/pages"}],"about":[{"href":"https:\/\/moverdb.com\/pt\/wp-json\/wp\/v2\/types\/page"}],"author":[{"embeddable":true,"href":"https:\/\/moverdb.com\/pt\/wp-json\/wp\/v2\/users\/4"}],"replies":[{"embeddable":true,"href":"https:\/\/moverdb.com\/pt\/wp-json\/wp\/v2\/comments?post=5527"}],"version-history":[{"count":4,"href":"https:\/\/moverdb.com\/pt\/wp-json\/wp\/v2\/pages\/5527\/revisions"}],"predecessor-version":[{"id":16390,"href":"https:\/\/moverdb.com\/pt\/wp-json\/wp\/v2\/pages\/5527\/revisions\/16390"}],"up":[{"embeddable":true,"href":"https:\/\/moverdb.com\/pt\/wp-json\/wp\/v2\/pages\/190"}],"wp:attachment":[{"href":"https:\/\/moverdb.com\/pt\/wp-json\/wp\/v2\/media?parent=5527"}],"curies":[{"name":"wp","href":"https:\/\/api.w.org\/{rel}","templated":true}]}}