{"id":5515,"date":"2023-02-01T13:53:52","date_gmt":"2023-02-01T13:53:52","guid":{"rendered":"https:\/\/moverdb.com\/?page_id=5515"},"modified":"2026-01-08T15:29:52","modified_gmt":"2026-01-08T15:29:52","slug":"camaroes-empresas-moventes","status":"publish","type":"page","link":"https:\/\/moverdb.com\/pt\/moving-companies\/cameroon-moving-companies\/","title":{"rendered":"Melhores Empresas de Mudan\u00e7as Internacionais nos Camar\u00f5es"},"content":{"rendered":"<p>Voc\u00ea est\u00e1 se mudando para casa ou para sua empresa? Ent\u00e3o voc\u00ea pode querer ajuda para facilitar a mudan\u00e7a, especialmente se voc\u00ea estiver se mudando para outro pa\u00eds, por isso uma pessoa de boa reputa\u00e7\u00e3o <a href=\"https:\/\/moverdb.com\/pt\/moving-companies\/\" data-internallinksmanager029f6b8e52c=\"79\" title=\"As 25 maiores empresas de mudan\u00e7as internacionais on-line\">empresa de mudan\u00e7as<\/a> poderia ajudar. A seguir, compilamos uma lista de Camar\u00f5es <a href=\"https:\/\/moverdb.com\/pt\/international-removals\/\" data-internallinksmanager029f6b8e52c=\"27\" title=\"36 melhores empresas de mudan\u00e7as internacionais no Reino Unido\">empresas de mudan\u00e7as<\/a> que s\u00e3o membros do <a href=\"https:\/\/moverdb.com\/pt\/iam\/\" data-internallinksmanager029f6b8e52c=\"23\" title=\"Associa\u00e7\u00e3o Internacional de Remotores (IAM) Explicado\">Associa\u00e7\u00e3o Internacional de Movers<\/a> (IAM) que poderia ajud\u00e1-los.<\/p>\n<h2><strong>Move One<\/strong><\/h2>\n<p><img loading=\"lazy\" decoding=\"async\" class=\"alignnone size-full wp-image-5461\" src=\"https:\/\/moverdb.com\/wp-content\/uploads\/Move-One-international-moving-company.png\" alt=\"Move One empresa de mudan\u00e7as internacionais\" width=\"1440\" height=\"680\" data-wp-pid=\"5461\" srcset=\"https:\/\/moverdb.com\/wp-content\/uploads\/Move-One-international-moving-company.png 1440w, https:\/\/moverdb.com\/wp-content\/uploads\/Move-One-international-moving-company-300x142.png 300w, https:\/\/moverdb.com\/wp-content\/uploads\/Move-One-international-moving-company-1024x484.png 1024w, https:\/\/moverdb.com\/wp-content\/uploads\/Move-One-international-moving-company-18x9.png 18w, https:\/\/moverdb.com\/wp-content\/uploads\/Move-One-international-moving-company-600x283.png 600w\" sizes=\"auto, (max-width: 1440px) 100vw, 1440px\" \/><\/p>\n<ul>\n<li>Mudan\u00e7as internacionais<\/li>\n<li>Relocaliza\u00e7\u00f5es<\/li>\n<li>Mudan\u00e7as dom\u00e9sticas<\/li>\n<li>Mudan\u00e7as de escrit\u00f3rios<\/li>\n<li>Pessoal profissional para apoi\u00e1-lo<\/li>\n<li>Assist\u00eancia \u00e0 imigra\u00e7\u00e3o<\/li>\n<li>Transporte de animais<\/li>\n<li>Ajude a se instalar em<\/li>\n<li>Buscas domiciliares e escolares<\/li>\n<li>Solu\u00e7\u00f5es de armazenamento<\/li>\n<\/ul>\n<p>A Move One \u00e9 uma empresa de mudan\u00e7as internacionais com filiais na Europa, \u00c1frica e Oriente M\u00e9dio, incluindo Camar\u00f5es. Fornecem solu\u00e7\u00f5es de log\u00edstica, mudan\u00e7as e mobilidade global desde 1992. Eles tamb\u00e9m possuem uma rede internacional de empresas de mudan\u00e7as para auxiliar clientes internacionais. A filial dos Camar\u00f5es \u00e9 membro do IAM com 6 anos de servi\u00e7o.<\/p>\n<p>A Move One oferece um servi\u00e7o profissional com pessoal altamente treinado para apoiar sua mudan\u00e7a ou recoloca\u00e7\u00e3o. Eles apoiar\u00e3o todos os aspectos de sua mudan\u00e7a, incluindo a organiza\u00e7\u00e3o da log\u00edstica e o apoio \u00e0 imigra\u00e7\u00e3o como transporte de seus animais de estima\u00e7\u00e3o. Seus servi\u00e7os de realoca\u00e7\u00e3o tamb\u00e9m incluem apoio para se estabelecer, encontrar uma casa e escolas.<\/p>\n<p>Website: <a href=\"https:\/\/www.moveoneinc.com\/\" target=\"_blank\" rel=\"noopener\">https:\/\/www.moveoneinc.com\/<\/a><\/p>","protected":false},"excerpt":{"rendered":"<p>Are you moving home or your business? Then you may want help in making the move easier especially if you are relocating to another country, so a reputable moving company could help. Below we have compiled a list of Cameroon removal companies that are members of the International Association of Movers (IAM) that could help [&hellip;]<\/p>\n","protected":false},"author":4,"featured_media":0,"parent":190,"menu_order":0,"comment_status":"closed","ping_status":"closed","template":"","meta":{"_genesis_hide_title":false,"_genesis_hide_breadcrumbs":false,"_genesis_hide_singular_image":false,"_genesis_hide_footer_widgets":false,"_genesis_custom_body_class":"","_genesis_custom_post_class":"","_genesis_layout":"","footnotes":""},"class_list":{"0":"post-5515","1":"page","2":"type-page","3":"status-publish","5":"entry","6":"has-post-thumbnail"},"_links":{"self":[{"href":"https:\/\/moverdb.com\/pt\/wp-json\/wp\/v2\/pages\/5515","targetHints":{"allow":["GET"]}}],"collection":[{"href":"https:\/\/moverdb.com\/pt\/wp-json\/wp\/v2\/pages"}],"about":[{"href":"https:\/\/moverdb.com\/pt\/wp-json\/wp\/v2\/types\/page"}],"author":[{"embeddable":true,"href":"https:\/\/moverdb.com\/pt\/wp-json\/wp\/v2\/users\/4"}],"replies":[{"embeddable":true,"href":"https:\/\/moverdb.com\/pt\/wp-json\/wp\/v2\/comments?post=5515"}],"version-history":[{"count":2,"href":"https:\/\/moverdb.com\/pt\/wp-json\/wp\/v2\/pages\/5515\/revisions"}],"predecessor-version":[{"id":5517,"href":"https:\/\/moverdb.com\/pt\/wp-json\/wp\/v2\/pages\/5515\/revisions\/5517"}],"up":[{"embeddable":true,"href":"https:\/\/moverdb.com\/pt\/wp-json\/wp\/v2\/pages\/190"}],"wp:attachment":[{"href":"https:\/\/moverdb.com\/pt\/wp-json\/wp\/v2\/media?parent=5515"}],"curies":[{"name":"wp","href":"https:\/\/api.w.org\/{rel}","templated":true}]}}