{"id":5512,"date":"2023-02-01T13:54:26","date_gmt":"2023-02-01T13:54:26","guid":{"rendered":"https:\/\/moverdb.com\/?page_id=5512"},"modified":"2026-01-08T15:29:51","modified_gmt":"2026-01-08T15:29:51","slug":"burundi-moving-companies","status":"publish","type":"page","link":"https:\/\/moverdb.com\/pt\/moving-companies\/burundi-moving-companies\/","title":{"rendered":"As melhores empresas de mudan\u00e7as internacionais do Burundi"},"content":{"rendered":"<p>Se voc\u00ea est\u00e1 querendo se mudar para casa ou neg\u00f3cios no Burundi, mudar-se para ou do Burundi, voc\u00ea pode estar interessado nos servi\u00e7os de um <a href=\"https:\/\/moverdb.com\/pt\/moving-companies\/\" data-internallinksmanager029f6b8e52c=\"79\" title=\"As 25 maiores empresas de mudan\u00e7as internacionais on-line\">empresa de mudan\u00e7as<\/a> que poderia facilitar a mudan\u00e7a para voc\u00ea. A seguir, compilamos uma lista do Burundi <a href=\"https:\/\/moverdb.com\/pt\/international-removals\/\" data-internallinksmanager029f6b8e52c=\"27\" title=\"36 melhores empresas de mudan\u00e7as internacionais no Reino Unido\">empresas de mudan\u00e7as<\/a> que s\u00e3o membros do <a href=\"https:\/\/moverdb.com\/pt\/iam\/\" data-internallinksmanager029f6b8e52c=\"23\" title=\"Associa\u00e7\u00e3o Internacional de Remotores (IAM) Explicado\">Associa\u00e7\u00e3o Internacional de Movers<\/a> (IAM) que poderia ajud\u00e1-los.<\/p>\n<h2><strong>Log\u00edstica dos Grandes Lagos<\/strong><\/h2>\n<p><img loading=\"lazy\" decoding=\"async\" class=\"alignnone size-full wp-image-5444\" src=\"https:\/\/moverdb.com\/wp-content\/uploads\/Great-Lakes-Logistics-international-moving-company.png\" alt=\"Empresa de mudan\u00e7as internacionais da Great Lakes Logistics\" width=\"1440\" height=\"679\" data-wp-pid=\"5444\" srcset=\"https:\/\/moverdb.com\/wp-content\/uploads\/Great-Lakes-Logistics-international-moving-company.png 1440w, https:\/\/moverdb.com\/wp-content\/uploads\/Great-Lakes-Logistics-international-moving-company-300x141.png 300w, https:\/\/moverdb.com\/wp-content\/uploads\/Great-Lakes-Logistics-international-moving-company-1024x483.png 1024w, https:\/\/moverdb.com\/wp-content\/uploads\/Great-Lakes-Logistics-international-moving-company-18x8.png 18w, https:\/\/moverdb.com\/wp-content\/uploads\/Great-Lakes-Logistics-international-moving-company-600x283.png 600w\" sizes=\"auto, (max-width: 1440px) 100vw, 1440px\" \/><\/p>\n<ul>\n<li>Movimentos nacionais<\/li>\n<li>Movimentos internacionais<\/li>\n<li>Mudan\u00e7as residenciais<\/li>\n<li>Pequenos movimentos comerciais<\/li>\n<li>Frete rodovi\u00e1rio, ferrovi\u00e1rio, mar\u00edtimo e a\u00e9reo<\/li>\n<li>Servi\u00e7os de embalagem, carregamento e descarregamento<\/li>\n<li>Invent\u00e1rio on-line<\/li>\n<li>Desembara\u00e7o aduaneiro<\/li>\n<li>Cobre a \u00c1frica Oriental<\/li>\n<li>Instala\u00e7\u00f5es de armazenamento<\/li>\n<\/ul>\n<p>A Great Lakes Logistics \u00e9 uma empresa de compensa\u00e7\u00e3o, expedi\u00e7\u00e3o, transporte e armazenamento fundada em 2015 no Burundi como uma filial de uma grande empresa dos Emirados \u00c1rabes Unidos. Eles fornecem servi\u00e7os de mudan\u00e7a em Burundi, Ruanda, <a href=\"https:\/\/moverdb.com\/pt\/moving-companies\/moving-companies-kenya\/\" data-internallinksmanager029f6b8e52c=\"305\" title=\"4 melhores empresas de mudan\u00e7a internacional no Qu\u00eania\">Qu\u00eania<\/a>Uganda, Tanz\u00e2nia, sul do Sud\u00e3o, <a href=\"https:\/\/moverdb.com\/pt\/moving-companies\/moving-companies-mozambique\/\" data-internallinksmanager029f6b8e52c=\"286\" title=\"4 melhores empresas de mudan\u00e7a internacional em Mo\u00e7ambique\">Mo\u00e7ambique<\/a>, <a href=\"https:\/\/moverdb.com\/pt\/moving-companies\/moving-companies-malawi\/\" data-internallinksmanager029f6b8e52c=\"295\" title=\"Melhores empresas de mudan\u00e7a internacional no Malaui\">Malau\u00ed<\/a>, DRC, <a href=\"https:\/\/moverdb.com\/pt\/moving-companies\/botswana-moving-companies\/\" data-internallinksmanager029f6b8e52c=\"167\" title=\"As melhores empresas de mudan\u00e7as internacionais do Botsuana\">Botsuana<\/a>Angola e Zimb\u00e1bue. Eles s\u00e3o membros do IAM com 6 anos de servi\u00e7o.<\/p>\n<p>A Great Lakes Logistics atende a movimenta\u00e7\u00f5es residenciais e comerciais de pequeno porte que podem ser realizadas por frete rodovi\u00e1rio, ferrovi\u00e1rio, mar\u00edtimo e a\u00e9reo. Eles oferecem uma escolha de servi\u00e7os de mudan\u00e7a, incluindo carga e descarga, disposi\u00e7\u00e3o de pertences, servi\u00e7os de embalagem e desembara\u00e7o aduaneiro, bem como armazenagem.<\/p>\n<p>Website: <a href=\"https:\/\/www.greatlakeslogistics-bu.bi\" target=\"_blank\" rel=\"noopener\">https:\/\/www.greatlakeslogistics-bu.bi<\/a><\/p>","protected":false},"excerpt":{"rendered":"<p>If you are wanting to move home or business in Burundi, move to or from Burundi, you may be interested in the services of a moving company who could ease the move for you. Below we have compiled a list of Burundi removal companies that are members of the International Association of Movers (IAM) that [&hellip;]<\/p>\n","protected":false},"author":4,"featured_media":0,"parent":190,"menu_order":0,"comment_status":"closed","ping_status":"closed","template":"","meta":{"_genesis_hide_title":false,"_genesis_hide_breadcrumbs":false,"_genesis_hide_singular_image":false,"_genesis_hide_footer_widgets":false,"_genesis_custom_body_class":"","_genesis_custom_post_class":"","_genesis_layout":"","footnotes":""},"class_list":{"0":"post-5512","1":"page","2":"type-page","3":"status-publish","5":"entry","6":"has-post-thumbnail"},"_links":{"self":[{"href":"https:\/\/moverdb.com\/pt\/wp-json\/wp\/v2\/pages\/5512","targetHints":{"allow":["GET"]}}],"collection":[{"href":"https:\/\/moverdb.com\/pt\/wp-json\/wp\/v2\/pages"}],"about":[{"href":"https:\/\/moverdb.com\/pt\/wp-json\/wp\/v2\/types\/page"}],"author":[{"embeddable":true,"href":"https:\/\/moverdb.com\/pt\/wp-json\/wp\/v2\/users\/4"}],"replies":[{"embeddable":true,"href":"https:\/\/moverdb.com\/pt\/wp-json\/wp\/v2\/comments?post=5512"}],"version-history":[{"count":2,"href":"https:\/\/moverdb.com\/pt\/wp-json\/wp\/v2\/pages\/5512\/revisions"}],"predecessor-version":[{"id":5514,"href":"https:\/\/moverdb.com\/pt\/wp-json\/wp\/v2\/pages\/5512\/revisions\/5514"}],"up":[{"embeddable":true,"href":"https:\/\/moverdb.com\/pt\/wp-json\/wp\/v2\/pages\/190"}],"wp:attachment":[{"href":"https:\/\/moverdb.com\/pt\/wp-json\/wp\/v2\/media?parent=5512"}],"curies":[{"name":"wp","href":"https:\/\/api.w.org\/{rel}","templated":true}]}}