{"id":5510,"date":"2023-02-01T12:32:51","date_gmt":"2023-02-01T12:32:51","guid":{"rendered":"https:\/\/moverdb.com\/?page_id=5510"},"modified":"2026-01-08T15:23:39","modified_gmt":"2026-01-08T15:23:39","slug":"bulgaria-moving-companies","status":"publish","type":"page","link":"https:\/\/moverdb.com\/pt\/moving-companies\/bulgaria-moving-companies\/","title":{"rendered":"2 Melhores Empresas de Mudan\u00e7as Internacionais na Bulg\u00e1ria"},"content":{"rendered":"<p>Se voc\u00ea estiver mudando sua casa ou seu neg\u00f3cio em <a href=\"https:\/\/moverdb.com\/pt\/moving-to-bulgaria\/\" data-internallinksmanager029f6b8e52c=\"322\" title=\"Est\u00e1 se mudando para a Bulg\u00e1ria? 2026 Custo de vida e dicas de realoca\u00e7\u00e3o\">Bulg\u00e1ria<\/a>ou se mudando para ou da Bulg\u00e1ria, talvez voc\u00ea queira contratar os servi\u00e7os de um <a href=\"https:\/\/moverdb.com\/pt\/moving-companies\/\" data-internallinksmanager029f6b8e52c=\"79\" title=\"As 25 maiores empresas de mudan\u00e7as internacionais on-line\">empresa de mudan\u00e7as<\/a> para reduzir a carga de trabalho. A seguir, compilamos uma lista dos b\u00falgaros <a href=\"https:\/\/moverdb.com\/pt\/international-removals\/\" data-internallinksmanager029f6b8e52c=\"27\" title=\"36 melhores empresas de mudan\u00e7as internacionais no Reino Unido\">empresas de mudan\u00e7as<\/a> que s\u00e3o membros do <a href=\"https:\/\/moverdb.com\/pt\/iam\/\" data-internallinksmanager029f6b8e52c=\"23\" title=\"Associa\u00e7\u00e3o Internacional de Remotores (IAM) Explicado\">Associa\u00e7\u00e3o Internacional de Movers<\/a> (IAM) e\/ou <a href=\"https:\/\/moverdb.com\/pt\/fidi-faim\/\" data-internallinksmanager029f6b8e52c=\"16\" title=\"FIDI &amp; FAIM (FIDI Accredited International Mover) Explicado\">FIDI<\/a> Credenciado pela International Mover (FAIM) que poderia lhe ajudar.<\/p>\n<h2><strong>1. Movega<\/strong><\/h2>\n<p><img loading=\"lazy\" decoding=\"async\" class=\"alignnone size-full wp-image-5463\" src=\"https:\/\/moverdb.com\/wp-content\/uploads\/Movega-international-moving-company.png\" alt=\"Movega international moving company\" width=\"1440\" height=\"678\" data-wp-pid=\"5463\" srcset=\"https:\/\/moverdb.com\/wp-content\/uploads\/Movega-international-moving-company.png 1440w, https:\/\/moverdb.com\/wp-content\/uploads\/Movega-international-moving-company-300x141.png 300w, https:\/\/moverdb.com\/wp-content\/uploads\/Movega-international-moving-company-1024x482.png 1024w, https:\/\/moverdb.com\/wp-content\/uploads\/Movega-international-moving-company-18x8.png 18w, https:\/\/moverdb.com\/wp-content\/uploads\/Movega-international-moving-company-600x283.png 600w\" sizes=\"auto, (max-width: 1440px) 100vw, 1440px\" \/><\/p>\n<ul>\n<li>Movimentos nacionais<\/li>\n<li>Mudan\u00e7as europ\u00e9ias<\/li>\n<li>Mudan\u00e7as dom\u00e9sticas<\/li>\n<li>Mudan\u00e7as de escrit\u00f3rios<\/li>\n<li>Servi\u00e7os de carga completa e parcial<\/li>\n<li>Descontos para reserva de m\u00faltiplos ve\u00edculos<\/li>\n<li>Embalagem e desempacotamento<\/li>\n<li>Plataforma de pesquisa on-line para avaliar suas necessidades<\/li>\n<li>Pode fornecer um elevador externo<\/li>\n<li>Solu\u00e7\u00f5es de armazenamento<\/li>\n<\/ul>\n<p>A Movega \u00e9 uma empresa de mudan\u00e7as com sede em Varna que oferece servi\u00e7os de mudan\u00e7as na Bulg\u00e1ria e Europa. Eles trabalham com parceiros de mudan\u00e7as para fornecer seus servi\u00e7os internacionalmente. Eles atendem a mudan\u00e7a de resid\u00eancias e escrit\u00f3rios, e s\u00e3o membros do IAM com 2 anos de servi\u00e7o.<\/p>\n<p>A Movega oferece uma op\u00e7\u00e3o de servi\u00e7os de movimenta\u00e7\u00e3o que lhe permite utilizar uma carga completa ou parcial ou obter descontos para v\u00e1rios ve\u00edculos. Eles ajudam voc\u00ea a avaliar suas necessidades de mudan\u00e7a usando sua plataforma de pesquisa on-line. Eles oferecem servi\u00e7os de transporte, bem como servi\u00e7os completos de embalagem e desempacotamento. Possuem uma frota diversificada, incluindo um elevador externo para transportar grandes m\u00f3veis atrav\u00e9s de janelas e varandas.<\/p>\n<p>Website: <a href=\"http:\/\/movega.co.uk\" target=\"_blank\" rel=\"noopener\">http:\/\/movega.co.uk<\/a><\/p>\n<h2><strong>2. Orbit<\/strong><\/h2>\n<p><img loading=\"lazy\" decoding=\"async\" class=\"alignnone size-full wp-image-5470\" src=\"https:\/\/moverdb.com\/wp-content\/uploads\/Orbit-international-moving-company.png\" alt=\"Orbit international moving company\" width=\"1440\" height=\"684\" data-wp-pid=\"5470\" srcset=\"https:\/\/moverdb.com\/wp-content\/uploads\/Orbit-international-moving-company.png 1440w, https:\/\/moverdb.com\/wp-content\/uploads\/Orbit-international-moving-company-300x143.png 300w, https:\/\/moverdb.com\/wp-content\/uploads\/Orbit-international-moving-company-1024x486.png 1024w, https:\/\/moverdb.com\/wp-content\/uploads\/Orbit-international-moving-company-18x9.png 18w, https:\/\/moverdb.com\/wp-content\/uploads\/Orbit-international-moving-company-600x285.png 600w\" sizes=\"auto, (max-width: 1440px) 100vw, 1440px\" \/><\/p>\n<ul>\n<li>Movimentos nacionais<\/li>\n<li>Movimentos internacionais<\/li>\n<li>Mudan\u00e7as dom\u00e9sticas<\/li>\n<li>Log\u00edstica comercial<\/li>\n<li>Abordagem personalizada<\/li>\n<li>Transporte terrestre, mar\u00edtimo e a\u00e9reo<\/li>\n<li>Ag\u00eancia aduaneira<\/li>\n<li>Embalagem e desempacotamento<\/li>\n<li>Transporte de arte<\/li>\n<li>Rastreamento de transporte e seguro<\/li>\n<\/ul>\n<p>Orbit \u00e9 uma empresa de expedi\u00e7\u00e3o e transporte sediada em S\u00f3fia que vem operando h\u00e1 mais de 25 anos ajudando as pessoas a se deslocarem na Bulg\u00e1ria e internacionalmente. Eles fazem parte do grupo Orphee Beinoglou que tem filiais em toda a Europa com quem trabalham e outros parceiros m\u00f3veis para realizar mudan\u00e7as internacionais. Eles s\u00e3o membros do IAM com 28 anos de servi\u00e7o e s\u00e3o credenciados pelo FIDI.<\/p>\n<p>A Orbit oferece um servi\u00e7o pessoal incluindo a inspe\u00e7\u00e3o inicial, planejando sua mudan\u00e7a por terra, mar ou ar, embalando e desempacotando seus pertences com seguran\u00e7a e providenciando o desembara\u00e7o alfandeg\u00e1rio. Eles fornecem tranquilidade com seguro de tr\u00e2nsito para seus pertences e rastreamento de sua remessa.<\/p>\n<p>Website: <a href=\"http:\/\/www.orbit.bg\" target=\"_blank\" rel=\"noopener\">http:\/\/www.orbit.bg<\/a><\/p>\n<h2>Outros guias \u00fateis para a Bulg\u00e1ria<\/h2>\n<ul>\n<li> <a href=\"https:\/\/moverdb.com\/pt\/moving-to-bulgaria\/\">Est\u00e1 se mudando para a Bulg\u00e1ria? 2026 Custo de vida e dicas de realoca\u00e7\u00e3o<\/a><\/li>\n<li> <a href=\"https:\/\/moverdb.com\/pt\/moving-to-bulgaria\/best-places-to-live-bulgaria\/\">13 melhores lugares para se viver na Bulg\u00e1ria<\/a><\/li>\n<\/ul>","protected":false},"excerpt":{"rendered":"<p>If you are moving home or your business in Bulgaria, or moving to or from Bulgaria, then you may want to engage the services of a moving company to reduce the workload. Below we have compiled a list of Bulgarian removal companies that are members of the International Association of Movers (IAM) and\/or FIDI Accredited [&hellip;]<\/p>\n","protected":false},"author":4,"featured_media":0,"parent":190,"menu_order":0,"comment_status":"closed","ping_status":"closed","template":"","meta":{"_genesis_hide_title":false,"_genesis_hide_breadcrumbs":false,"_genesis_hide_singular_image":false,"_genesis_hide_footer_widgets":false,"_genesis_custom_body_class":"","_genesis_custom_post_class":"","_genesis_layout":"","footnotes":""},"class_list":{"0":"post-5510","1":"page","2":"type-page","3":"status-publish","5":"entry","6":"has-post-thumbnail"},"_links":{"self":[{"href":"https:\/\/moverdb.com\/pt\/wp-json\/wp\/v2\/pages\/5510","targetHints":{"allow":["GET"]}}],"collection":[{"href":"https:\/\/moverdb.com\/pt\/wp-json\/wp\/v2\/pages"}],"about":[{"href":"https:\/\/moverdb.com\/pt\/wp-json\/wp\/v2\/types\/page"}],"author":[{"embeddable":true,"href":"https:\/\/moverdb.com\/pt\/wp-json\/wp\/v2\/users\/4"}],"replies":[{"embeddable":true,"href":"https:\/\/moverdb.com\/pt\/wp-json\/wp\/v2\/comments?post=5510"}],"version-history":[{"count":3,"href":"https:\/\/moverdb.com\/pt\/wp-json\/wp\/v2\/pages\/5510\/revisions"}],"predecessor-version":[{"id":16292,"href":"https:\/\/moverdb.com\/pt\/wp-json\/wp\/v2\/pages\/5510\/revisions\/16292"}],"up":[{"embeddable":true,"href":"https:\/\/moverdb.com\/pt\/wp-json\/wp\/v2\/pages\/190"}],"wp:attachment":[{"href":"https:\/\/moverdb.com\/pt\/wp-json\/wp\/v2\/media?parent=5510"}],"curies":[{"name":"wp","href":"https:\/\/api.w.org\/{rel}","templated":true}]}}