{"id":5392,"date":"2022-11-19T02:21:51","date_gmt":"2022-11-19T02:21:51","guid":{"rendered":"https:\/\/moverdb.com\/?page_id=5392"},"modified":"2026-01-08T14:38:39","modified_gmt":"2026-01-08T14:38:39","slug":"turks-and-caicos","status":"publish","type":"page","link":"https:\/\/moverdb.com\/pt\/container-shipping\/turks-and-caicos\/","title":{"rendered":"2026 Tarifas de Frete de Cont\u00eaineres Mar\u00edtimos para e dos Turcos e Caicos"},"content":{"rendered":"<div class=\"wp-block-image\">\n<figure class=\"aligncenter size-full\"><img loading=\"lazy\" decoding=\"async\" width=\"1000\" height=\"667\" src=\"https:\/\/moverdb.com\/wp-content\/uploads\/turks-and-caicos.jpg\" alt=\"Praia de areia em uma ilha em Turks e Caicos\" class=\"wp-image-5383\" srcset=\"https:\/\/moverdb.com\/wp-content\/uploads\/turks-and-caicos.jpg 1000w, https:\/\/moverdb.com\/wp-content\/uploads\/turks-and-caicos-300x200.jpg 300w, https:\/\/moverdb.com\/wp-content\/uploads\/turks-and-caicos-18x12.jpg 18w, https:\/\/moverdb.com\/wp-content\/uploads\/turks-and-caicos-600x400.jpg 600w\" sizes=\"auto, (max-width: 1000px) 100vw, 1000px\" \/><\/figure>\n<\/div>\n\n\n<p><strong><a href=\"https:\/\/moverdb.com\/pt\/moving-to-the-turks-and-caicos-islands\/\" data-internallinksmanager029f6b8e52c=\"388\" title=\"Est\u00e1 se mudando para as Ilhas Turcas e Caicos? Custo de vida em 2023\">Turcos e Caicos<\/a><\/strong> \u00e9 mais um territ\u00f3rio insular brit\u00e2nico no Caribe. Este arquip\u00e9lago est\u00e1 povoado em 8 ilhas principais, mas na verdade, \u00e9 composto por mais de 40 ilhas.<\/p>\n\n\n\n<p>Para os expatriados, Turcos e Caicos \u00e9 principalmente atraente para aqueles que querem se retirar para um canto quente e tranq\u00fcilo e desfrutar de um ritmo mais lento ou passar sua aposentadoria em belas praias e ondas calmas. Outras raz\u00f5es principais pelas quais alguns decidem fazer deste para\u00edso terrestre sua casa s\u00e3o a moeda est\u00e1vel e a regulamenta\u00e7\u00e3o livre de impostos sobre renda, propriedade e heran\u00e7a.<\/p>\n\n\n\n<p>Sendo um estado muito pequeno, as op\u00e7\u00f5es de frete mar\u00edtimo para a mudan\u00e7a para Turks e Caicos s\u00e3o bastante limitadas. Entretanto, fizemos o melhor que pudemos e reunimos alguns pre\u00e7os que s\u00e3o apresentados nas tabelas abaixo.<\/p>\n\n\n\n<p>Os Turcos e Caicos mais baixos <a href=\"https:\/\/moverdb.com\/pt\/container-shipping\/\" data-internallinksmanager029f6b8e52c=\"3\" title=\"Gr\u00e1fico de taxas de transporte internacional de cont\u00eaineres: Abril de 2026\">tarifas de transporte de cont\u00eaineres<\/a> exibir os custos para cont\u00eaineres mar\u00edtimos de 20 ou 40 p\u00e9s.<\/p>\n\n\n\n<h2 class=\"wp-block-heading\">Custos de cont\u00eaineres para turcos e caicos (Providenciales)<\/h2>\n\n\n<div class=\"wp-block-image\">\n<figure class=\"aligncenter size-large\"><img loading=\"lazy\" decoding=\"async\" width=\"1024\" height=\"539\" src=\"https:\/\/moverdb.com\/wp-content\/uploads\/Shipping-Container-Costs-to-Turks-and-Caicos-1024x539.png\" alt=\"Custos de cont\u00eaineres para turcos e caicos (Providenciales)\" class=\"wp-image-5380\" srcset=\"https:\/\/moverdb.com\/wp-content\/uploads\/Shipping-Container-Costs-to-Turks-and-Caicos-1024x539.png 1024w, https:\/\/moverdb.com\/wp-content\/uploads\/Shipping-Container-Costs-to-Turks-and-Caicos-300x158.png 300w, https:\/\/moverdb.com\/wp-content\/uploads\/Shipping-Container-Costs-to-Turks-and-Caicos-1536x809.png 1536w, https:\/\/moverdb.com\/wp-content\/uploads\/Shipping-Container-Costs-to-Turks-and-Caicos-18x9.png 18w, https:\/\/moverdb.com\/wp-content\/uploads\/Shipping-Container-Costs-to-Turks-and-Caicos-600x316.png 600w, https:\/\/moverdb.com\/wp-content\/uploads\/Shipping-Container-Costs-to-Turks-and-Caicos.png 2000w\" sizes=\"auto, (max-width: 1024px) 100vw, 1024px\" \/><\/figure>\n<\/div>\n\n\n<table id=\"tablepress-226\" class=\"tablepress tablepress-id-226\">\n<thead>\n<tr class=\"row-1\">\n\t<th class=\"column-1\">Pa\u00eds de destino (<a href=\"https:\/\/moverdb.com\/pt\/top-49-container-ports\/\" data-internallinksmanager029f6b8e52c=\"80\" title=\"Os 49 maiores e mais movimentados portos de cont\u00eaineres em 2025\">Porto<\/a>\/Cidade)<\/th><th class=\"column-2\">20FT<\/th><th class=\"column-3\">40FT<\/th>\n<\/tr>\n<\/thead>\n<tbody class=\"row-striping row-hover\">\n<tr class=\"row-2\">\n\t<td class=\"column-1\"><a href=\"https:\/\/moverdb.com\/pt\/container-shipping\/andorra\/\" data-internallinksmanager029f6b8e52c=\"88\" title=\"2026 Tarifas de frete mar\u00edtimo de cont\u00eaineres para e de Andorra\">Andorra (Andorra la Vella)<\/a><\/td><td class=\"column-2\">$1.450<\/td><td class=\"column-3\">$1,900<\/td>\n<\/tr>\n<tr class=\"row-3\">\n\t<td class=\"column-1\"><a href=\"https:\/\/moverdb.com\/pt\/container-shipping\/australia\/\" data-internallinksmanager029f6b8e52c=\"89\" title=\"Tarifas de envio de cont\u00eaineres de 2026 para e da Austr\u00e1lia\">Austr\u00e1lia (Sydney)<\/a><\/td><td class=\"column-2\">N\/A<\/td><td class=\"column-3\">$12,406<\/td>\n<\/tr>\n<tr class=\"row-4\">\n\t<td class=\"column-1\"><a href=\"https:\/\/moverdb.com\/pt\/container-shipping\/austria\/\" data-internallinksmanager029f6b8e52c=\"95\" title=\"2026 Tarifas de frete mar\u00edtimo de cont\u00eaineres para e da \u00c1ustria\">\u00c1ustria (Viena)<\/a><\/td><td class=\"column-2\">$6,640<\/td><td class=\"column-3\">$7.951<\/td>\n<\/tr>\n<tr class=\"row-5\">\n\t<td class=\"column-1\"><a href=\"https:\/\/moverdb.com\/pt\/container-shipping\/bahrain\/\" data-internallinksmanager029f6b8e52c=\"96\" title=\"2026 Tarifas de frete mar\u00edtimo de cont\u00eaineres para e do Bahrein\">Bahrein (Manama)<\/a><\/td><td class=\"column-2\">N\/A<\/td><td class=\"column-3\">$12,306<\/td>\n<\/tr>\n<tr class=\"row-6\">\n\t<td class=\"column-1\"><a href=\"https:\/\/moverdb.com\/pt\/container-shipping\/belize\/\" data-internallinksmanager029f6b8e52c=\"137\" title=\"2022 Taxas de frete mar\u00edtimo de cont\u00eaineres para e de Belize\">Belize (Cidade de Belize)<\/a><\/td><td class=\"column-2\">$2,090<\/td><td class=\"column-3\">$2.809<\/td>\n<\/tr>\n<tr class=\"row-7\">\n\t<td class=\"column-1\"><a href=\"https:\/\/moverdb.com\/pt\/container-shipping\/brazil\/\" data-internallinksmanager029f6b8e52c=\"98\" title=\"2026 Tarifas de Frete Mar\u00edtimo de Cont\u00eaineres para e do Brasil\">Brasil (Santos)<\/a><\/td><td class=\"column-2\">$2,090<\/td><td class=\"column-3\">$2.809<\/td>\n<\/tr>\n<tr class=\"row-8\">\n\t<td class=\"column-1\"><a href=\"https:\/\/moverdb.com\/pt\/container-shipping\/cambodia\/\" data-internallinksmanager029f6b8e52c=\"101\" title=\"2026 Tarifas de frete mar\u00edtimo de cont\u00eaineres para e do Camboja\">Camboja (Sihanoukville)<\/a><\/td><td class=\"column-2\">$7,606<\/td><td class=\"column-3\">$8.276<\/td>\n<\/tr>\n<tr class=\"row-9\">\n\t<td class=\"column-1\"><a href=\"https:\/\/moverdb.com\/pt\/container-shipping\/china\/\" data-internallinksmanager029f6b8e52c=\"105\" title=\"2022 Taxas de frete mar\u00edtimo de cont\u00eaineres para e da China\">China (Pequim)<\/a><\/td><td class=\"column-2\">$6,757<\/td><td class=\"column-3\">$7,134<\/td>\n<\/tr>\n<tr class=\"row-10\">\n\t<td class=\"column-1\">China (Xangai)<\/td><td class=\"column-2\">$6,696<\/td><td class=\"column-3\">$7,077<\/td>\n<\/tr>\n<tr class=\"row-11\">\n\t<td class=\"column-1\"><a href=\"https:\/\/moverdb.com\/pt\/moving-to-gibraltar\/\" data-internallinksmanager029f6b8e52c=\"431\" title=\"Est\u00e1 se mudando para Gibraltar? 2026 Custo de vida e dicas de realoca\u00e7\u00e3o\">Gibraltar<\/a><\/td><td class=\"column-2\">$4,178<\/td><td class=\"column-3\">$5,933<\/td>\n<\/tr>\n<tr class=\"row-12\">\n\t<td class=\"column-1\"><a href=\"https:\/\/moverdb.com\/pt\/container-shipping\/guernsey\/\" data-internallinksmanager029f6b8e52c=\"121\" title=\"2022 Taxas de Frete de Cont\u00eaineres Mar\u00edtimos para e de Guernsey\">Guernsey (Porto de S\u00e3o Pedro)<\/a><\/td><td class=\"column-2\">$2.846<\/td><td class=\"column-3\">$2.953<\/td>\n<\/tr>\n<tr class=\"row-13\">\n\t<td class=\"column-1\"><a href=\"https:\/\/moverdb.com\/pt\/container-shipping\/hong-kong\/\" data-internallinksmanager029f6b8e52c=\"123\" title=\"2026 Tarifas de Frete de Cont\u00eaineres Mar\u00edtimos para e de Hong Kong\">Hong Kong (Hong Kong)<\/a><\/td><td class=\"column-2\">$6,696<\/td><td class=\"column-3\">$7,077<\/td>\n<\/tr>\n<tr class=\"row-14\">\n\t<td class=\"column-1\"><a href=\"https:\/\/moverdb.com\/pt\/container-shipping\/indonesia\/\" data-internallinksmanager029f6b8e52c=\"126\" title=\"2026 Tarifas de Frete Mar\u00edtimo de Cont\u00eaineres para e da Indon\u00e9sia\">Indon\u00e9sia (Jakarta)<\/a><\/td><td class=\"column-2\">$7,295<\/td><td class=\"column-3\">$7,762<\/td>\n<\/tr>\n<tr class=\"row-15\">\n\t<td class=\"column-1\"><a href=\"https:\/\/moverdb.com\/pt\/moving-to-luxembourg\/\" data-internallinksmanager029f6b8e52c=\"349\" title=\"Est\u00e1 se mudando para Luxemburgo? 2026 Custo de vida e dicas de realoca\u00e7\u00e3o\">Luxemburgo<\/a><\/td><td class=\"column-2\">$3,940<\/td><td class=\"column-3\">$5,490<\/td>\n<\/tr>\n<tr class=\"row-16\">\n\t<td class=\"column-1\"><a href=\"https:\/\/moverdb.com\/pt\/container-shipping\/united-arab-emirates\/\" data-internallinksmanager029f6b8e52c=\"188\" title=\"Tarifas de envio de cont\u00eaineres para e dos Emirados \u00c1rabes Unidos em 2026\">Emirados \u00c1rabes Unidos (Jebel Ali)<\/a><\/td><td class=\"column-2\">$6.276<\/td><td class=\"column-3\">$6,943<\/td>\n<\/tr>\n<tr class=\"row-17\">\n\t<td class=\"column-1\"><a href=\"https:\/\/moverdb.com\/pt\/moving-to-the-united-states\/\" data-internallinksmanager029f6b8e52c=\"94\" title=\"Mudando-se para os Estados Unidos? 2026 Custos de Vida e Dicas de Reloca\u00e7\u00e3o\">US<\/a> (<a href=\"https:\/\/moverdb.com\/pt\/moving-to-los-angeles\/\" data-internallinksmanager029f6b8e52c=\"51\" title=\"Est\u00e1 se mudando para Los Angeles? 2026 Dicas de realoca\u00e7\u00e3o e custo de vida em LA\">Los Angeles<\/a>)<\/td><td class=\"column-2\">$912<\/td><td class=\"column-3\">$1.309<\/td>\n<\/tr>\n<tr class=\"row-18\">\n\t<td class=\"column-1\"><a href=\"https:\/\/moverdb.com\/pt\/container-shipping\/united-states\/\" data-internallinksmanager029f6b8e52c=\"87\" title=\"2026 Tarifas de frete mar\u00edtimo de cont\u00eaineres para e dos EUA\">EUA (Nova Iorque)<\/a><\/td><td class=\"column-2\">$2,624<\/td><td class=\"column-3\">$1,937<\/td>\n<\/tr>\n<\/tbody>\n<\/table>\n<!-- #tablepress-226 from cache -->\n\n\n\n<h2 class=\"wp-block-heading\">Custos de cont\u00eaineres de embarque de Turcos e Caicos (Providenciales)<\/h2>\n\n\n<div class=\"wp-block-image\">\n<figure class=\"aligncenter size-large\"><img loading=\"lazy\" decoding=\"async\" width=\"1024\" height=\"539\" src=\"https:\/\/moverdb.com\/wp-content\/uploads\/Shipping-Container-Costs-from-Turks-and-Caicos-1024x539.png\" alt=\"Custos de cont\u00eaineres de embarque de Turcos e Caicos (Providenciales)\" class=\"wp-image-5378\" srcset=\"https:\/\/moverdb.com\/wp-content\/uploads\/Shipping-Container-Costs-from-Turks-and-Caicos-1024x539.png 1024w, https:\/\/moverdb.com\/wp-content\/uploads\/Shipping-Container-Costs-from-Turks-and-Caicos-300x158.png 300w, https:\/\/moverdb.com\/wp-content\/uploads\/Shipping-Container-Costs-from-Turks-and-Caicos-1536x809.png 1536w, https:\/\/moverdb.com\/wp-content\/uploads\/Shipping-Container-Costs-from-Turks-and-Caicos-18x9.png 18w, https:\/\/moverdb.com\/wp-content\/uploads\/Shipping-Container-Costs-from-Turks-and-Caicos-600x316.png 600w, https:\/\/moverdb.com\/wp-content\/uploads\/Shipping-Container-Costs-from-Turks-and-Caicos.png 2000w\" sizes=\"auto, (max-width: 1024px) 100vw, 1024px\" \/><\/figure>\n<\/div>\n\n\n<table id=\"tablepress-224\" class=\"tablepress tablepress-id-224\">\n<thead>\n<tr class=\"row-1\">\n\t<th class=\"column-1\">Pa\u00eds de destino (Porto\/Cidade)<\/th><th class=\"column-2\">20FT<\/th><th class=\"column-3\">40FT<\/th>\n<\/tr>\n<\/thead>\n<tbody class=\"row-striping row-hover\">\n<tr class=\"row-2\">\n\t<td class=\"column-1\">Andorra (Andorra la Vella)<\/td><td class=\"column-2\">N\/A<\/td><td class=\"column-3\">$355<\/td>\n<\/tr>\n<tr class=\"row-3\">\n\t<td class=\"column-1\"><a href=\"https:\/\/moverdb.com\/pt\/container-shipping\/antigua-and-barbuda\/\" data-internallinksmanager029f6b8e52c=\"92\" title=\"2022 Taxas de embarque de cont\u00eaineres mar\u00edtimos de e para Ant\u00edgua e Barbuda\">Ant\u00edgua e Barbuda (St John's)<\/a><\/td><td class=\"column-2\">$600<\/td><td class=\"column-3\">$801<\/td>\n<\/tr>\n<tr class=\"row-4\">\n\t<td class=\"column-1\">Austr\u00e1lia (Sydney)<\/td><td class=\"column-2\">$2.845<\/td><td class=\"column-3\">N\/A<\/td>\n<\/tr>\n<tr class=\"row-5\">\n\t<td class=\"column-1\">Brasil (Santos)<\/td><td class=\"column-2\">$873<\/td><td class=\"column-3\">$1,312<\/td>\n<\/tr>\n<tr class=\"row-6\">\n\t<td class=\"column-1\"><a href=\"https:\/\/moverdb.com\/pt\/container-shipping\/canada\/\" data-internallinksmanager029f6b8e52c=\"102\" title=\"2026 Tarifas de frete mar\u00edtimo de cont\u00eaineres para e do Canad\u00e1\">Canad\u00e1 (Toronto)<\/a><\/td><td class=\"column-2\">$1.078<\/td><td class=\"column-3\">$2.422<\/td>\n<\/tr>\n<tr class=\"row-7\">\n\t<td class=\"column-1\">China (Xangai)<\/td><td class=\"column-2\">$2,415<\/td><td class=\"column-3\">$3,105<\/td>\n<\/tr>\n<tr class=\"row-8\">\n\t<td class=\"column-1\"><a href=\"https:\/\/moverdb.com\/pt\/container-shipping\/pakistan\/\" data-internallinksmanager029f6b8e52c=\"155\" title=\"2026 Tarifas de Frete Mar\u00edtimo de Cont\u00eaineres de e para o Paquist\u00e3o\">Paquist\u00e3o (Karachi)<\/a><\/td><td class=\"column-2\">$4,507<\/td><td class=\"column-3\">$4,830<\/td>\n<\/tr>\n<tr class=\"row-9\">\n\t<td class=\"column-1\"><a href=\"https:\/\/moverdb.com\/pt\/container-shipping\/saudi-arabia\/\" data-internallinksmanager029f6b8e52c=\"178\" title=\"2026 Tarifas de Frete de Cont\u00eaineres Mar\u00edtimos de e para a Ar\u00e1bia Saudita\">Ar\u00e1bia Saudita (Jeddah)<\/a><\/td><td class=\"column-2\">$7,212<\/td><td class=\"column-3\">$9.776<\/td>\n<\/tr>\n<tr class=\"row-10\">\n\t<td class=\"column-1\"><a href=\"https:\/\/moverdb.com\/pt\/container-shipping\/spain\/\" data-internallinksmanager029f6b8e52c=\"182\" title=\"2026 Tarifas de frete mar\u00edtimo de cont\u00eaineres para e da Espanha\">Espanha (Val\u00eancia)<\/a><\/td><td class=\"column-2\">$2.983<\/td><td class=\"column-3\">$3,099<\/td>\n<\/tr>\n<tr class=\"row-11\">\n\t<td class=\"column-1\">EUA (Nova Iorque)<\/td><td class=\"column-2\">$1,297<\/td><td class=\"column-3\">$1.383<\/td>\n<\/tr>\n<tr class=\"row-12\">\n\t<td class=\"column-1\"><a href=\"https:\/\/moverdb.com\/pt\/container-shipping\/vietnam\/\" data-internallinksmanager029f6b8e52c=\"245\" title=\"2023 Taxas de frete mar\u00edtimo de cont\u00eaineres de e para o Vietn\u00e3\">Vietn\u00e3 (Saigon)<\/a><\/td><td class=\"column-2\">$3,804<\/td><td class=\"column-3\">$3,670<\/td>\n<\/tr>\n<\/tbody>\n<\/table>\n<!-- #tablepress-224 from cache -->\n\n\n\n<h3 class=\"wp-block-heading\">Notas sobre dados:<\/h3>\n\n\n\n<ul class=\"wp-block-list\">\n<li>Todos os n\u00fameros do $ em d\u00f3lares dos Estados Unidos (USD);<\/li>\n\n\n\n<li>Taxas exatas a partir do in\u00edcio de 2022;<\/li>\n\n\n\n<li>Os mapas deste artigo foram criados usando <a href=\"https:\/\/www.mapchart.net\" target=\"_blank\" rel=\"noreferrer noopener\">https:\/\/www.mapchart.net<\/a>. Voc\u00ea \u00e9 livre para compartilhar os mapas, desde que voc\u00ea forne\u00e7a um link de atribui\u00e7\u00e3o de volta para <a href=\"https:\/\/moverdb.com\/pt\/\" target=\"_blank\" rel=\"noreferrer noopener\">MoverDB<\/a>;<\/li>\n\n\n\n<li>As taxas acima s\u00e3o apenas estimativas e podem ter mudado desde a publica\u00e7\u00e3o deste artigo (abril de 2022). Elas se baseiam na mais baixa taxa estimada de <a href=\"https:\/\/www.searates.com\" target=\"_blank\" rel=\"noreferrer noopener\">https:\/\/www.searates.com<\/a> ou <a href=\"https:\/\/www.gocomet.com\/freight-shipping-rates-index-calculator\" target=\"_blank\" rel=\"noreferrer noopener\">https:\/\/www.gocomet.com<\/a>;<\/li>\n\n\n\n<li>Para ter uma id\u00e9ia mais precisa do custo para voc\u00ea, por favor use o formul\u00e1rio de or\u00e7amento no topo desta p\u00e1gina;<\/li>\n\n\n\n<li>Consulte tamb\u00e9m nosso guia para <a href=\"https:\/\/moverdb.com\/pt\/transporte-de-conteineres\/\" target=\"_blank\" rel=\"noreferrer noopener\">transporte internacional de cont\u00eaineres<\/a>.<\/li>\n<\/ul>","protected":false},"excerpt":{"rendered":"<p>Turks and Caicos is yet another British island territory in the Caribbean. This archipelago is populated on 8 main islands, but in fact, it consists of over 40 islands. For expats, Turks and Caicos is mainly attractive to those who want to retreat to a warm, quiet corner and enjoy a slower pace or spend [&hellip;]<\/p>\n","protected":false},"author":2,"featured_media":5383,"parent":44,"menu_order":0,"comment_status":"closed","ping_status":"closed","template":"","meta":{"_genesis_hide_title":false,"_genesis_hide_breadcrumbs":false,"_genesis_hide_singular_image":false,"_genesis_hide_footer_widgets":false,"_genesis_custom_body_class":"","_genesis_custom_post_class":"","_genesis_layout":"","footnotes":""},"class_list":{"0":"post-5392","1":"page","2":"type-page","3":"status-publish","4":"has-post-thumbnail","6":"entry"},"_links":{"self":[{"href":"https:\/\/moverdb.com\/pt\/wp-json\/wp\/v2\/pages\/5392","targetHints":{"allow":["GET"]}}],"collection":[{"href":"https:\/\/moverdb.com\/pt\/wp-json\/wp\/v2\/pages"}],"about":[{"href":"https:\/\/moverdb.com\/pt\/wp-json\/wp\/v2\/types\/page"}],"author":[{"embeddable":true,"href":"https:\/\/moverdb.com\/pt\/wp-json\/wp\/v2\/users\/2"}],"replies":[{"embeddable":true,"href":"https:\/\/moverdb.com\/pt\/wp-json\/wp\/v2\/comments?post=5392"}],"version-history":[{"count":1,"href":"https:\/\/moverdb.com\/pt\/wp-json\/wp\/v2\/pages\/5392\/revisions"}],"predecessor-version":[{"id":5394,"href":"https:\/\/moverdb.com\/pt\/wp-json\/wp\/v2\/pages\/5392\/revisions\/5394"}],"up":[{"embeddable":true,"href":"https:\/\/moverdb.com\/pt\/wp-json\/wp\/v2\/pages\/44"}],"wp:featuredmedia":[{"embeddable":true,"href":"https:\/\/moverdb.com\/pt\/wp-json\/wp\/v2\/media\/5383"}],"wp:attachment":[{"href":"https:\/\/moverdb.com\/pt\/wp-json\/wp\/v2\/media?parent=5392"}],"curies":[{"name":"wp","href":"https:\/\/api.w.org\/{rel}","templated":true}]}}