{"id":5275,"date":"2022-10-26T22:09:36","date_gmt":"2022-10-26T22:09:36","guid":{"rendered":"https:\/\/moverdb.com\/?page_id=5275"},"modified":"2026-01-08T13:20:42","modified_gmt":"2026-01-08T13:20:42","slug":"sint-maarten","status":"publish","type":"page","link":"https:\/\/moverdb.com\/pt\/container-shipping\/sint-maarten\/","title":{"rendered":"2026 Tarifas de Frete de Cont\u00eaineres Mar\u00edtimos de e para o Sint Maarten"},"content":{"rendered":"<div class=\"wp-block-image\">\n<figure class=\"aligncenter size-full\"><img loading=\"lazy\" decoding=\"async\" width=\"1000\" height=\"667\" src=\"https:\/\/moverdb.com\/wp-content\/uploads\/sint-maarten.jpg\" alt=\"Uma rua com palmeiras em Sint Maarten\" class=\"wp-image-5064\" srcset=\"https:\/\/moverdb.com\/wp-content\/uploads\/sint-maarten.jpg 1000w, https:\/\/moverdb.com\/wp-content\/uploads\/sint-maarten-300x200.jpg 300w, https:\/\/moverdb.com\/wp-content\/uploads\/sint-maarten-18x12.jpg 18w, https:\/\/moverdb.com\/wp-content\/uploads\/sint-maarten-600x400.jpg 600w\" sizes=\"auto, (max-width: 1000px) 100vw, 1000px\" \/><\/figure>\n<\/div>\n\n\n<p><strong><a href=\"https:\/\/moverdb.com\/pt\/moving-to-sint-maarten-saint-martin\/\" data-internallinksmanager029f6b8e52c=\"389\" title=\"Mudan\u00e7a para S\u00e3o Martinho\/Saint Martin? Custo de vida em 2023\">Sint Maarten<\/a><\/strong> \u00e9 um dos pa\u00edses insulares mais pr\u00f3speros do Caribe. Sendo colonizada pelos holandeses, esta pequena na\u00e7\u00e3o serve como um de seus governadores e \u00e9 bem avan\u00e7ada para acomodar qualquer estrangeiro que deseje se mudar para l\u00e1.<\/p>\n\n\n\n<p>O mini-estado \u00e9 para todos que desejam uma vida mais tranq\u00fcila em um lugar onde os ver\u00f5es nunca terminam. Embora o pa\u00eds seja uma col\u00f4nia holandesa, o ingl\u00eas \u00e9 falado por praticamente todos os habitantes. Os aposentados que vivem l\u00e1 podem desfrutar de suas belas praias, da vibrante vida noturna e da economia est\u00e1vel sem se preocupar com o que acontece no resto do mundo.<\/p>\n\n\n\n<p>Portanto, a mudan\u00e7a para Sint Maarten \u00e9 bastante f\u00e1cil, embora o frete mar\u00edtimo possa n\u00e3o ser a melhor op\u00e7\u00e3o. H\u00e1 apenas alguns poucos pa\u00edses no mundo que embarcam para esta ilha, e ainda menos que recebem remessas de l\u00e1.<\/p>\n\n\n\n<p>Inclu\u00edmos todos os mais baixos de Sint Maarten <a href=\"https:\/\/moverdb.com\/pt\/container-shipping\/\" data-internallinksmanager029f6b8e52c=\"3\" title=\"Gr\u00e1fico de taxas de transporte internacional de cont\u00eaineres: Abril de 2026\">tarifas de transporte de cont\u00eaineres<\/a> que pudemos descobrir nas tabelas abaixo. Voc\u00ea tamb\u00e9m pode tentar nossa ferramenta de or\u00e7amento para ver se est\u00e1 com mais sorte para um or\u00e7amento personalizado.<\/p>\n\n\n\n<h2 class=\"wp-block-heading\">Custos de envio de cont\u00eaineres para o Sint Maarten (Philipsburg)<\/h2>\n\n\n<div class=\"wp-block-image\">\n<figure class=\"aligncenter size-large\"><img loading=\"lazy\" decoding=\"async\" width=\"1024\" height=\"539\" src=\"https:\/\/moverdb.com\/wp-content\/uploads\/Shipping-Container-Costs-to-Sint-Maarten-1024x539.png\" alt=\"Custos de envio de cont\u00eaineres para o Sint Maarten (Philipsburg)\" class=\"wp-image-5060\" srcset=\"https:\/\/moverdb.com\/wp-content\/uploads\/Shipping-Container-Costs-to-Sint-Maarten-1024x539.png 1024w, https:\/\/moverdb.com\/wp-content\/uploads\/Shipping-Container-Costs-to-Sint-Maarten-300x158.png 300w, https:\/\/moverdb.com\/wp-content\/uploads\/Shipping-Container-Costs-to-Sint-Maarten-1536x809.png 1536w, https:\/\/moverdb.com\/wp-content\/uploads\/Shipping-Container-Costs-to-Sint-Maarten-18x9.png 18w, https:\/\/moverdb.com\/wp-content\/uploads\/Shipping-Container-Costs-to-Sint-Maarten-600x316.png 600w, https:\/\/moverdb.com\/wp-content\/uploads\/Shipping-Container-Costs-to-Sint-Maarten.png 2000w\" sizes=\"auto, (max-width: 1024px) 100vw, 1024px\" \/><\/figure>\n<\/div>\n\n\n<table id=\"tablepress-199\" class=\"tablepress tablepress-id-199\">\n<thead>\n<tr class=\"row-1\">\n\t<th class=\"column-1\">Pa\u00eds de destino (<a href=\"https:\/\/moverdb.com\/pt\/top-49-container-ports\/\" data-internallinksmanager029f6b8e52c=\"80\" title=\"Os 49 maiores e mais movimentados portos de cont\u00eaineres em 2025\">Porto<\/a>\/Cidade)<\/th><th class=\"column-2\">20FT<\/th><th class=\"column-3\">40FT<\/th>\n<\/tr>\n<\/thead>\n<tbody class=\"row-striping row-hover\">\n<tr class=\"row-2\">\n\t<td class=\"column-1\"><a href=\"https:\/\/moverdb.com\/pt\/container-shipping\/andorra\/\" data-internallinksmanager029f6b8e52c=\"88\" title=\"2026 Tarifas de frete mar\u00edtimo de cont\u00eaineres para e de Andorra\">Andorra (Andorra la Vella)<\/a><\/td><td class=\"column-2\">$1,868<\/td><td class=\"column-3\">$3.171<\/td>\n<\/tr>\n<tr class=\"row-3\">\n\t<td class=\"column-1\"><a href=\"https:\/\/moverdb.com\/pt\/container-shipping\/australia\/\" data-internallinksmanager029f6b8e52c=\"89\" title=\"Tarifas de envio de cont\u00eaineres de 2026 para e da Austr\u00e1lia\">Austr\u00e1lia (Sydney)<\/a><\/td><td class=\"column-2\">N\/A<\/td><td class=\"column-3\">$12,406<\/td>\n<\/tr>\n<tr class=\"row-4\">\n\t<td class=\"column-1\"><a href=\"https:\/\/moverdb.com\/pt\/container-shipping\/austria\/\" data-internallinksmanager029f6b8e52c=\"95\" title=\"2026 Tarifas de frete mar\u00edtimo de cont\u00eaineres para e da \u00c1ustria\">\u00c1ustria (Viena)<\/a><\/td><td class=\"column-2\">N\/A<\/td><td class=\"column-3\">$3,739<\/td>\n<\/tr>\n<tr class=\"row-5\">\n\t<td class=\"column-1\"><a href=\"https:\/\/moverdb.com\/pt\/container-shipping\/bahrain\/\" data-internallinksmanager029f6b8e52c=\"96\" title=\"2026 Tarifas de frete mar\u00edtimo de cont\u00eaineres para e do Bahrein\">Bahrein (Manama)<\/a><\/td><td class=\"column-2\">N\/A<\/td><td class=\"column-3\">$12,306<\/td>\n<\/tr>\n<tr class=\"row-6\">\n\t<td class=\"column-1\"><a href=\"https:\/\/moverdb.com\/pt\/container-shipping\/brazil\/\" data-internallinksmanager029f6b8e52c=\"98\" title=\"2026 Tarifas de Frete Mar\u00edtimo de Cont\u00eaineres para e do Brasil\">Brasil (Santos)<\/a><\/td><td class=\"column-2\">$8.780<\/td><td class=\"column-3\">$9,731<\/td>\n<\/tr>\n<tr class=\"row-7\">\n\t<td class=\"column-1\"><a href=\"https:\/\/moverdb.com\/pt\/container-shipping\/cambodia\/\" data-internallinksmanager029f6b8e52c=\"101\" title=\"2026 Tarifas de frete mar\u00edtimo de cont\u00eaineres para e do Camboja\">Camboja (Sihanoukville)<\/a><\/td><td class=\"column-2\">$7,606<\/td><td class=\"column-3\">$8.618<\/td>\n<\/tr>\n<tr class=\"row-8\">\n\t<td class=\"column-1\"><a href=\"https:\/\/moverdb.com\/pt\/container-shipping\/china\/\" data-internallinksmanager029f6b8e52c=\"105\" title=\"2022 Taxas de frete mar\u00edtimo de cont\u00eaineres para e da China\">China (Pequim)<\/a><\/td><td class=\"column-2\">$6,757<\/td><td class=\"column-3\">$7,134<\/td>\n<\/tr>\n<tr class=\"row-9\">\n\t<td class=\"column-1\">China (Xangai)<\/td><td class=\"column-2\">$6,408<\/td><td class=\"column-3\">$7,077<\/td>\n<\/tr>\n<tr class=\"row-10\">\n\t<td class=\"column-1\"><a href=\"https:\/\/moverdb.com\/pt\/container-shipping\/greece\/\" data-internallinksmanager029f6b8e52c=\"120\" title=\"2026 Tarifas de frete mar\u00edtimo de cont\u00eaineres para e da Gr\u00e9cia\">Gr\u00e9cia (Piraeus)<\/a><\/td><td class=\"column-2\">$3,966<\/td><td class=\"column-3\">$5,523<\/td>\n<\/tr>\n<tr class=\"row-11\">\n\t<td class=\"column-1\"><a href=\"https:\/\/moverdb.com\/pt\/container-shipping\/hong-kong\/\" data-internallinksmanager029f6b8e52c=\"123\" title=\"2026 Tarifas de Frete de Cont\u00eaineres Mar\u00edtimos para e de Hong Kong\">Hong Kong (Hong Kong)<\/a><\/td><td class=\"column-2\">$6,696<\/td><td class=\"column-3\">$7,077<\/td>\n<\/tr>\n<tr class=\"row-12\">\n\t<td class=\"column-1\"><a href=\"https:\/\/moverdb.com\/pt\/container-shipping\/india\/\" data-internallinksmanager029f6b8e52c=\"125\" title=\"2026 Tarifas de Frete de Cont\u00eaineres Mar\u00edtimos de e para a \u00cdndia\">\u00cdndia (Mumbai)<\/a><\/td><td class=\"column-2\">$16.500<\/td><td class=\"column-3\">$15,960<\/td>\n<\/tr>\n<tr class=\"row-13\">\n\t<td class=\"column-1\"><a href=\"https:\/\/moverdb.com\/pt\/container-shipping\/indonesia\/\" data-internallinksmanager029f6b8e52c=\"126\" title=\"2026 Tarifas de Frete Mar\u00edtimo de Cont\u00eaineres para e da Indon\u00e9sia\">Indon\u00e9sia (Jakarta)<\/a><\/td><td class=\"column-2\">$7,295<\/td><td class=\"column-3\">$7,762<\/td>\n<\/tr>\n<tr class=\"row-14\">\n\t<td class=\"column-1\"><a href=\"https:\/\/moverdb.com\/pt\/moving-to-luxembourg\/\" data-internallinksmanager029f6b8e52c=\"349\" title=\"Est\u00e1 se mudando para Luxemburgo? 2026 Custo de vida e dicas de realoca\u00e7\u00e3o\">Luxemburgo<\/a><\/td><td class=\"column-2\">$2,963<\/td><td class=\"column-3\">$4,610<\/td>\n<\/tr>\n<tr class=\"row-15\">\n\t<td class=\"column-1\"><a href=\"https:\/\/moverdb.com\/pt\/moving-to-the-united-states\/\" data-internallinksmanager029f6b8e52c=\"94\" title=\"Mudando-se para os Estados Unidos? 2026 Custos de Vida e Dicas de Reloca\u00e7\u00e3o\">US<\/a> (<a href=\"https:\/\/moverdb.com\/pt\/moving-to-los-angeles\/\" data-internallinksmanager029f6b8e52c=\"51\" title=\"Est\u00e1 se mudando para Los Angeles? 2026 Dicas de realoca\u00e7\u00e3o e custo de vida em LA\">Los Angeles<\/a>)<\/td><td class=\"column-2\">$912<\/td><td class=\"column-3\">$1.309<\/td>\n<\/tr>\n<tr class=\"row-16\">\n\t<td class=\"column-1\"><a href=\"https:\/\/moverdb.com\/pt\/container-shipping\/united-states\/\" data-internallinksmanager029f6b8e52c=\"87\" title=\"2026 Tarifas de frete mar\u00edtimo de cont\u00eaineres para e dos EUA\">EUA (Nova Iorque)<\/a><\/td><td class=\"column-2\">$2,624<\/td><td class=\"column-3\">$1,937<\/td>\n<\/tr>\n<\/tbody>\n<\/table>\n<!-- #tablepress-199 from cache -->\n\n\n\n<h2 class=\"wp-block-heading\">Custos de envio de cont\u00eaineres de Sint Maarten (Philipsburg)<\/h2>\n\n\n<div class=\"wp-block-image\">\n<figure class=\"aligncenter size-large\"><img loading=\"lazy\" decoding=\"async\" width=\"1024\" height=\"539\" src=\"https:\/\/moverdb.com\/wp-content\/uploads\/Shipping-Container-Costs-from-Sint-Maarten-1024x539.png\" alt=\"Custos de envio de cont\u00eaineres de Sint Maarten (Philipsburg)\" class=\"wp-image-5062\" srcset=\"https:\/\/moverdb.com\/wp-content\/uploads\/Shipping-Container-Costs-from-Sint-Maarten-1024x539.png 1024w, https:\/\/moverdb.com\/wp-content\/uploads\/Shipping-Container-Costs-from-Sint-Maarten-300x158.png 300w, https:\/\/moverdb.com\/wp-content\/uploads\/Shipping-Container-Costs-from-Sint-Maarten-1536x809.png 1536w, https:\/\/moverdb.com\/wp-content\/uploads\/Shipping-Container-Costs-from-Sint-Maarten-18x9.png 18w, https:\/\/moverdb.com\/wp-content\/uploads\/Shipping-Container-Costs-from-Sint-Maarten-600x316.png 600w, https:\/\/moverdb.com\/wp-content\/uploads\/Shipping-Container-Costs-from-Sint-Maarten.png 2000w\" sizes=\"auto, (max-width: 1024px) 100vw, 1024px\" \/><\/figure>\n<\/div>\n\n\n<table id=\"tablepress-200\" class=\"tablepress tablepress-id-200\">\n<thead>\n<tr class=\"row-1\">\n\t<th class=\"column-1\">Pa\u00eds de destino (Porto\/Cidade)<\/th><th class=\"column-2\">20FT<\/th><th class=\"column-3\">40FT<\/th>\n<\/tr>\n<\/thead>\n<tbody class=\"row-striping row-hover\">\n<tr class=\"row-2\">\n\t<td class=\"column-1\">Andorra (Andorra la Vella)<\/td><td class=\"column-2\">$346<\/td><td class=\"column-3\">$355<\/td>\n<\/tr>\n<tr class=\"row-3\">\n\t<td class=\"column-1\"><a href=\"https:\/\/moverdb.com\/pt\/container-shipping\/antigua-and-barbuda\/\" data-internallinksmanager029f6b8e52c=\"92\" title=\"2022 Taxas de embarque de cont\u00eaineres mar\u00edtimos de e para Ant\u00edgua e Barbuda\">Ant\u00edgua e Barbuda (St John's)<\/a><\/td><td class=\"column-2\">$875<\/td><td class=\"column-3\">$1.076<\/td>\n<\/tr>\n<tr class=\"row-4\">\n\t<td class=\"column-1\">Austr\u00e1lia (Sydney)<\/td><td class=\"column-2\">N\/A<\/td><td class=\"column-3\">$2.845<\/td>\n<\/tr>\n<tr class=\"row-5\">\n\t<td class=\"column-1\"><a href=\"https:\/\/moverdb.com\/pt\/container-shipping\/germany\/\" data-internallinksmanager029f6b8e52c=\"118\" title=\"2026 Tarifas de frete mar\u00edtimo de cont\u00eaineres para e da Alemanha\">Alemanha (Hamburgo)<\/a><\/td><td class=\"column-2\">$1.941<\/td><td class=\"column-3\">$2,964<\/td>\n<\/tr>\n<tr class=\"row-6\">\n\t<td class=\"column-1\">EUA (Nova Iorque)<\/td><td class=\"column-2\">$1,022<\/td><td class=\"column-3\">$1,108<\/td>\n<\/tr>\n<\/tbody>\n<\/table>\n<!-- #tablepress-200 from cache -->\n\n\n\n<h3 class=\"wp-block-heading\">Notas sobre dados:<\/h3>\n\n\n\n<ul class=\"wp-block-list\"><li>Todos os n\u00fameros do $ em d\u00f3lares dos Estados Unidos (USD);<\/li><li>Taxas exatas a partir do in\u00edcio de 2022;<\/li><li>Os mapas deste artigo foram criados usando <a href=\"https:\/\/www.mapchart.net\" target=\"_blank\" rel=\"noreferrer noopener\">https:\/\/www.mapchart.net<\/a>. Voc\u00ea \u00e9 livre para compartilhar os mapas, desde que voc\u00ea forne\u00e7a um link de atribui\u00e7\u00e3o de volta para <a href=\"https:\/\/moverdb.com\/pt\/\">Mo<\/a><a href=\"https:\/\/moverdb.com\/pt\/\" target=\"_blank\" rel=\"noreferrer noopener\">v<\/a><a href=\"https:\/\/moverdb.com\/pt\/\">erDB<\/a>;<\/li><li>As taxas acima s\u00e3o apenas estimativas e podem ter mudado desde a publica\u00e7\u00e3o deste artigo (abril de 2022). Elas se baseiam na mais baixa taxa estimada de <a href=\"https:\/\/www.searates.com\" target=\"_blank\" rel=\"noreferrer noopener\">https:\/\/www.searates.com<\/a> ou <a href=\"https:\/\/www.gocomet.com\/freight-shipping-rates-index-calculator\" target=\"_blank\" rel=\"noreferrer noopener\">https:\/\/www.gocomet.com<\/a>;<\/li><li>Para ter uma id\u00e9ia mais precisa do custo para voc\u00ea, por favor use o formul\u00e1rio de or\u00e7amento no topo desta p\u00e1gina;<\/li><li>Consulte tamb\u00e9m nosso guia para <a href=\"https:\/\/moverdb.com\/pt\/transporte-de-conteineres\/\" target=\"_blank\" rel=\"noreferrer noopener\">transporte internacional de cont\u00eaineres<\/a>.<\/li><\/ul>","protected":false},"excerpt":{"rendered":"<p>Sint Maarten is one of the most prosperous island countries in the Caribbean. Being colonized by the Dutch, this tiny nation serves as one of its governorships and is well-advanced to accommodate any foreigner who wishes to move there. The mini-state is for everyone who desires a quieter life in a place where summers never [&hellip;]<\/p>\n","protected":false},"author":2,"featured_media":5064,"parent":44,"menu_order":0,"comment_status":"closed","ping_status":"closed","template":"","meta":{"_genesis_hide_title":false,"_genesis_hide_breadcrumbs":false,"_genesis_hide_singular_image":false,"_genesis_hide_footer_widgets":false,"_genesis_custom_body_class":"","_genesis_custom_post_class":"","_genesis_layout":"","footnotes":""},"class_list":{"0":"post-5275","1":"page","2":"type-page","3":"status-publish","4":"has-post-thumbnail","6":"entry"},"_links":{"self":[{"href":"https:\/\/moverdb.com\/pt\/wp-json\/wp\/v2\/pages\/5275","targetHints":{"allow":["GET"]}}],"collection":[{"href":"https:\/\/moverdb.com\/pt\/wp-json\/wp\/v2\/pages"}],"about":[{"href":"https:\/\/moverdb.com\/pt\/wp-json\/wp\/v2\/types\/page"}],"author":[{"embeddable":true,"href":"https:\/\/moverdb.com\/pt\/wp-json\/wp\/v2\/users\/2"}],"replies":[{"embeddable":true,"href":"https:\/\/moverdb.com\/pt\/wp-json\/wp\/v2\/comments?post=5275"}],"version-history":[{"count":3,"href":"https:\/\/moverdb.com\/pt\/wp-json\/wp\/v2\/pages\/5275\/revisions"}],"predecessor-version":[{"id":5294,"href":"https:\/\/moverdb.com\/pt\/wp-json\/wp\/v2\/pages\/5275\/revisions\/5294"}],"up":[{"embeddable":true,"href":"https:\/\/moverdb.com\/pt\/wp-json\/wp\/v2\/pages\/44"}],"wp:featuredmedia":[{"embeddable":true,"href":"https:\/\/moverdb.com\/pt\/wp-json\/wp\/v2\/media\/5064"}],"wp:attachment":[{"href":"https:\/\/moverdb.com\/pt\/wp-json\/wp\/v2\/media?parent=5275"}],"curies":[{"name":"wp","href":"https:\/\/api.w.org\/{rel}","templated":true}]}}