{"id":5242,"date":"2022-10-24T11:48:27","date_gmt":"2022-10-24T11:48:27","guid":{"rendered":"https:\/\/moverdb.com\/?page_id=5242"},"modified":"2026-01-08T15:29:48","modified_gmt":"2026-01-08T15:29:48","slug":"botswana","status":"publish","type":"page","link":"https:\/\/moverdb.com\/pt\/moving-companies\/botswana-moving-companies\/","title":{"rendered":"As melhores empresas de mudan\u00e7as internacionais do Botsuana"},"content":{"rendered":"<p>Voc\u00ea est\u00e1 planejando uma mudan\u00e7a dentro do Botsuana, ou para ou do Botsuana? Se voc\u00ea est\u00e1 mudando sua casa ou seu neg\u00f3cio, contratando os servi\u00e7os de um <a href=\"https:\/\/moverdb.com\/pt\/moving-companies\/\" data-internallinksmanager029f6b8e52c=\"79\" title=\"As 25 maiores empresas de mudan\u00e7as internacionais on-line\">empresa de mudan\u00e7as<\/a> pode ajudar a aliviar a carga. Para ajudar voc\u00ea, compilamos uma lista de Botsuana <a href=\"https:\/\/moverdb.com\/pt\/international-removals\/\" data-internallinksmanager029f6b8e52c=\"27\" title=\"36 melhores empresas de mudan\u00e7as internacionais no Reino Unido\">empresas de mudan\u00e7as<\/a> abaixo que s\u00e3o membros do <a href=\"https:\/\/moverdb.com\/pt\/iam\/\" data-internallinksmanager029f6b8e52c=\"23\" title=\"Associa\u00e7\u00e3o Internacional de Remotores (IAM) Explicado\">Associa\u00e7\u00e3o Internacional de Movers<\/a> (IAM) e\/ou <a href=\"https:\/\/moverdb.com\/pt\/fidi-faim\/\" data-internallinksmanager029f6b8e52c=\"16\" title=\"FIDI &amp; FAIM (FIDI Accredited International Mover) Explicado\">FIDI<\/a> Credenciada Internacional Mover (FAIM).<\/p>\n<h2><strong>AGS no mundo<\/strong><\/h2>\n<p><em><img loading=\"lazy\" decoding=\"async\" class=\"alignnone size-full wp-image-5137\" src=\"https:\/\/moverdb.com\/wp-content\/uploads\/AGS-Wroldwide-Movers-international-moving-company.png\" alt=\"AGS Wroldwide Movers empresa de mudan\u00e7as internacionais\" width=\"1440\" height=\"680\" data-wp-pid=\"5137\" srcset=\"https:\/\/moverdb.com\/wp-content\/uploads\/AGS-Wroldwide-Movers-international-moving-company.png 1440w, https:\/\/moverdb.com\/wp-content\/uploads\/AGS-Wroldwide-Movers-international-moving-company-300x142.png 300w, https:\/\/moverdb.com\/wp-content\/uploads\/AGS-Wroldwide-Movers-international-moving-company-1024x484.png 1024w, https:\/\/moverdb.com\/wp-content\/uploads\/AGS-Wroldwide-Movers-international-moving-company-18x9.png 18w, https:\/\/moverdb.com\/wp-content\/uploads\/AGS-Wroldwide-Movers-international-moving-company-600x283.png 600w\" sizes=\"auto, (max-width: 1440px) 100vw, 1440px\" \/><\/em><\/p>\n<ul>\n<li>Movimentos locais e nacionais<\/li>\n<li>Mudan\u00e7as internacionais<\/li>\n<li>Mudan\u00e7as comerciais para escrit\u00f3rios<\/li>\n<li>Mudan\u00e7as dom\u00e9sticas<\/li>\n<li>Servi\u00e7o sob medida<\/li>\n<li>Fornece um servi\u00e7o porta-a-porta<\/li>\n<li>Empacotadores treinados que operam de acordo com padr\u00f5es internacionais<\/li>\n<li>Usar materiais de embalagem inovadores<\/li>\n<li>Reloca\u00e7\u00e3o de ve\u00edculos<\/li>\n<li>Instala\u00e7\u00f5es de armazenamento seguras<\/li>\n<\/ul>\n<p>AGS Worldwide Movers \u00e9 uma empresa internacional fundada em 1974 com 146 localidades em 97 pa\u00edses que incluem Europa, \u00c1sia e \u00c1frica, incluindo Botsuana. Eles t\u00eam uma rede de parceiros nas Am\u00e9ricas e Oceania para fornecer servi\u00e7os nesses pa\u00edses. A filial do Botswana tem 41 anos de servi\u00e7os como membro do IAM e \u00e9 credenciada pelo FIDI.<\/p>\n<p>AGS Worldwide Movers fornece servi\u00e7os de mudan\u00e7a no Botsuana e em todo o mundo utilizando tecnologia de ponta para auxiliar nas cota\u00e7\u00f5es, rastreamento e entregas. Eles empregam embaladores treinados que operam de acordo com padr\u00f5es e t\u00e9cnicas internacionais de embalagem, bem como utilizam materiais de embalagem de alta qualidade. Eles tamb\u00e9m oferecem servi\u00e7os de realoca\u00e7\u00e3o de ve\u00edculos e instala\u00e7\u00f5es de armazenamento seguras.<\/p>\n<p>Website: <a href=\"https:\/\/www.agsmovers.com\" target=\"_blank\" rel=\"noopener\">https:\/\/www.agsmovers.com<\/a><\/p>","protected":false},"excerpt":{"rendered":"<p>Are you planning a move within Botswana, or to or from Botswana? Whether you are moving your home or your business, engaging the services of a moving company can help lighten the load. To assist you we have compiled a list of Botswana removal companies below that are members of the International Association of Movers [&hellip;]<\/p>\n","protected":false},"author":4,"featured_media":0,"parent":190,"menu_order":0,"comment_status":"closed","ping_status":"closed","template":"","meta":{"_genesis_hide_title":false,"_genesis_hide_breadcrumbs":false,"_genesis_hide_singular_image":false,"_genesis_hide_footer_widgets":false,"_genesis_custom_body_class":"","_genesis_custom_post_class":"","_genesis_layout":"","footnotes":""},"class_list":{"0":"post-5242","1":"page","2":"type-page","3":"status-publish","5":"entry"},"_links":{"self":[{"href":"https:\/\/moverdb.com\/pt\/wp-json\/wp\/v2\/pages\/5242","targetHints":{"allow":["GET"]}}],"collection":[{"href":"https:\/\/moverdb.com\/pt\/wp-json\/wp\/v2\/pages"}],"about":[{"href":"https:\/\/moverdb.com\/pt\/wp-json\/wp\/v2\/types\/page"}],"author":[{"embeddable":true,"href":"https:\/\/moverdb.com\/pt\/wp-json\/wp\/v2\/users\/4"}],"replies":[{"embeddable":true,"href":"https:\/\/moverdb.com\/pt\/wp-json\/wp\/v2\/comments?post=5242"}],"version-history":[{"count":1,"href":"https:\/\/moverdb.com\/pt\/wp-json\/wp\/v2\/pages\/5242\/revisions"}],"predecessor-version":[{"id":5243,"href":"https:\/\/moverdb.com\/pt\/wp-json\/wp\/v2\/pages\/5242\/revisions\/5243"}],"up":[{"embeddable":true,"href":"https:\/\/moverdb.com\/pt\/wp-json\/wp\/v2\/pages\/190"}],"wp:attachment":[{"href":"https:\/\/moverdb.com\/pt\/wp-json\/wp\/v2\/media?parent=5242"}],"curies":[{"name":"wp","href":"https:\/\/api.w.org\/{rel}","templated":true}]}}