{"id":5240,"date":"2022-10-24T11:49:20","date_gmt":"2022-10-24T11:49:20","guid":{"rendered":"https:\/\/moverdb.com\/?page_id=5240"},"modified":"2026-01-08T15:23:38","modified_gmt":"2026-01-08T15:23:38","slug":"bosnia-herzegovina","status":"publish","type":"page","link":"https:\/\/moverdb.com\/pt\/moving-companies\/bosnia-and-herzegovina-moving-companies\/","title":{"rendered":"2 Melhores Empresas de Mudan\u00e7as Internacionais na B\u00f3snia-Herzeg\u00f3vina"},"content":{"rendered":"<p>A mudan\u00e7a pode ser um momento estressante, especialmente se voc\u00ea tamb\u00e9m estiver mudando de pa\u00eds, ou seja, onde uma empresa de mudan\u00e7a ou recoloca\u00e7\u00e3o pode ajudar a aliviar parte da press\u00e3o. Para ajud\u00e1-lo, compilamos uma lista da B\u00f3snia e Herzegovina. <a href=\"https:\/\/moverdb.com\/pt\/international-removals\/\" data-internallinksmanager029f6b8e52c=\"27\" title=\"36 melhores empresas de mudan\u00e7as internacionais no Reino Unido\">empresas de mudan\u00e7as<\/a> que s\u00e3o membros do <a href=\"https:\/\/moverdb.com\/pt\/iam\/\" data-internallinksmanager029f6b8e52c=\"23\" title=\"Associa\u00e7\u00e3o Internacional de Remotores (IAM) Explicado\">Associa\u00e7\u00e3o Internacional de Movers<\/a> (IAM) que poderia lhe ajudar.<\/p>\n<h2><strong>1. AGS no mundo<\/strong><\/h2>\n<p><em><img loading=\"lazy\" decoding=\"async\" class=\"alignnone size-full wp-image-5137\" src=\"https:\/\/moverdb.com\/wp-content\/uploads\/AGS-Wroldwide-Movers-international-moving-company.png\" alt=\"AGS Wroldwide Movers empresa de mudan\u00e7as internacionais\" width=\"1440\" height=\"680\" data-wp-pid=\"5137\" srcset=\"https:\/\/moverdb.com\/wp-content\/uploads\/AGS-Wroldwide-Movers-international-moving-company.png 1440w, https:\/\/moverdb.com\/wp-content\/uploads\/AGS-Wroldwide-Movers-international-moving-company-300x142.png 300w, https:\/\/moverdb.com\/wp-content\/uploads\/AGS-Wroldwide-Movers-international-moving-company-1024x484.png 1024w, https:\/\/moverdb.com\/wp-content\/uploads\/AGS-Wroldwide-Movers-international-moving-company-18x9.png 18w, https:\/\/moverdb.com\/wp-content\/uploads\/AGS-Wroldwide-Movers-international-moving-company-600x283.png 600w\" sizes=\"auto, (max-width: 1440px) 100vw, 1440px\" \/><\/em><\/p>\n<ul>\n<li>Movimentos nacionais<\/li>\n<li>Mudan\u00e7as internacionais<\/li>\n<li>Mudan\u00e7as residenciais<\/li>\n<li>Mudan\u00e7as de escrit\u00f3rio<\/li>\n<li>Mudan\u00e7as porta-a-porta<\/li>\n<li>Pessoal treinado para embalar e transportar seus pertences<\/li>\n<li>Materiais e m\u00e9todos inovadores de embalagem<\/li>\n<li>Embalagem ambientalmente amig\u00e1vel<\/li>\n<li>Transfer\u00eancias de ve\u00edculos<\/li>\n<li>Armazenamento seguro<\/li>\n<\/ul>\n<p>AGS Worldwide Movers foi criada em 1974 e se expandiu para se tornar uma empresa internacional de mudan\u00e7as que abrange a Europa, \u00c1sia e \u00c1frica com parceiros nas Am\u00e9ricas e Oceania. Eles t\u00eam 146 filiais em 97 pa\u00edses. Eles s\u00e3o membros do IAM com 25 anos de servi\u00e7o.<\/p>\n<p>A AGS Worldwide Movers utiliza solu\u00e7\u00f5es inteligentes e de ponta para fornecer cota\u00e7\u00f5es, rastreamento e entrega mais eficazes. Eles fornecem pessoal treinado que embalar\u00e1 seus pertences com seguran\u00e7a para evitar que eles sejam danificados usando materiais e t\u00e9cnicas inovadoras de embalagem. Eles tamb\u00e9m fornecem solu\u00e7\u00f5es de transporte para ve\u00edculos e armazenamento seguro, se necess\u00e1rio.<\/p>\n<p>Website: <a href=\"http:\/\/www.agsmovers.com\" target=\"_blank\" rel=\"noopener\">http:\/\/www.agsmovers.com<\/a><\/p>\n<h2><strong>2. Intermove<\/strong><\/h2>\n<p><em><img loading=\"lazy\" decoding=\"async\" class=\"alignnone size-full wp-image-5176\" src=\"https:\/\/moverdb.com\/wp-content\/uploads\/Intermove-international-moving-company.png\" alt=\"Empresa de mudan\u00e7as internacionais Intermove\" width=\"1440\" height=\"680\" data-wp-pid=\"5176\" srcset=\"https:\/\/moverdb.com\/wp-content\/uploads\/Intermove-international-moving-company.png 1440w, https:\/\/moverdb.com\/wp-content\/uploads\/Intermove-international-moving-company-300x142.png 300w, https:\/\/moverdb.com\/wp-content\/uploads\/Intermove-international-moving-company-1024x484.png 1024w, https:\/\/moverdb.com\/wp-content\/uploads\/Intermove-international-moving-company-18x9.png 18w, https:\/\/moverdb.com\/wp-content\/uploads\/Intermove-international-moving-company-600x283.png 600w\" sizes=\"auto, (max-width: 1440px) 100vw, 1440px\" \/><\/em><\/p>\n<ul>\n<li>Movimentos locais e nacionais<\/li>\n<li>Mudan\u00e7as internacionais<\/li>\n<li>Mudan\u00e7as dom\u00e9sticas<\/li>\n<li>Mudan\u00e7as de empresas<\/li>\n<li>Empacotadores altamente qualificados<\/li>\n<li>Servi\u00e7os de embalagem e desempacotamento<\/li>\n<li>Log\u00edstica de embarque<\/li>\n<li>Desembara\u00e7o aduaneiro<\/li>\n<li>Seguros<\/li>\n<li>Instala\u00e7\u00f5es de armazenamento<\/li>\n<\/ul>\n<p>A Intermove \u00e9 uma empresa de mudan\u00e7as que foi criada em 1996 para ajudar fam\u00edlias e empresas a se mudarem. Eles prestam seus servi\u00e7os na B\u00f3snia-Herzeg\u00f3vina, bem como para aqueles que desejam se mudar para ou de l\u00e1. Eles s\u00e3o membros do IAM com 26 anos de servi\u00e7o.<\/p>\n<p>A Intermove fornece embaladores altamente qualificados treinados em m\u00e9todos de embalagem internacionais e utilizar\u00e1 materiais de alta qualidade para proteger seus bens. Eles embalar\u00e3o seus pertences e providenciar\u00e3o o envio dos mesmos, incluindo qualquer desalfandegamento e desembalagem. Eles fornecer\u00e3o seguro, busca domiciliar, orienta\u00e7\u00e3o de \u00e1rea e a op\u00e7\u00e3o de solu\u00e7\u00f5es flex\u00edveis de armazenamento.<\/p>\n<p>Website: <a href=\"http:\/\/www.intermovebosnia.com\" target=\"_blank\" rel=\"noopener\">http:\/\/www.intermovebosnia.com<\/a><\/p>","protected":false},"excerpt":{"rendered":"<p>Moving can be a stressful time especially if you are moving countries as well, that is where a moving or relocation company can help relieve some of the pressure. To help you we have compiled a list of Bosnia and Herzegovina removal companies that are members of the International Association of Movers (IAM) who could [&hellip;]<\/p>\n","protected":false},"author":4,"featured_media":0,"parent":190,"menu_order":0,"comment_status":"closed","ping_status":"closed","template":"","meta":{"_genesis_hide_title":false,"_genesis_hide_breadcrumbs":false,"_genesis_hide_singular_image":false,"_genesis_hide_footer_widgets":false,"_genesis_custom_body_class":"","_genesis_custom_post_class":"","_genesis_layout":"","footnotes":""},"class_list":{"0":"post-5240","1":"page","2":"type-page","3":"status-publish","5":"entry","6":"has-post-thumbnail"},"_links":{"self":[{"href":"https:\/\/moverdb.com\/pt\/wp-json\/wp\/v2\/pages\/5240","targetHints":{"allow":["GET"]}}],"collection":[{"href":"https:\/\/moverdb.com\/pt\/wp-json\/wp\/v2\/pages"}],"about":[{"href":"https:\/\/moverdb.com\/pt\/wp-json\/wp\/v2\/types\/page"}],"author":[{"embeddable":true,"href":"https:\/\/moverdb.com\/pt\/wp-json\/wp\/v2\/users\/4"}],"replies":[{"embeddable":true,"href":"https:\/\/moverdb.com\/pt\/wp-json\/wp\/v2\/comments?post=5240"}],"version-history":[{"count":1,"href":"https:\/\/moverdb.com\/pt\/wp-json\/wp\/v2\/pages\/5240\/revisions"}],"predecessor-version":[{"id":5241,"href":"https:\/\/moverdb.com\/pt\/wp-json\/wp\/v2\/pages\/5240\/revisions\/5241"}],"up":[{"embeddable":true,"href":"https:\/\/moverdb.com\/pt\/wp-json\/wp\/v2\/pages\/190"}],"wp:attachment":[{"href":"https:\/\/moverdb.com\/pt\/wp-json\/wp\/v2\/media?parent=5240"}],"curies":[{"name":"wp","href":"https:\/\/api.w.org\/{rel}","templated":true}]}}